{"id":5844,"date":"2018-11-07T09:45:43","date_gmt":"2018-11-07T09:45:43","guid":{"rendered":"https:\/\/cancerfertilityandme.org.uk\/decisions-de-planification-familiale-apres-un-traitement-anticancereux\/"},"modified":"2026-03-06T14:07:03","modified_gmt":"2026-03-06T14:07:03","slug":"decisions-de-planification-familiale-apres-un-traitement-anticancereux","status":"publish","type":"page","link":"https:\/\/cancerfertilityandme.org.uk\/fr\/femmes-adultes\/contraception-et-planification-familiale\/decisions-de-planification-familiale-apres-un-traitement-anticancereux\/","title":{"rendered":"D\u00e9cisions de planification familiale apr\u00e8s un traitement anticanc\u00e9reux"},"content":{"rendered":"\t\t<div data-elementor-type=\"wp-page\" data-elementor-id=\"5844\" class=\"elementor elementor-5844 elementor-5547\" data-elementor-post-type=\"page\">\n\t\t\t\t<main class=\"elementor-element elementor-element-1b5f8afe e-flex e-con-boxed e-con e-parent\" data-id=\"1b5f8afe\" data-element_type=\"container\" data-e-type=\"container\">\n\t\t\t\t\t<div class=\"e-con-inner\">\n\t\t<div class=\"elementor-element elementor-element-66cad302 e-con-full e-flex e-con e-child\" data-id=\"66cad302\" data-element_type=\"container\" data-e-type=\"container\">\n\t\t\t\t<div class=\"elementor-element elementor-element-6fc219e elementor-widget elementor-widget-text-editor\" data-id=\"6fc219e\" data-element_type=\"widget\" data-e-type=\"widget\" data-widget_type=\"text-editor.default\">\n\t\t\t\t<div class=\"elementor-widget-container\">\n\t\t\t\t\t\t\t\t\t<h2>D\u00e9cisions de planification familiale apr\u00e8s un traitement anticanc\u00e9reux<\/h2><p>Certaines femmes ont du mal \u00e0 savoir si elles veulent concevoir apr\u00e8s un diagnostic de cancer . En effet, elles doivent prendre les d\u00e9cisions de gestion de la fertilit\u00e9 qui conviennent le mieux \u00e0 leur vie actuelle. Celles-ci comprennent des tests pour v\u00e9rifier leur fertilit\u00e9, le choix d\u2019une m\u00e9thode contraceptive et la planification de leur future famille. Ceci est illustr\u00e9 dans l\u2019image ci-dessous.   <\/p><p>Il est difficile de pr\u00e9dire de quelle mani\u00e8re le traitement anticanc\u00e9reux affectera votre fertilit\u00e9. Vous pouvez demander \u00e0 votre \u00e9quipe de canc\u00e9rologie ou \u00e0 votre m\u00e9decin g\u00e9n\u00e9raliste de vous orienter vers une clinique de fertilit\u00e9. L\u2019\u00e9quipe de soins de fertilit\u00e9 peut v\u00e9rifier votre fertilit\u00e9 gr\u00e2ce \u00e0 une s\u00e9rie de tests. Ceux-ci incluent des analyses de sang pour v\u00e9rifier vos niveaux d\u2019hormone ou une \u00e9chographie des ovaires.   <\/p><p>Apr\u00e8s avoir termin\u00e9 leur traitement anticanc\u00e9reux, certaines femmes d\u00e9cident de ne pas avoir d\u2019autre enfant, pendant que d\u2019autres choisissent de ne pas en avoir du tout. Votre fertilit\u00e9 peut revenir naturellement par la suite. Votre fertilit\u00e9 peut revenir naturellement par la suite. Les femmes qui suivent un traitement anticanc\u00e9reux ne conna\u00eetront pas toutes un probl\u00e8me de fertilit\u00e9 par la suite. M\u00eame si vos r\u00e8gles n\u2019ont pas recommenc\u00e9, vous pouvez quand m\u00eame produire des ovules et concevoir. Il est conseill\u00e9 de discuter de ces diff\u00e9rentes m\u00e9thodes de contraception disponibles avec votre \u00e9quipe de canc\u00e9rologie. Ils peuvent vous conseiller sur les options et le type de contraception qui vous conviennent le mieux. Il est conseill\u00e9 de compter deux ans apr\u00e8s la fin de votre traitement anticanc\u00e9reux avant d\u2019essayer d\u2019avoir un b\u00e9b\u00e9.      <\/p><p>Il n\u2019existe aucune donn\u00e9e sugg\u00e9rant que la grossesse affecte les risques de r\u00e9cidive d\u2019un cancer. Il n\u2019existe aucune donn\u00e9e sugg\u00e9rant que la sant\u00e9 des enfants n\u00e9s \u00e0 l\u2019issue des traitements anticanc\u00e9reux soit affect\u00e9e. Si vous envisagez une grossesse, parlez-en \u00e0 votre \u00e9quipe de soins anticanc\u00e9reux.  <\/p>\t\t\t\t\t\t\t\t<\/div>\n\t\t\t\t<\/div>\n\t\t\t\t<div class=\"elementor-element elementor-element-6f05f21 elementor-widget elementor-widget-image\" data-id=\"6f05f21\" data-element_type=\"widget\" data-e-type=\"widget\" data-widget_type=\"image.default\">\n\t\t\t\t<div class=\"elementor-widget-container\">\n\t\t\t\t\t\t\t\t\t\t\t\t\t\t\t<img fetchpriority=\"high\" decoding=\"async\" width=\"800\" height=\"405\" src=\"https:\/\/cancerfertilityandme.org.uk\/wp-content\/uploads\/FR-06-2-1024x518.png\" class=\"attachment-large size-large wp-image-5582\" alt=\"D\u00e9cisions de planification familiale apr\u00e8s un traitement anticanc\u00e9reux\" srcset=\"https:\/\/cancerfertilityandme.org.uk\/wp-content\/uploads\/FR-06-2-1024x518.png 1024w, https:\/\/cancerfertilityandme.org.uk\/wp-content\/uploads\/FR-06-2-300x152.png 300w, https:\/\/cancerfertilityandme.org.uk\/wp-content\/uploads\/FR-06-2-768x389.png 768w, https:\/\/cancerfertilityandme.org.uk\/wp-content\/uploads\/FR-06-2.png 1045w\" sizes=\"(max-width: 800px) 100vw, 800px\" \/>\t\t\t\t\t\t\t\t\t\t\t\t\t\t\t<\/div>\n\t\t\t\t<\/div>\n\t\t<div class=\"elementor-element elementor-element-2a6a4012 e-con-full e-flex e-con e-child\" data-id=\"2a6a4012\" data-element_type=\"container\" data-e-type=\"container\" data-settings=\"{&quot;background_background&quot;:&quot;classic&quot;}\">\n\t\t\t\t<div class=\"elementor-element elementor-element-1e7ea23e elementor-widget elementor-widget-text-editor\" data-id=\"1e7ea23e\" data-element_type=\"widget\" data-e-type=\"widget\" data-widget_type=\"text-editor.default\">\n\t\t\t\t<div class=\"elementor-widget-container\">\n\t\t\t\t\t\t\t\t\t<p>Les femmes qui suivent un traitement anticanc\u00e9reux ne conna\u00eetront pas toutes un probl\u00e8me de fertilit\u00e9 par la suite ; en effet, la plupart des femmes qui souhaitent avoir un b\u00e9b\u00e9 \u00e0 l\u2019issue des traitements anticanc\u00e9reux sont tout \u00e0 fait capables de concevoir naturellement. Certaines femmes sont confront\u00e9es \u00e0 une perte permanente de leur fertilit\u00e9 \u00e0 l\u2019issue des traitements anticanc\u00e9reux, ce qui est d\u2019autant plus bouleversant et difficile \u00e0 accepter que cela peut arriver juste au moment o\u00f9 elles envisagent de fonder une famille, ou encore avant que leur famille ne soit compl\u00e8te.   <\/p><p>Si tel est votre cas, il peut \u00eatre utile de consulter un professionnel faisant partie de votre \u00e9quipe de soins de fertilit\u00e9. En plus d\u2019offrir un soutien \u00e9motionnel, ils seront en mesure de vous renseigner sur d\u2019autres options, en l\u2019occurrence sur la maternit\u00e9 de substitution, l\u2019adoption et le placement familial. Ils peuvent \u00e9galement vous conseiller sur les m\u00e9thodes de grossesses assist\u00e9es telles que les ovules et les embryons de donneuses ou m\u00eame sur l\u2019utilisation de vos propres ovules, embryons et tissus ovariens conserv\u00e9s.   <\/p><p>Le site Web de HFEA <a href=\"http:\/\/www.hfea.gov.uk\" target=\"_blank\" rel=\"noopener\">www.hfea.gov.uk<\/a> contient plus d\u2019informations sur le don d\u2019ovules ou d\u2019embryons et la maternit\u00e9 de substitution.<\/p><p>Les organisations \u00e9num\u00e9r\u00e9es <a href=\"\/more-information\/useful-contacts\">ici <\/a>fournissent des informations et un soutien aux personnes int\u00e9ress\u00e9es par le placement et l\u2019adoption.<br><\/p>\t\t\t\t\t\t\t\t<\/div>\n\t\t\t\t<\/div>\n\t\t\t\t<\/div>\n\t\t\t\t<\/div>\n\t\t<div class=\"elementor-element elementor-element-1e61a2ee e-con-full e-flex e-con e-child\" data-id=\"1e61a2ee\" data-element_type=\"container\" data-e-type=\"container\">\n\t\t<div class=\"elementor-element elementor-element-b3d86be e-con-full e-flex e-con e-child\" data-id=\"b3d86be\" data-element_type=\"container\" data-e-type=\"container\">\n\t\t\t\t<div class=\"elementor-element elementor-element-55e6f149 elementor-widget elementor-widget-image\" data-id=\"55e6f149\" data-element_type=\"widget\" data-e-type=\"widget\" data-widget_type=\"image.default\">\n\t\t\t\t<div class=\"elementor-widget-container\">\n\t\t\t\t\t\t\t\t\t\t\t\t\t\t\t\t<a href=\"http:\/\/.\/\">\n\t\t\t\t\t\t\t<img decoding=\"async\" width=\"400\" height=\"440\" src=\"https:\/\/cancerfertilityandme.org.uk\/wp-content\/uploads\/cancerfertilityandme-logo-column-adult-women.png\" class=\"attachment-full size-full wp-image-2280\" alt=\"\" srcset=\"https:\/\/cancerfertilityandme.org.uk\/wp-content\/uploads\/cancerfertilityandme-logo-column-adult-women.png 400w, https:\/\/cancerfertilityandme.org.uk\/wp-content\/uploads\/cancerfertilityandme-logo-column-adult-women-273x300.png 273w\" sizes=\"(max-width: 400px) 100vw, 400px\" \/>\t\t\t\t\t\t\t\t<\/a>\n\t\t\t\t\t\t\t\t\t\t\t\t\t\t\t<\/div>\n\t\t\t\t<\/div>\n\t\t\t\t<\/div>\n\t\t<div class=\"elementor-element elementor-element-6a74b93f e-con-full e-flex e-con e-child\" data-id=\"6a74b93f\" data-element_type=\"container\" data-e-type=\"container\">\n\t\t\t\t<div class=\"elementor-element elementor-element-35d6e3bd elementor-widget elementor-widget-heading\" data-id=\"35d6e3bd\" data-element_type=\"widget\" data-e-type=\"widget\" data-widget_type=\"heading.default\">\n\t\t\t\t<div class=\"elementor-widget-container\">\n\t\t\t\t\t<h3 class=\"elementor-heading-title elementor-size-default\">Suivez ces liens pour plus d\u2019informations<\/h3>\t\t\t\t<\/div>\n\t\t\t\t<\/div>\n\t\t\t\t<div class=\"elementor-element elementor-element-40d6bd8b elementor-nav-menu--dropdown-none elementor-widget elementor-widget-nav-menu\" data-id=\"40d6bd8b\" data-element_type=\"widget\" data-e-type=\"widget\" data-settings=\"{&quot;layout&quot;:&quot;vertical&quot;,&quot;submenu_icon&quot;:{&quot;value&quot;:&quot;&lt;svg aria-hidden=\\&quot;true\\&quot; class=\\&quot;e-font-icon-svg e-fas-caret-down\\&quot; viewBox=\\&quot;0 0 320 512\\&quot; xmlns=\\&quot;http:\\\/\\\/www.w3.org\\\/2000\\\/svg\\&quot;&gt;&lt;path d=\\&quot;M31.3 192h257.3c17.8 0 26.7 21.5 14.1 34.1L174.1 354.8c-7.8 7.8-20.5 7.8-28.3 0L17.2 226.1C4.6 213.5 13.5 192 31.3 192z\\&quot;&gt;&lt;\\\/path&gt;&lt;\\\/svg&gt;&quot;,&quot;library&quot;:&quot;fa-solid&quot;}}\" data-widget_type=\"nav-menu.default\">\n\t\t\t\t<div class=\"elementor-widget-container\">\n\t\t\t\t\t\t\t\t<nav aria-label=\"Menu\" class=\"elementor-nav-menu--main elementor-nav-menu__container elementor-nav-menu--layout-vertical e--pointer-none\">\n\t\t\t\t<ul id=\"menu-1-40d6bd8b\" class=\"elementor-nav-menu sm-vertical\"><li class=\"menu-item menu-item-type-post_type menu-item-object-page menu-item-6971\"><a href=\"https:\/\/cancerfertilityandme.org.uk\/adult-women\/contraception-family-planning\/\" class=\"elementor-item\">Contraception et planification familiale<\/a><\/li>\n<li class=\"menu-item menu-item-type-post_type menu-item-object-page menu-item-6972\"><a href=\"https:\/\/cancerfertilityandme.org.uk\/adult-women\/contraception-family-planning\/contraception-during-cancer-treatment\/\" class=\"elementor-item\">Contraception pendant le traitement anticanc\u00e9reux<\/a><\/li>\n<li class=\"menu-item menu-item-type-post_type menu-item-object-page menu-item-6973\"><a href=\"https:\/\/cancerfertilityandme.org.uk\/adult-women\/contraception-family-planning\/family-planning-decisions-after-cancer-treatment\/\" class=\"elementor-item\">D\u00e9cisions de planification familiale apr\u00e8s un traitement anticanc\u00e9reux<\/a><\/li>\n<li class=\"menu-item menu-item-type-post_type menu-item-object-page menu-item-8692\"><a href=\"https:\/\/cancerfertilityandme.org.uk\/adult-women\/making-your-fertility-preservation-decision\/questions-to-ask-your-cancer-care-team-or-gp\/\" class=\"elementor-item\">Questions \u00e0 poser \u00e0 votre \u00e9quipe de canc\u00e9rologie ou \u00e0 votre m\u00e9decin g\u00e9n\u00e9raliste<\/a><\/li>\n<\/ul>\t\t\t<\/nav>\n\t\t\t\t\t\t<nav class=\"elementor-nav-menu--dropdown elementor-nav-menu__container\" aria-hidden=\"true\">\n\t\t\t\t<ul id=\"menu-2-40d6bd8b\" class=\"elementor-nav-menu sm-vertical\"><li class=\"menu-item menu-item-type-post_type menu-item-object-page menu-item-6971\"><a href=\"https:\/\/cancerfertilityandme.org.uk\/adult-women\/contraception-family-planning\/\" class=\"elementor-item\" tabindex=\"-1\">Contraception et planification familiale<\/a><\/li>\n<li class=\"menu-item menu-item-type-post_type menu-item-object-page menu-item-6972\"><a href=\"https:\/\/cancerfertilityandme.org.uk\/adult-women\/contraception-family-planning\/contraception-during-cancer-treatment\/\" class=\"elementor-item\" tabindex=\"-1\">Contraception pendant le traitement anticanc\u00e9reux<\/a><\/li>\n<li class=\"menu-item menu-item-type-post_type menu-item-object-page menu-item-6973\"><a href=\"https:\/\/cancerfertilityandme.org.uk\/adult-women\/contraception-family-planning\/family-planning-decisions-after-cancer-treatment\/\" class=\"elementor-item\" tabindex=\"-1\">D\u00e9cisions de planification familiale apr\u00e8s un traitement anticanc\u00e9reux<\/a><\/li>\n<li class=\"menu-item menu-item-type-post_type menu-item-object-page menu-item-8692\"><a href=\"https:\/\/cancerfertilityandme.org.uk\/adult-women\/making-your-fertility-preservation-decision\/questions-to-ask-your-cancer-care-team-or-gp\/\" class=\"elementor-item\" tabindex=\"-1\">Questions \u00e0 poser \u00e0 votre \u00e9quipe de canc\u00e9rologie ou \u00e0 votre m\u00e9decin g\u00e9n\u00e9raliste<\/a><\/li>\n<\/ul>\t\t\t<\/nav>\n\t\t\t\t\t\t<\/div>\n\t\t\t\t<\/div>\n\t\t\t\t<\/div>\n\t\t\t\t<\/div>\n\t\t\t\t\t<\/div>\n\t\t\t\t<\/main>\n\t\t\t\t<\/div>\n\t\t","protected":false},"excerpt":{"rendered":"<p>D\u00e9cisions de planification familiale apr\u00e8s un traitement anticanc\u00e9reux Certaines femmes ont du mal \u00e0 savoir si elles veulent concevoir apr\u00e8s un diagnostic de cancer . En effet, elles doivent prendre les d\u00e9cisions de gestion de la fertilit\u00e9 qui conviennent le mieux \u00e0 leur vie actuelle. Celles-ci comprennent des tests pour v\u00e9rifier leur fertilit\u00e9, le choix [&hellip;]<\/p>\n","protected":false},"author":1,"featured_media":5550,"parent":5874,"menu_order":0,"comment_status":"closed","ping_status":"open","template":"","meta":{"footnotes":""},"class_list":["post-5844","page","type-page","status-publish","has-post-thumbnail","hentry"],"_links":{"self":[{"href":"https:\/\/cancerfertilityandme.org.uk\/fr\/wp-json\/wp\/v2\/pages\/5844","targetHints":{"allow":["GET"]}}],"collection":[{"href":"https:\/\/cancerfertilityandme.org.uk\/fr\/wp-json\/wp\/v2\/pages"}],"about":[{"href":"https:\/\/cancerfertilityandme.org.uk\/fr\/wp-json\/wp\/v2\/types\/page"}],"author":[{"embeddable":true,"href":"https:\/\/cancerfertilityandme.org.uk\/fr\/wp-json\/wp\/v2\/users\/1"}],"replies":[{"embeddable":true,"href":"https:\/\/cancerfertilityandme.org.uk\/fr\/wp-json\/wp\/v2\/comments?post=5844"}],"version-history":[{"count":7,"href":"https:\/\/cancerfertilityandme.org.uk\/fr\/wp-json\/wp\/v2\/pages\/5844\/revisions"}],"predecessor-version":[{"id":11087,"href":"https:\/\/cancerfertilityandme.org.uk\/fr\/wp-json\/wp\/v2\/pages\/5844\/revisions\/11087"}],"up":[{"embeddable":true,"href":"https:\/\/cancerfertilityandme.org.uk\/fr\/wp-json\/wp\/v2\/pages\/5874"}],"wp:featuredmedia":[{"embeddable":true,"href":"https:\/\/cancerfertilityandme.org.uk\/fr\/wp-json\/wp\/v2\/media\/5550"}],"wp:attachment":[{"href":"https:\/\/cancerfertilityandme.org.uk\/fr\/wp-json\/wp\/v2\/media?parent=5844"}],"curies":[{"name":"wp","href":"https:\/\/api.w.org\/{rel}","templated":true}]}}