{"id":5834,"date":"2018-11-07T09:43:36","date_gmt":"2018-11-07T09:43:36","guid":{"rendered":"https:\/\/cancerfertilityandme.org.uk\/prendre-ma-decision-de-preservation-de-la-fertilite\/"},"modified":"2026-03-30T09:55:27","modified_gmt":"2026-03-30T09:55:27","slug":"prendre-ma-decision-de-preservation-de-la-fertilite","status":"publish","type":"page","link":"https:\/\/cancerfertilityandme.org.uk\/fr\/femmes-adultes\/prendre-ma-decision-de-preservation-de-la-fertilite\/","title":{"rendered":"Prendre ma d\u00e9cision de pr\u00e9servation de la fertilit\u00e9"},"content":{"rendered":"\t\t<div data-elementor-type=\"wp-page\" data-elementor-id=\"5834\" class=\"elementor elementor-5834 elementor-5465\" data-elementor-post-type=\"page\">\n\t\t\t\t<main class=\"elementor-element elementor-element-62f1e19 e-flex e-con-boxed e-con e-parent\" data-id=\"62f1e19\" data-element_type=\"container\" data-e-type=\"container\">\n\t\t\t\t\t<div class=\"e-con-inner\">\n\t\t<div class=\"elementor-element elementor-element-6f7e053a e-con-full e-flex e-con e-child\" data-id=\"6f7e053a\" data-element_type=\"container\" data-e-type=\"container\">\n\t\t\t\t<div class=\"elementor-element elementor-element-4916e973 elementor-widget elementor-widget-text-editor\" data-id=\"4916e973\" data-element_type=\"widget\" data-e-type=\"widget\" data-widget_type=\"text-editor.default\">\n\t\t\t\t<div class=\"elementor-widget-container\">\n\t\t\t\t\t\t\t\t\t<h2>Prendre une d\u00e9cision de pr\u00e9servation de votre fertilit\u00e9 avant de commencer un traitement contre le cancer.<\/h2><h3>Cette section a pour but de vous aider \u00e0 d\u00e9cider si vous souhaitez :<\/h3><p><strong>\u2022 Recourir \u00e0 une proc\u00e9dure de pr\u00e9servation de la fertilit\u00e9 avant de commencer un traitement anticanc\u00e9reux, ou<\/strong><\/p><p><strong>\u2022 Commencer un traitement anticanc\u00e9reux sans avoir recours \u00e0 un traitement de pr\u00e9servation de la fertilit\u00e9 quelconque.<\/strong><\/p><p>Certaines femmes savent d\u2019embl\u00e9e si elles souhaitent entamer une proc\u00e9dure de pr\u00e9servation de leur fertilit\u00e9 ou non. Pour d\u2019autres femmes, la d\u00e9cision est plus difficile \u00e0 prendre. Il n\u2019y a pas de \u201cbonne\u201d ou de \u201cmauvaise\u201d d\u00e9cision. Votre d\u00e9cision d\u00e9pend de ce qui vous importe le plus actuellement. Elle d\u00e9pend de vos projets de vie apr\u00e8s votre traitement anticanc\u00e9reux.    <\/p><h3>D\u00e9cider de recourir ou non \u00e0 la pr\u00e9servation de la fertilit\u00e9 avant le traitement du cancer<\/h3><p>Au moment de d\u00e9cider de recourir ou non \u00e0 la pr\u00e9servation de la fertilit\u00e9 avant un traitement anticanc\u00e9reux, il peut \u00eatre utile de lire chacune des quatre affirmations ci-dessous et d\u2019y r\u00e9fl\u00e9chir en fonction de ce qui compte le plus pour vous. Par exemple, qu\u2019est-ce qui, pour vous, est : <\/p><ol><li><strong>Sans importance<\/strong><\/li><li><strong>Peu important<\/strong><\/li><li><strong>Plut\u00f4t important<\/strong><\/li><li><strong>Tr\u00e8s important<\/strong><\/li><\/ol>\t\t\t\t\t\t\t\t<\/div>\n\t\t\t\t<\/div>\n\t\t\t\t<div class=\"elementor-element elementor-element-fbac137 elementor-widget elementor-widget-image\" data-id=\"fbac137\" data-element_type=\"widget\" data-e-type=\"widget\" data-widget_type=\"image.default\">\n\t\t\t\t<div class=\"elementor-widget-container\">\n\t\t\t\t\t\t\t\t\t\t\t\t\t\t\t<img fetchpriority=\"high\" decoding=\"async\" width=\"800\" height=\"456\" src=\"https:\/\/cancerfertilityandme.org.uk\/wp-content\/uploads\/FR-07-2.png\" class=\"attachment-large size-large wp-image-10936\" alt=\"\" srcset=\"https:\/\/cancerfertilityandme.org.uk\/wp-content\/uploads\/FR-07-2.png 1000w, https:\/\/cancerfertilityandme.org.uk\/wp-content\/uploads\/FR-07-2-300x171.png 300w, https:\/\/cancerfertilityandme.org.uk\/wp-content\/uploads\/FR-07-2-768x438.png 768w\" sizes=\"(max-width: 800px) 100vw, 800px\" \/>\t\t\t\t\t\t\t\t\t\t\t\t\t\t\t<\/div>\n\t\t\t\t<\/div>\n\t\t\t\t<div class=\"elementor-element elementor-element-3bc50ee elementor-widget elementor-widget-text-editor\" data-id=\"3bc50ee\" data-element_type=\"widget\" data-e-type=\"widget\" data-widget_type=\"text-editor.default\">\n\t\t\t\t<div class=\"elementor-widget-container\">\n\t\t\t\t\t\t\t\t\tVous pouvez \u00e9galement le compl\u00e9ter avec l\u2019aide de votre \u00e9quipe de soins anticanc\u00e9reux et votre \u00e9quipe de soins de fertilit\u00e9, votre partenaire, votre famille et vos amis.\n\n<hr>\n\nRemarque: si vous souhaitez noter vos r\u00e9ponses sur une version imprim\u00e9e, vous pouvez la <a href=\"\/wp-content\/uploads\/p25-CFM-Decision-Aid-12Sept19a.pdf\" target=\"_blank\" rel=\"noopener noreferrer\">t\u00e9l\u00e9charger au format PDF ici<\/a>. Pour obtenir une version imprim\u00e9e de l\u2019aide \u00e0 la d\u00e9cision du patient Cancer, Fertility and Me vous pouvez \u00e9galement la <a href=\"https:\/\/cancerfertilityandme.org.uk\/fr\/femmes-adultes\/autres-informations-et-contacts-utiles\/telechargez-la-brochure-cfm-en-anglais\/\" rel=\"noopener noreferrer\">t\u00e9l\u00e9charger ici<\/a>.\n\n<hr>\n\n<h3>D\u00e9cider quelle option de pr\u00e9servation de la fertilit\u00e9 est la meilleure pour moi<\/h3>\nLes options de pr\u00e9servation de la fertilit\u00e9 sont\n<ul>\n \t<li>Aucune pr\u00e9servation de la fertilit\u00e9<\/li>\n \t<li>Cong\u00e9lation<\/li>\n \t<li>Suppression de la fonction ovarienne<\/li>\n \t<li>Techniques \u00e9conomes en fertilit\u00e9 sp\u00e9cifiques \u00e0 certains cancers<\/li>\n<\/ul>\nPour en savoir plus sur ces options, <a href=\"https:\/\/cancerfertilityandme.org.uk\/fr\/femmes-adultes\/les-options-de-preservation-de-la-fertilite-2\/\">cliquez ici<\/a>. Le <a href=\"\/summary\">tableau r\u00e9capitulatif<\/a> compare les diff\u00e9rentes options de pr\u00e9servation de la fertilit\u00e9 \n\nVous trouverez ci-dessous une liste des diff\u00e9rentes options de pr\u00e9servation de la fertilit\u00e9. R\u00e9fl\u00e9chissez bien \u00e0 votre r\u00e9ponse pour chaque option. \n\nL\u2019accomplissement de cette t\u00e2che peut vous aider \u00e0 choisir l\u2019option de pr\u00e9servation de la fertilit\u00e9 la mieux adapt\u00e9e \u00e0 votre mode de vie actuel. Il pourrait \u00eatre utile de discuter de vos choix avec votre \u00e9quipe de soins anticanc\u00e9reux et votre \u00e9quipe de soins de fertilit\u00e9, votre partenaire, votre famille et vos amis. \n\n<strong>Dans quelle mesure \u00eates-vous susceptible d\u2019envisager chacune de ces options de traitement de pr\u00e9servation de la fertilit\u00e9?<\/strong>\t\t\t\t\t\t\t\t<\/div>\n\t\t\t\t<\/div>\n\t\t\t\t<div class=\"elementor-element elementor-element-90f840d elementor-widget elementor-widget-image\" data-id=\"90f840d\" data-element_type=\"widget\" data-e-type=\"widget\" data-widget_type=\"image.default\">\n\t\t\t\t<div class=\"elementor-widget-container\">\n\t\t\t\t\t\t\t\t\t\t\t\t\t\t\t<img decoding=\"async\" width=\"800\" height=\"411\" src=\"https:\/\/cancerfertilityandme.org.uk\/wp-content\/uploads\/FR-10-1-1024x526.png\" class=\"attachment-large size-large wp-image-10943\" alt=\"\" srcset=\"https:\/\/cancerfertilityandme.org.uk\/wp-content\/uploads\/FR-10-1-1024x526.png 1024w, https:\/\/cancerfertilityandme.org.uk\/wp-content\/uploads\/FR-10-1-300x154.png 300w, https:\/\/cancerfertilityandme.org.uk\/wp-content\/uploads\/FR-10-1-768x395.png 768w, https:\/\/cancerfertilityandme.org.uk\/wp-content\/uploads\/FR-10-1.png 1167w\" sizes=\"(max-width: 800px) 100vw, 800px\" \/>\t\t\t\t\t\t\t\t\t\t\t\t\t\t\t<\/div>\n\t\t\t\t<\/div>\n\t\t\t\t<div class=\"elementor-element elementor-element-16a2016 elementor-widget elementor-widget-text-editor\" data-id=\"16a2016\" data-element_type=\"widget\" data-e-type=\"widget\" data-widget_type=\"text-editor.default\">\n\t\t\t\t<div class=\"elementor-widget-container\">\n\t\t\t\t\t\t\t\t\t<hr><p>Remarque: si vous souhaitez noter vos r\u00e9ponses sur une version imprim\u00e9e, vous pouvez la <a href=\"\/wp-content\/uploads\/2019\/08\/CFM-Decision-Aid-p26.pdf\" target=\"_blank\" rel=\"noopener noreferrer\">t\u00e9l\u00e9charger au format PDF ici<\/a>. Pour obtenir une version imprim\u00e9e de l\u2019aide \u00e0 la d\u00e9cision du patient Cancer, Fertility and Me vous pouvez \u00e9galement la <a href=\"\/wp-content\/uploads\/2019\/09\/CFM-Decision-Aid-12Sept19-WEB.pdf\" target=\"_blank\" rel=\"noopener noreferrer\">t\u00e9l\u00e9charger ici<\/a>.<\/p><hr>\t\t\t\t\t\t\t\t<\/div>\n\t\t\t\t<\/div>\n\t\t\t\t<\/div>\n\t\t<div class=\"elementor-element elementor-element-b8f2663 e-con-full e-flex e-con e-child\" data-id=\"b8f2663\" data-element_type=\"container\" data-e-type=\"container\">\n\t\t<div class=\"elementor-element elementor-element-42e60fb4 e-con-full e-flex e-con e-child\" data-id=\"42e60fb4\" data-element_type=\"container\" data-e-type=\"container\">\n\t\t\t\t<div class=\"elementor-element elementor-element-20c053d6 elementor-widget elementor-widget-image\" data-id=\"20c053d6\" data-element_type=\"widget\" data-e-type=\"widget\" data-widget_type=\"image.default\">\n\t\t\t\t<div class=\"elementor-widget-container\">\n\t\t\t\t\t\t\t\t\t\t\t\t\t\t\t\t<a href=\"http:\/\/.\/\">\n\t\t\t\t\t\t\t<img decoding=\"async\" width=\"400\" height=\"440\" src=\"https:\/\/cancerfertilityandme.org.uk\/wp-content\/uploads\/cancerfertilityandme-logo-column-adult-women.png\" class=\"attachment-full size-full wp-image-2280\" alt=\"\" srcset=\"https:\/\/cancerfertilityandme.org.uk\/wp-content\/uploads\/cancerfertilityandme-logo-column-adult-women.png 400w, https:\/\/cancerfertilityandme.org.uk\/wp-content\/uploads\/cancerfertilityandme-logo-column-adult-women-273x300.png 273w\" sizes=\"(max-width: 400px) 100vw, 400px\" \/>\t\t\t\t\t\t\t\t<\/a>\n\t\t\t\t\t\t\t\t\t\t\t\t\t\t\t<\/div>\n\t\t\t\t<\/div>\n\t\t\t\t<\/div>\n\t\t<div class=\"elementor-element elementor-element-6c8c8587 e-con-full e-flex e-con e-child\" data-id=\"6c8c8587\" data-element_type=\"container\" data-e-type=\"container\">\n\t\t\t\t<div class=\"elementor-element elementor-element-461ba2dd elementor-widget elementor-widget-heading\" data-id=\"461ba2dd\" data-element_type=\"widget\" data-e-type=\"widget\" data-widget_type=\"heading.default\">\n\t\t\t\t<div class=\"elementor-widget-container\">\n\t\t\t\t\t<h3 class=\"elementor-heading-title elementor-size-default\">Suivez ces liens pour plus d\u2019informations<\/h3>\t\t\t\t<\/div>\n\t\t\t\t<\/div>\n\t\t\t\t<div class=\"elementor-element elementor-element-6b5002db elementor-nav-menu--dropdown-none elementor-widget elementor-widget-nav-menu\" data-id=\"6b5002db\" data-element_type=\"widget\" data-e-type=\"widget\" data-settings=\"{&quot;layout&quot;:&quot;vertical&quot;,&quot;submenu_icon&quot;:{&quot;value&quot;:&quot;&lt;svg aria-hidden=\\&quot;true\\&quot; class=\\&quot;e-font-icon-svg e-fas-caret-down\\&quot; viewBox=\\&quot;0 0 320 512\\&quot; xmlns=\\&quot;http:\\\/\\\/www.w3.org\\\/2000\\\/svg\\&quot;&gt;&lt;path d=\\&quot;M31.3 192h257.3c17.8 0 26.7 21.5 14.1 34.1L174.1 354.8c-7.8 7.8-20.5 7.8-28.3 0L17.2 226.1C4.6 213.5 13.5 192 31.3 192z\\&quot;&gt;&lt;\\\/path&gt;&lt;\\\/svg&gt;&quot;,&quot;library&quot;:&quot;fa-solid&quot;}}\" data-widget_type=\"nav-menu.default\">\n\t\t\t\t<div class=\"elementor-widget-container\">\n\t\t\t\t\t\t\t\t<nav aria-label=\"Menu\" class=\"elementor-nav-menu--main elementor-nav-menu__container elementor-nav-menu--layout-vertical e--pointer-none\">\n\t\t\t\t<ul id=\"menu-1-6b5002db\" class=\"elementor-nav-menu sm-vertical\"><li class=\"menu-item menu-item-type-post_type menu-item-object-page menu-item-7141\"><a href=\"https:\/\/cancerfertilityandme.org.uk\/adult-women\/making-your-fertility-preservation-decision\/\" class=\"elementor-item\">Prendre ma d\u00e9cision de pr\u00e9servation de la fertilit\u00e9<\/a><\/li>\n<li class=\"menu-item menu-item-type-post_type menu-item-object-page menu-item-7144\"><a href=\"https:\/\/cancerfertilityandme.org.uk\/adult-women\/making-your-fertility-preservation-decision\/talking-with-your-fertility-care-team-about-fertility-preservation\/\" class=\"elementor-item\">Discuter avec votre \u00e9quipe de soins de fertilit\u00e9 de la pr\u00e9servation de votre fertilit\u00e9<\/a><\/li>\n<li class=\"menu-item menu-item-type-post_type menu-item-object-page menu-item-7143\"><a href=\"https:\/\/cancerfertilityandme.org.uk\/adult-women\/making-your-fertility-preservation-decision\/talking-about-the-fertility-preservation-decision\/\" class=\"elementor-item\">Parler de la d\u00e9cision de pr\u00e9servation de la fertilit\u00e9<\/a><\/li>\n<li class=\"menu-item menu-item-type-post_type menu-item-object-page menu-item-2133\"><a href=\"https:\/\/cancerfertilityandme.org.uk\/adult-women\/contraception-family-planning\/questions-to-ask-your-cancer-care-team-or-gp\/\" class=\"elementor-item\">Questions \u00e0 poser \u00e0 votre \u00e9quipe de canc\u00e9rologie ou \u00e0 votre m\u00e9decin g\u00e9n\u00e9raliste<\/a><\/li>\n<li class=\"menu-item menu-item-type-post_type menu-item-object-page menu-item-7142\"><a href=\"https:\/\/cancerfertilityandme.org.uk\/adult-women\/making-your-fertility-preservation-decision\/financial-costs-associated-with-undergoing-fertility-preservation\/\" class=\"elementor-item\">Co\u00fbts financiers li\u00e9s \u00e0 la pr\u00e9servation de la fertilit\u00e9<\/a><\/li>\n<li class=\"menu-item menu-item-type-post_type menu-item-object-page menu-item-7145\"><a href=\"https:\/\/cancerfertilityandme.org.uk\/adult-women\/fertility-preservation-options\/summary-of-fertility-preservation-options\/\" class=\"elementor-item\">R\u00e9sum\u00e9 des options de pr\u00e9servation de la fertilit\u00e9.<\/a><\/li>\n<\/ul>\t\t\t<\/nav>\n\t\t\t\t\t\t<nav class=\"elementor-nav-menu--dropdown elementor-nav-menu__container\" aria-hidden=\"true\">\n\t\t\t\t<ul id=\"menu-2-6b5002db\" class=\"elementor-nav-menu sm-vertical\"><li class=\"menu-item menu-item-type-post_type menu-item-object-page menu-item-7141\"><a href=\"https:\/\/cancerfertilityandme.org.uk\/adult-women\/making-your-fertility-preservation-decision\/\" class=\"elementor-item\" tabindex=\"-1\">Prendre ma d\u00e9cision de pr\u00e9servation de la fertilit\u00e9<\/a><\/li>\n<li class=\"menu-item menu-item-type-post_type menu-item-object-page menu-item-7144\"><a href=\"https:\/\/cancerfertilityandme.org.uk\/adult-women\/making-your-fertility-preservation-decision\/talking-with-your-fertility-care-team-about-fertility-preservation\/\" class=\"elementor-item\" tabindex=\"-1\">Discuter avec votre \u00e9quipe de soins de fertilit\u00e9 de la pr\u00e9servation de votre fertilit\u00e9<\/a><\/li>\n<li class=\"menu-item menu-item-type-post_type menu-item-object-page menu-item-7143\"><a href=\"https:\/\/cancerfertilityandme.org.uk\/adult-women\/making-your-fertility-preservation-decision\/talking-about-the-fertility-preservation-decision\/\" class=\"elementor-item\" tabindex=\"-1\">Parler de la d\u00e9cision de pr\u00e9servation de la fertilit\u00e9<\/a><\/li>\n<li class=\"menu-item menu-item-type-post_type menu-item-object-page menu-item-2133\"><a href=\"https:\/\/cancerfertilityandme.org.uk\/adult-women\/contraception-family-planning\/questions-to-ask-your-cancer-care-team-or-gp\/\" class=\"elementor-item\" tabindex=\"-1\">Questions \u00e0 poser \u00e0 votre \u00e9quipe de canc\u00e9rologie ou \u00e0 votre m\u00e9decin g\u00e9n\u00e9raliste<\/a><\/li>\n<li class=\"menu-item menu-item-type-post_type menu-item-object-page menu-item-7142\"><a href=\"https:\/\/cancerfertilityandme.org.uk\/adult-women\/making-your-fertility-preservation-decision\/financial-costs-associated-with-undergoing-fertility-preservation\/\" class=\"elementor-item\" tabindex=\"-1\">Co\u00fbts financiers li\u00e9s \u00e0 la pr\u00e9servation de la fertilit\u00e9<\/a><\/li>\n<li class=\"menu-item menu-item-type-post_type menu-item-object-page menu-item-7145\"><a href=\"https:\/\/cancerfertilityandme.org.uk\/adult-women\/fertility-preservation-options\/summary-of-fertility-preservation-options\/\" class=\"elementor-item\" tabindex=\"-1\">R\u00e9sum\u00e9 des options de pr\u00e9servation de la fertilit\u00e9.<\/a><\/li>\n<\/ul>\t\t\t<\/nav>\n\t\t\t\t\t\t<\/div>\n\t\t\t\t<\/div>\n\t\t\t\t<\/div>\n\t\t\t\t<\/div>\n\t\t\t\t\t<\/div>\n\t\t\t\t<\/main>\n\t\t\t\t<\/div>\n\t\t","protected":false},"excerpt":{"rendered":"<p>Prendre une d\u00e9cision de pr\u00e9servation de votre fertilit\u00e9 avant de commencer un traitement contre le cancer. Cette section a pour but de vous aider \u00e0 d\u00e9cider si vous souhaitez : \u2022 Recourir \u00e0 une proc\u00e9dure de pr\u00e9servation de la fertilit\u00e9 avant de commencer un traitement anticanc\u00e9reux, ou \u2022 Commencer un traitement anticanc\u00e9reux sans avoir recours [&hellip;]<\/p>\n","protected":false},"author":1,"featured_media":5468,"parent":6758,"menu_order":0,"comment_status":"closed","ping_status":"open","template":"","meta":{"footnotes":""},"class_list":["post-5834","page","type-page","status-publish","has-post-thumbnail","hentry"],"_links":{"self":[{"href":"https:\/\/cancerfertilityandme.org.uk\/fr\/wp-json\/wp\/v2\/pages\/5834","targetHints":{"allow":["GET"]}}],"collection":[{"href":"https:\/\/cancerfertilityandme.org.uk\/fr\/wp-json\/wp\/v2\/pages"}],"about":[{"href":"https:\/\/cancerfertilityandme.org.uk\/fr\/wp-json\/wp\/v2\/types\/page"}],"author":[{"embeddable":true,"href":"https:\/\/cancerfertilityandme.org.uk\/fr\/wp-json\/wp\/v2\/users\/1"}],"replies":[{"embeddable":true,"href":"https:\/\/cancerfertilityandme.org.uk\/fr\/wp-json\/wp\/v2\/comments?post=5834"}],"version-history":[{"count":16,"href":"https:\/\/cancerfertilityandme.org.uk\/fr\/wp-json\/wp\/v2\/pages\/5834\/revisions"}],"predecessor-version":[{"id":12895,"href":"https:\/\/cancerfertilityandme.org.uk\/fr\/wp-json\/wp\/v2\/pages\/5834\/revisions\/12895"}],"up":[{"embeddable":true,"href":"https:\/\/cancerfertilityandme.org.uk\/fr\/wp-json\/wp\/v2\/pages\/6758"}],"wp:featuredmedia":[{"embeddable":true,"href":"https:\/\/cancerfertilityandme.org.uk\/fr\/wp-json\/wp\/v2\/media\/5468"}],"wp:attachment":[{"href":"https:\/\/cancerfertilityandme.org.uk\/fr\/wp-json\/wp\/v2\/media?parent=5834"}],"curies":[{"name":"wp","href":"https:\/\/api.w.org\/{rel}","templated":true}]}}