{"id":5832,"date":"2018-11-07T09:42:59","date_gmt":"2018-11-07T09:42:59","guid":{"rendered":"https:\/\/cancerfertilityandme.org.uk\/parler-de-la-decision-de-preservation-de-la-fertilite\/"},"modified":"2025-11-17T11:01:05","modified_gmt":"2025-11-17T11:01:05","slug":"parler-de-la-decision-de-preservation-de-la-fertilite","status":"publish","type":"page","link":"https:\/\/cancerfertilityandme.org.uk\/fr\/femmes-adultes\/prendre-ma-decision-de-preservation-de-la-fertilite\/parler-de-la-decision-de-preservation-de-la-fertilite\/","title":{"rendered":"Parler de la d\u00e9cision de pr\u00e9servation de la fertilit\u00e9"},"content":{"rendered":"\t\t<div data-elementor-type=\"wp-page\" data-elementor-id=\"5832\" class=\"elementor elementor-5832 elementor-5463\" data-elementor-post-type=\"page\">\n\t\t\t\t<main class=\"elementor-element elementor-element-37eaef39 e-flex e-con-boxed e-con e-parent\" data-id=\"37eaef39\" data-element_type=\"container\" data-e-type=\"container\">\n\t\t\t\t\t<div class=\"e-con-inner\">\n\t\t<div class=\"elementor-element elementor-element-66976cb0 e-con-full e-flex e-con e-child\" data-id=\"66976cb0\" data-element_type=\"container\" data-e-type=\"container\">\n\t\t\t\t<div class=\"elementor-element elementor-element-2607e22d elementor-widget elementor-widget-text-editor\" data-id=\"2607e22d\" data-element_type=\"widget\" data-e-type=\"widget\" data-widget_type=\"text-editor.default\">\n\t\t\t\t<div class=\"elementor-widget-container\">\n\t\t\t\t\t\t\t\t\t<h2>Parler de la d\u00e9cision de pr\u00e9servation de la fertilit\u00e9 avec d\u2019autres<\/h2><p>Certaines femmes trouvent qu\u2019il est utile de parler de leur diagnostic de cancer et de la pr\u00e9servation de la fertilit\u00e9 avec d\u2019autres.<\/p><p>Vous trouverez peut-\u00eatre utile d\u2019aborder les sujets suivants :<\/p><ul><li>Comment prendre des d\u00e9cisions difficiles.<\/li><li>Comment exprimer vos sentiments \u00e0 vos proches.<\/li><li>L\u2019impact du cancer et de la fertilit\u00e9 sur vos relations.<\/li><li>L&rsquo;anxi\u00e9t\u00e9 et le stress<\/li><li>Les pr\u00e9occupations morales, religieuses ou \u00e9thiques.<\/li><li>Comment faire face \u00e0 votre traitement anticanc\u00e9reux ainsi qu\u2019\u00e0 votre traitement de fertilit\u00e9.<\/li><li>Comment g\u00e9rer vos propres sentiments.<\/li><\/ul><p>Trouver une option qui vous convient pour vous aider \u00e0 mieux faire face \u00e0 votre situation. Cela peut aider \u00e0 g\u00e9rer certains de ces d\u00e9fis \u00e9motionnels. Chaque personne choisit diff\u00e9rents types de soutien. Ces \u00e9l\u00e9ments peuvent \u00eatre les suivants :   <\/p><ul><li>D\u00e9couvrez toutes les options disponibles.<\/li><li>Tenir un journal ou des notes sur vos pens\u00e9es et les raisons de vos d\u00e9cisions.<\/li><li>Penser \u00e0 qui vous voulez impliquer dans votre prise de d\u00e9cision \u2013 un partenaire, la famille et des amis ou une infirmi\u00e8re ou un m\u00e9decin.<\/li><li>Vous faire conseiller. Cela peut \u00eatre fait seul, avec votre partenaire ou un proche. Des conseillers professionnels, qui ne sont pas directement impliqu\u00e9s dans vos soins de fertilit\u00e9 ou de cancer, sont parfois disponibles dans les cliniques de fertilit\u00e9 et de cancer. D\u2019autres organisations de conseil qui peuvent \u00eatre en mesure de fournir ce soutien sp\u00e9cialis\u00e9 ont \u00e9t\u00e9 r\u00e9pertori\u00e9es.<a href=\"\/more-information\/useful-contacts\"> ici<\/a>.   <\/li><li>Parler \u00e0 des personnes qui ont v\u00e9cu des exp\u00e9riences similaires. Il existe des organismes de soutien. Nous en avons r\u00e9pertori\u00e9 quelques-uns <a href=\"\/more-information\/useful-contacts\">ici<\/a>. Vous pouvez \u00e9galement choisir de parler \u00e0 un membre de votre \u00e9quipe de soins du cancer et de votre \u00e9quipe de soins de fertilit\u00e9.  <\/li><li>Il est possible que vous ne souhaitiez pas parler de fertilit\u00e9 ni de cancer. Si vous \u00eates une personne plut\u00f4t r\u00e9serv\u00e9e, vous aurez tendance \u00e0 pr\u00e9f\u00e9rer \u00e9crire dans un journal ou vous exprimer de mani\u00e8re cr\u00e9ative. <\/li><\/ul>\t\t\t\t\t\t\t\t<\/div>\n\t\t\t\t<\/div>\n\t\t<div class=\"elementor-element elementor-element-d051220 e-con-full e-flex e-con e-child\" data-id=\"d051220\" data-element_type=\"container\" data-e-type=\"container\" data-settings=\"{&quot;background_background&quot;:&quot;classic&quot;}\">\n\t\t\t\t<div class=\"elementor-element elementor-element-70473906 elementor-widget elementor-widget-text-editor\" data-id=\"70473906\" data-element_type=\"widget\" data-e-type=\"widget\" data-widget_type=\"text-editor.default\">\n\t\t\t\t<div class=\"elementor-widget-container\">\n\t\t\t\t\t\t\t\t\t<h3>Source d\u2019information recommand\u00e9e<\/h3><p>La HFEA est l\u2019organisme de r\u00e9glementation ind\u00e9pendant du Royaume-Uni qui supervise l\u2019utilisation des gam\u00e8tes (ovules et spermatozo\u00efdes) et des embryons dans le traitement et la recherche en mati\u00e8re de fertilit\u00e9. Vous trouverez des conseils sur leur site Web sur la meilleure fa\u00e7on de profiter de vos consultations de fertilit\u00e9. Vous pouvez le faire de la mani\u00e8re suivante :  <\/p><ul><li>Poser des questions .<\/li><li>Prendre le temps de r\u00e9fl\u00e9chir \u2013 il peut y avoir beaucoup de probl\u00e8mes difficiles \u00e0 prendre en consid\u00e9ration.<\/li><li>N\u2019oubliez pas que l\u2019\u00e9quipe de soins de fertilit\u00e9 est l\u00e0 pour vous aider \u00e0 faire le bon choix. Le site Web de la HFEA <a href=\"http:\/\/www.hfea.gov.uk\" target=\"_blank\" rel=\"noopener noreferrer\">www.hfea.gov.uk<\/a> contient plus d\u2019informations sur les cliniques de fertilit\u00e9, les traitements de pr\u00e9servation de la fertilit\u00e9 et les taux de r\u00e9ussite de la fertilit\u00e9 dans votre r\u00e9gion. <\/li><\/ul>\t\t\t\t\t\t\t\t<\/div>\n\t\t\t\t<\/div>\n\t\t\t\t<\/div>\n\t\t\t\t<\/div>\n\t\t<div class=\"elementor-element elementor-element-6e94314e e-con-full e-flex e-con e-child\" data-id=\"6e94314e\" data-element_type=\"container\" data-e-type=\"container\">\n\t\t<div class=\"elementor-element elementor-element-63a54493 e-con-full e-flex e-con e-child\" data-id=\"63a54493\" data-element_type=\"container\" data-e-type=\"container\">\n\t\t\t\t<div class=\"elementor-element elementor-element-59decdf0 elementor-widget elementor-widget-image\" data-id=\"59decdf0\" data-element_type=\"widget\" data-e-type=\"widget\" data-widget_type=\"image.default\">\n\t\t\t\t<div class=\"elementor-widget-container\">\n\t\t\t\t\t\t\t\t\t\t\t\t\t\t\t\t<a href=\"http:\/\/.\/\">\n\t\t\t\t\t\t\t<img fetchpriority=\"high\" decoding=\"async\" width=\"400\" height=\"440\" src=\"https:\/\/cancerfertilityandme.org.uk\/wp-content\/uploads\/cancerfertilityandme-logo-column-adult-women.png\" class=\"attachment-full size-full wp-image-2280\" alt=\"\" srcset=\"https:\/\/cancerfertilityandme.org.uk\/wp-content\/uploads\/cancerfertilityandme-logo-column-adult-women.png 400w, https:\/\/cancerfertilityandme.org.uk\/wp-content\/uploads\/cancerfertilityandme-logo-column-adult-women-273x300.png 273w\" sizes=\"(max-width: 400px) 100vw, 400px\" \/>\t\t\t\t\t\t\t\t<\/a>\n\t\t\t\t\t\t\t\t\t\t\t\t\t\t\t<\/div>\n\t\t\t\t<\/div>\n\t\t\t\t<\/div>\n\t\t<div class=\"elementor-element elementor-element-1858e519 e-con-full e-flex e-con e-child\" data-id=\"1858e519\" data-element_type=\"container\" data-e-type=\"container\">\n\t\t\t\t<div class=\"elementor-element elementor-element-38e24f3c elementor-widget elementor-widget-heading\" data-id=\"38e24f3c\" data-element_type=\"widget\" data-e-type=\"widget\" data-widget_type=\"heading.default\">\n\t\t\t\t<div class=\"elementor-widget-container\">\n\t\t\t\t\t<h3 class=\"elementor-heading-title elementor-size-default\">Suivez ces liens pour plus d\u2019informations<\/h3>\t\t\t\t<\/div>\n\t\t\t\t<\/div>\n\t\t\t\t<div class=\"elementor-element elementor-element-74328f39 elementor-nav-menu--dropdown-none elementor-widget elementor-widget-nav-menu\" data-id=\"74328f39\" data-element_type=\"widget\" data-e-type=\"widget\" data-settings=\"{&quot;layout&quot;:&quot;vertical&quot;,&quot;submenu_icon&quot;:{&quot;value&quot;:&quot;&lt;svg aria-hidden=\\&quot;true\\&quot; class=\\&quot;e-font-icon-svg e-fas-caret-down\\&quot; viewBox=\\&quot;0 0 320 512\\&quot; xmlns=\\&quot;http:\\\/\\\/www.w3.org\\\/2000\\\/svg\\&quot;&gt;&lt;path d=\\&quot;M31.3 192h257.3c17.8 0 26.7 21.5 14.1 34.1L174.1 354.8c-7.8 7.8-20.5 7.8-28.3 0L17.2 226.1C4.6 213.5 13.5 192 31.3 192z\\&quot;&gt;&lt;\\\/path&gt;&lt;\\\/svg&gt;&quot;,&quot;library&quot;:&quot;fa-solid&quot;}}\" data-widget_type=\"nav-menu.default\">\n\t\t\t\t<div class=\"elementor-widget-container\">\n\t\t\t\t\t\t\t\t<nav aria-label=\"Menu\" class=\"elementor-nav-menu--main elementor-nav-menu__container elementor-nav-menu--layout-vertical e--pointer-none\">\n\t\t\t\t<ul id=\"menu-1-74328f39\" class=\"elementor-nav-menu sm-vertical\"><li class=\"menu-item menu-item-type-post_type menu-item-object-page menu-item-7141\"><a href=\"https:\/\/cancerfertilityandme.org.uk\/adult-women\/making-your-fertility-preservation-decision\/\" class=\"elementor-item\">Prendre ma d\u00e9cision de pr\u00e9servation de la fertilit\u00e9<\/a><\/li>\n<li class=\"menu-item menu-item-type-post_type menu-item-object-page menu-item-7144\"><a href=\"https:\/\/cancerfertilityandme.org.uk\/adult-women\/making-your-fertility-preservation-decision\/talking-with-your-fertility-care-team-about-fertility-preservation\/\" class=\"elementor-item\">Discuter avec votre \u00e9quipe de soins de fertilit\u00e9 de la pr\u00e9servation de votre fertilit\u00e9<\/a><\/li>\n<li class=\"menu-item menu-item-type-post_type menu-item-object-page menu-item-7143\"><a href=\"https:\/\/cancerfertilityandme.org.uk\/adult-women\/making-your-fertility-preservation-decision\/talking-about-the-fertility-preservation-decision\/\" class=\"elementor-item\">Parler de la d\u00e9cision de pr\u00e9servation de la fertilit\u00e9<\/a><\/li>\n<li class=\"menu-item menu-item-type-post_type menu-item-object-page menu-item-2133\"><a href=\"https:\/\/cancerfertilityandme.org.uk\/adult-women\/contraception-family-planning\/questions-to-ask-your-cancer-care-team-or-gp\/\" class=\"elementor-item\">Questions \u00e0 poser \u00e0 votre \u00e9quipe de canc\u00e9rologie ou \u00e0 votre m\u00e9decin g\u00e9n\u00e9raliste<\/a><\/li>\n<li class=\"menu-item menu-item-type-post_type menu-item-object-page menu-item-7142\"><a href=\"https:\/\/cancerfertilityandme.org.uk\/adult-women\/making-your-fertility-preservation-decision\/financial-costs-associated-with-undergoing-fertility-preservation\/\" class=\"elementor-item\">Co\u00fbts financiers li\u00e9s \u00e0 la pr\u00e9servation de la fertilit\u00e9<\/a><\/li>\n<li class=\"menu-item menu-item-type-post_type menu-item-object-page menu-item-7145\"><a href=\"https:\/\/cancerfertilityandme.org.uk\/adult-women\/fertility-preservation-options\/summary-of-fertility-preservation-options\/\" class=\"elementor-item\">R\u00e9sum\u00e9 des options de pr\u00e9servation de la fertilit\u00e9.<\/a><\/li>\n<\/ul>\t\t\t<\/nav>\n\t\t\t\t\t\t<nav class=\"elementor-nav-menu--dropdown elementor-nav-menu__container\" aria-hidden=\"true\">\n\t\t\t\t<ul id=\"menu-2-74328f39\" class=\"elementor-nav-menu sm-vertical\"><li class=\"menu-item menu-item-type-post_type menu-item-object-page menu-item-7141\"><a href=\"https:\/\/cancerfertilityandme.org.uk\/adult-women\/making-your-fertility-preservation-decision\/\" class=\"elementor-item\" tabindex=\"-1\">Prendre ma d\u00e9cision de pr\u00e9servation de la fertilit\u00e9<\/a><\/li>\n<li class=\"menu-item menu-item-type-post_type menu-item-object-page menu-item-7144\"><a href=\"https:\/\/cancerfertilityandme.org.uk\/adult-women\/making-your-fertility-preservation-decision\/talking-with-your-fertility-care-team-about-fertility-preservation\/\" class=\"elementor-item\" tabindex=\"-1\">Discuter avec votre \u00e9quipe de soins de fertilit\u00e9 de la pr\u00e9servation de votre fertilit\u00e9<\/a><\/li>\n<li class=\"menu-item menu-item-type-post_type menu-item-object-page menu-item-7143\"><a href=\"https:\/\/cancerfertilityandme.org.uk\/adult-women\/making-your-fertility-preservation-decision\/talking-about-the-fertility-preservation-decision\/\" class=\"elementor-item\" tabindex=\"-1\">Parler de la d\u00e9cision de pr\u00e9servation de la fertilit\u00e9<\/a><\/li>\n<li class=\"menu-item menu-item-type-post_type menu-item-object-page menu-item-2133\"><a href=\"https:\/\/cancerfertilityandme.org.uk\/adult-women\/contraception-family-planning\/questions-to-ask-your-cancer-care-team-or-gp\/\" class=\"elementor-item\" tabindex=\"-1\">Questions \u00e0 poser \u00e0 votre \u00e9quipe de canc\u00e9rologie ou \u00e0 votre m\u00e9decin g\u00e9n\u00e9raliste<\/a><\/li>\n<li class=\"menu-item menu-item-type-post_type menu-item-object-page menu-item-7142\"><a href=\"https:\/\/cancerfertilityandme.org.uk\/adult-women\/making-your-fertility-preservation-decision\/financial-costs-associated-with-undergoing-fertility-preservation\/\" class=\"elementor-item\" tabindex=\"-1\">Co\u00fbts financiers li\u00e9s \u00e0 la pr\u00e9servation de la fertilit\u00e9<\/a><\/li>\n<li class=\"menu-item menu-item-type-post_type menu-item-object-page menu-item-7145\"><a href=\"https:\/\/cancerfertilityandme.org.uk\/adult-women\/fertility-preservation-options\/summary-of-fertility-preservation-options\/\" class=\"elementor-item\" tabindex=\"-1\">R\u00e9sum\u00e9 des options de pr\u00e9servation de la fertilit\u00e9.<\/a><\/li>\n<\/ul>\t\t\t<\/nav>\n\t\t\t\t\t\t<\/div>\n\t\t\t\t<\/div>\n\t\t\t\t<\/div>\n\t\t\t\t<\/div>\n\t\t\t\t\t<\/div>\n\t\t\t\t<\/main>\n\t\t\t\t<\/div>\n\t\t","protected":false},"excerpt":{"rendered":"<p>Parler de la d\u00e9cision de pr\u00e9servation de la fertilit\u00e9 avec d\u2019autres Certaines femmes trouvent qu\u2019il est utile de parler de leur diagnostic de cancer et de la pr\u00e9servation de la fertilit\u00e9 avec d\u2019autres. Vous trouverez peut-\u00eatre utile d\u2019aborder les sujets suivants : Comment prendre des d\u00e9cisions difficiles. Comment exprimer vos sentiments \u00e0 vos proches. L\u2019impact [&hellip;]<\/p>\n","protected":false},"author":1,"featured_media":0,"parent":5834,"menu_order":0,"comment_status":"closed","ping_status":"open","template":"","meta":{"footnotes":""},"class_list":["post-5832","page","type-page","status-publish","hentry"],"_links":{"self":[{"href":"https:\/\/cancerfertilityandme.org.uk\/fr\/wp-json\/wp\/v2\/pages\/5832","targetHints":{"allow":["GET"]}}],"collection":[{"href":"https:\/\/cancerfertilityandme.org.uk\/fr\/wp-json\/wp\/v2\/pages"}],"about":[{"href":"https:\/\/cancerfertilityandme.org.uk\/fr\/wp-json\/wp\/v2\/types\/page"}],"author":[{"embeddable":true,"href":"https:\/\/cancerfertilityandme.org.uk\/fr\/wp-json\/wp\/v2\/users\/1"}],"replies":[{"embeddable":true,"href":"https:\/\/cancerfertilityandme.org.uk\/fr\/wp-json\/wp\/v2\/comments?post=5832"}],"version-history":[{"count":3,"href":"https:\/\/cancerfertilityandme.org.uk\/fr\/wp-json\/wp\/v2\/pages\/5832\/revisions"}],"predecessor-version":[{"id":9562,"href":"https:\/\/cancerfertilityandme.org.uk\/fr\/wp-json\/wp\/v2\/pages\/5832\/revisions\/9562"}],"up":[{"embeddable":true,"href":"https:\/\/cancerfertilityandme.org.uk\/fr\/wp-json\/wp\/v2\/pages\/5834"}],"wp:attachment":[{"href":"https:\/\/cancerfertilityandme.org.uk\/fr\/wp-json\/wp\/v2\/media?parent=5832"}],"curies":[{"name":"wp","href":"https:\/\/api.w.org\/{rel}","templated":true}]}}