{"id":5830,"date":"2018-11-07T09:42:21","date_gmt":"2018-11-07T09:42:21","guid":{"rendered":"https:\/\/cancerfertilityandme.org.uk\/discuter-avec-votre-equipe-de-soins-de-fertilite-de-la-preservation-de-votre-fertilite\/"},"modified":"2025-11-17T11:01:25","modified_gmt":"2025-11-17T11:01:25","slug":"discuter-avec-votre-equipe-de-soins-de-fertilite-de-la-preservation-de-votre-fertilite","status":"publish","type":"page","link":"https:\/\/cancerfertilityandme.org.uk\/fr\/femmes-adultes\/prendre-ma-decision-de-preservation-de-la-fertilite\/discuter-avec-votre-equipe-de-soins-de-fertilite-de-la-preservation-de-votre-fertilite\/","title":{"rendered":"Discuter avec votre \u00e9quipe de soins de fertilit\u00e9 de la pr\u00e9servation de votre fertilit\u00e9"},"content":{"rendered":"\t\t<div data-elementor-type=\"wp-page\" data-elementor-id=\"5830\" class=\"elementor elementor-5830 elementor-5461\" data-elementor-post-type=\"page\">\n\t\t\t\t<main class=\"elementor-element elementor-element-2d2b26be e-flex e-con-boxed e-con e-parent\" data-id=\"2d2b26be\" data-element_type=\"container\" data-e-type=\"container\">\n\t\t\t\t\t<div class=\"e-con-inner\">\n\t\t<div class=\"elementor-element elementor-element-25c07501 e-con-full e-flex e-con e-child\" data-id=\"25c07501\" data-element_type=\"container\" data-e-type=\"container\">\n\t\t\t\t<div class=\"elementor-element elementor-element-28545ea8 elementor-widget elementor-widget-text-editor\" data-id=\"28545ea8\" data-element_type=\"widget\" data-e-type=\"widget\" data-widget_type=\"text-editor.default\">\n\t\t\t\t<div class=\"elementor-widget-container\">\n\t\t\t\t\t\t\t\t\t<h2>Discuter avec votre \u00e9quipe de soins de fertilit\u00e9 de la pr\u00e9servation de votre fertilit\u00e9<\/h2><p>L\u2019\u00e9quipe de soins de fertilit\u00e9 applique des techniques connues sous le nom de pr\u00e9servation de la fertilit\u00e9 pour les femmes atteintes de cancer. Vous pouvez vous entretenir de la mise en place d\u2019une ou plusieurs technique(s) de pr\u00e9servation de la fertilit\u00e9 avec l\u2019\u00e9quipe de soins de fertilit\u00e9 de votre clinique <\/p><p>La consultation de fertilit\u00e9 d\u00e9pend de la clinique vers laquelle vous \u00eates dirig\u00e9e, de votre diagnostic de cancer et du traitement anticanc\u00e9reux envisag\u00e9. L\u2019\u00e9quipe de soins de fertilit\u00e9 examinera vos ant\u00e9c\u00e9dents m\u00e9dicaux pour s\u2019assurer que le traitement de pr\u00e9servation de la fertilit\u00e9 est appropri\u00e9. Ils vous expliqueront quelles sont les implications, les taux de r\u00e9ussite et les effets secondaires des techniques de pr\u00e9servation de la fertilit\u00e9. Si besoin est d\u2019autres examens m\u00e9dicaux seront effectu\u00e9s avant la mise en place des techniques de pr\u00e9servation de la fertilit\u00e9. Vous aurez \u00e9galement l\u2019occasion de discuter des diff\u00e9rentes options de pr\u00e9servation de la fertilit\u00e9 disponibles au sein de la clinique.    <\/p><p>Si vous choisissez un traitement de pr\u00e9servation de la fertilit\u00e9, diff\u00e9rents examens m\u00e9dicaux seront effectu\u00e9s. Ceux-ci comprendront des analyses de sang pour mesurer les niveaux d\u2019hormones, ainsi que d\u2019autres tests de d\u00e9pistage. L\u2019\u00e9quipe de soins de fertilit\u00e9 discutera \u00e9galement des questions relatives au consentement au traitement selon les recommandations de la HFEA.  <\/p><h3>Orientation vers une clinique de fertilit\u00e9<\/h3><p>Un membre de votre \u00e9quipe de canc\u00e9rologie pourra vous orienter vers une clinique de fertilit\u00e9. Ils peuvent leur demander de vous recevoir dans les plus brefs d\u00e9lais afin d\u2019\u00e9viter tout retard dans la prise en charge du cancer. <\/p><p>Si vous souhaitez \u00eatre dirig\u00e9e vers une clinique de fertilit\u00e9, il y a certaines choses \u00e0 v\u00e9rifier.<\/p><ul><li>Un membre de mon \u00e9quipe de soins anticanc\u00e9reux m\u2019a-t-il orient\u00e9e vers une clinique de fertilit\u00e9 ?<\/li><li>Ai-je re\u00e7u un rendez-vous pour une consultation avec l\u2019\u00e9quipe de soins de fertilit\u00e9 ?<\/li><\/ul><p>Si votre r\u00e9ponse est non ou incertaine vous voudrez peut-\u00eatre demander \u00e0 votre \u00e9quipe de soins anticanc\u00e9reux de communiquer avec la clinique de fertilit\u00e9 de votre part d\u00e8s que possible. Les questions <a href=\"\/making-my-fertility-preservation-decision\/questions-to-ask-your-cancer-care-team-or-gp\">suivantes <\/a>peuvent vous aider \u00e0 vous pr\u00e9parer \u00e0 la consultation de fertilit\u00e9. <\/p><h2>Questions \u00e0 poser \u00e0 votre \u00e9quipe de canc\u00e9rologie et \u00e0 votre \u00e9quipe de soins de fertilit\u00e9<\/h2><p>Les questions ci-dessous peuvent vous aider \u00e0 r\u00e9fl\u00e9chir \u00e0 ce qui est important dans chaque option de pr\u00e9servation de la fertilit\u00e9.<br>\u00c9crire vos r\u00e9flexions vous aidera \u00e0 faire la part des choses. Vous pourrez ainsi discuter avec votre \u00e9quipe de soins anticanc\u00e9reux et votre \u00e9quipe de soins de fertilit\u00e9 de la planification de vos soins avant de commencer votre traitement anticanc\u00e9reux.<\/p><ul><li>Mon type de cancer ou mon traitement affectent-t-il le type d&rsquo;option de pr\u00e9servation de la fertilit\u00e9 dont je peux b\u00e9n\u00e9ficier ?<\/li><li>Puis-je v\u00e9rifier si je suis fertile avant le d\u00e9but de mon traitement anticanc\u00e9reux ?<\/li><li>Pourquoi devrais-je prendre une d\u00e9cision de pr\u00e9servation de la fertilit\u00e9 d\u00e8s maintenant ?<\/li><li>Ai-je le temps de faire un traitement de pr\u00e9servation de la fertilit\u00e9 avant de commencer un traitement anticanc\u00e9reux ?<\/li><li>Y a-t-il quelque chose \u00e0 faire pendant mon traitement anticanc\u00e9reux pour aider \u00e0 prot\u00e9ger ma fertilit\u00e9 ?<\/li><li>Pendant combien de temps puis-je retarder mon traitement anticanc\u00e9reux en toute s\u00e9curit\u00e9 ?<\/li><li>Le fait d\u2019avoir un traitement pour pr\u00e9server ma fertilit\u00e9 retardera-t-il mon traitement anticanc\u00e9reux ? Si oui, quel effet cela pourrait-il avoir sur mes risques de gu\u00e9rir d\u2019un cancer ? <\/li><li>Dois-je payer pour mon traitement de pr\u00e9servation de la fertilit\u00e9 ? Est-ce que je devrai payer pour le stockage et l\u2019utilisation futurs de mes ovules, embryons ou tissus ovariens \u00e0 l\u2019avenir ? <\/li><\/ul>\t\t\t\t\t\t\t\t<\/div>\n\t\t\t\t<\/div>\n\t\t<div class=\"elementor-element elementor-element-5107acc0 e-con-full e-flex e-con e-child\" data-id=\"5107acc0\" data-element_type=\"container\" data-e-type=\"container\" data-settings=\"{&quot;background_background&quot;:&quot;classic&quot;}\">\n\t\t\t\t<div class=\"elementor-element elementor-element-5c36640b elementor-widget elementor-widget-text-editor\" data-id=\"5c36640b\" data-element_type=\"widget\" data-e-type=\"widget\" data-widget_type=\"text-editor.default\">\n\t\t\t\t<div class=\"elementor-widget-container\">\n\t\t\t\t\t\t\t\t\t<h3>Source d\u2019information recommand\u00e9e<\/h3><p>La HFEA est l\u2019organisme de r\u00e9glementation ind\u00e9pendant du Royaume-Uni qui supervise l\u2019utilisation des gam\u00e8tes (ovules et spermatozo\u00efdes) et des embryons dans le traitement et la recherche en mati\u00e8re de fertilit\u00e9. Vous trouverez des conseils sur leur site Web sur la meilleure fa\u00e7on de profiter de vos consultations de fertilit\u00e9. Vous pouvez le faire de la mani\u00e8re suivante :  <\/p><ul><li>Poser des questions .<\/li><li>Prendre le temps de r\u00e9fl\u00e9chir \u2013 il peut y avoir beaucoup de probl\u00e8mes difficiles \u00e0 prendre en consid\u00e9ration.<\/li><li>N\u2019oubliez pas que l\u2019\u00e9quipe de soins de fertilit\u00e9 est l\u00e0 pour vous aider \u00e0 faire le bon choix. Le site Web de la HFEA <a href=\"http:\/\/www.hfea.gov.uk\" target=\"_blank\" rel=\"noopener noreferrer\">www.hfea.gov.uk<\/a> contient plus d\u2019informations sur les cliniques de fertilit\u00e9, les traitements de pr\u00e9servation de la fertilit\u00e9 et les taux de r\u00e9ussite de la fertilit\u00e9 dans votre r\u00e9gion. <\/li><\/ul>\t\t\t\t\t\t\t\t<\/div>\n\t\t\t\t<\/div>\n\t\t\t\t<\/div>\n\t\t\t\t<\/div>\n\t\t<div class=\"elementor-element elementor-element-c41ec26 e-con-full e-flex e-con e-child\" data-id=\"c41ec26\" data-element_type=\"container\" data-e-type=\"container\">\n\t\t<div class=\"elementor-element elementor-element-5e999f3e e-con-full e-flex e-con e-child\" data-id=\"5e999f3e\" data-element_type=\"container\" data-e-type=\"container\">\n\t\t\t\t<div class=\"elementor-element elementor-element-796ca63b elementor-widget elementor-widget-image\" data-id=\"796ca63b\" data-element_type=\"widget\" data-e-type=\"widget\" data-widget_type=\"image.default\">\n\t\t\t\t<div class=\"elementor-widget-container\">\n\t\t\t\t\t\t\t\t\t\t\t\t\t\t\t\t<a href=\"http:\/\/.\/\">\n\t\t\t\t\t\t\t<img fetchpriority=\"high\" decoding=\"async\" width=\"400\" height=\"440\" src=\"https:\/\/cancerfertilityandme.org.uk\/wp-content\/uploads\/cancerfertilityandme-logo-column-adult-women.png\" class=\"attachment-full size-full wp-image-2280\" alt=\"\" srcset=\"https:\/\/cancerfertilityandme.org.uk\/wp-content\/uploads\/cancerfertilityandme-logo-column-adult-women.png 400w, https:\/\/cancerfertilityandme.org.uk\/wp-content\/uploads\/cancerfertilityandme-logo-column-adult-women-273x300.png 273w\" sizes=\"(max-width: 400px) 100vw, 400px\" \/>\t\t\t\t\t\t\t\t<\/a>\n\t\t\t\t\t\t\t\t\t\t\t\t\t\t\t<\/div>\n\t\t\t\t<\/div>\n\t\t\t\t<\/div>\n\t\t<div class=\"elementor-element elementor-element-6e0e960c e-con-full e-flex e-con e-child\" data-id=\"6e0e960c\" data-element_type=\"container\" data-e-type=\"container\">\n\t\t\t\t<div class=\"elementor-element elementor-element-20aecb7a elementor-widget elementor-widget-heading\" data-id=\"20aecb7a\" data-element_type=\"widget\" data-e-type=\"widget\" data-widget_type=\"heading.default\">\n\t\t\t\t<div class=\"elementor-widget-container\">\n\t\t\t\t\t<h3 class=\"elementor-heading-title elementor-size-default\">Suivez ces liens pour plus d\u2019informations<\/h3>\t\t\t\t<\/div>\n\t\t\t\t<\/div>\n\t\t\t\t<div class=\"elementor-element elementor-element-60f85b6b elementor-nav-menu--dropdown-none elementor-widget elementor-widget-nav-menu\" data-id=\"60f85b6b\" data-element_type=\"widget\" data-e-type=\"widget\" data-settings=\"{&quot;layout&quot;:&quot;vertical&quot;,&quot;submenu_icon&quot;:{&quot;value&quot;:&quot;&lt;svg aria-hidden=\\&quot;true\\&quot; class=\\&quot;e-font-icon-svg e-fas-caret-down\\&quot; viewBox=\\&quot;0 0 320 512\\&quot; xmlns=\\&quot;http:\\\/\\\/www.w3.org\\\/2000\\\/svg\\&quot;&gt;&lt;path d=\\&quot;M31.3 192h257.3c17.8 0 26.7 21.5 14.1 34.1L174.1 354.8c-7.8 7.8-20.5 7.8-28.3 0L17.2 226.1C4.6 213.5 13.5 192 31.3 192z\\&quot;&gt;&lt;\\\/path&gt;&lt;\\\/svg&gt;&quot;,&quot;library&quot;:&quot;fa-solid&quot;}}\" data-widget_type=\"nav-menu.default\">\n\t\t\t\t<div class=\"elementor-widget-container\">\n\t\t\t\t\t\t\t\t<nav aria-label=\"Menu\" class=\"elementor-nav-menu--main elementor-nav-menu__container elementor-nav-menu--layout-vertical e--pointer-none\">\n\t\t\t\t<ul id=\"menu-1-60f85b6b\" class=\"elementor-nav-menu sm-vertical\"><li class=\"menu-item menu-item-type-post_type menu-item-object-page menu-item-7141\"><a href=\"https:\/\/cancerfertilityandme.org.uk\/adult-women\/making-your-fertility-preservation-decision\/\" class=\"elementor-item\">Prendre ma d\u00e9cision de pr\u00e9servation de la fertilit\u00e9<\/a><\/li>\n<li class=\"menu-item menu-item-type-post_type menu-item-object-page menu-item-7144\"><a href=\"https:\/\/cancerfertilityandme.org.uk\/adult-women\/making-your-fertility-preservation-decision\/talking-with-your-fertility-care-team-about-fertility-preservation\/\" class=\"elementor-item\">Discuter avec votre \u00e9quipe de soins de fertilit\u00e9 de la pr\u00e9servation de votre fertilit\u00e9<\/a><\/li>\n<li class=\"menu-item menu-item-type-post_type menu-item-object-page menu-item-7143\"><a href=\"https:\/\/cancerfertilityandme.org.uk\/adult-women\/making-your-fertility-preservation-decision\/talking-about-the-fertility-preservation-decision\/\" class=\"elementor-item\">Parler de la d\u00e9cision de pr\u00e9servation de la fertilit\u00e9<\/a><\/li>\n<li class=\"menu-item menu-item-type-post_type menu-item-object-page menu-item-2133\"><a href=\"https:\/\/cancerfertilityandme.org.uk\/adult-women\/contraception-family-planning\/questions-to-ask-your-cancer-care-team-or-gp\/\" class=\"elementor-item\">Questions \u00e0 poser \u00e0 votre \u00e9quipe de canc\u00e9rologie ou \u00e0 votre m\u00e9decin g\u00e9n\u00e9raliste<\/a><\/li>\n<li class=\"menu-item menu-item-type-post_type menu-item-object-page menu-item-7142\"><a href=\"https:\/\/cancerfertilityandme.org.uk\/adult-women\/making-your-fertility-preservation-decision\/financial-costs-associated-with-undergoing-fertility-preservation\/\" class=\"elementor-item\">Co\u00fbts financiers li\u00e9s \u00e0 la pr\u00e9servation de la fertilit\u00e9<\/a><\/li>\n<li class=\"menu-item menu-item-type-post_type menu-item-object-page menu-item-7145\"><a href=\"https:\/\/cancerfertilityandme.org.uk\/adult-women\/fertility-preservation-options\/summary-of-fertility-preservation-options\/\" class=\"elementor-item\">R\u00e9sum\u00e9 des options de pr\u00e9servation de la fertilit\u00e9.<\/a><\/li>\n<\/ul>\t\t\t<\/nav>\n\t\t\t\t\t\t<nav class=\"elementor-nav-menu--dropdown elementor-nav-menu__container\" aria-hidden=\"true\">\n\t\t\t\t<ul id=\"menu-2-60f85b6b\" class=\"elementor-nav-menu sm-vertical\"><li class=\"menu-item menu-item-type-post_type menu-item-object-page menu-item-7141\"><a href=\"https:\/\/cancerfertilityandme.org.uk\/adult-women\/making-your-fertility-preservation-decision\/\" class=\"elementor-item\" tabindex=\"-1\">Prendre ma d\u00e9cision de pr\u00e9servation de la fertilit\u00e9<\/a><\/li>\n<li class=\"menu-item menu-item-type-post_type menu-item-object-page menu-item-7144\"><a href=\"https:\/\/cancerfertilityandme.org.uk\/adult-women\/making-your-fertility-preservation-decision\/talking-with-your-fertility-care-team-about-fertility-preservation\/\" class=\"elementor-item\" tabindex=\"-1\">Discuter avec votre \u00e9quipe de soins de fertilit\u00e9 de la pr\u00e9servation de votre fertilit\u00e9<\/a><\/li>\n<li class=\"menu-item menu-item-type-post_type menu-item-object-page menu-item-7143\"><a href=\"https:\/\/cancerfertilityandme.org.uk\/adult-women\/making-your-fertility-preservation-decision\/talking-about-the-fertility-preservation-decision\/\" class=\"elementor-item\" tabindex=\"-1\">Parler de la d\u00e9cision de pr\u00e9servation de la fertilit\u00e9<\/a><\/li>\n<li class=\"menu-item menu-item-type-post_type menu-item-object-page menu-item-2133\"><a href=\"https:\/\/cancerfertilityandme.org.uk\/adult-women\/contraception-family-planning\/questions-to-ask-your-cancer-care-team-or-gp\/\" class=\"elementor-item\" tabindex=\"-1\">Questions \u00e0 poser \u00e0 votre \u00e9quipe de canc\u00e9rologie ou \u00e0 votre m\u00e9decin g\u00e9n\u00e9raliste<\/a><\/li>\n<li class=\"menu-item menu-item-type-post_type menu-item-object-page menu-item-7142\"><a href=\"https:\/\/cancerfertilityandme.org.uk\/adult-women\/making-your-fertility-preservation-decision\/financial-costs-associated-with-undergoing-fertility-preservation\/\" class=\"elementor-item\" tabindex=\"-1\">Co\u00fbts financiers li\u00e9s \u00e0 la pr\u00e9servation de la fertilit\u00e9<\/a><\/li>\n<li class=\"menu-item menu-item-type-post_type menu-item-object-page menu-item-7145\"><a href=\"https:\/\/cancerfertilityandme.org.uk\/adult-women\/fertility-preservation-options\/summary-of-fertility-preservation-options\/\" class=\"elementor-item\" tabindex=\"-1\">R\u00e9sum\u00e9 des options de pr\u00e9servation de la fertilit\u00e9.<\/a><\/li>\n<\/ul>\t\t\t<\/nav>\n\t\t\t\t\t\t<\/div>\n\t\t\t\t<\/div>\n\t\t\t\t<\/div>\n\t\t\t\t<\/div>\n\t\t\t\t\t<\/div>\n\t\t\t\t<\/main>\n\t\t\t\t<\/div>\n\t\t","protected":false},"excerpt":{"rendered":"<p>Discuter avec votre \u00e9quipe de soins de fertilit\u00e9 de la pr\u00e9servation de votre fertilit\u00e9 L\u2019\u00e9quipe de soins de fertilit\u00e9 applique des techniques connues sous le nom de pr\u00e9servation de la fertilit\u00e9 pour les femmes atteintes de cancer. Vous pouvez vous entretenir de la mise en place d\u2019une ou plusieurs technique(s) de pr\u00e9servation de la fertilit\u00e9 [&hellip;]<\/p>\n","protected":false},"author":1,"featured_media":0,"parent":5834,"menu_order":0,"comment_status":"closed","ping_status":"open","template":"","meta":{"footnotes":""},"class_list":["post-5830","page","type-page","status-publish","hentry"],"_links":{"self":[{"href":"https:\/\/cancerfertilityandme.org.uk\/fr\/wp-json\/wp\/v2\/pages\/5830","targetHints":{"allow":["GET"]}}],"collection":[{"href":"https:\/\/cancerfertilityandme.org.uk\/fr\/wp-json\/wp\/v2\/pages"}],"about":[{"href":"https:\/\/cancerfertilityandme.org.uk\/fr\/wp-json\/wp\/v2\/types\/page"}],"author":[{"embeddable":true,"href":"https:\/\/cancerfertilityandme.org.uk\/fr\/wp-json\/wp\/v2\/users\/1"}],"replies":[{"embeddable":true,"href":"https:\/\/cancerfertilityandme.org.uk\/fr\/wp-json\/wp\/v2\/comments?post=5830"}],"version-history":[{"count":3,"href":"https:\/\/cancerfertilityandme.org.uk\/fr\/wp-json\/wp\/v2\/pages\/5830\/revisions"}],"predecessor-version":[{"id":9572,"href":"https:\/\/cancerfertilityandme.org.uk\/fr\/wp-json\/wp\/v2\/pages\/5830\/revisions\/9572"}],"up":[{"embeddable":true,"href":"https:\/\/cancerfertilityandme.org.uk\/fr\/wp-json\/wp\/v2\/pages\/5834"}],"wp:attachment":[{"href":"https:\/\/cancerfertilityandme.org.uk\/fr\/wp-json\/wp\/v2\/media?parent=5830"}],"curies":[{"name":"wp","href":"https:\/\/api.w.org\/{rel}","templated":true}]}}