{"id":5828,"date":"2018-11-07T09:40:51","date_gmt":"2018-11-07T09:40:51","guid":{"rendered":"https:\/\/cancerfertilityandme.org.uk\/techniques-economes-en-fertilite-specifiques-a-certains-cancers\/"},"modified":"2025-11-17T10:58:11","modified_gmt":"2025-11-17T10:58:11","slug":"techniques-economes-en-fertilite-specifiques-a-certains-cancers","status":"publish","type":"page","link":"https:\/\/cancerfertilityandme.org.uk\/fr\/femmes-adultes\/les-options-de-preservation-de-la-fertilite-2\/techniques-economes-en-fertilite-specifiques-a-certains-cancers\/","title":{"rendered":"Techniques \u00e9conomes en fertilit\u00e9 sp\u00e9cifiques \u00e0 certains cancers"},"content":{"rendered":"\t\t<div data-elementor-type=\"wp-page\" data-elementor-id=\"5828\" class=\"elementor elementor-5828 elementor-5459\" data-elementor-post-type=\"page\">\n\t\t\t\t<main class=\"elementor-element elementor-element-3ef24d e-flex e-con-boxed e-con e-parent\" data-id=\"3ef24d\" data-element_type=\"container\" data-e-type=\"container\">\n\t\t\t\t\t<div class=\"e-con-inner\">\n\t\t<div class=\"elementor-element elementor-element-2ea7d24c e-con-full e-flex e-con e-child\" data-id=\"2ea7d24c\" data-element_type=\"container\" data-e-type=\"container\">\n\t\t\t\t<div class=\"elementor-element elementor-element-38fe551c elementor-widget elementor-widget-text-editor\" data-id=\"38fe551c\" data-element_type=\"widget\" data-e-type=\"widget\" data-widget_type=\"text-editor.default\">\n\t\t\t\t<div class=\"elementor-widget-container\">\n\t\t\t\t\t\t\t\t\t<h2>Techniques \u00e9conomes en fertilit\u00e9 sp\u00e9cifiques \u00e0 certains cancers<\/h2><p>Si vous avez re\u00e7u un diagnostic de cancer du col de l\u2019ut\u00e9rus ou si vous \u00eates trait\u00e9e par radioth\u00e9rapie du bassin, certains traitements de pr\u00e9servation de la fertilit\u00e9 peuvent vous convenir. Ceux-ci sont fournis par votre \u00e9quipe de soins anticanc\u00e9reux et peuvent \u00e9galement aider \u00e0 pr\u00e9server votre fertilit\u00e9. L\u2019\u00e9quipe de soins anticanc\u00e9reux discute avec les femmes de la possibilit\u00e9 de recourir \u00e0 ces techniques de pr\u00e9servation de la fertilit\u00e9 dans le cadre de leur traitement anticanc\u00e9reux.  <\/p><h3>Trach\u00e9lectomie<\/h3><p>La trach\u00e9lectomie est une intervention chirurgicale qui a por but de supprimer le cancer du col de l\u2019ut\u00e9rus. Le col de l\u2019ut\u00e9rus, la partie sup\u00e9rieure du vagin et les ganglions lymphatiques (dans le bassin) sont retir\u00e9s. L\u2019ut\u00e9rus est laiss\u00e9 en place. Cela peut \u00eatre une option si vous avez re\u00e7u un diagnostic de cancer du col de l\u2019ut\u00e9rus \u00e0 un stade pr\u00e9coce. Les effets secondaires peuvent inclure des saignements, des infections et des caillots sanguins dans les veines (thrombose). Les effets secondaires chirurgicaux peuvent \u00eatre une plaie ou une perforation de l\u2019intestin ou de la vessie. Il s\u2019agit d\u2019une chirurgie ambulatoire qui n\u2019entra\u00eene aucun retard dans le traitement du cancer. Une trach\u00e9lectomie donne \u00e0 une jeune femme atteinte d\u2019un cancer du col de l\u2019ut\u00e9rus \u00e0 un stade pr\u00e9coce la possibilit\u00e9 d\u2019avoir un enfant apr\u00e8s le traitement anticanc\u00e9reux. Il existe un risque de fausse couche et d\u2019accouchement pr\u00e9matur\u00e9 pour les femmes enceintes qui ont subi un traitement par trach\u00e9lectomie. La femme devra accoucher par c\u00e9sarienne (section C). Des \u00e9tudes ont montr\u00e9 qu\u2019une trach\u00e9lectomie n\u2019affecte pas les risques de r\u00e9cidive du cancer.          <\/p><h3>Transposition ovarienne<\/h3><p>La transposition ovarienne est une intervention chirurgicale qui consiste \u00e0 \u00e9loigner les ovaires du champ de traitement de radioth\u00e9rapie. Cela peut \u00eatre une option si vous recevez un traitement de radioth\u00e9rapie du bassin. Les effets secondaires peuvent inclure des blessures aux organes internes. Il s\u2019agit d\u2019une chirurgie ambulatoire qui n\u2019entra\u00eene aucun retard dans le traitement du cancer. La probabilit\u00e9 que la transposition ovarienne aide une femme \u00e0 avoir un enfant \u00e0 l\u2019issue des traitements contre le cancer n\u2019est pas connue. Des \u00e9tudes ont montr\u00e9 qu\u2019elle n\u2019affecte pas le risque de r\u00e9cidive du cancer. Par contre, elle ne prot\u00e8ge pas les ovaires contre des effets de la chimioth\u00e9rapie.      <\/p><h3>Protection ovarienne<\/h3><p>La protection ovarienne fonctionne en prot\u00e9geant les ovaires pendant le traitement de radioth\u00e9rapie. Cela peut \u00eatre une option si vous recevez un traitement de radioth\u00e9rapie du bassin. Pendant votre radioth\u00e9rapie, une housse de protection est plac\u00e9e \u00e0 l\u2019ext\u00e9rieur du corps, sur la zone des ovaires. Vous pourrez rentrer chez vous imm\u00e9diatement apr\u00e8s votre radioth\u00e9rapie.   <\/p><p>La protection ovarienne ne retarde pas le traitement du cancer. Bien que cela puisse vous \u00eatre propos\u00e9, les donn\u00e9es sugg\u00e8rent que cette option offre une mauvaise protection des ovaires pendant le traitement de radioth\u00e9rapie. Les risques d\u2019avoir un enfant \u00e0 l\u2019issue des traitements contre le cancer ne sont pas connus. On ne sait pas encore si la protection des ovaires affecte les risques de d\u00e9veloppement ou de r\u00e9apparition des cancers. Par contre, elle ne prot\u00e8ge pas les ovaires contre des effets de la chimioth\u00e9rapie.    <\/p><p>Vous trouverez peut-\u00eatre utile de faire une liste de ce qui vous pla\u00eet et de ce qui vous inqui\u00e8te au sujet de cette option.<\/p><p>Ces notes pourraient vous aider \u00e0 d\u00e9terminer si cette option est la meilleure pour vous avec votre \u00e9quipe de soins anticanc\u00e9reux, votre \u00e9quipe de soins de fertilit\u00e9, votre partenaire, votre famille et vos amis .<\/p>\t\t\t\t\t\t\t\t<\/div>\n\t\t\t\t<\/div>\n\t\t<div class=\"elementor-element elementor-element-2ca0357c e-con-full e-flex e-con e-child\" data-id=\"2ca0357c\" data-element_type=\"container\" data-e-type=\"container\" data-settings=\"{&quot;background_background&quot;:&quot;classic&quot;}\">\n\t\t\t\t<div class=\"elementor-element elementor-element-2fcc4574 elementor-widget elementor-widget-text-editor\" data-id=\"2fcc4574\" data-element_type=\"widget\" data-e-type=\"widget\" data-widget_type=\"text-editor.default\">\n\t\t\t\t<div class=\"elementor-widget-container\">\n\t\t\t\t\t\t\t\t\t<p><strong>Vous trouverez peut-\u00eatre utile de faire une liste de ce qui vous pla\u00eet et de ce qui vous inqui\u00e8te au sujet de cette option.<\/strong><\/p><p>Ces notes pourraient vous aider \u00e0 d\u00e9terminer si cette option est la meilleure pour vous avec votre \u00e9quipe de soins anticanc\u00e9reux, votre \u00e9quipe de soins de fertilit\u00e9, votre partenaire, votre famille et vos amis .<\/p>\t\t\t\t\t\t\t\t<\/div>\n\t\t\t\t<\/div>\n\t\t\t\t<\/div>\n\t\t\t\t<\/div>\n\t\t<div class=\"elementor-element elementor-element-273f5b94 e-con-full e-flex e-con e-child\" data-id=\"273f5b94\" data-element_type=\"container\" data-e-type=\"container\">\n\t\t<div class=\"elementor-element elementor-element-abd1727 e-con-full e-flex e-con e-child\" data-id=\"abd1727\" data-element_type=\"container\" data-e-type=\"container\">\n\t\t\t\t<div class=\"elementor-element elementor-element-e5e2951 elementor-widget elementor-widget-image\" data-id=\"e5e2951\" data-element_type=\"widget\" data-e-type=\"widget\" data-widget_type=\"image.default\">\n\t\t\t\t<div class=\"elementor-widget-container\">\n\t\t\t\t\t\t\t\t\t\t\t\t\t\t\t\t<a href=\"http:\/\/.\/\">\n\t\t\t\t\t\t\t<img fetchpriority=\"high\" decoding=\"async\" width=\"400\" height=\"440\" src=\"https:\/\/cancerfertilityandme.org.uk\/wp-content\/uploads\/cancerfertilityandme-logo-column-adult-women.png\" class=\"attachment-full size-full wp-image-2280\" alt=\"\" srcset=\"https:\/\/cancerfertilityandme.org.uk\/wp-content\/uploads\/cancerfertilityandme-logo-column-adult-women.png 400w, https:\/\/cancerfertilityandme.org.uk\/wp-content\/uploads\/cancerfertilityandme-logo-column-adult-women-273x300.png 273w\" sizes=\"(max-width: 400px) 100vw, 400px\" \/>\t\t\t\t\t\t\t\t<\/a>\n\t\t\t\t\t\t\t\t\t\t\t\t\t\t\t<\/div>\n\t\t\t\t<\/div>\n\t\t\t\t<\/div>\n\t\t<div class=\"elementor-element elementor-element-717e5239 e-con-full e-flex e-con e-child\" data-id=\"717e5239\" data-element_type=\"container\" data-e-type=\"container\">\n\t\t\t\t<div class=\"elementor-element elementor-element-7e5ce8d6 elementor-widget elementor-widget-heading\" data-id=\"7e5ce8d6\" data-element_type=\"widget\" data-e-type=\"widget\" data-widget_type=\"heading.default\">\n\t\t\t\t<div class=\"elementor-widget-container\">\n\t\t\t\t\t<h3 class=\"elementor-heading-title elementor-size-default\">Suivez ces liens pour plus d\u2019informations<\/h3>\t\t\t\t<\/div>\n\t\t\t\t<\/div>\n\t\t\t\t<div class=\"elementor-element elementor-element-506af5cf elementor-nav-menu--dropdown-none elementor-widget elementor-widget-nav-menu\" data-id=\"506af5cf\" data-element_type=\"widget\" data-e-type=\"widget\" data-settings=\"{&quot;layout&quot;:&quot;vertical&quot;,&quot;submenu_icon&quot;:{&quot;value&quot;:&quot;&lt;svg aria-hidden=\\&quot;true\\&quot; class=\\&quot;e-font-icon-svg e-fas-caret-down\\&quot; viewBox=\\&quot;0 0 320 512\\&quot; xmlns=\\&quot;http:\\\/\\\/www.w3.org\\\/2000\\\/svg\\&quot;&gt;&lt;path d=\\&quot;M31.3 192h257.3c17.8 0 26.7 21.5 14.1 34.1L174.1 354.8c-7.8 7.8-20.5 7.8-28.3 0L17.2 226.1C4.6 213.5 13.5 192 31.3 192z\\&quot;&gt;&lt;\\\/path&gt;&lt;\\\/svg&gt;&quot;,&quot;library&quot;:&quot;fa-solid&quot;}}\" data-widget_type=\"nav-menu.default\">\n\t\t\t\t<div class=\"elementor-widget-container\">\n\t\t\t\t\t\t\t\t<nav aria-label=\"Menu\" class=\"elementor-nav-menu--main elementor-nav-menu__container elementor-nav-menu--layout-vertical e--pointer-none\">\n\t\t\t\t<ul id=\"menu-1-506af5cf\" class=\"elementor-nav-menu sm-vertical\"><li class=\"menu-item menu-item-type-post_type menu-item-object-page menu-item-6985\"><a href=\"https:\/\/cancerfertilityandme.org.uk\/adult-women\/fertility-preservation-options\/\" class=\"elementor-item\">Les options de pr\u00e9servation de la fertilit\u00e9<\/a><\/li>\n<li class=\"menu-item menu-item-type-post_type menu-item-object-page menu-item-6994\"><a href=\"https:\/\/cancerfertilityandme.org.uk\/adult-women\/fertility-preservation-options\/summary-of-fertility-preservation-options\/\" class=\"elementor-item\">R\u00e9sum\u00e9 des options de pr\u00e9servation de la fertilit\u00e9.<\/a><\/li>\n<li class=\"menu-item menu-item-type-post_type menu-item-object-page menu-item-6990\"><a href=\"https:\/\/cancerfertilityandme.org.uk\/adult-women\/fertility-preservation-options\/no-fertility-preservation\/\" class=\"elementor-item\">Aucune pr\u00e9servation de la fertilit\u00e9<\/a><\/li>\n<li class=\"menu-item menu-item-type-post_type menu-item-object-page menu-item-6987\"><a href=\"https:\/\/cancerfertilityandme.org.uk\/adult-women\/fertility-preservation-options\/egg-freezing\/\" class=\"elementor-item\">Cong\u00e9lation des ovules<\/a><\/li>\n<li class=\"menu-item menu-item-type-post_type menu-item-object-page menu-item-6988\"><a href=\"https:\/\/cancerfertilityandme.org.uk\/adult-women\/fertility-preservation-options\/embryo-freezing\/\" class=\"elementor-item\">Cong\u00e9lation d&#8217;embryons<\/a><\/li>\n<li class=\"menu-item menu-item-type-post_type menu-item-object-page menu-item-6992\"><a href=\"https:\/\/cancerfertilityandme.org.uk\/adult-women\/fertility-preservation-options\/ovarian-tissue-freezing\/\" class=\"elementor-item\">Cong\u00e9lation du tissu ovarien<\/a><\/li>\n<li class=\"menu-item menu-item-type-post_type menu-item-object-page menu-item-6991\"><a href=\"https:\/\/cancerfertilityandme.org.uk\/adult-women\/fertility-preservation-options\/ovarian-suppression\/\" class=\"elementor-item\">Suppression de la fonction ovarienne<\/a><\/li>\n<li class=\"menu-item menu-item-type-post_type menu-item-object-page menu-item-6986\"><a href=\"https:\/\/cancerfertilityandme.org.uk\/adult-women\/fertility-preservation-options\/cancer-specific-fertility-sparing-options\/\" class=\"elementor-item\">Techniques \u00e9conomes en fertilit\u00e9 sp\u00e9cifiques \u00e0 certains cancers<\/a><\/li>\n<li class=\"menu-item menu-item-type-post_type menu-item-object-page menu-item-11368\"><a href=\"https:\/\/cancerfertilityandme.org.uk\/adult-women\/fertility-preservation-options\/other-cancer-treatments\/\" class=\"elementor-item\">Autres traitements anticanc\u00e9reux<\/a><\/li>\n<li class=\"menu-item menu-item-type-post_type menu-item-object-page menu-item-6993\"><a href=\"https:\/\/cancerfertilityandme.org.uk\/adult-women\/fertility-preservation-options\/questions-to-ask-your-cancer-fertility-care-teams\/\" class=\"elementor-item\">Questions \u00e0 poser \u00e0 votre \u00e9quipe de canc\u00e9rologie et \u00e0 votre \u00e9quipe de soins de fertilit\u00e9<\/a><\/li>\n<\/ul>\t\t\t<\/nav>\n\t\t\t\t\t\t<nav class=\"elementor-nav-menu--dropdown elementor-nav-menu__container\" aria-hidden=\"true\">\n\t\t\t\t<ul id=\"menu-2-506af5cf\" class=\"elementor-nav-menu sm-vertical\"><li class=\"menu-item menu-item-type-post_type menu-item-object-page menu-item-6985\"><a href=\"https:\/\/cancerfertilityandme.org.uk\/adult-women\/fertility-preservation-options\/\" class=\"elementor-item\" tabindex=\"-1\">Les options de pr\u00e9servation de la fertilit\u00e9<\/a><\/li>\n<li class=\"menu-item menu-item-type-post_type menu-item-object-page menu-item-6994\"><a href=\"https:\/\/cancerfertilityandme.org.uk\/adult-women\/fertility-preservation-options\/summary-of-fertility-preservation-options\/\" class=\"elementor-item\" tabindex=\"-1\">R\u00e9sum\u00e9 des options de pr\u00e9servation de la fertilit\u00e9.<\/a><\/li>\n<li class=\"menu-item menu-item-type-post_type menu-item-object-page menu-item-6990\"><a href=\"https:\/\/cancerfertilityandme.org.uk\/adult-women\/fertility-preservation-options\/no-fertility-preservation\/\" class=\"elementor-item\" tabindex=\"-1\">Aucune pr\u00e9servation de la fertilit\u00e9<\/a><\/li>\n<li class=\"menu-item menu-item-type-post_type menu-item-object-page menu-item-6987\"><a href=\"https:\/\/cancerfertilityandme.org.uk\/adult-women\/fertility-preservation-options\/egg-freezing\/\" class=\"elementor-item\" tabindex=\"-1\">Cong\u00e9lation des ovules<\/a><\/li>\n<li class=\"menu-item menu-item-type-post_type menu-item-object-page menu-item-6988\"><a href=\"https:\/\/cancerfertilityandme.org.uk\/adult-women\/fertility-preservation-options\/embryo-freezing\/\" class=\"elementor-item\" tabindex=\"-1\">Cong\u00e9lation d&#8217;embryons<\/a><\/li>\n<li class=\"menu-item menu-item-type-post_type menu-item-object-page menu-item-6992\"><a href=\"https:\/\/cancerfertilityandme.org.uk\/adult-women\/fertility-preservation-options\/ovarian-tissue-freezing\/\" class=\"elementor-item\" tabindex=\"-1\">Cong\u00e9lation du tissu ovarien<\/a><\/li>\n<li class=\"menu-item menu-item-type-post_type menu-item-object-page menu-item-6991\"><a href=\"https:\/\/cancerfertilityandme.org.uk\/adult-women\/fertility-preservation-options\/ovarian-suppression\/\" class=\"elementor-item\" tabindex=\"-1\">Suppression de la fonction ovarienne<\/a><\/li>\n<li class=\"menu-item menu-item-type-post_type menu-item-object-page menu-item-6986\"><a href=\"https:\/\/cancerfertilityandme.org.uk\/adult-women\/fertility-preservation-options\/cancer-specific-fertility-sparing-options\/\" class=\"elementor-item\" tabindex=\"-1\">Techniques \u00e9conomes en fertilit\u00e9 sp\u00e9cifiques \u00e0 certains cancers<\/a><\/li>\n<li class=\"menu-item menu-item-type-post_type menu-item-object-page menu-item-11368\"><a href=\"https:\/\/cancerfertilityandme.org.uk\/adult-women\/fertility-preservation-options\/other-cancer-treatments\/\" class=\"elementor-item\" tabindex=\"-1\">Autres traitements anticanc\u00e9reux<\/a><\/li>\n<li class=\"menu-item menu-item-type-post_type menu-item-object-page menu-item-6993\"><a href=\"https:\/\/cancerfertilityandme.org.uk\/adult-women\/fertility-preservation-options\/questions-to-ask-your-cancer-fertility-care-teams\/\" class=\"elementor-item\" tabindex=\"-1\">Questions \u00e0 poser \u00e0 votre \u00e9quipe de canc\u00e9rologie et \u00e0 votre \u00e9quipe de soins de fertilit\u00e9<\/a><\/li>\n<\/ul>\t\t\t<\/nav>\n\t\t\t\t\t\t<\/div>\n\t\t\t\t<\/div>\n\t\t\t\t<\/div>\n\t\t\t\t<\/div>\n\t\t\t\t\t<\/div>\n\t\t\t\t<\/main>\n\t\t\t\t<\/div>\n\t\t","protected":false},"excerpt":{"rendered":"<p>Techniques \u00e9conomes en fertilit\u00e9 sp\u00e9cifiques \u00e0 certains cancers Si vous avez re\u00e7u un diagnostic de cancer du col de l\u2019ut\u00e9rus ou si vous \u00eates trait\u00e9e par radioth\u00e9rapie du bassin, certains traitements de pr\u00e9servation de la fertilit\u00e9 peuvent vous convenir. Ceux-ci sont fournis par votre \u00e9quipe de soins anticanc\u00e9reux et peuvent \u00e9galement aider \u00e0 pr\u00e9server votre [&hellip;]<\/p>\n","protected":false},"author":1,"featured_media":0,"parent":5822,"menu_order":0,"comment_status":"closed","ping_status":"open","template":"","meta":{"footnotes":""},"class_list":["post-5828","page","type-page","status-publish","hentry"],"_links":{"self":[{"href":"https:\/\/cancerfertilityandme.org.uk\/fr\/wp-json\/wp\/v2\/pages\/5828","targetHints":{"allow":["GET"]}}],"collection":[{"href":"https:\/\/cancerfertilityandme.org.uk\/fr\/wp-json\/wp\/v2\/pages"}],"about":[{"href":"https:\/\/cancerfertilityandme.org.uk\/fr\/wp-json\/wp\/v2\/types\/page"}],"author":[{"embeddable":true,"href":"https:\/\/cancerfertilityandme.org.uk\/fr\/wp-json\/wp\/v2\/users\/1"}],"replies":[{"embeddable":true,"href":"https:\/\/cancerfertilityandme.org.uk\/fr\/wp-json\/wp\/v2\/comments?post=5828"}],"version-history":[{"count":3,"href":"https:\/\/cancerfertilityandme.org.uk\/fr\/wp-json\/wp\/v2\/pages\/5828\/revisions"}],"predecessor-version":[{"id":9470,"href":"https:\/\/cancerfertilityandme.org.uk\/fr\/wp-json\/wp\/v2\/pages\/5828\/revisions\/9470"}],"up":[{"embeddable":true,"href":"https:\/\/cancerfertilityandme.org.uk\/fr\/wp-json\/wp\/v2\/pages\/5822"}],"wp:attachment":[{"href":"https:\/\/cancerfertilityandme.org.uk\/fr\/wp-json\/wp\/v2\/media?parent=5828"}],"curies":[{"name":"wp","href":"https:\/\/api.w.org\/{rel}","templated":true}]}}