{"id":5826,"date":"2018-11-07T09:40:16","date_gmt":"2018-11-07T09:40:16","guid":{"rendered":"https:\/\/cancerfertilityandme.org.uk\/suppression-de-la-fonction-ovarienne\/"},"modified":"2025-11-17T10:59:23","modified_gmt":"2025-11-17T10:59:23","slug":"suppression-de-la-fonction-ovarienne","status":"publish","type":"page","link":"https:\/\/cancerfertilityandme.org.uk\/fr\/femmes-adultes\/les-options-de-preservation-de-la-fertilite-2\/suppression-de-la-fonction-ovarienne\/","title":{"rendered":"Suppression de la fonction ovarienne"},"content":{"rendered":"\t\t<div data-elementor-type=\"wp-page\" data-elementor-id=\"5826\" class=\"elementor elementor-5826 elementor-5457\" data-elementor-post-type=\"page\">\n\t\t\t\t<main class=\"elementor-element elementor-element-3014c1cc e-flex e-con-boxed e-con e-parent\" data-id=\"3014c1cc\" data-element_type=\"container\" data-e-type=\"container\">\n\t\t\t\t\t<div class=\"e-con-inner\">\n\t\t<div class=\"elementor-element elementor-element-177c0222 e-con-full e-flex e-con e-child\" data-id=\"177c0222\" data-element_type=\"container\" data-e-type=\"container\">\n\t\t\t\t<div class=\"elementor-element elementor-element-773dc4dd elementor-widget elementor-widget-text-editor\" data-id=\"773dc4dd\" data-element_type=\"widget\" data-e-type=\"widget\" data-widget_type=\"text-editor.default\">\n\t\t\t\t<div class=\"elementor-widget-container\">\n\t\t\t\t\t\t\t\t\t<h2>Suppression de la fonction ovarienne<\/h2><p><strong>Il s\u2019agit d\u2019une option qui permet de prot\u00e9ger les ovaires pendant le traitement anticanc\u00e9reux C\u2019est un traitement hormonal sous forme d\u2019injections. Il agit en \u00ab coupant \u00bb temporairement les \u0153strog\u00e8nes fabriqu\u00e9s par les ovaires. Cela provoque l\u2019arr\u00eat des r\u00e8gles jusqu\u2019\u00e0 ce que le traitement anticanc\u00e9reux soit termin\u00e9. Il n\u2019est pas certain que cette option augmente les chances d\u2019avoir un b\u00e9b\u00e9 \u00e0 l\u2019issue des traitements anticanc\u00e9reux.. La suppression de la fonction ovarienne peut \u00eatre utilis\u00e9e avant ou pendant la chimioth\u00e9rapie.     <\/strong><\/p><h3>A qui est-elle destin\u00e9e ?<\/h3><p>Aux femmes pub\u00e8res qui souhaitent pr\u00e9server leur fertilit\u00e9 et :<\/p><ul><li>qui sont en cours de chimioth\u00e9rapie.<\/li><\/ul><h3>Quelles sont les implications ?<\/h3><p>Vous aurez besoin d\u2019injections mensuelles pour arr\u00eater les hormones qui stimulent vos ovaires. Un traitement par analogue de la GnRH peut vous \u00eatre propos\u00e9. Il s\u2019agit d\u2019un traitement hormonal qui peut aider \u00e0 pr\u00e9server votre fertilit\u00e9.  <\/p><h3>Quelles sont les chances d\u2019avoir un b\u00e9b\u00e9 apr\u00e8s une suppression de la fonction ovarienne ?<\/h3><p>Les chances d\u2019avoir un b\u00e9b\u00e9 \u00e0 l\u2019issue du traitement anticanc\u00e9reux d\u00e9pendent de la fa\u00e7on dont vos ovaires ont \u00e9t\u00e9 affect\u00e9s par ledit traitement. La protection des ovaires contre la chimioth\u00e9rapie n\u2019est prouv\u00e9e que pour les femmes atteintes d\u2019un cancer du sein, et il n\u2019est pas dit que le traitement soit efficace pour les femmes atteintes d\u2019autres cancers. Il est difficile de pr\u00e9voir dans quelle mesure il augmente les chances de conception apr\u00e8s le traitement et il est possible que ce traitement soit moins efficace que les techniques de cong\u00e9lation ; il est donc pr\u00e9f\u00e9rable d\u2019opter pour ces derni\u00e8res si elles sont disponibles et si votre future fertilit\u00e9 est importante.  <\/p><h3>Cette option affectera-t-elle la sant\u00e9 du b\u00e9b\u00e9 ?<\/h3><p>Non, la sant\u00e9 future du b\u00e9b\u00e9 ne sera pas affect\u00e9e .<\/p><h3>Y a-t-il des effets secondaires du traitement utilis\u00e9 dans la suppression de la fonction ovarienne ?<\/h3><p>Cette option signifie arr\u00eater le fonctionnement des ovaires pendant une courte p\u00e9riode. Cela peut provoquer des effets secondaires semblables \u00e0 la m\u00e9nopause, tels que bouff\u00e9es de chaleur, changements d\u2019humeur, troubles du sommeil et s\u00e9cheresse vaginale. Ces sympt\u00f4mes sont temporaires car la suppression de la fonction ovarienne ne provoque pas de m\u00e9nopause d\u00e9finitive.  <\/p><h3>Cette option retardera-t-elle le d\u00e9but de mon traitement anticanc\u00e9reux ?<\/h3><p>Les injections d\u2019hormones sont g\u00e9n\u00e9ralement administr\u00e9es une fois par mois et commencent environ 2 semaines avant le traitement anticanc\u00e9reux. Une fois le traitement anticanc\u00e9reux commenc\u00e9, les injections sont administr\u00e9es chaque mois pendant toute la dur\u00e9e de la chimioth\u00e9rapie. <\/p><h3>Cette option affectera-t-elle mes risques de r\u00e9cidive du cancer?<\/h3><p>Des \u00e9tudes ont montr\u00e9 que la suppression de la fonction ovarienne n\u2019affecte pas le risque de r\u00e9cidive du cancer.<\/p>\t\t\t\t\t\t\t\t<\/div>\n\t\t\t\t<\/div>\n\t\t<div class=\"elementor-element elementor-element-5d10bed5 e-con-full e-flex e-con e-child\" data-id=\"5d10bed5\" data-element_type=\"container\" data-e-type=\"container\" data-settings=\"{&quot;background_background&quot;:&quot;classic&quot;}\">\n\t\t\t\t<div class=\"elementor-element elementor-element-581fd43b elementor-widget elementor-widget-text-editor\" data-id=\"581fd43b\" data-element_type=\"widget\" data-e-type=\"widget\" data-widget_type=\"text-editor.default\">\n\t\t\t\t<div class=\"elementor-widget-container\">\n\t\t\t\t\t\t\t\t\t<p><strong>Vous trouverez peut-\u00eatre utile de faire une liste de ce qui vous pla\u00eet et de ce qui vous inqui\u00e8te au sujet de cette option.<\/strong><\/p><p>Ces notes pourraient vous aider \u00e0 d\u00e9terminer si cette option est la meilleure pour vous avec votre \u00e9quipe de soins anticanc\u00e9reux, votre \u00e9quipe de soins de fertilit\u00e9, votre partenaire, votre famille et vos amis .<\/p>\t\t\t\t\t\t\t\t<\/div>\n\t\t\t\t<\/div>\n\t\t\t\t<\/div>\n\t\t\t\t<\/div>\n\t\t<div class=\"elementor-element elementor-element-197396fe e-con-full e-flex e-con e-child\" data-id=\"197396fe\" data-element_type=\"container\" data-e-type=\"container\">\n\t\t<div class=\"elementor-element elementor-element-70149e82 e-con-full e-flex e-con e-child\" data-id=\"70149e82\" data-element_type=\"container\" data-e-type=\"container\">\n\t\t\t\t<div class=\"elementor-element elementor-element-247aad18 elementor-widget elementor-widget-image\" data-id=\"247aad18\" data-element_type=\"widget\" data-e-type=\"widget\" data-widget_type=\"image.default\">\n\t\t\t\t<div class=\"elementor-widget-container\">\n\t\t\t\t\t\t\t\t\t\t\t\t\t\t\t\t<a href=\"http:\/\/.\/\">\n\t\t\t\t\t\t\t<img fetchpriority=\"high\" decoding=\"async\" width=\"400\" height=\"440\" src=\"https:\/\/cancerfertilityandme.org.uk\/wp-content\/uploads\/cancerfertilityandme-logo-column-adult-women.png\" class=\"attachment-full size-full wp-image-2280\" alt=\"\" srcset=\"https:\/\/cancerfertilityandme.org.uk\/wp-content\/uploads\/cancerfertilityandme-logo-column-adult-women.png 400w, https:\/\/cancerfertilityandme.org.uk\/wp-content\/uploads\/cancerfertilityandme-logo-column-adult-women-273x300.png 273w\" sizes=\"(max-width: 400px) 100vw, 400px\" \/>\t\t\t\t\t\t\t\t<\/a>\n\t\t\t\t\t\t\t\t\t\t\t\t\t\t\t<\/div>\n\t\t\t\t<\/div>\n\t\t\t\t<\/div>\n\t\t<div class=\"elementor-element elementor-element-388435d0 e-con-full e-flex e-con e-child\" data-id=\"388435d0\" data-element_type=\"container\" data-e-type=\"container\">\n\t\t\t\t<div class=\"elementor-element elementor-element-4d5f6543 elementor-widget elementor-widget-heading\" data-id=\"4d5f6543\" data-element_type=\"widget\" data-e-type=\"widget\" data-widget_type=\"heading.default\">\n\t\t\t\t<div class=\"elementor-widget-container\">\n\t\t\t\t\t<h3 class=\"elementor-heading-title elementor-size-default\">Suivez ces liens pour plus d\u2019informations<\/h3>\t\t\t\t<\/div>\n\t\t\t\t<\/div>\n\t\t\t\t<div class=\"elementor-element elementor-element-2a91258f elementor-nav-menu--dropdown-none elementor-widget elementor-widget-nav-menu\" data-id=\"2a91258f\" data-element_type=\"widget\" data-e-type=\"widget\" data-settings=\"{&quot;layout&quot;:&quot;vertical&quot;,&quot;submenu_icon&quot;:{&quot;value&quot;:&quot;&lt;svg aria-hidden=\\&quot;true\\&quot; class=\\&quot;e-font-icon-svg e-fas-caret-down\\&quot; viewBox=\\&quot;0 0 320 512\\&quot; xmlns=\\&quot;http:\\\/\\\/www.w3.org\\\/2000\\\/svg\\&quot;&gt;&lt;path d=\\&quot;M31.3 192h257.3c17.8 0 26.7 21.5 14.1 34.1L174.1 354.8c-7.8 7.8-20.5 7.8-28.3 0L17.2 226.1C4.6 213.5 13.5 192 31.3 192z\\&quot;&gt;&lt;\\\/path&gt;&lt;\\\/svg&gt;&quot;,&quot;library&quot;:&quot;fa-solid&quot;}}\" data-widget_type=\"nav-menu.default\">\n\t\t\t\t<div class=\"elementor-widget-container\">\n\t\t\t\t\t\t\t\t<nav aria-label=\"Menu\" class=\"elementor-nav-menu--main elementor-nav-menu__container elementor-nav-menu--layout-vertical e--pointer-none\">\n\t\t\t\t<ul id=\"menu-1-2a91258f\" class=\"elementor-nav-menu sm-vertical\"><li class=\"menu-item menu-item-type-post_type menu-item-object-page menu-item-6985\"><a href=\"https:\/\/cancerfertilityandme.org.uk\/adult-women\/fertility-preservation-options\/\" class=\"elementor-item\">Les options de pr\u00e9servation de la fertilit\u00e9<\/a><\/li>\n<li class=\"menu-item menu-item-type-post_type menu-item-object-page menu-item-6994\"><a href=\"https:\/\/cancerfertilityandme.org.uk\/adult-women\/fertility-preservation-options\/summary-of-fertility-preservation-options\/\" class=\"elementor-item\">R\u00e9sum\u00e9 des options de pr\u00e9servation de la fertilit\u00e9.<\/a><\/li>\n<li class=\"menu-item menu-item-type-post_type menu-item-object-page menu-item-6990\"><a href=\"https:\/\/cancerfertilityandme.org.uk\/adult-women\/fertility-preservation-options\/no-fertility-preservation\/\" class=\"elementor-item\">Aucune pr\u00e9servation de la fertilit\u00e9<\/a><\/li>\n<li class=\"menu-item menu-item-type-post_type menu-item-object-page menu-item-6987\"><a href=\"https:\/\/cancerfertilityandme.org.uk\/adult-women\/fertility-preservation-options\/egg-freezing\/\" class=\"elementor-item\">Cong\u00e9lation des ovules<\/a><\/li>\n<li class=\"menu-item menu-item-type-post_type menu-item-object-page menu-item-6988\"><a href=\"https:\/\/cancerfertilityandme.org.uk\/adult-women\/fertility-preservation-options\/embryo-freezing\/\" class=\"elementor-item\">Cong\u00e9lation d&#8217;embryons<\/a><\/li>\n<li class=\"menu-item menu-item-type-post_type menu-item-object-page menu-item-6992\"><a href=\"https:\/\/cancerfertilityandme.org.uk\/adult-women\/fertility-preservation-options\/ovarian-tissue-freezing\/\" class=\"elementor-item\">Cong\u00e9lation du tissu ovarien<\/a><\/li>\n<li class=\"menu-item menu-item-type-post_type menu-item-object-page menu-item-6991\"><a href=\"https:\/\/cancerfertilityandme.org.uk\/adult-women\/fertility-preservation-options\/ovarian-suppression\/\" class=\"elementor-item\">Suppression de la fonction ovarienne<\/a><\/li>\n<li class=\"menu-item menu-item-type-post_type menu-item-object-page menu-item-6986\"><a href=\"https:\/\/cancerfertilityandme.org.uk\/adult-women\/fertility-preservation-options\/cancer-specific-fertility-sparing-options\/\" class=\"elementor-item\">Techniques \u00e9conomes en fertilit\u00e9 sp\u00e9cifiques \u00e0 certains cancers<\/a><\/li>\n<li class=\"menu-item menu-item-type-post_type menu-item-object-page menu-item-11368\"><a href=\"https:\/\/cancerfertilityandme.org.uk\/adult-women\/fertility-preservation-options\/other-cancer-treatments\/\" class=\"elementor-item\">Autres traitements anticanc\u00e9reux<\/a><\/li>\n<li class=\"menu-item menu-item-type-post_type menu-item-object-page menu-item-6993\"><a href=\"https:\/\/cancerfertilityandme.org.uk\/adult-women\/fertility-preservation-options\/questions-to-ask-your-cancer-fertility-care-teams\/\" class=\"elementor-item\">Questions \u00e0 poser \u00e0 votre \u00e9quipe de canc\u00e9rologie et \u00e0 votre \u00e9quipe de soins de fertilit\u00e9<\/a><\/li>\n<\/ul>\t\t\t<\/nav>\n\t\t\t\t\t\t<nav class=\"elementor-nav-menu--dropdown elementor-nav-menu__container\" aria-hidden=\"true\">\n\t\t\t\t<ul id=\"menu-2-2a91258f\" class=\"elementor-nav-menu sm-vertical\"><li class=\"menu-item menu-item-type-post_type menu-item-object-page menu-item-6985\"><a href=\"https:\/\/cancerfertilityandme.org.uk\/adult-women\/fertility-preservation-options\/\" class=\"elementor-item\" tabindex=\"-1\">Les options de pr\u00e9servation de la fertilit\u00e9<\/a><\/li>\n<li class=\"menu-item menu-item-type-post_type menu-item-object-page menu-item-6994\"><a href=\"https:\/\/cancerfertilityandme.org.uk\/adult-women\/fertility-preservation-options\/summary-of-fertility-preservation-options\/\" class=\"elementor-item\" tabindex=\"-1\">R\u00e9sum\u00e9 des options de pr\u00e9servation de la fertilit\u00e9.<\/a><\/li>\n<li class=\"menu-item menu-item-type-post_type menu-item-object-page menu-item-6990\"><a href=\"https:\/\/cancerfertilityandme.org.uk\/adult-women\/fertility-preservation-options\/no-fertility-preservation\/\" class=\"elementor-item\" tabindex=\"-1\">Aucune pr\u00e9servation de la fertilit\u00e9<\/a><\/li>\n<li class=\"menu-item menu-item-type-post_type menu-item-object-page menu-item-6987\"><a href=\"https:\/\/cancerfertilityandme.org.uk\/adult-women\/fertility-preservation-options\/egg-freezing\/\" class=\"elementor-item\" tabindex=\"-1\">Cong\u00e9lation des ovules<\/a><\/li>\n<li class=\"menu-item menu-item-type-post_type menu-item-object-page menu-item-6988\"><a href=\"https:\/\/cancerfertilityandme.org.uk\/adult-women\/fertility-preservation-options\/embryo-freezing\/\" class=\"elementor-item\" tabindex=\"-1\">Cong\u00e9lation d&#8217;embryons<\/a><\/li>\n<li class=\"menu-item menu-item-type-post_type menu-item-object-page menu-item-6992\"><a href=\"https:\/\/cancerfertilityandme.org.uk\/adult-women\/fertility-preservation-options\/ovarian-tissue-freezing\/\" class=\"elementor-item\" tabindex=\"-1\">Cong\u00e9lation du tissu ovarien<\/a><\/li>\n<li class=\"menu-item menu-item-type-post_type menu-item-object-page menu-item-6991\"><a href=\"https:\/\/cancerfertilityandme.org.uk\/adult-women\/fertility-preservation-options\/ovarian-suppression\/\" class=\"elementor-item\" tabindex=\"-1\">Suppression de la fonction ovarienne<\/a><\/li>\n<li class=\"menu-item menu-item-type-post_type menu-item-object-page menu-item-6986\"><a href=\"https:\/\/cancerfertilityandme.org.uk\/adult-women\/fertility-preservation-options\/cancer-specific-fertility-sparing-options\/\" class=\"elementor-item\" tabindex=\"-1\">Techniques \u00e9conomes en fertilit\u00e9 sp\u00e9cifiques \u00e0 certains cancers<\/a><\/li>\n<li class=\"menu-item menu-item-type-post_type menu-item-object-page menu-item-11368\"><a href=\"https:\/\/cancerfertilityandme.org.uk\/adult-women\/fertility-preservation-options\/other-cancer-treatments\/\" class=\"elementor-item\" tabindex=\"-1\">Autres traitements anticanc\u00e9reux<\/a><\/li>\n<li class=\"menu-item menu-item-type-post_type menu-item-object-page menu-item-6993\"><a href=\"https:\/\/cancerfertilityandme.org.uk\/adult-women\/fertility-preservation-options\/questions-to-ask-your-cancer-fertility-care-teams\/\" class=\"elementor-item\" tabindex=\"-1\">Questions \u00e0 poser \u00e0 votre \u00e9quipe de canc\u00e9rologie et \u00e0 votre \u00e9quipe de soins de fertilit\u00e9<\/a><\/li>\n<\/ul>\t\t\t<\/nav>\n\t\t\t\t\t\t<\/div>\n\t\t\t\t<\/div>\n\t\t\t\t<\/div>\n\t\t\t\t<\/div>\n\t\t\t\t\t<\/div>\n\t\t\t\t<\/main>\n\t\t\t\t<\/div>\n\t\t","protected":false},"excerpt":{"rendered":"<p>Suppression de la fonction ovarienne Il s\u2019agit d\u2019une option qui permet de prot\u00e9ger les ovaires pendant le traitement anticanc\u00e9reux C\u2019est un traitement hormonal sous forme d\u2019injections. Il agit en \u00ab coupant \u00bb temporairement les \u0153strog\u00e8nes fabriqu\u00e9s par les ovaires. Cela provoque l\u2019arr\u00eat des r\u00e8gles jusqu\u2019\u00e0 ce que le traitement anticanc\u00e9reux soit termin\u00e9. Il n\u2019est pas [&hellip;]<\/p>\n","protected":false},"author":1,"featured_media":0,"parent":5822,"menu_order":0,"comment_status":"closed","ping_status":"open","template":"","meta":{"footnotes":""},"class_list":["post-5826","page","type-page","status-publish","hentry"],"_links":{"self":[{"href":"https:\/\/cancerfertilityandme.org.uk\/fr\/wp-json\/wp\/v2\/pages\/5826","targetHints":{"allow":["GET"]}}],"collection":[{"href":"https:\/\/cancerfertilityandme.org.uk\/fr\/wp-json\/wp\/v2\/pages"}],"about":[{"href":"https:\/\/cancerfertilityandme.org.uk\/fr\/wp-json\/wp\/v2\/types\/page"}],"author":[{"embeddable":true,"href":"https:\/\/cancerfertilityandme.org.uk\/fr\/wp-json\/wp\/v2\/users\/1"}],"replies":[{"embeddable":true,"href":"https:\/\/cancerfertilityandme.org.uk\/fr\/wp-json\/wp\/v2\/comments?post=5826"}],"version-history":[{"count":3,"href":"https:\/\/cancerfertilityandme.org.uk\/fr\/wp-json\/wp\/v2\/pages\/5826\/revisions"}],"predecessor-version":[{"id":9503,"href":"https:\/\/cancerfertilityandme.org.uk\/fr\/wp-json\/wp\/v2\/pages\/5826\/revisions\/9503"}],"up":[{"embeddable":true,"href":"https:\/\/cancerfertilityandme.org.uk\/fr\/wp-json\/wp\/v2\/pages\/5822"}],"wp:attachment":[{"href":"https:\/\/cancerfertilityandme.org.uk\/fr\/wp-json\/wp\/v2\/media?parent=5826"}],"curies":[{"name":"wp","href":"https:\/\/api.w.org\/{rel}","templated":true}]}}