{"id":5824,"date":"2018-11-07T09:39:25","date_gmt":"2018-11-07T09:39:25","guid":{"rendered":"https:\/\/cancerfertilityandme.org.uk\/pas-de-preservation-de-la-fertilite\/"},"modified":"2026-02-06T16:50:04","modified_gmt":"2026-02-06T16:50:04","slug":"pas-de-preservation-de-la-fertilite","status":"publish","type":"page","link":"https:\/\/cancerfertilityandme.org.uk\/fr\/femmes-adultes\/les-options-de-preservation-de-la-fertilite-2\/pas-de-preservation-de-la-fertilite\/","title":{"rendered":"Aucune pr\u00e9servation de la fertilit\u00e9"},"content":{"rendered":"\t\t<div data-elementor-type=\"wp-page\" data-elementor-id=\"5824\" class=\"elementor elementor-5824 elementor-5455\" data-elementor-post-type=\"page\">\n\t\t\t\t<main class=\"elementor-element elementor-element-54dce9cc e-flex e-con-boxed e-con e-parent\" data-id=\"54dce9cc\" data-element_type=\"container\" data-e-type=\"container\">\n\t\t\t\t\t<div class=\"e-con-inner\">\n\t\t<div class=\"elementor-element elementor-element-7f56bada e-con-full e-flex e-con e-child\" data-id=\"7f56bada\" data-element_type=\"container\" data-e-type=\"container\">\n\t\t\t\t<div class=\"elementor-element elementor-element-69d3544 elementor-widget elementor-widget-text-editor\" data-id=\"69d3544\" data-element_type=\"widget\" data-e-type=\"widget\" data-widget_type=\"text-editor.default\">\n\t\t\t\t<div class=\"elementor-widget-container\">\n\t\t\t\t\t\t\t\t\t<h2>Aucune pr\u00e9servation de la fertilit\u00e9<\/h2><p><strong>Cette option signifie que vous d\u00e9cidez de n\u2019avoir aucun recours aux techniques de pr\u00e9servation de la fertilit\u00e9 avant de commencer un traitement anticanc\u00e9reux. Les femmes qui commencent un traitement anticanc\u00e9reux ne voudront pas toutes suivre un traitement pour pr\u00e9server leur fertilit\u00e9, ni b\u00e9n\u00e9ficier de la pr\u00e9servation de leur fertilit\u00e9 en raison de leur type et de leur stade de cancer.  <\/strong><\/p><h3>A qui est-elle destin\u00e9e ?<\/h3><p>Aux femmes qui :<\/p><ul><li>Sont pr\u00eates \u00e0 \u00ab attendre et voir \u00bb si leur fertilit\u00e9 revient naturellement \u00e0 l\u2019issue des traitements contre le cancer.<\/li><li>Sont s\u00fbres qu\u2019elles ont d\u00e9j\u00e0 fond\u00e9 leur famille<\/li><li>Sont certaines qu\u2019elles ne souhaitent pas avoir de b\u00e9b\u00e9 \u00e0 l\u2019issue des traitements anticanc\u00e9reux.<\/li><li>N\u2019ont pas d\u2019options de pr\u00e9servation de la fertilit\u00e9 \u00e0 leur disposition . (Par exemple, en raison de croyances personnelles ou si les options ne sont pas disponibles \u00e0 leur clinique locale). <\/li><li>Ont un cancer \u00e0 croissance rapide et qui doivent commencer leur traitement anticanc\u00e9reux imm\u00e9diatement.<\/li><\/ul><p>Il est souvent conseill\u00e9 d\u2019attendre au moins deux ans apr\u00e8s la fin du traitement anticanc\u00e9reux avant d\u2019essayer de concevoir. Il peut y avoir un risque accru de r\u00e9cidive du cancer au cours des deux premi\u00e8res ann\u00e9es qui suivent le diagnostic. Attendre aussi longtemps peut ne pas convenir \u00e0 toutes les femmes. Si vous envisagez de tomber enceinte avant la fin de la p\u00e9riode de deux ans, parlez-en \u00e0 votre \u00e9quipe de soins anticanc\u00e9reux.   <\/p><h3>Quelles sont les implications ?<\/h3><p>Il n\u2019y a pas de proc\u00e9dure suppl\u00e9mentaire. Le traitement implique que vous poursuiviez votre traitement anticanc\u00e9reux et que vous choisissiez une m\u00e9thode de contraception pendant le traitement. <\/p><h3>Quelles sont les chances d\u2019avoir un b\u00e9b\u00e9 \u00e0 l\u2019issue des traitements contre le cancer ?<\/h3><p>Les chances d\u2019avoir un b\u00e9b\u00e9 \u00e0 l\u2019issue du traitement anticanc\u00e9reux d\u00e9pendent de la fa\u00e7on dont vos ovaires ont \u00e9t\u00e9 affect\u00e9s par ledit traitement. Certaines femmes peuvent tomber enceintes naturellement \u00e0 l\u2019issue des traitements contre le cancer sans avoir recours \u00e0 une technique de pr\u00e9servation de la fertilit\u00e9. Si le traitement provoque la m\u00e9nopause, il est peu probable qu\u2019une grossesse naturelle se produise.  <\/p><h3>Cette option affectera-t-elle la sant\u00e9 du b\u00e9b\u00e9 ?<\/h3><p>Non, la sant\u00e9 future du b\u00e9b\u00e9 ne sera pas affect\u00e9e.<\/p><h3>Y a-t-il des effets secondaires \u00e0 ne pas avoir de pr\u00e9servation de la fertilit\u00e9 ?<\/h3><p>Vous n\u2019aurez aucun effet secondaire du traitement de fertilit\u00e9.<\/p><h3>Cette option retardera-t-elle le d\u00e9but de mon traitement anticanc\u00e9reux ?<\/h3><p>Non, cette option ne retardera pas le d\u00e9but du traitement anticanc\u00e9reux.<\/p><h3>Cette option affectera-t-elle mes risques de r\u00e9cidive du cancer?<\/h3><p>Si vous choisissez de ne pas pr\u00e9server votre fertilit\u00e9, votre traitement anticanc\u00e9reux se poursuivra comme pr\u00e9vu. Le risque de r\u00e9cidive du cancer ne sera pas affect\u00e9. <\/p>\t\t\t\t\t\t\t\t<\/div>\n\t\t\t\t<\/div>\n\t\t<div class=\"elementor-element elementor-element-6f5c623e e-con-full e-flex e-con e-child\" data-id=\"6f5c623e\" data-element_type=\"container\" data-e-type=\"container\" data-settings=\"{&quot;background_background&quot;:&quot;classic&quot;}\">\n\t\t\t\t<div class=\"elementor-element elementor-element-f5f3e00 elementor-widget elementor-widget-text-editor\" data-id=\"f5f3e00\" data-element_type=\"widget\" data-e-type=\"widget\" data-widget_type=\"text-editor.default\">\n\t\t\t\t<div class=\"elementor-widget-container\">\n\t\t\t\t\t\t\t\t\t<p><strong>Vous trouverez peut-\u00eatre utile de faire une liste de ce qui vous pla\u00eet et de ce qui vous inqui\u00e8te au sujet de cette option.<\/strong><\/p><p>Ces notes pourraient vous aider \u00e0 d\u00e9terminer si cette option est la meilleure pour vous avec votre \u00e9quipe de soins anticanc\u00e9reux, votre \u00e9quipe de soins de fertilit\u00e9, votre partenaire, votre famille et vos amis .<\/p>\t\t\t\t\t\t\t\t<\/div>\n\t\t\t\t<\/div>\n\t\t\t\t<\/div>\n\t\t\t\t<\/div>\n\t\t<div class=\"elementor-element elementor-element-58378c8b e-con-full e-flex e-con e-child\" data-id=\"58378c8b\" data-element_type=\"container\" data-e-type=\"container\">\n\t\t<div class=\"elementor-element elementor-element-13316b00 e-con-full e-flex e-con e-child\" data-id=\"13316b00\" data-element_type=\"container\" data-e-type=\"container\">\n\t\t\t\t<div class=\"elementor-element elementor-element-c31194d elementor-widget elementor-widget-image\" data-id=\"c31194d\" data-element_type=\"widget\" data-e-type=\"widget\" data-widget_type=\"image.default\">\n\t\t\t\t<div class=\"elementor-widget-container\">\n\t\t\t\t\t\t\t\t\t\t\t\t\t\t\t\t<a href=\"http:\/\/.\/\">\n\t\t\t\t\t\t\t<img fetchpriority=\"high\" decoding=\"async\" width=\"400\" height=\"440\" src=\"https:\/\/cancerfertilityandme.org.uk\/wp-content\/uploads\/cancerfertilityandme-logo-column-adult-women.png\" class=\"attachment-full size-full wp-image-2280\" alt=\"\" srcset=\"https:\/\/cancerfertilityandme.org.uk\/wp-content\/uploads\/cancerfertilityandme-logo-column-adult-women.png 400w, https:\/\/cancerfertilityandme.org.uk\/wp-content\/uploads\/cancerfertilityandme-logo-column-adult-women-273x300.png 273w\" sizes=\"(max-width: 400px) 100vw, 400px\" \/>\t\t\t\t\t\t\t\t<\/a>\n\t\t\t\t\t\t\t\t\t\t\t\t\t\t\t<\/div>\n\t\t\t\t<\/div>\n\t\t\t\t<\/div>\n\t\t<div class=\"elementor-element elementor-element-777ab1d9 e-con-full e-flex e-con e-child\" data-id=\"777ab1d9\" data-element_type=\"container\" data-e-type=\"container\">\n\t\t\t\t<div class=\"elementor-element elementor-element-713a9489 elementor-widget elementor-widget-heading\" data-id=\"713a9489\" data-element_type=\"widget\" data-e-type=\"widget\" data-widget_type=\"heading.default\">\n\t\t\t\t<div class=\"elementor-widget-container\">\n\t\t\t\t\t<h3 class=\"elementor-heading-title elementor-size-default\">Suivez ces liens pour plus d\u2019informations<\/h3>\t\t\t\t<\/div>\n\t\t\t\t<\/div>\n\t\t\t\t<div class=\"elementor-element elementor-element-68b8562f elementor-nav-menu--dropdown-none elementor-widget elementor-widget-nav-menu\" data-id=\"68b8562f\" data-element_type=\"widget\" data-e-type=\"widget\" data-settings=\"{&quot;layout&quot;:&quot;vertical&quot;,&quot;submenu_icon&quot;:{&quot;value&quot;:&quot;&lt;svg aria-hidden=\\&quot;true\\&quot; class=\\&quot;e-font-icon-svg e-fas-caret-down\\&quot; viewBox=\\&quot;0 0 320 512\\&quot; xmlns=\\&quot;http:\\\/\\\/www.w3.org\\\/2000\\\/svg\\&quot;&gt;&lt;path d=\\&quot;M31.3 192h257.3c17.8 0 26.7 21.5 14.1 34.1L174.1 354.8c-7.8 7.8-20.5 7.8-28.3 0L17.2 226.1C4.6 213.5 13.5 192 31.3 192z\\&quot;&gt;&lt;\\\/path&gt;&lt;\\\/svg&gt;&quot;,&quot;library&quot;:&quot;fa-solid&quot;}}\" data-widget_type=\"nav-menu.default\">\n\t\t\t\t<div class=\"elementor-widget-container\">\n\t\t\t\t\t\t\t\t<nav aria-label=\"Menu\" class=\"elementor-nav-menu--main elementor-nav-menu__container elementor-nav-menu--layout-vertical e--pointer-none\">\n\t\t\t\t<ul id=\"menu-1-68b8562f\" class=\"elementor-nav-menu sm-vertical\"><li class=\"menu-item menu-item-type-post_type menu-item-object-page menu-item-6985\"><a href=\"https:\/\/cancerfertilityandme.org.uk\/adult-women\/fertility-preservation-options\/\" class=\"elementor-item\">Les options de pr\u00e9servation de la fertilit\u00e9<\/a><\/li>\n<li class=\"menu-item menu-item-type-post_type menu-item-object-page menu-item-6994\"><a href=\"https:\/\/cancerfertilityandme.org.uk\/adult-women\/fertility-preservation-options\/summary-of-fertility-preservation-options\/\" class=\"elementor-item\">R\u00e9sum\u00e9 des options de pr\u00e9servation de la fertilit\u00e9.<\/a><\/li>\n<li class=\"menu-item menu-item-type-post_type menu-item-object-page menu-item-6990\"><a href=\"https:\/\/cancerfertilityandme.org.uk\/adult-women\/fertility-preservation-options\/no-fertility-preservation\/\" class=\"elementor-item\">Aucune pr\u00e9servation de la fertilit\u00e9<\/a><\/li>\n<li class=\"menu-item menu-item-type-post_type menu-item-object-page menu-item-6987\"><a href=\"https:\/\/cancerfertilityandme.org.uk\/adult-women\/fertility-preservation-options\/egg-freezing\/\" class=\"elementor-item\">Cong\u00e9lation des ovules<\/a><\/li>\n<li class=\"menu-item menu-item-type-post_type menu-item-object-page menu-item-6988\"><a href=\"https:\/\/cancerfertilityandme.org.uk\/adult-women\/fertility-preservation-options\/embryo-freezing\/\" class=\"elementor-item\">Cong\u00e9lation d&#8217;embryons<\/a><\/li>\n<li class=\"menu-item menu-item-type-post_type menu-item-object-page menu-item-6992\"><a href=\"https:\/\/cancerfertilityandme.org.uk\/adult-women\/fertility-preservation-options\/ovarian-tissue-freezing\/\" class=\"elementor-item\">Cong\u00e9lation du tissu ovarien<\/a><\/li>\n<li class=\"menu-item menu-item-type-post_type menu-item-object-page menu-item-6991\"><a href=\"https:\/\/cancerfertilityandme.org.uk\/adult-women\/fertility-preservation-options\/ovarian-suppression\/\" class=\"elementor-item\">Suppression de la fonction ovarienne<\/a><\/li>\n<li class=\"menu-item menu-item-type-post_type menu-item-object-page menu-item-6986\"><a href=\"https:\/\/cancerfertilityandme.org.uk\/adult-women\/fertility-preservation-options\/cancer-specific-fertility-sparing-options\/\" class=\"elementor-item\">Techniques \u00e9conomes en fertilit\u00e9 sp\u00e9cifiques \u00e0 certains cancers<\/a><\/li>\n<li class=\"menu-item menu-item-type-post_type menu-item-object-page menu-item-11368\"><a href=\"https:\/\/cancerfertilityandme.org.uk\/adult-women\/fertility-preservation-options\/other-cancer-treatments\/\" class=\"elementor-item\">Autres traitements anticanc\u00e9reux<\/a><\/li>\n<li class=\"menu-item menu-item-type-post_type menu-item-object-page menu-item-6993\"><a href=\"https:\/\/cancerfertilityandme.org.uk\/adult-women\/fertility-preservation-options\/questions-to-ask-your-cancer-fertility-care-teams\/\" class=\"elementor-item\">Questions \u00e0 poser \u00e0 votre \u00e9quipe de canc\u00e9rologie et \u00e0 votre \u00e9quipe de soins de fertilit\u00e9<\/a><\/li>\n<\/ul>\t\t\t<\/nav>\n\t\t\t\t\t\t<nav class=\"elementor-nav-menu--dropdown elementor-nav-menu__container\" aria-hidden=\"true\">\n\t\t\t\t<ul id=\"menu-2-68b8562f\" class=\"elementor-nav-menu sm-vertical\"><li class=\"menu-item menu-item-type-post_type menu-item-object-page menu-item-6985\"><a href=\"https:\/\/cancerfertilityandme.org.uk\/adult-women\/fertility-preservation-options\/\" class=\"elementor-item\" tabindex=\"-1\">Les options de pr\u00e9servation de la fertilit\u00e9<\/a><\/li>\n<li class=\"menu-item menu-item-type-post_type menu-item-object-page menu-item-6994\"><a href=\"https:\/\/cancerfertilityandme.org.uk\/adult-women\/fertility-preservation-options\/summary-of-fertility-preservation-options\/\" class=\"elementor-item\" tabindex=\"-1\">R\u00e9sum\u00e9 des options de pr\u00e9servation de la fertilit\u00e9.<\/a><\/li>\n<li class=\"menu-item menu-item-type-post_type menu-item-object-page menu-item-6990\"><a href=\"https:\/\/cancerfertilityandme.org.uk\/adult-women\/fertility-preservation-options\/no-fertility-preservation\/\" class=\"elementor-item\" tabindex=\"-1\">Aucune pr\u00e9servation de la fertilit\u00e9<\/a><\/li>\n<li class=\"menu-item menu-item-type-post_type menu-item-object-page menu-item-6987\"><a href=\"https:\/\/cancerfertilityandme.org.uk\/adult-women\/fertility-preservation-options\/egg-freezing\/\" class=\"elementor-item\" tabindex=\"-1\">Cong\u00e9lation des ovules<\/a><\/li>\n<li class=\"menu-item menu-item-type-post_type menu-item-object-page menu-item-6988\"><a href=\"https:\/\/cancerfertilityandme.org.uk\/adult-women\/fertility-preservation-options\/embryo-freezing\/\" class=\"elementor-item\" tabindex=\"-1\">Cong\u00e9lation d&#8217;embryons<\/a><\/li>\n<li class=\"menu-item menu-item-type-post_type menu-item-object-page menu-item-6992\"><a href=\"https:\/\/cancerfertilityandme.org.uk\/adult-women\/fertility-preservation-options\/ovarian-tissue-freezing\/\" class=\"elementor-item\" tabindex=\"-1\">Cong\u00e9lation du tissu ovarien<\/a><\/li>\n<li class=\"menu-item menu-item-type-post_type menu-item-object-page menu-item-6991\"><a href=\"https:\/\/cancerfertilityandme.org.uk\/adult-women\/fertility-preservation-options\/ovarian-suppression\/\" class=\"elementor-item\" tabindex=\"-1\">Suppression de la fonction ovarienne<\/a><\/li>\n<li class=\"menu-item menu-item-type-post_type menu-item-object-page menu-item-6986\"><a href=\"https:\/\/cancerfertilityandme.org.uk\/adult-women\/fertility-preservation-options\/cancer-specific-fertility-sparing-options\/\" class=\"elementor-item\" tabindex=\"-1\">Techniques \u00e9conomes en fertilit\u00e9 sp\u00e9cifiques \u00e0 certains cancers<\/a><\/li>\n<li class=\"menu-item menu-item-type-post_type menu-item-object-page menu-item-11368\"><a href=\"https:\/\/cancerfertilityandme.org.uk\/adult-women\/fertility-preservation-options\/other-cancer-treatments\/\" class=\"elementor-item\" tabindex=\"-1\">Autres traitements anticanc\u00e9reux<\/a><\/li>\n<li class=\"menu-item menu-item-type-post_type menu-item-object-page menu-item-6993\"><a href=\"https:\/\/cancerfertilityandme.org.uk\/adult-women\/fertility-preservation-options\/questions-to-ask-your-cancer-fertility-care-teams\/\" class=\"elementor-item\" tabindex=\"-1\">Questions \u00e0 poser \u00e0 votre \u00e9quipe de canc\u00e9rologie et \u00e0 votre \u00e9quipe de soins de fertilit\u00e9<\/a><\/li>\n<\/ul>\t\t\t<\/nav>\n\t\t\t\t\t\t<\/div>\n\t\t\t\t<\/div>\n\t\t\t\t<\/div>\n\t\t\t\t<\/div>\n\t\t\t\t\t<\/div>\n\t\t\t\t<\/main>\n\t\t\t\t<\/div>\n\t\t","protected":false},"excerpt":{"rendered":"<p>Aucune pr\u00e9servation de la fertilit\u00e9 Cette option signifie que vous d\u00e9cidez de n\u2019avoir aucun recours aux techniques de pr\u00e9servation de la fertilit\u00e9 avant de commencer un traitement anticanc\u00e9reux. Les femmes qui commencent un traitement anticanc\u00e9reux ne voudront pas toutes suivre un traitement pour pr\u00e9server leur fertilit\u00e9, ni b\u00e9n\u00e9ficier de la pr\u00e9servation de leur fertilit\u00e9 en [&hellip;]<\/p>\n","protected":false},"author":1,"featured_media":0,"parent":5822,"menu_order":0,"comment_status":"closed","ping_status":"open","template":"","meta":{"footnotes":""},"class_list":["post-5824","page","type-page","status-publish","hentry"],"_links":{"self":[{"href":"https:\/\/cancerfertilityandme.org.uk\/fr\/wp-json\/wp\/v2\/pages\/5824","targetHints":{"allow":["GET"]}}],"collection":[{"href":"https:\/\/cancerfertilityandme.org.uk\/fr\/wp-json\/wp\/v2\/pages"}],"about":[{"href":"https:\/\/cancerfertilityandme.org.uk\/fr\/wp-json\/wp\/v2\/types\/page"}],"author":[{"embeddable":true,"href":"https:\/\/cancerfertilityandme.org.uk\/fr\/wp-json\/wp\/v2\/users\/1"}],"replies":[{"embeddable":true,"href":"https:\/\/cancerfertilityandme.org.uk\/fr\/wp-json\/wp\/v2\/comments?post=5824"}],"version-history":[{"count":4,"href":"https:\/\/cancerfertilityandme.org.uk\/fr\/wp-json\/wp\/v2\/pages\/5824\/revisions"}],"predecessor-version":[{"id":10386,"href":"https:\/\/cancerfertilityandme.org.uk\/fr\/wp-json\/wp\/v2\/pages\/5824\/revisions\/10386"}],"up":[{"embeddable":true,"href":"https:\/\/cancerfertilityandme.org.uk\/fr\/wp-json\/wp\/v2\/pages\/5822"}],"wp:attachment":[{"href":"https:\/\/cancerfertilityandme.org.uk\/fr\/wp-json\/wp\/v2\/media?parent=5824"}],"curies":[{"name":"wp","href":"https:\/\/api.w.org\/{rel}","templated":true}]}}