{"id":5822,"date":"2018-11-07T09:38:55","date_gmt":"2018-11-07T09:38:55","guid":{"rendered":"https:\/\/cancerfertilityandme.org.uk\/les-options-de-preservation-de-la-fertilite-2\/"},"modified":"2026-03-27T10:25:42","modified_gmt":"2026-03-27T10:25:42","slug":"les-options-de-preservation-de-la-fertilite-2","status":"publish","type":"page","link":"https:\/\/cancerfertilityandme.org.uk\/fr\/femmes-adultes\/les-options-de-preservation-de-la-fertilite-2\/","title":{"rendered":"Les options de pr\u00e9servation de la fertilit\u00e9"},"content":{"rendered":"\t\t<div data-elementor-type=\"wp-page\" data-elementor-id=\"5822\" class=\"elementor elementor-5822 elementor-5413\" data-elementor-post-type=\"page\">\n\t\t\t\t<main class=\"elementor-element elementor-element-683e4722 e-flex e-con-boxed e-con e-parent\" data-id=\"683e4722\" data-element_type=\"container\" data-e-type=\"container\">\n\t\t\t\t\t<div class=\"e-con-inner\">\n\t\t<div class=\"elementor-element elementor-element-379ef566 e-con-full e-flex e-con e-child\" data-id=\"379ef566\" data-element_type=\"container\" data-e-type=\"container\">\n\t\t<div class=\"elementor-element elementor-element-72232f7d e-con-full e-flex e-con e-child\" data-id=\"72232f7d\" data-element_type=\"container\" data-e-type=\"container\" data-settings=\"{&quot;background_background&quot;:&quot;classic&quot;}\">\n\t\t\t\t<div class=\"elementor-element elementor-element-728f77df elementor-widget elementor-widget-text-editor\" data-id=\"728f77df\" data-element_type=\"widget\" data-e-type=\"widget\" data-widget_type=\"text-editor.default\">\n\t\t\t\t<div class=\"elementor-widget-container\">\n\t\t\t\t\t\t\t\t\t<h2>Les options de pr\u00e9servation de la fertilit\u00e9<\/h2><h3>Cette section contient des informations sur les options de pr\u00e9servation de la fertilit\u00e9 pour les femmes atteintes de cancer \u00e0 envisager avant de commencer leur traitement anticanc\u00e9reux.<\/h3><h3>Au choix :<\/h3><ul><li>Pas de pr\u00e9servation de la fertilit\u00e9 \u2013 commencer imm\u00e9diatement un traitement anticanc\u00e9reux.<\/li><li>Cong\u00e9lation \u2013 m\u00e9thodes de conservation des ovules, des embryons ou du tissu ovarien.<\/li><li>Suppression de la fonction ovarienne \u2013 m\u00e9thode de protection des ovaires pendant le traitement du cancer.<\/li><li>Chirurgie sp\u00e9cifique \u2013 une chirurgie pr\u00e9servant la fertilit\u00e9 peut \u00eatre une option pour certaines femmes.<br><\/li><\/ul>\t\t\t\t\t\t\t\t<\/div>\n\t\t\t\t<\/div>\n\t\t\t\t<\/div>\n\t\t\t\t<div class=\"elementor-element elementor-element-75d3ef82 elementor-widget elementor-widget-text-editor\" data-id=\"75d3ef82\" data-element_type=\"widget\" data-e-type=\"widget\" data-widget_type=\"text-editor.default\">\n\t\t\t\t<div class=\"elementor-widget-container\">\n\t\t\t\t\t\t\t\t\t<p><b>L\u2019image<\/b> (ci-dessous) illustre les d\u00e9cisions de fertilit\u00e9 auxquelles les femmes doivent r\u00e9fl\u00e9chir <b>avant <\/b>de commencer tout traitement anticanc\u00e9reux.<\/p>\t\t\t\t\t\t\t\t<\/div>\n\t\t\t\t<\/div>\n\t\t\t\t<div class=\"elementor-element elementor-element-7e2f92c elementor-widget elementor-widget-image\" data-id=\"7e2f92c\" data-element_type=\"widget\" data-e-type=\"widget\" data-widget_type=\"image.default\">\n\t\t\t\t<div class=\"elementor-widget-container\">\n\t\t\t\t\t\t\t\t\t\t\t\t\t\t\t<img fetchpriority=\"high\" decoding=\"async\" width=\"800\" height=\"426\" src=\"https:\/\/cancerfertilityandme.org.uk\/wp-content\/uploads\/FR-04-1024x545-1.png\" class=\"attachment-large size-large wp-image-5448\" alt=\"D\u00e9cisions de pr\u00e9servation de la fertilit\u00e9 avant de commencer un traitement contre le cancer\" srcset=\"https:\/\/cancerfertilityandme.org.uk\/wp-content\/uploads\/FR-04-1024x545-1.png 1024w, https:\/\/cancerfertilityandme.org.uk\/wp-content\/uploads\/FR-04-1024x545-1-300x160.png 300w, https:\/\/cancerfertilityandme.org.uk\/wp-content\/uploads\/FR-04-1024x545-1-768x409.png 768w\" sizes=\"(max-width: 800px) 100vw, 800px\" \/>\t\t\t\t\t\t\t\t\t\t\t\t\t\t\t<\/div>\n\t\t\t\t<\/div>\n\t\t\t\t<div class=\"elementor-element elementor-element-f62c362 elementor-widget elementor-widget-text-editor\" data-id=\"f62c362\" data-element_type=\"widget\" data-e-type=\"widget\" data-widget_type=\"text-editor.default\">\n\t\t\t\t<div class=\"elementor-widget-container\">\n\t\t\t\t\t\t\t\t\t<p>Each fertility option has a different chance of success and no method works 100% of the time. The success rates for each procedure will be different for each woman. None of them can guarantee you will get pregnant and have a baby after cancer treatment.  <\/p>\n<p>Chaque option de fertilit\u00e9 a des risques de succ\u00e8s diff\u00e9rents et aucune m\u00e9thode ne fonctionne \u00e0 100 %. Les taux de r\u00e9ussite de chaque proc\u00e9dure seront diff\u00e9rents pour chaque femme. Il n\u2019y a aucune garantie que vous puissiez concevoir naturellement et avoir un b\u00e9b\u00e9 \u00e0 l\u2019issue des traitements anticanc\u00e9reux.  <\/p>\n<p>Toutes les techniques ne sont pas disponibles dans toutes les cliniques de fertilit\u00e9. Certaines sont des techniques plus r\u00e9centes et n\u2019ont pas encore fait leurs preuves aupr\u00e8s d\u2019un grand nombre de femmes. Votre \u00e9quipe de soins du cancer et votre \u00e9quipe de soins de fertilit\u00e9 peuvent vous conseiller davantage et discuter des options qui s\u2019offrent \u00e0 vous.  <\/p>\n<p>Les informations qui suivent examineront plus en d\u00e9tail chaque option de pr\u00e9servation de la fertilit\u00e9. Le processus, les risques du succ\u00e8s et les effets secondaires associ\u00e9s \u00e0 chaque proc\u00e9dure sont expliqu\u00e9s ci-apr\u00e8s. &nbsp;Ce <a href=\"\/fertility-preservation-options\/summary\">tableau r\u00e9capitulatif <\/a>compare les diff\u00e9rentes options de pr\u00e9servation de la fertilit\u00e9.<\/p>\t\t\t\t\t\t\t\t<\/div>\n\t\t\t\t<\/div>\n\t\t\t\t<\/div>\n\t\t<div class=\"elementor-element elementor-element-2cade018 e-con-full e-flex e-con e-child\" data-id=\"2cade018\" data-element_type=\"container\" data-e-type=\"container\">\n\t\t<div class=\"elementor-element elementor-element-38734839 e-con-full e-flex e-con e-child\" data-id=\"38734839\" data-element_type=\"container\" data-e-type=\"container\">\n\t\t\t\t<div class=\"elementor-element elementor-element-76b4b5c4 elementor-widget elementor-widget-image\" data-id=\"76b4b5c4\" data-element_type=\"widget\" data-e-type=\"widget\" data-widget_type=\"image.default\">\n\t\t\t\t<div class=\"elementor-widget-container\">\n\t\t\t\t\t\t\t\t\t\t\t\t\t\t\t\t<a href=\"http:\/\/.\/\">\n\t\t\t\t\t\t\t<img decoding=\"async\" width=\"400\" height=\"440\" src=\"https:\/\/cancerfertilityandme.org.uk\/wp-content\/uploads\/cancerfertilityandme-logo-column-adult-women.png\" class=\"attachment-full size-full wp-image-2280\" alt=\"\" srcset=\"https:\/\/cancerfertilityandme.org.uk\/wp-content\/uploads\/cancerfertilityandme-logo-column-adult-women.png 400w, https:\/\/cancerfertilityandme.org.uk\/wp-content\/uploads\/cancerfertilityandme-logo-column-adult-women-273x300.png 273w\" sizes=\"(max-width: 400px) 100vw, 400px\" \/>\t\t\t\t\t\t\t\t<\/a>\n\t\t\t\t\t\t\t\t\t\t\t\t\t\t\t<\/div>\n\t\t\t\t<\/div>\n\t\t\t\t<\/div>\n\t\t<div class=\"elementor-element elementor-element-5ffa69a1 e-con-full e-flex e-con e-child\" data-id=\"5ffa69a1\" data-element_type=\"container\" data-e-type=\"container\">\n\t\t\t\t<div class=\"elementor-element elementor-element-a4bd49b elementor-widget elementor-widget-heading\" data-id=\"a4bd49b\" data-element_type=\"widget\" data-e-type=\"widget\" data-widget_type=\"heading.default\">\n\t\t\t\t<div class=\"elementor-widget-container\">\n\t\t\t\t\t<h3 class=\"elementor-heading-title elementor-size-default\">Suivez ces liens pour plus d\u2019informations<\/h3>\t\t\t\t<\/div>\n\t\t\t\t<\/div>\n\t\t\t\t<div class=\"elementor-element elementor-element-4871e6c elementor-nav-menu--dropdown-none elementor-widget elementor-widget-nav-menu\" data-id=\"4871e6c\" data-element_type=\"widget\" data-e-type=\"widget\" data-settings=\"{&quot;layout&quot;:&quot;vertical&quot;,&quot;submenu_icon&quot;:{&quot;value&quot;:&quot;&lt;svg aria-hidden=\\&quot;true\\&quot; class=\\&quot;e-font-icon-svg e-fas-caret-down\\&quot; viewBox=\\&quot;0 0 320 512\\&quot; xmlns=\\&quot;http:\\\/\\\/www.w3.org\\\/2000\\\/svg\\&quot;&gt;&lt;path d=\\&quot;M31.3 192h257.3c17.8 0 26.7 21.5 14.1 34.1L174.1 354.8c-7.8 7.8-20.5 7.8-28.3 0L17.2 226.1C4.6 213.5 13.5 192 31.3 192z\\&quot;&gt;&lt;\\\/path&gt;&lt;\\\/svg&gt;&quot;,&quot;library&quot;:&quot;fa-solid&quot;}}\" data-widget_type=\"nav-menu.default\">\n\t\t\t\t<div class=\"elementor-widget-container\">\n\t\t\t\t\t\t\t\t<nav aria-label=\"Menu\" class=\"elementor-nav-menu--main elementor-nav-menu__container elementor-nav-menu--layout-vertical e--pointer-none\">\n\t\t\t\t<ul id=\"menu-1-4871e6c\" class=\"elementor-nav-menu sm-vertical\"><li class=\"menu-item menu-item-type-post_type menu-item-object-page menu-item-6985\"><a href=\"https:\/\/cancerfertilityandme.org.uk\/adult-women\/fertility-preservation-options\/\" class=\"elementor-item\">Les options de pr\u00e9servation de la fertilit\u00e9<\/a><\/li>\n<li class=\"menu-item menu-item-type-post_type menu-item-object-page menu-item-6994\"><a href=\"https:\/\/cancerfertilityandme.org.uk\/adult-women\/fertility-preservation-options\/summary-of-fertility-preservation-options\/\" class=\"elementor-item\">R\u00e9sum\u00e9 des options de pr\u00e9servation de la fertilit\u00e9.<\/a><\/li>\n<li class=\"menu-item menu-item-type-post_type menu-item-object-page menu-item-6990\"><a href=\"https:\/\/cancerfertilityandme.org.uk\/adult-women\/fertility-preservation-options\/no-fertility-preservation\/\" class=\"elementor-item\">Aucune pr\u00e9servation de la fertilit\u00e9<\/a><\/li>\n<li class=\"menu-item menu-item-type-post_type menu-item-object-page menu-item-6987\"><a href=\"https:\/\/cancerfertilityandme.org.uk\/adult-women\/fertility-preservation-options\/egg-freezing\/\" class=\"elementor-item\">Cong\u00e9lation des ovules<\/a><\/li>\n<li class=\"menu-item menu-item-type-post_type menu-item-object-page menu-item-6988\"><a href=\"https:\/\/cancerfertilityandme.org.uk\/adult-women\/fertility-preservation-options\/embryo-freezing\/\" class=\"elementor-item\">Cong\u00e9lation d&#8217;embryons<\/a><\/li>\n<li class=\"menu-item menu-item-type-post_type menu-item-object-page menu-item-6992\"><a href=\"https:\/\/cancerfertilityandme.org.uk\/adult-women\/fertility-preservation-options\/ovarian-tissue-freezing\/\" class=\"elementor-item\">Cong\u00e9lation du tissu ovarien<\/a><\/li>\n<li class=\"menu-item menu-item-type-post_type menu-item-object-page menu-item-6991\"><a href=\"https:\/\/cancerfertilityandme.org.uk\/adult-women\/fertility-preservation-options\/ovarian-suppression\/\" class=\"elementor-item\">Suppression de la fonction ovarienne<\/a><\/li>\n<li class=\"menu-item menu-item-type-post_type menu-item-object-page menu-item-6986\"><a href=\"https:\/\/cancerfertilityandme.org.uk\/adult-women\/fertility-preservation-options\/cancer-specific-fertility-sparing-options\/\" class=\"elementor-item\">Techniques \u00e9conomes en fertilit\u00e9 sp\u00e9cifiques \u00e0 certains cancers<\/a><\/li>\n<li class=\"menu-item menu-item-type-post_type menu-item-object-page menu-item-11368\"><a href=\"https:\/\/cancerfertilityandme.org.uk\/adult-women\/fertility-preservation-options\/other-cancer-treatments\/\" class=\"elementor-item\">Autres traitements anticanc\u00e9reux<\/a><\/li>\n<li class=\"menu-item menu-item-type-post_type menu-item-object-page menu-item-6993\"><a href=\"https:\/\/cancerfertilityandme.org.uk\/adult-women\/fertility-preservation-options\/questions-to-ask-your-cancer-fertility-care-teams\/\" class=\"elementor-item\">Questions \u00e0 poser \u00e0 votre \u00e9quipe de canc\u00e9rologie et \u00e0 votre \u00e9quipe de soins de fertilit\u00e9<\/a><\/li>\n<\/ul>\t\t\t<\/nav>\n\t\t\t\t\t\t<nav class=\"elementor-nav-menu--dropdown elementor-nav-menu__container\" aria-hidden=\"true\">\n\t\t\t\t<ul id=\"menu-2-4871e6c\" class=\"elementor-nav-menu sm-vertical\"><li class=\"menu-item menu-item-type-post_type menu-item-object-page menu-item-6985\"><a href=\"https:\/\/cancerfertilityandme.org.uk\/adult-women\/fertility-preservation-options\/\" class=\"elementor-item\" tabindex=\"-1\">Les options de pr\u00e9servation de la fertilit\u00e9<\/a><\/li>\n<li class=\"menu-item menu-item-type-post_type menu-item-object-page menu-item-6994\"><a href=\"https:\/\/cancerfertilityandme.org.uk\/adult-women\/fertility-preservation-options\/summary-of-fertility-preservation-options\/\" class=\"elementor-item\" tabindex=\"-1\">R\u00e9sum\u00e9 des options de pr\u00e9servation de la fertilit\u00e9.<\/a><\/li>\n<li class=\"menu-item menu-item-type-post_type menu-item-object-page menu-item-6990\"><a href=\"https:\/\/cancerfertilityandme.org.uk\/adult-women\/fertility-preservation-options\/no-fertility-preservation\/\" class=\"elementor-item\" tabindex=\"-1\">Aucune pr\u00e9servation de la fertilit\u00e9<\/a><\/li>\n<li class=\"menu-item menu-item-type-post_type menu-item-object-page menu-item-6987\"><a href=\"https:\/\/cancerfertilityandme.org.uk\/adult-women\/fertility-preservation-options\/egg-freezing\/\" class=\"elementor-item\" tabindex=\"-1\">Cong\u00e9lation des ovules<\/a><\/li>\n<li class=\"menu-item menu-item-type-post_type menu-item-object-page menu-item-6988\"><a href=\"https:\/\/cancerfertilityandme.org.uk\/adult-women\/fertility-preservation-options\/embryo-freezing\/\" class=\"elementor-item\" tabindex=\"-1\">Cong\u00e9lation d&#8217;embryons<\/a><\/li>\n<li class=\"menu-item menu-item-type-post_type menu-item-object-page menu-item-6992\"><a href=\"https:\/\/cancerfertilityandme.org.uk\/adult-women\/fertility-preservation-options\/ovarian-tissue-freezing\/\" class=\"elementor-item\" tabindex=\"-1\">Cong\u00e9lation du tissu ovarien<\/a><\/li>\n<li class=\"menu-item menu-item-type-post_type menu-item-object-page menu-item-6991\"><a href=\"https:\/\/cancerfertilityandme.org.uk\/adult-women\/fertility-preservation-options\/ovarian-suppression\/\" class=\"elementor-item\" tabindex=\"-1\">Suppression de la fonction ovarienne<\/a><\/li>\n<li class=\"menu-item menu-item-type-post_type menu-item-object-page menu-item-6986\"><a href=\"https:\/\/cancerfertilityandme.org.uk\/adult-women\/fertility-preservation-options\/cancer-specific-fertility-sparing-options\/\" class=\"elementor-item\" tabindex=\"-1\">Techniques \u00e9conomes en fertilit\u00e9 sp\u00e9cifiques \u00e0 certains cancers<\/a><\/li>\n<li class=\"menu-item menu-item-type-post_type menu-item-object-page menu-item-11368\"><a href=\"https:\/\/cancerfertilityandme.org.uk\/adult-women\/fertility-preservation-options\/other-cancer-treatments\/\" class=\"elementor-item\" tabindex=\"-1\">Autres traitements anticanc\u00e9reux<\/a><\/li>\n<li class=\"menu-item menu-item-type-post_type menu-item-object-page menu-item-6993\"><a href=\"https:\/\/cancerfertilityandme.org.uk\/adult-women\/fertility-preservation-options\/questions-to-ask-your-cancer-fertility-care-teams\/\" class=\"elementor-item\" tabindex=\"-1\">Questions \u00e0 poser \u00e0 votre \u00e9quipe de canc\u00e9rologie et \u00e0 votre \u00e9quipe de soins de fertilit\u00e9<\/a><\/li>\n<\/ul>\t\t\t<\/nav>\n\t\t\t\t\t\t<\/div>\n\t\t\t\t<\/div>\n\t\t\t\t<\/div>\n\t\t\t\t<\/div>\n\t\t\t\t\t<\/div>\n\t\t\t\t<\/main>\n\t\t\t\t<\/div>\n\t\t","protected":false},"excerpt":{"rendered":"<p>Les options de pr\u00e9servation de la fertilit\u00e9 Cette section contient des informations sur les options de pr\u00e9servation de la fertilit\u00e9 pour les femmes atteintes de cancer \u00e0 envisager avant de commencer leur traitement anticanc\u00e9reux. Au choix : Pas de pr\u00e9servation de la fertilit\u00e9 \u2013 commencer imm\u00e9diatement un traitement anticanc\u00e9reux. Cong\u00e9lation \u2013 m\u00e9thodes de conservation des [&hellip;]<\/p>\n","protected":false},"author":1,"featured_media":5416,"parent":6758,"menu_order":0,"comment_status":"closed","ping_status":"open","template":"","meta":{"footnotes":""},"class_list":["post-5822","page","type-page","status-publish","has-post-thumbnail","hentry"],"_links":{"self":[{"href":"https:\/\/cancerfertilityandme.org.uk\/fr\/wp-json\/wp\/v2\/pages\/5822","targetHints":{"allow":["GET"]}}],"collection":[{"href":"https:\/\/cancerfertilityandme.org.uk\/fr\/wp-json\/wp\/v2\/pages"}],"about":[{"href":"https:\/\/cancerfertilityandme.org.uk\/fr\/wp-json\/wp\/v2\/types\/page"}],"author":[{"embeddable":true,"href":"https:\/\/cancerfertilityandme.org.uk\/fr\/wp-json\/wp\/v2\/users\/1"}],"replies":[{"embeddable":true,"href":"https:\/\/cancerfertilityandme.org.uk\/fr\/wp-json\/wp\/v2\/comments?post=5822"}],"version-history":[{"count":10,"href":"https:\/\/cancerfertilityandme.org.uk\/fr\/wp-json\/wp\/v2\/pages\/5822\/revisions"}],"predecessor-version":[{"id":12447,"href":"https:\/\/cancerfertilityandme.org.uk\/fr\/wp-json\/wp\/v2\/pages\/5822\/revisions\/12447"}],"up":[{"embeddable":true,"href":"https:\/\/cancerfertilityandme.org.uk\/fr\/wp-json\/wp\/v2\/pages\/6758"}],"wp:featuredmedia":[{"embeddable":true,"href":"https:\/\/cancerfertilityandme.org.uk\/fr\/wp-json\/wp\/v2\/media\/5416"}],"wp:attachment":[{"href":"https:\/\/cancerfertilityandme.org.uk\/fr\/wp-json\/wp\/v2\/media?parent=5822"}],"curies":[{"name":"wp","href":"https:\/\/api.w.org\/{rel}","templated":true}]}}