{"id":5818,"date":"2018-11-07T09:38:13","date_gmt":"2018-11-07T09:38:13","guid":{"rendered":"https:\/\/cancerfertilityandme.org.uk\/hormonotherapie\/"},"modified":"2025-11-17T10:55:14","modified_gmt":"2025-11-17T10:55:14","slug":"hormonotherapie","status":"publish","type":"page","link":"https:\/\/cancerfertilityandme.org.uk\/fr\/femmes-adultes\/le-cancer-la-fertilite-et-le-systeme-reproducteur\/hormonotherapie\/","title":{"rendered":"Hormonoth\u00e9rapie"},"content":{"rendered":"\t\t<div data-elementor-type=\"wp-page\" data-elementor-id=\"5818\" class=\"elementor elementor-5818 elementor-5409\" data-elementor-post-type=\"page\">\n\t\t\t\t<main class=\"elementor-element elementor-element-15013d8a e-flex e-con-boxed e-con e-parent\" data-id=\"15013d8a\" data-element_type=\"container\" data-e-type=\"container\">\n\t\t\t\t\t<div class=\"e-con-inner\">\n\t\t<div class=\"elementor-element elementor-element-a1d2e0c e-con-full e-flex e-con e-child\" data-id=\"a1d2e0c\" data-element_type=\"container\" data-e-type=\"container\">\n\t\t\t\t<div class=\"elementor-element elementor-element-1b69158f elementor-widget elementor-widget-text-editor\" data-id=\"1b69158f\" data-element_type=\"widget\" data-e-type=\"widget\" data-widget_type=\"text-editor.default\">\n\t\t\t\t<div class=\"elementor-widget-container\">\n\t\t\t\t\t\t\t\t\t<h2>L&rsquo;hormonoth\u00e9rapie<\/h2><p>Hormonoth\u00e9rapie utilise des m\u00e9dicaments pour modifier le fonctionnement des hormones dans le corps. Elle contribue \u00e0 la diminution du risque de r\u00e9cidive du cancer. Elle peut \u00e9galement \u00eatre utilis\u00e9e pour traiter un cancer qui est r\u00e9apparu apr\u00e8s le traitement ou qui s\u2019est propag\u00e9.  <\/p><p>L\u2019hormonoth\u00e9rapie est administr\u00e9e aux femmes atteintes de cancers hormono-sensibles ou hormono-d\u00e9pendants et ce traitement peut ralentir ou arr\u00eater la croissance du cancer de deux mani\u00e8res. Soit a) en abaissant les niveaux d\u2019hormones dans le corps, soit b) soit en r\u00e9duisant la capacit\u00e9 des cellules canc\u00e9reuses \u00e0 r\u00e9pondre aux hormones, et ainsi arr\u00eater leur croissance. L\u2019hormonoth\u00e9rapie est principalement utilis\u00e9e dans le cancer du sein sur de longues p\u00e9riodes allant de 5 \u00e0 10 ans.    <\/p><p>Certaines d\u2019entre elles sont les m\u00eames hormones que celles qui sont requises pour la fertilit\u00e9, de sorte que le traitement peut affecter votre capacit\u00e9 \u00e0 concevoir et \u00e0 avoir un b\u00e9b\u00e9.<\/p><p>Certaines th\u00e9rapies hormonales courantes sont le tamoxif\u00e8ne, la gos\u00e9r\u00e9line (Zoladex) ou la leupror\u00e9line (Prostap), l\u2019anastrozole (Arimidex), le l\u00e9trozole (Femara) et l\u2019ex\u00e9mestane (Aromasin).<\/p><p>Les hormones ci-dessus peuvent rendre vos r\u00e8gles irr\u00e9guli\u00e8res ou les arr\u00eater compl\u00e8tement. Elles peuvent revenir quelques mois apr\u00e8s l\u2019arr\u00eat du traitement, tant que vous n\u2019avez pas travers\u00e9 la m\u00e9nopause naturellement pendant le traitement. En raison de la dur\u00e9e du traitement hormonal, il peut \u00eatre difficile de savoir si vous \u00eates m\u00e9nopaus\u00e9e lors du traitement. Ce n\u2019est peut-\u00eatre que lorsque vous avez termin\u00e9 de prendre les traitements hormonaux que vous r\u00e9alisez que votre m\u00e9nopause a commenc\u00e9.   <\/p><p>L\u2019hormonoth\u00e9rapie elle-m\u00eame n\u2019endommage pas les ovaires, vos r\u00e8gles devraient donc revenir quelques mois apr\u00e8s l\u2019avoir arr\u00eat\u00e9e. Si vos r\u00e8gles ne reviennent pas apr\u00e8s l\u2019hormonoth\u00e9rapie, cela peut \u00eatre d\u00fb aux effets d\u2019autres traitements tels que la chimioth\u00e9rapie que vous auriez pu avoir. <\/p><p>Si une partie de votre traitement implique un traitement hormonal, il vous sera conseill\u00e9 de ne pas essayer de concevoir pendant le traitement et pendant un certain temps apr\u00e8s. Certaines femmes peuvent choisir de faire une pause dans leur traitement hormonal pour avoir un b\u00e9b\u00e9. Parlez-en \u00e0 votre \u00e9quipe de canc\u00e9rologie..  <\/p>\t\t\t\t\t\t\t\t<\/div>\n\t\t\t\t<\/div>\n\t\t<div class=\"elementor-element elementor-element-389efaba e-con-full e-flex e-con e-child\" data-id=\"389efaba\" data-element_type=\"container\" data-e-type=\"container\" data-settings=\"{&quot;background_background&quot;:&quot;classic&quot;}\">\n\t\t\t\t<div class=\"elementor-element elementor-element-213f02f1 elementor-widget elementor-widget-text-editor\" data-id=\"213f02f1\" data-element_type=\"widget\" data-e-type=\"widget\" data-widget_type=\"text-editor.default\">\n\t\t\t\t<div class=\"elementor-widget-container\">\n\t\t\t\t\t\t\t\t\t<h3>Les traitements anticanc\u00e9reux peuvent affecter la fertilit\u00e9 en :<\/h3><ul><li>Endommageant ou diminuant le nombre d\u2019ovules contenus dans les ovaires.<\/li><li>Endommageant une partie du corps qui contr\u00f4le les hormones en lien avec la fertilit\u00e9 f\u00e9minine.<\/li><li>Endommageant ou retirant une partie du syst\u00e8me reproducteur f\u00e9minin.<\/li><\/ul><p>Les effets des traitements anticanc\u00e9reux sur la fertilit\u00e9 d\u00e9pendent de votre type de cancer, ainsi que du traitement que vous suivez.<\/p><p>Les femmes qui suivent un traitement anticanc\u00e9reux n&rsquo;auront pas toutes de probl\u00e8mes de fertilit\u00e9 ult\u00e9rieurs.<\/p>\t\t\t\t\t\t\t\t<\/div>\n\t\t\t\t<\/div>\n\t\t\t\t<\/div>\n\t\t\t\t<\/div>\n\t\t<div class=\"elementor-element elementor-element-19bfa29 e-con-full e-flex e-con e-child\" data-id=\"19bfa29\" data-element_type=\"container\" data-e-type=\"container\">\n\t\t<div class=\"elementor-element elementor-element-133a0102 e-con-full e-flex e-con e-child\" data-id=\"133a0102\" data-element_type=\"container\" data-e-type=\"container\">\n\t\t\t\t<div class=\"elementor-element elementor-element-38534fc9 elementor-widget elementor-widget-image\" data-id=\"38534fc9\" data-element_type=\"widget\" data-e-type=\"widget\" data-widget_type=\"image.default\">\n\t\t\t\t<div class=\"elementor-widget-container\">\n\t\t\t\t\t\t\t\t\t\t\t\t\t\t\t\t<a href=\"http:\/\/.\/\">\n\t\t\t\t\t\t\t<img fetchpriority=\"high\" decoding=\"async\" width=\"400\" height=\"440\" src=\"https:\/\/cancerfertilityandme.org.uk\/wp-content\/uploads\/cancerfertilityandme-logo-column-adult-women.png\" class=\"attachment-full size-full wp-image-2280\" alt=\"\" srcset=\"https:\/\/cancerfertilityandme.org.uk\/wp-content\/uploads\/cancerfertilityandme-logo-column-adult-women.png 400w, https:\/\/cancerfertilityandme.org.uk\/wp-content\/uploads\/cancerfertilityandme-logo-column-adult-women-273x300.png 273w\" sizes=\"(max-width: 400px) 100vw, 400px\" \/>\t\t\t\t\t\t\t\t<\/a>\n\t\t\t\t\t\t\t\t\t\t\t\t\t\t\t<\/div>\n\t\t\t\t<\/div>\n\t\t\t\t<\/div>\n\t\t<div class=\"elementor-element elementor-element-2450a12b e-con-full e-flex e-con e-child\" data-id=\"2450a12b\" data-element_type=\"container\" data-e-type=\"container\">\n\t\t\t\t<div class=\"elementor-element elementor-element-52b3e8b4 elementor-widget elementor-widget-heading\" data-id=\"52b3e8b4\" data-element_type=\"widget\" data-e-type=\"widget\" data-widget_type=\"heading.default\">\n\t\t\t\t<div class=\"elementor-widget-container\">\n\t\t\t\t\t<h3 class=\"elementor-heading-title elementor-size-default\">Suivez ces liens pour plus d\u2019informations<\/h3>\t\t\t\t<\/div>\n\t\t\t\t<\/div>\n\t\t\t\t<div class=\"elementor-element elementor-element-322240e8 elementor-nav-menu--dropdown-none elementor-widget elementor-widget-nav-menu\" data-id=\"322240e8\" data-element_type=\"widget\" data-e-type=\"widget\" data-settings=\"{&quot;layout&quot;:&quot;vertical&quot;,&quot;submenu_icon&quot;:{&quot;value&quot;:&quot;&lt;svg aria-hidden=\\&quot;true\\&quot; class=\\&quot;e-font-icon-svg e-fas-caret-down\\&quot; viewBox=\\&quot;0 0 320 512\\&quot; xmlns=\\&quot;http:\\\/\\\/www.w3.org\\\/2000\\\/svg\\&quot;&gt;&lt;path d=\\&quot;M31.3 192h257.3c17.8 0 26.7 21.5 14.1 34.1L174.1 354.8c-7.8 7.8-20.5 7.8-28.3 0L17.2 226.1C4.6 213.5 13.5 192 31.3 192z\\&quot;&gt;&lt;\\\/path&gt;&lt;\\\/svg&gt;&quot;,&quot;library&quot;:&quot;fa-solid&quot;}}\" data-widget_type=\"nav-menu.default\">\n\t\t\t\t<div class=\"elementor-widget-container\">\n\t\t\t\t\t\t\t\t<nav aria-label=\"Menu\" class=\"elementor-nav-menu--main elementor-nav-menu__container elementor-nav-menu--layout-vertical e--pointer-none\">\n\t\t\t\t<ul id=\"menu-1-322240e8\" class=\"elementor-nav-menu sm-vertical\"><li class=\"menu-item menu-item-type-post_type menu-item-object-page menu-item-6859\"><a href=\"https:\/\/cancerfertilityandme.org.uk\/adult-women\/cancer-fertility-and-the-reproductive-system\/\" class=\"elementor-item\">Le cancer, la fertilit\u00e9 et le syst\u00e8me reproducteur<\/a><\/li>\n<li class=\"menu-item menu-item-type-post_type menu-item-object-page menu-item-6853\"><a href=\"https:\/\/cancerfertilityandme.org.uk\/adult-women\/cancer-fertility-and-the-reproductive-system\/how-cancer-treatments-affect-fertility\/\" class=\"elementor-item\">Comment les traitements anticanc\u00e9reux affectent la fertilit\u00e9<\/a><\/li>\n<li class=\"menu-item menu-item-type-post_type menu-item-object-page menu-item-6851\"><a href=\"https:\/\/cancerfertilityandme.org.uk\/adult-women\/cancer-fertility-and-the-reproductive-system\/chemotherapy\/\" class=\"elementor-item\">Chimioth\u00e9rapie<\/a><\/li>\n<li class=\"menu-item menu-item-type-post_type menu-item-object-page menu-item-6856\"><a href=\"https:\/\/cancerfertilityandme.org.uk\/adult-women\/cancer-fertility-and-the-reproductive-system\/radiotherapy\/\" class=\"elementor-item\">Radioth\u00e9rapie<\/a><\/li>\n<li class=\"menu-item menu-item-type-post_type menu-item-object-page menu-item-6857\"><a href=\"https:\/\/cancerfertilityandme.org.uk\/adult-women\/cancer-fertility-and-the-reproductive-system\/surgery\/\" class=\"elementor-item\">Op\u00e9ration chirurgicale<\/a><\/li>\n<li class=\"menu-item menu-item-type-post_type menu-item-object-page menu-item-6852\"><a href=\"https:\/\/cancerfertilityandme.org.uk\/adult-women\/cancer-fertility-and-the-reproductive-system\/hormone-therapy\/\" class=\"elementor-item\">Hormonoth\u00e9rapie<\/a><\/li>\n<li class=\"menu-item menu-item-type-post_type menu-item-object-page menu-item-6858\"><a href=\"https:\/\/cancerfertilityandme.org.uk\/adult-women\/cancer-fertility-and-the-reproductive-system\/targeted-drug-therapies\/\" class=\"elementor-item\">Th\u00e9rapies m\u00e9dicamenteuses cibl\u00e9es (Pharmacoth\u00e9rapie)<\/a><\/li>\n<li class=\"menu-item menu-item-type-post_type menu-item-object-page menu-item-6855\"><a href=\"https:\/\/cancerfertilityandme.org.uk\/adult-women\/cancer-fertility-and-the-reproductive-system\/questions-to-ask\/\" class=\"elementor-item\">Questions \u00e0 poser<\/a><\/li>\n<\/ul>\t\t\t<\/nav>\n\t\t\t\t\t\t<nav class=\"elementor-nav-menu--dropdown elementor-nav-menu__container\" aria-hidden=\"true\">\n\t\t\t\t<ul id=\"menu-2-322240e8\" class=\"elementor-nav-menu sm-vertical\"><li class=\"menu-item menu-item-type-post_type menu-item-object-page menu-item-6859\"><a href=\"https:\/\/cancerfertilityandme.org.uk\/adult-women\/cancer-fertility-and-the-reproductive-system\/\" class=\"elementor-item\" tabindex=\"-1\">Le cancer, la fertilit\u00e9 et le syst\u00e8me reproducteur<\/a><\/li>\n<li class=\"menu-item menu-item-type-post_type menu-item-object-page menu-item-6853\"><a href=\"https:\/\/cancerfertilityandme.org.uk\/adult-women\/cancer-fertility-and-the-reproductive-system\/how-cancer-treatments-affect-fertility\/\" class=\"elementor-item\" tabindex=\"-1\">Comment les traitements anticanc\u00e9reux affectent la fertilit\u00e9<\/a><\/li>\n<li class=\"menu-item menu-item-type-post_type menu-item-object-page menu-item-6851\"><a href=\"https:\/\/cancerfertilityandme.org.uk\/adult-women\/cancer-fertility-and-the-reproductive-system\/chemotherapy\/\" class=\"elementor-item\" tabindex=\"-1\">Chimioth\u00e9rapie<\/a><\/li>\n<li class=\"menu-item menu-item-type-post_type menu-item-object-page menu-item-6856\"><a href=\"https:\/\/cancerfertilityandme.org.uk\/adult-women\/cancer-fertility-and-the-reproductive-system\/radiotherapy\/\" class=\"elementor-item\" tabindex=\"-1\">Radioth\u00e9rapie<\/a><\/li>\n<li class=\"menu-item menu-item-type-post_type menu-item-object-page menu-item-6857\"><a href=\"https:\/\/cancerfertilityandme.org.uk\/adult-women\/cancer-fertility-and-the-reproductive-system\/surgery\/\" class=\"elementor-item\" tabindex=\"-1\">Op\u00e9ration chirurgicale<\/a><\/li>\n<li class=\"menu-item menu-item-type-post_type menu-item-object-page menu-item-6852\"><a href=\"https:\/\/cancerfertilityandme.org.uk\/adult-women\/cancer-fertility-and-the-reproductive-system\/hormone-therapy\/\" class=\"elementor-item\" tabindex=\"-1\">Hormonoth\u00e9rapie<\/a><\/li>\n<li class=\"menu-item menu-item-type-post_type menu-item-object-page menu-item-6858\"><a href=\"https:\/\/cancerfertilityandme.org.uk\/adult-women\/cancer-fertility-and-the-reproductive-system\/targeted-drug-therapies\/\" class=\"elementor-item\" tabindex=\"-1\">Th\u00e9rapies m\u00e9dicamenteuses cibl\u00e9es (Pharmacoth\u00e9rapie)<\/a><\/li>\n<li class=\"menu-item menu-item-type-post_type menu-item-object-page menu-item-6855\"><a href=\"https:\/\/cancerfertilityandme.org.uk\/adult-women\/cancer-fertility-and-the-reproductive-system\/questions-to-ask\/\" class=\"elementor-item\" tabindex=\"-1\">Questions \u00e0 poser<\/a><\/li>\n<\/ul>\t\t\t<\/nav>\n\t\t\t\t\t\t<\/div>\n\t\t\t\t<\/div>\n\t\t\t\t<\/div>\n\t\t\t\t<\/div>\n\t\t\t\t\t<\/div>\n\t\t\t\t<\/main>\n\t\t\t\t<\/div>\n\t\t","protected":false},"excerpt":{"rendered":"<p>L&rsquo;hormonoth\u00e9rapie Hormonoth\u00e9rapie utilise des m\u00e9dicaments pour modifier le fonctionnement des hormones dans le corps. Elle contribue \u00e0 la diminution du risque de r\u00e9cidive du cancer. Elle peut \u00e9galement \u00eatre utilis\u00e9e pour traiter un cancer qui est r\u00e9apparu apr\u00e8s le traitement ou qui s\u2019est propag\u00e9. L\u2019hormonoth\u00e9rapie est administr\u00e9e aux femmes atteintes de cancers hormono-sensibles ou hormono-d\u00e9pendants [&hellip;]<\/p>\n","protected":false},"author":1,"featured_media":0,"parent":5812,"menu_order":0,"comment_status":"closed","ping_status":"open","template":"","meta":{"footnotes":""},"class_list":["post-5818","page","type-page","status-publish","hentry"],"_links":{"self":[{"href":"https:\/\/cancerfertilityandme.org.uk\/fr\/wp-json\/wp\/v2\/pages\/5818","targetHints":{"allow":["GET"]}}],"collection":[{"href":"https:\/\/cancerfertilityandme.org.uk\/fr\/wp-json\/wp\/v2\/pages"}],"about":[{"href":"https:\/\/cancerfertilityandme.org.uk\/fr\/wp-json\/wp\/v2\/types\/page"}],"author":[{"embeddable":true,"href":"https:\/\/cancerfertilityandme.org.uk\/fr\/wp-json\/wp\/v2\/users\/1"}],"replies":[{"embeddable":true,"href":"https:\/\/cancerfertilityandme.org.uk\/fr\/wp-json\/wp\/v2\/comments?post=5818"}],"version-history":[{"count":3,"href":"https:\/\/cancerfertilityandme.org.uk\/fr\/wp-json\/wp\/v2\/pages\/5818\/revisions"}],"predecessor-version":[{"id":9357,"href":"https:\/\/cancerfertilityandme.org.uk\/fr\/wp-json\/wp\/v2\/pages\/5818\/revisions\/9357"}],"up":[{"embeddable":true,"href":"https:\/\/cancerfertilityandme.org.uk\/fr\/wp-json\/wp\/v2\/pages\/5812"}],"wp:attachment":[{"href":"https:\/\/cancerfertilityandme.org.uk\/fr\/wp-json\/wp\/v2\/media?parent=5818"}],"curies":[{"name":"wp","href":"https:\/\/api.w.org\/{rel}","templated":true}]}}