{"id":5812,"date":"2018-11-06T11:08:33","date_gmt":"2018-11-06T11:08:33","guid":{"rendered":"https:\/\/cancerfertilityandme.org.uk\/le-cancer-la-fertilite-et-le-systeme-reproducteur\/"},"modified":"2026-03-03T14:25:18","modified_gmt":"2026-03-03T14:25:18","slug":"le-cancer-la-fertilite-et-le-systeme-reproducteur","status":"publish","type":"page","link":"https:\/\/cancerfertilityandme.org.uk\/fr\/femmes-adultes\/le-cancer-la-fertilite-et-le-systeme-reproducteur\/","title":{"rendered":"Le cancer, la fertilit\u00e9 et le syst\u00e8me reproducteur"},"content":{"rendered":"\t\t<div data-elementor-type=\"wp-page\" data-elementor-id=\"5812\" class=\"elementor elementor-5812 elementor-5367\" data-elementor-post-type=\"page\">\n\t\t\t\t<main class=\"elementor-element elementor-element-694ba709 e-flex e-con-boxed e-con e-parent\" data-id=\"694ba709\" data-element_type=\"container\" data-e-type=\"container\">\n\t\t\t\t\t<div class=\"e-con-inner\">\n\t\t<div class=\"elementor-element elementor-element-5d579206 e-con-full e-flex e-con e-child\" data-id=\"5d579206\" data-element_type=\"container\" data-e-type=\"container\">\n\t\t\t\t<div class=\"elementor-element elementor-element-2420152 elementor-widget elementor-widget-text-editor\" data-id=\"2420152\" data-element_type=\"widget\" data-e-type=\"widget\" data-widget_type=\"text-editor.default\">\n\t\t\t\t<div class=\"elementor-widget-container\">\n\t\t\t\t\t\t\t\t\t<h2>Introduction au cancer, \u00e0 la fertilit\u00e9 et au syst\u00e8me reproducteur<\/h2><h3>Cette section contient des informations utiles pour vous aider \u00e0 comprendre comment les traitements anticanc\u00e9reux peuvent affecter votre fertilit\u00e9.<\/h3><p><b>Le cancer<\/b> est le nom donn\u00e9 aux maladies caus\u00e9es par les cellules du corps qui se divisent sans s\u2019arr\u00eater, forment des excroissances et se d\u00e9placent dans des parties du corps o\u00f9 elles ne sont pas n\u00e9cessaires. Par cons\u00e9quent, les personnes atteintes de cancer doivent suivre des traitements. <\/p><p><b>Les traitements<\/b> anticanc\u00e9reux visent \u00e0 \u00e9liminer le cancer et \u00e0 l\u2019emp\u00eacher de revenir. Les principaux traitements contre le cancer sont la chimioth\u00e9rapie, la radioth\u00e9rapie, la chirurgie, l\u2019hormonoth\u00e9rapie et les th\u00e9rapies cibl\u00e9es. De nombreuses personnes recevront plusieurs de ces options de traitement dans le cadre de leurs soins.  <\/p><p>La plupart des traitements anticanc\u00e9reux produisent des <b>effets secondaires<\/b> ind\u00e9sirables affectant les tissus sains. De nombreux effets secondaires durent peu de temps et peuvent survenir pendant et apr\u00e8s le traitement. Certains, en revanche, durent plus longtemps et peuvent affecter la sant\u00e9 d\u2019une personne pour le reste de sa vie. Chez les femmes, l\u2019un de ces effets secondaires peut \u00eatre une baisse de la fertilit\u00e9, ce qui signifie qu\u2019une femme peut rencontrer des difficult\u00e9s \u00e0 concevoir apr\u00e8s les traitements.   <\/p><p><b>La fertilit\u00e9<\/b> signifie \u00eatre capable de tomber enceinte (concevoir). Les parties du corps d\u2019une femme impliqu\u00e9es dans la fertilit\u00e9 sont appel\u00e9es \u00ab le syst\u00e8me reproducteur \u00bb (voir image 1). <\/p><h3>Les \u00e9l\u00e9ments cl\u00e9s du syst\u00e8me reproducteur sont :<\/h3>\t\t\t\t\t\t\t\t<\/div>\n\t\t\t\t<\/div>\n\t\t\t\t<div class=\"elementor-element elementor-element-c79fd79 elementor-widget elementor-widget-image\" data-id=\"c79fd79\" data-element_type=\"widget\" data-e-type=\"widget\" data-widget_type=\"image.default\">\n\t\t\t\t<div class=\"elementor-widget-container\">\n\t\t\t\t\t\t\t\t\t\t\t\t\t\t\t<img fetchpriority=\"high\" decoding=\"async\" width=\"500\" height=\"400\" src=\"https:\/\/cancerfertilityandme.org.uk\/wp-content\/uploads\/female-reproductive-system-1.jpg\" class=\"attachment-large size-large wp-image-5370\" alt=\"le syst\u00e8me reproducteur f\u00e9minin.\" srcset=\"https:\/\/cancerfertilityandme.org.uk\/wp-content\/uploads\/female-reproductive-system-1.jpg 500w, https:\/\/cancerfertilityandme.org.uk\/wp-content\/uploads\/female-reproductive-system-1-300x240.jpg 300w\" sizes=\"(max-width: 500px) 100vw, 500px\" \/>\t\t\t\t\t\t\t\t\t\t\t\t\t\t\t<\/div>\n\t\t\t\t<\/div>\n\t\t\t\t<div class=\"elementor-element elementor-element-16c622d elementor-widget elementor-widget-text-editor\" data-id=\"16c622d\" data-element_type=\"widget\" data-e-type=\"widget\" data-widget_type=\"text-editor.default\">\n\t\t\t\t<div class=\"elementor-widget-container\">\n\t\t\t\t\t\t\t\t\t<p><b>Les \u00e9l\u00e9ments cl\u00e9s du syst\u00e8me reproducteur sont :<\/b><\/p><ol><li><strong>Ovaires<\/strong> \u2013 ces deux organes se trouvent de chaque c\u00f4t\u00e9 de l\u2019ut\u00e9rus \u00e0 l\u2019int\u00e9rieur du corps d\u2019une femme entre ses hanches (bassin). Les ovaires fabriquent les ovules et les hormones n\u00e9cessaires au d\u00e9veloppement du b\u00e9b\u00e9. Ces ovules descendent dans les trompes de Fallope jusqu\u2019\u00e0 l\u2019ut\u00e9rus.  <\/li><li><strong>Ovule <\/strong>(ovocyte) \u2013 la cellule reproductrice femelle qui, apr\u00e8s la f\u00e9condation avec du sperme, est capable de se transformer en embryon.<\/li><li><strong>Trompes de Fallope<\/strong> \u2013 les deux trompes qui relient chaque ovaire \u00e0 l\u2019ut\u00e9rus ; c\u2019est l\u00e0 que l\u2019ovule est f\u00e9cond\u00e9 par le sperme de l\u2019homme.<\/li><li><strong>Ut\u00e9rus<\/strong>\u2013 il se trouve \u00e0 l\u2019int\u00e9rieur du bassin ; c\u2019est l\u00e0 que la grossesse se d\u00e9veloppe.<\/li><li><strong>Col de l\u2019ut\u00e9rus<\/strong> \u2013 l\u2019ouverture de l\u2019ut\u00e9rus qui permet au sang de s\u2019\u00e9couler du corps (les r\u00e8gles) et \u00e0 la femme d\u2019accoucher.<\/li><li><strong>Vagin <\/strong>\u2013 l\u2019ouverture entre la partie inf\u00e9rieure du col de l\u2019ut\u00e9rus et l\u2019ext\u00e9rieur du corps.<\/li><li><strong>Vulve <\/strong>\u2013 la zone ext\u00e9rieure du vagin.<\/li><\/ol><p>Les femmes naissent avec un grand nombre d&rsquo;ovules dans leurs ovaires. Elles ne peuvent pas fabriquer de nouveaux ovules. Le nombre d&rsquo;ovules dont une femme dispose \u00e0 un moment donn\u00e9 est appel\u00e9 \u00ab r\u00e9serve ovarienne \u00bb  <\/p><p>Le nombre d&rsquo;ovules d&rsquo;une femme diminue constamment. Avant la pubert\u00e9, cela est d\u00fb au fait que de nombreux ovules cessent de se d\u00e9velopper et sont absorb\u00e9s par le corps. <\/p><p>Lorsqu&rsquo;une femme atteint la pubert\u00e9, un ovule est lib\u00e9r\u00e9 chaque mois par l&rsquo;ovaire (ce ph\u00e9nom\u00e8ne est appel\u00e9 ovulation) et migre vers l&rsquo;ut\u00e9rus. Les autres ovules qui ont commenc\u00e9 \u00e0 m\u00fbrir au cours de ce cycle se d\u00e9truisent et sont \u00e9galement absorb\u00e9s par le corps. <\/p><p>La grossesse survient si l&rsquo;ovule est f\u00e9cond\u00e9 par un spermatozo\u00efde, puis s&rsquo;implante dans l&rsquo;ut\u00e9rus. Si un ovule f\u00e9cond\u00e9 ne s&rsquo;implante pas dans l&rsquo;ut\u00e9rus, la muqueuse de l&rsquo;ut\u00e9rus se d\u00e9tache et s\u2019\u00e9vacue. Cela se traduit par des saignements appel\u00e9s menstruations ou r\u00e8gles.  <\/p><p>L&rsquo;\u00e2ge est l&rsquo;un des facteurs les plus importants qui influant sur les chances de tomber enceinte. Le nombre et la qualit\u00e9 des ovules diminuent au fur et \u00e0 mesure que les femmes vieillissent. <\/p><p>Cette baisse du nombre et de la qualit\u00e9 des ovules provoque une diminution de la fertilit\u00e9 et peut rendre la conception plus difficile. Finalement, il reste si peu d&rsquo;ovules que la femme devient infertile (incapable de tomber enceinte), les r\u00e8gles s&rsquo;arr\u00eatent et la m\u00e9nopause commence. La m\u00e9nopause signale la fin naturelle des ann\u00e9es de procr\u00e9ation d&rsquo;une femme.  <\/p><p>La fertilit\u00e9 f\u00e9minine peut \u00eatre diff\u00e9rente pour chaque personne. L&rsquo;\u00e2ge exact auquel une femme ne pourra plus avoir d&rsquo;enfants peut \u00eatre diff\u00e9rent pour chaque individu. <\/p><p>Comme le montre le graphique 1 (ci-dessous), une femme de 22 ans a environ 30 chances sur 100 (30 %) de tomber enceinte chaque mois o\u00f9 elle tente de concevoir ; alors qu&rsquo;une femme de 43 ans a environ 3 risques sur 100 (3 %) de tomber enceinte.<\/p><p>La plupart des femmes atteignent la m\u00e9nopause au milieu de la cinquantaine ; elles cessent d\u2019avoir leurs r\u00e8gles et sont incapables d\u2019avoir des enfants naturellement.<\/p>\t\t\t\t\t\t\t\t<\/div>\n\t\t\t\t<\/div>\n\t\t\t\t<div class=\"elementor-element elementor-element-9cb3412 elementor-widget elementor-widget-image\" data-id=\"9cb3412\" data-element_type=\"widget\" data-e-type=\"widget\" data-widget_type=\"image.default\">\n\t\t\t\t<div class=\"elementor-widget-container\">\n\t\t\t\t\t\t\t\t\t\t\t\t\t\t\t<img decoding=\"async\" width=\"800\" height=\"536\" src=\"https:\/\/cancerfertilityandme.org.uk\/wp-content\/uploads\/FR-02-1024x686-1.png\" class=\"attachment-large size-large wp-image-5378\" alt=\"female fertility vs age graph\" srcset=\"https:\/\/cancerfertilityandme.org.uk\/wp-content\/uploads\/FR-02-1024x686-1.png 1024w, https:\/\/cancerfertilityandme.org.uk\/wp-content\/uploads\/FR-02-1024x686-1-300x201.png 300w, https:\/\/cancerfertilityandme.org.uk\/wp-content\/uploads\/FR-02-1024x686-1-768x515.png 768w\" sizes=\"(max-width: 800px) 100vw, 800px\" \/>\t\t\t\t\t\t\t\t\t\t\t\t\t\t\t<\/div>\n\t\t\t\t<\/div>\n\t\t\t\t<div class=\"elementor-element elementor-element-475aee3 elementor-widget elementor-widget-text-editor\" data-id=\"475aee3\" data-element_type=\"widget\" data-e-type=\"widget\" data-widget_type=\"text-editor.default\">\n\t\t\t\t<div class=\"elementor-widget-container\">\n\t\t\t\t\t\t\t\t\t<p>Outre l&rsquo;\u00e2ge, la fertilit\u00e9 chez la femme peut \u00e9galement \u00eatre affect\u00e9e par :<\/p><ul><li>Des probl\u00e8mes dans l\u2019ut\u00e9rus. Par exemple, les fibromes. <\/li><li>Des maladies qui provoquent des cicatrices dans la r\u00e9gion pelvienne. Par exemple, maladie inflammatoire pelvienne, endom\u00e9triose. <\/li><li>Des maladies qui affectent l\u2019ovulation. Par exemple, le syndrome des ovaires polykystiques. <\/li><li>Un faible nombre de spermatozo\u00efdes chez le partenaire masculin.<\/li><li>Certains m\u00e9dicaments et traitements. Par exemple, la chimioth\u00e9rapie, la radioth\u00e9rapie ou la chirurgie anticanc\u00e9reuse, certains traitments m\u00e9dicamenteux de maladies mentales et l\u2019utilisation r\u00e9guli\u00e8re et \u00e0 long terme d\u2019anti-inflammatoires non st\u00e9ro\u00efdiens. <\/li><li>Le style de vie. Par exemple, le surpoids ou l\u2019insuffisance pond\u00e9rale, les drogues illicites, l\u2019alcool et le tabagisme. <\/li><\/ul><p>En moyenne, environ 16 couples sur 100 (16 %) sans cancer auront des probl\u00e8mes de fertilit\u00e9. Si vous d\u00e9sirez avoir un enfant \u00e0 l\u2019issue de votre traitement, parlez-en \u00e0 votre \u00e9quipe de soins anticanc\u00e9reux et \u00e0 votre \u00e9quipe de soins de fertilit\u00e9 avant de commencer un traitement anticanc\u00e9reux. <\/p>\t\t\t\t\t\t\t\t<\/div>\n\t\t\t\t<\/div>\n\t\t<div class=\"elementor-element elementor-element-2a3976f3 e-con-full e-flex e-con e-child\" data-id=\"2a3976f3\" data-element_type=\"container\" data-e-type=\"container\" data-settings=\"{&quot;background_background&quot;:&quot;classic&quot;}\">\n\t\t\t\t<div class=\"elementor-element elementor-element-2252f12a elementor-widget elementor-widget-text-editor\" data-id=\"2252f12a\" data-element_type=\"widget\" data-e-type=\"widget\" data-widget_type=\"text-editor.default\">\n\t\t\t\t<div class=\"elementor-widget-container\">\n\t\t\t\t\t\t\t\t\t<h3> Source d\u2019information recommand\u00e9e<\/h3><p>NICE (National Institute for Health and Care Excellence) est une organisation distincte du NHS. Ils cr\u00e9ent des lignes directrices en examinant les recherches men\u00e9es pour traiter la maladie et fournir des soins aux professionnels de la sant\u00e9 en Angleterre et au Pays de Galles. <\/p><p>Ils ont \u00e9tabli des directives sur la pr\u00e9servation de la fertilit\u00e9 pour les femmes diagnostiqu\u00e9es avec un cancer (CG156- Probl\u00e8mes de fertilit\u00e9 : \u00e9valuation et traitement) ; et des directives sur la pr\u00e9servation de la fertilit\u00e9 pour les adolescents et les jeunes adultes (QS55- Services de canc\u00e9rologie pour les enfants et les jeunes adultes : soutien \u00e0 la fertilit\u00e9).<\/p><p>Pour plus d\u2019informations, visitez le site Web de NICE:<a href=\"https:\/\/www.nice.org.uk\/\" target=\"_blank\" rel=\"noopener noreferrer\"> www.nice.org.uk<\/a><\/p>\t\t\t\t\t\t\t\t<\/div>\n\t\t\t\t<\/div>\n\t\t\t\t<\/div>\n\t\t\t\t<\/div>\n\t\t<div class=\"elementor-element elementor-element-48ac27a3 e-con-full e-flex e-con e-child\" data-id=\"48ac27a3\" data-element_type=\"container\" data-e-type=\"container\">\n\t\t<div class=\"elementor-element elementor-element-15df5156 e-con-full e-flex e-con e-child\" data-id=\"15df5156\" data-element_type=\"container\" data-e-type=\"container\">\n\t\t\t\t<div class=\"elementor-element elementor-element-2b6718ca elementor-widget elementor-widget-image\" data-id=\"2b6718ca\" data-element_type=\"widget\" data-e-type=\"widget\" data-widget_type=\"image.default\">\n\t\t\t\t<div class=\"elementor-widget-container\">\n\t\t\t\t\t\t\t\t\t\t\t\t\t\t\t\t<a href=\"http:\/\/.\/\">\n\t\t\t\t\t\t\t<img decoding=\"async\" width=\"400\" height=\"440\" src=\"https:\/\/cancerfertilityandme.org.uk\/wp-content\/uploads\/cancerfertilityandme-logo-column-adult-women.png\" class=\"attachment-full size-full wp-image-2280\" alt=\"\" srcset=\"https:\/\/cancerfertilityandme.org.uk\/wp-content\/uploads\/cancerfertilityandme-logo-column-adult-women.png 400w, https:\/\/cancerfertilityandme.org.uk\/wp-content\/uploads\/cancerfertilityandme-logo-column-adult-women-273x300.png 273w\" sizes=\"(max-width: 400px) 100vw, 400px\" \/>\t\t\t\t\t\t\t\t<\/a>\n\t\t\t\t\t\t\t\t\t\t\t\t\t\t\t<\/div>\n\t\t\t\t<\/div>\n\t\t\t\t<\/div>\n\t\t<div class=\"elementor-element elementor-element-7f8c3660 e-con-full e-flex e-con e-child\" data-id=\"7f8c3660\" data-element_type=\"container\" data-e-type=\"container\">\n\t\t\t\t<div class=\"elementor-element elementor-element-4b69ee29 elementor-widget elementor-widget-heading\" data-id=\"4b69ee29\" data-element_type=\"widget\" data-e-type=\"widget\" data-widget_type=\"heading.default\">\n\t\t\t\t<div class=\"elementor-widget-container\">\n\t\t\t\t\t<h3 class=\"elementor-heading-title elementor-size-default\">Suivez ces liens pour plus d\u2019informations<\/h3>\t\t\t\t<\/div>\n\t\t\t\t<\/div>\n\t\t\t\t<div class=\"elementor-element elementor-element-37188788 elementor-nav-menu--dropdown-none elementor-widget elementor-widget-nav-menu\" data-id=\"37188788\" data-element_type=\"widget\" data-e-type=\"widget\" data-settings=\"{&quot;layout&quot;:&quot;vertical&quot;,&quot;submenu_icon&quot;:{&quot;value&quot;:&quot;&lt;svg aria-hidden=\\&quot;true\\&quot; class=\\&quot;e-font-icon-svg e-fas-caret-down\\&quot; viewBox=\\&quot;0 0 320 512\\&quot; xmlns=\\&quot;http:\\\/\\\/www.w3.org\\\/2000\\\/svg\\&quot;&gt;&lt;path d=\\&quot;M31.3 192h257.3c17.8 0 26.7 21.5 14.1 34.1L174.1 354.8c-7.8 7.8-20.5 7.8-28.3 0L17.2 226.1C4.6 213.5 13.5 192 31.3 192z\\&quot;&gt;&lt;\\\/path&gt;&lt;\\\/svg&gt;&quot;,&quot;library&quot;:&quot;fa-solid&quot;}}\" data-widget_type=\"nav-menu.default\">\n\t\t\t\t<div class=\"elementor-widget-container\">\n\t\t\t\t\t\t\t\t<nav aria-label=\"Menu\" class=\"elementor-nav-menu--main elementor-nav-menu__container elementor-nav-menu--layout-vertical e--pointer-none\">\n\t\t\t\t<ul id=\"menu-1-37188788\" class=\"elementor-nav-menu sm-vertical\"><li class=\"menu-item menu-item-type-post_type menu-item-object-page menu-item-6859\"><a href=\"https:\/\/cancerfertilityandme.org.uk\/adult-women\/cancer-fertility-and-the-reproductive-system\/\" class=\"elementor-item\">Le cancer, la fertilit\u00e9 et le syst\u00e8me reproducteur<\/a><\/li>\n<li class=\"menu-item menu-item-type-post_type menu-item-object-page menu-item-6853\"><a href=\"https:\/\/cancerfertilityandme.org.uk\/adult-women\/cancer-fertility-and-the-reproductive-system\/how-cancer-treatments-affect-fertility\/\" class=\"elementor-item\">Comment les traitements anticanc\u00e9reux affectent la fertilit\u00e9<\/a><\/li>\n<li class=\"menu-item menu-item-type-post_type menu-item-object-page menu-item-6851\"><a href=\"https:\/\/cancerfertilityandme.org.uk\/adult-women\/cancer-fertility-and-the-reproductive-system\/chemotherapy\/\" class=\"elementor-item\">Chimioth\u00e9rapie<\/a><\/li>\n<li class=\"menu-item menu-item-type-post_type menu-item-object-page menu-item-6856\"><a href=\"https:\/\/cancerfertilityandme.org.uk\/adult-women\/cancer-fertility-and-the-reproductive-system\/radiotherapy\/\" class=\"elementor-item\">Radioth\u00e9rapie<\/a><\/li>\n<li class=\"menu-item menu-item-type-post_type menu-item-object-page menu-item-6857\"><a href=\"https:\/\/cancerfertilityandme.org.uk\/adult-women\/cancer-fertility-and-the-reproductive-system\/surgery\/\" class=\"elementor-item\">Op\u00e9ration chirurgicale<\/a><\/li>\n<li class=\"menu-item menu-item-type-post_type menu-item-object-page menu-item-6852\"><a href=\"https:\/\/cancerfertilityandme.org.uk\/adult-women\/cancer-fertility-and-the-reproductive-system\/hormone-therapy\/\" class=\"elementor-item\">Hormonoth\u00e9rapie<\/a><\/li>\n<li class=\"menu-item menu-item-type-post_type menu-item-object-page menu-item-6858\"><a href=\"https:\/\/cancerfertilityandme.org.uk\/adult-women\/cancer-fertility-and-the-reproductive-system\/targeted-drug-therapies\/\" class=\"elementor-item\">Th\u00e9rapies m\u00e9dicamenteuses cibl\u00e9es (Pharmacoth\u00e9rapie)<\/a><\/li>\n<li class=\"menu-item menu-item-type-post_type menu-item-object-page menu-item-6855\"><a href=\"https:\/\/cancerfertilityandme.org.uk\/adult-women\/cancer-fertility-and-the-reproductive-system\/questions-to-ask\/\" class=\"elementor-item\">Questions \u00e0 poser<\/a><\/li>\n<\/ul>\t\t\t<\/nav>\n\t\t\t\t\t\t<nav class=\"elementor-nav-menu--dropdown elementor-nav-menu__container\" aria-hidden=\"true\">\n\t\t\t\t<ul id=\"menu-2-37188788\" class=\"elementor-nav-menu sm-vertical\"><li class=\"menu-item menu-item-type-post_type menu-item-object-page menu-item-6859\"><a href=\"https:\/\/cancerfertilityandme.org.uk\/adult-women\/cancer-fertility-and-the-reproductive-system\/\" class=\"elementor-item\" tabindex=\"-1\">Le cancer, la fertilit\u00e9 et le syst\u00e8me reproducteur<\/a><\/li>\n<li class=\"menu-item menu-item-type-post_type menu-item-object-page menu-item-6853\"><a href=\"https:\/\/cancerfertilityandme.org.uk\/adult-women\/cancer-fertility-and-the-reproductive-system\/how-cancer-treatments-affect-fertility\/\" class=\"elementor-item\" tabindex=\"-1\">Comment les traitements anticanc\u00e9reux affectent la fertilit\u00e9<\/a><\/li>\n<li class=\"menu-item menu-item-type-post_type menu-item-object-page menu-item-6851\"><a href=\"https:\/\/cancerfertilityandme.org.uk\/adult-women\/cancer-fertility-and-the-reproductive-system\/chemotherapy\/\" class=\"elementor-item\" tabindex=\"-1\">Chimioth\u00e9rapie<\/a><\/li>\n<li class=\"menu-item menu-item-type-post_type menu-item-object-page menu-item-6856\"><a href=\"https:\/\/cancerfertilityandme.org.uk\/adult-women\/cancer-fertility-and-the-reproductive-system\/radiotherapy\/\" class=\"elementor-item\" tabindex=\"-1\">Radioth\u00e9rapie<\/a><\/li>\n<li class=\"menu-item menu-item-type-post_type menu-item-object-page menu-item-6857\"><a href=\"https:\/\/cancerfertilityandme.org.uk\/adult-women\/cancer-fertility-and-the-reproductive-system\/surgery\/\" class=\"elementor-item\" tabindex=\"-1\">Op\u00e9ration chirurgicale<\/a><\/li>\n<li class=\"menu-item menu-item-type-post_type menu-item-object-page menu-item-6852\"><a href=\"https:\/\/cancerfertilityandme.org.uk\/adult-women\/cancer-fertility-and-the-reproductive-system\/hormone-therapy\/\" class=\"elementor-item\" tabindex=\"-1\">Hormonoth\u00e9rapie<\/a><\/li>\n<li class=\"menu-item menu-item-type-post_type menu-item-object-page menu-item-6858\"><a href=\"https:\/\/cancerfertilityandme.org.uk\/adult-women\/cancer-fertility-and-the-reproductive-system\/targeted-drug-therapies\/\" class=\"elementor-item\" tabindex=\"-1\">Th\u00e9rapies m\u00e9dicamenteuses cibl\u00e9es (Pharmacoth\u00e9rapie)<\/a><\/li>\n<li class=\"menu-item menu-item-type-post_type menu-item-object-page menu-item-6855\"><a href=\"https:\/\/cancerfertilityandme.org.uk\/adult-women\/cancer-fertility-and-the-reproductive-system\/questions-to-ask\/\" class=\"elementor-item\" tabindex=\"-1\">Questions \u00e0 poser<\/a><\/li>\n<\/ul>\t\t\t<\/nav>\n\t\t\t\t\t\t<\/div>\n\t\t\t\t<\/div>\n\t\t\t\t<\/div>\n\t\t\t\t<\/div>\n\t\t\t\t\t<\/div>\n\t\t\t\t<\/main>\n\t\t\t\t<\/div>\n\t\t","protected":false},"excerpt":{"rendered":"<p>Introduction au cancer, \u00e0 la fertilit\u00e9 et au syst\u00e8me reproducteur Cette section contient des informations utiles pour vous aider \u00e0 comprendre comment les traitements anticanc\u00e9reux peuvent affecter votre fertilit\u00e9. Le cancer est le nom donn\u00e9 aux maladies caus\u00e9es par les cellules du corps qui se divisent sans s\u2019arr\u00eater, forment des excroissances et se d\u00e9placent dans [&hellip;]<\/p>\n","protected":false},"author":1,"featured_media":5370,"parent":6758,"menu_order":0,"comment_status":"closed","ping_status":"open","template":"","meta":{"footnotes":""},"class_list":["post-5812","page","type-page","status-publish","has-post-thumbnail","hentry"],"_links":{"self":[{"href":"https:\/\/cancerfertilityandme.org.uk\/fr\/wp-json\/wp\/v2\/pages\/5812","targetHints":{"allow":["GET"]}}],"collection":[{"href":"https:\/\/cancerfertilityandme.org.uk\/fr\/wp-json\/wp\/v2\/pages"}],"about":[{"href":"https:\/\/cancerfertilityandme.org.uk\/fr\/wp-json\/wp\/v2\/types\/page"}],"author":[{"embeddable":true,"href":"https:\/\/cancerfertilityandme.org.uk\/fr\/wp-json\/wp\/v2\/users\/1"}],"replies":[{"embeddable":true,"href":"https:\/\/cancerfertilityandme.org.uk\/fr\/wp-json\/wp\/v2\/comments?post=5812"}],"version-history":[{"count":9,"href":"https:\/\/cancerfertilityandme.org.uk\/fr\/wp-json\/wp\/v2\/pages\/5812\/revisions"}],"predecessor-version":[{"id":10881,"href":"https:\/\/cancerfertilityandme.org.uk\/fr\/wp-json\/wp\/v2\/pages\/5812\/revisions\/10881"}],"up":[{"embeddable":true,"href":"https:\/\/cancerfertilityandme.org.uk\/fr\/wp-json\/wp\/v2\/pages\/6758"}],"wp:featuredmedia":[{"embeddable":true,"href":"https:\/\/cancerfertilityandme.org.uk\/fr\/wp-json\/wp\/v2\/media\/5370"}],"wp:attachment":[{"href":"https:\/\/cancerfertilityandme.org.uk\/fr\/wp-json\/wp\/v2\/media?parent=5812"}],"curies":[{"name":"wp","href":"https:\/\/api.w.org\/{rel}","templated":true}]}}