{"id":5800,"date":"2019-04-15T13:13:44","date_gmt":"2019-04-15T13:13:44","guid":{"rendered":"https:\/\/cancerfertilityandme.org.uk\/a-propos-de-ce-site-web\/"},"modified":"2026-03-17T12:50:42","modified_gmt":"2026-03-17T12:50:42","slug":"a-propos-de-ce-site-web","status":"publish","type":"page","link":"https:\/\/cancerfertilityandme.org.uk\/fr\/femmes-adultes\/a-propos-de-ce-site-web\/","title":{"rendered":"\u00c0 propos de ce site web"},"content":{"rendered":"\t\t<div data-elementor-type=\"wp-page\" data-elementor-id=\"5800\" class=\"elementor elementor-5800 elementor-5611\" data-elementor-post-type=\"page\">\n\t\t\t\t<main class=\"elementor-element elementor-element-6e75e9de e-flex e-con-boxed e-con e-parent\" data-id=\"6e75e9de\" data-element_type=\"container\" data-e-type=\"container\">\n\t\t\t\t\t<div class=\"e-con-inner\">\n\t\t<div class=\"elementor-element elementor-element-1dcd69a9 e-con-full e-flex e-con e-child\" data-id=\"1dcd69a9\" data-element_type=\"container\" data-e-type=\"container\">\n\t\t\t\t<div class=\"elementor-element elementor-element-2a773a53 elementor-widget elementor-widget-text-editor\" data-id=\"2a773a53\" data-element_type=\"widget\" data-e-type=\"widget\" data-widget_type=\"text-editor.default\">\n\t\t\t\t<div class=\"elementor-widget-container\">\n\t\t\t\t\t\t\t\t\t<h4>Ce site web vise \u00e0 aider les femmes atteintes de cancer \u00e0 prendre des d\u00e9cisions concernant la pr\u00e9servation de leur fertilit\u00e9 avant de commencer leur traitement anticanc\u00e9reux.<\/h4><p>Pour certaines femmes, les traitements anticanc\u00e9reux tels que la chimioth\u00e9rapie, la radioth\u00e9rapie et les th\u00e9rapies hormonales et chirurgicales peuvent engendrer des probl\u00e8mes de fertilit\u00e9 \u00e0 long terme et peuvent r\u00e9duire leurs chances de conception. Les effets des traitements anticanc\u00e9reux sur la fertilit\u00e9 d\u00e9pendent du type de cancer dont vous \u00eates atteinte et du traitement que vous allez recevoir. Les effets des traitements anticanc\u00e9reux sur la fertilit\u00e9 d\u00e9pendent de votre type de cancer, ainsi que du traitement que vous suivez.For some women, cancer treatments such as chemotherapy, radiotherapy, hormonal and surgical therapies may cause long-lasting fertility problems and may reduce the future chances of becoming pregnant. Les effets des traitements anticanc\u00e9reux sur la fertilit\u00e9 d\u00e9pendent de votre type de cancer, ainsi que du traitement que vous suivez. <\/p><h4>Ce site web contient des informations pour vous aider \u00e0 :<\/h4><ul><li>Mieux comprendre comment les traitements anticanc\u00e9reux peuvent causer des probl\u00e8mes de fertilit\u00e9 chez les femmes.<\/li><li>En apprendre davantage sur la fa\u00e7on dont les femmes atteintes de cancer peuvent pr\u00e9server leur fertilit\u00e9 avant de commencer un traitement anticanc\u00e9reux.Understand more about how women with cancer can preserve their fertility, <b>before<\/b> starting cancer treatment.<\/li><li>Comprendre quelles options de pr\u00e9servation de la fertilit\u00e9 sont les mieux adapt\u00e9es \u00e0 la vie de chaque femme.<\/li><li>Comprendre les d\u00e9cisions de planification familiale \u00e0 prendre pendant et apr\u00e8s le traitement anticanc\u00e9reux.<\/li><\/ul><p>Les techniques de pr\u00e9servation de la fertilit\u00e9 sont des moyens d\u2019aider les femmes atteintes de cancer \u00e0 augmenter leurs chances d\u2019avoir un enfant \u00e0 l\u2019issue de leur traitement anticanc\u00e9reux. Les femmes qui re\u00e7oivent un traitement anticanc\u00e9reux ne rencontreront pas toutes des probl\u00e8mes de fertilit\u00e9 ult\u00e9rieurs. Les femmes qui suivent un traitement anticanc\u00e9reux n\u2019auront pas toutes de probl\u00e8mes de fertilit\u00e9 ult\u00e9rieurs. <\/p><h4>Ce site web peut vous \u00eatre utile si :<\/h4><ul><li>Vous avez r\u00e9cemment re\u00e7u un diagnostic de cancer.<\/li><li>Vous avez un projet de grossesse ou souhaitez concevoir \u00e0 l\u2019issue des traitements.<\/li><li>Vous souhaitez obtenir plus d&rsquo;informations pour vous aider \u00e0 prendre une d\u00e9cision concernant la pr\u00e9servation de la fertilit\u00e9.<\/li><\/ul>\t\t\t\t\t\t\t\t<\/div>\n\t\t\t\t<\/div>\n\t\t\t\t<\/div>\n\t\t<div class=\"elementor-element elementor-element-7c9fa8b6 e-con-full e-flex e-con e-child\" data-id=\"7c9fa8b6\" data-element_type=\"container\" data-e-type=\"container\">\n\t\t<div class=\"elementor-element elementor-element-54755db2 e-con-full e-flex e-con e-child\" data-id=\"54755db2\" data-element_type=\"container\" data-e-type=\"container\">\n\t\t\t\t<div class=\"elementor-element elementor-element-762eb1be elementor-widget elementor-widget-image\" data-id=\"762eb1be\" data-element_type=\"widget\" data-e-type=\"widget\" data-widget_type=\"image.default\">\n\t\t\t\t<div class=\"elementor-widget-container\">\n\t\t\t\t\t\t\t\t\t\t\t\t\t\t\t\t<a href=\"http:\/\/.\/\">\n\t\t\t\t\t\t\t<img fetchpriority=\"high\" decoding=\"async\" width=\"400\" height=\"440\" src=\"https:\/\/cancerfertilityandme.org.uk\/wp-content\/uploads\/cancerfertilityandme-logo-column-adult-women.png\" class=\"attachment-full size-full wp-image-2280\" alt=\"\" srcset=\"https:\/\/cancerfertilityandme.org.uk\/wp-content\/uploads\/cancerfertilityandme-logo-column-adult-women.png 400w, https:\/\/cancerfertilityandme.org.uk\/wp-content\/uploads\/cancerfertilityandme-logo-column-adult-women-273x300.png 273w\" sizes=\"(max-width: 400px) 100vw, 400px\" \/>\t\t\t\t\t\t\t\t<\/a>\n\t\t\t\t\t\t\t\t\t\t\t\t\t\t\t<\/div>\n\t\t\t\t<\/div>\n\t\t\t\t<\/div>\n\t\t<div class=\"elementor-element elementor-element-7daf8974 e-con-full e-flex e-con e-child\" data-id=\"7daf8974\" data-element_type=\"container\" data-e-type=\"container\">\n\t\t\t\t<div class=\"elementor-element elementor-element-1281da elementor-widget elementor-widget-heading\" data-id=\"1281da\" data-element_type=\"widget\" data-e-type=\"widget\" data-widget_type=\"heading.default\">\n\t\t\t\t<div class=\"elementor-widget-container\">\n\t\t\t\t\t<h3 class=\"elementor-heading-title elementor-size-default\">Suivez ces liens pour plus d\u2019informations<\/h3>\t\t\t\t<\/div>\n\t\t\t\t<\/div>\n\t\t\t\t<div class=\"elementor-element elementor-element-5d7b452e elementor-nav-menu--dropdown-none elementor-widget elementor-widget-nav-menu\" data-id=\"5d7b452e\" data-element_type=\"widget\" data-e-type=\"widget\" data-settings=\"{&quot;layout&quot;:&quot;vertical&quot;,&quot;submenu_icon&quot;:{&quot;value&quot;:&quot;&lt;svg aria-hidden=\\&quot;true\\&quot; class=\\&quot;e-font-icon-svg e-fas-caret-down\\&quot; viewBox=\\&quot;0 0 320 512\\&quot; xmlns=\\&quot;http:\\\/\\\/www.w3.org\\\/2000\\\/svg\\&quot;&gt;&lt;path d=\\&quot;M31.3 192h257.3c17.8 0 26.7 21.5 14.1 34.1L174.1 354.8c-7.8 7.8-20.5 7.8-28.3 0L17.2 226.1C4.6 213.5 13.5 192 31.3 192z\\&quot;&gt;&lt;\\\/path&gt;&lt;\\\/svg&gt;&quot;,&quot;library&quot;:&quot;fa-solid&quot;}}\" data-widget_type=\"nav-menu.default\">\n\t\t\t\t<div class=\"elementor-widget-container\">\n\t\t\t\t\t\t\t\t<nav aria-label=\"Menu\" class=\"elementor-nav-menu--main elementor-nav-menu__container elementor-nav-menu--layout-vertical e--pointer-none\">\n\t\t\t\t<ul id=\"menu-1-5d7b452e\" class=\"elementor-nav-menu sm-vertical\"><li class=\"menu-item menu-item-type-post_type menu-item-object-page menu-item-6817\"><a href=\"https:\/\/cancerfertilityandme.org.uk\/adult-women\/about-this-project\/\" class=\"elementor-item\">\u00c0 propos de ce site web<\/a><\/li>\n<li class=\"menu-item menu-item-type-post_type menu-item-object-page menu-item-6818\"><a href=\"https:\/\/cancerfertilityandme.org.uk\/adult-women\/about-this-project\/decisions-before-during-and-after-treatment\/\" class=\"elementor-item\">D\u00e9cisions avant, pendant et apr\u00e8s le traitement<\/a><\/li>\n<li class=\"menu-item menu-item-type-post_type menu-item-object-page menu-item-6820\"><a href=\"https:\/\/cancerfertilityandme.org.uk\/adult-women\/about-this-project\/using-this-website\/\" class=\"elementor-item\">Utiliser ce site web<\/a><\/li>\n<li class=\"menu-item menu-item-type-post_type menu-item-object-page menu-item-6819\"><a href=\"https:\/\/cancerfertilityandme.org.uk\/glossary\/\" class=\"elementor-item\">Glossaire<\/a><\/li>\n<\/ul>\t\t\t<\/nav>\n\t\t\t\t\t\t<nav class=\"elementor-nav-menu--dropdown elementor-nav-menu__container\" aria-hidden=\"true\">\n\t\t\t\t<ul id=\"menu-2-5d7b452e\" class=\"elementor-nav-menu sm-vertical\"><li class=\"menu-item menu-item-type-post_type menu-item-object-page menu-item-6817\"><a href=\"https:\/\/cancerfertilityandme.org.uk\/adult-women\/about-this-project\/\" class=\"elementor-item\" tabindex=\"-1\">\u00c0 propos de ce site web<\/a><\/li>\n<li class=\"menu-item menu-item-type-post_type menu-item-object-page menu-item-6818\"><a href=\"https:\/\/cancerfertilityandme.org.uk\/adult-women\/about-this-project\/decisions-before-during-and-after-treatment\/\" class=\"elementor-item\" tabindex=\"-1\">D\u00e9cisions avant, pendant et apr\u00e8s le traitement<\/a><\/li>\n<li class=\"menu-item menu-item-type-post_type menu-item-object-page menu-item-6820\"><a href=\"https:\/\/cancerfertilityandme.org.uk\/adult-women\/about-this-project\/using-this-website\/\" class=\"elementor-item\" tabindex=\"-1\">Utiliser ce site web<\/a><\/li>\n<li class=\"menu-item menu-item-type-post_type menu-item-object-page menu-item-6819\"><a href=\"https:\/\/cancerfertilityandme.org.uk\/glossary\/\" class=\"elementor-item\" tabindex=\"-1\">Glossaire<\/a><\/li>\n<\/ul>\t\t\t<\/nav>\n\t\t\t\t\t\t<\/div>\n\t\t\t\t<\/div>\n\t\t\t\t<\/div>\n\t\t\t\t<\/div>\n\t\t\t\t\t<\/div>\n\t\t\t\t<\/main>\n\t\t\t\t<\/div>\n\t\t","protected":false},"excerpt":{"rendered":"<p>Ce site web vise \u00e0 aider les femmes atteintes de cancer \u00e0 prendre des d\u00e9cisions concernant la pr\u00e9servation de leur fertilit\u00e9 avant de commencer leur traitement anticanc\u00e9reux. Pour certaines femmes, les traitements anticanc\u00e9reux tels que la chimioth\u00e9rapie, la radioth\u00e9rapie et les th\u00e9rapies hormonales et chirurgicales peuvent engendrer des probl\u00e8mes de fertilit\u00e9 \u00e0 long terme et [&hellip;]<\/p>\n","protected":false},"author":1,"featured_media":5614,"parent":6758,"menu_order":0,"comment_status":"closed","ping_status":"closed","template":"","meta":{"footnotes":""},"class_list":["post-5800","page","type-page","status-publish","has-post-thumbnail","hentry"],"_links":{"self":[{"href":"https:\/\/cancerfertilityandme.org.uk\/fr\/wp-json\/wp\/v2\/pages\/5800","targetHints":{"allow":["GET"]}}],"collection":[{"href":"https:\/\/cancerfertilityandme.org.uk\/fr\/wp-json\/wp\/v2\/pages"}],"about":[{"href":"https:\/\/cancerfertilityandme.org.uk\/fr\/wp-json\/wp\/v2\/types\/page"}],"author":[{"embeddable":true,"href":"https:\/\/cancerfertilityandme.org.uk\/fr\/wp-json\/wp\/v2\/users\/1"}],"replies":[{"embeddable":true,"href":"https:\/\/cancerfertilityandme.org.uk\/fr\/wp-json\/wp\/v2\/comments?post=5800"}],"version-history":[{"count":9,"href":"https:\/\/cancerfertilityandme.org.uk\/fr\/wp-json\/wp\/v2\/pages\/5800\/revisions"}],"predecessor-version":[{"id":11428,"href":"https:\/\/cancerfertilityandme.org.uk\/fr\/wp-json\/wp\/v2\/pages\/5800\/revisions\/11428"}],"up":[{"embeddable":true,"href":"https:\/\/cancerfertilityandme.org.uk\/fr\/wp-json\/wp\/v2\/pages\/6758"}],"wp:featuredmedia":[{"embeddable":true,"href":"https:\/\/cancerfertilityandme.org.uk\/fr\/wp-json\/wp\/v2\/media\/5614"}],"wp:attachment":[{"href":"https:\/\/cancerfertilityandme.org.uk\/fr\/wp-json\/wp\/v2\/media?parent=5800"}],"curies":[{"name":"wp","href":"https:\/\/api.w.org\/{rel}","templated":true}]}}