{"id":5340,"date":"2025-06-03T12:13:27","date_gmt":"2025-06-03T12:13:27","guid":{"rendered":"https:\/\/cancerfertilityandme.org.uk\/le-cancer-la-fertilite-et-moi\/prendre-ma-decision-de-preservation-de-la-fertilite\/questions-a-poser-a-votre-equipe-de-cancerologie-ou-a-votre-medecin-generaliste\/"},"modified":"2025-11-17T10:57:40","modified_gmt":"2025-11-17T10:57:40","slug":"questions-a-poser-a-votre-equipe-de-cancerologie-ou-a-votre-medecin-generaliste","status":"publish","type":"page","link":"https:\/\/cancerfertilityandme.org.uk\/fr\/femmes-adultes\/contraception-et-planification-familiale\/questions-a-poser-a-votre-equipe-de-cancerologie-ou-a-votre-medecin-generaliste\/","title":{"rendered":"Questions \u00e0 poser \u00e0 votre \u00e9quipe de canc\u00e9rologie ou \u00e0 votre m\u00e9decin g\u00e9n\u00e9raliste"},"content":{"rendered":"\t\t<div data-elementor-type=\"wp-page\" data-elementor-id=\"5340\" class=\"elementor elementor-5340 elementor-1130\" data-elementor-post-type=\"page\">\n\t\t\t\t<main class=\"elementor-element elementor-element-f21c38 e-flex e-con-boxed e-con e-parent\" data-id=\"f21c38\" data-element_type=\"container\" data-e-type=\"container\">\n\t\t\t\t\t<div class=\"e-con-inner\">\n\t\t<div class=\"elementor-element elementor-element-632cf88c e-con-full e-flex e-con e-child\" data-id=\"632cf88c\" data-element_type=\"container\" data-e-type=\"container\">\n\t\t\t\t<div class=\"elementor-element elementor-element-80e8250 elementor-widget elementor-widget-text-editor\" data-id=\"80e8250\" data-element_type=\"widget\" data-e-type=\"widget\" data-widget_type=\"text-editor.default\">\n\t\t\t\t<div class=\"elementor-widget-container\">\n\t\t\t\t\t\t\t\t\t<h2>Questions \u00e0 poser \u00e0 votre \u00e9quipe de canc\u00e9rologie ou \u00e0 votre m\u00e9decin g\u00e9n\u00e9raliste<\/h2><p>Les questions suivantes peuvent vous aider \u00e0 discuter de la planification familiale \u00e0 l\u2019issue des traitements anticanc\u00e9reux avec votre \u00e9quipe de soins anticanc\u00e9reux ou votre m\u00e9decin g\u00e9n\u00e9raliste :<\/p><ul><li>Comment savoir si je suis fertile \u00e0 l\u2019issue des traitements anticanc\u00e9reux ?<\/li><li>Combien de temps devrai-je attendre avant de savoir si je suis fertile ?<\/li><li>Existe-t-il des tests \u00e0 faire moi-m\u00eame pour v\u00e9rifier si je suis toujours fertile \u00e0 l\u2019issue des traitements anticanc\u00e9reux ?<\/li><li>Une future grossesse affectera-t-elle les risques de voir mon cancer r\u00e9cidiver ?<\/li><li>En supposant que je puisse encore avoir des enfants, combien de temps devrai-je attendre apr\u00e8s le traitement ?<\/li><li>En supposant que je tombe enceinte \u00e0 l\u2019issue des traitements anticanc\u00e9reux, mon enfant aura-t-il plus de risques d\u2019avoir un cancer ?<\/li><li>Si je n\u2019ai pas opt\u00e9 pour la pr\u00e9servation de ma fertilit\u00e9 avant le traitement, quelles options me reste-t-il ?<\/li><li>L\u2019utilisation d\u2019une option de pr\u00e9servation de la fertilit\u00e9 affecterait-elle mes chances de r\u00e9cidive du cancer ?<\/li><\/ul>\t\t\t\t\t\t\t\t<\/div>\n\t\t\t\t<\/div>\n\t\t\t\t<\/div>\n\t\t<div class=\"elementor-element elementor-element-2bb0ef20 e-con-full e-flex e-con e-child\" data-id=\"2bb0ef20\" data-element_type=\"container\" data-e-type=\"container\">\n\t\t<div class=\"elementor-element elementor-element-1de0fc5a e-con-full e-flex e-con e-child\" data-id=\"1de0fc5a\" data-element_type=\"container\" data-e-type=\"container\">\n\t\t\t\t<div class=\"elementor-element elementor-element-64adc547 elementor-widget elementor-widget-image\" data-id=\"64adc547\" data-element_type=\"widget\" data-e-type=\"widget\" data-widget_type=\"image.default\">\n\t\t\t\t<div class=\"elementor-widget-container\">\n\t\t\t\t\t\t\t\t\t\t\t\t\t\t\t\t<a href=\"http:\/\/.\/\">\n\t\t\t\t\t\t\t<img fetchpriority=\"high\" decoding=\"async\" width=\"400\" height=\"440\" src=\"https:\/\/cancerfertilityandme.org.uk\/wp-content\/uploads\/cancerfertilityandme-logo-column-adult-women.png\" class=\"attachment-full size-full wp-image-2280\" alt=\"\" srcset=\"https:\/\/cancerfertilityandme.org.uk\/wp-content\/uploads\/cancerfertilityandme-logo-column-adult-women.png 400w, https:\/\/cancerfertilityandme.org.uk\/wp-content\/uploads\/cancerfertilityandme-logo-column-adult-women-273x300.png 273w\" sizes=\"(max-width: 400px) 100vw, 400px\" \/>\t\t\t\t\t\t\t\t<\/a>\n\t\t\t\t\t\t\t\t\t\t\t\t\t\t\t<\/div>\n\t\t\t\t<\/div>\n\t\t\t\t<\/div>\n\t\t<div class=\"elementor-element elementor-element-25ac3948 e-con-full e-flex e-con e-child\" data-id=\"25ac3948\" data-element_type=\"container\" data-e-type=\"container\">\n\t\t\t\t<div class=\"elementor-element elementor-element-34ce61a7 elementor-widget elementor-widget-heading\" data-id=\"34ce61a7\" data-element_type=\"widget\" data-e-type=\"widget\" data-widget_type=\"heading.default\">\n\t\t\t\t<div class=\"elementor-widget-container\">\n\t\t\t\t\t<h3 class=\"elementor-heading-title elementor-size-default\">Suivez ces liens pour plus d\u2019informations<\/h3>\t\t\t\t<\/div>\n\t\t\t\t<\/div>\n\t\t\t\t<div class=\"elementor-element elementor-element-7fdde6eb elementor-nav-menu--dropdown-none elementor-widget elementor-widget-nav-menu\" data-id=\"7fdde6eb\" data-element_type=\"widget\" data-e-type=\"widget\" data-settings=\"{&quot;layout&quot;:&quot;vertical&quot;,&quot;submenu_icon&quot;:{&quot;value&quot;:&quot;&lt;svg aria-hidden=\\&quot;true\\&quot; class=\\&quot;e-font-icon-svg e-fas-caret-down\\&quot; viewBox=\\&quot;0 0 320 512\\&quot; xmlns=\\&quot;http:\\\/\\\/www.w3.org\\\/2000\\\/svg\\&quot;&gt;&lt;path d=\\&quot;M31.3 192h257.3c17.8 0 26.7 21.5 14.1 34.1L174.1 354.8c-7.8 7.8-20.5 7.8-28.3 0L17.2 226.1C4.6 213.5 13.5 192 31.3 192z\\&quot;&gt;&lt;\\\/path&gt;&lt;\\\/svg&gt;&quot;,&quot;library&quot;:&quot;fa-solid&quot;}}\" data-widget_type=\"nav-menu.default\">\n\t\t\t\t<div class=\"elementor-widget-container\">\n\t\t\t\t\t\t\t\t<nav aria-label=\"Menu\" class=\"elementor-nav-menu--main elementor-nav-menu__container elementor-nav-menu--layout-vertical e--pointer-none\">\n\t\t\t\t<ul id=\"menu-1-7fdde6eb\" class=\"elementor-nav-menu sm-vertical\"><li class=\"menu-item menu-item-type-post_type menu-item-object-page menu-item-7141\"><a href=\"https:\/\/cancerfertilityandme.org.uk\/adult-women\/making-your-fertility-preservation-decision\/\" class=\"elementor-item\">Prendre ma d\u00e9cision de pr\u00e9servation de la fertilit\u00e9<\/a><\/li>\n<li class=\"menu-item menu-item-type-post_type menu-item-object-page menu-item-7144\"><a href=\"https:\/\/cancerfertilityandme.org.uk\/adult-women\/making-your-fertility-preservation-decision\/talking-with-your-fertility-care-team-about-fertility-preservation\/\" class=\"elementor-item\">Discuter avec votre \u00e9quipe de soins de fertilit\u00e9 de la pr\u00e9servation de votre fertilit\u00e9<\/a><\/li>\n<li class=\"menu-item menu-item-type-post_type menu-item-object-page menu-item-7143\"><a href=\"https:\/\/cancerfertilityandme.org.uk\/adult-women\/making-your-fertility-preservation-decision\/talking-about-the-fertility-preservation-decision\/\" class=\"elementor-item\">Parler de la d\u00e9cision de pr\u00e9servation de la fertilit\u00e9<\/a><\/li>\n<li class=\"menu-item menu-item-type-post_type menu-item-object-page menu-item-2133\"><a href=\"https:\/\/cancerfertilityandme.org.uk\/adult-women\/contraception-family-planning\/questions-to-ask-your-cancer-care-team-or-gp\/\" class=\"elementor-item\">Questions \u00e0 poser \u00e0 votre \u00e9quipe de canc\u00e9rologie ou \u00e0 votre m\u00e9decin g\u00e9n\u00e9raliste<\/a><\/li>\n<li class=\"menu-item menu-item-type-post_type menu-item-object-page menu-item-7142\"><a href=\"https:\/\/cancerfertilityandme.org.uk\/adult-women\/making-your-fertility-preservation-decision\/financial-costs-associated-with-undergoing-fertility-preservation\/\" class=\"elementor-item\">Co\u00fbts financiers li\u00e9s \u00e0 la pr\u00e9servation de la fertilit\u00e9<\/a><\/li>\n<li class=\"menu-item menu-item-type-post_type menu-item-object-page menu-item-7145\"><a href=\"https:\/\/cancerfertilityandme.org.uk\/adult-women\/fertility-preservation-options\/summary-of-fertility-preservation-options\/\" class=\"elementor-item\">R\u00e9sum\u00e9 des options de pr\u00e9servation de la fertilit\u00e9.<\/a><\/li>\n<\/ul>\t\t\t<\/nav>\n\t\t\t\t\t\t<nav class=\"elementor-nav-menu--dropdown elementor-nav-menu__container\" aria-hidden=\"true\">\n\t\t\t\t<ul id=\"menu-2-7fdde6eb\" class=\"elementor-nav-menu sm-vertical\"><li class=\"menu-item menu-item-type-post_type menu-item-object-page menu-item-7141\"><a href=\"https:\/\/cancerfertilityandme.org.uk\/adult-women\/making-your-fertility-preservation-decision\/\" class=\"elementor-item\" tabindex=\"-1\">Prendre ma d\u00e9cision de pr\u00e9servation de la fertilit\u00e9<\/a><\/li>\n<li class=\"menu-item menu-item-type-post_type menu-item-object-page menu-item-7144\"><a href=\"https:\/\/cancerfertilityandme.org.uk\/adult-women\/making-your-fertility-preservation-decision\/talking-with-your-fertility-care-team-about-fertility-preservation\/\" class=\"elementor-item\" tabindex=\"-1\">Discuter avec votre \u00e9quipe de soins de fertilit\u00e9 de la pr\u00e9servation de votre fertilit\u00e9<\/a><\/li>\n<li class=\"menu-item menu-item-type-post_type menu-item-object-page menu-item-7143\"><a href=\"https:\/\/cancerfertilityandme.org.uk\/adult-women\/making-your-fertility-preservation-decision\/talking-about-the-fertility-preservation-decision\/\" class=\"elementor-item\" tabindex=\"-1\">Parler de la d\u00e9cision de pr\u00e9servation de la fertilit\u00e9<\/a><\/li>\n<li class=\"menu-item menu-item-type-post_type menu-item-object-page menu-item-2133\"><a href=\"https:\/\/cancerfertilityandme.org.uk\/adult-women\/contraception-family-planning\/questions-to-ask-your-cancer-care-team-or-gp\/\" class=\"elementor-item\" tabindex=\"-1\">Questions \u00e0 poser \u00e0 votre \u00e9quipe de canc\u00e9rologie ou \u00e0 votre m\u00e9decin g\u00e9n\u00e9raliste<\/a><\/li>\n<li class=\"menu-item menu-item-type-post_type menu-item-object-page menu-item-7142\"><a href=\"https:\/\/cancerfertilityandme.org.uk\/adult-women\/making-your-fertility-preservation-decision\/financial-costs-associated-with-undergoing-fertility-preservation\/\" class=\"elementor-item\" tabindex=\"-1\">Co\u00fbts financiers li\u00e9s \u00e0 la pr\u00e9servation de la fertilit\u00e9<\/a><\/li>\n<li class=\"menu-item menu-item-type-post_type menu-item-object-page menu-item-7145\"><a href=\"https:\/\/cancerfertilityandme.org.uk\/adult-women\/fertility-preservation-options\/summary-of-fertility-preservation-options\/\" class=\"elementor-item\" tabindex=\"-1\">R\u00e9sum\u00e9 des options de pr\u00e9servation de la fertilit\u00e9.<\/a><\/li>\n<\/ul>\t\t\t<\/nav>\n\t\t\t\t\t\t<\/div>\n\t\t\t\t<\/div>\n\t\t\t\t<\/div>\n\t\t\t\t<\/div>\n\t\t\t\t\t<\/div>\n\t\t\t\t<\/main>\n\t\t\t\t<\/div>\n\t\t","protected":false},"excerpt":{"rendered":"<p>Questions \u00e0 poser \u00e0 votre \u00e9quipe de canc\u00e9rologie ou \u00e0 votre m\u00e9decin g\u00e9n\u00e9raliste Les questions suivantes peuvent vous aider \u00e0 discuter de la planification familiale \u00e0 l\u2019issue des traitements anticanc\u00e9reux avec votre \u00e9quipe de soins anticanc\u00e9reux ou votre m\u00e9decin g\u00e9n\u00e9raliste : Comment savoir si je suis fertile \u00e0 l\u2019issue des traitements anticanc\u00e9reux ? Combien de [&hellip;]<\/p>\n","protected":false},"author":1,"featured_media":0,"parent":5874,"menu_order":0,"comment_status":"closed","ping_status":"closed","template":"","meta":{"footnotes":""},"class_list":["post-5340","page","type-page","status-publish","hentry"],"_links":{"self":[{"href":"https:\/\/cancerfertilityandme.org.uk\/fr\/wp-json\/wp\/v2\/pages\/5340","targetHints":{"allow":["GET"]}}],"collection":[{"href":"https:\/\/cancerfertilityandme.org.uk\/fr\/wp-json\/wp\/v2\/pages"}],"about":[{"href":"https:\/\/cancerfertilityandme.org.uk\/fr\/wp-json\/wp\/v2\/types\/page"}],"author":[{"embeddable":true,"href":"https:\/\/cancerfertilityandme.org.uk\/fr\/wp-json\/wp\/v2\/users\/1"}],"replies":[{"embeddable":true,"href":"https:\/\/cancerfertilityandme.org.uk\/fr\/wp-json\/wp\/v2\/comments?post=5340"}],"version-history":[{"count":7,"href":"https:\/\/cancerfertilityandme.org.uk\/fr\/wp-json\/wp\/v2\/pages\/5340\/revisions"}],"predecessor-version":[{"id":9450,"href":"https:\/\/cancerfertilityandme.org.uk\/fr\/wp-json\/wp\/v2\/pages\/5340\/revisions\/9450"}],"up":[{"embeddable":true,"href":"https:\/\/cancerfertilityandme.org.uk\/fr\/wp-json\/wp\/v2\/pages\/5874"}],"wp:attachment":[{"href":"https:\/\/cancerfertilityandme.org.uk\/fr\/wp-json\/wp\/v2\/media?parent=5340"}],"curies":[{"name":"wp","href":"https:\/\/api.w.org\/{rel}","templated":true}]}}