{"id":3397,"date":"2023-08-07T09:35:20","date_gmt":"2023-08-07T09:35:20","guid":{"rendered":"https:\/\/cancerfertilityandme.org.uk\/pour-les-jeunes-hommes\/"},"modified":"2025-06-19T10:30:54","modified_gmt":"2025-06-19T10:30:54","slug":"pour-les-jeunes-hommes","status":"publish","type":"page","link":"https:\/\/cancerfertilityandme.org.uk\/fr\/pour-les-jeunes-hommes\/","title":{"rendered":"Jeunes hommes"},"content":{"rendered":"<h2>La fertilit\u00e9 du cancer et moi &#8211; Jeunes hommes<\/h2>\n<p>Ce guide est toujours en production.<\/p>\n<p>Si vous souhaitez \u00eatre inform\u00e9 de sa disponibilit\u00e9, <a href=\"\/contact\">contactez-nous<\/a>.<\/p>\n<p>\u203a Retour au <a href=\"\/\">portail CFM<\/a><\/p>\n<p><img decoding=\"async\" class=\"alignleft size-full wp-image-4437\" src=\"\/wp-content\/uploads\/2019\/04\/cfm-sumbenu-leaves.png\" alt=\"section menu\" width=\"126\" height=\"127\"><\/p>\n","protected":false},"excerpt":{"rendered":"<p>La fertilit\u00e9 du cancer et moi &#8211; Jeunes hommes Ce guide est toujours en production. Si vous souhaitez \u00eatre inform\u00e9 de sa disponibilit\u00e9, contactez-nous. \u203a Retour au portail CFM<\/p>\n","protected":false},"author":1,"featured_media":0,"parent":0,"menu_order":0,"comment_status":"closed","ping_status":"closed","template":"","meta":{"footnotes":""},"class_list":["post-3397","page","type-page","status-publish","hentry"],"_links":{"self":[{"href":"https:\/\/cancerfertilityandme.org.uk\/fr\/wp-json\/wp\/v2\/pages\/3397","targetHints":{"allow":["GET"]}}],"collection":[{"href":"https:\/\/cancerfertilityandme.org.uk\/fr\/wp-json\/wp\/v2\/pages"}],"about":[{"href":"https:\/\/cancerfertilityandme.org.uk\/fr\/wp-json\/wp\/v2\/types\/page"}],"author":[{"embeddable":true,"href":"https:\/\/cancerfertilityandme.org.uk\/fr\/wp-json\/wp\/v2\/users\/1"}],"replies":[{"embeddable":true,"href":"https:\/\/cancerfertilityandme.org.uk\/fr\/wp-json\/wp\/v2\/comments?post=3397"}],"version-history":[{"count":2,"href":"https:\/\/cancerfertilityandme.org.uk\/fr\/wp-json\/wp\/v2\/pages\/3397\/revisions"}],"predecessor-version":[{"id":3410,"href":"https:\/\/cancerfertilityandme.org.uk\/fr\/wp-json\/wp\/v2\/pages\/3397\/revisions\/3410"}],"wp:attachment":[{"href":"https:\/\/cancerfertilityandme.org.uk\/fr\/wp-json\/wp\/v2\/media?parent=3397"}],"curies":[{"name":"wp","href":"https:\/\/api.w.org\/{rel}","templated":true}]}}