{"id":11665,"date":"2023-04-06T13:56:01","date_gmt":"2023-04-06T13:56:01","guid":{"rendered":"https:\/\/cancerfertilityandme.org.uk\/home\/prendre-votre-decision\/autres-decisions-en-matiere-de-fertilite-a-envisager\/"},"modified":"2026-03-27T14:34:20","modified_gmt":"2026-03-27T14:34:20","slug":"autres-decisions-en-matiere-de-fertilite-a-envisager","status":"publish","type":"page","link":"https:\/\/cancerfertilityandme.org.uk\/fr\/jeunes-femmes\/prendre-votre-decision\/autres-decisions-en-matiere-de-fertilite-a-envisager\/","title":{"rendered":"Autres d\u00e9cisions en mati\u00e8re de fertilit\u00e9 \u00e0 envisager"},"content":{"rendered":"\t\t<div data-elementor-type=\"wp-page\" data-elementor-id=\"11665\" class=\"elementor elementor-11665\" data-elementor-post-type=\"page\">\n\t\t\t\t<main class=\"elementor-element elementor-element-3ff4da75 e-flex e-con-boxed e-con e-parent\" data-id=\"3ff4da75\" data-element_type=\"container\" data-e-type=\"container\">\n\t\t\t\t\t<div class=\"e-con-inner\">\n\t\t<div class=\"elementor-element elementor-element-2ab9ba32 e-con-full e-flex e-con e-child\" data-id=\"2ab9ba32\" data-element_type=\"container\" data-e-type=\"container\">\n\t\t\t\t<div class=\"elementor-element elementor-element-5bac70ef elementor-widget elementor-widget-text-editor\" data-id=\"5bac70ef\" data-element_type=\"widget\" data-e-type=\"widget\" data-widget_type=\"text-editor.default\">\n\t\t\t\t<div class=\"elementor-widget-container\">\n\t\t\t\t\t\t\t\t\t<h2>Autres d\u00e9cisions en mati\u00e8re de fertilit\u00e9 \u00e0 envisager<\/h2><p>L&rsquo;objectif de ce site web jusqu&rsquo;\u00e0 pr\u00e9sent \u00e9tait de vous aider \u00e0 prendre les bonnes d\u00e9cisions en mati\u00e8re de pr\u00e9servation de la fertilit\u00e9 avant de commencer un traitement contre le cancer. Cette section fournit des informations sur la contraception and les d\u00e9cisions de planification familiale que vous pourriez vouloir prendre, pendant et apr\u00e8s le traitement anticanc\u00e9reux.<\/p><p><strong>\u2022 Apr\u00e8s un traitement anticanc\u00e9reux<\/strong><\/p><p>Cette d\u00e9cision peut inclure la m\u00e9thode de contraception \u00e0 utiliser.<\/p><p><strong>\u2022 Apr\u00e8s le traitement du cancer et le suivi:<\/strong><\/p><p>Cette d\u00e9cision peut inclure le type de contraceptif \u00e0 utiliser, les tests de fertilit\u00e9 \u00e0 effectuer et la planification \u00e9ventuelle d\u2019une future famille.<\/p><p><strong>Contraception pendant le traitement anticanc\u00e9reux<\/strong><\/p><p>Il est fortement d\u00e9conseill\u00e9 aux jeunes femmes de risquer une grossesse pendant leur traitement anticanc\u00e9reux. En effet, ces traitements peuvent affecter le b\u00e9b\u00e9 \u00e0 na\u00eetre d\u00e8s les premiers stades de son d\u00e9veloppement. M\u00eame si vos r\u00e8gles s\u2019arr\u00eatent pendant le traitement, cela ne signifie pas que vous ne pouvez pas tomber enceinte.  <\/p><p>Si vous \u00eates sexuellement active, vous devrez utiliser une m\u00e9thode de contraception fiable tout au long de votre traitement anticanc\u00e9reux.<\/p><p>Le sch\u00e9ma ci-dessous pr\u00e9sente les diff\u00e9rents types de contraception \u00e0 envisager.<\/p>\t\t\t\t\t\t\t\t<\/div>\n\t\t\t\t<\/div>\n\t\t\t\t<div class=\"elementor-element elementor-element-5c3347f elementor-widget elementor-widget-image\" data-id=\"5c3347f\" data-element_type=\"widget\" data-e-type=\"widget\" data-widget_type=\"image.default\">\n\t\t\t\t<div class=\"elementor-widget-container\">\n\t\t\t\t\t\t\t\t\t\t\t\t\t\t\t<img fetchpriority=\"high\" decoding=\"async\" width=\"800\" height=\"323\" src=\"https:\/\/cancerfertilityandme.org.uk\/wp-content\/uploads\/FR-05-4-1024x413.png\" class=\"attachment-large size-large wp-image-11693\" alt=\"\" srcset=\"https:\/\/cancerfertilityandme.org.uk\/wp-content\/uploads\/FR-05-4-1024x413.png 1024w, https:\/\/cancerfertilityandme.org.uk\/wp-content\/uploads\/FR-05-4-300x121.png 300w, https:\/\/cancerfertilityandme.org.uk\/wp-content\/uploads\/FR-05-4-768x310.png 768w, https:\/\/cancerfertilityandme.org.uk\/wp-content\/uploads\/FR-05-4.png 1028w\" sizes=\"(max-width: 800px) 100vw, 800px\" \/>\t\t\t\t\t\t\t\t\t\t\t\t\t\t\t<\/div>\n\t\t\t\t<\/div>\n\t\t\t\t<div class=\"elementor-element elementor-element-f4cf6e9 elementor-widget elementor-widget-text-editor\" data-id=\"f4cf6e9\" data-element_type=\"widget\" data-e-type=\"widget\" data-widget_type=\"text-editor.default\">\n\t\t\t\t<div class=\"elementor-widget-container\">\n\t\t\t\t\t\t\t\t\t<p>Il est recommand\u00e9 aux femmes qui suivent des traitements hormonaux d\u2019utiliser des m\u00e9thodes de contraception non-hormonales Il s\u2019agit notamment de pr\u00e9servatifs, pr\u00e9servatifs f\u00e9minins et diaphragmes. En effet, il est possible que les hormones contenues dans la pilule contraceptive stimulent les cellules canc\u00e9reuses restantes. Il est conseill\u00e9 de discuter de ces diff\u00e9rentes m\u00e9thodes de contraception avec votre \u00e9quipe de canc\u00e9rologie.   Il est conseill\u00e9 de discuter de ces diff\u00e9rentes m\u00e9thodes de contraception avec votre \u00e9quipe de canc\u00e9rologie. Ils peuvent vous orienter vers une clinique de planification familiale, un gyn\u00e9cologue, une sage-femme ou votre m\u00e9decin g\u00e9n\u00e9raliste si vous le souhaitez.<\/p><p><strong>Les questions suivantes peuvent vous aider \u00e0 discuter de la contraception avec votre \u00e9quipe de canc\u00e9rologie ou votre m\u00e9decin g\u00e9n\u00e9raliste<\/strong><\/p><p>Les questions suivantes peuvent vous aider \u00e0 discuter de contraception avec votre \u00e9quipe soignante sp\u00e9cialis\u00e9e en canc\u00e9rologie ou votre m\u00e9decin g\u00e9n\u00e9raliste.<\/p><ul><li>Quel contraceptif me conviendrait le mieux pendant un traitement anticanc\u00e9reux ?<\/li><li>Pendant combien de temps dois-je utiliser ce contraceptif ?<\/li><li>Dois-je utiliser des m\u00e9thodes de contraception non-hormonales pour mon type de cancer ?<\/li><li>Si je n&rsquo;ai pas de r\u00e8gles pendant mon traitement anticanc\u00e9reux, dois-je quand m\u00eame utiliser des contraceptifs ?<\/li><li>S\u2019il m\u2019arrivait de tomber enceinte pendant mon traitement anticanc\u00e9reux parce que je n\u2019ai pas utilis\u00e9 de contraception, quelles seraient les cons\u00e9quences pour moi et pour mon futur b\u00e9b\u00e9 ?<\/li><\/ul><h2>D\u00e9cisions de planification familiale apr\u00e8s un traitement anticanc\u00e9reux<\/h2><p>Certaines femmes ont du mal \u00e0 savoir si elles veulent concevoir apr\u00e8s un diagnostic de cancer En effet, elles doivent prendre les d\u00e9cisions de gestion de la fertilit\u00e9 qui conviennent le mieux \u00e0 leur vie actuelle. Celles-ci comprennent des tests pour v\u00e9rifier leur fertilit\u00e9, le choix d\u2019une m\u00e9thode contraceptive et la planification de leur future famille.   Ceci est illustr\u00e9 dans l&rsquo;image 3 ci-dessous.<\/p>\t\t\t\t\t\t\t\t<\/div>\n\t\t\t\t<\/div>\n\t\t\t\t<div class=\"elementor-element elementor-element-53f8b8f elementor-widget elementor-widget-image\" data-id=\"53f8b8f\" data-element_type=\"widget\" data-e-type=\"widget\" data-widget_type=\"image.default\">\n\t\t\t\t<div class=\"elementor-widget-container\">\n\t\t\t\t\t\t\t\t\t\t\t\t\t\t\t<img decoding=\"async\" width=\"800\" height=\"405\" src=\"https:\/\/cancerfertilityandme.org.uk\/wp-content\/uploads\/FR-06-4-1024x518.png\" class=\"attachment-large size-large wp-image-11706\" alt=\"\" srcset=\"https:\/\/cancerfertilityandme.org.uk\/wp-content\/uploads\/FR-06-4-1024x518.png 1024w, https:\/\/cancerfertilityandme.org.uk\/wp-content\/uploads\/FR-06-4-300x152.png 300w, https:\/\/cancerfertilityandme.org.uk\/wp-content\/uploads\/FR-06-4-768x389.png 768w, https:\/\/cancerfertilityandme.org.uk\/wp-content\/uploads\/FR-06-4.png 1045w\" sizes=\"(max-width: 800px) 100vw, 800px\" \/>\t\t\t\t\t\t\t\t\t\t\t\t\t\t\t<\/div>\n\t\t\t\t<\/div>\n\t\t\t\t<div class=\"elementor-element elementor-element-e5aac46 elementor-widget elementor-widget-text-editor\" data-id=\"e5aac46\" data-element_type=\"widget\" data-e-type=\"widget\" data-widget_type=\"text-editor.default\">\n\t\t\t\t<div class=\"elementor-widget-container\">\n\t\t\t\t\t\t\t\t\t<p>Il est difficile de pr\u00e9dire de quelle mani\u00e8re le traitement anticanc\u00e9reux affectera votre fertilit\u00e9. L\u2019\u00e9quipe de soins de fertilit\u00e9 peut v\u00e9rifier votre fertilit\u00e9 gr\u00e2ce \u00e0 une s\u00e9rie de tests.Ceux-ci incluent des analyses de sang pour v\u00e9rifier vos niveaux d\u2019hormone ou une \u00e9chographie des ovaires. Vous pouvez demander \u00e0 votre \u00e9quipe de canc\u00e9rologie ou \u00e0 votre m\u00e9decin g\u00e9n\u00e9raliste de vous orienter vers une clinique de fertilit\u00e9.  <\/p><p>Votre fertilit\u00e9 peut revenir naturellement \u00e0 l\u2019issue du traitement anticanc\u00e9reux. M\u00eame si vos r\u00e8gles n\u2019ont pas recommenc\u00e9, vous pouvez toujours produire des ovules et concevoir. Il est conseill\u00e9 de discuter des diff\u00e9rentes m\u00e9thodes de contraception disponibles avec votre \u00e9quipe de canc\u00e9rologie. Ils peuvent vous conseiller sur les options et le type de contraception qui vous conviennent le mieux. Il est conseill\u00e9 de compter deux ans apr\u00e8s la fin de votre traitement anticanc\u00e9reux avant d\u2019essayer d\u2019avoir un b\u00e9b\u00e9.   <\/p><p>Il n\u2019existe aucune donn\u00e9e sugg\u00e9rant que la grossesse affecte les risques de r\u00e9cidive d\u2019un cancer. Il n\u2019existe aucune donn\u00e9e sugg\u00e9rant que la sant\u00e9 des enfants n\u00e9s \u00e0 l\u2019issue des traitements anticanc\u00e9reux soit affect\u00e9e. Si vous envisagez une grossesse, parlez-en \u00e0 votre \u00e9quipe de soins anticanc\u00e9reux.  <\/p><p>Toutes les jeunes femmes trait\u00e9es pour un cancer n\u2019auront pas de probl\u00e8me de fertilit\u00e9 ; en fait, <strong>la plupart de celles qui souhaitent avoir un enfant apr\u00e8s le traitement y parviennent<\/strong>.<br><\/p><p>Certaines femmes sont confront\u00e9es \u00e0 une perte permanente de leur fertilit\u00e9 \u00e0 l\u2019issue des traitements anticanc\u00e9reux, ce qui est bouleversant et difficile \u00e0 accepter. Si tel est votre cas, il peut \u00eatre utile de consulter un professionnel faisant partie de votre \u00e9quipe de soins de fertilit\u00e9. En plus d\u2019offrir un soutien \u00e9motionnel, ils seront en mesure de vous renseigner sur d\u2019autres options, en l\u2019occurrence sur la maternit\u00e9 de substitution, l\u2019adoption et le placement familial. Ils peuvent \u00e9galement vous conseiller sur les m\u00e9thodes de grossesses assist\u00e9es telles que les ovules et les embryons de donneuses, ou m\u00eame sur l\u2019utilisation de vos propres ovules, embryons et tissus ovariens conserv\u00e9s.    <\/p><p>Le site Web de HFEA <a href=\"https:\/\/www.hfea.gov.uk\/\" target=\"_blank\" rel=\"noopener\">www.hfea.gov.uk<\/a> contient plus d\u2019informations sur le don d\u2019ovules ou d\u2019embryons et la maternit\u00e9 de substitution.<\/p><p>Les organisations r\u00e9pertori\u00e9es <a href=\"https:\/\/cancerfertilityandme.org.uk\/fr\/home\/autres-informations-et-contacts-utiles-2\/\">ici <\/a>incluent des informations et un soutien pour les personnes int\u00e9ress\u00e9es par le placement et l\u2019adoption.<\/p><p><strong>Voici quelques questions qui peuvent vous aider \u00e0 parler avec votre \u00e9quipe soignante en canc\u00e9rologie ou votre m\u00e9decin g\u00e9n\u00e9raliste de la possibilit\u00e9 d\u2019avoir un b\u00e9b\u00e9 apr\u00e8s un traitement anticanc\u00e9reux :<\/strong><\/p><ul><li>Comment savoir si je suis fertile \u00e0 l\u2019issue des traitements anticanc\u00e9reux ?<\/li><li>Combien de temps devrai-je attendre avant de savoir si je suis fertile ?<\/li><li>Existe-t-il des tests \u00e0 faire moi-m\u00eame pour v\u00e9rifier si je suis toujours fertile \u00e0 l\u2019issue des traitements anticanc\u00e9reux ?<\/li><li>Une future grossesse affectera-t-elle les risques de voir mon cancer r\u00e9cidiver ?<\/li><li>En supposant que je puisse encore avoir des enfants, combien de temps devrai-je attendre apr\u00e8s le traitement ?<\/li><li>En supposant que je tombe enceinte \u00e0 l\u2019issue des traitements anticanc\u00e9reux, mon enfant aura-t-il plus de risques d\u2019avoir un cancer ?<\/li><li>Si je n\u2019ai pas opt\u00e9 pour la pr\u00e9servation de ma fertilit\u00e9 avant le traitement, quelles options me reste-t-il ?<\/li><\/ul>\t\t\t\t\t\t\t\t<\/div>\n\t\t\t\t<\/div>\n\t\t\t\t<\/div>\n\t\t<div class=\"elementor-element elementor-element-70a0f153 e-con-full e-flex e-con e-child\" data-id=\"70a0f153\" data-element_type=\"container\" data-e-type=\"container\">\n\t\t<div class=\"elementor-element elementor-element-2958a1d3 e-con-full e-flex e-con e-child\" data-id=\"2958a1d3\" data-element_type=\"container\" data-e-type=\"container\">\n\t\t\t\t<div class=\"elementor-element elementor-element-591329c4 elementor-widget elementor-widget-image\" data-id=\"591329c4\" data-element_type=\"widget\" data-e-type=\"widget\" data-widget_type=\"image.default\">\n\t\t\t\t<div class=\"elementor-widget-container\">\n\t\t\t\t\t\t\t\t\t\t\t\t\t\t\t\t<a href=\"http:\/\/.\/\">\n\t\t\t\t\t\t\t<img decoding=\"async\" width=\"200\" height=\"200\" src=\"https:\/\/cancerfertilityandme.org.uk\/wp-content\/uploads\/cancerfertilityandme-logo-header-young-women.png\" class=\"attachment-full size-full wp-image-328\" alt=\"\" srcset=\"https:\/\/cancerfertilityandme.org.uk\/wp-content\/uploads\/cancerfertilityandme-logo-header-young-women.png 200w, https:\/\/cancerfertilityandme.org.uk\/wp-content\/uploads\/cancerfertilityandme-logo-header-young-women-150x150.png 150w, https:\/\/cancerfertilityandme.org.uk\/wp-content\/uploads\/elementor\/thumbs\/cancerfertilityandme-logo-header-young-women-r4vfcv1ro149or8nkxzol3x986uodd6lq6no4gpb6w.png 100w\" sizes=\"(max-width: 200px) 100vw, 200px\" \/>\t\t\t\t\t\t\t\t<\/a>\n\t\t\t\t\t\t\t\t\t\t\t\t\t\t\t<\/div>\n\t\t\t\t<\/div>\n\t\t\t\t<\/div>\n\t\t<div class=\"elementor-element elementor-element-817e9ca e-con-full e-flex e-con e-child\" data-id=\"817e9ca\" data-element_type=\"container\" data-e-type=\"container\">\n\t\t\t\t<div class=\"elementor-element elementor-element-562636c3 elementor-widget elementor-widget-heading\" data-id=\"562636c3\" data-element_type=\"widget\" data-e-type=\"widget\" data-widget_type=\"heading.default\">\n\t\t\t\t<div class=\"elementor-widget-container\">\n\t\t\t\t\t<h3 class=\"elementor-heading-title elementor-size-default\">Suivez ces liens pour plus d\u2019informations<\/h3>\t\t\t\t<\/div>\n\t\t\t\t<\/div>\n\t\t\t\t<div class=\"elementor-element elementor-element-44a325b5 elementor-nav-menu--dropdown-none elementor-widget elementor-widget-nav-menu\" data-id=\"44a325b5\" data-element_type=\"widget\" data-e-type=\"widget\" data-settings=\"{&quot;layout&quot;:&quot;vertical&quot;,&quot;submenu_icon&quot;:{&quot;value&quot;:&quot;&lt;svg aria-hidden=\\&quot;true\\&quot; class=\\&quot;e-font-icon-svg e-fas-caret-down\\&quot; viewBox=\\&quot;0 0 320 512\\&quot; xmlns=\\&quot;http:\\\/\\\/www.w3.org\\\/2000\\\/svg\\&quot;&gt;&lt;path d=\\&quot;M31.3 192h257.3c17.8 0 26.7 21.5 14.1 34.1L174.1 354.8c-7.8 7.8-20.5 7.8-28.3 0L17.2 226.1C4.6 213.5 13.5 192 31.3 192z\\&quot;&gt;&lt;\\\/path&gt;&lt;\\\/svg&gt;&quot;,&quot;library&quot;:&quot;fa-solid&quot;}}\" data-widget_type=\"nav-menu.default\">\n\t\t\t\t<div class=\"elementor-widget-container\">\n\t\t\t\t\t\t\t\t<nav aria-label=\"Menu\" class=\"elementor-nav-menu--main elementor-nav-menu__container elementor-nav-menu--layout-vertical e--pointer-none\">\n\t\t\t\t<ul id=\"menu-1-44a325b5\" class=\"elementor-nav-menu sm-vertical\"><li class=\"menu-item menu-item-type-post_type menu-item-object-page menu-item-8524\"><a href=\"https:\/\/cancerfertilityandme.org.uk\/young-women\/making-your-decision\/\" class=\"elementor-item\">Prendre votre d\u00e9cision<\/a><\/li>\n<li class=\"menu-item menu-item-type-post_type menu-item-object-page menu-item-8525\"><a href=\"https:\/\/cancerfertilityandme.org.uk\/young-women\/making-your-decision\/talking-about-fertility-preservation\/\" class=\"elementor-item\">Discuter de la pr\u00e9servation de la fertilit\u00e9<\/a><\/li>\n<li class=\"menu-item menu-item-type-post_type menu-item-object-page menu-item-8526\"><a href=\"https:\/\/cancerfertilityandme.org.uk\/young-women\/making-your-decision\/talking-about-fertility-preservation-decision-with-others\/\" class=\"elementor-item\">Discuter de vos choix de pr\u00e9servation de la fertilit\u00e9 avec d\u2019autres<\/a><\/li>\n<\/ul>\t\t\t<\/nav>\n\t\t\t\t\t\t<nav class=\"elementor-nav-menu--dropdown elementor-nav-menu__container\" aria-hidden=\"true\">\n\t\t\t\t<ul id=\"menu-2-44a325b5\" class=\"elementor-nav-menu sm-vertical\"><li class=\"menu-item menu-item-type-post_type menu-item-object-page menu-item-8524\"><a href=\"https:\/\/cancerfertilityandme.org.uk\/young-women\/making-your-decision\/\" class=\"elementor-item\" tabindex=\"-1\">Prendre votre d\u00e9cision<\/a><\/li>\n<li class=\"menu-item menu-item-type-post_type menu-item-object-page menu-item-8525\"><a href=\"https:\/\/cancerfertilityandme.org.uk\/young-women\/making-your-decision\/talking-about-fertility-preservation\/\" class=\"elementor-item\" tabindex=\"-1\">Discuter de la pr\u00e9servation de la fertilit\u00e9<\/a><\/li>\n<li class=\"menu-item menu-item-type-post_type menu-item-object-page menu-item-8526\"><a href=\"https:\/\/cancerfertilityandme.org.uk\/young-women\/making-your-decision\/talking-about-fertility-preservation-decision-with-others\/\" class=\"elementor-item\" tabindex=\"-1\">Discuter de vos choix de pr\u00e9servation de la fertilit\u00e9 avec d\u2019autres<\/a><\/li>\n<\/ul>\t\t\t<\/nav>\n\t\t\t\t\t\t<\/div>\n\t\t\t\t<\/div>\n\t\t\t\t<\/div>\n\t\t\t\t<\/div>\n\t\t\t\t\t<\/div>\n\t\t\t\t<\/main>\n\t\t\t\t<\/div>\n\t\t","protected":false},"excerpt":{"rendered":"<p>Autres d\u00e9cisions en mati\u00e8re de fertilit\u00e9 \u00e0 envisager L&rsquo;objectif de ce site web jusqu&rsquo;\u00e0 pr\u00e9sent \u00e9tait de vous aider \u00e0 prendre les bonnes d\u00e9cisions en mati\u00e8re de pr\u00e9servation de la fertilit\u00e9 avant de commencer un traitement contre le cancer. Cette section fournit des informations sur la contraception and les d\u00e9cisions de planification familiale que vous [&hellip;]<\/p>\n","protected":false},"author":1,"featured_media":0,"parent":8024,"menu_order":0,"comment_status":"open","ping_status":"closed","template":"","meta":{"footnotes":""},"class_list":["post-11665","page","type-page","status-publish","hentry"],"_links":{"self":[{"href":"https:\/\/cancerfertilityandme.org.uk\/fr\/wp-json\/wp\/v2\/pages\/11665","targetHints":{"allow":["GET"]}}],"collection":[{"href":"https:\/\/cancerfertilityandme.org.uk\/fr\/wp-json\/wp\/v2\/pages"}],"about":[{"href":"https:\/\/cancerfertilityandme.org.uk\/fr\/wp-json\/wp\/v2\/types\/page"}],"author":[{"embeddable":true,"href":"https:\/\/cancerfertilityandme.org.uk\/fr\/wp-json\/wp\/v2\/users\/1"}],"replies":[{"embeddable":true,"href":"https:\/\/cancerfertilityandme.org.uk\/fr\/wp-json\/wp\/v2\/comments?post=11665"}],"version-history":[{"count":7,"href":"https:\/\/cancerfertilityandme.org.uk\/fr\/wp-json\/wp\/v2\/pages\/11665\/revisions"}],"predecessor-version":[{"id":11726,"href":"https:\/\/cancerfertilityandme.org.uk\/fr\/wp-json\/wp\/v2\/pages\/11665\/revisions\/11726"}],"up":[{"embeddable":true,"href":"https:\/\/cancerfertilityandme.org.uk\/fr\/wp-json\/wp\/v2\/pages\/8024"}],"wp:attachment":[{"href":"https:\/\/cancerfertilityandme.org.uk\/fr\/wp-json\/wp\/v2\/media?parent=11665"}],"curies":[{"name":"wp","href":"https:\/\/api.w.org\/{rel}","templated":true}]}}