{"id":11557,"date":"2023-04-03T09:35:01","date_gmt":"2023-04-03T09:35:01","guid":{"rendered":"https:\/\/cancerfertilityandme.org.uk\/home\/preservation-de-la-fertilite\/couts-financiers\/"},"modified":"2026-03-19T15:44:58","modified_gmt":"2026-03-19T15:44:58","slug":"couts-financiers","status":"publish","type":"page","link":"https:\/\/cancerfertilityandme.org.uk\/fr\/jeunes-femmes\/preservation-de-la-fertilite\/couts-financiers\/","title":{"rendered":"Co\u00fbts financiers"},"content":{"rendered":"\t\t<div data-elementor-type=\"wp-page\" data-elementor-id=\"11557\" class=\"elementor elementor-11557 elementor-7786\" data-elementor-post-type=\"page\">\n\t\t\t\t<main class=\"elementor-element elementor-element-10a5e9f0 e-flex e-con-boxed e-con e-parent\" data-id=\"10a5e9f0\" data-element_type=\"container\" data-e-type=\"container\">\n\t\t\t\t\t<div class=\"e-con-inner\">\n\t\t<div class=\"elementor-element elementor-element-44ea6f76 e-con-full e-flex e-con e-child\" data-id=\"44ea6f76\" data-element_type=\"container\" data-e-type=\"container\">\n\t\t\t\t<div class=\"elementor-element elementor-element-2bb07a70 elementor-widget elementor-widget-text-editor\" data-id=\"2bb07a70\" data-element_type=\"widget\" data-e-type=\"widget\" data-widget_type=\"text-editor.default\">\n\t\t\t\t<div class=\"elementor-widget-container\">\n\t\t\t\t\t\t\t\t\t<h2>Co\u00fbts financiers li\u00e9s \u00e0 la pr\u00e9servation de la fertilit\u00e9<\/h2>\n<p>Les informations concernant les co\u00fbts financiers de la pr\u00e9servation de la fertilit\u00e9 varient selon les r\u00e9gions. Veuillez discuter de vos pr\u00e9occupations ou questions \u00e0 ce sujet avec votre \u00e9quipe soignante sp\u00e9cialis\u00e9e en fertilit\u00e9 et oncologie.<\/p>\t\t\t\t\t\t\t\t<\/div>\n\t\t\t\t<\/div>\n\t\t\t\t<\/div>\n\t\t<div class=\"elementor-element elementor-element-1c472186 e-con-full e-flex e-con e-child\" data-id=\"1c472186\" data-element_type=\"container\" data-e-type=\"container\">\n\t\t<div class=\"elementor-element elementor-element-484aa209 e-con-full e-flex e-con e-child\" data-id=\"484aa209\" data-element_type=\"container\" data-e-type=\"container\">\n\t\t\t\t<div class=\"elementor-element elementor-element-33c65644 elementor-widget elementor-widget-image\" data-id=\"33c65644\" data-element_type=\"widget\" data-e-type=\"widget\" data-widget_type=\"image.default\">\n\t\t\t\t<div class=\"elementor-widget-container\">\n\t\t\t\t\t\t\t\t\t\t\t\t\t\t\t\t<a href=\"http:\/\/.\/\">\n\t\t\t\t\t\t\t<img decoding=\"async\" width=\"200\" height=\"200\" src=\"https:\/\/cancerfertilityandme.org.uk\/wp-content\/uploads\/cancerfertilityandme-logo-header-young-women.png\" class=\"attachment-full size-full wp-image-328\" alt=\"\" srcset=\"https:\/\/cancerfertilityandme.org.uk\/wp-content\/uploads\/cancerfertilityandme-logo-header-young-women.png 200w, https:\/\/cancerfertilityandme.org.uk\/wp-content\/uploads\/cancerfertilityandme-logo-header-young-women-150x150.png 150w, https:\/\/cancerfertilityandme.org.uk\/wp-content\/uploads\/elementor\/thumbs\/cancerfertilityandme-logo-header-young-women-r4vfcv1ro149or8nkxzol3x986uodd6lq6no4gpb6w.png 100w\" sizes=\"(max-width: 200px) 100vw, 200px\" \/>\t\t\t\t\t\t\t\t<\/a>\n\t\t\t\t\t\t\t\t\t\t\t\t\t\t\t<\/div>\n\t\t\t\t<\/div>\n\t\t\t\t<\/div>\n\t\t<div class=\"elementor-element elementor-element-5621ec19 e-con-full e-flex e-con e-child\" data-id=\"5621ec19\" data-element_type=\"container\" data-e-type=\"container\">\n\t\t\t\t<div class=\"elementor-element elementor-element-5f0cfb77 elementor-widget elementor-widget-heading\" data-id=\"5f0cfb77\" data-element_type=\"widget\" data-e-type=\"widget\" data-widget_type=\"heading.default\">\n\t\t\t\t<div class=\"elementor-widget-container\">\n\t\t\t\t\t<h3 class=\"elementor-heading-title elementor-size-default\">Les informations concernant les co\u00fbts financiers de la pr\u00e9servation de la fertilit\u00e9 varient selon les r\u00e9gions. Veuillez discuter de vos pr\u00e9occupations ou questions \u00e0 ce sujet avec votre \u00e9quipe soignante sp\u00e9cialis\u00e9e en fertilit\u00e9 et oncologie.<\/h3>\t\t\t\t<\/div>\n\t\t\t\t<\/div>\n\t\t\t\t<div class=\"elementor-element elementor-element-380139a8 elementor-nav-menu--dropdown-none elementor-widget elementor-widget-nav-menu\" data-id=\"380139a8\" data-element_type=\"widget\" data-e-type=\"widget\" data-settings=\"{&quot;layout&quot;:&quot;vertical&quot;,&quot;submenu_icon&quot;:{&quot;value&quot;:&quot;&lt;svg aria-hidden=\\&quot;true\\&quot; class=\\&quot;e-font-icon-svg e-fas-caret-down\\&quot; viewBox=\\&quot;0 0 320 512\\&quot; xmlns=\\&quot;http:\\\/\\\/www.w3.org\\\/2000\\\/svg\\&quot;&gt;&lt;path d=\\&quot;M31.3 192h257.3c17.8 0 26.7 21.5 14.1 34.1L174.1 354.8c-7.8 7.8-20.5 7.8-28.3 0L17.2 226.1C4.6 213.5 13.5 192 31.3 192z\\&quot;&gt;&lt;\\\/path&gt;&lt;\\\/svg&gt;&quot;,&quot;library&quot;:&quot;fa-solid&quot;}}\" data-widget_type=\"nav-menu.default\">\n\t\t\t\t<div class=\"elementor-widget-container\">\n\t\t\t\t\t\t\t\t<nav aria-label=\"Menu\" class=\"elementor-nav-menu--main elementor-nav-menu__container elementor-nav-menu--layout-vertical e--pointer-none\">\n\t\t\t\t<ul id=\"menu-1-380139a8\" class=\"elementor-nav-menu sm-vertical\"><li class=\"menu-item menu-item-type-post_type menu-item-object-page menu-item-8511\"><a href=\"https:\/\/cancerfertilityandme.org.uk\/young-women\/fertility-preservation\/\" class=\"elementor-item\">Pr\u00e9servation de la fertilit\u00e9<\/a><\/li>\n<li class=\"menu-item menu-item-type-post_type menu-item-object-page menu-item-8514\"><a href=\"https:\/\/cancerfertilityandme.org.uk\/young-women\/fertility-preservation\/no-fertility-preservation\/\" class=\"elementor-item\">Aucune pr\u00e9servation de la fertilit\u00e9<\/a><\/li>\n<li class=\"menu-item menu-item-type-post_type menu-item-object-page menu-item-8512\"><a href=\"https:\/\/cancerfertilityandme.org.uk\/young-women\/fertility-preservation\/egg-freezing\/\" class=\"elementor-item\">Cong\u00e9lation des ovules<\/a><\/li>\n<li class=\"menu-item menu-item-type-post_type menu-item-object-page menu-item-8513\"><a href=\"https:\/\/cancerfertilityandme.org.uk\/young-women\/fertility-preservation\/embryo-freezing\/\" class=\"elementor-item\">Cong\u00e9lation d&#8217;embryons<\/a><\/li>\n<li class=\"menu-item menu-item-type-post_type menu-item-object-page menu-item-8518\"><a href=\"https:\/\/cancerfertilityandme.org.uk\/young-women\/fertility-preservation\/ovarian-tissue-freezing\/\" class=\"elementor-item\">Cong\u00e9lation du tissu ovarien<\/a><\/li>\n<li class=\"menu-item menu-item-type-post_type menu-item-object-page menu-item-8515\"><a href=\"https:\/\/cancerfertilityandme.org.uk\/young-women\/fertility-preservation\/ovarian-suppression\/\" class=\"elementor-item\">Suppression de la fonction ovarienne<\/a><\/li>\n<li class=\"menu-item menu-item-type-post_type menu-item-object-page menu-item-8519\"><a href=\"https:\/\/cancerfertilityandme.org.uk\/young-women\/fertility-preservation\/fertility-sparing-procedures\/\" class=\"elementor-item\">Techniques \u00e9conomes en fertilit\u00e9 sp\u00e9cifiques \u00e0 certains cancers<\/a><\/li>\n<li class=\"menu-item menu-item-type-post_type menu-item-object-page menu-item-8520\"><a href=\"https:\/\/cancerfertilityandme.org.uk\/young-women\/fertility-preservation\/financial-costs\/\" class=\"elementor-item\">Co\u00fbts financiers<\/a><\/li>\n<li class=\"menu-item menu-item-type-post_type menu-item-object-page menu-item-8521\"><a href=\"https:\/\/cancerfertilityandme.org.uk\/young-women\/fertility-preservation\/summary-of-options\/\" class=\"elementor-item\">R\u00e9sum\u00e9 des options<\/a><\/li>\n<li class=\"menu-item menu-item-type-post_type menu-item-object-page menu-item-8522\"><a href=\"https:\/\/cancerfertilityandme.org.uk\/young-women\/fertility-preservation\/questions-to-ask-about-fertility-preservation\/\" class=\"elementor-item\">Questions \u00e0 poser \u00e0 votre \u00e9quipe de canc\u00e9rologie et \u00e0 votre \u00e9quipe de soins de fertilit\u00e9<\/a><\/li>\n<\/ul>\t\t\t<\/nav>\n\t\t\t\t\t\t<nav class=\"elementor-nav-menu--dropdown elementor-nav-menu__container\" aria-hidden=\"true\">\n\t\t\t\t<ul id=\"menu-2-380139a8\" class=\"elementor-nav-menu sm-vertical\"><li class=\"menu-item menu-item-type-post_type menu-item-object-page menu-item-8511\"><a href=\"https:\/\/cancerfertilityandme.org.uk\/young-women\/fertility-preservation\/\" class=\"elementor-item\" tabindex=\"-1\">Pr\u00e9servation de la fertilit\u00e9<\/a><\/li>\n<li class=\"menu-item menu-item-type-post_type menu-item-object-page menu-item-8514\"><a href=\"https:\/\/cancerfertilityandme.org.uk\/young-women\/fertility-preservation\/no-fertility-preservation\/\" class=\"elementor-item\" tabindex=\"-1\">Aucune pr\u00e9servation de la fertilit\u00e9<\/a><\/li>\n<li class=\"menu-item menu-item-type-post_type menu-item-object-page menu-item-8512\"><a href=\"https:\/\/cancerfertilityandme.org.uk\/young-women\/fertility-preservation\/egg-freezing\/\" class=\"elementor-item\" tabindex=\"-1\">Cong\u00e9lation des ovules<\/a><\/li>\n<li class=\"menu-item menu-item-type-post_type menu-item-object-page menu-item-8513\"><a href=\"https:\/\/cancerfertilityandme.org.uk\/young-women\/fertility-preservation\/embryo-freezing\/\" class=\"elementor-item\" tabindex=\"-1\">Cong\u00e9lation d&#8217;embryons<\/a><\/li>\n<li class=\"menu-item menu-item-type-post_type menu-item-object-page menu-item-8518\"><a href=\"https:\/\/cancerfertilityandme.org.uk\/young-women\/fertility-preservation\/ovarian-tissue-freezing\/\" class=\"elementor-item\" tabindex=\"-1\">Cong\u00e9lation du tissu ovarien<\/a><\/li>\n<li class=\"menu-item menu-item-type-post_type menu-item-object-page menu-item-8515\"><a href=\"https:\/\/cancerfertilityandme.org.uk\/young-women\/fertility-preservation\/ovarian-suppression\/\" class=\"elementor-item\" tabindex=\"-1\">Suppression de la fonction ovarienne<\/a><\/li>\n<li class=\"menu-item menu-item-type-post_type menu-item-object-page menu-item-8519\"><a href=\"https:\/\/cancerfertilityandme.org.uk\/young-women\/fertility-preservation\/fertility-sparing-procedures\/\" class=\"elementor-item\" tabindex=\"-1\">Techniques \u00e9conomes en fertilit\u00e9 sp\u00e9cifiques \u00e0 certains cancers<\/a><\/li>\n<li class=\"menu-item menu-item-type-post_type menu-item-object-page menu-item-8520\"><a href=\"https:\/\/cancerfertilityandme.org.uk\/young-women\/fertility-preservation\/financial-costs\/\" class=\"elementor-item\" tabindex=\"-1\">Co\u00fbts financiers<\/a><\/li>\n<li class=\"menu-item menu-item-type-post_type menu-item-object-page menu-item-8521\"><a href=\"https:\/\/cancerfertilityandme.org.uk\/young-women\/fertility-preservation\/summary-of-options\/\" class=\"elementor-item\" tabindex=\"-1\">R\u00e9sum\u00e9 des options<\/a><\/li>\n<li class=\"menu-item menu-item-type-post_type menu-item-object-page menu-item-8522\"><a href=\"https:\/\/cancerfertilityandme.org.uk\/young-women\/fertility-preservation\/questions-to-ask-about-fertility-preservation\/\" class=\"elementor-item\" tabindex=\"-1\">Questions \u00e0 poser \u00e0 votre \u00e9quipe de canc\u00e9rologie et \u00e0 votre \u00e9quipe de soins de fertilit\u00e9<\/a><\/li>\n<\/ul>\t\t\t<\/nav>\n\t\t\t\t\t\t<\/div>\n\t\t\t\t<\/div>\n\t\t\t\t<\/div>\n\t\t\t\t<\/div>\n\t\t\t\t\t<\/div>\n\t\t\t\t<\/main>\n\t\t\t\t<\/div>\n\t\t","protected":false},"excerpt":{"rendered":"<p>Co\u00fbts financiers li\u00e9s \u00e0 la pr\u00e9servation de la fertilit\u00e9 Les informations concernant les co\u00fbts financiers de la pr\u00e9servation de la fertilit\u00e9 varient selon les r\u00e9gions. Veuillez discuter de vos pr\u00e9occupations ou questions \u00e0 ce sujet avec votre \u00e9quipe soignante sp\u00e9cialis\u00e9e en fertilit\u00e9 et oncologie. Les informations concernant les co\u00fbts financiers de la pr\u00e9servation de la [&hellip;]<\/p>\n","protected":false},"author":1,"featured_media":0,"parent":8023,"menu_order":0,"comment_status":"open","ping_status":"closed","template":"","meta":{"footnotes":""},"class_list":["post-11557","page","type-page","status-publish","hentry"],"_links":{"self":[{"href":"https:\/\/cancerfertilityandme.org.uk\/fr\/wp-json\/wp\/v2\/pages\/11557","targetHints":{"allow":["GET"]}}],"collection":[{"href":"https:\/\/cancerfertilityandme.org.uk\/fr\/wp-json\/wp\/v2\/pages"}],"about":[{"href":"https:\/\/cancerfertilityandme.org.uk\/fr\/wp-json\/wp\/v2\/types\/page"}],"author":[{"embeddable":true,"href":"https:\/\/cancerfertilityandme.org.uk\/fr\/wp-json\/wp\/v2\/users\/1"}],"replies":[{"embeddable":true,"href":"https:\/\/cancerfertilityandme.org.uk\/fr\/wp-json\/wp\/v2\/comments?post=11557"}],"version-history":[{"count":5,"href":"https:\/\/cancerfertilityandme.org.uk\/fr\/wp-json\/wp\/v2\/pages\/11557\/revisions"}],"predecessor-version":[{"id":11587,"href":"https:\/\/cancerfertilityandme.org.uk\/fr\/wp-json\/wp\/v2\/pages\/11557\/revisions\/11587"}],"up":[{"embeddable":true,"href":"https:\/\/cancerfertilityandme.org.uk\/fr\/wp-json\/wp\/v2\/pages\/8023"}],"wp:attachment":[{"href":"https:\/\/cancerfertilityandme.org.uk\/fr\/wp-json\/wp\/v2\/media?parent=11557"}],"curies":[{"name":"wp","href":"https:\/\/api.w.org\/{rel}","templated":true}]}}