{"id":7898,"date":"2023-04-06T12:49:44","date_gmt":"2023-04-06T12:49:44","guid":{"rendered":"https:\/\/cancerfertilityandme.org.uk\/hablar-de-la-decision-de-preservacion-de-la-fertilidad-con-otras-personas\/"},"modified":"2026-03-30T11:06:13","modified_gmt":"2026-03-30T11:06:13","slug":"hablar-de-la-decision-de-preservacion-de-la-fertilidad-con-otras-personas","status":"publish","type":"page","link":"https:\/\/cancerfertilityandme.org.uk\/es\/mujeres-jovenes\/decidir-si-se-va-a-preservar-o-no-la-fertilidad\/hablar-de-la-decision-de-preservacion-de-la-fertilidad-con-otras-personas\/","title":{"rendered":"Hablar de la decisi\u00f3n de preservaci\u00f3n de la fertilidad con otras personas"},"content":{"rendered":"\t\t<div data-elementor-type=\"wp-page\" data-elementor-id=\"7898\" class=\"elementor elementor-7898 elementor-7821\" data-elementor-post-type=\"page\">\n\t\t\t\t<main class=\"elementor-element elementor-element-2044ffe5 e-flex e-con-boxed e-con e-parent\" data-id=\"2044ffe5\" data-element_type=\"container\" data-e-type=\"container\">\n\t\t\t\t\t<div class=\"e-con-inner\">\n\t\t<div class=\"elementor-element elementor-element-270d3d2a e-con-full e-flex e-con e-child\" data-id=\"270d3d2a\" data-element_type=\"container\" data-e-type=\"container\">\n\t\t\t\t<div class=\"elementor-element elementor-element-6e19282f elementor-widget elementor-widget-text-editor\" data-id=\"6e19282f\" data-element_type=\"widget\" data-e-type=\"widget\" data-widget_type=\"text-editor.default\">\n\t\t\t\t<div class=\"elementor-widget-container\">\n\t\t\t\t\t\t\t\t\t<h2>Hablar de la decisi\u00f3n de preservaci\u00f3n de la fertilidad con otras personas<\/h2><p><strong>A algunas mujeres les resulta \u00fatil hablar de su diagn\u00f3stico de c\u00e1ncer y de la preservaci\u00f3n de la fertilidad con otras personas.<\/strong><\/p><p>Puede ser \u00fatil hablar de temas como:<\/p><ul><li>Tomar decisiones dif\u00edciles. Expresar tus sentimientos a tus seres queridos.<\/li><li>Formas de gestionar tus emociones.<\/li><li>El impacto del c\u00e1ncer y la fertilidad en tus relaciones.<\/li><li>Ansiedad y estr\u00e9s<\/li><li>Afrontar el c\u00e1ncer y los tratamientos de fertilidad.<\/li><\/ul><p>Encontrar la mejor ayuda para ti puede significar que seas capaz de afrontar mejor tu situaci\u00f3n. Esto puede ayudarte a gestionar algunos de estos retos emocionales. Las personas eligen diferentes formas de sentirse ayudadas. Estas pueden ser:  <\/p><ul><li>Informarse de todas las opciones disponibles.<\/li><li>Llevar un diario o notas sobre tus pensamientos y las razones de tus decisiones.<\/li><li>Pensar a qui\u00e9n querr\u00e1s involucrar en el proceso de toma de decisiones: Puede ser la pareja, la familia y los amigos, o una enfermera o un m\u00e9dico. <\/li><li>En las cl\u00ednicas de fertilidad y c\u00e1ncer puede haber asesores profesionales, que no participan directamente en tu tratamiento de fertilidad o de c\u00e1ncer. Se enumeran otras organizaciones de asesoramiento que pueden ofrecer este apoyo espec\u00edfico. Algunos otros servicios de asesoramiento se enumeran en nuestra <a href=\"https:\/\/cancerfertilityandme.org.uk\/es\/home\/contactos-utiles-2\/\">secci\u00f3n de informaci\u00f3n<\/a>.  <\/li><li>Habla con personas que hayan tenido experiencias similares. Existen organizaciones de apoyo.Se enumeran algunos de ellos <a href=\"https:\/\/cancerfertilityandme.org.uk\/es\/home\/contactos-utiles-2\/\">aqu\u00ed<\/a>. Puede que haya momentos en los que no quieras hablar de la fertilidad y el c\u00e1ncer. Est\u00e1 bien no querer hablar de ello y est\u00e1 bien cont\u00e1rselo a la gente. Tal vez diga algo como \u201cS\u00e9 que solo lo preguntas porque te importa, pero ahora mismo me gustar\u00eda hablar sobre lo que vi anoche en la televisi\u00f3n\u201d.    <\/li><\/ul>\t\t\t\t\t\t\t\t<\/div>\n\t\t\t\t<\/div>\n\t\t\t\t<\/div>\n\t\t<div class=\"elementor-element elementor-element-14deb032 e-con-full e-flex e-con e-child\" data-id=\"14deb032\" data-element_type=\"container\" data-e-type=\"container\">\n\t\t<div class=\"elementor-element elementor-element-6dc0aee2 e-con-full e-flex e-con e-child\" data-id=\"6dc0aee2\" data-element_type=\"container\" data-e-type=\"container\">\n\t\t\t\t<div class=\"elementor-element elementor-element-7d028595 elementor-widget elementor-widget-image\" data-id=\"7d028595\" data-element_type=\"widget\" data-e-type=\"widget\" data-widget_type=\"image.default\">\n\t\t\t\t<div class=\"elementor-widget-container\">\n\t\t\t\t\t\t\t\t\t\t\t\t\t\t\t\t<a href=\"http:\/\/.\/\">\n\t\t\t\t\t\t\t<img decoding=\"async\" width=\"200\" height=\"200\" src=\"https:\/\/cancerfertilityandme.org.uk\/wp-content\/uploads\/cancerfertilityandme-logo-header-young-women.png\" class=\"attachment-full size-full wp-image-333\" alt=\"\" srcset=\"https:\/\/cancerfertilityandme.org.uk\/wp-content\/uploads\/cancerfertilityandme-logo-header-young-women.png 200w, https:\/\/cancerfertilityandme.org.uk\/wp-content\/uploads\/cancerfertilityandme-logo-header-young-women-150x150.png 150w, https:\/\/cancerfertilityandme.org.uk\/wp-content\/uploads\/elementor\/thumbs\/cancerfertilityandme-logo-header-young-women-r4vfcv1ro149or8nkxzol3x986uodd6lq6no4gpb6w.png 100w\" sizes=\"(max-width: 200px) 100vw, 200px\" \/>\t\t\t\t\t\t\t\t<\/a>\n\t\t\t\t\t\t\t\t\t\t\t\t\t\t\t<\/div>\n\t\t\t\t<\/div>\n\t\t\t\t<\/div>\n\t\t<div class=\"elementor-element elementor-element-3976e185 e-con-full e-flex e-con e-child\" data-id=\"3976e185\" data-element_type=\"container\" data-e-type=\"container\">\n\t\t\t\t<div class=\"elementor-element elementor-element-41beb9c6 elementor-widget elementor-widget-heading\" data-id=\"41beb9c6\" data-element_type=\"widget\" data-e-type=\"widget\" data-widget_type=\"heading.default\">\n\t\t\t\t<div class=\"elementor-widget-container\">\n\t\t\t\t\t<h3 class=\"elementor-heading-title elementor-size-default\">Siga estos enlaces para obtener m\u00e1s informaci\u00f3n<\/h3>\t\t\t\t<\/div>\n\t\t\t\t<\/div>\n\t\t\t\t<div class=\"elementor-element elementor-element-1bece2b2 elementor-nav-menu--dropdown-none elementor-widget elementor-widget-nav-menu\" data-id=\"1bece2b2\" data-element_type=\"widget\" data-e-type=\"widget\" data-settings=\"{&quot;layout&quot;:&quot;vertical&quot;,&quot;submenu_icon&quot;:{&quot;value&quot;:&quot;&lt;svg aria-hidden=\\&quot;true\\&quot; class=\\&quot;e-font-icon-svg e-fas-caret-down\\&quot; viewBox=\\&quot;0 0 320 512\\&quot; xmlns=\\&quot;http:\\\/\\\/www.w3.org\\\/2000\\\/svg\\&quot;&gt;&lt;path d=\\&quot;M31.3 192h257.3c17.8 0 26.7 21.5 14.1 34.1L174.1 354.8c-7.8 7.8-20.5 7.8-28.3 0L17.2 226.1C4.6 213.5 13.5 192 31.3 192z\\&quot;&gt;&lt;\\\/path&gt;&lt;\\\/svg&gt;&quot;,&quot;library&quot;:&quot;fa-solid&quot;}}\" data-widget_type=\"nav-menu.default\">\n\t\t\t\t<div class=\"elementor-widget-container\">\n\t\t\t\t\t\t\t\t<nav aria-label=\"Menu\" class=\"elementor-nav-menu--main elementor-nav-menu__container elementor-nav-menu--layout-vertical e--pointer-none\">\n\t\t\t\t<ul id=\"menu-1-1bece2b2\" class=\"elementor-nav-menu sm-vertical\"><li class=\"menu-item menu-item-type-post_type menu-item-object-page menu-item-8524\"><a href=\"https:\/\/cancerfertilityandme.org.uk\/young-women\/making-your-decision\/\" class=\"elementor-item\">Decidir si se va a preservar o no la fertilidad<\/a><\/li>\n<li class=\"menu-item menu-item-type-post_type menu-item-object-page menu-item-8525\"><a href=\"https:\/\/cancerfertilityandme.org.uk\/young-women\/making-your-decision\/talking-about-fertility-preservation\/\" class=\"elementor-item\">Hablar sobre la preservaci\u00f3n de la fertilidad.<\/a><\/li>\n<li class=\"menu-item menu-item-type-post_type menu-item-object-page menu-item-8526\"><a href=\"https:\/\/cancerfertilityandme.org.uk\/young-women\/making-your-decision\/talking-about-fertility-preservation-decision-with-others\/\" class=\"elementor-item\">Hablar de la decisi\u00f3n de preservaci\u00f3n de la fertilidad con otras personas<\/a><\/li>\n<\/ul>\t\t\t<\/nav>\n\t\t\t\t\t\t<nav class=\"elementor-nav-menu--dropdown elementor-nav-menu__container\" aria-hidden=\"true\">\n\t\t\t\t<ul id=\"menu-2-1bece2b2\" class=\"elementor-nav-menu sm-vertical\"><li class=\"menu-item menu-item-type-post_type menu-item-object-page menu-item-8524\"><a href=\"https:\/\/cancerfertilityandme.org.uk\/young-women\/making-your-decision\/\" class=\"elementor-item\" tabindex=\"-1\">Decidir si se va a preservar o no la fertilidad<\/a><\/li>\n<li class=\"menu-item menu-item-type-post_type menu-item-object-page menu-item-8525\"><a href=\"https:\/\/cancerfertilityandme.org.uk\/young-women\/making-your-decision\/talking-about-fertility-preservation\/\" class=\"elementor-item\" tabindex=\"-1\">Hablar sobre la preservaci\u00f3n de la fertilidad.<\/a><\/li>\n<li class=\"menu-item menu-item-type-post_type menu-item-object-page menu-item-8526\"><a href=\"https:\/\/cancerfertilityandme.org.uk\/young-women\/making-your-decision\/talking-about-fertility-preservation-decision-with-others\/\" class=\"elementor-item\" tabindex=\"-1\">Hablar de la decisi\u00f3n de preservaci\u00f3n de la fertilidad con otras personas<\/a><\/li>\n<\/ul>\t\t\t<\/nav>\n\t\t\t\t\t\t<\/div>\n\t\t\t\t<\/div>\n\t\t\t\t<\/div>\n\t\t\t\t<\/div>\n\t\t\t\t\t<\/div>\n\t\t\t\t<\/main>\n\t\t\t\t<\/div>\n\t\t","protected":false},"excerpt":{"rendered":"<p>Hablar de la decisi\u00f3n de preservaci\u00f3n de la fertilidad con otras personas A algunas mujeres les resulta \u00fatil hablar de su diagn\u00f3stico de c\u00e1ncer y de la preservaci\u00f3n de la fertilidad con otras personas. Puede ser \u00fatil hablar de temas como: Tomar decisiones dif\u00edciles. Expresar tus sentimientos a tus seres queridos. Formas de gestionar tus [&hellip;]<\/p>\n","protected":false},"author":1,"featured_media":0,"parent":7877,"menu_order":0,"comment_status":"open","ping_status":"closed","template":"","meta":{"footnotes":""},"class_list":["post-7898","page","type-page","status-publish","hentry"],"_links":{"self":[{"href":"https:\/\/cancerfertilityandme.org.uk\/es\/wp-json\/wp\/v2\/pages\/7898","targetHints":{"allow":["GET"]}}],"collection":[{"href":"https:\/\/cancerfertilityandme.org.uk\/es\/wp-json\/wp\/v2\/pages"}],"about":[{"href":"https:\/\/cancerfertilityandme.org.uk\/es\/wp-json\/wp\/v2\/types\/page"}],"author":[{"embeddable":true,"href":"https:\/\/cancerfertilityandme.org.uk\/es\/wp-json\/wp\/v2\/users\/1"}],"replies":[{"embeddable":true,"href":"https:\/\/cancerfertilityandme.org.uk\/es\/wp-json\/wp\/v2\/comments?post=7898"}],"version-history":[{"count":2,"href":"https:\/\/cancerfertilityandme.org.uk\/es\/wp-json\/wp\/v2\/pages\/7898\/revisions"}],"predecessor-version":[{"id":10303,"href":"https:\/\/cancerfertilityandme.org.uk\/es\/wp-json\/wp\/v2\/pages\/7898\/revisions\/10303"}],"up":[{"embeddable":true,"href":"https:\/\/cancerfertilityandme.org.uk\/es\/wp-json\/wp\/v2\/pages\/7877"}],"wp:attachment":[{"href":"https:\/\/cancerfertilityandme.org.uk\/es\/wp-json\/wp\/v2\/media?parent=7898"}],"curies":[{"name":"wp","href":"https:\/\/api.w.org\/{rel}","templated":true}]}}