{"id":7896,"date":"2023-04-02T16:34:20","date_gmt":"2023-04-02T16:34:20","guid":{"rendered":"https:\/\/cancerfertilityandme.org.uk\/hablar-sobre-la-preservacion-de-la-fertilidad\/"},"modified":"2026-02-06T14:47:17","modified_gmt":"2026-02-06T14:47:17","slug":"hablar-sobre-la-preservacion-de-la-fertilidad","status":"publish","type":"page","link":"https:\/\/cancerfertilityandme.org.uk\/es\/mujeres-jovenes\/decidir-si-se-va-a-preservar-o-no-la-fertilidad\/hablar-sobre-la-preservacion-de-la-fertilidad\/","title":{"rendered":"Hablar sobre la preservaci\u00f3n de la fertilidad."},"content":{"rendered":"\t\t<div data-elementor-type=\"wp-page\" data-elementor-id=\"7896\" class=\"elementor elementor-7896 elementor-7761\" data-elementor-post-type=\"page\">\n\t\t\t\t<main class=\"elementor-element elementor-element-33337609 e-flex e-con-boxed e-con e-parent\" data-id=\"33337609\" data-element_type=\"container\" data-e-type=\"container\">\n\t\t\t\t\t<div class=\"e-con-inner\">\n\t\t<div class=\"elementor-element elementor-element-2ec8e3ed e-con-full e-flex e-con e-child\" data-id=\"2ec8e3ed\" data-element_type=\"container\" data-e-type=\"container\">\n\t\t\t\t<div class=\"elementor-element elementor-element-2d95895a elementor-widget elementor-widget-text-editor\" data-id=\"2d95895a\" data-element_type=\"widget\" data-e-type=\"widget\" data-widget_type=\"text-editor.default\">\n\t\t\t\t<div class=\"elementor-widget-container\">\n\t\t\t\t\t\t\t\t\t<h2>Hablar con tu equipo de fertilidad sobre la preservaci\u00f3n de la fertilidad<\/h2><p>El equipo de asistencia a la fertilidad realiza procedimientos conocidos como preservaci\u00f3n de la fertilidad para mujeres diagnosticadas con c\u00e1ncer. El equipo de asistencia a la fertilidad puede hablar contigo sobre tu decisi\u00f3n de someterte o no a tratamientos de fertilidad. <\/p><p>El asesoramiento en materia de la fertilidad depende de la cl\u00ednica a la que acudas, de tu diagn\u00f3stico de c\u00e1ncer y del tratamiento contra el c\u00e1ncer previsto. El equipo de asesoramiento sobre fertilidad revisar\u00e1 tu historial m\u00e9dico para asegurarse de que el tratamiento de preservaci\u00f3n de la fertilidad es el adecuado para ti. Te explicar\u00e1n en qu\u00e9 consiste, las posibilidades de \u00e9xito y los efectos secundarios del tratamiento de fertilidad. Si necesitas m\u00e1s pruebas, \u00e9stas se realizar\u00e1n antes de que comience el tratamiento de fertilidad. Tambi\u00e9n tendr\u00e1s la oportunidad de discutir con el equipo las diferentes opciones de preservaci\u00f3n de la fertilidad disponibles en la cl\u00ednica.    <\/p><p>Si eliges someterte a un tratamiento de fertilidad, se realizar\u00e1n varias pruebas. Entre ellas se encuentran los an\u00e1lisis de sangre para medir los niveles hormonales y otras pruebas de detecci\u00f3n. El equipo de atenci\u00f3n a la fertilidad tambi\u00e9n discutir\u00e1 las cuestiones relativas al consentimiento del tratamiento, tal y como recomienda la HFEA. <\/p><p>Un miembro de tu equipo de atenci\u00f3n al c\u00e1ncer podr\u00e1 remitirte a una cl\u00ednica de fertilidad. Es posible que les pidan que te remitan lo antes posible para evitar cualquier retraso en tu tratamiento contra el c\u00e1ncer.<\/p>\t\t\t\t\t\t\t\t<\/div>\n\t\t\t\t<\/div>\n\t\t<div class=\"elementor-element elementor-element-30000985 e-con-full e-flex e-con e-child\" data-id=\"30000985\" data-element_type=\"container\" data-e-type=\"container\" data-settings=\"{&quot;background_background&quot;:&quot;classic&quot;}\">\n\t\t\t\t<div class=\"elementor-element elementor-element-5606b1a3 elementor-widget elementor-widget-text-editor\" data-id=\"5606b1a3\" data-element_type=\"widget\" data-e-type=\"widget\" data-widget_type=\"text-editor.default\">\n\t\t\t\t<div class=\"elementor-widget-container\">\n\t\t\t\t\t\t\t\t\t<h2>Si quieres que te remitan a una cl\u00ednica de fertilidad, hay algunas cosas que debes comprobar.<\/h2><ul><li>\u00bfUn miembro de mi equipo de atenci\u00f3n al c\u00e1ncer me remiti\u00f3 a una cl\u00ednica de fertilidad?<\/li><li>\u00bfHe recibido una cita para ver al equipo de atenci\u00f3n a la fertilidad?<\/li><\/ul><p>Si tu respuesta es negativa o no est\u00e1s segura, puedes pedir a tu equipo oncol\u00f3gico que se ponga en contacto con la cl\u00ednica de fertilidad en tu nombre lo antes posible.<\/p><p>Es posible que deba hacer preguntas en la cl\u00ednica de fertilidad. Las siguientes preguntas pueden ayudarte a pensar en lo que es importante para ti sobre las opciones de preservaci\u00f3n de la fertilidad. <\/p>\t\t\t\t\t\t\t\t<\/div>\n\t\t\t\t<\/div>\n\t\t\t\t<\/div>\n\t\t<div class=\"elementor-element elementor-element-ff8e1ab e-con-full e-flex e-con e-child\" data-id=\"ff8e1ab\" data-element_type=\"container\" data-e-type=\"container\" data-settings=\"{&quot;background_background&quot;:&quot;classic&quot;}\">\n\t\t\t\t<div class=\"elementor-element elementor-element-8eb63b9 elementor-widget elementor-widget-text-editor\" data-id=\"8eb63b9\" data-element_type=\"widget\" data-e-type=\"widget\" data-widget_type=\"text-editor.default\">\n\t\t\t\t<div class=\"elementor-widget-container\">\n\t\t\t\t\t\t\t\t\t<h2>Preguntas para el equipo de atenci\u00f3n oncol\u00f3gica y el equipo de atenci\u00f3n a la fertilidad<\/h2><h3>Las siguientes preguntas pueden ayudarte a pensar en lo que es importante para ti sobre las opciones de preservaci\u00f3n de la fertilidad.<\/h3><ul><li>\u00bfCu\u00e1nto tiempo llevar\u00e1 la preservaci\u00f3n de la fertilidad?<\/li><li>\u00bfCu\u00e1nto tiempo podr\u00eda retrasarse mi tratamiento contra el c\u00e1ncer?<\/li><li>\u00bfCu\u00e1les son mis posibilidades de poder tener mis propios hijos en el futuro?<\/li><li>\u00bfAlguna preservaci\u00f3n de la fertilidad afectar\u00eda las posibilidades de que el c\u00e1ncer regrese?<br><\/li><\/ul><ul><li>\u00bfUn miembro de mi equipo de atenci\u00f3n al c\u00e1ncer me remiti\u00f3 a una cl\u00ednica de fertilidad?<\/li><li>\u00bfHe recibido una cita para ver al equipo de atenci\u00f3n a la fertilidad?<\/li><\/ul><p>Si tu respuesta es negativa o no est\u00e1s segura, puedes pedir a tu equipo oncol\u00f3gico que se ponga en contacto con la cl\u00ednica de fertilidad en tu nombre lo antes posible.<\/p><p>Es posible que deba hacer preguntas en la cl\u00ednica de fertilidad. Las siguientes preguntas pueden ayudarte a pensar en lo que es importante para ti sobre las opciones de preservaci\u00f3n de la fertilidad. <\/p>\t\t\t\t\t\t\t\t<\/div>\n\t\t\t\t<\/div>\n\t\t\t\t<\/div>\n\t\t\t\t<\/div>\n\t\t<div class=\"elementor-element elementor-element-1de02523 e-con-full e-flex e-con e-child\" data-id=\"1de02523\" data-element_type=\"container\" data-e-type=\"container\">\n\t\t<div class=\"elementor-element elementor-element-22d6fda7 e-con-full e-flex e-con e-child\" data-id=\"22d6fda7\" data-element_type=\"container\" data-e-type=\"container\">\n\t\t\t\t<div class=\"elementor-element elementor-element-21e88bb elementor-widget elementor-widget-image\" data-id=\"21e88bb\" data-element_type=\"widget\" data-e-type=\"widget\" data-widget_type=\"image.default\">\n\t\t\t\t<div class=\"elementor-widget-container\">\n\t\t\t\t\t\t\t\t\t\t\t\t\t\t\t\t<a href=\"http:\/\/.\/\">\n\t\t\t\t\t\t\t<img decoding=\"async\" width=\"200\" height=\"200\" src=\"https:\/\/cancerfertilityandme.org.uk\/wp-content\/uploads\/cancerfertilityandme-logo-header-young-women.png\" class=\"attachment-full size-full wp-image-333\" alt=\"\" srcset=\"https:\/\/cancerfertilityandme.org.uk\/wp-content\/uploads\/cancerfertilityandme-logo-header-young-women.png 200w, https:\/\/cancerfertilityandme.org.uk\/wp-content\/uploads\/cancerfertilityandme-logo-header-young-women-150x150.png 150w, https:\/\/cancerfertilityandme.org.uk\/wp-content\/uploads\/elementor\/thumbs\/cancerfertilityandme-logo-header-young-women-r4vfcv1ro149or8nkxzol3x986uodd6lq6no4gpb6w.png 100w\" sizes=\"(max-width: 200px) 100vw, 200px\" \/>\t\t\t\t\t\t\t\t<\/a>\n\t\t\t\t\t\t\t\t\t\t\t\t\t\t\t<\/div>\n\t\t\t\t<\/div>\n\t\t\t\t<\/div>\n\t\t<div class=\"elementor-element elementor-element-585463e6 e-con-full e-flex e-con e-child\" data-id=\"585463e6\" data-element_type=\"container\" data-e-type=\"container\">\n\t\t\t\t<div class=\"elementor-element elementor-element-1253d3e9 elementor-widget elementor-widget-heading\" data-id=\"1253d3e9\" data-element_type=\"widget\" data-e-type=\"widget\" data-widget_type=\"heading.default\">\n\t\t\t\t<div class=\"elementor-widget-container\">\n\t\t\t\t\t<h3 class=\"elementor-heading-title elementor-size-default\">Siga estos enlaces para obtener m\u00e1s informaci\u00f3n<\/h3>\t\t\t\t<\/div>\n\t\t\t\t<\/div>\n\t\t\t\t<div class=\"elementor-element elementor-element-74a47d0f elementor-nav-menu--dropdown-none elementor-widget elementor-widget-nav-menu\" data-id=\"74a47d0f\" data-element_type=\"widget\" data-e-type=\"widget\" data-settings=\"{&quot;layout&quot;:&quot;vertical&quot;,&quot;submenu_icon&quot;:{&quot;value&quot;:&quot;&lt;svg aria-hidden=\\&quot;true\\&quot; class=\\&quot;e-font-icon-svg e-fas-caret-down\\&quot; viewBox=\\&quot;0 0 320 512\\&quot; xmlns=\\&quot;http:\\\/\\\/www.w3.org\\\/2000\\\/svg\\&quot;&gt;&lt;path d=\\&quot;M31.3 192h257.3c17.8 0 26.7 21.5 14.1 34.1L174.1 354.8c-7.8 7.8-20.5 7.8-28.3 0L17.2 226.1C4.6 213.5 13.5 192 31.3 192z\\&quot;&gt;&lt;\\\/path&gt;&lt;\\\/svg&gt;&quot;,&quot;library&quot;:&quot;fa-solid&quot;}}\" data-widget_type=\"nav-menu.default\">\n\t\t\t\t<div class=\"elementor-widget-container\">\n\t\t\t\t\t\t\t\t<nav aria-label=\"Menu\" class=\"elementor-nav-menu--main elementor-nav-menu__container elementor-nav-menu--layout-vertical e--pointer-none\">\n\t\t\t\t<ul id=\"menu-1-74a47d0f\" class=\"elementor-nav-menu sm-vertical\"><li class=\"menu-item menu-item-type-post_type menu-item-object-page menu-item-8524\"><a href=\"https:\/\/cancerfertilityandme.org.uk\/young-women\/making-your-decision\/\" class=\"elementor-item\">Decidir si se va a preservar o no la fertilidad<\/a><\/li>\n<li class=\"menu-item menu-item-type-post_type menu-item-object-page menu-item-8525\"><a href=\"https:\/\/cancerfertilityandme.org.uk\/young-women\/making-your-decision\/talking-about-fertility-preservation\/\" class=\"elementor-item\">Hablar sobre la preservaci\u00f3n de la fertilidad.<\/a><\/li>\n<li class=\"menu-item menu-item-type-post_type menu-item-object-page menu-item-8526\"><a href=\"https:\/\/cancerfertilityandme.org.uk\/young-women\/making-your-decision\/talking-about-fertility-preservation-decision-with-others\/\" class=\"elementor-item\">Hablar de la decisi\u00f3n de preservaci\u00f3n de la fertilidad con otras personas<\/a><\/li>\n<\/ul>\t\t\t<\/nav>\n\t\t\t\t\t\t<nav class=\"elementor-nav-menu--dropdown elementor-nav-menu__container\" aria-hidden=\"true\">\n\t\t\t\t<ul id=\"menu-2-74a47d0f\" class=\"elementor-nav-menu sm-vertical\"><li class=\"menu-item menu-item-type-post_type menu-item-object-page menu-item-8524\"><a href=\"https:\/\/cancerfertilityandme.org.uk\/young-women\/making-your-decision\/\" class=\"elementor-item\" tabindex=\"-1\">Decidir si se va a preservar o no la fertilidad<\/a><\/li>\n<li class=\"menu-item menu-item-type-post_type menu-item-object-page menu-item-8525\"><a href=\"https:\/\/cancerfertilityandme.org.uk\/young-women\/making-your-decision\/talking-about-fertility-preservation\/\" class=\"elementor-item\" tabindex=\"-1\">Hablar sobre la preservaci\u00f3n de la fertilidad.<\/a><\/li>\n<li class=\"menu-item menu-item-type-post_type menu-item-object-page menu-item-8526\"><a href=\"https:\/\/cancerfertilityandme.org.uk\/young-women\/making-your-decision\/talking-about-fertility-preservation-decision-with-others\/\" class=\"elementor-item\" tabindex=\"-1\">Hablar de la decisi\u00f3n de preservaci\u00f3n de la fertilidad con otras personas<\/a><\/li>\n<\/ul>\t\t\t<\/nav>\n\t\t\t\t\t\t<\/div>\n\t\t\t\t<\/div>\n\t\t\t\t<\/div>\n\t\t\t\t<\/div>\n\t\t\t\t\t<\/div>\n\t\t\t\t<\/main>\n\t\t<div class=\"elementor-element elementor-element-1dfbebc e-flex e-con-boxed e-con e-parent\" data-id=\"1dfbebc\" data-element_type=\"container\" data-e-type=\"container\">\n\t\t\t\t\t<div class=\"e-con-inner\">\n\t\t\t\t\t<\/div>\n\t\t\t\t<\/div>\n\t\t\t\t<\/div>\n\t\t","protected":false},"excerpt":{"rendered":"<p>Hablar con tu equipo de fertilidad sobre la preservaci\u00f3n de la fertilidad El equipo de asistencia a la fertilidad realiza procedimientos conocidos como preservaci\u00f3n de la fertilidad para mujeres diagnosticadas con c\u00e1ncer. El equipo de asistencia a la fertilidad puede hablar contigo sobre tu decisi\u00f3n de someterte o no a tratamientos de fertilidad. El asesoramiento [&hellip;]<\/p>\n","protected":false},"author":1,"featured_media":7770,"parent":7877,"menu_order":0,"comment_status":"open","ping_status":"closed","template":"","meta":{"footnotes":""},"class_list":["post-7896","page","type-page","status-publish","has-post-thumbnail","hentry"],"_links":{"self":[{"href":"https:\/\/cancerfertilityandme.org.uk\/es\/wp-json\/wp\/v2\/pages\/7896","targetHints":{"allow":["GET"]}}],"collection":[{"href":"https:\/\/cancerfertilityandme.org.uk\/es\/wp-json\/wp\/v2\/pages"}],"about":[{"href":"https:\/\/cancerfertilityandme.org.uk\/es\/wp-json\/wp\/v2\/types\/page"}],"author":[{"embeddable":true,"href":"https:\/\/cancerfertilityandme.org.uk\/es\/wp-json\/wp\/v2\/users\/1"}],"replies":[{"embeddable":true,"href":"https:\/\/cancerfertilityandme.org.uk\/es\/wp-json\/wp\/v2\/comments?post=7896"}],"version-history":[{"count":2,"href":"https:\/\/cancerfertilityandme.org.uk\/es\/wp-json\/wp\/v2\/pages\/7896\/revisions"}],"predecessor-version":[{"id":10296,"href":"https:\/\/cancerfertilityandme.org.uk\/es\/wp-json\/wp\/v2\/pages\/7896\/revisions\/10296"}],"up":[{"embeddable":true,"href":"https:\/\/cancerfertilityandme.org.uk\/es\/wp-json\/wp\/v2\/pages\/7877"}],"wp:featuredmedia":[{"embeddable":true,"href":"https:\/\/cancerfertilityandme.org.uk\/es\/wp-json\/wp\/v2\/media\/7770"}],"wp:attachment":[{"href":"https:\/\/cancerfertilityandme.org.uk\/es\/wp-json\/wp\/v2\/media?parent=7896"}],"curies":[{"name":"wp","href":"https:\/\/api.w.org\/{rel}","templated":true}]}}