{"id":7877,"date":"2023-04-03T09:45:46","date_gmt":"2023-04-03T09:45:46","guid":{"rendered":"https:\/\/cancerfertilityandme.org.uk\/decidir-si-se-va-a-preservar-o-no-la-fertilidad\/"},"modified":"2026-03-16T16:59:06","modified_gmt":"2026-03-16T16:59:06","slug":"decidir-si-se-va-a-preservar-o-no-la-fertilidad","status":"publish","type":"page","link":"https:\/\/cancerfertilityandme.org.uk\/es\/mujeres-jovenes\/decidir-si-se-va-a-preservar-o-no-la-fertilidad\/","title":{"rendered":"Decidir si se va a preservar o no la fertilidad"},"content":{"rendered":"\t\t<div data-elementor-type=\"wp-page\" data-elementor-id=\"7877\" class=\"elementor elementor-7877 elementor-7791\" data-elementor-post-type=\"page\">\n\t\t\t\t<main class=\"elementor-element elementor-element-30930076 e-flex e-con-boxed e-con e-parent\" data-id=\"30930076\" data-element_type=\"container\" data-e-type=\"container\">\n\t\t\t\t\t<div class=\"e-con-inner\">\n\t\t<div class=\"elementor-element elementor-element-18d27f5a e-con-full e-flex e-con e-child\" data-id=\"18d27f5a\" data-element_type=\"container\" data-e-type=\"container\">\n\t\t\t\t<div class=\"elementor-element elementor-element-5f0b992d elementor-widget elementor-widget-text-editor\" data-id=\"5f0b992d\" data-element_type=\"widget\" data-e-type=\"widget\" data-widget_type=\"text-editor.default\">\n\t\t\t\t<div class=\"elementor-widget-container\">\n\t\t\t\t\t\t\t\t\t<h2>Decidir si se va a preservar o no la fertilidad antes del tratamiento contra el c\u00e1ncer<\/h2>\n<p>Esta secci\u00f3n del sitio web pretende ayudarte a decidir si quieres:<\/p>\n<ul>\n<li>Un tratamiento de preservaci\u00f3n de la fertilidad antes de comenzar el tratamiento contra el c\u00e1ncer<\/li>\n<li>Comenzar el tratamiento contra el c\u00e1ncer sin someterte a un tratamiento de preservaci\u00f3n de la fertilidad.<\/li>\n<\/ul>\n<p>Algunas mujeres saben con certeza si quieren preservar la fertilidad. A otros les puede resultar dif\u00edcil decidir. No hay una decisi\u00f3n \u00abcorrecta\u00bb o \u00abincorrecta\u00bb. La decisi\u00f3n depende de lo que sea m\u00e1s importante para ti en ese momento.   <\/p>\n<h2>Decidir si vas, o no, a preservar la fertilidad antes del tratamiento contra el c\u00e1ncer<\/h2>\n<p>Para ayudarte a pensar en lo que es importante para ti ahora, f\u00edjate en las afirmaciones de la siguiente tabla. Puede que le resulte \u00fatil escribir los motivos de sus respuestas en los espacios debajo de cada afirmaci\u00f3n. Tambi\u00e9n puede resultarte \u00fatil completarlo con tu equipo de atenci\u00f3n al c\u00e1ncer y la fertilidad, tu pareja, tu familia y tus amigos.  <\/p>\n<h2>Que es lo que mas te importa?<\/h2>\t\t\t\t\t\t\t\t<\/div>\n\t\t\t\t<\/div>\n\t\t\t\t<div class=\"elementor-element elementor-element-f9c6435 elementor-widget elementor-widget-image\" data-id=\"f9c6435\" data-element_type=\"widget\" data-e-type=\"widget\" data-widget_type=\"image.default\">\n\t\t\t\t<div class=\"elementor-widget-container\">\n\t\t\t\t\t\t\t\t\t\t\t\t\t\t\t<img fetchpriority=\"high\" decoding=\"async\" width=\"800\" height=\"456\" src=\"https:\/\/cancerfertilityandme.org.uk\/wp-content\/uploads\/ES-07-2.png\" class=\"attachment-large size-large wp-image-7807\" alt=\"\" srcset=\"https:\/\/cancerfertilityandme.org.uk\/wp-content\/uploads\/ES-07-2.png 1000w, https:\/\/cancerfertilityandme.org.uk\/wp-content\/uploads\/ES-07-2-300x171.png 300w, https:\/\/cancerfertilityandme.org.uk\/wp-content\/uploads\/ES-07-2-768x438.png 768w\" sizes=\"(max-width: 800px) 100vw, 800px\" \/>\t\t\t\t\t\t\t\t\t\t\t\t\t\t\t<\/div>\n\t\t\t\t<\/div>\n\t\t\t\t<div class=\"elementor-element elementor-element-3b4e473 elementor-widget elementor-widget-text-editor\" data-id=\"3b4e473\" data-element_type=\"widget\" data-e-type=\"widget\" data-widget_type=\"text-editor.default\">\n\t\t\t\t<div class=\"elementor-widget-container\">\n\t\t\t\t\t\t\t\t\t<h2>Decidir qu\u00e9 opci\u00f3n de preservaci\u00f3n de la fertilidad es la mejor para m\u00ed<\/h2><p>En las secciones anteriores se describieron las decisiones de preservaci\u00f3n de la fertilidad.<\/p><p>Estos son:<\/p><ul><li>No preservar la fertilidad<\/li><li>Congelaci\u00f3n<\/li><li>Supresi\u00f3n Ov\u00e1rica<\/li><\/ul><p>El c<a href=\"https:\/\/cancerfertilityandme.org.uk\/es\/home\/preservacion-de-la-fertilidad\/resumen-de-opciones\/\">uadro resumen de esta p\u00e1gina<\/a> compara las distintas opciones de preservaci\u00f3n de la fertilidad.<\/p><p>A continuaci\u00f3n, se ofrece una lista de las diferentes opciones de preservaci\u00f3n de la fertilidad. Piensa en tu respuesta para cada opci\u00f3n. <\/p><p>Completar esta actividad puede ayudarte a pensar en qu\u00e9 opci\u00f3n de preservaci\u00f3n de la fertilidad se adapta mejor a ti y a tu estilo de vida en este momento. Puede ser \u00fatil hablar sobre tus opciones con tu equipo de atenci\u00f3n al c\u00e1ncer y la fertilidad, tu pareja, tu familia y tus amigos. <\/p><p>A continuaci\u00f3n, se ofrece una lista de las diferentes opciones de preservaci\u00f3n de la fertilidad. Piensa en tu respuesta para cada opci\u00f3n. <\/p><h2>\u00bfCu\u00e1n probable es que consideres cada opci\u00f3n de tratamiento de fertilidad?<\/h2>\t\t\t\t\t\t\t\t<\/div>\n\t\t\t\t<\/div>\n\t\t\t\t<div class=\"elementor-element elementor-element-d3a8d17 elementor-widget elementor-widget-image\" data-id=\"d3a8d17\" data-element_type=\"widget\" data-e-type=\"widget\" data-widget_type=\"image.default\">\n\t\t\t\t<div class=\"elementor-widget-container\">\n\t\t\t\t\t\t\t\t\t\t\t\t\t\t\t<img decoding=\"async\" width=\"800\" height=\"570\" src=\"https:\/\/cancerfertilityandme.org.uk\/wp-content\/uploads\/ES-08-1.png\" class=\"attachment-large size-large wp-image-7815\" alt=\"\" srcset=\"https:\/\/cancerfertilityandme.org.uk\/wp-content\/uploads\/ES-08-1.png 1000w, https:\/\/cancerfertilityandme.org.uk\/wp-content\/uploads\/ES-08-1-300x214.png 300w, https:\/\/cancerfertilityandme.org.uk\/wp-content\/uploads\/ES-08-1-768x548.png 768w\" sizes=\"(max-width: 800px) 100vw, 800px\" \/>\t\t\t\t\t\t\t\t\t\t\t\t\t\t\t<\/div>\n\t\t\t\t<\/div>\n\t\t\t\t<\/div>\n\t\t<div class=\"elementor-element elementor-element-7211a6f2 e-con-full e-flex e-con e-child\" data-id=\"7211a6f2\" data-element_type=\"container\" data-e-type=\"container\">\n\t\t<div class=\"elementor-element elementor-element-1f31f5ae e-con-full e-flex e-con e-child\" data-id=\"1f31f5ae\" data-element_type=\"container\" data-e-type=\"container\">\n\t\t\t\t<div class=\"elementor-element elementor-element-16597f95 elementor-widget elementor-widget-image\" data-id=\"16597f95\" data-element_type=\"widget\" data-e-type=\"widget\" data-widget_type=\"image.default\">\n\t\t\t\t<div class=\"elementor-widget-container\">\n\t\t\t\t\t\t\t\t\t\t\t\t\t\t\t\t<a href=\"http:\/\/.\/\">\n\t\t\t\t\t\t\t<img decoding=\"async\" width=\"200\" height=\"200\" src=\"https:\/\/cancerfertilityandme.org.uk\/wp-content\/uploads\/cancerfertilityandme-logo-header-young-women.png\" class=\"attachment-full size-full wp-image-333\" alt=\"\" srcset=\"https:\/\/cancerfertilityandme.org.uk\/wp-content\/uploads\/cancerfertilityandme-logo-header-young-women.png 200w, https:\/\/cancerfertilityandme.org.uk\/wp-content\/uploads\/cancerfertilityandme-logo-header-young-women-150x150.png 150w, https:\/\/cancerfertilityandme.org.uk\/wp-content\/uploads\/elementor\/thumbs\/cancerfertilityandme-logo-header-young-women-r4vfcv1ro149or8nkxzol3x986uodd6lq6no4gpb6w.png 100w\" sizes=\"(max-width: 200px) 100vw, 200px\" \/>\t\t\t\t\t\t\t\t<\/a>\n\t\t\t\t\t\t\t\t\t\t\t\t\t\t\t<\/div>\n\t\t\t\t<\/div>\n\t\t\t\t<\/div>\n\t\t<div class=\"elementor-element elementor-element-56263ecb e-con-full e-flex e-con e-child\" data-id=\"56263ecb\" data-element_type=\"container\" data-e-type=\"container\">\n\t\t\t\t<div class=\"elementor-element elementor-element-67f41f3c elementor-widget elementor-widget-heading\" data-id=\"67f41f3c\" data-element_type=\"widget\" data-e-type=\"widget\" data-widget_type=\"heading.default\">\n\t\t\t\t<div class=\"elementor-widget-container\">\n\t\t\t\t\t<h3 class=\"elementor-heading-title elementor-size-default\">Siga estos enlaces para obtener m\u00e1s informaci\u00f3n<\/h3>\t\t\t\t<\/div>\n\t\t\t\t<\/div>\n\t\t\t\t<div class=\"elementor-element elementor-element-13c3a37b elementor-nav-menu--dropdown-none elementor-widget elementor-widget-nav-menu\" data-id=\"13c3a37b\" data-element_type=\"widget\" data-e-type=\"widget\" data-settings=\"{&quot;layout&quot;:&quot;vertical&quot;,&quot;submenu_icon&quot;:{&quot;value&quot;:&quot;&lt;svg aria-hidden=\\&quot;true\\&quot; class=\\&quot;e-font-icon-svg e-fas-caret-down\\&quot; viewBox=\\&quot;0 0 320 512\\&quot; xmlns=\\&quot;http:\\\/\\\/www.w3.org\\\/2000\\\/svg\\&quot;&gt;&lt;path d=\\&quot;M31.3 192h257.3c17.8 0 26.7 21.5 14.1 34.1L174.1 354.8c-7.8 7.8-20.5 7.8-28.3 0L17.2 226.1C4.6 213.5 13.5 192 31.3 192z\\&quot;&gt;&lt;\\\/path&gt;&lt;\\\/svg&gt;&quot;,&quot;library&quot;:&quot;fa-solid&quot;}}\" data-widget_type=\"nav-menu.default\">\n\t\t\t\t<div class=\"elementor-widget-container\">\n\t\t\t\t\t\t\t\t<nav aria-label=\"Menu\" class=\"elementor-nav-menu--main elementor-nav-menu__container elementor-nav-menu--layout-vertical e--pointer-none\">\n\t\t\t\t<ul id=\"menu-1-13c3a37b\" class=\"elementor-nav-menu sm-vertical\"><li class=\"menu-item menu-item-type-post_type menu-item-object-page menu-item-8524\"><a href=\"https:\/\/cancerfertilityandme.org.uk\/young-women\/making-your-decision\/\" class=\"elementor-item\">Decidir si se va a preservar o no la fertilidad<\/a><\/li>\n<li class=\"menu-item menu-item-type-post_type menu-item-object-page menu-item-8525\"><a href=\"https:\/\/cancerfertilityandme.org.uk\/young-women\/making-your-decision\/talking-about-fertility-preservation\/\" class=\"elementor-item\">Hablar sobre la preservaci\u00f3n de la fertilidad.<\/a><\/li>\n<li class=\"menu-item menu-item-type-post_type menu-item-object-page menu-item-8526\"><a href=\"https:\/\/cancerfertilityandme.org.uk\/young-women\/making-your-decision\/talking-about-fertility-preservation-decision-with-others\/\" class=\"elementor-item\">Hablar de la decisi\u00f3n de preservaci\u00f3n de la fertilidad con otras personas<\/a><\/li>\n<\/ul>\t\t\t<\/nav>\n\t\t\t\t\t\t<nav class=\"elementor-nav-menu--dropdown elementor-nav-menu__container\" aria-hidden=\"true\">\n\t\t\t\t<ul id=\"menu-2-13c3a37b\" class=\"elementor-nav-menu sm-vertical\"><li class=\"menu-item menu-item-type-post_type menu-item-object-page menu-item-8524\"><a href=\"https:\/\/cancerfertilityandme.org.uk\/young-women\/making-your-decision\/\" class=\"elementor-item\" tabindex=\"-1\">Decidir si se va a preservar o no la fertilidad<\/a><\/li>\n<li class=\"menu-item menu-item-type-post_type menu-item-object-page menu-item-8525\"><a href=\"https:\/\/cancerfertilityandme.org.uk\/young-women\/making-your-decision\/talking-about-fertility-preservation\/\" class=\"elementor-item\" tabindex=\"-1\">Hablar sobre la preservaci\u00f3n de la fertilidad.<\/a><\/li>\n<li class=\"menu-item menu-item-type-post_type menu-item-object-page menu-item-8526\"><a href=\"https:\/\/cancerfertilityandme.org.uk\/young-women\/making-your-decision\/talking-about-fertility-preservation-decision-with-others\/\" class=\"elementor-item\" tabindex=\"-1\">Hablar de la decisi\u00f3n de preservaci\u00f3n de la fertilidad con otras personas<\/a><\/li>\n<\/ul>\t\t\t<\/nav>\n\t\t\t\t\t\t<\/div>\n\t\t\t\t<\/div>\n\t\t\t\t<\/div>\n\t\t\t\t<\/div>\n\t\t\t\t\t<\/div>\n\t\t\t\t<\/main>\n\t\t\t\t<\/div>\n\t\t","protected":false},"excerpt":{"rendered":"<p>Decidir si se va a preservar o no la fertilidad antes del tratamiento contra el c\u00e1ncer Esta secci\u00f3n del sitio web pretende ayudarte a decidir si quieres: Un tratamiento de preservaci\u00f3n de la fertilidad antes de comenzar el tratamiento contra el c\u00e1ncer Comenzar el tratamiento contra el c\u00e1ncer sin someterte a un tratamiento de preservaci\u00f3n [&hellip;]<\/p>\n","protected":false},"author":1,"featured_media":7799,"parent":7830,"menu_order":0,"comment_status":"open","ping_status":"closed","template":"","meta":{"footnotes":""},"class_list":["post-7877","page","type-page","status-publish","has-post-thumbnail","hentry"],"_links":{"self":[{"href":"https:\/\/cancerfertilityandme.org.uk\/es\/wp-json\/wp\/v2\/pages\/7877","targetHints":{"allow":["GET"]}}],"collection":[{"href":"https:\/\/cancerfertilityandme.org.uk\/es\/wp-json\/wp\/v2\/pages"}],"about":[{"href":"https:\/\/cancerfertilityandme.org.uk\/es\/wp-json\/wp\/v2\/types\/page"}],"author":[{"embeddable":true,"href":"https:\/\/cancerfertilityandme.org.uk\/es\/wp-json\/wp\/v2\/users\/1"}],"replies":[{"embeddable":true,"href":"https:\/\/cancerfertilityandme.org.uk\/es\/wp-json\/wp\/v2\/comments?post=7877"}],"version-history":[{"count":8,"href":"https:\/\/cancerfertilityandme.org.uk\/es\/wp-json\/wp\/v2\/pages\/7877\/revisions"}],"predecessor-version":[{"id":11403,"href":"https:\/\/cancerfertilityandme.org.uk\/es\/wp-json\/wp\/v2\/pages\/7877\/revisions\/11403"}],"up":[{"embeddable":true,"href":"https:\/\/cancerfertilityandme.org.uk\/es\/wp-json\/wp\/v2\/pages\/7830"}],"wp:featuredmedia":[{"embeddable":true,"href":"https:\/\/cancerfertilityandme.org.uk\/es\/wp-json\/wp\/v2\/media\/7799"}],"wp:attachment":[{"href":"https:\/\/cancerfertilityandme.org.uk\/es\/wp-json\/wp\/v2\/media?parent=7877"}],"curies":[{"name":"wp","href":"https:\/\/api.w.org\/{rel}","templated":true}]}}