{"id":7876,"date":"2023-04-03T09:44:15","date_gmt":"2023-04-03T09:44:15","guid":{"rendered":"https:\/\/cancerfertilityandme.org.uk\/decisiones-de-planificacion-familiar-tras-el-tratamiento-contra-el-cancer\/"},"modified":"2026-03-30T11:06:12","modified_gmt":"2026-03-30T11:06:12","slug":"decisiones-de-planificacion-familiar-tras-el-tratamiento-contra-el-cancer","status":"publish","type":"page","link":"https:\/\/cancerfertilityandme.org.uk\/es\/mujeres-jovenes\/anticoncepcion-y-planificacion-familiar\/decisiones-de-planificacion-familiar-tras-el-tratamiento-contra-el-cancer\/","title":{"rendered":"Decisiones de planificaci\u00f3n familiar tras el tratamiento contra el c\u00e1ncer"},"content":{"rendered":"\t\t<div data-elementor-type=\"wp-page\" data-elementor-id=\"7876\" class=\"elementor elementor-7876 elementor-7790\" data-elementor-post-type=\"page\">\n\t\t\t\t<main class=\"elementor-element elementor-element-23a515be e-flex e-con-boxed e-con e-parent\" data-id=\"23a515be\" data-element_type=\"container\" data-e-type=\"container\">\n\t\t\t\t\t<div class=\"e-con-inner\">\n\t\t<div class=\"elementor-element elementor-element-2324c290 e-con-full e-flex e-con e-child\" data-id=\"2324c290\" data-element_type=\"container\" data-e-type=\"container\">\n\t\t\t\t<div class=\"elementor-element elementor-element-65cf739e elementor-widget elementor-widget-text-editor\" data-id=\"65cf739e\" data-element_type=\"widget\" data-e-type=\"widget\" data-widget_type=\"text-editor.default\">\n\t\t\t\t<div class=\"elementor-widget-container\">\n\t\t\t\t\t\t\t\t\t<h2>Decisiones de planificaci\u00f3n familiar tras el tratamiento contra el c\u00e1ncer<\/h2><p><strong>Para muchas mujeres, la decisi\u00f3n quedarse embarazada despu\u00e9s de un diagn\u00f3stico de c\u00e1ncer es dif\u00edcil. Durante este tiempo, las mujeres toman las decisiones de gesti\u00f3n de la fertilidad que mejor se adaptan a sus vidas. Entre ellas se encuentran las pruebas para comprobar tu fertilidad, la elecci\u00f3n de un m\u00e9todo anticonceptivo y la planificaci\u00f3n de tu futura familia.  <\/strong><\/p><p>Es dif\u00edcil predecir c\u00f3mo se ver\u00e1 afectada tu fertilidad por el tratamiento contra el c\u00e1ncer. El equipo de atenci\u00f3n a la fertilidad puede comprobar tu fertilidad mediante una serie de pruebas. Entre ellos se encuentran los an\u00e1lisis de sangre para comprobar los niveles de una hormona o una ecograf\u00eda de los ovarios. Puedes pedir a tu equipo de atenci\u00f3n al c\u00e1ncer o a tu m\u00e9dico de cabecera que te remita a una cl\u00ednica de fertilidad.  <\/p><p>Su fertilidad puede volver de forma natural despu\u00e9s. Aunque no hayas vuelto a tener la menstruaci\u00f3n, puedes seguir producir \u00f3vulos y quedarte embarazada. Deber\u00edas hablar de estos distintos m\u00e9todos anticonceptivos con tu equipo de tratamiento contra el c\u00e1ncer. Pueden aconsejarte sobre las opciones y el tipo de anticonceptivo adecuado para ti. Se recomienda esperar dos a\u00f1os despu\u00e9s de completar el tratamiento contra el c\u00e1ncer antes de intentar tener un beb\u00e9.   <\/p><p>No hay datos que sugieran que el embarazo afecte a las posibilidades de que un c\u00e1ncer vuelva a aparecer. No hay datos que sugieran que la salud de los ni\u00f1os nacidos despu\u00e9s del tratamiento contra el c\u00e1ncer se vea afectada. Si est\u00e1s pensando en quedarte embarazada, habla con tu equipo de tratamiento contra el c\u00e1ncer.  <\/p>\t\t\t\t\t\t\t\t<\/div>\n\t\t\t\t<\/div>\n\t\t\t\t<div class=\"elementor-element elementor-element-c5e0094 elementor-widget elementor-widget-image\" data-id=\"c5e0094\" data-element_type=\"widget\" data-e-type=\"widget\" data-widget_type=\"image.default\">\n\t\t\t\t<div class=\"elementor-widget-container\">\n\t\t\t\t\t\t\t\t\t\t\t\t\t\t\t<img fetchpriority=\"high\" decoding=\"async\" width=\"800\" height=\"405\" src=\"https:\/\/cancerfertilityandme.org.uk\/wp-content\/uploads\/ES-06-3-1024x518.png\" class=\"attachment-large size-large wp-image-9033\" alt=\"\" srcset=\"https:\/\/cancerfertilityandme.org.uk\/wp-content\/uploads\/ES-06-3-1024x518.png 1024w, https:\/\/cancerfertilityandme.org.uk\/wp-content\/uploads\/ES-06-3-300x152.png 300w, https:\/\/cancerfertilityandme.org.uk\/wp-content\/uploads\/ES-06-3-768x389.png 768w, https:\/\/cancerfertilityandme.org.uk\/wp-content\/uploads\/ES-06-3.png 1045w\" sizes=\"(max-width: 800px) 100vw, 800px\" \/>\t\t\t\t\t\t\t\t\t\t\t\t\t\t\t<\/div>\n\t\t\t\t<\/div>\n\t\t\t\t<div class=\"elementor-element elementor-element-76b7d0a elementor-widget elementor-widget-text-editor\" data-id=\"76b7d0a\" data-element_type=\"widget\" data-e-type=\"widget\" data-widget_type=\"text-editor.default\">\n\t\t\t\t<div class=\"elementor-widget-container\">\n\t\t\t\t\t\t\t\t\t<p>No todas las mujeres j\u00f3venes que reciben tratamiento contra el c\u00e1ncer tendr\u00e1n un problema de fertilidad, de hecho, la mayor\u00eda de las mujeres j\u00f3venes que desean tener un beb\u00e9 despu\u00e9s del tratamiento contra el c\u00e1ncer pueden.<\/p><p>Algunas mujeres pueden enfrentarse a una p\u00e9rdida permanente de la fertilidad tras el tratamiento contra el c\u00e1ncer. Esto puede ser molesto y dif\u00edcil de aceptar. Si este es tu caso, puede resultarte \u00fatil buscar asesoramiento profesional. Adem\u00e1s de ofrecer apoyo emocional, podr\u00e1n ofrecer informaci\u00f3n sobre otras opciones. Entre ellas se encuentran la gestaci\u00f3n subrogada, la adopci\u00f3n y la acogida. Tambi\u00e9n pueden asesorar sobre los m\u00e9todos de embarazo asistido, como los \u00f3vulos y embriones de donantes o el uso de sus propios \u00f3vulos, embriones y tejido ov\u00e1rico guardado.    <\/p><blockquote><p>El sitio web de la HEFA <a href=\"http:\/\/www.hfea.gov.uk\" target=\"_blank\" rel=\"noopener\">www.hfea.gov.uk<\/a> contiene m\u00e1s informaci\u00f3n sobre la donaci\u00f3n de \u00f3vulos o embriones y la gestaci\u00f3n subrogada. Las organizaciones enumeradas aqu\u00ed incluyen informaci\u00f3n y apoyo para las personas interesadas en la crianza temporal y la adopci\u00f3n. Las organizaciones que figuran <a href=\"https:\/\/cancerfertilityandme.org.uk\/es\/home\/contactos-utiles-2\/\">aqu\u00ed <\/a>incluyen informaci\u00f3n y apoyo para las personas interesadas en la acogida y la adopci\u00f3n.<\/p><\/blockquote><p><strong>Las siguientes preguntas te pueden ayudar a hablar sobre planificaci\u00f3n familiar despu\u00e9s del c\u00e1ncer con tu equipo de atenci\u00f3n al c\u00e1ncer o tu m\u00e9dico de cabecera:<\/strong><\/p><ul><li>C\u00f3mo puedo saber si soy f\u00e9rtil despu\u00e9s del tratamiento contra el c\u00e1ncer?<\/li><li>\u00bfCu\u00e1nto tiempo debo esperar para saber si soy f\u00e9rtil?<\/li><li>Hay alg\u00fan test que pueda hacer para saber si soy f\u00e9rtil despu\u00e9s del tratamiento contra el c\u00e1ncer?<\/li><li>\u00bfPodr\u00eda volver a tener c\u00e1ncer si me quedo embarazada en el futuro?<\/li><li>Si todav\u00eda soy f\u00e9rtil y puedo quedarme embarazada, \u00bfcu\u00e1nto tiempo debo esperar despu\u00e9s del tratamiento?<\/li><li>Si me quedo embarazada despu\u00e9s del tratamiento contra el c\u00e1ncer, \u00bftiene mi hijo m\u00e1s posibilidades de tener c\u00e1ncer?<\/li><li>Si no hace ning\u00fan tratamiento para la preservaci\u00f3n de la fertilidad, \u00bftengo todav\u00eda posibilidades de quedarme embarazada?<\/li><\/ul>\t\t\t\t\t\t\t\t<\/div>\n\t\t\t\t<\/div>\n\t\t\t\t<\/div>\n\t\t<div class=\"elementor-element elementor-element-4d93295f e-con-full e-flex e-con e-child\" data-id=\"4d93295f\" data-element_type=\"container\" data-e-type=\"container\">\n\t\t<div class=\"elementor-element elementor-element-46ea5028 e-con-full e-flex e-con e-child\" data-id=\"46ea5028\" data-element_type=\"container\" data-e-type=\"container\">\n\t\t\t\t<div class=\"elementor-element elementor-element-194397a8 elementor-widget elementor-widget-image\" data-id=\"194397a8\" data-element_type=\"widget\" data-e-type=\"widget\" data-widget_type=\"image.default\">\n\t\t\t\t<div class=\"elementor-widget-container\">\n\t\t\t\t\t\t\t\t\t\t\t\t\t\t\t\t<a href=\"http:\/\/.\/\">\n\t\t\t\t\t\t\t<img decoding=\"async\" width=\"200\" height=\"200\" src=\"https:\/\/cancerfertilityandme.org.uk\/wp-content\/uploads\/cancerfertilityandme-logo-header-young-women.png\" class=\"attachment-full size-full wp-image-333\" alt=\"\" srcset=\"https:\/\/cancerfertilityandme.org.uk\/wp-content\/uploads\/cancerfertilityandme-logo-header-young-women.png 200w, https:\/\/cancerfertilityandme.org.uk\/wp-content\/uploads\/cancerfertilityandme-logo-header-young-women-150x150.png 150w, https:\/\/cancerfertilityandme.org.uk\/wp-content\/uploads\/elementor\/thumbs\/cancerfertilityandme-logo-header-young-women-r4vfcv1ro149or8nkxzol3x986uodd6lq6no4gpb6w.png 100w\" sizes=\"(max-width: 200px) 100vw, 200px\" \/>\t\t\t\t\t\t\t\t<\/a>\n\t\t\t\t\t\t\t\t\t\t\t\t\t\t\t<\/div>\n\t\t\t\t<\/div>\n\t\t\t\t<\/div>\n\t\t<div class=\"elementor-element elementor-element-4dd0c88d e-con-full e-flex e-con e-child\" data-id=\"4dd0c88d\" data-element_type=\"container\" data-e-type=\"container\">\n\t\t\t\t<div class=\"elementor-element elementor-element-6cb4eb49 elementor-widget elementor-widget-heading\" data-id=\"6cb4eb49\" data-element_type=\"widget\" data-e-type=\"widget\" data-widget_type=\"heading.default\">\n\t\t\t\t<div class=\"elementor-widget-container\">\n\t\t\t\t\t<h3 class=\"elementor-heading-title elementor-size-default\">Siga estos enlaces para obtener m\u00e1s informaci\u00f3n<\/h3>\t\t\t\t<\/div>\n\t\t\t\t<\/div>\n\t\t\t\t<div class=\"elementor-element elementor-element-738cc706 elementor-nav-menu--dropdown-none elementor-widget elementor-widget-nav-menu\" data-id=\"738cc706\" data-element_type=\"widget\" data-e-type=\"widget\" data-settings=\"{&quot;layout&quot;:&quot;vertical&quot;,&quot;submenu_icon&quot;:{&quot;value&quot;:&quot;&lt;svg aria-hidden=\\&quot;true\\&quot; class=\\&quot;e-font-icon-svg e-fas-caret-down\\&quot; viewBox=\\&quot;0 0 320 512\\&quot; xmlns=\\&quot;http:\\\/\\\/www.w3.org\\\/2000\\\/svg\\&quot;&gt;&lt;path d=\\&quot;M31.3 192h257.3c17.8 0 26.7 21.5 14.1 34.1L174.1 354.8c-7.8 7.8-20.5 7.8-28.3 0L17.2 226.1C4.6 213.5 13.5 192 31.3 192z\\&quot;&gt;&lt;\\\/path&gt;&lt;\\\/svg&gt;&quot;,&quot;library&quot;:&quot;fa-solid&quot;}}\" data-widget_type=\"nav-menu.default\">\n\t\t\t\t<div class=\"elementor-widget-container\">\n\t\t\t\t\t\t\t\t<nav aria-label=\"Menu\" class=\"elementor-nav-menu--main elementor-nav-menu__container elementor-nav-menu--layout-vertical e--pointer-none\">\n\t\t\t\t<ul id=\"menu-1-738cc706\" class=\"elementor-nav-menu sm-vertical\"><li class=\"menu-item menu-item-type-post_type menu-item-object-page menu-item-8508\"><a href=\"https:\/\/cancerfertilityandme.org.uk\/young-women\/contraception-and-family-planning\/\" class=\"elementor-item\">Anticoncepci\u00f3n y planificaci\u00f3n familiar<\/a><\/li>\n<li class=\"menu-item menu-item-type-post_type menu-item-object-page menu-item-8509\"><a href=\"https:\/\/cancerfertilityandme.org.uk\/young-women\/contraception-and-family-planning\/contraception-during-cancer-treatment\/\" class=\"elementor-item\">Anticoncepci\u00f3n durante el tratamiento contra el c\u00e1ncer.<\/a><\/li>\n<li class=\"menu-item menu-item-type-post_type menu-item-object-page menu-item-8510\"><a href=\"https:\/\/cancerfertilityandme.org.uk\/young-women\/contraception-and-family-planning\/family-planning-decisions-after-cancer-treatment\/\" class=\"elementor-item\">Decisiones de planificaci\u00f3n familiar tras el tratamiento contra el c\u00e1ncer<\/a><\/li>\n<\/ul>\t\t\t<\/nav>\n\t\t\t\t\t\t<nav class=\"elementor-nav-menu--dropdown elementor-nav-menu__container\" aria-hidden=\"true\">\n\t\t\t\t<ul id=\"menu-2-738cc706\" class=\"elementor-nav-menu sm-vertical\"><li class=\"menu-item menu-item-type-post_type menu-item-object-page menu-item-8508\"><a href=\"https:\/\/cancerfertilityandme.org.uk\/young-women\/contraception-and-family-planning\/\" class=\"elementor-item\" tabindex=\"-1\">Anticoncepci\u00f3n y planificaci\u00f3n familiar<\/a><\/li>\n<li class=\"menu-item menu-item-type-post_type menu-item-object-page menu-item-8509\"><a href=\"https:\/\/cancerfertilityandme.org.uk\/young-women\/contraception-and-family-planning\/contraception-during-cancer-treatment\/\" class=\"elementor-item\" tabindex=\"-1\">Anticoncepci\u00f3n durante el tratamiento contra el c\u00e1ncer.<\/a><\/li>\n<li class=\"menu-item menu-item-type-post_type menu-item-object-page menu-item-8510\"><a href=\"https:\/\/cancerfertilityandme.org.uk\/young-women\/contraception-and-family-planning\/family-planning-decisions-after-cancer-treatment\/\" class=\"elementor-item\" tabindex=\"-1\">Decisiones de planificaci\u00f3n familiar tras el tratamiento contra el c\u00e1ncer<\/a><\/li>\n<\/ul>\t\t\t<\/nav>\n\t\t\t\t\t\t<\/div>\n\t\t\t\t<\/div>\n\t\t\t\t<\/div>\n\t\t\t\t<\/div>\n\t\t\t\t\t<\/div>\n\t\t\t\t<\/main>\n\t\t\t\t<\/div>\n\t\t","protected":false},"excerpt":{"rendered":"<p>Decisiones de planificaci\u00f3n familiar tras el tratamiento contra el c\u00e1ncer Para muchas mujeres, la decisi\u00f3n quedarse embarazada despu\u00e9s de un diagn\u00f3stico de c\u00e1ncer es dif\u00edcil. Durante este tiempo, las mujeres toman las decisiones de gesti\u00f3n de la fertilidad que mejor se adaptan a sus vidas. Entre ellas se encuentran las pruebas para comprobar tu fertilidad, [&hellip;]<\/p>\n","protected":false},"author":1,"featured_media":0,"parent":7874,"menu_order":0,"comment_status":"open","ping_status":"closed","template":"","meta":{"footnotes":""},"class_list":["post-7876","page","type-page","status-publish","hentry"],"_links":{"self":[{"href":"https:\/\/cancerfertilityandme.org.uk\/es\/wp-json\/wp\/v2\/pages\/7876","targetHints":{"allow":["GET"]}}],"collection":[{"href":"https:\/\/cancerfertilityandme.org.uk\/es\/wp-json\/wp\/v2\/pages"}],"about":[{"href":"https:\/\/cancerfertilityandme.org.uk\/es\/wp-json\/wp\/v2\/types\/page"}],"author":[{"embeddable":true,"href":"https:\/\/cancerfertilityandme.org.uk\/es\/wp-json\/wp\/v2\/users\/1"}],"replies":[{"embeddable":true,"href":"https:\/\/cancerfertilityandme.org.uk\/es\/wp-json\/wp\/v2\/comments?post=7876"}],"version-history":[{"count":4,"href":"https:\/\/cancerfertilityandme.org.uk\/es\/wp-json\/wp\/v2\/pages\/7876\/revisions"}],"predecessor-version":[{"id":11367,"href":"https:\/\/cancerfertilityandme.org.uk\/es\/wp-json\/wp\/v2\/pages\/7876\/revisions\/11367"}],"up":[{"embeddable":true,"href":"https:\/\/cancerfertilityandme.org.uk\/es\/wp-json\/wp\/v2\/pages\/7874"}],"wp:attachment":[{"href":"https:\/\/cancerfertilityandme.org.uk\/es\/wp-json\/wp\/v2\/media?parent=7876"}],"curies":[{"name":"wp","href":"https:\/\/api.w.org\/{rel}","templated":true}]}}