{"id":7875,"date":"2023-04-03T09:43:08","date_gmt":"2023-04-03T09:43:08","guid":{"rendered":"https:\/\/cancerfertilityandme.org.uk\/anticoncepcion-durante-el-tratamiento-contra-el-cancer\/"},"modified":"2026-03-26T15:33:46","modified_gmt":"2026-03-26T15:33:46","slug":"anticoncepcion-durante-el-tratamiento-contra-el-cancer","status":"publish","type":"page","link":"https:\/\/cancerfertilityandme.org.uk\/es\/mujeres-jovenes\/anticoncepcion-y-planificacion-familiar\/anticoncepcion-durante-el-tratamiento-contra-el-cancer\/","title":{"rendered":"Anticoncepci\u00f3n durante el tratamiento contra el c\u00e1ncer."},"content":{"rendered":"\t\t<div data-elementor-type=\"wp-page\" data-elementor-id=\"7875\" class=\"elementor elementor-7875 elementor-7789\" data-elementor-post-type=\"page\">\n\t\t\t\t<main class=\"elementor-element elementor-element-b042ccd e-flex e-con-boxed e-con e-parent\" data-id=\"b042ccd\" data-element_type=\"container\" data-e-type=\"container\">\n\t\t\t\t\t<div class=\"e-con-inner\">\n\t\t<div class=\"elementor-element elementor-element-198b410d e-con-full e-flex e-con e-child\" data-id=\"198b410d\" data-element_type=\"container\" data-e-type=\"container\">\n\t\t\t\t<div class=\"elementor-element elementor-element-469d4c3c elementor-widget elementor-widget-text-editor\" data-id=\"469d4c3c\" data-element_type=\"widget\" data-e-type=\"widget\" data-widget_type=\"text-editor.default\">\n\t\t\t\t<div class=\"elementor-widget-container\">\n\t\t\t\t\t\t\t\t\t<h2>Anticoncepci\u00f3n durante el tratamiento contra el c\u00e1ncer.<\/h2><p>Se recomienda encarecidamente a las mujeres que no se queden embarazadas durante el tratamiento contra el c\u00e1ncer. Esto se debe a que los tratamientos contra el c\u00e1ncer pueden da\u00f1ar al feto en las primeras etapas de su desarrollo. Aunque tu ciclo se detenga durante el tratamiento, esto no significa que no puedas quedarte embarazada.  <\/p><p>Si eres sexualmente activa, debes utilizar un m\u00e9todo anticonceptivo fiable durante el tratamiento contra el c\u00e1ncer.<\/p><p>La imagen de abajo muestra los diferentes tipos de anticonceptivos que hay que tener en cuenta.<\/p><p>Se recomienda que las mujeres en tratamiento hormonal utilicen m\u00e9todos anticonceptivos no hormonales. Entre ellos se encuentran los preservativos, los preservativos femeninos y los diafragmas. La p\u00edldora anticonceptiva est\u00e1 menos recomendada para las mujeres con c\u00e1nceres sensibles a las hormonas. Esto se debe a que existe la posibilidad de que las hormonas de la p\u00edldora anticonceptiva estimulen las c\u00e9lulas cancerosas restantes.  <\/p><p>Es aconsejable hablar de los diferentes m\u00e9todos anticonceptivos con el equipo de tratamiento contra el c\u00e1ncer.<\/p>\t\t\t\t\t\t\t\t<\/div>\n\t\t\t\t<\/div>\n\t\t\t\t<div class=\"elementor-element elementor-element-adec29e elementor-widget elementor-widget-image\" data-id=\"adec29e\" data-element_type=\"widget\" data-e-type=\"widget\" data-widget_type=\"image.default\">\n\t\t\t\t<div class=\"elementor-widget-container\">\n\t\t\t\t\t\t\t\t\t\t\t\t\t\t\t<img fetchpriority=\"high\" decoding=\"async\" width=\"800\" height=\"323\" src=\"https:\/\/cancerfertilityandme.org.uk\/wp-content\/uploads\/ES-05-3-1024x413.png\" class=\"attachment-large size-large wp-image-9017\" alt=\"\" srcset=\"https:\/\/cancerfertilityandme.org.uk\/wp-content\/uploads\/ES-05-3-1024x413.png 1024w, https:\/\/cancerfertilityandme.org.uk\/wp-content\/uploads\/ES-05-3-300x121.png 300w, https:\/\/cancerfertilityandme.org.uk\/wp-content\/uploads\/ES-05-3-768x310.png 768w, https:\/\/cancerfertilityandme.org.uk\/wp-content\/uploads\/ES-05-3.png 1028w\" sizes=\"(max-width: 800px) 100vw, 800px\" \/>\t\t\t\t\t\t\t\t\t\t\t\t\t\t\t<\/div>\n\t\t\t\t<\/div>\n\t\t\t\t<div class=\"elementor-element elementor-element-19b142b elementor-widget elementor-widget-text-editor\" data-id=\"19b142b\" data-element_type=\"widget\" data-e-type=\"widget\" data-widget_type=\"text-editor.default\">\n\t\t\t\t<div class=\"elementor-widget-container\">\n\t\t\t\t\t\t\t\t\t<p><strong>Las siguientes preguntas pueden ayudarte a hablar con tu equipo de atenci\u00f3n al c\u00e1ncer o con tu m\u00e9dico de familia sobre la anticoncepci\u00f3n.<\/strong><\/p><ul><li>\u00bfQu\u00e9 anticonceptivo me conviene m\u00e1s durante el tratamiento contra el c\u00e1ncer?<\/li><li>\u00bfDurante cu\u00e1nto tiempo debo utilizar este anticonceptivo?<\/li><li>\u00bfDebo utilizar m\u00e9todos anticonceptivos no hormonales para mi tipo de c\u00e1ncer?<\/li><li>Si no tengo la menstruaci\u00f3n durante el tratamiento contra el c\u00e1ncer, \u00bfdebo seguir utilizando anticonceptivos?<\/li><li>\u00bfMe afectar\u00e1 a m\u00ed o a mi hijo por nacer si decido no utilizar m\u00e9todos anticonceptivos y me quedo embarazada durante el tratamiento contra el c\u00e1ncer?<\/li><\/ul>\t\t\t\t\t\t\t\t<\/div>\n\t\t\t\t<\/div>\n\t\t\t\t<\/div>\n\t\t<div class=\"elementor-element elementor-element-131e76f e-con-full e-flex e-con e-child\" data-id=\"131e76f\" data-element_type=\"container\" data-e-type=\"container\">\n\t\t<div class=\"elementor-element elementor-element-d518d99 e-con-full e-flex e-con e-child\" data-id=\"d518d99\" data-element_type=\"container\" data-e-type=\"container\">\n\t\t\t\t<div class=\"elementor-element elementor-element-7955a705 elementor-widget elementor-widget-image\" data-id=\"7955a705\" data-element_type=\"widget\" data-e-type=\"widget\" data-widget_type=\"image.default\">\n\t\t\t\t<div class=\"elementor-widget-container\">\n\t\t\t\t\t\t\t\t\t\t\t\t\t\t\t\t<a href=\"http:\/\/.\/\">\n\t\t\t\t\t\t\t<img decoding=\"async\" width=\"200\" height=\"200\" src=\"https:\/\/cancerfertilityandme.org.uk\/wp-content\/uploads\/cancerfertilityandme-logo-header-young-women.png\" class=\"attachment-full size-full wp-image-333\" alt=\"\" srcset=\"https:\/\/cancerfertilityandme.org.uk\/wp-content\/uploads\/cancerfertilityandme-logo-header-young-women.png 200w, https:\/\/cancerfertilityandme.org.uk\/wp-content\/uploads\/cancerfertilityandme-logo-header-young-women-150x150.png 150w, https:\/\/cancerfertilityandme.org.uk\/wp-content\/uploads\/elementor\/thumbs\/cancerfertilityandme-logo-header-young-women-r4vfcv1ro149or8nkxzol3x986uodd6lq6no4gpb6w.png 100w\" sizes=\"(max-width: 200px) 100vw, 200px\" \/>\t\t\t\t\t\t\t\t<\/a>\n\t\t\t\t\t\t\t\t\t\t\t\t\t\t\t<\/div>\n\t\t\t\t<\/div>\n\t\t\t\t<\/div>\n\t\t<div class=\"elementor-element elementor-element-4bd55399 e-con-full e-flex e-con e-child\" data-id=\"4bd55399\" data-element_type=\"container\" data-e-type=\"container\">\n\t\t\t\t<div class=\"elementor-element elementor-element-48e9316a elementor-widget elementor-widget-heading\" data-id=\"48e9316a\" data-element_type=\"widget\" data-e-type=\"widget\" data-widget_type=\"heading.default\">\n\t\t\t\t<div class=\"elementor-widget-container\">\n\t\t\t\t\t<h3 class=\"elementor-heading-title elementor-size-default\">Siga estos enlaces para obtener m\u00e1s informaci\u00f3n<\/h3>\t\t\t\t<\/div>\n\t\t\t\t<\/div>\n\t\t\t\t<div class=\"elementor-element elementor-element-53401bde elementor-nav-menu--dropdown-none elementor-widget elementor-widget-nav-menu\" data-id=\"53401bde\" data-element_type=\"widget\" data-e-type=\"widget\" data-settings=\"{&quot;layout&quot;:&quot;vertical&quot;,&quot;submenu_icon&quot;:{&quot;value&quot;:&quot;&lt;svg aria-hidden=\\&quot;true\\&quot; class=\\&quot;e-font-icon-svg e-fas-caret-down\\&quot; viewBox=\\&quot;0 0 320 512\\&quot; xmlns=\\&quot;http:\\\/\\\/www.w3.org\\\/2000\\\/svg\\&quot;&gt;&lt;path d=\\&quot;M31.3 192h257.3c17.8 0 26.7 21.5 14.1 34.1L174.1 354.8c-7.8 7.8-20.5 7.8-28.3 0L17.2 226.1C4.6 213.5 13.5 192 31.3 192z\\&quot;&gt;&lt;\\\/path&gt;&lt;\\\/svg&gt;&quot;,&quot;library&quot;:&quot;fa-solid&quot;}}\" data-widget_type=\"nav-menu.default\">\n\t\t\t\t<div class=\"elementor-widget-container\">\n\t\t\t\t\t\t\t\t<nav aria-label=\"Menu\" class=\"elementor-nav-menu--main elementor-nav-menu__container elementor-nav-menu--layout-vertical e--pointer-none\">\n\t\t\t\t<ul id=\"menu-1-53401bde\" class=\"elementor-nav-menu sm-vertical\"><li class=\"menu-item menu-item-type-post_type menu-item-object-page menu-item-8508\"><a href=\"https:\/\/cancerfertilityandme.org.uk\/young-women\/contraception-and-family-planning\/\" class=\"elementor-item\">Anticoncepci\u00f3n y planificaci\u00f3n familiar<\/a><\/li>\n<li class=\"menu-item menu-item-type-post_type menu-item-object-page menu-item-8509\"><a href=\"https:\/\/cancerfertilityandme.org.uk\/young-women\/contraception-and-family-planning\/contraception-during-cancer-treatment\/\" class=\"elementor-item\">Anticoncepci\u00f3n durante el tratamiento contra el c\u00e1ncer.<\/a><\/li>\n<li class=\"menu-item menu-item-type-post_type menu-item-object-page menu-item-8510\"><a href=\"https:\/\/cancerfertilityandme.org.uk\/young-women\/contraception-and-family-planning\/family-planning-decisions-after-cancer-treatment\/\" class=\"elementor-item\">Decisiones de planificaci\u00f3n familiar tras el tratamiento contra el c\u00e1ncer<\/a><\/li>\n<\/ul>\t\t\t<\/nav>\n\t\t\t\t\t\t<nav class=\"elementor-nav-menu--dropdown elementor-nav-menu__container\" aria-hidden=\"true\">\n\t\t\t\t<ul id=\"menu-2-53401bde\" class=\"elementor-nav-menu sm-vertical\"><li class=\"menu-item menu-item-type-post_type menu-item-object-page menu-item-8508\"><a href=\"https:\/\/cancerfertilityandme.org.uk\/young-women\/contraception-and-family-planning\/\" class=\"elementor-item\" tabindex=\"-1\">Anticoncepci\u00f3n y planificaci\u00f3n familiar<\/a><\/li>\n<li class=\"menu-item menu-item-type-post_type menu-item-object-page menu-item-8509\"><a href=\"https:\/\/cancerfertilityandme.org.uk\/young-women\/contraception-and-family-planning\/contraception-during-cancer-treatment\/\" class=\"elementor-item\" tabindex=\"-1\">Anticoncepci\u00f3n durante el tratamiento contra el c\u00e1ncer.<\/a><\/li>\n<li class=\"menu-item menu-item-type-post_type menu-item-object-page menu-item-8510\"><a href=\"https:\/\/cancerfertilityandme.org.uk\/young-women\/contraception-and-family-planning\/family-planning-decisions-after-cancer-treatment\/\" class=\"elementor-item\" tabindex=\"-1\">Decisiones de planificaci\u00f3n familiar tras el tratamiento contra el c\u00e1ncer<\/a><\/li>\n<\/ul>\t\t\t<\/nav>\n\t\t\t\t\t\t<\/div>\n\t\t\t\t<\/div>\n\t\t\t\t<\/div>\n\t\t\t\t<\/div>\n\t\t\t\t\t<\/div>\n\t\t\t\t<\/main>\n\t\t\t\t<\/div>\n\t\t","protected":false},"excerpt":{"rendered":"<p>Anticoncepci\u00f3n durante el tratamiento contra el c\u00e1ncer. Se recomienda encarecidamente a las mujeres que no se queden embarazadas durante el tratamiento contra el c\u00e1ncer. Esto se debe a que los tratamientos contra el c\u00e1ncer pueden da\u00f1ar al feto en las primeras etapas de su desarrollo. Aunque tu ciclo se detenga durante el tratamiento, esto no [&hellip;]<\/p>\n","protected":false},"author":1,"featured_media":0,"parent":7874,"menu_order":0,"comment_status":"open","ping_status":"closed","template":"","meta":{"footnotes":""},"class_list":["post-7875","page","type-page","status-publish","hentry"],"_links":{"self":[{"href":"https:\/\/cancerfertilityandme.org.uk\/es\/wp-json\/wp\/v2\/pages\/7875","targetHints":{"allow":["GET"]}}],"collection":[{"href":"https:\/\/cancerfertilityandme.org.uk\/es\/wp-json\/wp\/v2\/pages"}],"about":[{"href":"https:\/\/cancerfertilityandme.org.uk\/es\/wp-json\/wp\/v2\/types\/page"}],"author":[{"embeddable":true,"href":"https:\/\/cancerfertilityandme.org.uk\/es\/wp-json\/wp\/v2\/users\/1"}],"replies":[{"embeddable":true,"href":"https:\/\/cancerfertilityandme.org.uk\/es\/wp-json\/wp\/v2\/comments?post=7875"}],"version-history":[{"count":4,"href":"https:\/\/cancerfertilityandme.org.uk\/es\/wp-json\/wp\/v2\/pages\/7875\/revisions"}],"predecessor-version":[{"id":11344,"href":"https:\/\/cancerfertilityandme.org.uk\/es\/wp-json\/wp\/v2\/pages\/7875\/revisions\/11344"}],"up":[{"embeddable":true,"href":"https:\/\/cancerfertilityandme.org.uk\/es\/wp-json\/wp\/v2\/pages\/7874"}],"wp:attachment":[{"href":"https:\/\/cancerfertilityandme.org.uk\/es\/wp-json\/wp\/v2\/media?parent=7875"}],"curies":[{"name":"wp","href":"https:\/\/api.w.org\/{rel}","templated":true}]}}