{"id":7871,"date":"2023-04-03T09:37:20","date_gmt":"2023-04-03T09:37:20","guid":{"rendered":"https:\/\/cancerfertilityandme.org.uk\/resumen-de-opciones\/"},"modified":"2026-02-05T17:45:43","modified_gmt":"2026-02-05T17:45:43","slug":"resumen-de-opciones","status":"publish","type":"page","link":"https:\/\/cancerfertilityandme.org.uk\/es\/mujeres-jovenes\/preservacion-de-la-fertilidad\/resumen-de-opciones\/","title":{"rendered":"Resumen de opciones"},"content":{"rendered":"\t\t<div data-elementor-type=\"wp-page\" data-elementor-id=\"7871\" class=\"elementor elementor-7871 elementor-7787\" data-elementor-post-type=\"page\">\n\t\t\t\t<main class=\"elementor-element elementor-element-bb6f8c8 e-flex e-con-boxed e-con e-parent\" data-id=\"bb6f8c8\" data-element_type=\"container\" data-e-type=\"container\">\n\t\t\t\t\t<div class=\"e-con-inner\">\n\t\t<div class=\"elementor-element elementor-element-31d7576f e-con-full e-flex e-con e-child\" data-id=\"31d7576f\" data-element_type=\"container\" data-e-type=\"container\">\n\t\t\t\t<div class=\"elementor-element elementor-element-71be500d elementor-widget elementor-widget-text-editor\" data-id=\"71be500d\" data-element_type=\"widget\" data-e-type=\"widget\" data-widget_type=\"text-editor.default\">\n\t\t\t\t<div class=\"elementor-widget-container\">\n\t\t\t\t\t\t\t\t\t<h2>Resumen de las opciones de preservaci\u00f3n de la fertilidad<\/h2>\t\t\t\t\t\t\t\t<\/div>\n\t\t\t\t<\/div>\n\t\t<div class=\"elementor-element elementor-element-17242a8f e-con-full e-flex e-con e-child\" data-id=\"17242a8f\" data-element_type=\"container\" data-e-type=\"container\" data-settings=\"{&quot;background_background&quot;:&quot;classic&quot;}\">\n\t\t\t\t<div class=\"elementor-element elementor-element-7a624f47 elementor-widget elementor-widget-text-editor\" data-id=\"7a624f47\" data-element_type=\"widget\" data-e-type=\"widget\" data-widget_type=\"text-editor.default\">\n\t\t\t\t<div class=\"elementor-widget-container\">\n\t\t\t\t\t\t\t\t\t<h2 style=\"text-align: center;\">Sin preservaci\u00f3n de la fertilidad<\/h2><hr><p><strong>\u00bfA qui\u00e9n va dirigido?<\/strong><\/p><p>A las mujeres que quieren esperar y ver; con una familia ya completa; necesita comenzar el tratamiento del c\u00e1ncer de inmediato; no desea tener un embarazo despu\u00e9s del tratamiento del c\u00e1ncer; no tienen opciones de preservaci\u00f3n de la fertilidad disponibles para ellas.<\/p><p><strong>Posibilidad de tener un beb\u00e9<\/strong><\/p><p>Variable. Depende de c\u00f3mo se hayan visto afectados sus ovarios por su tratamiento contra el c\u00e1ncer. <\/p><p><strong>Efecto sobre la salud del beb\u00e9<\/strong><\/p><p>Sin efecto.<\/p><p><strong>Efectos secundarios del tratamiento de fertilidad<\/strong><\/p><p>Sin efectos secundarios del tratamiento de fertilidad.<\/p><p><strong>Retraso en el inicio del tratamiento del c\u00e1ncer<\/strong><\/p><p>Sin demora.<\/p><p><strong>Efecto sobre el regreso del c\u00e1ncer<\/strong><\/p><p>Sin efecto.<\/p>\t\t\t\t\t\t\t\t<\/div>\n\t\t\t\t<\/div>\n\t\t\t\t<\/div>\n\t\t<div class=\"elementor-element elementor-element-1046368 e-con-full e-flex e-con e-child\" data-id=\"1046368\" data-element_type=\"container\" data-e-type=\"container\" data-settings=\"{&quot;background_background&quot;:&quot;classic&quot;}\">\n\t\t\t\t<div class=\"elementor-element elementor-element-8bc7445 elementor-widget elementor-widget-text-editor\" data-id=\"8bc7445\" data-element_type=\"widget\" data-e-type=\"widget\" data-widget_type=\"text-editor.default\">\n\t\t\t\t<div class=\"elementor-widget-container\">\n\t\t\t\t\t\t\t\t\t<h2 style=\"text-align: center;\">Congelaci\u00f3n de \u00f3vulos<\/h2><hr><p><strong>\u00bfA qui\u00e9n va dirigido?<\/strong><\/p><p>A las mujeres que no tienen pareja; no desea utilizar esperma de donante; no elija la congelaci\u00f3n de embriones debido a sus creencias; tener tiempo para pasar por un ciclo de tratamiento de fertilidad antes de comenzar el tratamiento contra el c\u00e1ncer.<\/p><p><strong>Posibilidad de tener un beb\u00e9<\/strong><\/p><p>Variable. Las mujeres menores de 35 a\u00f1os que almacenan 10 \u00f3vulos tienen aproximadamente un 40% de posibilidades de tener un beb\u00e9.  Las mujeres mayores de 35 a\u00f1os tienen menos posibilidades.<\/p><p><strong>Efecto sobre la salud del beb\u00e9<\/strong><\/p><p>No hay datos que sugieran que la salud del beb\u00e9 se ver\u00e1 afectada.<\/p><p><strong>Efectos secundarios del tratamiento de fertilidad<\/strong><\/p><p>Dolores de cabeza, cambios de humor, sofocos e irritaci\u00f3n de la piel; los niveles de la hormona estr\u00f3geno aumentan (no es seguro para las mujeres que tienen un c\u00e1ncer de mama sensible al estr\u00f3geno); posibilidad de infecci\u00f3n o sangrado; da\u00f1o a otras estructuras p\u00e9lvicas (no seguro para mujeres con c\u00e1ncer p\u00e9lvico).<\/p><p><strong>Retraso en el inicio del tratamiento del c\u00e1ncer<\/strong><\/p><p>Tres semanas.<\/p><p><strong>Efecto sobre el regreso del c\u00e1ncer<\/strong><\/p><p>No hay datos que sugieran que esto afectar\u00e1 las posibilidades de que el c\u00e1ncer regrese.<\/p>\t\t\t\t\t\t\t\t<\/div>\n\t\t\t\t<\/div>\n\t\t\t\t<\/div>\n\t\t<div class=\"elementor-element elementor-element-ccfa96b e-con-full e-flex e-con e-child\" data-id=\"ccfa96b\" data-element_type=\"container\" data-e-type=\"container\" data-settings=\"{&quot;background_background&quot;:&quot;classic&quot;}\">\n\t\t\t\t<div class=\"elementor-element elementor-element-d839781 elementor-widget elementor-widget-text-editor\" data-id=\"d839781\" data-element_type=\"widget\" data-e-type=\"widget\" data-widget_type=\"text-editor.default\">\n\t\t\t\t<div class=\"elementor-widget-container\">\n\t\t\t\t\t\t\t\t\t<h2 style=\"text-align: center;\">Congelaci\u00f3n de embriones<\/h2><hr><p><strong>\u00bfA qui\u00e9n va dirigido?<\/strong><\/p><p>A las mujeres que tienen tiempo de pasar por un ciclo de tratamiento de fertilidad antes de iniciar el tratamiento del c\u00e1ncer; mujeres con una pareja masculina, ya que tanto los \u00f3vulos como los espermatozoides son necesarios para la fertilizaci\u00f3n.<\/p><p><strong>Posibilidad de tener un beb\u00e9<\/strong><\/p><p>Variable. Las mujeres j\u00f3venes menores de 35 a\u00f1os que almacenan 10 \u00f3vulos tienen aproximadamente un 50% de posibilidades de tener un beb\u00e9. Las mujeres mayores de 35 a\u00f1os tienen menos posibilidades.  Las mujeres mayores de 35 a\u00f1os tienen menos posibilidades.<\/p><p><strong>Efecto sobre la salud del beb\u00e9<\/strong><\/p><p>No hay datos que sugieran que la salud del beb\u00e9 se ver\u00e1 afectada.<\/p><p><strong>Efectos secundarios del tratamiento de fertilidad<\/strong><\/p><p>Dolores de cabeza, cambios de humor, sofocos e irritaci\u00f3n de la piel; los niveles de la hormona estr\u00f3geno aumentan (no es seguro para las mujeres que tienen un c\u00e1ncer de mama sensible al estr\u00f3geno); posibilidad de infecci\u00f3n o sangrado; da\u00f1o a otras estructuras p\u00e9lvicas (no seguro para mujeres con c\u00e1ncer p\u00e9lvico).<\/p><p><strong>Retraso en el inicio del tratamiento del c\u00e1ncer<\/strong><\/p><p>Tres semanas.<\/p><p><strong>Efecto sobre el regreso del c\u00e1ncer<\/strong><\/p><p>No hay datos que sugieran que esto afectar\u00e1 las posibilidades de que el c\u00e1ncer regrese.<\/p>\t\t\t\t\t\t\t\t<\/div>\n\t\t\t\t<\/div>\n\t\t\t\t<\/div>\n\t\t<div class=\"elementor-element elementor-element-334a91e e-con-full e-flex e-con e-child\" data-id=\"334a91e\" data-element_type=\"container\" data-e-type=\"container\" data-settings=\"{&quot;background_background&quot;:&quot;classic&quot;}\">\n\t\t\t\t<div class=\"elementor-element elementor-element-e571999 elementor-widget elementor-widget-text-editor\" data-id=\"e571999\" data-element_type=\"widget\" data-e-type=\"widget\" data-widget_type=\"text-editor.default\">\n\t\t\t\t<div class=\"elementor-widget-container\">\n\t\t\t\t\t\t\t\t\t<h2 style=\"text-align: center;\">Congelaci\u00f3n de tejido ov\u00e1rico<\/h2><hr><p><strong>\u00bfA qui\u00e9n va dirigido?<\/strong><\/p><p>A las mujeres que no tienen tiempo para congelar embriones u \u00f3vulos; que no pueden usar medicamentos para la fertilidad; que prefieren la posibilidad de una concepci\u00f3n natural m\u00e1s tarde; ni\u00f1as que no han llegado a la pubertad.<\/p><p><strong>Posibilidad de tener un beb\u00e9<\/strong><\/p><p>Nuevo m\u00e9todo de preservaci\u00f3n de la fertilidad. Tasas de nacidos vivos de alrededor de 25 en 100 (25%) en todo el mundo. <\/p><p><strong>Efecto sobre la salud del beb\u00e9<\/strong><\/p><p>No hay datos que sugieran que la salud del beb\u00e9 se ver\u00e1 afectada.<\/p><p><strong>Efectos secundarios del tratamiento de fertilidad<\/strong><\/p><p>Implica cirug\u00eda, por lo que existe la posibilidad de da\u00f1o a la vejiga o el intestino; probabilidad de infecci\u00f3n o sangrado. Riesgo de que el tejido contenga c\u00e9lulas cancerosas. Antes de utilizar el tejido, se examinar\u00e1 para detectar c\u00e9lulas cancerosas, por lo que es posible que no pueda autotrasplantarse.  <\/p><p><strong>Retraso en el inicio del tratamiento del c\u00e1ncer<\/strong><\/p><p>Hasta unos d\u00edas<\/p><p><strong>Efecto sobre el regreso del c\u00e1ncer<\/strong><\/p><p>No hay datos que sugieran que esto afectar\u00e1 las posibilidades de que el c\u00e1ncer regrese.<\/p>\t\t\t\t\t\t\t\t<\/div>\n\t\t\t\t<\/div>\n\t\t\t\t<\/div>\n\t\t<div class=\"elementor-element elementor-element-e4356e6 e-con-full e-flex e-con e-child\" data-id=\"e4356e6\" data-element_type=\"container\" data-e-type=\"container\" data-settings=\"{&quot;background_background&quot;:&quot;classic&quot;}\">\n\t\t\t\t<div class=\"elementor-element elementor-element-1142578 elementor-widget elementor-widget-text-editor\" data-id=\"1142578\" data-element_type=\"widget\" data-e-type=\"widget\" data-widget_type=\"text-editor.default\">\n\t\t\t\t<div class=\"elementor-widget-container\">\n\t\t\t\t\t\t\t\t\t<h2 style=\"text-align: center;\">Supresi\u00f3n Ov\u00e1rica<\/h2><hr><p><strong>\u00bfA qui\u00e9n va dirigido?<\/strong><\/p><p>A las mujeres en quimioterapia; chicas que han llegado a la pubertad.<\/p><p><strong>Posibilidad de tener un beb\u00e9<\/strong><\/p><p>No est\u00e1 claro si este m\u00e9todo hace que sea m\u00e1s probable que pueda tener un beb\u00e9 despu\u00e9s del tratamiento.<\/p><p><strong>Efecto sobre la salud del beb\u00e9<\/strong><\/p><p>No hay datos que sugieran que la salud del beb\u00e9 se ver\u00e1 afectada.<\/p><p><strong>Efectos secundarios del tratamiento de fertilidad<\/strong><\/p><p>Sofocos; cambios de \u00e1nimo dificultad para dormir; sequedad vaginal<\/p><p><strong>Retraso en el inicio del tratamiento del c\u00e1ncer<\/strong><\/p><p>Sin demora.<\/p><p><strong>Efecto sobre el regreso del c\u00e1ncer<\/strong><\/p><p>Sin efecto.<\/p>\t\t\t\t\t\t\t\t<\/div>\n\t\t\t\t<\/div>\n\t\t\t\t<\/div>\n\t\t\t\t<\/div>\n\t\t<div class=\"elementor-element elementor-element-c66c18e e-con-full e-flex e-con e-child\" data-id=\"c66c18e\" data-element_type=\"container\" data-e-type=\"container\">\n\t\t<div class=\"elementor-element elementor-element-55ee779d e-con-full e-flex e-con e-child\" data-id=\"55ee779d\" data-element_type=\"container\" data-e-type=\"container\">\n\t\t\t\t<div class=\"elementor-element elementor-element-3513e626 elementor-widget elementor-widget-image\" data-id=\"3513e626\" data-element_type=\"widget\" data-e-type=\"widget\" data-widget_type=\"image.default\">\n\t\t\t\t<div class=\"elementor-widget-container\">\n\t\t\t\t\t\t\t\t\t\t\t\t\t\t\t\t<a href=\"http:\/\/.\/\">\n\t\t\t\t\t\t\t<img decoding=\"async\" width=\"200\" height=\"200\" src=\"https:\/\/cancerfertilityandme.org.uk\/wp-content\/uploads\/cancerfertilityandme-logo-header-young-women.png\" class=\"attachment-full size-full wp-image-333\" alt=\"\" srcset=\"https:\/\/cancerfertilityandme.org.uk\/wp-content\/uploads\/cancerfertilityandme-logo-header-young-women.png 200w, https:\/\/cancerfertilityandme.org.uk\/wp-content\/uploads\/cancerfertilityandme-logo-header-young-women-150x150.png 150w, https:\/\/cancerfertilityandme.org.uk\/wp-content\/uploads\/elementor\/thumbs\/cancerfertilityandme-logo-header-young-women-r4vfcv1ro149or8nkxzol3x986uodd6lq6no4gpb6w.png 100w\" sizes=\"(max-width: 200px) 100vw, 200px\" \/>\t\t\t\t\t\t\t\t<\/a>\n\t\t\t\t\t\t\t\t\t\t\t\t\t\t\t<\/div>\n\t\t\t\t<\/div>\n\t\t\t\t<\/div>\n\t\t<div class=\"elementor-element elementor-element-320573dd e-con-full e-flex e-con e-child\" data-id=\"320573dd\" data-element_type=\"container\" data-e-type=\"container\">\n\t\t\t\t<div class=\"elementor-element elementor-element-26768a1 elementor-widget elementor-widget-heading\" data-id=\"26768a1\" data-element_type=\"widget\" data-e-type=\"widget\" data-widget_type=\"heading.default\">\n\t\t\t\t<div class=\"elementor-widget-container\">\n\t\t\t\t\t<h3 class=\"elementor-heading-title elementor-size-default\">Siga estos enlaces para obtener m\u00e1s informaci\u00f3n<\/h3>\t\t\t\t<\/div>\n\t\t\t\t<\/div>\n\t\t\t\t<div class=\"elementor-element elementor-element-56064d83 elementor-nav-menu--dropdown-none elementor-widget elementor-widget-nav-menu\" data-id=\"56064d83\" data-element_type=\"widget\" data-e-type=\"widget\" data-settings=\"{&quot;layout&quot;:&quot;vertical&quot;,&quot;submenu_icon&quot;:{&quot;value&quot;:&quot;&lt;svg aria-hidden=\\&quot;true\\&quot; class=\\&quot;e-font-icon-svg e-fas-caret-down\\&quot; viewBox=\\&quot;0 0 320 512\\&quot; xmlns=\\&quot;http:\\\/\\\/www.w3.org\\\/2000\\\/svg\\&quot;&gt;&lt;path d=\\&quot;M31.3 192h257.3c17.8 0 26.7 21.5 14.1 34.1L174.1 354.8c-7.8 7.8-20.5 7.8-28.3 0L17.2 226.1C4.6 213.5 13.5 192 31.3 192z\\&quot;&gt;&lt;\\\/path&gt;&lt;\\\/svg&gt;&quot;,&quot;library&quot;:&quot;fa-solid&quot;}}\" data-widget_type=\"nav-menu.default\">\n\t\t\t\t<div class=\"elementor-widget-container\">\n\t\t\t\t\t\t\t\t<nav aria-label=\"Menu\" class=\"elementor-nav-menu--main elementor-nav-menu__container elementor-nav-menu--layout-vertical e--pointer-none\">\n\t\t\t\t<ul id=\"menu-1-56064d83\" class=\"elementor-nav-menu sm-vertical\"><li class=\"menu-item menu-item-type-post_type menu-item-object-page menu-item-8511\"><a href=\"https:\/\/cancerfertilityandme.org.uk\/young-women\/fertility-preservation\/\" class=\"elementor-item\">Preservaci\u00f3n de la fertilidad<\/a><\/li>\n<li class=\"menu-item menu-item-type-post_type menu-item-object-page menu-item-8514\"><a href=\"https:\/\/cancerfertilityandme.org.uk\/young-women\/fertility-preservation\/no-fertility-preservation\/\" class=\"elementor-item\">No preservar la fertilidad<\/a><\/li>\n<li class=\"menu-item menu-item-type-post_type menu-item-object-page menu-item-8512\"><a href=\"https:\/\/cancerfertilityandme.org.uk\/young-women\/fertility-preservation\/egg-freezing\/\" class=\"elementor-item\">Congelaci\u00f3n de \u00f3vulos<\/a><\/li>\n<li class=\"menu-item menu-item-type-post_type menu-item-object-page menu-item-8513\"><a href=\"https:\/\/cancerfertilityandme.org.uk\/young-women\/fertility-preservation\/embryo-freezing\/\" class=\"elementor-item\">Congelaci\u00f3n de embriones<\/a><\/li>\n<li class=\"menu-item menu-item-type-post_type menu-item-object-page menu-item-8518\"><a href=\"https:\/\/cancerfertilityandme.org.uk\/young-women\/fertility-preservation\/ovarian-tissue-freezing\/\" class=\"elementor-item\">Congelaci\u00f3n de tejido ov\u00e1rico<\/a><\/li>\n<li class=\"menu-item menu-item-type-post_type menu-item-object-page menu-item-8515\"><a href=\"https:\/\/cancerfertilityandme.org.uk\/young-women\/fertility-preservation\/ovarian-suppression\/\" class=\"elementor-item\">Supresi\u00f3n Ov\u00e1rica<\/a><\/li>\n<li class=\"menu-item menu-item-type-post_type menu-item-object-page menu-item-8519\"><a href=\"https:\/\/cancerfertilityandme.org.uk\/young-women\/fertility-preservation\/fertility-sparing-procedures\/\" class=\"elementor-item\">Procedimientos de preservaci\u00f3n de la fertilidad espec\u00edficos para determinados c\u00e1nceres<\/a><\/li>\n<li class=\"menu-item menu-item-type-post_type menu-item-object-page menu-item-8520\"><a href=\"https:\/\/cancerfertilityandme.org.uk\/young-women\/fertility-preservation\/financial-costs\/\" class=\"elementor-item\">Costos financieros<\/a><\/li>\n<li class=\"menu-item menu-item-type-post_type menu-item-object-page menu-item-8521\"><a href=\"https:\/\/cancerfertilityandme.org.uk\/young-women\/fertility-preservation\/summary-of-options\/\" class=\"elementor-item\">Resumen de opciones<\/a><\/li>\n<li class=\"menu-item menu-item-type-post_type menu-item-object-page menu-item-8522\"><a href=\"https:\/\/cancerfertilityandme.org.uk\/young-women\/fertility-preservation\/questions-to-ask-about-fertility-preservation\/\" class=\"elementor-item\">Preguntas para el equipo de atenci\u00f3n oncol\u00f3gica y el equipo de atenci\u00f3n a la fertilidad<\/a><\/li>\n<\/ul>\t\t\t<\/nav>\n\t\t\t\t\t\t<nav class=\"elementor-nav-menu--dropdown elementor-nav-menu__container\" aria-hidden=\"true\">\n\t\t\t\t<ul id=\"menu-2-56064d83\" class=\"elementor-nav-menu sm-vertical\"><li class=\"menu-item menu-item-type-post_type menu-item-object-page menu-item-8511\"><a href=\"https:\/\/cancerfertilityandme.org.uk\/young-women\/fertility-preservation\/\" class=\"elementor-item\" tabindex=\"-1\">Preservaci\u00f3n de la fertilidad<\/a><\/li>\n<li class=\"menu-item menu-item-type-post_type menu-item-object-page menu-item-8514\"><a href=\"https:\/\/cancerfertilityandme.org.uk\/young-women\/fertility-preservation\/no-fertility-preservation\/\" class=\"elementor-item\" tabindex=\"-1\">No preservar la fertilidad<\/a><\/li>\n<li class=\"menu-item menu-item-type-post_type menu-item-object-page menu-item-8512\"><a href=\"https:\/\/cancerfertilityandme.org.uk\/young-women\/fertility-preservation\/egg-freezing\/\" class=\"elementor-item\" tabindex=\"-1\">Congelaci\u00f3n de \u00f3vulos<\/a><\/li>\n<li class=\"menu-item menu-item-type-post_type menu-item-object-page menu-item-8513\"><a href=\"https:\/\/cancerfertilityandme.org.uk\/young-women\/fertility-preservation\/embryo-freezing\/\" class=\"elementor-item\" tabindex=\"-1\">Congelaci\u00f3n de embriones<\/a><\/li>\n<li class=\"menu-item menu-item-type-post_type menu-item-object-page menu-item-8518\"><a href=\"https:\/\/cancerfertilityandme.org.uk\/young-women\/fertility-preservation\/ovarian-tissue-freezing\/\" class=\"elementor-item\" tabindex=\"-1\">Congelaci\u00f3n de tejido ov\u00e1rico<\/a><\/li>\n<li class=\"menu-item menu-item-type-post_type menu-item-object-page menu-item-8515\"><a href=\"https:\/\/cancerfertilityandme.org.uk\/young-women\/fertility-preservation\/ovarian-suppression\/\" class=\"elementor-item\" tabindex=\"-1\">Supresi\u00f3n Ov\u00e1rica<\/a><\/li>\n<li class=\"menu-item menu-item-type-post_type menu-item-object-page menu-item-8519\"><a href=\"https:\/\/cancerfertilityandme.org.uk\/young-women\/fertility-preservation\/fertility-sparing-procedures\/\" class=\"elementor-item\" tabindex=\"-1\">Procedimientos de preservaci\u00f3n de la fertilidad espec\u00edficos para determinados c\u00e1nceres<\/a><\/li>\n<li class=\"menu-item menu-item-type-post_type menu-item-object-page menu-item-8520\"><a href=\"https:\/\/cancerfertilityandme.org.uk\/young-women\/fertility-preservation\/financial-costs\/\" class=\"elementor-item\" tabindex=\"-1\">Costos financieros<\/a><\/li>\n<li class=\"menu-item menu-item-type-post_type menu-item-object-page menu-item-8521\"><a href=\"https:\/\/cancerfertilityandme.org.uk\/young-women\/fertility-preservation\/summary-of-options\/\" class=\"elementor-item\" tabindex=\"-1\">Resumen de opciones<\/a><\/li>\n<li class=\"menu-item menu-item-type-post_type menu-item-object-page menu-item-8522\"><a href=\"https:\/\/cancerfertilityandme.org.uk\/young-women\/fertility-preservation\/questions-to-ask-about-fertility-preservation\/\" class=\"elementor-item\" tabindex=\"-1\">Preguntas para el equipo de atenci\u00f3n oncol\u00f3gica y el equipo de atenci\u00f3n a la fertilidad<\/a><\/li>\n<\/ul>\t\t\t<\/nav>\n\t\t\t\t\t\t<\/div>\n\t\t\t\t<\/div>\n\t\t\t\t<\/div>\n\t\t\t\t<\/div>\n\t\t\t\t\t<\/div>\n\t\t\t\t<\/main>\n\t\t\t\t<\/div>\n\t\t","protected":false},"excerpt":{"rendered":"<p>Resumen de las opciones de preservaci\u00f3n de la fertilidad Sin preservaci\u00f3n de la fertilidad \u00bfA qui\u00e9n va dirigido? A las mujeres que quieren esperar y ver; con una familia ya completa; necesita comenzar el tratamiento del c\u00e1ncer de inmediato; no desea tener un embarazo despu\u00e9s del tratamiento del c\u00e1ncer; no tienen opciones de preservaci\u00f3n de [&hellip;]<\/p>\n","protected":false},"author":1,"featured_media":0,"parent":7859,"menu_order":0,"comment_status":"open","ping_status":"closed","template":"","meta":{"footnotes":""},"class_list":["post-7871","page","type-page","status-publish","hentry"],"_links":{"self":[{"href":"https:\/\/cancerfertilityandme.org.uk\/es\/wp-json\/wp\/v2\/pages\/7871","targetHints":{"allow":["GET"]}}],"collection":[{"href":"https:\/\/cancerfertilityandme.org.uk\/es\/wp-json\/wp\/v2\/pages"}],"about":[{"href":"https:\/\/cancerfertilityandme.org.uk\/es\/wp-json\/wp\/v2\/types\/page"}],"author":[{"embeddable":true,"href":"https:\/\/cancerfertilityandme.org.uk\/es\/wp-json\/wp\/v2\/users\/1"}],"replies":[{"embeddable":true,"href":"https:\/\/cancerfertilityandme.org.uk\/es\/wp-json\/wp\/v2\/comments?post=7871"}],"version-history":[{"count":2,"href":"https:\/\/cancerfertilityandme.org.uk\/es\/wp-json\/wp\/v2\/pages\/7871\/revisions"}],"predecessor-version":[{"id":10252,"href":"https:\/\/cancerfertilityandme.org.uk\/es\/wp-json\/wp\/v2\/pages\/7871\/revisions\/10252"}],"up":[{"embeddable":true,"href":"https:\/\/cancerfertilityandme.org.uk\/es\/wp-json\/wp\/v2\/pages\/7859"}],"wp:attachment":[{"href":"https:\/\/cancerfertilityandme.org.uk\/es\/wp-json\/wp\/v2\/media?parent=7871"}],"curies":[{"name":"wp","href":"https:\/\/api.w.org\/{rel}","templated":true}]}}