{"id":7863,"date":"2023-04-02T16:26:55","date_gmt":"2023-04-02T16:26:55","guid":{"rendered":"https:\/\/cancerfertilityandme.org.uk\/congelacion-de-embriones\/"},"modified":"2026-02-03T12:17:38","modified_gmt":"2026-02-03T12:17:38","slug":"congelacion-de-embriones","status":"publish","type":"page","link":"https:\/\/cancerfertilityandme.org.uk\/es\/mujeres-jovenes\/preservacion-de-la-fertilidad\/congelacion-de-embriones\/","title":{"rendered":"Congelaci\u00f3n de embriones"},"content":{"rendered":"\t\t<div data-elementor-type=\"wp-page\" data-elementor-id=\"7863\" class=\"elementor elementor-7863 elementor-7753\" data-elementor-post-type=\"page\">\n\t\t\t\t<main class=\"elementor-element elementor-element-3921228b e-flex e-con-boxed e-con e-parent\" data-id=\"3921228b\" data-element_type=\"container\" data-e-type=\"container\">\n\t\t\t\t\t<div class=\"e-con-inner\">\n\t\t<div class=\"elementor-element elementor-element-64c428c e-con-full e-flex e-con e-child\" data-id=\"64c428c\" data-element_type=\"container\" data-e-type=\"container\">\n\t\t\t\t<div class=\"elementor-element elementor-element-68b74dc8 elementor-widget elementor-widget-text-editor\" data-id=\"68b74dc8\" data-element_type=\"widget\" data-e-type=\"widget\" data-widget_type=\"text-editor.default\">\n\t\t\t\t<div class=\"elementor-widget-container\">\n\t\t\t\t\t\t\t\t\t<h2>Congelaci\u00f3n de embriones<\/h2><p>Esta opci\u00f3n consiste en extraer \u00f3vulos maduros del ovario de la mujer y fecundarlos con esperma mediante fecundaci\u00f3n in vitro (FIV). Esto se hace en un laboratorio. Los \u00f3vulos fecundados (embriones) se congelan y almacenan para su uso futuro. Cuando una mujer joven est\u00e1 preparada para quedarse embarazada, los embriones almacenados se vuelven a colocar en el \u00fatero.   <\/p><p><strong>\u00bfA qui\u00e9n va dirigido?<\/strong><\/p><p>A mujeres j\u00f3venes que han pasado por la pubertad y:<\/p><ul><li>Tienen tiempo para realizar este procedimiento de preservaci\u00f3n de la fertilidad antes de comenzar el tratamiento contra el c\u00e1ncer.<\/li><li>Tienen una pareja masculina, ya que se necesitan tanto \u00f3vulos como espermatozoides para fecundar el \u00f3vulo.<\/li><\/ul><p><strong>\u00bfQu\u00e9 requiere?<\/strong><\/p><p>Necesitar\u00e1s inyecciones de hormonas para estimular los ovarios (estimulaci\u00f3n ov\u00e1rica) durante unas dos semanas. A continuaci\u00f3n, los \u00f3vulos se recogen mediante una fina aguja . Esto se hace bajo anestesia y puedes recibir el alta hospitalaria en pocas horas.  <\/p><p>Si tienes una relaci\u00f3n puedes crear y almacenar un embri\u00f3n con tu pareja masculina, necesitar\u00e1s el consentimiento de tu pareja antes de poder utilizar los embriones. Esto es importante, porque si luego os separ\u00e1is, puede que no quiera que utilices los embriones almacenados. <\/p><p>Si no tienes pareja masculina, el uso de esperma de donante es una opci\u00f3n. Si eliges esta opci\u00f3n, es importante que sepas que el donante puede cambiar de opini\u00f3n y no permitir que se utilicen embriones hechos con su esperma. Los embriones congelados pueden almacenarse durante 10 a\u00f1os. En algunas situaciones, esto puede incrementarse por per\u00edodos de 10 a\u00f1os (hasta 55 a\u00f1os en total).  <\/p><p><strong>\u00bfQu\u00e9 probabilidades hay de tener un beb\u00e9 tras la congelaci\u00f3n de embriones?<\/strong><\/p><p>El n\u00famero de pacientes con c\u00e1ncer que han utilizado \u00f3vulos congelados es peque\u00f1o. Es dif\u00edcil saber con certeza la probabilidad de que la congelaci\u00f3n de embriones d\u00e9 lugar a un parto exitoso.<\/p><p>La mayor\u00eda de los datos proceden de mujeres sin c\u00e1ncer que han utilizado un embri\u00f3n congelado para tener un beb\u00e9.<\/p><p>Las probabilidades de \u00e9xito de la congelaci\u00f3n de embriones dependen del n\u00famero de \u00f3vulos obtenidos, ya que \u00e9stos se fecundan para formar embriones antes de congelarlos. Si una mujer joven menor de 35 a\u00f1os tiene diez \u00f3vulos obtenidos y fertilizados para formar embriones, estos le dar\u00e1n una probabilidad de 5 en 10 (50%) de tener un beb\u00e9. La posibilidad de tener un beb\u00e9 tras la congelaci\u00f3n de embriones depende de una serie de factores, entre ellos  <\/p><p>Tu edad en el momento de la recogida de \u00f3vulos. Las mujeres j\u00f3venes menores de 35 a\u00f1os tienen m\u00e1s posibilidades.<\/p><ul><li>El n\u00famero de \u00f3vulos recogidos.<\/li><li>El n\u00famero y la calidad de los embriones congelados.<\/li><li>La salud del esperma de tu pareja.<\/li><li>La cl\u00ednica de fertilidad donde se realiz\u00f3 la congelaci\u00f3n de embriones.<\/li><\/ul><p>Para obtener m\u00e1s informaci\u00f3n sobre las tasas de \u00e9xito medias nacionales y el n\u00famero de nacimientos con \u00e9xito de cada cl\u00ednica de fertilidad autorizada, visite la p\u00e1gina web de la Autoridad de Fertilizaci\u00f3n Humana y Embriolog\u00eda <a href=\"https:\/\/www.hfea.gov.uk\/\" target=\"_blank\" rel=\"noopener\">www.hfea.gov.uk<\/a>.<\/p><p><strong>\u00bfAfectar\u00e1 esta opci\u00f3n a la salud del beb\u00e9?<\/strong><\/p><p>No, los datos sugieren que la salud de un beb\u00e9 nacido con ovulos congelados no se ver\u00e1 afectada.<\/p><p><strong>\u00bfExisten efectos secundarios del tratamiento de fertilidad utilizado en la congelaci\u00f3n de embriones?<\/strong><\/p><p>Los f\u00e1rmacos de fertilidad utilizados para estimular los ovarios pueden provocar efectos secundarios, como dolores de cabeza, cambios de humor, sofocos e irritaci\u00f3n de la piel. Los f\u00e1rmacos para la fertilidad tambi\u00e9n pueden provocar una sobreestimulaci\u00f3n de los ovarios, lo que puede dar lugar a un trastorno denominado s\u00edndrome de hiperestimulaci\u00f3n ov\u00e1rica. Una vez que haya comenzado el tratamiento, pregunta a tu equipo de atenci\u00f3n a la fertilidad sobre los s\u00edntomas de esta afecci\u00f3n y c\u00f3mo ponerte en contacto con ellos en caso necesario.  <\/p><p>Cuando se estimulan los ovarios para que produzcan muchos \u00f3vulos, aumentan los niveles de la hormona del estr\u00f3geno. Esto puede ser un riesgo para las mujeres j\u00f3venes que tienen c\u00e1ncer de mama sensible a los estr\u00f3genos. A estas mujeres se les puede administrar un medicamento llamado Letrozol (Femara).  <\/p><p>En el momento de la recogida de los \u00f3vulos existe la posibilidad de que se produzcan hemorragias, infecciones y escozor en los intestinos, pero esto es poco frecuente.<\/p><p>Puede haber una preocupaci\u00f3n para las mujeres con tumores p\u00e9lvicos, donde puede haber una fuga de c\u00e9lulas cancerosas del ovario al abdomen despu\u00e9s de la recogida de \u00f3vulos.<\/p><p>Si se sustituye m\u00e1s de un embri\u00f3n, existe la posibilidad de que se produzcan nacimientos m\u00faltiples (por ejemplo, gemelos o trillizos). Todos los embarazos conllevan el riesgo de aborto y de embarazo ect\u00f3pico (un embarazo fuera del \u00fatero). <\/p><p>La fecundaci\u00f3n in vitro puede ser f\u00edsica y emocionalmente agotadora y es posible que no se produzca el embarazo.<\/p><p><strong>\u00bfEsta opci\u00f3n retrasar\u00e1 el inicio de mi tratamiento contra el c\u00e1ncer?<\/strong><\/p><p>Desde el inicio de la estimulaci\u00f3n ov\u00e1rica hasta el momento de la recogida de los \u00f3vulos transcurren unas dos semanas. Esto puede suponer cierto retraso en el inicio de tu tratamiento contra el c\u00e1ncer. <\/p><p>La congelaci\u00f3n de embriones puede no ser una opci\u00f3n para mujeres j\u00f3venes con ciertos tipos de c\u00e1ncer (p. ej., leucemia) porque es posible que deban comenzar el tratamiento contra el c\u00e1ncer de inmediato.<br>Si se produce el s\u00edndrome de hiperestimulaci\u00f3n ov\u00e1rica, esto puede provocar un mayor retraso en el inicio del tratamiento contra el c\u00e1ncer.<\/p><p><strong>\u00bfAfectar\u00e1 esta opci\u00f3n a las probabilidades de que el c\u00e1ncer vuelva a desarrollarse?<\/strong><\/p><p>No hay datos que sugieran que la congelaci\u00f3n de embriones afecte la posibilidad de que los c\u00e1nceres crezcan o regresen.<\/p>\t\t\t\t\t\t\t\t<\/div>\n\t\t\t\t<\/div>\n\t\t\t\t<\/div>\n\t\t<div class=\"elementor-element elementor-element-1a21ec4f e-con-full e-flex e-con e-child\" data-id=\"1a21ec4f\" data-element_type=\"container\" data-e-type=\"container\">\n\t\t<div class=\"elementor-element elementor-element-1530b0ac e-con-full e-flex e-con e-child\" data-id=\"1530b0ac\" data-element_type=\"container\" data-e-type=\"container\">\n\t\t\t\t<div class=\"elementor-element elementor-element-66dbd65d elementor-widget elementor-widget-image\" data-id=\"66dbd65d\" data-element_type=\"widget\" data-e-type=\"widget\" data-widget_type=\"image.default\">\n\t\t\t\t<div class=\"elementor-widget-container\">\n\t\t\t\t\t\t\t\t\t\t\t\t\t\t\t\t<a href=\"http:\/\/.\/\">\n\t\t\t\t\t\t\t<img decoding=\"async\" width=\"200\" height=\"200\" src=\"https:\/\/cancerfertilityandme.org.uk\/wp-content\/uploads\/cancerfertilityandme-logo-header-young-women.png\" class=\"attachment-full size-full wp-image-333\" alt=\"\" srcset=\"https:\/\/cancerfertilityandme.org.uk\/wp-content\/uploads\/cancerfertilityandme-logo-header-young-women.png 200w, https:\/\/cancerfertilityandme.org.uk\/wp-content\/uploads\/cancerfertilityandme-logo-header-young-women-150x150.png 150w, https:\/\/cancerfertilityandme.org.uk\/wp-content\/uploads\/elementor\/thumbs\/cancerfertilityandme-logo-header-young-women-r4vfcv1ro149or8nkxzol3x986uodd6lq6no4gpb6w.png 100w\" sizes=\"(max-width: 200px) 100vw, 200px\" \/>\t\t\t\t\t\t\t\t<\/a>\n\t\t\t\t\t\t\t\t\t\t\t\t\t\t\t<\/div>\n\t\t\t\t<\/div>\n\t\t\t\t<\/div>\n\t\t<div class=\"elementor-element elementor-element-757e1ba6 e-con-full e-flex e-con e-child\" data-id=\"757e1ba6\" data-element_type=\"container\" data-e-type=\"container\">\n\t\t\t\t<div class=\"elementor-element elementor-element-33e9af33 elementor-widget elementor-widget-heading\" data-id=\"33e9af33\" data-element_type=\"widget\" data-e-type=\"widget\" data-widget_type=\"heading.default\">\n\t\t\t\t<div class=\"elementor-widget-container\">\n\t\t\t\t\t<h3 class=\"elementor-heading-title elementor-size-default\">Siga estos enlaces para obtener m\u00e1s informaci\u00f3n<\/h3>\t\t\t\t<\/div>\n\t\t\t\t<\/div>\n\t\t\t\t<div class=\"elementor-element elementor-element-485aaf1f elementor-nav-menu--dropdown-none elementor-widget elementor-widget-nav-menu\" data-id=\"485aaf1f\" data-element_type=\"widget\" data-e-type=\"widget\" data-settings=\"{&quot;layout&quot;:&quot;vertical&quot;,&quot;submenu_icon&quot;:{&quot;value&quot;:&quot;&lt;svg aria-hidden=\\&quot;true\\&quot; class=\\&quot;e-font-icon-svg e-fas-caret-down\\&quot; viewBox=\\&quot;0 0 320 512\\&quot; xmlns=\\&quot;http:\\\/\\\/www.w3.org\\\/2000\\\/svg\\&quot;&gt;&lt;path d=\\&quot;M31.3 192h257.3c17.8 0 26.7 21.5 14.1 34.1L174.1 354.8c-7.8 7.8-20.5 7.8-28.3 0L17.2 226.1C4.6 213.5 13.5 192 31.3 192z\\&quot;&gt;&lt;\\\/path&gt;&lt;\\\/svg&gt;&quot;,&quot;library&quot;:&quot;fa-solid&quot;}}\" data-widget_type=\"nav-menu.default\">\n\t\t\t\t<div class=\"elementor-widget-container\">\n\t\t\t\t\t\t\t\t<nav aria-label=\"Menu\" class=\"elementor-nav-menu--main elementor-nav-menu__container elementor-nav-menu--layout-vertical e--pointer-none\">\n\t\t\t\t<ul id=\"menu-1-485aaf1f\" class=\"elementor-nav-menu sm-vertical\"><li class=\"menu-item menu-item-type-post_type menu-item-object-page menu-item-8511\"><a href=\"https:\/\/cancerfertilityandme.org.uk\/young-women\/fertility-preservation\/\" class=\"elementor-item\">Preservaci\u00f3n de la fertilidad<\/a><\/li>\n<li class=\"menu-item menu-item-type-post_type menu-item-object-page menu-item-8514\"><a href=\"https:\/\/cancerfertilityandme.org.uk\/young-women\/fertility-preservation\/no-fertility-preservation\/\" class=\"elementor-item\">No preservar la fertilidad<\/a><\/li>\n<li class=\"menu-item menu-item-type-post_type menu-item-object-page menu-item-8512\"><a href=\"https:\/\/cancerfertilityandme.org.uk\/young-women\/fertility-preservation\/egg-freezing\/\" class=\"elementor-item\">Congelaci\u00f3n de \u00f3vulos<\/a><\/li>\n<li class=\"menu-item menu-item-type-post_type menu-item-object-page menu-item-8513\"><a href=\"https:\/\/cancerfertilityandme.org.uk\/young-women\/fertility-preservation\/embryo-freezing\/\" class=\"elementor-item\">Congelaci\u00f3n de embriones<\/a><\/li>\n<li class=\"menu-item menu-item-type-post_type menu-item-object-page menu-item-8518\"><a href=\"https:\/\/cancerfertilityandme.org.uk\/young-women\/fertility-preservation\/ovarian-tissue-freezing\/\" class=\"elementor-item\">Congelaci\u00f3n de tejido ov\u00e1rico<\/a><\/li>\n<li class=\"menu-item menu-item-type-post_type menu-item-object-page menu-item-8515\"><a href=\"https:\/\/cancerfertilityandme.org.uk\/young-women\/fertility-preservation\/ovarian-suppression\/\" class=\"elementor-item\">Supresi\u00f3n Ov\u00e1rica<\/a><\/li>\n<li class=\"menu-item menu-item-type-post_type menu-item-object-page menu-item-8519\"><a href=\"https:\/\/cancerfertilityandme.org.uk\/young-women\/fertility-preservation\/fertility-sparing-procedures\/\" class=\"elementor-item\">Procedimientos de preservaci\u00f3n de la fertilidad espec\u00edficos para determinados c\u00e1nceres<\/a><\/li>\n<li class=\"menu-item menu-item-type-post_type menu-item-object-page menu-item-8520\"><a href=\"https:\/\/cancerfertilityandme.org.uk\/young-women\/fertility-preservation\/financial-costs\/\" class=\"elementor-item\">Costos financieros<\/a><\/li>\n<li class=\"menu-item menu-item-type-post_type menu-item-object-page menu-item-8521\"><a href=\"https:\/\/cancerfertilityandme.org.uk\/young-women\/fertility-preservation\/summary-of-options\/\" class=\"elementor-item\">Resumen de opciones<\/a><\/li>\n<li class=\"menu-item menu-item-type-post_type menu-item-object-page menu-item-8522\"><a href=\"https:\/\/cancerfertilityandme.org.uk\/young-women\/fertility-preservation\/questions-to-ask-about-fertility-preservation\/\" class=\"elementor-item\">Preguntas para el equipo de atenci\u00f3n oncol\u00f3gica y el equipo de atenci\u00f3n a la fertilidad<\/a><\/li>\n<\/ul>\t\t\t<\/nav>\n\t\t\t\t\t\t<nav class=\"elementor-nav-menu--dropdown elementor-nav-menu__container\" aria-hidden=\"true\">\n\t\t\t\t<ul id=\"menu-2-485aaf1f\" class=\"elementor-nav-menu sm-vertical\"><li class=\"menu-item menu-item-type-post_type menu-item-object-page menu-item-8511\"><a href=\"https:\/\/cancerfertilityandme.org.uk\/young-women\/fertility-preservation\/\" class=\"elementor-item\" tabindex=\"-1\">Preservaci\u00f3n de la fertilidad<\/a><\/li>\n<li class=\"menu-item menu-item-type-post_type menu-item-object-page menu-item-8514\"><a href=\"https:\/\/cancerfertilityandme.org.uk\/young-women\/fertility-preservation\/no-fertility-preservation\/\" class=\"elementor-item\" tabindex=\"-1\">No preservar la fertilidad<\/a><\/li>\n<li class=\"menu-item menu-item-type-post_type menu-item-object-page menu-item-8512\"><a href=\"https:\/\/cancerfertilityandme.org.uk\/young-women\/fertility-preservation\/egg-freezing\/\" class=\"elementor-item\" tabindex=\"-1\">Congelaci\u00f3n de \u00f3vulos<\/a><\/li>\n<li class=\"menu-item menu-item-type-post_type menu-item-object-page menu-item-8513\"><a href=\"https:\/\/cancerfertilityandme.org.uk\/young-women\/fertility-preservation\/embryo-freezing\/\" class=\"elementor-item\" tabindex=\"-1\">Congelaci\u00f3n de embriones<\/a><\/li>\n<li class=\"menu-item menu-item-type-post_type menu-item-object-page menu-item-8518\"><a href=\"https:\/\/cancerfertilityandme.org.uk\/young-women\/fertility-preservation\/ovarian-tissue-freezing\/\" class=\"elementor-item\" tabindex=\"-1\">Congelaci\u00f3n de tejido ov\u00e1rico<\/a><\/li>\n<li class=\"menu-item menu-item-type-post_type menu-item-object-page menu-item-8515\"><a href=\"https:\/\/cancerfertilityandme.org.uk\/young-women\/fertility-preservation\/ovarian-suppression\/\" class=\"elementor-item\" tabindex=\"-1\">Supresi\u00f3n Ov\u00e1rica<\/a><\/li>\n<li class=\"menu-item menu-item-type-post_type menu-item-object-page menu-item-8519\"><a href=\"https:\/\/cancerfertilityandme.org.uk\/young-women\/fertility-preservation\/fertility-sparing-procedures\/\" class=\"elementor-item\" tabindex=\"-1\">Procedimientos de preservaci\u00f3n de la fertilidad espec\u00edficos para determinados c\u00e1nceres<\/a><\/li>\n<li class=\"menu-item menu-item-type-post_type menu-item-object-page menu-item-8520\"><a href=\"https:\/\/cancerfertilityandme.org.uk\/young-women\/fertility-preservation\/financial-costs\/\" class=\"elementor-item\" tabindex=\"-1\">Costos financieros<\/a><\/li>\n<li class=\"menu-item menu-item-type-post_type menu-item-object-page menu-item-8521\"><a href=\"https:\/\/cancerfertilityandme.org.uk\/young-women\/fertility-preservation\/summary-of-options\/\" class=\"elementor-item\" tabindex=\"-1\">Resumen de opciones<\/a><\/li>\n<li class=\"menu-item menu-item-type-post_type menu-item-object-page menu-item-8522\"><a href=\"https:\/\/cancerfertilityandme.org.uk\/young-women\/fertility-preservation\/questions-to-ask-about-fertility-preservation\/\" class=\"elementor-item\" tabindex=\"-1\">Preguntas para el equipo de atenci\u00f3n oncol\u00f3gica y el equipo de atenci\u00f3n a la fertilidad<\/a><\/li>\n<\/ul>\t\t\t<\/nav>\n\t\t\t\t\t\t<\/div>\n\t\t\t\t<\/div>\n\t\t\t\t<\/div>\n\t\t\t\t<\/div>\n\t\t\t\t\t<\/div>\n\t\t\t\t<\/main>\n\t\t\t\t<\/div>\n\t\t","protected":false},"excerpt":{"rendered":"<p>Congelaci\u00f3n de embriones Esta opci\u00f3n consiste en extraer \u00f3vulos maduros del ovario de la mujer y fecundarlos con esperma mediante fecundaci\u00f3n in vitro (FIV). Esto se hace en un laboratorio. Los \u00f3vulos fecundados (embriones) se congelan y almacenan para su uso futuro. Cuando una mujer joven est\u00e1 preparada para quedarse embarazada, los embriones almacenados se [&hellip;]<\/p>\n","protected":false},"author":1,"featured_media":0,"parent":7859,"menu_order":0,"comment_status":"open","ping_status":"closed","template":"","meta":{"footnotes":""},"class_list":["post-7863","page","type-page","status-publish","hentry"],"_links":{"self":[{"href":"https:\/\/cancerfertilityandme.org.uk\/es\/wp-json\/wp\/v2\/pages\/7863","targetHints":{"allow":["GET"]}}],"collection":[{"href":"https:\/\/cancerfertilityandme.org.uk\/es\/wp-json\/wp\/v2\/pages"}],"about":[{"href":"https:\/\/cancerfertilityandme.org.uk\/es\/wp-json\/wp\/v2\/types\/page"}],"author":[{"embeddable":true,"href":"https:\/\/cancerfertilityandme.org.uk\/es\/wp-json\/wp\/v2\/users\/1"}],"replies":[{"embeddable":true,"href":"https:\/\/cancerfertilityandme.org.uk\/es\/wp-json\/wp\/v2\/comments?post=7863"}],"version-history":[{"count":2,"href":"https:\/\/cancerfertilityandme.org.uk\/es\/wp-json\/wp\/v2\/pages\/7863\/revisions"}],"predecessor-version":[{"id":10137,"href":"https:\/\/cancerfertilityandme.org.uk\/es\/wp-json\/wp\/v2\/pages\/7863\/revisions\/10137"}],"up":[{"embeddable":true,"href":"https:\/\/cancerfertilityandme.org.uk\/es\/wp-json\/wp\/v2\/pages\/7859"}],"wp:attachment":[{"href":"https:\/\/cancerfertilityandme.org.uk\/es\/wp-json\/wp\/v2\/media?parent=7863"}],"curies":[{"name":"wp","href":"https:\/\/api.w.org\/{rel}","templated":true}]}}