{"id":7861,"date":"2023-04-02T16:26:01","date_gmt":"2023-04-02T16:26:01","guid":{"rendered":"https:\/\/cancerfertilityandme.org.uk\/congelacion-de-ovulos\/"},"modified":"2026-02-02T15:41:14","modified_gmt":"2026-02-02T15:41:14","slug":"congelacion-de-ovulos","status":"publish","type":"page","link":"https:\/\/cancerfertilityandme.org.uk\/es\/mujeres-jovenes\/preservacion-de-la-fertilidad\/congelacion-de-ovulos\/","title":{"rendered":"Congelaci\u00f3n de \u00f3vulos"},"content":{"rendered":"\t\t<div data-elementor-type=\"wp-page\" data-elementor-id=\"7861\" class=\"elementor elementor-7861 elementor-7751\" data-elementor-post-type=\"page\">\n\t\t\t\t<main class=\"elementor-element elementor-element-5d1c6a0f e-flex e-con-boxed e-con e-parent\" data-id=\"5d1c6a0f\" data-element_type=\"container\" data-e-type=\"container\">\n\t\t\t\t\t<div class=\"e-con-inner\">\n\t\t<div class=\"elementor-element elementor-element-3e5f9a8a e-con-full e-flex e-con e-child\" data-id=\"3e5f9a8a\" data-element_type=\"container\" data-e-type=\"container\">\n\t\t\t\t<div class=\"elementor-element elementor-element-23ff4d9e elementor-widget elementor-widget-text-editor\" data-id=\"23ff4d9e\" data-element_type=\"widget\" data-e-type=\"widget\" data-widget_type=\"text-editor.default\">\n\t\t\t\t<div class=\"elementor-widget-container\">\n\t\t\t\t\t\t\t\t\t<h2>Congelaci\u00f3n de \u00f3vulos<\/h2><p><strong>Esta opci\u00f3n consiste en extraer el \u00f3vulo maduro de los ovarios y congelarlo. Este proceso se conoce como \u00abbanco de \u00f3vulos\u00bb. Cuando la joven est\u00e1 preparada para quedarse embarazada, los \u00f3vulos almacenados se fecundan con los espermatozoides y se vuelven a colocar en el \u00fatero.  <\/strong><\/p><p><strong>\u00bfA qui\u00e9n va dirigido?<\/strong><\/p><p>A mujeres que quieren preservar su fertilidad y que han pasado por la pubertad. They may also: <\/p><ul><li>No quieren utilizar el esperma de un donante.<\/li><li>No quieren elegir la congelaci\u00f3n de embriones por sus creencias.<\/li><li>Tienen tiempo para realizar este procedimiento de preservaci\u00f3n de la fertilidad antes de comenzar el tratamiento contra el c\u00e1ncer.<\/li><\/ul><p>Para algunas mujeres que padecen c\u00e1ncer de pelvis, puede no ser seguro realizar la congelaci\u00f3n de \u00f3vulos debido a la posibilidad de propagaci\u00f3n del c\u00e1ncer.<\/p><p><strong>\u00bfQu\u00e9 requiere?<\/strong><\/p><p>Necesitar\u00e1s inyecciones de hormonas para estimular los ovarios (estimulaci\u00f3n ov\u00e1rica) durante unas dos semanas. A continuaci\u00f3n, los \u00f3vulos se recogen mediante una fina aguja . Esto se hace bajo anestesia y puedes recibir el alta hospitalaria en pocas horas.  <\/p><p>Como la congelaci\u00f3n de \u00f3vulos afecta s\u00f3lo a la mujer, no es necesario el consentimiento de la pareja para utilizar los \u00f3vulos almacenados en el futuro. Los \u00f3vulos congelados pueden almacenarse durante 10 a\u00f1os y esto se puede aumentar por per\u00edodos de 10 a\u00f1os (hasta 55 a\u00f1os en total) en algunas situaciones. <\/p><p><strong>\u00bfQu\u00e9 posibilidades hay de tener un beb\u00e9 tras la congelaci\u00f3n de \u00f3vulos?<\/strong><\/p><p>El n\u00famero de pacientes con c\u00e1ncer que han utilizado \u00f3vulos congelados es peque\u00f1o y es dif\u00edcil saber con certeza la probabilidad de que la congelaci\u00f3n de \u00f3vulos d\u00e9 lugar a un parto exitoso. La mayor\u00eda de los datos proceden de mujeres sin c\u00e1ncer que han utilizado sus propios \u00f3vulos congelados o los de donantes para tener un beb\u00e9. <\/p><p>La posibilidad de tener un beb\u00e9 despu\u00e9s de la congelaci\u00f3n de \u00f3vulos depende de varios factores.<\/p><ul><li>Tu edad en el momento de la recogida de \u00f3vulos. Las mujeres j\u00f3venes menores de 35 a\u00f1os tienen m\u00e1s posibilidades.<\/li><li>El n\u00famero de \u00f3vulos recogidos. Las mujeres que han recogido m\u00e1s \u00f3vulos tienen m\u00e1s posibilidades.<\/li><li>La cl\u00ednica de fertilidad donde se congelaron los \u00f3vulos.<\/li><li>El uso de la congelaci\u00f3n lenta o vitrificaci\u00f3n para congelar y almacenar los \u00f3vulos.<\/li><\/ul><p>Overall, if a young woman under 35 has 10 eggs stored, these will give her a 4 in 10 (40%) chance of having a baby. Some young women may not be able to freeze as many as 10 eggs, which will lower the chances of having a baby. You may also see success rates elsewhere that appear lower. These lower success rates may be based upon one cycle of IVF treatment using fewer frozen eggs.   <\/p><p>Para obtener m\u00e1s informaci\u00f3n sobre las tasas medias de \u00e9xito a nivel nacional y el n\u00famero de nacidos vivos con \u00e9xito de cada cl\u00ednica de fertilidad autorizada, visita el sitio web de la Autoridad de Fertilizaci\u00f3n Humana y Embriolog\u00eda (HFEA) <a href=\"https:\/\/www.hfea.gov.uk\/\" target=\"_blank\" rel=\"noopener\">www.hfea.gov.uk<\/a>.<\/p><p><strong>\u00bfAfectar\u00e1 esta opci\u00f3n a la salud del beb\u00e9?<\/strong><\/p><p>No, los datos sugieren que la salud de un beb\u00e9 nacido con ovulos congelados no se ver\u00e1 afectada.<\/p><p><strong>\u00bfExisten efectos secundarios tras el tratamiento de fertilidad utilizado en la congelaci\u00f3n de \u00f3vulos?<\/strong><\/p><p>Los f\u00e1rmacos de fertilidad utilizados para estimular los ovarios pueden provocar efectos secundarios, como dolores de cabeza, cambios de humor, sofocos e irritaci\u00f3n de la piel. Los f\u00e1rmacos para la fertilidad tambi\u00e9n pueden provocar una sobreestimulaci\u00f3n de los ovarios, lo que puede dar lugar a un trastorno denominado s\u00edndrome de hiperestimulaci\u00f3n ov\u00e1rica (SHO). Una vez que haya comenzado el tratamiento, pregunta a tu equipo de atenci\u00f3n a la fertilidad sobre los s\u00edntomas de esta afecci\u00f3n y c\u00f3mo ponerte en contacto con ellos en caso necesario.  <\/p><p>Cuando se estimulan los ovarios para que produzcan muchos \u00f3vulos, aumentan los niveles de la hormona del estr\u00f3geno. Esto puede ser un riesgo para las mujeres j\u00f3venes que tienen c\u00e1ncer de mama sensible a los estr\u00f3genos. A estas mujeres se les puede administrar un medicamento llamado Letrozol (Femara).  <\/p><p>En el momento de la recogida de los \u00f3vulos existe la posibilidad de que se produzcan hemorragias, infecciones y escozor en los intestinos, pero esto es poco frecuente.<br>Puede haber una preocupaci\u00f3n para las mujeres con tumores p\u00e9lvicos, donde puede haber una fuga de c\u00e9lulas cancerosas del ovario al abdomen despu\u00e9s de la recogida de \u00f3vulos.<\/p><p><strong>\u00bfEsta opci\u00f3n retrasar\u00e1 el inicio de mi tratamiento contra el c\u00e1ncer?<\/strong><\/p><p>Desde el inicio de la estimulaci\u00f3n ov\u00e1rica hasta el momento de la recogida de los \u00f3vulos transcurren unas dos semanas. Esto puede suponer cierto retraso en el inicio de tu tratamiento contra el c\u00e1ncer. <\/p><p>La congelaci\u00f3n de \u00f3vulos puede no ser una opci\u00f3n para las mujeres con c\u00e1nceres como la leucemia, algunos linfomas y sarcomas, ya que pueden necesitar un tratamiento inmediato. Si se produce el s\u00edndrome de hiperestimulaci\u00f3n ov\u00e1rica, esto puede provocar un mayor retraso en el inicio del tratamiento contra el c\u00e1ncer. <\/p><p><strong>\u00bfAfectar\u00e1 esta opci\u00f3n a las probabilidades de que el c\u00e1ncer vuelva a desarrollarse?<\/strong><\/p><p>No hay datos que sugieran que la congelaci\u00f3n de \u00f3vulos afecte a las posibilidades de que los tumores crezcan o vuelvan a desarrollarse.<\/p>\t\t\t\t\t\t\t\t<\/div>\n\t\t\t\t<\/div>\n\t\t\t\t<\/div>\n\t\t<div class=\"elementor-element elementor-element-e43bed7 e-con-full e-flex e-con e-child\" data-id=\"e43bed7\" data-element_type=\"container\" data-e-type=\"container\">\n\t\t<div class=\"elementor-element elementor-element-16240a94 e-con-full e-flex e-con e-child\" data-id=\"16240a94\" data-element_type=\"container\" data-e-type=\"container\">\n\t\t\t\t<div class=\"elementor-element elementor-element-12f97895 elementor-widget elementor-widget-image\" data-id=\"12f97895\" data-element_type=\"widget\" data-e-type=\"widget\" data-widget_type=\"image.default\">\n\t\t\t\t<div class=\"elementor-widget-container\">\n\t\t\t\t\t\t\t\t\t\t\t\t\t\t\t\t<a href=\"http:\/\/.\/\">\n\t\t\t\t\t\t\t<img decoding=\"async\" width=\"200\" height=\"200\" src=\"https:\/\/cancerfertilityandme.org.uk\/wp-content\/uploads\/cancerfertilityandme-logo-header-young-women.png\" class=\"attachment-full size-full wp-image-333\" alt=\"\" srcset=\"https:\/\/cancerfertilityandme.org.uk\/wp-content\/uploads\/cancerfertilityandme-logo-header-young-women.png 200w, https:\/\/cancerfertilityandme.org.uk\/wp-content\/uploads\/cancerfertilityandme-logo-header-young-women-150x150.png 150w, https:\/\/cancerfertilityandme.org.uk\/wp-content\/uploads\/elementor\/thumbs\/cancerfertilityandme-logo-header-young-women-r4vfcv1ro149or8nkxzol3x986uodd6lq6no4gpb6w.png 100w\" sizes=\"(max-width: 200px) 100vw, 200px\" \/>\t\t\t\t\t\t\t\t<\/a>\n\t\t\t\t\t\t\t\t\t\t\t\t\t\t\t<\/div>\n\t\t\t\t<\/div>\n\t\t\t\t<\/div>\n\t\t<div class=\"elementor-element elementor-element-439b1874 e-con-full e-flex e-con e-child\" data-id=\"439b1874\" data-element_type=\"container\" data-e-type=\"container\">\n\t\t\t\t<div class=\"elementor-element elementor-element-4cb143 elementor-widget elementor-widget-heading\" data-id=\"4cb143\" data-element_type=\"widget\" data-e-type=\"widget\" data-widget_type=\"heading.default\">\n\t\t\t\t<div class=\"elementor-widget-container\">\n\t\t\t\t\t<h3 class=\"elementor-heading-title elementor-size-default\">Siga estos enlaces para obtener m\u00e1s informaci\u00f3n<\/h3>\t\t\t\t<\/div>\n\t\t\t\t<\/div>\n\t\t\t\t<div class=\"elementor-element elementor-element-1d9006c8 elementor-nav-menu--dropdown-none elementor-widget elementor-widget-nav-menu\" data-id=\"1d9006c8\" data-element_type=\"widget\" data-e-type=\"widget\" data-settings=\"{&quot;layout&quot;:&quot;vertical&quot;,&quot;submenu_icon&quot;:{&quot;value&quot;:&quot;&lt;svg aria-hidden=\\&quot;true\\&quot; class=\\&quot;e-font-icon-svg e-fas-caret-down\\&quot; viewBox=\\&quot;0 0 320 512\\&quot; xmlns=\\&quot;http:\\\/\\\/www.w3.org\\\/2000\\\/svg\\&quot;&gt;&lt;path d=\\&quot;M31.3 192h257.3c17.8 0 26.7 21.5 14.1 34.1L174.1 354.8c-7.8 7.8-20.5 7.8-28.3 0L17.2 226.1C4.6 213.5 13.5 192 31.3 192z\\&quot;&gt;&lt;\\\/path&gt;&lt;\\\/svg&gt;&quot;,&quot;library&quot;:&quot;fa-solid&quot;}}\" data-widget_type=\"nav-menu.default\">\n\t\t\t\t<div class=\"elementor-widget-container\">\n\t\t\t\t\t\t\t\t<nav aria-label=\"Menu\" class=\"elementor-nav-menu--main elementor-nav-menu__container elementor-nav-menu--layout-vertical e--pointer-none\">\n\t\t\t\t<ul id=\"menu-1-1d9006c8\" class=\"elementor-nav-menu sm-vertical\"><li class=\"menu-item menu-item-type-post_type menu-item-object-page menu-item-8511\"><a href=\"https:\/\/cancerfertilityandme.org.uk\/young-women\/fertility-preservation\/\" class=\"elementor-item\">Preservaci\u00f3n de la fertilidad<\/a><\/li>\n<li class=\"menu-item menu-item-type-post_type menu-item-object-page menu-item-8514\"><a href=\"https:\/\/cancerfertilityandme.org.uk\/young-women\/fertility-preservation\/no-fertility-preservation\/\" class=\"elementor-item\">No preservar la fertilidad<\/a><\/li>\n<li class=\"menu-item menu-item-type-post_type menu-item-object-page menu-item-8512\"><a href=\"https:\/\/cancerfertilityandme.org.uk\/young-women\/fertility-preservation\/egg-freezing\/\" class=\"elementor-item\">Congelaci\u00f3n de \u00f3vulos<\/a><\/li>\n<li class=\"menu-item menu-item-type-post_type menu-item-object-page menu-item-8513\"><a href=\"https:\/\/cancerfertilityandme.org.uk\/young-women\/fertility-preservation\/embryo-freezing\/\" class=\"elementor-item\">Congelaci\u00f3n de embriones<\/a><\/li>\n<li class=\"menu-item menu-item-type-post_type menu-item-object-page menu-item-8518\"><a href=\"https:\/\/cancerfertilityandme.org.uk\/young-women\/fertility-preservation\/ovarian-tissue-freezing\/\" class=\"elementor-item\">Congelaci\u00f3n de tejido ov\u00e1rico<\/a><\/li>\n<li class=\"menu-item menu-item-type-post_type menu-item-object-page menu-item-8515\"><a href=\"https:\/\/cancerfertilityandme.org.uk\/young-women\/fertility-preservation\/ovarian-suppression\/\" class=\"elementor-item\">Supresi\u00f3n Ov\u00e1rica<\/a><\/li>\n<li class=\"menu-item menu-item-type-post_type menu-item-object-page menu-item-8519\"><a href=\"https:\/\/cancerfertilityandme.org.uk\/young-women\/fertility-preservation\/fertility-sparing-procedures\/\" class=\"elementor-item\">Procedimientos de preservaci\u00f3n de la fertilidad espec\u00edficos para determinados c\u00e1nceres<\/a><\/li>\n<li class=\"menu-item menu-item-type-post_type menu-item-object-page menu-item-8520\"><a href=\"https:\/\/cancerfertilityandme.org.uk\/young-women\/fertility-preservation\/financial-costs\/\" class=\"elementor-item\">Costos financieros<\/a><\/li>\n<li class=\"menu-item menu-item-type-post_type menu-item-object-page menu-item-8521\"><a href=\"https:\/\/cancerfertilityandme.org.uk\/young-women\/fertility-preservation\/summary-of-options\/\" class=\"elementor-item\">Resumen de opciones<\/a><\/li>\n<li class=\"menu-item menu-item-type-post_type menu-item-object-page menu-item-8522\"><a href=\"https:\/\/cancerfertilityandme.org.uk\/young-women\/fertility-preservation\/questions-to-ask-about-fertility-preservation\/\" class=\"elementor-item\">Preguntas para el equipo de atenci\u00f3n oncol\u00f3gica y el equipo de atenci\u00f3n a la fertilidad<\/a><\/li>\n<\/ul>\t\t\t<\/nav>\n\t\t\t\t\t\t<nav class=\"elementor-nav-menu--dropdown elementor-nav-menu__container\" aria-hidden=\"true\">\n\t\t\t\t<ul id=\"menu-2-1d9006c8\" class=\"elementor-nav-menu sm-vertical\"><li class=\"menu-item menu-item-type-post_type menu-item-object-page menu-item-8511\"><a href=\"https:\/\/cancerfertilityandme.org.uk\/young-women\/fertility-preservation\/\" class=\"elementor-item\" tabindex=\"-1\">Preservaci\u00f3n de la fertilidad<\/a><\/li>\n<li class=\"menu-item menu-item-type-post_type menu-item-object-page menu-item-8514\"><a href=\"https:\/\/cancerfertilityandme.org.uk\/young-women\/fertility-preservation\/no-fertility-preservation\/\" class=\"elementor-item\" tabindex=\"-1\">No preservar la fertilidad<\/a><\/li>\n<li class=\"menu-item menu-item-type-post_type menu-item-object-page menu-item-8512\"><a href=\"https:\/\/cancerfertilityandme.org.uk\/young-women\/fertility-preservation\/egg-freezing\/\" class=\"elementor-item\" tabindex=\"-1\">Congelaci\u00f3n de \u00f3vulos<\/a><\/li>\n<li class=\"menu-item menu-item-type-post_type menu-item-object-page menu-item-8513\"><a href=\"https:\/\/cancerfertilityandme.org.uk\/young-women\/fertility-preservation\/embryo-freezing\/\" class=\"elementor-item\" tabindex=\"-1\">Congelaci\u00f3n de embriones<\/a><\/li>\n<li class=\"menu-item menu-item-type-post_type menu-item-object-page menu-item-8518\"><a href=\"https:\/\/cancerfertilityandme.org.uk\/young-women\/fertility-preservation\/ovarian-tissue-freezing\/\" class=\"elementor-item\" tabindex=\"-1\">Congelaci\u00f3n de tejido ov\u00e1rico<\/a><\/li>\n<li class=\"menu-item menu-item-type-post_type menu-item-object-page menu-item-8515\"><a href=\"https:\/\/cancerfertilityandme.org.uk\/young-women\/fertility-preservation\/ovarian-suppression\/\" class=\"elementor-item\" tabindex=\"-1\">Supresi\u00f3n Ov\u00e1rica<\/a><\/li>\n<li class=\"menu-item menu-item-type-post_type menu-item-object-page menu-item-8519\"><a href=\"https:\/\/cancerfertilityandme.org.uk\/young-women\/fertility-preservation\/fertility-sparing-procedures\/\" class=\"elementor-item\" tabindex=\"-1\">Procedimientos de preservaci\u00f3n de la fertilidad espec\u00edficos para determinados c\u00e1nceres<\/a><\/li>\n<li class=\"menu-item menu-item-type-post_type menu-item-object-page menu-item-8520\"><a href=\"https:\/\/cancerfertilityandme.org.uk\/young-women\/fertility-preservation\/financial-costs\/\" class=\"elementor-item\" tabindex=\"-1\">Costos financieros<\/a><\/li>\n<li class=\"menu-item menu-item-type-post_type menu-item-object-page menu-item-8521\"><a href=\"https:\/\/cancerfertilityandme.org.uk\/young-women\/fertility-preservation\/summary-of-options\/\" class=\"elementor-item\" tabindex=\"-1\">Resumen de opciones<\/a><\/li>\n<li class=\"menu-item menu-item-type-post_type menu-item-object-page menu-item-8522\"><a href=\"https:\/\/cancerfertilityandme.org.uk\/young-women\/fertility-preservation\/questions-to-ask-about-fertility-preservation\/\" class=\"elementor-item\" tabindex=\"-1\">Preguntas para el equipo de atenci\u00f3n oncol\u00f3gica y el equipo de atenci\u00f3n a la fertilidad<\/a><\/li>\n<\/ul>\t\t\t<\/nav>\n\t\t\t\t\t\t<\/div>\n\t\t\t\t<\/div>\n\t\t\t\t<\/div>\n\t\t\t\t<\/div>\n\t\t\t\t\t<\/div>\n\t\t\t\t<\/main>\n\t\t\t\t<\/div>\n\t\t","protected":false},"excerpt":{"rendered":"<p>Congelaci\u00f3n de \u00f3vulos Esta opci\u00f3n consiste en extraer el \u00f3vulo maduro de los ovarios y congelarlo. Este proceso se conoce como \u00abbanco de \u00f3vulos\u00bb. Cuando la joven est\u00e1 preparada para quedarse embarazada, los \u00f3vulos almacenados se fecundan con los espermatozoides y se vuelven a colocar en el \u00fatero. \u00bfA qui\u00e9n va dirigido? A mujeres que [&hellip;]<\/p>\n","protected":false},"author":1,"featured_media":0,"parent":7859,"menu_order":0,"comment_status":"open","ping_status":"closed","template":"","meta":{"footnotes":""},"class_list":["post-7861","page","type-page","status-publish","hentry"],"_links":{"self":[{"href":"https:\/\/cancerfertilityandme.org.uk\/es\/wp-json\/wp\/v2\/pages\/7861","targetHints":{"allow":["GET"]}}],"collection":[{"href":"https:\/\/cancerfertilityandme.org.uk\/es\/wp-json\/wp\/v2\/pages"}],"about":[{"href":"https:\/\/cancerfertilityandme.org.uk\/es\/wp-json\/wp\/v2\/types\/page"}],"author":[{"embeddable":true,"href":"https:\/\/cancerfertilityandme.org.uk\/es\/wp-json\/wp\/v2\/users\/1"}],"replies":[{"embeddable":true,"href":"https:\/\/cancerfertilityandme.org.uk\/es\/wp-json\/wp\/v2\/comments?post=7861"}],"version-history":[{"count":2,"href":"https:\/\/cancerfertilityandme.org.uk\/es\/wp-json\/wp\/v2\/pages\/7861\/revisions"}],"predecessor-version":[{"id":10129,"href":"https:\/\/cancerfertilityandme.org.uk\/es\/wp-json\/wp\/v2\/pages\/7861\/revisions\/10129"}],"up":[{"embeddable":true,"href":"https:\/\/cancerfertilityandme.org.uk\/es\/wp-json\/wp\/v2\/pages\/7859"}],"wp:attachment":[{"href":"https:\/\/cancerfertilityandme.org.uk\/es\/wp-json\/wp\/v2\/media?parent=7861"}],"curies":[{"name":"wp","href":"https:\/\/api.w.org\/{rel}","templated":true}]}}