{"id":7834,"date":"2023-04-02T15:36:14","date_gmt":"2023-04-02T15:36:14","guid":{"rendered":"https:\/\/cancerfertilityandme.org.uk\/el-cancer-y-la-fertilidad\/"},"modified":"2026-03-10T13:22:13","modified_gmt":"2026-03-10T13:22:13","slug":"el-cancer-y-la-fertilidad","status":"publish","type":"page","link":"https:\/\/cancerfertilityandme.org.uk\/es\/mujeres-jovenes\/el-cancer-y-la-fertilidad\/","title":{"rendered":"El c\u00e1ncer y la fertilidad"},"content":{"rendered":"\t\t<div data-elementor-type=\"wp-page\" data-elementor-id=\"7834\" class=\"elementor elementor-7834 elementor-7729\" data-elementor-post-type=\"page\">\n\t\t\t\t<main class=\"elementor-element elementor-element-44a9b619 e-flex e-con-boxed e-con e-parent\" data-id=\"44a9b619\" data-element_type=\"container\" data-e-type=\"container\">\n\t\t\t\t\t<div class=\"e-con-inner\">\n\t\t<div class=\"elementor-element elementor-element-15b1e5fa e-con-full e-flex e-con e-child\" data-id=\"15b1e5fa\" data-element_type=\"container\" data-e-type=\"container\">\n\t\t\t\t<div class=\"elementor-element elementor-element-4fe71deb elementor-widget elementor-widget-text-editor\" data-id=\"4fe71deb\" data-element_type=\"widget\" data-e-type=\"widget\" data-widget_type=\"text-editor.default\">\n\t\t\t\t<div class=\"elementor-widget-container\">\n\t\t\t\t\t\t\t\t\t<h2>C\u00f3mo afectan los tratamientos contra el c\u00e1ncer a la fertilidad<\/h2><p><strong>C\u00e1nceres el nombre que reciben las enfermedades causadas por c\u00e9lulas del cuerpo que se dividen sin parar..<\/strong><\/p><p>formando tumores y desplaz\u00e1ndose a partes del cuerpo donde no son necesarias<\/p><p>Los tratamientos contra el c\u00e1ncer intentan eliminar el c\u00e1ncer y evitar que vuelva a desarrollarse. Los principales tratamientos son la quimioterapia, la radioterapia, la cirug\u00eda, la terapia hormonal y la terapia farmacol\u00f3gica dirigida. <\/p><p>La mayor\u00eda de los tratamientos contra el c\u00e1ncer tienen efectos secundarios causados por los tratamientos que afectan al tejido sano Muchos efectos secundarios duran poco tiempo durante y despu\u00e9s del tratamiento. En mujeres, uno de estos efectos secundarios puede ser la reducci\u00f3n de la fertilidad, lo que significa que la mujer puede tener dificultades para quedarse embarazada en el futuro.  <\/p><p>Las partes del cuerpo de una mujer que intervienen en la fertilidad forman parte del \u00absistema reproductor\u00bb (v\u00e9ase la imagen).<\/p>\t\t\t\t\t\t\t\t<\/div>\n\t\t\t\t<\/div>\n\t\t\t\t<div class=\"elementor-element elementor-element-c591403 elementor-widget elementor-widget-image\" data-id=\"c591403\" data-element_type=\"widget\" data-e-type=\"widget\" data-widget_type=\"image.default\">\n\t\t\t\t<div class=\"elementor-widget-container\">\n\t\t\t\t\t\t\t\t\t\t\t\t\t\t\t<img fetchpriority=\"high\" decoding=\"async\" width=\"736\" height=\"585\" src=\"https:\/\/cancerfertilityandme.org.uk\/wp-content\/uploads\/diagram-femaile-reproductive-system@2x.png\" class=\"attachment-large size-large wp-image-7737\" alt=\"La sistema reproductivo femenino\" srcset=\"https:\/\/cancerfertilityandme.org.uk\/wp-content\/uploads\/diagram-femaile-reproductive-system@2x.png 736w, https:\/\/cancerfertilityandme.org.uk\/wp-content\/uploads\/diagram-femaile-reproductive-system@2x-300x238.png 300w\" sizes=\"(max-width: 736px) 100vw, 736px\" \/>\t\t\t\t\t\t\t\t\t\t\t\t\t\t\t<\/div>\n\t\t\t\t<\/div>\n\t\t\t\t<div class=\"elementor-element elementor-element-c503139 elementor-widget elementor-widget-text-editor\" data-id=\"c503139\" data-element_type=\"widget\" data-e-type=\"widget\" data-widget_type=\"text-editor.default\">\n\t\t\t\t<div class=\"elementor-widget-container\">\n\t\t\t\t\t\t\t\t\t<p>Las partes b\u00e1sicas del sistema reproductor son:<\/p><ol><li><strong>Los Ovarios:<\/strong> estos dos \u00f3rganos est\u00e1n situados a ambos lados del \u00fatero en el interior del cuerpo de la mujer, entre las caderas (pelvis). Los ovarios producen \u00f3vulos y las hormonas necesarias para tener un beb\u00e9. Estos \u00f3vulos viajan por las trompas de Falopio hasta el \u00fatero  <\/li><li><strong>El \u00f3vulo<\/strong> (ovocito) \u2013 es la c\u00e9lula reproductora femenina que, tras la fecundaci\u00f3n con los espermatozoides, puede convertirse en un ni\u00f1o.<\/li><li><strong>Las trompas de Falopio:<\/strong> son los dos tubos que conectan cada ovario con el \u00fatero (matriz) y es aqu\u00ed donde el \u00f3vulo es fecundado por el esperma del hombre.<\/li><li>La matriz (\u00fatero): se encuentra en el interior de la pelvis y es donde se desarrolla el embarazo.<\/li><li><strong>El cuello uterino: <\/strong>la abertura del \u00fatero que permite que la sangre menstrual salga del cuerpo (ciclos menstruales) y que la mujer d\u00e9 a luz a un beb\u00e9.<\/li><li><strong>La vagina<\/strong> (canal de parto): la abertura entre la parte inferior del cuello uterino y el exterior del cuerpo.<\/li><li><strong>La vulva<\/strong>: la zona exterior a la vagina.<\/li><\/ol><p><strong>Los tratamientos contra el c\u00e1ncer pueden afectar a la fertilidad:<\/strong><\/p><ul><li>Al da\u00f1ar o reducir el n\u00famero de \u00f3vulos almacenados en los ovarios.<\/li><li>Al da\u00f1ar una parte del cuerpo que controla las hormonas de la fertilidad.<\/li><li>Al da\u00f1ar o eliminar una parte del aparato reproductor femenino.<\/li><\/ul><p>Las formas en que los tratamientos contra el c\u00e1ncer afectan a la fertilidad dependen del tipo de c\u00e1ncer y del tratamiento que se le aplique.<\/p><p>Sin embargo, no todas las mujeres j\u00f3venes que reciben tratamiento contra el c\u00e1ncer tendr\u00e1n problemas de fertilidad en el futuro.<br><\/p>\t\t\t\t\t\t\t\t<\/div>\n\t\t\t\t<\/div>\n\t\t\t\t<\/div>\n\t\t<div class=\"elementor-element elementor-element-39c9f397 e-con-full e-flex e-con e-child\" data-id=\"39c9f397\" data-element_type=\"container\" data-e-type=\"container\">\n\t\t<div class=\"elementor-element elementor-element-59edae77 e-con-full e-flex e-con e-child\" data-id=\"59edae77\" data-element_type=\"container\" data-e-type=\"container\">\n\t\t\t\t<div class=\"elementor-element elementor-element-6cd8fdd9 elementor-widget elementor-widget-image\" data-id=\"6cd8fdd9\" data-element_type=\"widget\" data-e-type=\"widget\" data-widget_type=\"image.default\">\n\t\t\t\t<div class=\"elementor-widget-container\">\n\t\t\t\t\t\t\t\t\t\t\t\t\t\t\t\t<a href=\"http:\/\/.\/\">\n\t\t\t\t\t\t\t<img decoding=\"async\" width=\"200\" height=\"200\" src=\"https:\/\/cancerfertilityandme.org.uk\/wp-content\/uploads\/cancerfertilityandme-logo-header-young-women.png\" class=\"attachment-full size-full wp-image-333\" alt=\"\" srcset=\"https:\/\/cancerfertilityandme.org.uk\/wp-content\/uploads\/cancerfertilityandme-logo-header-young-women.png 200w, https:\/\/cancerfertilityandme.org.uk\/wp-content\/uploads\/cancerfertilityandme-logo-header-young-women-150x150.png 150w, https:\/\/cancerfertilityandme.org.uk\/wp-content\/uploads\/elementor\/thumbs\/cancerfertilityandme-logo-header-young-women-r4vfcv1ro149or8nkxzol3x986uodd6lq6no4gpb6w.png 100w\" sizes=\"(max-width: 200px) 100vw, 200px\" \/>\t\t\t\t\t\t\t\t<\/a>\n\t\t\t\t\t\t\t\t\t\t\t\t\t\t\t<\/div>\n\t\t\t\t<\/div>\n\t\t\t\t<\/div>\n\t\t<div class=\"elementor-element elementor-element-6089d09b e-con-full e-flex e-con e-child\" data-id=\"6089d09b\" data-element_type=\"container\" data-e-type=\"container\">\n\t\t\t\t<div class=\"elementor-element elementor-element-7a4826aa elementor-widget elementor-widget-heading\" data-id=\"7a4826aa\" data-element_type=\"widget\" data-e-type=\"widget\" data-widget_type=\"heading.default\">\n\t\t\t\t<div class=\"elementor-widget-container\">\n\t\t\t\t\t<h3 class=\"elementor-heading-title elementor-size-default\">Siga estos enlaces para obtener m\u00e1s informaci\u00f3n<\/h3>\t\t\t\t<\/div>\n\t\t\t\t<\/div>\n\t\t\t\t<div class=\"elementor-element elementor-element-79ec685c elementor-nav-menu--dropdown-none elementor-widget elementor-widget-nav-menu\" data-id=\"79ec685c\" data-element_type=\"widget\" data-e-type=\"widget\" data-settings=\"{&quot;layout&quot;:&quot;vertical&quot;,&quot;submenu_icon&quot;:{&quot;value&quot;:&quot;&lt;svg aria-hidden=\\&quot;true\\&quot; class=\\&quot;e-font-icon-svg e-fas-caret-down\\&quot; viewBox=\\&quot;0 0 320 512\\&quot; xmlns=\\&quot;http:\\\/\\\/www.w3.org\\\/2000\\\/svg\\&quot;&gt;&lt;path d=\\&quot;M31.3 192h257.3c17.8 0 26.7 21.5 14.1 34.1L174.1 354.8c-7.8 7.8-20.5 7.8-28.3 0L17.2 226.1C4.6 213.5 13.5 192 31.3 192z\\&quot;&gt;&lt;\\\/path&gt;&lt;\\\/svg&gt;&quot;,&quot;library&quot;:&quot;fa-solid&quot;}}\" data-widget_type=\"nav-menu.default\">\n\t\t\t\t<div class=\"elementor-widget-container\">\n\t\t\t\t\t\t\t\t<nav aria-label=\"Menu\" class=\"elementor-nav-menu--main elementor-nav-menu__container elementor-nav-menu--layout-vertical e--pointer-none\">\n\t\t\t\t<ul id=\"menu-1-79ec685c\" class=\"elementor-nav-menu sm-vertical\"><li class=\"menu-item menu-item-type-post_type menu-item-object-page menu-item-8491\"><a href=\"https:\/\/cancerfertilityandme.org.uk\/young-women\/cancer-and-fertility\/\" class=\"elementor-item\">El c\u00e1ncer y la fertilidad<\/a><\/li>\n<li class=\"menu-item menu-item-type-post_type menu-item-object-page menu-item-8494\"><a href=\"https:\/\/cancerfertilityandme.org.uk\/young-women\/cancer-and-fertility\/introduction\/\" class=\"elementor-item\">Introducci\u00f3n<\/a><\/li>\n<li class=\"menu-item menu-item-type-post_type menu-item-object-page menu-item-8492\"><a href=\"https:\/\/cancerfertilityandme.org.uk\/young-women\/cancer-and-fertility\/chemotherapy\/\" class=\"elementor-item\">Chemotherapy<\/a><\/li>\n<li class=\"menu-item menu-item-type-post_type menu-item-object-page menu-item-8495\"><a href=\"https:\/\/cancerfertilityandme.org.uk\/young-women\/cancer-and-fertility\/radiotherapy\/\" class=\"elementor-item\">Radiotherapy<\/a><\/li>\n<li class=\"menu-item menu-item-type-post_type menu-item-object-page menu-item-8496\"><a href=\"https:\/\/cancerfertilityandme.org.uk\/young-women\/cancer-and-fertility\/surgery\/\" class=\"elementor-item\">Cirug\u00eda<\/a><\/li>\n<li class=\"menu-item menu-item-type-post_type menu-item-object-page menu-item-8493\"><a href=\"https:\/\/cancerfertilityandme.org.uk\/young-women\/cancer-and-fertility\/hormone-therapy\/\" class=\"elementor-item\">Terapia hormonal<\/a><\/li>\n<li class=\"menu-item menu-item-type-post_type menu-item-object-page menu-item-8497\"><a href=\"https:\/\/cancerfertilityandme.org.uk\/young-women\/cancer-and-fertility\/targeted-drug-therapies\/\" class=\"elementor-item\">Terapias farmacol\u00f3gicas dirigidas<\/a><\/li>\n<li class=\"menu-item menu-item-type-post_type menu-item-object-page menu-item-8499\"><a href=\"https:\/\/cancerfertilityandme.org.uk\/young-women\/cancer-and-fertility\/other-cancer-treatments\/\" class=\"elementor-item\">Otros tratamientos contra el c\u00e1ncer<\/a><\/li>\n<li class=\"menu-item menu-item-type-post_type menu-item-object-page menu-item-8498\"><a href=\"https:\/\/cancerfertilityandme.org.uk\/young-women\/cancer-and-fertility\/questions-to-ask-about-cancer-and-fertility\/\" class=\"elementor-item\">Preguntas que hacer<\/a><\/li>\n<\/ul>\t\t\t<\/nav>\n\t\t\t\t\t\t<nav class=\"elementor-nav-menu--dropdown elementor-nav-menu__container\" aria-hidden=\"true\">\n\t\t\t\t<ul id=\"menu-2-79ec685c\" class=\"elementor-nav-menu sm-vertical\"><li class=\"menu-item menu-item-type-post_type menu-item-object-page menu-item-8491\"><a href=\"https:\/\/cancerfertilityandme.org.uk\/young-women\/cancer-and-fertility\/\" class=\"elementor-item\" tabindex=\"-1\">El c\u00e1ncer y la fertilidad<\/a><\/li>\n<li class=\"menu-item menu-item-type-post_type menu-item-object-page menu-item-8494\"><a href=\"https:\/\/cancerfertilityandme.org.uk\/young-women\/cancer-and-fertility\/introduction\/\" class=\"elementor-item\" tabindex=\"-1\">Introducci\u00f3n<\/a><\/li>\n<li class=\"menu-item menu-item-type-post_type menu-item-object-page menu-item-8492\"><a href=\"https:\/\/cancerfertilityandme.org.uk\/young-women\/cancer-and-fertility\/chemotherapy\/\" class=\"elementor-item\" tabindex=\"-1\">Chemotherapy<\/a><\/li>\n<li class=\"menu-item menu-item-type-post_type menu-item-object-page menu-item-8495\"><a href=\"https:\/\/cancerfertilityandme.org.uk\/young-women\/cancer-and-fertility\/radiotherapy\/\" class=\"elementor-item\" tabindex=\"-1\">Radiotherapy<\/a><\/li>\n<li class=\"menu-item menu-item-type-post_type menu-item-object-page menu-item-8496\"><a href=\"https:\/\/cancerfertilityandme.org.uk\/young-women\/cancer-and-fertility\/surgery\/\" class=\"elementor-item\" tabindex=\"-1\">Cirug\u00eda<\/a><\/li>\n<li class=\"menu-item menu-item-type-post_type menu-item-object-page menu-item-8493\"><a href=\"https:\/\/cancerfertilityandme.org.uk\/young-women\/cancer-and-fertility\/hormone-therapy\/\" class=\"elementor-item\" tabindex=\"-1\">Terapia hormonal<\/a><\/li>\n<li class=\"menu-item menu-item-type-post_type menu-item-object-page menu-item-8497\"><a href=\"https:\/\/cancerfertilityandme.org.uk\/young-women\/cancer-and-fertility\/targeted-drug-therapies\/\" class=\"elementor-item\" tabindex=\"-1\">Terapias farmacol\u00f3gicas dirigidas<\/a><\/li>\n<li class=\"menu-item menu-item-type-post_type menu-item-object-page menu-item-8499\"><a href=\"https:\/\/cancerfertilityandme.org.uk\/young-women\/cancer-and-fertility\/other-cancer-treatments\/\" class=\"elementor-item\" tabindex=\"-1\">Otros tratamientos contra el c\u00e1ncer<\/a><\/li>\n<li class=\"menu-item menu-item-type-post_type menu-item-object-page menu-item-8498\"><a href=\"https:\/\/cancerfertilityandme.org.uk\/young-women\/cancer-and-fertility\/questions-to-ask-about-cancer-and-fertility\/\" class=\"elementor-item\" tabindex=\"-1\">Preguntas que hacer<\/a><\/li>\n<\/ul>\t\t\t<\/nav>\n\t\t\t\t\t\t<\/div>\n\t\t\t\t<\/div>\n\t\t\t\t<\/div>\n\t\t\t\t<\/div>\n\t\t\t\t\t<\/div>\n\t\t\t\t<\/main>\n\t\t\t\t<\/div>\n\t\t","protected":false},"excerpt":{"rendered":"<p>C\u00f3mo afectan los tratamientos contra el c\u00e1ncer a la fertilidad C\u00e1nceres el nombre que reciben las enfermedades causadas por c\u00e9lulas del cuerpo que se dividen sin parar.. formando tumores y desplaz\u00e1ndose a partes del cuerpo donde no son necesarias Los tratamientos contra el c\u00e1ncer intentan eliminar el c\u00e1ncer y evitar que vuelva a desarrollarse. Los [&hellip;]<\/p>\n","protected":false},"author":1,"featured_media":7737,"parent":7830,"menu_order":0,"comment_status":"open","ping_status":"closed","template":"","meta":{"footnotes":""},"class_list":["post-7834","page","type-page","status-publish","has-post-thumbnail","hentry"],"_links":{"self":[{"href":"https:\/\/cancerfertilityandme.org.uk\/es\/wp-json\/wp\/v2\/pages\/7834","targetHints":{"allow":["GET"]}}],"collection":[{"href":"https:\/\/cancerfertilityandme.org.uk\/es\/wp-json\/wp\/v2\/pages"}],"about":[{"href":"https:\/\/cancerfertilityandme.org.uk\/es\/wp-json\/wp\/v2\/types\/page"}],"author":[{"embeddable":true,"href":"https:\/\/cancerfertilityandme.org.uk\/es\/wp-json\/wp\/v2\/users\/1"}],"replies":[{"embeddable":true,"href":"https:\/\/cancerfertilityandme.org.uk\/es\/wp-json\/wp\/v2\/comments?post=7834"}],"version-history":[{"count":3,"href":"https:\/\/cancerfertilityandme.org.uk\/es\/wp-json\/wp\/v2\/pages\/7834\/revisions"}],"predecessor-version":[{"id":11238,"href":"https:\/\/cancerfertilityandme.org.uk\/es\/wp-json\/wp\/v2\/pages\/7834\/revisions\/11238"}],"up":[{"embeddable":true,"href":"https:\/\/cancerfertilityandme.org.uk\/es\/wp-json\/wp\/v2\/pages\/7830"}],"wp:featuredmedia":[{"embeddable":true,"href":"https:\/\/cancerfertilityandme.org.uk\/es\/wp-json\/wp\/v2\/media\/7737"}],"wp:attachment":[{"href":"https:\/\/cancerfertilityandme.org.uk\/es\/wp-json\/wp\/v2\/media?parent=7834"}],"curies":[{"name":"wp","href":"https:\/\/api.w.org\/{rel}","templated":true}]}}