{"id":7833,"date":"2023-04-03T09:24:33","date_gmt":"2023-04-03T09:24:33","guid":{"rendered":"https:\/\/cancerfertilityandme.org.uk\/utilizar-esta-pagina-web\/"},"modified":"2025-11-17T11:04:52","modified_gmt":"2025-11-17T11:04:52","slug":"utilizar-esta-pagina-web","status":"publish","type":"page","link":"https:\/\/cancerfertilityandme.org.uk\/es\/mujeres-jovenes\/acerca-de-este-sitio-web\/utilizar-esta-pagina-web\/","title":{"rendered":"UtilUtilizar esta p\u00e1gina web"},"content":{"rendered":"\t\t<div data-elementor-type=\"wp-page\" data-elementor-id=\"7833\" class=\"elementor elementor-7833 elementor-7775\" data-elementor-post-type=\"page\">\n\t\t\t\t<main class=\"elementor-element elementor-element-30e26b6c e-flex e-con-boxed e-con e-parent\" data-id=\"30e26b6c\" data-element_type=\"container\" data-e-type=\"container\">\n\t\t\t\t\t<div class=\"e-con-inner\">\n\t\t<div class=\"elementor-element elementor-element-65df7344 e-con-full e-flex e-con e-child\" data-id=\"65df7344\" data-element_type=\"container\" data-e-type=\"container\">\n\t\t\t\t<div class=\"elementor-element elementor-element-1f35ebad elementor-widget elementor-widget-text-editor\" data-id=\"1f35ebad\" data-element_type=\"widget\" data-e-type=\"widget\" data-widget_type=\"text-editor.default\">\n\t\t\t\t<div class=\"elementor-widget-container\">\n\t\t\t\t\t\t\t\t\t<h2>Utilizar esta p\u00e1gina web para ayudarte a tomar una decisi\u00f3n<\/h2><p>\u201c\u00abEstoy pensando en el futuro, dentro de cinco o diez a\u00f1os\u2026 \u00bfQu\u00e9 pasar\u00e1 en el futuro?\u201d<br>Una joven de 25 a\u00f1os con c\u00e1ncer de ovario<\/p><p><strong>Para ayudarte a tomar esta decisi\u00f3n, este sitio web contiene informaci\u00f3n que te ayudar\u00e1 a:<\/strong><\/p><ul><li><strong>Entender <\/strong>las diferentes opciones de preservaci\u00f3n de la fertilidad.<\/li><li><strong>Pensar <\/strong>si la preservaci\u00f3n de la fertilidad puede ser una opci\u00f3n para ti.<\/li><li><strong>Pensar <\/strong>en lo que es importante para tu vida ahora mismo y pensar en tu futuro.<\/li><li><strong>Hablar <\/strong>con tu equipo de atenci\u00f3n al c\u00e1ncer y el equipo de atenci\u00f3n a la fertilidad para tomar tu decisi\u00f3n.<\/li><li><strong>Comentar <\/strong>con tu equipo de atenci\u00f3n al c\u00e1ncer y el equipo de atenci\u00f3n a la fertilidad las consecuencias y los beneficios de cualquier decisi\u00f3n que puedas tomar.<\/li><\/ul><p>\u201cRespondi\u00f3 a muchas de mis preguntas. Me hizo comprender mejor mi tratamiento y mis opciones. Respondi\u00f3 a preguntas que de otro modo no habr\u00eda preguntado, me dio informaci\u00f3n que no cre\u00eda necesaria\u00bb\u2026 No me obligaba a ir en ninguna direcci\u00f3n. Fue muy objetivo, fue claro con lo que dec\u00eda y no estaba diciendo que ninguno de ellos fuera mejor opci\u00f3n que el otro. Se limit\u00f3 a exponer los hechos y a explicar lo que significaba y me permiti\u00f3 decidir si me gustaba o no.\u201d<br>Una mujer de 20 a\u00f1os con linfoma<\/p><p><strong>Hay secciones para escribir notas o preguntas importantes sobre tu vida, diagn\u00f3stico de c\u00e1ncer y futura fertilidad.<\/strong><\/p><ul><li>La navegaci\u00f3n es clara y proporciona diferentes secciones sobre tratamiento contra el c\u00e1ncer, problemas de fertilidad, decisiones de preservaci\u00f3n de la fertilidad y planificaci\u00f3n familiar.<\/li><li>Los gr\u00e1ficos de decisiones muestran cu\u00e1les son las decisiones de fertilidad que han tomado las mujeres antes, durante y despu\u00e9s del tratamiento contra el c\u00e1ncer.<\/li><li>Las tablas describen las caracter\u00edsticas de cada opci\u00f3n una al lado de la otra para ayudarte a comparar lo que es igual o diferente en cada una.<\/li><li>Presenta preguntas que tal vez deseas formular a tu equipo de tratamiento contra el c\u00e1ncer y al equipo de tratamiento de la fertilidad.<\/li><li>Proporciona ideas sobre el tipo de cosas que podr\u00edas preguntar a tu equipo de atenci\u00f3n al c\u00e1ncer y\/o a tu equipo de atenci\u00f3n a la fertilidad.<\/li><li>Ofrece preguntas \u201cde valor\u201d para ayudarte a pensar en qu\u00e9 opci\u00f3n de preservaci\u00f3n de la fertilidad se adapta mejor a tu vida en este momento.<\/li><li>El glosario describe el significado de los t\u00e9rminos utilizados para hablar del c\u00e1ncer y su tratamiento, la fertilidad y la preservaci\u00f3n de la fertilidad.<\/li><\/ul><p><strong>Es importante recordar:<\/strong><\/p><ol><li>No todas las mujeres que reciben tratamiento contra el c\u00e1ncer tendr\u00e1n problemas de fertilidad en el futuro.<\/li><li>En este momento, no todas las mujeres pueden someterse a los procedimientos de preservaci\u00f3n de la fertilidad descritos en esta p\u00e1gina web.<\/li><li>Puede que algunos de los procedimientos de preservaci\u00f3n de la fertilidad descritos en esta p\u00e1gina web. no est\u00e9n disponibles en todas las cl\u00ednicas de fertilidad.<\/li><\/ol>\t\t\t\t\t\t\t\t<\/div>\n\t\t\t\t<\/div>\n\t\t\t\t<\/div>\n\t\t<div class=\"elementor-element elementor-element-b1afa93 e-con-full e-flex e-con e-child\" data-id=\"b1afa93\" data-element_type=\"container\" data-e-type=\"container\">\n\t\t<div class=\"elementor-element elementor-element-6a4613ad e-con-full e-flex e-con e-child\" data-id=\"6a4613ad\" data-element_type=\"container\" data-e-type=\"container\">\n\t\t\t\t<div class=\"elementor-element elementor-element-14f5e2a8 elementor-widget elementor-widget-image\" data-id=\"14f5e2a8\" data-element_type=\"widget\" data-e-type=\"widget\" data-widget_type=\"image.default\">\n\t\t\t\t<div class=\"elementor-widget-container\">\n\t\t\t\t\t\t\t\t\t\t\t\t\t\t\t\t<a href=\"http:\/\/.\/\">\n\t\t\t\t\t\t\t<img decoding=\"async\" width=\"200\" height=\"200\" src=\"https:\/\/cancerfertilityandme.org.uk\/wp-content\/uploads\/cancerfertilityandme-logo-header-young-women.png\" class=\"attachment-full size-full wp-image-333\" alt=\"\" srcset=\"https:\/\/cancerfertilityandme.org.uk\/wp-content\/uploads\/cancerfertilityandme-logo-header-young-women.png 200w, https:\/\/cancerfertilityandme.org.uk\/wp-content\/uploads\/cancerfertilityandme-logo-header-young-women-150x150.png 150w, https:\/\/cancerfertilityandme.org.uk\/wp-content\/uploads\/elementor\/thumbs\/cancerfertilityandme-logo-header-young-women-r4vfcv1ro149or8nkxzol3x986uodd6lq6no4gpb6w.png 100w\" sizes=\"(max-width: 200px) 100vw, 200px\" \/>\t\t\t\t\t\t\t\t<\/a>\n\t\t\t\t\t\t\t\t\t\t\t\t\t\t\t<\/div>\n\t\t\t\t<\/div>\n\t\t\t\t<\/div>\n\t\t<div class=\"elementor-element elementor-element-55791adf e-con-full e-flex e-con e-child\" data-id=\"55791adf\" data-element_type=\"container\" data-e-type=\"container\">\n\t\t\t\t<div class=\"elementor-element elementor-element-6a885291 elementor-widget elementor-widget-heading\" data-id=\"6a885291\" data-element_type=\"widget\" data-e-type=\"widget\" data-widget_type=\"heading.default\">\n\t\t\t\t<div class=\"elementor-widget-container\">\n\t\t\t\t\t<h3 class=\"elementor-heading-title elementor-size-default\">Siga estos enlaces para obtener m\u00e1s informaci\u00f3n<\/h3>\t\t\t\t<\/div>\n\t\t\t\t<\/div>\n\t\t\t\t<div class=\"elementor-element elementor-element-17ab66f5 elementor-nav-menu--dropdown-none elementor-widget elementor-widget-nav-menu\" data-id=\"17ab66f5\" data-element_type=\"widget\" data-e-type=\"widget\" data-settings=\"{&quot;layout&quot;:&quot;vertical&quot;,&quot;submenu_icon&quot;:{&quot;value&quot;:&quot;&lt;svg aria-hidden=\\&quot;true\\&quot; class=\\&quot;e-font-icon-svg e-fas-caret-down\\&quot; viewBox=\\&quot;0 0 320 512\\&quot; xmlns=\\&quot;http:\\\/\\\/www.w3.org\\\/2000\\\/svg\\&quot;&gt;&lt;path d=\\&quot;M31.3 192h257.3c17.8 0 26.7 21.5 14.1 34.1L174.1 354.8c-7.8 7.8-20.5 7.8-28.3 0L17.2 226.1C4.6 213.5 13.5 192 31.3 192z\\&quot;&gt;&lt;\\\/path&gt;&lt;\\\/svg&gt;&quot;,&quot;library&quot;:&quot;fa-solid&quot;}}\" data-widget_type=\"nav-menu.default\">\n\t\t\t\t<div class=\"elementor-widget-container\">\n\t\t\t\t\t\t\t\t<nav aria-label=\"Menu\" class=\"elementor-nav-menu--main elementor-nav-menu__container elementor-nav-menu--layout-vertical e--pointer-none\">\n\t\t\t\t<ul id=\"menu-1-17ab66f5\" class=\"elementor-nav-menu sm-vertical\"><li class=\"menu-item menu-item-type-post_type menu-item-object-page menu-item-8474\"><a href=\"https:\/\/cancerfertilityandme.org.uk\/young-women\/about-this-project\/\" class=\"elementor-item\">Acerca de este proyecto<\/a><\/li>\n<li class=\"menu-item menu-item-type-post_type menu-item-object-page menu-item-8477\"><a href=\"https:\/\/cancerfertilityandme.org.uk\/young-women\/about-this-project\/using-this-website\/\" class=\"elementor-item\">UtilUtilizar esta p\u00e1gina web<\/a><\/li>\n<li class=\"menu-item menu-item-type-post_type menu-item-object-page menu-item-8476\"><a href=\"https:\/\/cancerfertilityandme.org.uk\/young-women\/about-this-project\/linking-fertility-options\/\" class=\"elementor-item\">Vinculaci\u00f3n de las opciones de fertilidad<\/a><\/li>\n<li class=\"menu-item menu-item-type-post_type menu-item-object-page menu-item-10564\"><a href=\"https:\/\/cancerfertilityandme.org.uk\/glossary\/\" class=\"elementor-item\">Glossary<\/a><\/li>\n<\/ul>\t\t\t<\/nav>\n\t\t\t\t\t\t<nav class=\"elementor-nav-menu--dropdown elementor-nav-menu__container\" aria-hidden=\"true\">\n\t\t\t\t<ul id=\"menu-2-17ab66f5\" class=\"elementor-nav-menu sm-vertical\"><li class=\"menu-item menu-item-type-post_type menu-item-object-page menu-item-8474\"><a href=\"https:\/\/cancerfertilityandme.org.uk\/young-women\/about-this-project\/\" class=\"elementor-item\" tabindex=\"-1\">Acerca de este proyecto<\/a><\/li>\n<li class=\"menu-item menu-item-type-post_type menu-item-object-page menu-item-8477\"><a href=\"https:\/\/cancerfertilityandme.org.uk\/young-women\/about-this-project\/using-this-website\/\" class=\"elementor-item\" tabindex=\"-1\">UtilUtilizar esta p\u00e1gina web<\/a><\/li>\n<li class=\"menu-item menu-item-type-post_type menu-item-object-page menu-item-8476\"><a href=\"https:\/\/cancerfertilityandme.org.uk\/young-women\/about-this-project\/linking-fertility-options\/\" class=\"elementor-item\" tabindex=\"-1\">Vinculaci\u00f3n de las opciones de fertilidad<\/a><\/li>\n<li class=\"menu-item menu-item-type-post_type menu-item-object-page menu-item-10564\"><a href=\"https:\/\/cancerfertilityandme.org.uk\/glossary\/\" class=\"elementor-item\" tabindex=\"-1\">Glossary<\/a><\/li>\n<\/ul>\t\t\t<\/nav>\n\t\t\t\t\t\t<\/div>\n\t\t\t\t<\/div>\n\t\t\t\t<\/div>\n\t\t\t\t<\/div>\n\t\t\t\t\t<\/div>\n\t\t\t\t<\/main>\n\t\t\t\t<\/div>\n\t\t","protected":false},"excerpt":{"rendered":"<p>Utilizar esta p\u00e1gina web para ayudarte a tomar una decisi\u00f3n \u201c\u00abEstoy pensando en el futuro, dentro de cinco o diez a\u00f1os\u2026 \u00bfQu\u00e9 pasar\u00e1 en el futuro?\u201dUna joven de 25 a\u00f1os con c\u00e1ncer de ovario Para ayudarte a tomar esta decisi\u00f3n, este sitio web contiene informaci\u00f3n que te ayudar\u00e1 a: Entender las diferentes opciones de preservaci\u00f3n [&hellip;]<\/p>\n","protected":false},"author":1,"featured_media":0,"parent":7832,"menu_order":0,"comment_status":"open","ping_status":"closed","template":"","meta":{"footnotes":""},"class_list":["post-7833","page","type-page","status-publish","hentry"],"_links":{"self":[{"href":"https:\/\/cancerfertilityandme.org.uk\/es\/wp-json\/wp\/v2\/pages\/7833","targetHints":{"allow":["GET"]}}],"collection":[{"href":"https:\/\/cancerfertilityandme.org.uk\/es\/wp-json\/wp\/v2\/pages"}],"about":[{"href":"https:\/\/cancerfertilityandme.org.uk\/es\/wp-json\/wp\/v2\/types\/page"}],"author":[{"embeddable":true,"href":"https:\/\/cancerfertilityandme.org.uk\/es\/wp-json\/wp\/v2\/users\/1"}],"replies":[{"embeddable":true,"href":"https:\/\/cancerfertilityandme.org.uk\/es\/wp-json\/wp\/v2\/comments?post=7833"}],"version-history":[{"count":3,"href":"https:\/\/cancerfertilityandme.org.uk\/es\/wp-json\/wp\/v2\/pages\/7833\/revisions"}],"predecessor-version":[{"id":9671,"href":"https:\/\/cancerfertilityandme.org.uk\/es\/wp-json\/wp\/v2\/pages\/7833\/revisions\/9671"}],"up":[{"embeddable":true,"href":"https:\/\/cancerfertilityandme.org.uk\/es\/wp-json\/wp\/v2\/pages\/7832"}],"wp:attachment":[{"href":"https:\/\/cancerfertilityandme.org.uk\/es\/wp-json\/wp\/v2\/media?parent=7833"}],"curies":[{"name":"wp","href":"https:\/\/api.w.org\/{rel}","templated":true}]}}