{"id":7832,"date":"2023-04-03T09:01:57","date_gmt":"2023-04-03T09:01:57","guid":{"rendered":"https:\/\/cancerfertilityandme.org.uk\/acerca-de-este-sitio-web\/"},"modified":"2026-03-10T11:53:21","modified_gmt":"2026-03-10T11:53:21","slug":"acerca-de-este-sitio-web","status":"publish","type":"page","link":"https:\/\/cancerfertilityandme.org.uk\/es\/mujeres-jovenes\/acerca-de-este-sitio-web\/","title":{"rendered":"Acerca de este proyecto"},"content":{"rendered":"\t\t<div data-elementor-type=\"wp-page\" data-elementor-id=\"7832\" class=\"elementor elementor-7832 elementor-7774\" data-elementor-post-type=\"page\">\n\t\t\t\t<main class=\"elementor-element elementor-element-4a68a2b7 e-flex e-con-boxed e-con e-parent\" data-id=\"4a68a2b7\" data-element_type=\"container\" data-e-type=\"container\">\n\t\t\t\t\t<div class=\"e-con-inner\">\n\t\t<div class=\"elementor-element elementor-element-bf63f4d e-con-full e-flex e-con e-child\" data-id=\"bf63f4d\" data-element_type=\"container\" data-e-type=\"container\">\n\t\t\t\t<div class=\"elementor-element elementor-element-437ce504 elementor-widget elementor-widget-text-editor\" data-id=\"437ce504\" data-element_type=\"widget\" data-e-type=\"widget\" data-widget_type=\"text-editor.default\">\n\t\t\t\t<div class=\"elementor-widget-container\">\n\t\t\t\t\t\t\t\t\t<h2>Acerca del folleto \u00abEl c\u00e1ncer, la fertilidad y yo\u201d<\/h2>\n<strong>Si te han diagnosticado c\u00e1ncer, tendr\u00e1s muchas cosas en la cabeza. Es probable que pases por toda una serie de sentimientos y emociones desde el momento del diagn\u00f3stico en adelante, y probablemente tendr\u00e1s muchas preguntas. <\/strong>\n\n<strong>Los tratamientos contra el c\u00e1ncer pueden afectar a tu fertilidad y a tus posibilidades de quedarse embarazada en el futuro.<\/strong>\n\nEsta informaci\u00f3n puede ser nueva para ti. O puede que ya seas consciente de ello y te preguntes si podr\u00e1s seguir teniendo una familia en el futuro. Si tener hijos est\u00e1 definitivamente en sus planes, o si todo parece demasiado lejano para saberlo realmente, este folleto te ofrece informaci\u00f3n para ayudarte a pensar en la preservaci\u00f3n de la fertilidad. Los tratamientos de preservaci\u00f3n de la fertilidad son formas de ayudar a las mujeres con c\u00e1ncer a tener m\u00e1s posibilidades de quedarse embarazadas y tener un hijo en el futuro despu\u00e9s del tratamiento contra el c\u00e1ncer. Esperamos que este folleto te ayude a comprender mejor la preservaci\u00f3n de la fertilidad. Aunque tus decisiones son personales y las elecciones que hagas son totalmente tuyas, esperamos que este folleto te ayude a conocer las opciones disponibles y a tomar la mejor decisi\u00f3n para ti.     \n\n<blockquote>\u201cNo me sent\u00eda segura de una parte, pero cuando tom\u00e9 la decisi\u00f3n estaba segura de que era lo que quer\u00eda hacer. Y me alegro de haberlo hecho, fue la decisi\u00f3n correcta.\u201d<br><br>Una mujer de 20 a\u00f1os con linfoma<\/blockquote>\n\n<b>Este sitio web tiene informaci\u00f3n para ayudarte a :<\/b>\n<ul>\n \t<li>Conocer m\u00e1s detalles sobre c\u00f3mo los tratamientos contra el c\u00e1ncer pueden causar problemas de fertilidad en mujeres.<\/li>\n \t<li>Descubrir c\u00f3mo las mujeres j\u00f3venes con c\u00e1ncer pueden preservar su fertilidad antes de comenzar el tratamiento contra el c\u00e1ncer.<\/li>\n \t<li>Comprender qu\u00e9 opciones de preservaci\u00f3n de la fertilidad pueden adaptarse mejor a tu vida.<\/li>\n \t<li>Entender las decisiones de planificaci\u00f3n familiar durante y despu\u00e9s del tratamiento contra el c\u00e1ncer.<\/li>\n<\/ul>\n<strong>Este sitio web puede ser \u00fatil si:<\/strong>\n<ul>\n \t<li>Te han diagnosticado un c\u00e1ncer recientemente.<\/li>\n \t<li>Es posible que quieras quedarte embarazada e intentar tener hijos en el futuro, una vez finalizado el tratamiento contra el c\u00e1ncer.<\/li>\n \t<li>\u00bfLe gustar\u00eda aprender m\u00e1s sobre el tratamiento de preservaci\u00f3n de la fertilidad?<\/li>\n \t<li>Deseas obtener m\u00e1s informaci\u00f3n que te ayude a tomar una decisi\u00f3n sobre la preservaci\u00f3n de la fertilidad.<\/li>\n<\/ul>\t\t\t\t\t\t\t\t<\/div>\n\t\t\t\t<\/div>\n\t\t\t\t<\/div>\n\t\t<div class=\"elementor-element elementor-element-4c2a2e61 e-con-full e-flex e-con e-child\" data-id=\"4c2a2e61\" data-element_type=\"container\" data-e-type=\"container\">\n\t\t<div class=\"elementor-element elementor-element-4cf1ed17 e-con-full e-flex e-con e-child\" data-id=\"4cf1ed17\" data-element_type=\"container\" data-e-type=\"container\">\n\t\t\t\t<div class=\"elementor-element elementor-element-4147e412 elementor-widget elementor-widget-image\" data-id=\"4147e412\" data-element_type=\"widget\" data-e-type=\"widget\" data-widget_type=\"image.default\">\n\t\t\t\t<div class=\"elementor-widget-container\">\n\t\t\t\t\t\t\t\t\t\t\t\t\t\t\t\t<a href=\"http:\/\/.\/\">\n\t\t\t\t\t\t\t<img decoding=\"async\" width=\"200\" height=\"200\" src=\"https:\/\/cancerfertilityandme.org.uk\/wp-content\/uploads\/cancerfertilityandme-logo-header-young-women.png\" class=\"attachment-full size-full wp-image-333\" alt=\"\" srcset=\"https:\/\/cancerfertilityandme.org.uk\/wp-content\/uploads\/cancerfertilityandme-logo-header-young-women.png 200w, https:\/\/cancerfertilityandme.org.uk\/wp-content\/uploads\/cancerfertilityandme-logo-header-young-women-150x150.png 150w, https:\/\/cancerfertilityandme.org.uk\/wp-content\/uploads\/elementor\/thumbs\/cancerfertilityandme-logo-header-young-women-r4vfcv1ro149or8nkxzol3x986uodd6lq6no4gpb6w.png 100w\" sizes=\"(max-width: 200px) 100vw, 200px\" \/>\t\t\t\t\t\t\t\t<\/a>\n\t\t\t\t\t\t\t\t\t\t\t\t\t\t\t<\/div>\n\t\t\t\t<\/div>\n\t\t\t\t<\/div>\n\t\t<div class=\"elementor-element elementor-element-429ad59f e-con-full e-flex e-con e-child\" data-id=\"429ad59f\" data-element_type=\"container\" data-e-type=\"container\">\n\t\t\t\t<div class=\"elementor-element elementor-element-68253d98 elementor-widget elementor-widget-heading\" data-id=\"68253d98\" data-element_type=\"widget\" data-e-type=\"widget\" data-widget_type=\"heading.default\">\n\t\t\t\t<div class=\"elementor-widget-container\">\n\t\t\t\t\t<h3 class=\"elementor-heading-title elementor-size-default\">Siga estos enlaces para obtener m\u00e1s informaci\u00f3n<\/h3>\t\t\t\t<\/div>\n\t\t\t\t<\/div>\n\t\t\t\t<div class=\"elementor-element elementor-element-4eaf61a0 elementor-nav-menu--dropdown-none elementor-widget elementor-widget-nav-menu\" data-id=\"4eaf61a0\" data-element_type=\"widget\" data-e-type=\"widget\" data-settings=\"{&quot;layout&quot;:&quot;vertical&quot;,&quot;submenu_icon&quot;:{&quot;value&quot;:&quot;&lt;svg aria-hidden=\\&quot;true\\&quot; class=\\&quot;e-font-icon-svg e-fas-caret-down\\&quot; viewBox=\\&quot;0 0 320 512\\&quot; xmlns=\\&quot;http:\\\/\\\/www.w3.org\\\/2000\\\/svg\\&quot;&gt;&lt;path d=\\&quot;M31.3 192h257.3c17.8 0 26.7 21.5 14.1 34.1L174.1 354.8c-7.8 7.8-20.5 7.8-28.3 0L17.2 226.1C4.6 213.5 13.5 192 31.3 192z\\&quot;&gt;&lt;\\\/path&gt;&lt;\\\/svg&gt;&quot;,&quot;library&quot;:&quot;fa-solid&quot;}}\" data-widget_type=\"nav-menu.default\">\n\t\t\t\t<div class=\"elementor-widget-container\">\n\t\t\t\t\t\t\t\t<nav aria-label=\"Menu\" class=\"elementor-nav-menu--main elementor-nav-menu__container elementor-nav-menu--layout-vertical e--pointer-none\">\n\t\t\t\t<ul id=\"menu-1-4eaf61a0\" class=\"elementor-nav-menu sm-vertical\"><li class=\"menu-item menu-item-type-post_type menu-item-object-page menu-item-8474\"><a href=\"https:\/\/cancerfertilityandme.org.uk\/young-women\/about-this-project\/\" class=\"elementor-item\">Acerca de este proyecto<\/a><\/li>\n<li class=\"menu-item menu-item-type-post_type menu-item-object-page menu-item-8477\"><a href=\"https:\/\/cancerfertilityandme.org.uk\/young-women\/about-this-project\/using-this-website\/\" class=\"elementor-item\">UtilUtilizar esta p\u00e1gina web<\/a><\/li>\n<li class=\"menu-item menu-item-type-post_type menu-item-object-page menu-item-8476\"><a href=\"https:\/\/cancerfertilityandme.org.uk\/young-women\/about-this-project\/linking-fertility-options\/\" class=\"elementor-item\">Vinculaci\u00f3n de las opciones de fertilidad<\/a><\/li>\n<li class=\"menu-item menu-item-type-post_type menu-item-object-page menu-item-10564\"><a href=\"https:\/\/cancerfertilityandme.org.uk\/glossary\/\" class=\"elementor-item\">Glossary<\/a><\/li>\n<\/ul>\t\t\t<\/nav>\n\t\t\t\t\t\t<nav class=\"elementor-nav-menu--dropdown elementor-nav-menu__container\" aria-hidden=\"true\">\n\t\t\t\t<ul id=\"menu-2-4eaf61a0\" class=\"elementor-nav-menu sm-vertical\"><li class=\"menu-item menu-item-type-post_type menu-item-object-page menu-item-8474\"><a href=\"https:\/\/cancerfertilityandme.org.uk\/young-women\/about-this-project\/\" class=\"elementor-item\" tabindex=\"-1\">Acerca de este proyecto<\/a><\/li>\n<li class=\"menu-item menu-item-type-post_type menu-item-object-page menu-item-8477\"><a href=\"https:\/\/cancerfertilityandme.org.uk\/young-women\/about-this-project\/using-this-website\/\" class=\"elementor-item\" tabindex=\"-1\">UtilUtilizar esta p\u00e1gina web<\/a><\/li>\n<li class=\"menu-item menu-item-type-post_type menu-item-object-page menu-item-8476\"><a href=\"https:\/\/cancerfertilityandme.org.uk\/young-women\/about-this-project\/linking-fertility-options\/\" class=\"elementor-item\" tabindex=\"-1\">Vinculaci\u00f3n de las opciones de fertilidad<\/a><\/li>\n<li class=\"menu-item menu-item-type-post_type menu-item-object-page menu-item-10564\"><a href=\"https:\/\/cancerfertilityandme.org.uk\/glossary\/\" class=\"elementor-item\" tabindex=\"-1\">Glossary<\/a><\/li>\n<\/ul>\t\t\t<\/nav>\n\t\t\t\t\t\t<\/div>\n\t\t\t\t<\/div>\n\t\t\t\t<\/div>\n\t\t\t\t<\/div>\n\t\t\t\t\t<\/div>\n\t\t\t\t<\/main>\n\t\t\t\t<\/div>\n\t\t","protected":false},"excerpt":{"rendered":"<p>Acerca del folleto \u00abEl c\u00e1ncer, la fertilidad y yo\u201d Si te han diagnosticado c\u00e1ncer, tendr\u00e1s muchas cosas en la cabeza. Es probable que pases por toda una serie de sentimientos y emociones desde el momento del diagn\u00f3stico en adelante, y probablemente tendr\u00e1s muchas preguntas. Los tratamientos contra el c\u00e1ncer pueden afectar a tu fertilidad y [&hellip;]<\/p>\n","protected":false},"author":1,"featured_media":0,"parent":7830,"menu_order":0,"comment_status":"open","ping_status":"closed","template":"","meta":{"footnotes":""},"class_list":["post-7832","page","type-page","status-publish","hentry"],"_links":{"self":[{"href":"https:\/\/cancerfertilityandme.org.uk\/es\/wp-json\/wp\/v2\/pages\/7832","targetHints":{"allow":["GET"]}}],"collection":[{"href":"https:\/\/cancerfertilityandme.org.uk\/es\/wp-json\/wp\/v2\/pages"}],"about":[{"href":"https:\/\/cancerfertilityandme.org.uk\/es\/wp-json\/wp\/v2\/types\/page"}],"author":[{"embeddable":true,"href":"https:\/\/cancerfertilityandme.org.uk\/es\/wp-json\/wp\/v2\/users\/1"}],"replies":[{"embeddable":true,"href":"https:\/\/cancerfertilityandme.org.uk\/es\/wp-json\/wp\/v2\/comments?post=7832"}],"version-history":[{"count":4,"href":"https:\/\/cancerfertilityandme.org.uk\/es\/wp-json\/wp\/v2\/pages\/7832\/revisions"}],"predecessor-version":[{"id":11205,"href":"https:\/\/cancerfertilityandme.org.uk\/es\/wp-json\/wp\/v2\/pages\/7832\/revisions\/11205"}],"up":[{"embeddable":true,"href":"https:\/\/cancerfertilityandme.org.uk\/es\/wp-json\/wp\/v2\/pages\/7830"}],"wp:attachment":[{"href":"https:\/\/cancerfertilityandme.org.uk\/es\/wp-json\/wp\/v2\/media?parent=7832"}],"curies":[{"name":"wp","href":"https:\/\/api.w.org\/{rel}","templated":true}]}}