{"id":7435,"date":"2025-06-27T10:39:47","date_gmt":"2025-06-27T10:39:47","guid":{"rendered":"https:\/\/cancerfertilityandme.org.uk\/mujeres-adultas\/decidir-si-se-va-a-preservar-o-no-la-fertilidad\/preguntas-para-tu-equipo-de-atencion-al-cancer-o-tu-medico-de-familia\/"},"modified":"2025-11-17T11:00:56","modified_gmt":"2025-11-17T11:00:56","slug":"preguntas-para-tu-equipo-de-atencion-al-cancer-o-tu-medico-de-familia","status":"publish","type":"page","link":"https:\/\/cancerfertilityandme.org.uk\/es\/mujeres-adultas\/decidir-si-se-va-a-preservar-o-no-la-fertilidad\/preguntas-para-tu-equipo-de-atencion-al-cancer-o-tu-medico-de-familia\/","title":{"rendered":"Preguntas para tu equipo de atenci\u00f3n al c\u00e1ncer o tu m\u00e9dico de familia"},"content":{"rendered":"\t\t<div data-elementor-type=\"wp-page\" data-elementor-id=\"7435\" class=\"elementor elementor-7435 elementor-6756\" data-elementor-post-type=\"page\">\n\t\t\t\t<main class=\"elementor-element elementor-element-25ab11ed e-flex e-con-boxed e-con e-parent\" data-id=\"25ab11ed\" data-element_type=\"container\" data-e-type=\"container\">\n\t\t\t\t\t<div class=\"e-con-inner\">\n\t\t<div class=\"elementor-element elementor-element-34fcf3da e-con-full e-flex e-con e-child\" data-id=\"34fcf3da\" data-element_type=\"container\" data-e-type=\"container\">\n\t\t\t\t<div class=\"elementor-element elementor-element-6cc13a83 elementor-widget elementor-widget-text-editor\" data-id=\"6cc13a83\" data-element_type=\"widget\" data-e-type=\"widget\" data-widget_type=\"text-editor.default\">\n\t\t\t\t<div class=\"elementor-widget-container\">\n\t\t\t\t\t\t\t\t\t<h2>Preguntas para tu equipo de atenci\u00f3n al c\u00e1ncer o tu m\u00e9dico de familia<\/h2>\n<p><\/p>\n<h3>Las siguientes preguntas pueden ayudarte a hablar con tu equipo de atenci\u00f3n al c\u00e1ncer o con tu m\u00e9dico de familia sobre la anticoncepci\u00f3n.<\/h3>\n<p><\/p>\n<ul>\n<li>Qu\u00e9 anticonceptivo me conviene m\u00e1s durante el tratamiento contra el c\u00e1ncer?<\/li>\n\n<li>Durante cu\u00e1nto tiempo debo utilizar este anticonceptivo?<\/li>\n\n<li>Debo utilizar m\u00e9todos anticonceptivos no hormonales para mi tipo de c\u00e1ncer?<\/li>\n\n<li>Si no tengo la menstruaci\u00f3n durante el tratamiento contra el c\u00e1ncer, \u00bfdebo seguir utilizando anticonceptivos?<\/li>\n\n<li>Me afectar\u00e1 a m\u00ed o a mi hijo por nacer si decido no utilizar m\u00e9todos anticonceptivos y me quedo embarazada durante el tratamiento contra el c\u00e1ncer?<\/li>\n<\/ul>\n<p><\/p>\n<h3>Las siguientes preguntas te pueden ayudar a hablar sobre planificaci\u00f3n familiar despu\u00e9s del c\u00e1ncer con tu equipo de atenci\u00f3n al c\u00e1ncer o tu m\u00e9dico de cabecera:<\/h3>\n<p><\/p>\n<ul>\n<li>C\u00f3mo puedo saber si soy f\u00e9rtil despu\u00e9s del tratamiento contra el c\u00e1ncer?<\/li>\n\n<li>Cu\u00e1nto tiempo debo esperar para saber si soy f\u00e9rtil?<\/li>\n\n<li>Hay alg\u00fan test que pueda hacer para saber si soy f\u00e9rtil despu\u00e9s del tratamiento contra el c\u00e1ncer?<\/li>\n\n<li>Podr\u00eda volver a tener c\u00e1ncer si me quedo embarazada en el futuro?<\/li>\n\n<li>Si todav\u00eda soy f\u00e9rtil y puedo quedarme embarazada, \u00bfcu\u00e1nto tiempo debo esperar despu\u00e9s del tratamiento?<\/li>\n\n<li>Si me quedo embarazada despu\u00e9s del tratamiento contra el c\u00e1ncer, \u00bftiene mi hijo m\u00e1s posibilidades de tener c\u00e1ncer?<\/li>\n\n<li>Si no hace ning\u00fan tratamiento para la preservaci\u00f3n de la fertilidad, \u00bftengo todav\u00eda posibilidades de quedarme embarazada?<\/li>\n<\/ul>\n<p><\/p>\t\t\t\t\t\t\t\t<\/div>\n\t\t\t\t<\/div>\n\t\t\t\t<\/div>\n\t\t<div class=\"elementor-element elementor-element-6a1bb7bc e-con-full e-flex e-con e-child\" data-id=\"6a1bb7bc\" data-element_type=\"container\" data-e-type=\"container\">\n\t\t<div class=\"elementor-element elementor-element-1bd82185 e-con-full e-flex e-con e-child\" data-id=\"1bd82185\" data-element_type=\"container\" data-e-type=\"container\">\n\t\t\t\t<div class=\"elementor-element elementor-element-2d9f0ca8 elementor-widget elementor-widget-image\" data-id=\"2d9f0ca8\" data-element_type=\"widget\" data-e-type=\"widget\" data-widget_type=\"image.default\">\n\t\t\t\t<div class=\"elementor-widget-container\">\n\t\t\t\t\t\t\t\t\t\t\t\t\t\t\t\t<a href=\"http:\/\/.\/\">\n\t\t\t\t\t\t\t<img fetchpriority=\"high\" decoding=\"async\" width=\"400\" height=\"440\" src=\"https:\/\/cancerfertilityandme.org.uk\/wp-content\/uploads\/cancerfertilityandme-logo-column-adult-women.png\" class=\"attachment-full size-full wp-image-2286\" alt=\"\" srcset=\"https:\/\/cancerfertilityandme.org.uk\/wp-content\/uploads\/cancerfertilityandme-logo-column-adult-women.png 400w, https:\/\/cancerfertilityandme.org.uk\/wp-content\/uploads\/cancerfertilityandme-logo-column-adult-women-273x300.png 273w\" sizes=\"(max-width: 400px) 100vw, 400px\" \/>\t\t\t\t\t\t\t\t<\/a>\n\t\t\t\t\t\t\t\t\t\t\t\t\t\t\t<\/div>\n\t\t\t\t<\/div>\n\t\t\t\t<\/div>\n\t\t<div class=\"elementor-element elementor-element-574c7552 e-con-full e-flex e-con e-child\" data-id=\"574c7552\" data-element_type=\"container\" data-e-type=\"container\">\n\t\t\t\t<div class=\"elementor-element elementor-element-2a012a0e elementor-widget elementor-widget-heading\" data-id=\"2a012a0e\" data-element_type=\"widget\" data-e-type=\"widget\" data-widget_type=\"heading.default\">\n\t\t\t\t<div class=\"elementor-widget-container\">\n\t\t\t\t\t<h3 class=\"elementor-heading-title elementor-size-default\">Siga estos enlaces para obtener m\u00e1s informaci\u00f3n<\/h3>\t\t\t\t<\/div>\n\t\t\t\t<\/div>\n\t\t\t\t<div class=\"elementor-element elementor-element-36effc62 elementor-nav-menu--dropdown-none elementor-widget elementor-widget-nav-menu\" data-id=\"36effc62\" data-element_type=\"widget\" data-e-type=\"widget\" data-settings=\"{&quot;layout&quot;:&quot;vertical&quot;,&quot;submenu_icon&quot;:{&quot;value&quot;:&quot;&lt;svg aria-hidden=\\&quot;true\\&quot; class=\\&quot;e-font-icon-svg e-fas-caret-down\\&quot; viewBox=\\&quot;0 0 320 512\\&quot; xmlns=\\&quot;http:\\\/\\\/www.w3.org\\\/2000\\\/svg\\&quot;&gt;&lt;path d=\\&quot;M31.3 192h257.3c17.8 0 26.7 21.5 14.1 34.1L174.1 354.8c-7.8 7.8-20.5 7.8-28.3 0L17.2 226.1C4.6 213.5 13.5 192 31.3 192z\\&quot;&gt;&lt;\\\/path&gt;&lt;\\\/svg&gt;&quot;,&quot;library&quot;:&quot;fa-solid&quot;}}\" data-widget_type=\"nav-menu.default\">\n\t\t\t\t<div class=\"elementor-widget-container\">\n\t\t\t\t\t\t\t\t<nav aria-label=\"Menu\" class=\"elementor-nav-menu--main elementor-nav-menu__container elementor-nav-menu--layout-vertical e--pointer-none\">\n\t\t\t\t<ul id=\"menu-1-36effc62\" class=\"elementor-nav-menu sm-vertical\"><li class=\"menu-item menu-item-type-post_type menu-item-object-page menu-item-6971\"><a href=\"https:\/\/cancerfertilityandme.org.uk\/adult-women\/contraception-family-planning\/\" class=\"elementor-item\">Anticoncepci\u00f3n y planificaci\u00f3n familiar<\/a><\/li>\n<li class=\"menu-item menu-item-type-post_type menu-item-object-page menu-item-6972\"><a href=\"https:\/\/cancerfertilityandme.org.uk\/adult-women\/contraception-family-planning\/contraception-during-cancer-treatment\/\" class=\"elementor-item\">Anticoncepci\u00f3n durante el tratamiento contra el c\u00e1ncer.<\/a><\/li>\n<li class=\"menu-item menu-item-type-post_type menu-item-object-page menu-item-6973\"><a href=\"https:\/\/cancerfertilityandme.org.uk\/adult-women\/contraception-family-planning\/family-planning-decisions-after-cancer-treatment\/\" class=\"elementor-item\">Decisiones de planificaci\u00f3n familiar tras el tratamiento contra el c\u00e1ncer<\/a><\/li>\n<li class=\"menu-item menu-item-type-post_type menu-item-object-page menu-item-8692\"><a href=\"https:\/\/cancerfertilityandme.org.uk\/adult-women\/making-your-fertility-preservation-decision\/questions-to-ask-your-cancer-care-team-or-gp\/\" class=\"elementor-item\">Preguntas para tu equipo de atenci\u00f3n al c\u00e1ncer o tu m\u00e9dico de familia<\/a><\/li>\n<\/ul>\t\t\t<\/nav>\n\t\t\t\t\t\t<nav class=\"elementor-nav-menu--dropdown elementor-nav-menu__container\" aria-hidden=\"true\">\n\t\t\t\t<ul id=\"menu-2-36effc62\" class=\"elementor-nav-menu sm-vertical\"><li class=\"menu-item menu-item-type-post_type menu-item-object-page menu-item-6971\"><a href=\"https:\/\/cancerfertilityandme.org.uk\/adult-women\/contraception-family-planning\/\" class=\"elementor-item\" tabindex=\"-1\">Anticoncepci\u00f3n y planificaci\u00f3n familiar<\/a><\/li>\n<li class=\"menu-item menu-item-type-post_type menu-item-object-page menu-item-6972\"><a href=\"https:\/\/cancerfertilityandme.org.uk\/adult-women\/contraception-family-planning\/contraception-during-cancer-treatment\/\" class=\"elementor-item\" tabindex=\"-1\">Anticoncepci\u00f3n durante el tratamiento contra el c\u00e1ncer.<\/a><\/li>\n<li class=\"menu-item menu-item-type-post_type menu-item-object-page menu-item-6973\"><a href=\"https:\/\/cancerfertilityandme.org.uk\/adult-women\/contraception-family-planning\/family-planning-decisions-after-cancer-treatment\/\" class=\"elementor-item\" tabindex=\"-1\">Decisiones de planificaci\u00f3n familiar tras el tratamiento contra el c\u00e1ncer<\/a><\/li>\n<li class=\"menu-item menu-item-type-post_type menu-item-object-page menu-item-8692\"><a href=\"https:\/\/cancerfertilityandme.org.uk\/adult-women\/making-your-fertility-preservation-decision\/questions-to-ask-your-cancer-care-team-or-gp\/\" class=\"elementor-item\" tabindex=\"-1\">Preguntas para tu equipo de atenci\u00f3n al c\u00e1ncer o tu m\u00e9dico de familia<\/a><\/li>\n<\/ul>\t\t\t<\/nav>\n\t\t\t\t\t\t<\/div>\n\t\t\t\t<\/div>\n\t\t\t\t<\/div>\n\t\t\t\t<\/div>\n\t\t\t\t\t<\/div>\n\t\t\t\t<\/main>\n\t\t\t\t<\/div>\n\t\t","protected":false},"excerpt":{"rendered":"<p>Preguntas para tu equipo de atenci\u00f3n al c\u00e1ncer o tu m\u00e9dico de familia Las siguientes preguntas pueden ayudarte a hablar con tu equipo de atenci\u00f3n al c\u00e1ncer o con tu m\u00e9dico de familia sobre la anticoncepci\u00f3n. Qu\u00e9 anticonceptivo me conviene m\u00e1s durante el tratamiento contra el c\u00e1ncer? Durante cu\u00e1nto tiempo debo utilizar este anticonceptivo? Debo [&hellip;]<\/p>\n","protected":false},"author":1,"featured_media":0,"parent":6086,"menu_order":0,"comment_status":"closed","ping_status":"closed","template":"","meta":{"footnotes":""},"class_list":["post-7435","page","type-page","status-publish","hentry"],"_links":{"self":[{"href":"https:\/\/cancerfertilityandme.org.uk\/es\/wp-json\/wp\/v2\/pages\/7435","targetHints":{"allow":["GET"]}}],"collection":[{"href":"https:\/\/cancerfertilityandme.org.uk\/es\/wp-json\/wp\/v2\/pages"}],"about":[{"href":"https:\/\/cancerfertilityandme.org.uk\/es\/wp-json\/wp\/v2\/types\/page"}],"author":[{"embeddable":true,"href":"https:\/\/cancerfertilityandme.org.uk\/es\/wp-json\/wp\/v2\/users\/1"}],"replies":[{"embeddable":true,"href":"https:\/\/cancerfertilityandme.org.uk\/es\/wp-json\/wp\/v2\/comments?post=7435"}],"version-history":[{"count":3,"href":"https:\/\/cancerfertilityandme.org.uk\/es\/wp-json\/wp\/v2\/pages\/7435\/revisions"}],"predecessor-version":[{"id":9558,"href":"https:\/\/cancerfertilityandme.org.uk\/es\/wp-json\/wp\/v2\/pages\/7435\/revisions\/9558"}],"up":[{"embeddable":true,"href":"https:\/\/cancerfertilityandme.org.uk\/es\/wp-json\/wp\/v2\/pages\/6086"}],"wp:attachment":[{"href":"https:\/\/cancerfertilityandme.org.uk\/es\/wp-json\/wp\/v2\/media?parent=7435"}],"curies":[{"name":"wp","href":"https:\/\/api.w.org\/{rel}","templated":true}]}}