{"id":6128,"date":"2018-11-07T09:38:13","date_gmt":"2018-11-07T09:38:13","guid":{"rendered":"https:\/\/cancerfertilityandme.org.uk\/terapia-hormonal\/"},"modified":"2025-11-17T10:55:14","modified_gmt":"2025-11-17T10:55:14","slug":"terapia-hormonal","status":"publish","type":"page","link":"https:\/\/cancerfertilityandme.org.uk\/es\/mujeres-adultas\/el-cancer-la-fertilidad-y-el-sistema-reproductivo\/terapia-hormonal\/","title":{"rendered":"Terapia hormonal"},"content":{"rendered":"\t\t<div data-elementor-type=\"wp-page\" data-elementor-id=\"6128\" class=\"elementor elementor-6128 elementor-5409\" data-elementor-post-type=\"page\">\n\t\t\t\t<main class=\"elementor-element elementor-element-15013d8a e-flex e-con-boxed e-con e-parent\" data-id=\"15013d8a\" data-element_type=\"container\" data-e-type=\"container\">\n\t\t\t\t\t<div class=\"e-con-inner\">\n\t\t<div class=\"elementor-element elementor-element-a1d2e0c e-con-full e-flex e-con e-child\" data-id=\"a1d2e0c\" data-element_type=\"container\" data-e-type=\"container\">\n\t\t\t\t<div class=\"elementor-element elementor-element-1b69158f elementor-widget elementor-widget-text-editor\" data-id=\"1b69158f\" data-element_type=\"widget\" data-e-type=\"widget\" data-widget_type=\"text-editor.default\">\n\t\t\t\t<div class=\"elementor-widget-container\">\n\t\t\t\t\t\t\t\t\t<h2>Terapia hormonal<\/h2><p>Terapia hormonal usa drogas para cambiar el funcionamiento de las hormonas en el cuerpo. Se administra para ayudar a reducir la posibilidad de que el c\u00e1ncer regrese. Tambi\u00e9n se puede usar para tratar un c\u00e1ncer que ha regresado despu\u00e9s del tratamiento o se ha propagado.  <\/p><p>La terapia hormonal se administra a mujeres con c\u00e1nceres que son sensibles a las hormonas o dependientes de hormonas y este tratamiento puede retrasar o detener el crecimiento del c\u00e1ncer. Esto es por cualquiera a) reducir los niveles de hormonas en su cuerpo, o b) reducir la capacidad de las c\u00e9lulas cancerosas para responder a las hormonas y detener su crecimiento. La terapia hormonal se utiliza principalmente en el c\u00e1ncer de mama durante un largo per\u00edodo de tiempo, entre 5 y 10 a\u00f1os.    <\/p><p>Algunas de estas son las mismas hormonas necesarias para la fertilidad, por lo que el tratamiento puede afectar su capacidad para quedar embarazada y tener un beb\u00e9.<\/p><p>Algunas terapias hormonales comunes son tamoxifeno, goserelina (Zoladex) o leuprorelina (Prostap), anastrozol (Arimidex), letrozol (Femara) y exemestano (Aromasin).<\/p><p>Las hormonas anteriores pueden hacer que sus per\u00edodos sean irregulares o se detengan. Pueden comenzar de nuevo unos meses despu\u00e9s de que haya terminado de tomarlo, siempre que no haya pasado por la menopausia de forma natural mientras tomaba el medicamento. Debido al tiempo durante el cual se toman las hormonas, puede ser dif\u00edcil saber si ha comenzado la menopausia mientras las toma. Es posible que solo cuando termine de tomar los tratamientos hormonales se d\u00e9 cuenta de que ha comenzado su menopausia.   <\/p><p>La terapia hormonal en s\u00ed no es da\u00f1ina para el ovario, por lo que sus per\u00edodos deber\u00edan regresar unos meses despu\u00e9s de haberla interrumpido. Si sus per\u00edodos no regresan despu\u00e9s de la terapia hormonal, esto puede deberse a los efectos de otro tratamiento, como la quimioterapia, que podr\u00eda haber recibido. <\/p><p>Si parte de su tratamiento incluye terapia hormonal, se le recomendar\u00e1 que no quede embarazada durante el tratamiento y durante un tiempo despu\u00e9s. Algunas mujeres pueden optar por tomarse un descanso de su terapia hormonal para tener un beb\u00e9. Hable con su equipo de atenci\u00f3n del c\u00e1ncer sobre esto.  <\/p>\t\t\t\t\t\t\t\t<\/div>\n\t\t\t\t<\/div>\n\t\t<div class=\"elementor-element elementor-element-389efaba e-con-full e-flex e-con e-child\" data-id=\"389efaba\" data-element_type=\"container\" data-e-type=\"container\" data-settings=\"{&quot;background_background&quot;:&quot;classic&quot;}\">\n\t\t\t\t<div class=\"elementor-element elementor-element-213f02f1 elementor-widget elementor-widget-text-editor\" data-id=\"213f02f1\" data-element_type=\"widget\" data-e-type=\"widget\" data-widget_type=\"text-editor.default\">\n\t\t\t\t<div class=\"elementor-widget-container\">\n\t\t\t\t\t\t\t\t\t<h3>Los tratamientos contra el c\u00e1ncer pueden afectar a la fertilidad:<\/h3><ul><li>Al da\u00f1ar o reducir el n\u00famero de \u00f3vulos almacenados en los ovarios.<\/li><li>Al da\u00f1ar una parte del cuerpo que controla las hormonas de la fertilidad.<\/li><li>Al da\u00f1ar o eliminar una parte del aparato reproductor femenino.<\/li><\/ul><p>Las formas en que los tratamientos contra el c\u00e1ncer afectan a la fertilidad dependen del tipo de c\u00e1ncer y del tratamiento que se le aplique.<\/p><p>Sin embargo, no todas las mujeres j\u00f3venes que reciben tratamiento contra el c\u00e1ncer tendr\u00e1n problemas de fertilidad en el futuro.<\/p>\t\t\t\t\t\t\t\t<\/div>\n\t\t\t\t<\/div>\n\t\t\t\t<\/div>\n\t\t\t\t<\/div>\n\t\t<div class=\"elementor-element elementor-element-19bfa29 e-con-full e-flex e-con e-child\" data-id=\"19bfa29\" data-element_type=\"container\" data-e-type=\"container\">\n\t\t<div class=\"elementor-element elementor-element-133a0102 e-con-full e-flex e-con e-child\" data-id=\"133a0102\" data-element_type=\"container\" data-e-type=\"container\">\n\t\t\t\t<div class=\"elementor-element elementor-element-38534fc9 elementor-widget elementor-widget-image\" data-id=\"38534fc9\" data-element_type=\"widget\" data-e-type=\"widget\" data-widget_type=\"image.default\">\n\t\t\t\t<div class=\"elementor-widget-container\">\n\t\t\t\t\t\t\t\t\t\t\t\t\t\t\t\t<a href=\"http:\/\/.\/\">\n\t\t\t\t\t\t\t<img fetchpriority=\"high\" decoding=\"async\" width=\"400\" height=\"440\" src=\"https:\/\/cancerfertilityandme.org.uk\/wp-content\/uploads\/cancerfertilityandme-logo-column-adult-women.png\" class=\"attachment-full size-full wp-image-2286\" alt=\"\" srcset=\"https:\/\/cancerfertilityandme.org.uk\/wp-content\/uploads\/cancerfertilityandme-logo-column-adult-women.png 400w, https:\/\/cancerfertilityandme.org.uk\/wp-content\/uploads\/cancerfertilityandme-logo-column-adult-women-273x300.png 273w\" sizes=\"(max-width: 400px) 100vw, 400px\" \/>\t\t\t\t\t\t\t\t<\/a>\n\t\t\t\t\t\t\t\t\t\t\t\t\t\t\t<\/div>\n\t\t\t\t<\/div>\n\t\t\t\t<\/div>\n\t\t<div class=\"elementor-element elementor-element-2450a12b e-con-full e-flex e-con e-child\" data-id=\"2450a12b\" data-element_type=\"container\" data-e-type=\"container\">\n\t\t\t\t<div class=\"elementor-element elementor-element-52b3e8b4 elementor-widget elementor-widget-heading\" data-id=\"52b3e8b4\" data-element_type=\"widget\" data-e-type=\"widget\" data-widget_type=\"heading.default\">\n\t\t\t\t<div class=\"elementor-widget-container\">\n\t\t\t\t\t<h3 class=\"elementor-heading-title elementor-size-default\">Siga estos enlaces para obtener m\u00e1s informaci\u00f3n<\/h3>\t\t\t\t<\/div>\n\t\t\t\t<\/div>\n\t\t\t\t<div class=\"elementor-element elementor-element-322240e8 elementor-nav-menu--dropdown-none elementor-widget elementor-widget-nav-menu\" data-id=\"322240e8\" data-element_type=\"widget\" data-e-type=\"widget\" data-settings=\"{&quot;layout&quot;:&quot;vertical&quot;,&quot;submenu_icon&quot;:{&quot;value&quot;:&quot;&lt;svg aria-hidden=\\&quot;true\\&quot; class=\\&quot;e-font-icon-svg e-fas-caret-down\\&quot; viewBox=\\&quot;0 0 320 512\\&quot; xmlns=\\&quot;http:\\\/\\\/www.w3.org\\\/2000\\\/svg\\&quot;&gt;&lt;path d=\\&quot;M31.3 192h257.3c17.8 0 26.7 21.5 14.1 34.1L174.1 354.8c-7.8 7.8-20.5 7.8-28.3 0L17.2 226.1C4.6 213.5 13.5 192 31.3 192z\\&quot;&gt;&lt;\\\/path&gt;&lt;\\\/svg&gt;&quot;,&quot;library&quot;:&quot;fa-solid&quot;}}\" data-widget_type=\"nav-menu.default\">\n\t\t\t\t<div class=\"elementor-widget-container\">\n\t\t\t\t\t\t\t\t<nav aria-label=\"Menu\" class=\"elementor-nav-menu--main elementor-nav-menu__container elementor-nav-menu--layout-vertical e--pointer-none\">\n\t\t\t\t<ul id=\"menu-1-322240e8\" class=\"elementor-nav-menu sm-vertical\"><li class=\"menu-item menu-item-type-post_type menu-item-object-page menu-item-6859\"><a href=\"https:\/\/cancerfertilityandme.org.uk\/adult-women\/cancer-fertility-and-the-reproductive-system\/\" class=\"elementor-item\">El c\u00e1ncer, la fertilidad y el sistema reproductivo<\/a><\/li>\n<li class=\"menu-item menu-item-type-post_type menu-item-object-page menu-item-6853\"><a href=\"https:\/\/cancerfertilityandme.org.uk\/adult-women\/cancer-fertility-and-the-reproductive-system\/how-cancer-treatments-affect-fertility\/\" class=\"elementor-item\">C\u00f3mo afectan los tratamientos contra el c\u00e1ncer a la fertilidad<\/a><\/li>\n<li class=\"menu-item menu-item-type-post_type menu-item-object-page menu-item-6851\"><a href=\"https:\/\/cancerfertilityandme.org.uk\/adult-women\/cancer-fertility-and-the-reproductive-system\/chemotherapy\/\" class=\"elementor-item\">Chemotherapy<\/a><\/li>\n<li class=\"menu-item menu-item-type-post_type menu-item-object-page menu-item-6856\"><a href=\"https:\/\/cancerfertilityandme.org.uk\/adult-women\/cancer-fertility-and-the-reproductive-system\/radiotherapy\/\" class=\"elementor-item\">Radiotherapy<\/a><\/li>\n<li class=\"menu-item menu-item-type-post_type menu-item-object-page menu-item-6857\"><a href=\"https:\/\/cancerfertilityandme.org.uk\/adult-women\/cancer-fertility-and-the-reproductive-system\/surgery\/\" class=\"elementor-item\">Cirug\u00eda<\/a><\/li>\n<li class=\"menu-item menu-item-type-post_type menu-item-object-page menu-item-6852\"><a href=\"https:\/\/cancerfertilityandme.org.uk\/adult-women\/cancer-fertility-and-the-reproductive-system\/hormone-therapy\/\" class=\"elementor-item\">Terapia hormonal<\/a><\/li>\n<li class=\"menu-item menu-item-type-post_type menu-item-object-page menu-item-6858\"><a href=\"https:\/\/cancerfertilityandme.org.uk\/adult-women\/cancer-fertility-and-the-reproductive-system\/targeted-drug-therapies\/\" class=\"elementor-item\">Terapias farmacol\u00f3gicas dirigidas<\/a><\/li>\n<li class=\"menu-item menu-item-type-post_type menu-item-object-page menu-item-6855\"><a href=\"https:\/\/cancerfertilityandme.org.uk\/adult-women\/cancer-fertility-and-the-reproductive-system\/questions-to-ask\/\" class=\"elementor-item\">Preguntas que hacer<\/a><\/li>\n<\/ul>\t\t\t<\/nav>\n\t\t\t\t\t\t<nav class=\"elementor-nav-menu--dropdown elementor-nav-menu__container\" aria-hidden=\"true\">\n\t\t\t\t<ul id=\"menu-2-322240e8\" class=\"elementor-nav-menu sm-vertical\"><li class=\"menu-item menu-item-type-post_type menu-item-object-page menu-item-6859\"><a href=\"https:\/\/cancerfertilityandme.org.uk\/adult-women\/cancer-fertility-and-the-reproductive-system\/\" class=\"elementor-item\" tabindex=\"-1\">El c\u00e1ncer, la fertilidad y el sistema reproductivo<\/a><\/li>\n<li class=\"menu-item menu-item-type-post_type menu-item-object-page menu-item-6853\"><a href=\"https:\/\/cancerfertilityandme.org.uk\/adult-women\/cancer-fertility-and-the-reproductive-system\/how-cancer-treatments-affect-fertility\/\" class=\"elementor-item\" tabindex=\"-1\">C\u00f3mo afectan los tratamientos contra el c\u00e1ncer a la fertilidad<\/a><\/li>\n<li class=\"menu-item menu-item-type-post_type menu-item-object-page menu-item-6851\"><a href=\"https:\/\/cancerfertilityandme.org.uk\/adult-women\/cancer-fertility-and-the-reproductive-system\/chemotherapy\/\" class=\"elementor-item\" tabindex=\"-1\">Chemotherapy<\/a><\/li>\n<li class=\"menu-item menu-item-type-post_type menu-item-object-page menu-item-6856\"><a href=\"https:\/\/cancerfertilityandme.org.uk\/adult-women\/cancer-fertility-and-the-reproductive-system\/radiotherapy\/\" class=\"elementor-item\" tabindex=\"-1\">Radiotherapy<\/a><\/li>\n<li class=\"menu-item menu-item-type-post_type menu-item-object-page menu-item-6857\"><a href=\"https:\/\/cancerfertilityandme.org.uk\/adult-women\/cancer-fertility-and-the-reproductive-system\/surgery\/\" class=\"elementor-item\" tabindex=\"-1\">Cirug\u00eda<\/a><\/li>\n<li class=\"menu-item menu-item-type-post_type menu-item-object-page menu-item-6852\"><a href=\"https:\/\/cancerfertilityandme.org.uk\/adult-women\/cancer-fertility-and-the-reproductive-system\/hormone-therapy\/\" class=\"elementor-item\" tabindex=\"-1\">Terapia hormonal<\/a><\/li>\n<li class=\"menu-item menu-item-type-post_type menu-item-object-page menu-item-6858\"><a href=\"https:\/\/cancerfertilityandme.org.uk\/adult-women\/cancer-fertility-and-the-reproductive-system\/targeted-drug-therapies\/\" class=\"elementor-item\" tabindex=\"-1\">Terapias farmacol\u00f3gicas dirigidas<\/a><\/li>\n<li class=\"menu-item menu-item-type-post_type menu-item-object-page menu-item-6855\"><a href=\"https:\/\/cancerfertilityandme.org.uk\/adult-women\/cancer-fertility-and-the-reproductive-system\/questions-to-ask\/\" class=\"elementor-item\" tabindex=\"-1\">Preguntas que hacer<\/a><\/li>\n<\/ul>\t\t\t<\/nav>\n\t\t\t\t\t\t<\/div>\n\t\t\t\t<\/div>\n\t\t\t\t<\/div>\n\t\t\t\t<\/div>\n\t\t\t\t\t<\/div>\n\t\t\t\t<\/main>\n\t\t\t\t<\/div>\n\t\t","protected":false},"excerpt":{"rendered":"<p>Terapia hormonal Terapia hormonal usa drogas para cambiar el funcionamiento de las hormonas en el cuerpo. Se administra para ayudar a reducir la posibilidad de que el c\u00e1ncer regrese. Tambi\u00e9n se puede usar para tratar un c\u00e1ncer que ha regresado despu\u00e9s del tratamiento o se ha propagado. La terapia hormonal se administra a mujeres con [&hellip;]<\/p>\n","protected":false},"author":1,"featured_media":0,"parent":6072,"menu_order":0,"comment_status":"closed","ping_status":"open","template":"","meta":{"footnotes":""},"class_list":["post-6128","page","type-page","status-publish","hentry"],"_links":{"self":[{"href":"https:\/\/cancerfertilityandme.org.uk\/es\/wp-json\/wp\/v2\/pages\/6128","targetHints":{"allow":["GET"]}}],"collection":[{"href":"https:\/\/cancerfertilityandme.org.uk\/es\/wp-json\/wp\/v2\/pages"}],"about":[{"href":"https:\/\/cancerfertilityandme.org.uk\/es\/wp-json\/wp\/v2\/types\/page"}],"author":[{"embeddable":true,"href":"https:\/\/cancerfertilityandme.org.uk\/es\/wp-json\/wp\/v2\/users\/1"}],"replies":[{"embeddable":true,"href":"https:\/\/cancerfertilityandme.org.uk\/es\/wp-json\/wp\/v2\/comments?post=6128"}],"version-history":[{"count":3,"href":"https:\/\/cancerfertilityandme.org.uk\/es\/wp-json\/wp\/v2\/pages\/6128\/revisions"}],"predecessor-version":[{"id":9359,"href":"https:\/\/cancerfertilityandme.org.uk\/es\/wp-json\/wp\/v2\/pages\/6128\/revisions\/9359"}],"up":[{"embeddable":true,"href":"https:\/\/cancerfertilityandme.org.uk\/es\/wp-json\/wp\/v2\/pages\/6072"}],"wp:attachment":[{"href":"https:\/\/cancerfertilityandme.org.uk\/es\/wp-json\/wp\/v2\/media?parent=6128"}],"curies":[{"name":"wp","href":"https:\/\/api.w.org\/{rel}","templated":true}]}}