{"id":6110,"date":"2019-04-30T10:53:56","date_gmt":"2019-04-30T10:53:56","guid":{"rendered":"https:\/\/cancerfertilityandme.org.uk\/anticoncepcion-durante-el-tratamiento-contra-el-cancer\/"},"modified":"2026-03-05T16:35:38","modified_gmt":"2026-03-05T16:35:38","slug":"anticoncepcion-durante-el-tratamiento-contra-el-cancer","status":"publish","type":"page","link":"https:\/\/cancerfertilityandme.org.uk\/es\/mujeres-adultas\/anticoncepcion-y-planificacion-familiar\/anticoncepcion-durante-el-tratamiento-contra-el-cancer\/","title":{"rendered":"Anticoncepci\u00f3n durante el tratamiento contra el c\u00e1ncer."},"content":{"rendered":"\t\t<div data-elementor-type=\"wp-page\" data-elementor-id=\"6110\" class=\"elementor elementor-6110 elementor-5713\" data-elementor-post-type=\"page\">\n\t\t\t\t<main class=\"elementor-element elementor-element-43c0269a e-flex e-con-boxed e-con e-parent\" data-id=\"43c0269a\" data-element_type=\"container\" data-e-type=\"container\">\n\t\t\t\t\t<div class=\"e-con-inner\">\n\t\t<div class=\"elementor-element elementor-element-475ec412 e-con-full e-flex e-con e-child\" data-id=\"475ec412\" data-element_type=\"container\" data-e-type=\"container\">\n\t\t\t\t<div class=\"elementor-element elementor-element-7fac20b9 elementor-widget elementor-widget-text-editor\" data-id=\"7fac20b9\" data-element_type=\"widget\" data-e-type=\"widget\" data-widget_type=\"text-editor.default\">\n\t\t\t\t<div class=\"elementor-widget-container\">\n\t\t\t\t\t\t\t\t\t<h2>Anticoncepci\u00f3n durante el tratamiento contra el c\u00e1ncer.<\/h2>\n<p>Se recomienda encarecidamente a las mujeres que no se queden embarazadas durante el tratamiento contra el c\u00e1ncer. Esto se debe a que los tratamientos contra el c\u00e1ncer pueden da\u00f1ar al feto en las primeras etapas de su desarrollo. Aunque tu ciclo se detenga durante el tratamiento, esto no significa que no puedas quedarte embarazada.  <\/p>\n<p>Si eres sexualmente activa, debes utilizar un m\u00e9todo anticonceptivo fiable durante el tratamiento contra el c\u00e1ncer. <b>La imagen de abajo <\/b>muestra los diferentes tipos de anticonceptivos que hay que tener en cuenta.<\/p>\n<p>Se recomienda que las mujeres en tratamiento hormonal utilicen m\u00e9todos anticonceptivos no hormonales. Entre ellos se encuentran los preservativos, los preservativos femeninos y los diafragmas. La p\u00edldora anticonceptiva est\u00e1 menos recomendada para las mujeres con c\u00e1nceres sensibles a las hormonas. Esto se debe a que existe la posibilidad de que las hormonas de la p\u00edldora anticonceptiva estimulen las c\u00e9lulas cancerosas restantes.   <\/p>\n<p>Es aconsejable hablar de los diferentes m\u00e9todos anticonceptivos con el equipo de tratamiento contra el c\u00e1ncer. Pueden remitirte a una cl\u00ednica de planificaci\u00f3n familiar o a tu m\u00e9dico de cabecera para que te asesore. <\/p>\n<p>Las siguientes preguntas pueden ayudarte a hablar con tu equipo de atenci\u00f3n al c\u00e1ncer o con tu m\u00e9dico de familia sobre la anticoncepci\u00f3n.<\/p>\n<ul>\n<li>\u00bfQu\u00e9 anticonceptivo me conviene m\u00e1s durante el tratamiento contra el c\u00e1ncer?<\/li>\n<li>\u00bfDurante cu\u00e1nto tiempo debo utilizar este anticonceptivo?<\/li>\n<li>\u00bfDebo utilizar m\u00e9todos anticonceptivos no hormonales para mi tipo de c\u00e1ncer?<\/li>\n<li>Si no tengo la menstruaci\u00f3n durante el tratamiento contra el c\u00e1ncer, \u00bfdebo seguir utilizando anticonceptivos?<\/li>\n<li>\u00bfMe afectar\u00e1 a m\u00ed o a mi hijo por nacer si decido no utilizar m\u00e9todos anticonceptivos y me quedo embarazada durante el tratamiento contra el c\u00e1ncer?<\/li>\n<\/ul>\t\t\t\t\t\t\t\t<\/div>\n\t\t\t\t<\/div>\n\t\t\t\t<div class=\"elementor-element elementor-element-0a2317e elementor-widget elementor-widget-image\" data-id=\"0a2317e\" data-element_type=\"widget\" data-e-type=\"widget\" data-widget_type=\"image.default\">\n\t\t\t\t<div class=\"elementor-widget-container\">\n\t\t\t\t\t\t\t\t\t\t\t\t\t\t\t<img fetchpriority=\"high\" decoding=\"async\" width=\"800\" height=\"323\" src=\"https:\/\/cancerfertilityandme.org.uk\/wp-content\/uploads\/ES-05-2-1024x413.png\" class=\"attachment-large size-large wp-image-5738\" alt=\"Anticoncepci\u00f3n durante el tratamiento contra el c\u00e1ncer.\" srcset=\"https:\/\/cancerfertilityandme.org.uk\/wp-content\/uploads\/ES-05-2-1024x413.png 1024w, https:\/\/cancerfertilityandme.org.uk\/wp-content\/uploads\/ES-05-2-300x121.png 300w, https:\/\/cancerfertilityandme.org.uk\/wp-content\/uploads\/ES-05-2-768x310.png 768w, https:\/\/cancerfertilityandme.org.uk\/wp-content\/uploads\/ES-05-2.png 1028w\" sizes=\"(max-width: 800px) 100vw, 800px\" \/>\t\t\t\t\t\t\t\t\t\t\t\t\t\t\t<\/div>\n\t\t\t\t<\/div>\n\t\t<div class=\"elementor-element elementor-element-fc74772 e-con-full e-flex e-con e-child\" data-id=\"fc74772\" data-element_type=\"container\" data-e-type=\"container\" data-settings=\"{&quot;background_background&quot;:&quot;classic&quot;}\">\n\t\t\t\t<div class=\"elementor-element elementor-element-7e37a2fd elementor-widget elementor-widget-text-editor\" data-id=\"7e37a2fd\" data-element_type=\"widget\" data-e-type=\"widget\" data-widget_type=\"text-editor.default\">\n\t\t\t\t<div class=\"elementor-widget-container\">\n\t\t\t\t\t\t\t\t\t<p>No todas las mujeres que se someten a un tratamiento contra el c\u00e1ncer tienen problemas de fertilidad. Algunas mujeres pueden enfrentarse a una p\u00e9rdida permanente de la fertilidad tras el tratamiento contra el c\u00e1ncer. Esto puede ser molesto y dif\u00edcil de aceptar. Puede llegar en el momento en que una mujer est\u00e1 planeando formar una familia o antes de que la familia de una mujer est\u00e9 completa.   <\/p><p>Si este es tu caso, puede resultarte \u00fatil buscar asesoramiento profesional. Puedes recurrir a los servicios de fertilidad, donde habr\u00e1 alguien que no est\u00e9 directamente implicado en tu tratamiento de fertilidad. Se enumeran otras organizaciones de asesoramiento que pueden ofrecer este apoyo espec\u00edfico. <a href=\"https:\/\/en.cancerfertilityandme.org.uk\/more-information\/useful-contacts\">aqu\u00ed<\/a>. Adem\u00e1s de ofrecer apoyo emocional, podr\u00e1n ofrecer informaci\u00f3n sobre otras opciones. Entre ellas se encuentran la gestaci\u00f3n subrogada, la adopci\u00f3n y la acogida. Tambi\u00e9n pueden asesorar sobre los m\u00e9todos de embarazo asistido, como los \u00f3vulos y embriones de donantes o el uso de sus propios \u00f3vulos, embriones y tejido ov\u00e1rico guardado.     <\/p><p>El sitio web de la HEFA <a href=\"http:\/\/www.hfea.gov.uk\" target=\"_blank\" rel=\"noopener\">www.hfea.gov.uk<\/a> contiene m\u00e1s informaci\u00f3n sobre la donaci\u00f3n de \u00f3vulos o embriones y la gestaci\u00f3n subrogada.<\/p><p>Las organizaciones que figuran <a href=\"#\">aqu\u00ed <\/a>incluyen informaci\u00f3n y apoyo para las personas interesadas en la acogida y la adopci\u00f3n.<\/p>\t\t\t\t\t\t\t\t<\/div>\n\t\t\t\t<\/div>\n\t\t\t\t<\/div>\n\t\t\t\t<\/div>\n\t\t<div class=\"elementor-element elementor-element-6dd782a2 e-con-full e-flex e-con e-child\" data-id=\"6dd782a2\" data-element_type=\"container\" data-e-type=\"container\">\n\t\t<div class=\"elementor-element elementor-element-b9ecefe e-con-full e-flex e-con e-child\" data-id=\"b9ecefe\" data-element_type=\"container\" data-e-type=\"container\">\n\t\t\t\t<div class=\"elementor-element elementor-element-503b5a03 elementor-widget elementor-widget-image\" data-id=\"503b5a03\" data-element_type=\"widget\" data-e-type=\"widget\" data-widget_type=\"image.default\">\n\t\t\t\t<div class=\"elementor-widget-container\">\n\t\t\t\t\t\t\t\t\t\t\t\t\t\t\t\t<a href=\"http:\/\/.\/\">\n\t\t\t\t\t\t\t<img decoding=\"async\" width=\"400\" height=\"440\" src=\"https:\/\/cancerfertilityandme.org.uk\/wp-content\/uploads\/cancerfertilityandme-logo-column-adult-women.png\" class=\"attachment-full size-full wp-image-2286\" alt=\"\" srcset=\"https:\/\/cancerfertilityandme.org.uk\/wp-content\/uploads\/cancerfertilityandme-logo-column-adult-women.png 400w, https:\/\/cancerfertilityandme.org.uk\/wp-content\/uploads\/cancerfertilityandme-logo-column-adult-women-273x300.png 273w\" sizes=\"(max-width: 400px) 100vw, 400px\" \/>\t\t\t\t\t\t\t\t<\/a>\n\t\t\t\t\t\t\t\t\t\t\t\t\t\t\t<\/div>\n\t\t\t\t<\/div>\n\t\t\t\t<\/div>\n\t\t<div class=\"elementor-element elementor-element-24f8d263 e-con-full e-flex e-con e-child\" data-id=\"24f8d263\" data-element_type=\"container\" data-e-type=\"container\">\n\t\t\t\t<div class=\"elementor-element elementor-element-56b68a21 elementor-widget elementor-widget-heading\" data-id=\"56b68a21\" data-element_type=\"widget\" data-e-type=\"widget\" data-widget_type=\"heading.default\">\n\t\t\t\t<div class=\"elementor-widget-container\">\n\t\t\t\t\t<h3 class=\"elementor-heading-title elementor-size-default\">Siga estos enlaces para obtener m\u00e1s informaci\u00f3n<\/h3>\t\t\t\t<\/div>\n\t\t\t\t<\/div>\n\t\t\t\t<div class=\"elementor-element elementor-element-27951d47 elementor-nav-menu--dropdown-none elementor-widget elementor-widget-nav-menu\" data-id=\"27951d47\" data-element_type=\"widget\" data-e-type=\"widget\" data-settings=\"{&quot;layout&quot;:&quot;vertical&quot;,&quot;submenu_icon&quot;:{&quot;value&quot;:&quot;&lt;svg aria-hidden=\\&quot;true\\&quot; class=\\&quot;e-font-icon-svg e-fas-caret-down\\&quot; viewBox=\\&quot;0 0 320 512\\&quot; xmlns=\\&quot;http:\\\/\\\/www.w3.org\\\/2000\\\/svg\\&quot;&gt;&lt;path d=\\&quot;M31.3 192h257.3c17.8 0 26.7 21.5 14.1 34.1L174.1 354.8c-7.8 7.8-20.5 7.8-28.3 0L17.2 226.1C4.6 213.5 13.5 192 31.3 192z\\&quot;&gt;&lt;\\\/path&gt;&lt;\\\/svg&gt;&quot;,&quot;library&quot;:&quot;fa-solid&quot;}}\" data-widget_type=\"nav-menu.default\">\n\t\t\t\t<div class=\"elementor-widget-container\">\n\t\t\t\t\t\t\t\t<nav aria-label=\"Menu\" class=\"elementor-nav-menu--main elementor-nav-menu__container elementor-nav-menu--layout-vertical e--pointer-none\">\n\t\t\t\t<ul id=\"menu-1-27951d47\" class=\"elementor-nav-menu sm-vertical\"><li class=\"menu-item menu-item-type-post_type menu-item-object-page menu-item-6971\"><a href=\"https:\/\/cancerfertilityandme.org.uk\/adult-women\/contraception-family-planning\/\" class=\"elementor-item\">Anticoncepci\u00f3n y planificaci\u00f3n familiar<\/a><\/li>\n<li class=\"menu-item menu-item-type-post_type menu-item-object-page menu-item-6972\"><a href=\"https:\/\/cancerfertilityandme.org.uk\/adult-women\/contraception-family-planning\/contraception-during-cancer-treatment\/\" class=\"elementor-item\">Anticoncepci\u00f3n durante el tratamiento contra el c\u00e1ncer.<\/a><\/li>\n<li class=\"menu-item menu-item-type-post_type menu-item-object-page menu-item-6973\"><a href=\"https:\/\/cancerfertilityandme.org.uk\/adult-women\/contraception-family-planning\/family-planning-decisions-after-cancer-treatment\/\" class=\"elementor-item\">Decisiones de planificaci\u00f3n familiar tras el tratamiento contra el c\u00e1ncer<\/a><\/li>\n<li class=\"menu-item menu-item-type-post_type menu-item-object-page menu-item-8692\"><a href=\"https:\/\/cancerfertilityandme.org.uk\/adult-women\/making-your-fertility-preservation-decision\/questions-to-ask-your-cancer-care-team-or-gp\/\" class=\"elementor-item\">Preguntas para tu equipo de atenci\u00f3n al c\u00e1ncer o tu m\u00e9dico de familia<\/a><\/li>\n<\/ul>\t\t\t<\/nav>\n\t\t\t\t\t\t<nav class=\"elementor-nav-menu--dropdown elementor-nav-menu__container\" aria-hidden=\"true\">\n\t\t\t\t<ul id=\"menu-2-27951d47\" class=\"elementor-nav-menu sm-vertical\"><li class=\"menu-item menu-item-type-post_type menu-item-object-page menu-item-6971\"><a href=\"https:\/\/cancerfertilityandme.org.uk\/adult-women\/contraception-family-planning\/\" class=\"elementor-item\" tabindex=\"-1\">Anticoncepci\u00f3n y planificaci\u00f3n familiar<\/a><\/li>\n<li class=\"menu-item menu-item-type-post_type menu-item-object-page menu-item-6972\"><a href=\"https:\/\/cancerfertilityandme.org.uk\/adult-women\/contraception-family-planning\/contraception-during-cancer-treatment\/\" class=\"elementor-item\" tabindex=\"-1\">Anticoncepci\u00f3n durante el tratamiento contra el c\u00e1ncer.<\/a><\/li>\n<li class=\"menu-item menu-item-type-post_type menu-item-object-page menu-item-6973\"><a href=\"https:\/\/cancerfertilityandme.org.uk\/adult-women\/contraception-family-planning\/family-planning-decisions-after-cancer-treatment\/\" class=\"elementor-item\" tabindex=\"-1\">Decisiones de planificaci\u00f3n familiar tras el tratamiento contra el c\u00e1ncer<\/a><\/li>\n<li class=\"menu-item menu-item-type-post_type menu-item-object-page menu-item-8692\"><a href=\"https:\/\/cancerfertilityandme.org.uk\/adult-women\/making-your-fertility-preservation-decision\/questions-to-ask-your-cancer-care-team-or-gp\/\" class=\"elementor-item\" tabindex=\"-1\">Preguntas para tu equipo de atenci\u00f3n al c\u00e1ncer o tu m\u00e9dico de familia<\/a><\/li>\n<\/ul>\t\t\t<\/nav>\n\t\t\t\t\t\t<\/div>\n\t\t\t\t<\/div>\n\t\t\t\t<\/div>\n\t\t\t\t<\/div>\n\t\t\t\t\t<\/div>\n\t\t\t\t<\/main>\n\t\t\t\t<\/div>\n\t\t","protected":false},"excerpt":{"rendered":"<p>Anticoncepci\u00f3n durante el tratamiento contra el c\u00e1ncer. Se recomienda encarecidamente a las mujeres que no se queden embarazadas durante el tratamiento contra el c\u00e1ncer. Esto se debe a que los tratamientos contra el c\u00e1ncer pueden da\u00f1ar al feto en las primeras etapas de su desarrollo. Aunque tu ciclo se detenga durante el tratamiento, esto no [&hellip;]<\/p>\n","protected":false},"author":1,"featured_media":5722,"parent":6108,"menu_order":0,"comment_status":"closed","ping_status":"open","template":"","meta":{"footnotes":""},"class_list":["post-6110","page","type-page","status-publish","has-post-thumbnail","hentry"],"_links":{"self":[{"href":"https:\/\/cancerfertilityandme.org.uk\/es\/wp-json\/wp\/v2\/pages\/6110","targetHints":{"allow":["GET"]}}],"collection":[{"href":"https:\/\/cancerfertilityandme.org.uk\/es\/wp-json\/wp\/v2\/pages"}],"about":[{"href":"https:\/\/cancerfertilityandme.org.uk\/es\/wp-json\/wp\/v2\/types\/page"}],"author":[{"embeddable":true,"href":"https:\/\/cancerfertilityandme.org.uk\/es\/wp-json\/wp\/v2\/users\/1"}],"replies":[{"embeddable":true,"href":"https:\/\/cancerfertilityandme.org.uk\/es\/wp-json\/wp\/v2\/comments?post=6110"}],"version-history":[{"count":8,"href":"https:\/\/cancerfertilityandme.org.uk\/es\/wp-json\/wp\/v2\/pages\/6110\/revisions"}],"predecessor-version":[{"id":11043,"href":"https:\/\/cancerfertilityandme.org.uk\/es\/wp-json\/wp\/v2\/pages\/6110\/revisions\/11043"}],"up":[{"embeddable":true,"href":"https:\/\/cancerfertilityandme.org.uk\/es\/wp-json\/wp\/v2\/pages\/6108"}],"wp:featuredmedia":[{"embeddable":true,"href":"https:\/\/cancerfertilityandme.org.uk\/es\/wp-json\/wp\/v2\/media\/5722"}],"wp:attachment":[{"href":"https:\/\/cancerfertilityandme.org.uk\/es\/wp-json\/wp\/v2\/media?parent=6110"}],"curies":[{"name":"wp","href":"https:\/\/api.w.org\/{rel}","templated":true}]}}