{"id":6108,"date":"2019-04-30T10:02:07","date_gmt":"2019-04-30T10:02:07","guid":{"rendered":"https:\/\/cancerfertilityandme.org.uk\/anticoncepcion-y-planificacion-familiar\/"},"modified":"2026-02-06T16:47:48","modified_gmt":"2026-02-06T16:47:48","slug":"anticoncepcion-y-planificacion-familiar","status":"publish","type":"page","link":"https:\/\/cancerfertilityandme.org.uk\/es\/mujeres-adultas\/anticoncepcion-y-planificacion-familiar\/","title":{"rendered":"Anticoncepci\u00f3n y planificaci\u00f3n familiar"},"content":{"rendered":"\t\t<div data-elementor-type=\"wp-page\" data-elementor-id=\"6108\" class=\"elementor elementor-6108 elementor-5711\" data-elementor-post-type=\"page\">\n\t\t\t\t<main class=\"elementor-element elementor-element-6673bcb8 e-flex e-con-boxed e-con e-parent\" data-id=\"6673bcb8\" data-element_type=\"container\" data-e-type=\"container\">\n\t\t\t\t\t<div class=\"e-con-inner\">\n\t\t<div class=\"elementor-element elementor-element-5e4429c6 e-con-full e-flex e-con e-child\" data-id=\"5e4429c6\" data-element_type=\"container\" data-e-type=\"container\">\n\t\t\t\t<div class=\"elementor-element elementor-element-14b5a19a elementor-widget elementor-widget-text-editor\" data-id=\"14b5a19a\" data-element_type=\"widget\" data-e-type=\"widget\" data-widget_type=\"text-editor.default\">\n\t\t\t\t<div class=\"elementor-widget-container\">\n\t\t\t\t\t\t\t\t\t<h2>Anticoncepci\u00f3n y planificaci\u00f3n familiar<\/h2><p>Mientras que <a href=\"https:\/\/cancerfertilityandme.org.uk\/es\/mujeres-adultas\/opciones-de-preservacion-de-la-fertilidad-2\/\">la secci\u00f3n Opciones de preservaci\u00f3n de la fertilidad<\/a> de este sitio web se centra en ayudarte a tomar las decisiones de preservaci\u00f3n de la fertilidad adecuadas para ti, antes de empezar el tratamiento oncol\u00f3gico, esta secci\u00f3n proporciona informaci\u00f3n sobre la <a href=\"https:\/\/cancerfertilityandme.org.uk\/es\/contraception-during-cancer-treatment-2\/\">anticoncepci\u00f3n<\/a> y <a href=\"https:\/\/cancerfertilityandme.org.uk\/es\/family-planning-decisions-after-cancer-treatment-2\/\">las decisiones de planificaci\u00f3n familiar<\/a> que puedes querer tomar, durante y despu\u00e9s del tratamiento oncol\u00f3gico.<\/p>\t\t\t\t\t\t\t\t<\/div>\n\t\t\t\t<\/div>\n\t\t<a class=\"elementor-element elementor-element-5b32f1d6 e-con-full link-box e-flex e-con e-child\" data-id=\"5b32f1d6\" data-element_type=\"container\" data-e-type=\"container\" data-settings=\"{&quot;background_background&quot;:&quot;classic&quot;}\" href=\"https:\/\/cancerfertilityandme.org.uk\/es\/mujeres-adultas\/anticoncepcion-y-planificacion-familiar\/anticoncepcion-durante-el-tratamiento-contra-el-cancer\/\">\n\t\t\t\t<div class=\"elementor-element elementor-element-1bc7bf98 elementor-widget elementor-widget-text-editor\" data-id=\"1bc7bf98\" data-element_type=\"widget\" data-e-type=\"widget\" data-widget_type=\"text-editor.default\">\n\t\t\t\t<div class=\"elementor-widget-container\">\n\t\t\t\t\t\t\t\t\t<h3>Durante el tratamiento contra el c\u00e1ncer:<\/h3><p>Estas decisiones pueden incluir qu\u00e9 tipo de anticonceptivo utilizar.<\/p>\t\t\t\t\t\t\t\t<\/div>\n\t\t\t\t<\/div>\n\t\t\t\t<\/a>\n\t\t<a class=\"elementor-element elementor-element-9832be9 e-con-full link-box e-flex e-con e-child\" data-id=\"9832be9\" data-element_type=\"container\" data-e-type=\"container\" data-settings=\"{&quot;background_background&quot;:&quot;classic&quot;}\" href=\"https:\/\/cancerfertilityandme.org.uk\/es\/mujeres-adultas\/anticoncepcion-y-planificacion-familiar\/decisiones-de-planificacion-familiar-tras-el-tratamiento-contra-el-cancer\/\">\n\t\t\t\t<div class=\"elementor-element elementor-element-a8cc30f elementor-widget elementor-widget-text-editor\" data-id=\"a8cc30f\" data-element_type=\"widget\" data-e-type=\"widget\" data-widget_type=\"text-editor.default\">\n\t\t\t\t<div class=\"elementor-widget-container\">\n\t\t\t\t\t\t\t\t\t<h3>Despu\u00e9s del tratamiento contra el c\u00e1ncer y el seguimiento:<\/h3><p>Estas decisiones pueden incluir el tipo de anticonceptivo que vas a utilizar, los m\u00e9todos de prueba de fertilidad que vas a realizar y la planificaci\u00f3n de una futura familia.<\/p>\t\t\t\t\t\t\t\t<\/div>\n\t\t\t\t<\/div>\n\t\t\t\t<\/a>\n\t\t\t\t<\/div>\n\t\t<div class=\"elementor-element elementor-element-2b27d9b2 e-con-full e-flex e-con e-child\" data-id=\"2b27d9b2\" data-element_type=\"container\" data-e-type=\"container\">\n\t\t<div class=\"elementor-element elementor-element-98e9c8f e-con-full e-flex e-con e-child\" data-id=\"98e9c8f\" data-element_type=\"container\" data-e-type=\"container\">\n\t\t\t\t<div class=\"elementor-element elementor-element-2a0979d elementor-widget elementor-widget-image\" data-id=\"2a0979d\" data-element_type=\"widget\" data-e-type=\"widget\" data-widget_type=\"image.default\">\n\t\t\t\t<div class=\"elementor-widget-container\">\n\t\t\t\t\t\t\t\t\t\t\t\t\t\t\t\t<a href=\"http:\/\/.\/\">\n\t\t\t\t\t\t\t<img decoding=\"async\" width=\"200\" height=\"200\" src=\"https:\/\/cancerfertilityandme.org.uk\/wp-content\/uploads\/cancerfertilityandme-logo-header-young-women.png\" class=\"attachment-full size-full wp-image-333\" alt=\"\" srcset=\"https:\/\/cancerfertilityandme.org.uk\/wp-content\/uploads\/cancerfertilityandme-logo-header-young-women.png 200w, https:\/\/cancerfertilityandme.org.uk\/wp-content\/uploads\/cancerfertilityandme-logo-header-young-women-150x150.png 150w, https:\/\/cancerfertilityandme.org.uk\/wp-content\/uploads\/elementor\/thumbs\/cancerfertilityandme-logo-header-young-women-r4vfcv1ro149or8nkxzol3x986uodd6lq6no4gpb6w.png 100w\" sizes=\"(max-width: 200px) 100vw, 200px\" \/>\t\t\t\t\t\t\t\t<\/a>\n\t\t\t\t\t\t\t\t\t\t\t\t\t\t\t<\/div>\n\t\t\t\t<\/div>\n\t\t\t\t<\/div>\n\t\t<div class=\"elementor-element elementor-element-5cc6ca0b e-con-full e-flex e-con e-child\" data-id=\"5cc6ca0b\" data-element_type=\"container\" data-e-type=\"container\">\n\t\t\t\t<div class=\"elementor-element elementor-element-466d02ec elementor-widget elementor-widget-heading\" data-id=\"466d02ec\" data-element_type=\"widget\" data-e-type=\"widget\" data-widget_type=\"heading.default\">\n\t\t\t\t<div class=\"elementor-widget-container\">\n\t\t\t\t\t<h3 class=\"elementor-heading-title elementor-size-default\">Siga estos enlaces para obtener m\u00e1s informaci\u00f3n<\/h3>\t\t\t\t<\/div>\n\t\t\t\t<\/div>\n\t\t\t\t<div class=\"elementor-element elementor-element-586a5100 elementor-nav-menu--dropdown-none elementor-widget elementor-widget-nav-menu\" data-id=\"586a5100\" data-element_type=\"widget\" data-e-type=\"widget\" data-settings=\"{&quot;layout&quot;:&quot;vertical&quot;,&quot;submenu_icon&quot;:{&quot;value&quot;:&quot;&lt;svg aria-hidden=\\&quot;true\\&quot; class=\\&quot;e-font-icon-svg e-fas-caret-down\\&quot; viewBox=\\&quot;0 0 320 512\\&quot; xmlns=\\&quot;http:\\\/\\\/www.w3.org\\\/2000\\\/svg\\&quot;&gt;&lt;path d=\\&quot;M31.3 192h257.3c17.8 0 26.7 21.5 14.1 34.1L174.1 354.8c-7.8 7.8-20.5 7.8-28.3 0L17.2 226.1C4.6 213.5 13.5 192 31.3 192z\\&quot;&gt;&lt;\\\/path&gt;&lt;\\\/svg&gt;&quot;,&quot;library&quot;:&quot;fa-solid&quot;}}\" data-widget_type=\"nav-menu.default\">\n\t\t\t\t<div class=\"elementor-widget-container\">\n\t\t\t\t\t\t\t\t<nav aria-label=\"Menu\" class=\"elementor-nav-menu--main elementor-nav-menu__container elementor-nav-menu--layout-vertical e--pointer-none\">\n\t\t\t\t<ul id=\"menu-1-586a5100\" class=\"elementor-nav-menu sm-vertical\"><li class=\"menu-item menu-item-type-post_type menu-item-object-page menu-item-6971\"><a href=\"https:\/\/cancerfertilityandme.org.uk\/adult-women\/contraception-family-planning\/\" class=\"elementor-item\">Anticoncepci\u00f3n y planificaci\u00f3n familiar<\/a><\/li>\n<li class=\"menu-item menu-item-type-post_type menu-item-object-page menu-item-6972\"><a href=\"https:\/\/cancerfertilityandme.org.uk\/adult-women\/contraception-family-planning\/contraception-during-cancer-treatment\/\" class=\"elementor-item\">Anticoncepci\u00f3n durante el tratamiento contra el c\u00e1ncer.<\/a><\/li>\n<li class=\"menu-item menu-item-type-post_type menu-item-object-page menu-item-6973\"><a href=\"https:\/\/cancerfertilityandme.org.uk\/adult-women\/contraception-family-planning\/family-planning-decisions-after-cancer-treatment\/\" class=\"elementor-item\">Decisiones de planificaci\u00f3n familiar tras el tratamiento contra el c\u00e1ncer<\/a><\/li>\n<li class=\"menu-item menu-item-type-post_type menu-item-object-page menu-item-8692\"><a href=\"https:\/\/cancerfertilityandme.org.uk\/adult-women\/making-your-fertility-preservation-decision\/questions-to-ask-your-cancer-care-team-or-gp\/\" class=\"elementor-item\">Preguntas para tu equipo de atenci\u00f3n al c\u00e1ncer o tu m\u00e9dico de familia<\/a><\/li>\n<\/ul>\t\t\t<\/nav>\n\t\t\t\t\t\t<nav class=\"elementor-nav-menu--dropdown elementor-nav-menu__container\" aria-hidden=\"true\">\n\t\t\t\t<ul id=\"menu-2-586a5100\" class=\"elementor-nav-menu sm-vertical\"><li class=\"menu-item menu-item-type-post_type menu-item-object-page menu-item-6971\"><a href=\"https:\/\/cancerfertilityandme.org.uk\/adult-women\/contraception-family-planning\/\" class=\"elementor-item\" tabindex=\"-1\">Anticoncepci\u00f3n y planificaci\u00f3n familiar<\/a><\/li>\n<li class=\"menu-item menu-item-type-post_type menu-item-object-page menu-item-6972\"><a href=\"https:\/\/cancerfertilityandme.org.uk\/adult-women\/contraception-family-planning\/contraception-during-cancer-treatment\/\" class=\"elementor-item\" tabindex=\"-1\">Anticoncepci\u00f3n durante el tratamiento contra el c\u00e1ncer.<\/a><\/li>\n<li class=\"menu-item menu-item-type-post_type menu-item-object-page menu-item-6973\"><a href=\"https:\/\/cancerfertilityandme.org.uk\/adult-women\/contraception-family-planning\/family-planning-decisions-after-cancer-treatment\/\" class=\"elementor-item\" tabindex=\"-1\">Decisiones de planificaci\u00f3n familiar tras el tratamiento contra el c\u00e1ncer<\/a><\/li>\n<li class=\"menu-item menu-item-type-post_type menu-item-object-page menu-item-8692\"><a href=\"https:\/\/cancerfertilityandme.org.uk\/adult-women\/making-your-fertility-preservation-decision\/questions-to-ask-your-cancer-care-team-or-gp\/\" class=\"elementor-item\" tabindex=\"-1\">Preguntas para tu equipo de atenci\u00f3n al c\u00e1ncer o tu m\u00e9dico de familia<\/a><\/li>\n<\/ul>\t\t\t<\/nav>\n\t\t\t\t\t\t<\/div>\n\t\t\t\t<\/div>\n\t\t\t\t<\/div>\n\t\t\t\t<\/div>\n\t\t\t\t\t<\/div>\n\t\t\t\t<\/main>\n\t\t\t\t<\/div>\n\t\t","protected":false},"excerpt":{"rendered":"<p>Anticoncepci\u00f3n y planificaci\u00f3n familiar Mientras que la secci\u00f3n Opciones de preservaci\u00f3n de la fertilidad de este sitio web se centra en ayudarte a tomar las decisiones de preservaci\u00f3n de la fertilidad adecuadas para ti, antes de empezar el tratamiento oncol\u00f3gico, esta secci\u00f3n proporciona informaci\u00f3n sobre la anticoncepci\u00f3n y las decisiones de planificaci\u00f3n familiar que puedes [&hellip;]<\/p>\n","protected":false},"author":1,"featured_media":0,"parent":6770,"menu_order":0,"comment_status":"closed","ping_status":"open","template":"","meta":{"footnotes":""},"class_list":["post-6108","page","type-page","status-publish","hentry"],"_links":{"self":[{"href":"https:\/\/cancerfertilityandme.org.uk\/es\/wp-json\/wp\/v2\/pages\/6108","targetHints":{"allow":["GET"]}}],"collection":[{"href":"https:\/\/cancerfertilityandme.org.uk\/es\/wp-json\/wp\/v2\/pages"}],"about":[{"href":"https:\/\/cancerfertilityandme.org.uk\/es\/wp-json\/wp\/v2\/types\/page"}],"author":[{"embeddable":true,"href":"https:\/\/cancerfertilityandme.org.uk\/es\/wp-json\/wp\/v2\/users\/1"}],"replies":[{"embeddable":true,"href":"https:\/\/cancerfertilityandme.org.uk\/es\/wp-json\/wp\/v2\/comments?post=6108"}],"version-history":[{"count":4,"href":"https:\/\/cancerfertilityandme.org.uk\/es\/wp-json\/wp\/v2\/pages\/6108\/revisions"}],"predecessor-version":[{"id":10384,"href":"https:\/\/cancerfertilityandme.org.uk\/es\/wp-json\/wp\/v2\/pages\/6108\/revisions\/10384"}],"up":[{"embeddable":true,"href":"https:\/\/cancerfertilityandme.org.uk\/es\/wp-json\/wp\/v2\/pages\/6770"}],"wp:attachment":[{"href":"https:\/\/cancerfertilityandme.org.uk\/es\/wp-json\/wp\/v2\/media?parent=6108"}],"curies":[{"name":"wp","href":"https:\/\/api.w.org\/{rel}","templated":true}]}}