{"id":6088,"date":"2018-11-07T09:45:43","date_gmt":"2018-11-07T09:45:43","guid":{"rendered":"https:\/\/cancerfertilityandme.org.uk\/decisiones-de-planificacion-familiar-tras-el-tratamiento-contra-el-cancer\/"},"modified":"2026-03-30T12:01:17","modified_gmt":"2026-03-30T12:01:17","slug":"decisiones-de-planificacion-familiar-tras-el-tratamiento-contra-el-cancer","status":"publish","type":"page","link":"https:\/\/cancerfertilityandme.org.uk\/es\/mujeres-adultas\/anticoncepcion-y-planificacion-familiar\/decisiones-de-planificacion-familiar-tras-el-tratamiento-contra-el-cancer\/","title":{"rendered":"Decisiones de planificaci\u00f3n familiar tras el tratamiento contra el c\u00e1ncer"},"content":{"rendered":"\t\t<div data-elementor-type=\"wp-page\" data-elementor-id=\"6088\" class=\"elementor elementor-6088 elementor-5547\" data-elementor-post-type=\"page\">\n\t\t\t\t<main class=\"elementor-element elementor-element-1b5f8afe e-flex e-con-boxed e-con e-parent\" data-id=\"1b5f8afe\" data-element_type=\"container\" data-e-type=\"container\">\n\t\t\t\t\t<div class=\"e-con-inner\">\n\t\t<div class=\"elementor-element elementor-element-66cad302 e-con-full e-flex e-con e-child\" data-id=\"66cad302\" data-element_type=\"container\" data-e-type=\"container\">\n\t\t\t\t<div class=\"elementor-element elementor-element-6fc219e elementor-widget elementor-widget-text-editor\" data-id=\"6fc219e\" data-element_type=\"widget\" data-e-type=\"widget\" data-widget_type=\"text-editor.default\">\n\t\t\t\t<div class=\"elementor-widget-container\">\n\t\t\t\t\t\t\t\t\t<h2>Decisiones de planificaci\u00f3n familiar tras el tratamiento contra el c\u00e1ncer<\/h2><p>Para muchas mujeres, la decisi\u00f3n quedarse embarazada despu\u00e9s de un diagn\u00f3stico de c\u00e1ncer es dif\u00edcil. Durante este tiempo, las mujeres toman las decisiones de gesti\u00f3n de la fertilidad que mejor se adaptan a sus vidas. Entre ellas se encuentran las pruebas para comprobar tu fertilidad, la elecci\u00f3n de un m\u00e9todo anticonceptivo y la planificaci\u00f3n de tu futura familia. Esto se muestra en el diagrama de abajo.   <\/p><p>Es dif\u00edcil predecir c\u00f3mo se ver\u00e1 afectada tu fertilidad por el tratamiento contra el c\u00e1ncer. Puedes pedir a tu equipo de atenci\u00f3n al c\u00e1ncer o a tu m\u00e9dico de cabecera que te remita a una cl\u00ednica de fertilidad. El equipo de atenci\u00f3n a la fertilidad puede comprobar tu fertilidad mediante una serie de pruebas. Entre ellos se encuentran los an\u00e1lisis de sangre para comprobar los niveles de una hormona o una ecograf\u00eda de los ovarios.   <\/p><p>Algunas mujeres pueden decidir que su familia est\u00e1 completa o deciden no tener hijos despu\u00e9s de terminar el tratamiento contra el c\u00e1ncer. Su fertilidad puede volver de forma natural despu\u00e9s. Sin embargo, no todas las mujeres j\u00f3venes que reciben tratamiento contra el c\u00e1ncer tendr\u00e1n problemas de fertilidad en el futuro. Aunque no hayas vuelto a tener la menstruaci\u00f3n, puedes seguir producir \u00f3vulos y quedarte embarazada. Deber\u00edas hablar de estos distintos m\u00e9todos anticonceptivos con tu equipo de tratamiento contra el c\u00e1ncer. Pueden aconsejarte sobre las opciones y el tipo de anticonceptivo adecuado para ti. Se recomienda esperar dos a\u00f1os despu\u00e9s de completar el tratamiento contra el c\u00e1ncer antes de intentar tener un beb\u00e9.      <\/p><p>No hay datos que sugieran que el embarazo afecte a las posibilidades de que un c\u00e1ncer vuelva a aparecer. No hay datos que sugieran que la salud de los ni\u00f1os nacidos despu\u00e9s del tratamiento contra el c\u00e1ncer se vea afectada. Si est\u00e1s pensando en quedarte embarazada, habla con tu equipo de tratamiento contra el c\u00e1ncer.  <\/p>\t\t\t\t\t\t\t\t<\/div>\n\t\t\t\t<\/div>\n\t\t\t\t<div class=\"elementor-element elementor-element-6f05f21 elementor-widget elementor-widget-image\" data-id=\"6f05f21\" data-element_type=\"widget\" data-e-type=\"widget\" data-widget_type=\"image.default\">\n\t\t\t\t<div class=\"elementor-widget-container\">\n\t\t\t\t\t\t\t\t\t\t\t\t\t\t\t<img fetchpriority=\"high\" decoding=\"async\" width=\"800\" height=\"405\" src=\"https:\/\/cancerfertilityandme.org.uk\/wp-content\/uploads\/ES-06-2-1024x518.png\" class=\"attachment-large size-large wp-image-5588\" alt=\"Decisiones de planificaci\u00f3n familiar tras el tratamiento contra el c\u00e1ncer\" srcset=\"https:\/\/cancerfertilityandme.org.uk\/wp-content\/uploads\/ES-06-2-1024x518.png 1024w, https:\/\/cancerfertilityandme.org.uk\/wp-content\/uploads\/ES-06-2-300x152.png 300w, https:\/\/cancerfertilityandme.org.uk\/wp-content\/uploads\/ES-06-2-768x389.png 768w, https:\/\/cancerfertilityandme.org.uk\/wp-content\/uploads\/ES-06-2.png 1045w\" sizes=\"(max-width: 800px) 100vw, 800px\" \/>\t\t\t\t\t\t\t\t\t\t\t\t\t\t\t<\/div>\n\t\t\t\t<\/div>\n\t\t<div class=\"elementor-element elementor-element-2a6a4012 e-con-full e-flex e-con e-child\" data-id=\"2a6a4012\" data-element_type=\"container\" data-e-type=\"container\" data-settings=\"{&quot;background_background&quot;:&quot;classic&quot;}\">\n\t\t\t\t<div class=\"elementor-element elementor-element-1e7ea23e elementor-widget elementor-widget-text-editor\" data-id=\"1e7ea23e\" data-element_type=\"widget\" data-e-type=\"widget\" data-widget_type=\"text-editor.default\">\n\t\t\t\t<div class=\"elementor-widget-container\">\n\t\t\t\t\t\t\t\t\t<p>No todas las mujeres j\u00f3venes que se someten a un tratamiento contra el c\u00e1ncer tienen problemas de fertilidad; de hecho, la mayor\u00eda de las mujeres j\u00f3venes que desean tener un hijo despu\u00e9s del tratamiento contra el c\u00e1ncer pueden hacerlo. Algunas mujeres pueden enfrentarse a una p\u00e9rdida permanente de la fertilidad tras el tratamiento contra el c\u00e1ncer. Esto puede ser molesto y dif\u00edcil de aceptar. Puede llegar en el momento en que una mujer est\u00e1 planeando formar una familia o antes de que la familia de una mujer est\u00e9 completa.   <\/p><p>Si este es tu caso, puede resultarte \u00fatil buscar asesoramiento profesional. Adem\u00e1s de ofrecer apoyo emocional, podr\u00e1n ofrecer informaci\u00f3n sobre otras opciones. Entre ellas se encuentran la gestaci\u00f3n subrogada, la adopci\u00f3n y la acogida. Tambi\u00e9n pueden asesorar sobre los m\u00e9todos de embarazo asistido, como los \u00f3vulos y embriones de donantes o el uso de sus propios \u00f3vulos, embriones y tejido ov\u00e1rico guardado.   <\/p><p>El sitio web de la HEFA <a href=\"http:\/\/www.hfea.gov.uk\" target=\"_blank\" rel=\"noopener\">www.hfea.gov.uk<\/a> contiene m\u00e1s informaci\u00f3n sobre la donaci\u00f3n de \u00f3vulos o embriones y la gestaci\u00f3n subrogada.<\/p><p>Las organizaciones que figuran <a href=\"https:\/\/cancerfertilityandme.org.uk\/es\/mujeres-adultas\/anticoncepcion-y-planificacion-familiar\/anticoncepcion-durante-el-tratamiento-contra-el-cancer\/\">aqu\u00ed <\/a>incluyen informaci\u00f3n y apoyo para las personas interesadas en la acogida y la adopci\u00f3n.<\/p>\t\t\t\t\t\t\t\t<\/div>\n\t\t\t\t<\/div>\n\t\t\t\t<\/div>\n\t\t\t\t<\/div>\n\t\t<div class=\"elementor-element elementor-element-1e61a2ee e-con-full e-flex e-con e-child\" data-id=\"1e61a2ee\" data-element_type=\"container\" data-e-type=\"container\">\n\t\t<div class=\"elementor-element elementor-element-b3d86be e-con-full e-flex e-con e-child\" data-id=\"b3d86be\" data-element_type=\"container\" data-e-type=\"container\">\n\t\t\t\t<div class=\"elementor-element elementor-element-55e6f149 elementor-widget elementor-widget-image\" data-id=\"55e6f149\" data-element_type=\"widget\" data-e-type=\"widget\" data-widget_type=\"image.default\">\n\t\t\t\t<div class=\"elementor-widget-container\">\n\t\t\t\t\t\t\t\t\t\t\t\t\t\t\t\t<a href=\"http:\/\/.\/\">\n\t\t\t\t\t\t\t<img decoding=\"async\" width=\"400\" height=\"440\" src=\"https:\/\/cancerfertilityandme.org.uk\/wp-content\/uploads\/cancerfertilityandme-logo-column-adult-women.png\" class=\"attachment-full size-full wp-image-2286\" alt=\"\" srcset=\"https:\/\/cancerfertilityandme.org.uk\/wp-content\/uploads\/cancerfertilityandme-logo-column-adult-women.png 400w, https:\/\/cancerfertilityandme.org.uk\/wp-content\/uploads\/cancerfertilityandme-logo-column-adult-women-273x300.png 273w\" sizes=\"(max-width: 400px) 100vw, 400px\" \/>\t\t\t\t\t\t\t\t<\/a>\n\t\t\t\t\t\t\t\t\t\t\t\t\t\t\t<\/div>\n\t\t\t\t<\/div>\n\t\t\t\t<\/div>\n\t\t<div class=\"elementor-element elementor-element-6a74b93f e-con-full e-flex e-con e-child\" data-id=\"6a74b93f\" data-element_type=\"container\" data-e-type=\"container\">\n\t\t\t\t<div class=\"elementor-element elementor-element-35d6e3bd elementor-widget elementor-widget-heading\" data-id=\"35d6e3bd\" data-element_type=\"widget\" data-e-type=\"widget\" data-widget_type=\"heading.default\">\n\t\t\t\t<div class=\"elementor-widget-container\">\n\t\t\t\t\t<h3 class=\"elementor-heading-title elementor-size-default\">Siga estos enlaces para obtener m\u00e1s informaci\u00f3n<\/h3>\t\t\t\t<\/div>\n\t\t\t\t<\/div>\n\t\t\t\t<div class=\"elementor-element elementor-element-40d6bd8b elementor-nav-menu--dropdown-none elementor-widget elementor-widget-nav-menu\" data-id=\"40d6bd8b\" data-element_type=\"widget\" data-e-type=\"widget\" data-settings=\"{&quot;layout&quot;:&quot;vertical&quot;,&quot;submenu_icon&quot;:{&quot;value&quot;:&quot;&lt;svg aria-hidden=\\&quot;true\\&quot; class=\\&quot;e-font-icon-svg e-fas-caret-down\\&quot; viewBox=\\&quot;0 0 320 512\\&quot; xmlns=\\&quot;http:\\\/\\\/www.w3.org\\\/2000\\\/svg\\&quot;&gt;&lt;path d=\\&quot;M31.3 192h257.3c17.8 0 26.7 21.5 14.1 34.1L174.1 354.8c-7.8 7.8-20.5 7.8-28.3 0L17.2 226.1C4.6 213.5 13.5 192 31.3 192z\\&quot;&gt;&lt;\\\/path&gt;&lt;\\\/svg&gt;&quot;,&quot;library&quot;:&quot;fa-solid&quot;}}\" data-widget_type=\"nav-menu.default\">\n\t\t\t\t<div class=\"elementor-widget-container\">\n\t\t\t\t\t\t\t\t<nav aria-label=\"Menu\" class=\"elementor-nav-menu--main elementor-nav-menu__container elementor-nav-menu--layout-vertical e--pointer-none\">\n\t\t\t\t<ul id=\"menu-1-40d6bd8b\" class=\"elementor-nav-menu sm-vertical\"><li class=\"menu-item menu-item-type-post_type menu-item-object-page menu-item-6971\"><a href=\"https:\/\/cancerfertilityandme.org.uk\/adult-women\/contraception-family-planning\/\" class=\"elementor-item\">Anticoncepci\u00f3n y planificaci\u00f3n familiar<\/a><\/li>\n<li class=\"menu-item menu-item-type-post_type menu-item-object-page menu-item-6972\"><a href=\"https:\/\/cancerfertilityandme.org.uk\/adult-women\/contraception-family-planning\/contraception-during-cancer-treatment\/\" class=\"elementor-item\">Anticoncepci\u00f3n durante el tratamiento contra el c\u00e1ncer.<\/a><\/li>\n<li class=\"menu-item menu-item-type-post_type menu-item-object-page menu-item-6973\"><a href=\"https:\/\/cancerfertilityandme.org.uk\/adult-women\/contraception-family-planning\/family-planning-decisions-after-cancer-treatment\/\" class=\"elementor-item\">Decisiones de planificaci\u00f3n familiar tras el tratamiento contra el c\u00e1ncer<\/a><\/li>\n<li class=\"menu-item menu-item-type-post_type menu-item-object-page menu-item-8692\"><a href=\"https:\/\/cancerfertilityandme.org.uk\/adult-women\/making-your-fertility-preservation-decision\/questions-to-ask-your-cancer-care-team-or-gp\/\" class=\"elementor-item\">Preguntas para tu equipo de atenci\u00f3n al c\u00e1ncer o tu m\u00e9dico de familia<\/a><\/li>\n<\/ul>\t\t\t<\/nav>\n\t\t\t\t\t\t<nav class=\"elementor-nav-menu--dropdown elementor-nav-menu__container\" aria-hidden=\"true\">\n\t\t\t\t<ul id=\"menu-2-40d6bd8b\" class=\"elementor-nav-menu sm-vertical\"><li class=\"menu-item menu-item-type-post_type menu-item-object-page menu-item-6971\"><a href=\"https:\/\/cancerfertilityandme.org.uk\/adult-women\/contraception-family-planning\/\" class=\"elementor-item\" tabindex=\"-1\">Anticoncepci\u00f3n y planificaci\u00f3n familiar<\/a><\/li>\n<li class=\"menu-item menu-item-type-post_type menu-item-object-page menu-item-6972\"><a href=\"https:\/\/cancerfertilityandme.org.uk\/adult-women\/contraception-family-planning\/contraception-during-cancer-treatment\/\" class=\"elementor-item\" tabindex=\"-1\">Anticoncepci\u00f3n durante el tratamiento contra el c\u00e1ncer.<\/a><\/li>\n<li class=\"menu-item menu-item-type-post_type menu-item-object-page menu-item-6973\"><a href=\"https:\/\/cancerfertilityandme.org.uk\/adult-women\/contraception-family-planning\/family-planning-decisions-after-cancer-treatment\/\" class=\"elementor-item\" tabindex=\"-1\">Decisiones de planificaci\u00f3n familiar tras el tratamiento contra el c\u00e1ncer<\/a><\/li>\n<li class=\"menu-item menu-item-type-post_type menu-item-object-page menu-item-8692\"><a href=\"https:\/\/cancerfertilityandme.org.uk\/adult-women\/making-your-fertility-preservation-decision\/questions-to-ask-your-cancer-care-team-or-gp\/\" class=\"elementor-item\" tabindex=\"-1\">Preguntas para tu equipo de atenci\u00f3n al c\u00e1ncer o tu m\u00e9dico de familia<\/a><\/li>\n<\/ul>\t\t\t<\/nav>\n\t\t\t\t\t\t<\/div>\n\t\t\t\t<\/div>\n\t\t\t\t<\/div>\n\t\t\t\t<\/div>\n\t\t\t\t\t<\/div>\n\t\t\t\t<\/main>\n\t\t\t\t<\/div>\n\t\t","protected":false},"excerpt":{"rendered":"<p>Decisiones de planificaci\u00f3n familiar tras el tratamiento contra el c\u00e1ncer Para muchas mujeres, la decisi\u00f3n quedarse embarazada despu\u00e9s de un diagn\u00f3stico de c\u00e1ncer es dif\u00edcil. Durante este tiempo, las mujeres toman las decisiones de gesti\u00f3n de la fertilidad que mejor se adaptan a sus vidas. Entre ellas se encuentran las pruebas para comprobar tu fertilidad, [&hellip;]<\/p>\n","protected":false},"author":1,"featured_media":5556,"parent":6108,"menu_order":0,"comment_status":"closed","ping_status":"open","template":"","meta":{"footnotes":""},"class_list":["post-6088","page","type-page","status-publish","has-post-thumbnail","hentry"],"_links":{"self":[{"href":"https:\/\/cancerfertilityandme.org.uk\/es\/wp-json\/wp\/v2\/pages\/6088","targetHints":{"allow":["GET"]}}],"collection":[{"href":"https:\/\/cancerfertilityandme.org.uk\/es\/wp-json\/wp\/v2\/pages"}],"about":[{"href":"https:\/\/cancerfertilityandme.org.uk\/es\/wp-json\/wp\/v2\/types\/page"}],"author":[{"embeddable":true,"href":"https:\/\/cancerfertilityandme.org.uk\/es\/wp-json\/wp\/v2\/users\/1"}],"replies":[{"embeddable":true,"href":"https:\/\/cancerfertilityandme.org.uk\/es\/wp-json\/wp\/v2\/comments?post=6088"}],"version-history":[{"count":8,"href":"https:\/\/cancerfertilityandme.org.uk\/es\/wp-json\/wp\/v2\/pages\/6088\/revisions"}],"predecessor-version":[{"id":12916,"href":"https:\/\/cancerfertilityandme.org.uk\/es\/wp-json\/wp\/v2\/pages\/6088\/revisions\/12916"}],"up":[{"embeddable":true,"href":"https:\/\/cancerfertilityandme.org.uk\/es\/wp-json\/wp\/v2\/pages\/6108"}],"wp:featuredmedia":[{"embeddable":true,"href":"https:\/\/cancerfertilityandme.org.uk\/es\/wp-json\/wp\/v2\/media\/5556"}],"wp:attachment":[{"href":"https:\/\/cancerfertilityandme.org.uk\/es\/wp-json\/wp\/v2\/media?parent=6088"}],"curies":[{"name":"wp","href":"https:\/\/api.w.org\/{rel}","templated":true}]}}