{"id":6086,"date":"2018-11-07T09:43:36","date_gmt":"2018-11-07T09:43:36","guid":{"rendered":"https:\/\/cancerfertilityandme.org.uk\/decidir-si-se-va-a-preservar-o-no-la-fertilidad\/"},"modified":"2026-03-30T09:55:30","modified_gmt":"2026-03-30T09:55:30","slug":"decidir-si-se-va-a-preservar-o-no-la-fertilidad","status":"publish","type":"page","link":"https:\/\/cancerfertilityandme.org.uk\/es\/mujeres-adultas\/decidir-si-se-va-a-preservar-o-no-la-fertilidad\/","title":{"rendered":"Decidir si se va a preservar o no la fertilidad"},"content":{"rendered":"\t\t<div data-elementor-type=\"wp-page\" data-elementor-id=\"6086\" class=\"elementor elementor-6086 elementor-5465\" data-elementor-post-type=\"page\">\n\t\t\t\t<main class=\"elementor-element elementor-element-62f1e19 e-flex e-con-boxed e-con e-parent\" data-id=\"62f1e19\" data-element_type=\"container\" data-e-type=\"container\">\n\t\t\t\t\t<div class=\"e-con-inner\">\n\t\t<div class=\"elementor-element elementor-element-6f7e053a e-con-full e-flex e-con e-child\" data-id=\"6f7e053a\" data-element_type=\"container\" data-e-type=\"container\">\n\t\t\t\t<div class=\"elementor-element elementor-element-4916e973 elementor-widget elementor-widget-text-editor\" data-id=\"4916e973\" data-element_type=\"widget\" data-e-type=\"widget\" data-widget_type=\"text-editor.default\">\n\t\t\t\t<div class=\"elementor-widget-container\">\n\t\t\t\t\t\t\t\t\t<h2>Decidir si se va a preservar o no la fertilidad antes del tratamiento contra el c\u00e1ncer<\/h2><h3>Esta secci\u00f3n del sitio web pretende ayudarte a decidir si quieres:<\/h3><p><strong>\u2022 Un tratamiento de preservaci\u00f3n de la fertilidad antes de comenzar el tratamiento contra el c\u00e1ncer, o<\/strong><\/p><p><strong>\u2022 Comenzar el tratamiento contra el c\u00e1ncer sin someterte a un tratamiento de preservaci\u00f3n de la fertilidad.<\/strong><\/p><p>Algunas mujeres saben con certeza si quieren preservar la fertilidad. A otras mujeres les resulta m\u00e1s dif\u00edcil tomar esta decisi\u00f3n. No hay una decisi\u00f3n \u201ccorrecta\u201d o \u201cincorrecta\u201d. La decisi\u00f3n depende de lo que sea m\u00e1s importante para ti en ese momento. Depende de los planes que tengas para tu vida despu\u00e9s del tratamiento contra el c\u00e1ncer.    <\/p><h3>Decidir si vas, o no, a preservar la fertilidad antes del tratamiento contra el c\u00e1ncer<\/h3><p>Para ayudarte a pensar en lo que es importante para ti ahora, f\u00edjate en las afirmaciones de la siguiente tabla. Por ejemplo : <\/p><ol><li><strong>No es importante para ti<\/strong><\/li><li><strong>Es ligeramente importante para ti<\/strong><\/li><li><strong>Es bastante importante para ti<\/strong><\/li><li><strong>Muy importante<\/strong><\/li><\/ol>\t\t\t\t\t\t\t\t<\/div>\n\t\t\t\t<\/div>\n\t\t\t\t<div class=\"elementor-element elementor-element-fbac137 elementor-widget elementor-widget-image\" data-id=\"fbac137\" data-element_type=\"widget\" data-e-type=\"widget\" data-widget_type=\"image.default\">\n\t\t\t\t<div class=\"elementor-widget-container\">\n\t\t\t\t\t\t\t\t\t\t\t\t\t\t\t<img fetchpriority=\"high\" decoding=\"async\" width=\"800\" height=\"456\" src=\"https:\/\/cancerfertilityandme.org.uk\/wp-content\/uploads\/ES-07-1.png\" class=\"attachment-large size-large wp-image-10942\" alt=\"\" srcset=\"https:\/\/cancerfertilityandme.org.uk\/wp-content\/uploads\/ES-07-1.png 1000w, https:\/\/cancerfertilityandme.org.uk\/wp-content\/uploads\/ES-07-1-300x171.png 300w, https:\/\/cancerfertilityandme.org.uk\/wp-content\/uploads\/ES-07-1-768x438.png 768w\" sizes=\"(max-width: 800px) 100vw, 800px\" \/>\t\t\t\t\t\t\t\t\t\t\t\t\t\t\t<\/div>\n\t\t\t\t<\/div>\n\t\t\t\t<div class=\"elementor-element elementor-element-3bc50ee elementor-widget elementor-widget-text-editor\" data-id=\"3bc50ee\" data-element_type=\"widget\" data-e-type=\"widget\" data-widget_type=\"text-editor.default\">\n\t\t\t\t<div class=\"elementor-widget-container\">\n\t\t\t\t\t\t\t\t\tTambi\u00e9n puede resultarte \u00fatil completarlo con tu equipo de atenci\u00f3n al c\u00e1ncer y la fertilidad, tu pareja, tu familia y tus amigos.\n\n<hr>\n\n<strong>Nota:<\/strong> Si desea escribir sus respuestas en una versi\u00f3n impresa, puede <a href=\"\/wp-content\/uploads\/p25-CFM-Decision-Aid-12Sept19a.pdf\" target=\"_blank\" rel=\"noopener noreferrer\">descargarla en PDF aqu\u00ed<\/a>. Para obtener una versi\u00f3n impresa de la gu\u00eda completa para la toma de decisiones del paciente \u00ab<strong>C\u00e1ncer, Fertilidad y Yo<\/strong>\u00ab, tambi\u00e9n <a href=\"https:\/\/cancerfertilityandme.org.uk\/es\/mujeres-adultas\/contactos-utiles\/descargar-el-folleto-cfm-en-ingles\/\" rel=\"noopener noreferrer\">puede descargarla aqu\u00ed<\/a>.\n\n<hr>\n\n<h3>Decidir qu\u00e9 opci\u00f3n de preservaci\u00f3n de la fertilidad es la mejor para m\u00ed<\/h3>\nLas opciones de preservaci\u00f3n de la fertilidad son:\n<ul>\n \t<li>No preservar la fertilidad<\/li>\n \t<li>Congelaci\u00f3n<\/li>\n \t<li>Supresi\u00f3n Ov\u00e1rica<\/li>\n \t<li>Cirug\u00eda de preservaci\u00f3n de la fertilidad espec\u00edfica para el c\u00e1ncer<\/li>\n<\/ul>\nPuedes obtener m\u00e1s informaci\u00f3n sobre <a href=\"https:\/\/cancerfertilityandme.org.uk\/es\/mujeres-adultas\/opciones-de-preservacion-de-la-fertilidad-2\/\">estas opciones aqu\u00ed<\/a>. Esta <a href=\"\/summary\">tabla resumen<\/a> compara las diferentes opciones de preservaci\u00f3n de la fertilidad. \n\nA continuaci\u00f3n, se ofrece una lista de las diferentes opciones de preservaci\u00f3n de la fertilidad. Piensa en tu respuesta para cada opci\u00f3n. \n\nCompletar esta actividad puede ayudarte a pensar en qu\u00e9 opci\u00f3n de preservaci\u00f3n de la fertilidad se adapta mejor a ti y a tu estilo de vida en este momento. Puede ser \u00fatil hablar sobre tus opciones con tu equipo de atenci\u00f3n al c\u00e1ncer y la fertilidad, tu pareja, tu familia y tus amigos. \n\n<strong>\u00bfCu\u00e1n probable es que consideres cada opci\u00f3n de tratamiento de fertilidad?<\/strong>\t\t\t\t\t\t\t\t<\/div>\n\t\t\t\t<\/div>\n\t\t\t\t<div class=\"elementor-element elementor-element-90f840d elementor-widget elementor-widget-image\" data-id=\"90f840d\" data-element_type=\"widget\" data-e-type=\"widget\" data-widget_type=\"image.default\">\n\t\t\t\t<div class=\"elementor-widget-container\">\n\t\t\t\t\t\t\t\t\t\t\t\t\t\t\t<img decoding=\"async\" width=\"800\" height=\"411\" src=\"https:\/\/cancerfertilityandme.org.uk\/wp-content\/uploads\/ES-10-1024x526.png\" class=\"attachment-large size-large wp-image-10949\" alt=\"\" srcset=\"https:\/\/cancerfertilityandme.org.uk\/wp-content\/uploads\/ES-10-1024x526.png 1024w, https:\/\/cancerfertilityandme.org.uk\/wp-content\/uploads\/ES-10-300x154.png 300w, https:\/\/cancerfertilityandme.org.uk\/wp-content\/uploads\/ES-10-768x395.png 768w, https:\/\/cancerfertilityandme.org.uk\/wp-content\/uploads\/ES-10.png 1167w\" sizes=\"(max-width: 800px) 100vw, 800px\" \/>\t\t\t\t\t\t\t\t\t\t\t\t\t\t\t<\/div>\n\t\t\t\t<\/div>\n\t\t\t\t<div class=\"elementor-element elementor-element-16a2016 elementor-widget elementor-widget-text-editor\" data-id=\"16a2016\" data-element_type=\"widget\" data-e-type=\"widget\" data-widget_type=\"text-editor.default\">\n\t\t\t\t<div class=\"elementor-widget-container\">\n\t\t\t\t\t\t\t\t\t<hr><p><strong>Nota:<\/strong> Si desea escribir sus respuestas en una versi\u00f3n impresa, puede <a href=\"\/wp-content\/uploads\/2019\/08\/CFM-Decision-Aid-p26.pdf\" target=\"_blank\" rel=\"noopener noreferrer\">descargarla en PDF aqu\u00ed<\/a>. Para obtener una versi\u00f3n impresa de la gu\u00eda completa para la toma de decisiones del paciente \u00ab<strong>C\u00e1ncer, Fertilidad y Yo<\/strong>\u00ab, tambi\u00e9n <a href=\"\/wp-content\/uploads\/2019\/09\/CFM-Decision-Aid-12Sept19-WEB.pdf\" target=\"_blank\" rel=\"noopener noreferrer\">puede descargarla aqu\u00ed<\/a>.<\/p><hr>\t\t\t\t\t\t\t\t<\/div>\n\t\t\t\t<\/div>\n\t\t\t\t<\/div>\n\t\t<div class=\"elementor-element elementor-element-b8f2663 e-con-full e-flex e-con e-child\" data-id=\"b8f2663\" data-element_type=\"container\" data-e-type=\"container\">\n\t\t<div class=\"elementor-element elementor-element-42e60fb4 e-con-full e-flex e-con e-child\" data-id=\"42e60fb4\" data-element_type=\"container\" data-e-type=\"container\">\n\t\t\t\t<div class=\"elementor-element elementor-element-20c053d6 elementor-widget elementor-widget-image\" data-id=\"20c053d6\" data-element_type=\"widget\" data-e-type=\"widget\" data-widget_type=\"image.default\">\n\t\t\t\t<div class=\"elementor-widget-container\">\n\t\t\t\t\t\t\t\t\t\t\t\t\t\t\t\t<a href=\"http:\/\/.\/\">\n\t\t\t\t\t\t\t<img decoding=\"async\" width=\"400\" height=\"440\" src=\"https:\/\/cancerfertilityandme.org.uk\/wp-content\/uploads\/cancerfertilityandme-logo-column-adult-women.png\" class=\"attachment-full size-full wp-image-2286\" alt=\"\" srcset=\"https:\/\/cancerfertilityandme.org.uk\/wp-content\/uploads\/cancerfertilityandme-logo-column-adult-women.png 400w, https:\/\/cancerfertilityandme.org.uk\/wp-content\/uploads\/cancerfertilityandme-logo-column-adult-women-273x300.png 273w\" sizes=\"(max-width: 400px) 100vw, 400px\" \/>\t\t\t\t\t\t\t\t<\/a>\n\t\t\t\t\t\t\t\t\t\t\t\t\t\t\t<\/div>\n\t\t\t\t<\/div>\n\t\t\t\t<\/div>\n\t\t<div class=\"elementor-element elementor-element-6c8c8587 e-con-full e-flex e-con e-child\" data-id=\"6c8c8587\" data-element_type=\"container\" data-e-type=\"container\">\n\t\t\t\t<div class=\"elementor-element elementor-element-461ba2dd elementor-widget elementor-widget-heading\" data-id=\"461ba2dd\" data-element_type=\"widget\" data-e-type=\"widget\" data-widget_type=\"heading.default\">\n\t\t\t\t<div class=\"elementor-widget-container\">\n\t\t\t\t\t<h3 class=\"elementor-heading-title elementor-size-default\">Siga estos enlaces para obtener m\u00e1s informaci\u00f3n<\/h3>\t\t\t\t<\/div>\n\t\t\t\t<\/div>\n\t\t\t\t<div class=\"elementor-element elementor-element-6b5002db elementor-nav-menu--dropdown-none elementor-widget elementor-widget-nav-menu\" data-id=\"6b5002db\" data-element_type=\"widget\" data-e-type=\"widget\" data-settings=\"{&quot;layout&quot;:&quot;vertical&quot;,&quot;submenu_icon&quot;:{&quot;value&quot;:&quot;&lt;svg aria-hidden=\\&quot;true\\&quot; class=\\&quot;e-font-icon-svg e-fas-caret-down\\&quot; viewBox=\\&quot;0 0 320 512\\&quot; xmlns=\\&quot;http:\\\/\\\/www.w3.org\\\/2000\\\/svg\\&quot;&gt;&lt;path d=\\&quot;M31.3 192h257.3c17.8 0 26.7 21.5 14.1 34.1L174.1 354.8c-7.8 7.8-20.5 7.8-28.3 0L17.2 226.1C4.6 213.5 13.5 192 31.3 192z\\&quot;&gt;&lt;\\\/path&gt;&lt;\\\/svg&gt;&quot;,&quot;library&quot;:&quot;fa-solid&quot;}}\" data-widget_type=\"nav-menu.default\">\n\t\t\t\t<div class=\"elementor-widget-container\">\n\t\t\t\t\t\t\t\t<nav aria-label=\"Menu\" class=\"elementor-nav-menu--main elementor-nav-menu__container elementor-nav-menu--layout-vertical e--pointer-none\">\n\t\t\t\t<ul id=\"menu-1-6b5002db\" class=\"elementor-nav-menu sm-vertical\"><li class=\"menu-item menu-item-type-post_type menu-item-object-page menu-item-7141\"><a href=\"https:\/\/cancerfertilityandme.org.uk\/adult-women\/making-your-fertility-preservation-decision\/\" class=\"elementor-item\">Decidir si se va a preservar o no la fertilidad<\/a><\/li>\n<li class=\"menu-item menu-item-type-post_type menu-item-object-page menu-item-7144\"><a href=\"https:\/\/cancerfertilityandme.org.uk\/adult-women\/making-your-fertility-preservation-decision\/talking-with-your-fertility-care-team-about-fertility-preservation\/\" class=\"elementor-item\">Hablar con tu equipo de fertilidad sobre la preservaci\u00f3n de la fertilidad<\/a><\/li>\n<li class=\"menu-item menu-item-type-post_type menu-item-object-page menu-item-7143\"><a href=\"https:\/\/cancerfertilityandme.org.uk\/adult-women\/making-your-fertility-preservation-decision\/talking-about-the-fertility-preservation-decision\/\" class=\"elementor-item\">Hablar de la decisi\u00f3n de preservaci\u00f3n de la fertilidad<\/a><\/li>\n<li class=\"menu-item menu-item-type-post_type menu-item-object-page menu-item-2133\"><a href=\"https:\/\/cancerfertilityandme.org.uk\/adult-women\/contraception-family-planning\/questions-to-ask-your-cancer-care-team-or-gp\/\" class=\"elementor-item\">Preguntas para tu equipo de atenci\u00f3n al c\u00e1ncer o tu m\u00e9dico de familia<\/a><\/li>\n<li class=\"menu-item menu-item-type-post_type menu-item-object-page menu-item-7142\"><a href=\"https:\/\/cancerfertilityandme.org.uk\/adult-women\/making-your-fertility-preservation-decision\/financial-costs-associated-with-undergoing-fertility-preservation\/\" class=\"elementor-item\">Costos financieros asociados con la preservaci\u00f3n de la fertilidad<\/a><\/li>\n<li class=\"menu-item menu-item-type-post_type menu-item-object-page menu-item-7145\"><a href=\"https:\/\/cancerfertilityandme.org.uk\/adult-women\/fertility-preservation-options\/summary-of-fertility-preservation-options\/\" class=\"elementor-item\">Resumen de las opciones de preservaci\u00f3n de la fertilidad<\/a><\/li>\n<\/ul>\t\t\t<\/nav>\n\t\t\t\t\t\t<nav class=\"elementor-nav-menu--dropdown elementor-nav-menu__container\" aria-hidden=\"true\">\n\t\t\t\t<ul id=\"menu-2-6b5002db\" class=\"elementor-nav-menu sm-vertical\"><li class=\"menu-item menu-item-type-post_type menu-item-object-page menu-item-7141\"><a href=\"https:\/\/cancerfertilityandme.org.uk\/adult-women\/making-your-fertility-preservation-decision\/\" class=\"elementor-item\" tabindex=\"-1\">Decidir si se va a preservar o no la fertilidad<\/a><\/li>\n<li class=\"menu-item menu-item-type-post_type menu-item-object-page menu-item-7144\"><a href=\"https:\/\/cancerfertilityandme.org.uk\/adult-women\/making-your-fertility-preservation-decision\/talking-with-your-fertility-care-team-about-fertility-preservation\/\" class=\"elementor-item\" tabindex=\"-1\">Hablar con tu equipo de fertilidad sobre la preservaci\u00f3n de la fertilidad<\/a><\/li>\n<li class=\"menu-item menu-item-type-post_type menu-item-object-page menu-item-7143\"><a href=\"https:\/\/cancerfertilityandme.org.uk\/adult-women\/making-your-fertility-preservation-decision\/talking-about-the-fertility-preservation-decision\/\" class=\"elementor-item\" tabindex=\"-1\">Hablar de la decisi\u00f3n de preservaci\u00f3n de la fertilidad<\/a><\/li>\n<li class=\"menu-item menu-item-type-post_type menu-item-object-page menu-item-2133\"><a href=\"https:\/\/cancerfertilityandme.org.uk\/adult-women\/contraception-family-planning\/questions-to-ask-your-cancer-care-team-or-gp\/\" class=\"elementor-item\" tabindex=\"-1\">Preguntas para tu equipo de atenci\u00f3n al c\u00e1ncer o tu m\u00e9dico de familia<\/a><\/li>\n<li class=\"menu-item menu-item-type-post_type menu-item-object-page menu-item-7142\"><a href=\"https:\/\/cancerfertilityandme.org.uk\/adult-women\/making-your-fertility-preservation-decision\/financial-costs-associated-with-undergoing-fertility-preservation\/\" class=\"elementor-item\" tabindex=\"-1\">Costos financieros asociados con la preservaci\u00f3n de la fertilidad<\/a><\/li>\n<li class=\"menu-item menu-item-type-post_type menu-item-object-page menu-item-7145\"><a href=\"https:\/\/cancerfertilityandme.org.uk\/adult-women\/fertility-preservation-options\/summary-of-fertility-preservation-options\/\" class=\"elementor-item\" tabindex=\"-1\">Resumen de las opciones de preservaci\u00f3n de la fertilidad<\/a><\/li>\n<\/ul>\t\t\t<\/nav>\n\t\t\t\t\t\t<\/div>\n\t\t\t\t<\/div>\n\t\t\t\t<\/div>\n\t\t\t\t<\/div>\n\t\t\t\t\t<\/div>\n\t\t\t\t<\/main>\n\t\t\t\t<\/div>\n\t\t","protected":false},"excerpt":{"rendered":"<p>Decidir si se va a preservar o no la fertilidad antes del tratamiento contra el c\u00e1ncer Esta secci\u00f3n del sitio web pretende ayudarte a decidir si quieres: \u2022 Un tratamiento de preservaci\u00f3n de la fertilidad antes de comenzar el tratamiento contra el c\u00e1ncer, o \u2022 Comenzar el tratamiento contra el c\u00e1ncer sin someterte a un [&hellip;]<\/p>\n","protected":false},"author":1,"featured_media":5474,"parent":6770,"menu_order":0,"comment_status":"closed","ping_status":"open","template":"","meta":{"footnotes":""},"class_list":["post-6086","page","type-page","status-publish","has-post-thumbnail","hentry"],"_links":{"self":[{"href":"https:\/\/cancerfertilityandme.org.uk\/es\/wp-json\/wp\/v2\/pages\/6086","targetHints":{"allow":["GET"]}}],"collection":[{"href":"https:\/\/cancerfertilityandme.org.uk\/es\/wp-json\/wp\/v2\/pages"}],"about":[{"href":"https:\/\/cancerfertilityandme.org.uk\/es\/wp-json\/wp\/v2\/types\/page"}],"author":[{"embeddable":true,"href":"https:\/\/cancerfertilityandme.org.uk\/es\/wp-json\/wp\/v2\/users\/1"}],"replies":[{"embeddable":true,"href":"https:\/\/cancerfertilityandme.org.uk\/es\/wp-json\/wp\/v2\/comments?post=6086"}],"version-history":[{"count":11,"href":"https:\/\/cancerfertilityandme.org.uk\/es\/wp-json\/wp\/v2\/pages\/6086\/revisions"}],"predecessor-version":[{"id":12900,"href":"https:\/\/cancerfertilityandme.org.uk\/es\/wp-json\/wp\/v2\/pages\/6086\/revisions\/12900"}],"up":[{"embeddable":true,"href":"https:\/\/cancerfertilityandme.org.uk\/es\/wp-json\/wp\/v2\/pages\/6770"}],"wp:featuredmedia":[{"embeddable":true,"href":"https:\/\/cancerfertilityandme.org.uk\/es\/wp-json\/wp\/v2\/media\/5474"}],"wp:attachment":[{"href":"https:\/\/cancerfertilityandme.org.uk\/es\/wp-json\/wp\/v2\/media?parent=6086"}],"curies":[{"name":"wp","href":"https:\/\/api.w.org\/{rel}","templated":true}]}}