{"id":6082,"date":"2018-11-07T09:42:21","date_gmt":"2018-11-07T09:42:21","guid":{"rendered":"https:\/\/cancerfertilityandme.org.uk\/hablar-con-tu-equipo-de-fertilidad-sobre-la-preservacion-de-la-fertilidad\/"},"modified":"2025-11-17T11:01:26","modified_gmt":"2025-11-17T11:01:26","slug":"hablar-con-tu-equipo-de-fertilidad-sobre-la-preservacion-de-la-fertilidad","status":"publish","type":"page","link":"https:\/\/cancerfertilityandme.org.uk\/es\/mujeres-adultas\/decidir-si-se-va-a-preservar-o-no-la-fertilidad\/hablar-con-tu-equipo-de-fertilidad-sobre-la-preservacion-de-la-fertilidad\/","title":{"rendered":"Hablar con tu equipo de fertilidad sobre la preservaci\u00f3n de la fertilidad"},"content":{"rendered":"\t\t<div data-elementor-type=\"wp-page\" data-elementor-id=\"6082\" class=\"elementor elementor-6082 elementor-5461\" data-elementor-post-type=\"page\">\n\t\t\t\t<main class=\"elementor-element elementor-element-2d2b26be e-flex e-con-boxed e-con e-parent\" data-id=\"2d2b26be\" data-element_type=\"container\" data-e-type=\"container\">\n\t\t\t\t\t<div class=\"e-con-inner\">\n\t\t<div class=\"elementor-element elementor-element-25c07501 e-con-full e-flex e-con e-child\" data-id=\"25c07501\" data-element_type=\"container\" data-e-type=\"container\">\n\t\t\t\t<div class=\"elementor-element elementor-element-28545ea8 elementor-widget elementor-widget-text-editor\" data-id=\"28545ea8\" data-element_type=\"widget\" data-e-type=\"widget\" data-widget_type=\"text-editor.default\">\n\t\t\t\t<div class=\"elementor-widget-container\">\n\t\t\t\t\t\t\t\t\t<h2>Hablar con tu equipo de fertilidad sobre la preservaci\u00f3n de la fertilidad<\/h2><p>El equipo de asistencia a la fertilidad realiza procedimientos conocidos como preservaci\u00f3n de la fertilidad para mujeres diagnosticadas con c\u00e1ncer. El equipo de asistencia a la fertilidad puede hablar contigo sobre tu decisi\u00f3n de someterte o no a tratamientos de fertilidad. <\/p><p>El asesoramiento en materia de la fertilidad depende de la cl\u00ednica a la que acudas, de tu diagn\u00f3stico de c\u00e1ncer y del tratamiento contra el c\u00e1ncer previsto. El equipo de asesoramiento sobre fertilidad revisar\u00e1 tu historial m\u00e9dico para asegurarse de que el tratamiento de preservaci\u00f3n de la fertilidad es el adecuado para ti. Te explicar\u00e1n en qu\u00e9 consiste, las posibilidades de \u00e9xito y los efectos secundarios del tratamiento de fertilidad. Si necesitas m\u00e1s pruebas, \u00e9stas se realizar\u00e1n antes de que comience el tratamiento de fertilidad. Tambi\u00e9n tendr\u00e1s la oportunidad de discutir con el equipo las diferentes opciones de preservaci\u00f3n de la fertilidad disponibles en la cl\u00ednica.    <\/p><p>Si eliges someterte a un tratamiento de fertilidad, se realizar\u00e1n varias pruebas. Entre ellas se encuentran los an\u00e1lisis de sangre para medir los niveles hormonales y otras pruebas de detecci\u00f3n. El equipo de atenci\u00f3n a la fertilidad tambi\u00e9n discutir\u00e1 las cuestiones relativas al consentimiento del tratamiento, tal y como recomienda la HFEA.  <\/p><h3>Remisi\u00f3n a una cl\u00ednica de fertilidad<\/h3><p>Un miembro de tu equipo de atenci\u00f3n al c\u00e1ncer podr\u00e1 remitirte a una cl\u00ednica de fertilidad. Es posible que les pidan que te remitan lo antes posible para evitar cualquier retraso en tu tratamiento contra el c\u00e1ncer. <\/p><p>Si quieres que te remitan a una cl\u00ednica de fertilidad, hay algunas cosas que debes comprobar.<\/p><ul><li>\u00bfUn miembro de mi equipo de atenci\u00f3n al c\u00e1ncer me remiti\u00f3 a una cl\u00ednica de fertilidad?<\/li><li>\u00bfHe recibido una cita para ver al equipo de atenci\u00f3n a la fertilidad?<\/li><\/ul><p>Si tu respuesta es negativa o no est\u00e1s segura, puedes pedir a tu equipo oncol\u00f3gico que se ponga en contacto con la cl\u00ednica de fertilidad en tu nombre lo antes posible. Las <a href=\"\/making-my-fertility-preservation-decision\/questions-to-ask-your-cancer-care-team-or-gp\">siguientes <\/a>preguntas pueden ayudarte a pensar en lo que es importante para ti sobre las opciones de preservaci\u00f3n de la fertilidad. <\/p><h2>Preguntas para el equipo de atenci\u00f3n oncol\u00f3gica y el equipo de atenci\u00f3n a la fertilidad<\/h2><p>Las siguientes preguntas pueden ayudarte a pensar en lo que es importante para ti sobre las opciones de preservaci\u00f3n de la fertilidad.<br>Anotar tus pensamientos te ayudar\u00e1 a hablar con tu equipo de atenci\u00f3n al c\u00e1ncer y el equipo de tratamiento de la fertilidad para planificar tu atenci\u00f3n antes de comenzar el tratamiento contra el c\u00e1ncer.<\/p><ul><li>\u00bfAfecta mi tipo de c\u00e1ncer o el tratamiento contra el c\u00e1ncer a la opci\u00f3n de preservaci\u00f3n de la fertilidad que puedo tener en el futuro?<\/li><li>\u00bfPuedo comprobar si soy f\u00e9rtil antes de empezar el tratamiento contra el c\u00e1ncer?<\/li><li>\u00bfPor qu\u00e9 deber\u00eda tomar una decisi\u00f3n sobre si quiero preservar mi fertilidad en este momento?<\/li><li>\u00bfTengo tiempo para someterme a un tratamiento para la preservaci\u00f3n de la fertilidad antes de empezar el tratamiento contra el c\u00e1ncer?<\/li><li>\u00bfHay algo que se pueda hacer durante el tratamiento contra el c\u00e1ncer para ayudar a proteger mi fertilidad?<\/li><li>\u00bfCu\u00e1nto tiempo puedo retrasar mi tratamiento contra el c\u00e1ncer sin comprometer su eficacia?<\/li><li>\u00bfEl tratamiento para la preservaci\u00f3n de la fertilidad retrasar\u00e1 mi tratamiento contra el c\u00e1ncer? Si es as\u00ed, \u00bfqu\u00e9 efecto puede tener esto en las posibilidades de recuperarme del c\u00e1ncer? <\/li><li>\u00bfTendr\u00e9 que pagar mi tratamiento de preservaci\u00f3n de la fertilidad? \u00bfTendr\u00e9 que pagar por almacenar y utilizar mis \u00f3vulos, embriones o tejido ov\u00e1rico en el futuro? <\/li><\/ul>\t\t\t\t\t\t\t\t<\/div>\n\t\t\t\t<\/div>\n\t\t<div class=\"elementor-element elementor-element-5107acc0 e-con-full e-flex e-con e-child\" data-id=\"5107acc0\" data-element_type=\"container\" data-e-type=\"container\" data-settings=\"{&quot;background_background&quot;:&quot;classic&quot;}\">\n\t\t\t\t<div class=\"elementor-element elementor-element-5c36640b elementor-widget elementor-widget-text-editor\" data-id=\"5c36640b\" data-element_type=\"widget\" data-e-type=\"widget\" data-widget_type=\"text-editor.default\">\n\t\t\t\t<div class=\"elementor-widget-container\">\n\t\t\t\t\t\t\t\t\t<h3>Otras fuentes de informaci\u00f3n<\/h3><p>La HFEA es la autoridad reguladora independiente del Reino Unido que supervisa el uso de gametos (\u00f3vulos y espermatozoides) y embriones en tratamientos de fertilidad e investigaci\u00f3n. En su p\u00e1gina web puedes encontrar consejos sobre c\u00f3mo sacar el m\u00e1ximo partido a tus consultas de fertilidad. Para ello, puedes:  <\/p><ul><li>Hacer preguntas.<\/li><li>Tomarte un tiempo para reflexionar: puede haber muchas cuestiones dif\u00edciles de tratar.<\/li><li>Recuerda que el equipo de atenci\u00f3n a la fertilidad est\u00e1 ah\u00ed para ayudarte a tomar la decisi\u00f3n correcta para ti. El sitio web de la HFEA <a href=\"http:\/\/www.hfea.gov.uk\" target=\"_blank\" rel=\"noopener noreferrer\">www.hfea.gov.uk<\/a> tiene m\u00e1s informaci\u00f3n sobre las cl\u00ednicas de fertilidad, los tratamientos de preservaci\u00f3n de la fertilidad y los \u00edndices de \u00e9xito de la fertilidad en su zona. <\/li><\/ul>\t\t\t\t\t\t\t\t<\/div>\n\t\t\t\t<\/div>\n\t\t\t\t<\/div>\n\t\t\t\t<\/div>\n\t\t<div class=\"elementor-element elementor-element-c41ec26 e-con-full e-flex e-con e-child\" data-id=\"c41ec26\" data-element_type=\"container\" data-e-type=\"container\">\n\t\t<div class=\"elementor-element elementor-element-5e999f3e e-con-full e-flex e-con e-child\" data-id=\"5e999f3e\" data-element_type=\"container\" data-e-type=\"container\">\n\t\t\t\t<div class=\"elementor-element elementor-element-796ca63b elementor-widget elementor-widget-image\" data-id=\"796ca63b\" data-element_type=\"widget\" data-e-type=\"widget\" data-widget_type=\"image.default\">\n\t\t\t\t<div class=\"elementor-widget-container\">\n\t\t\t\t\t\t\t\t\t\t\t\t\t\t\t\t<a href=\"http:\/\/.\/\">\n\t\t\t\t\t\t\t<img fetchpriority=\"high\" decoding=\"async\" width=\"400\" height=\"440\" src=\"https:\/\/cancerfertilityandme.org.uk\/wp-content\/uploads\/cancerfertilityandme-logo-column-adult-women.png\" class=\"attachment-full size-full wp-image-2286\" alt=\"\" srcset=\"https:\/\/cancerfertilityandme.org.uk\/wp-content\/uploads\/cancerfertilityandme-logo-column-adult-women.png 400w, https:\/\/cancerfertilityandme.org.uk\/wp-content\/uploads\/cancerfertilityandme-logo-column-adult-women-273x300.png 273w\" sizes=\"(max-width: 400px) 100vw, 400px\" \/>\t\t\t\t\t\t\t\t<\/a>\n\t\t\t\t\t\t\t\t\t\t\t\t\t\t\t<\/div>\n\t\t\t\t<\/div>\n\t\t\t\t<\/div>\n\t\t<div class=\"elementor-element elementor-element-6e0e960c e-con-full e-flex e-con e-child\" data-id=\"6e0e960c\" data-element_type=\"container\" data-e-type=\"container\">\n\t\t\t\t<div class=\"elementor-element elementor-element-20aecb7a elementor-widget elementor-widget-heading\" data-id=\"20aecb7a\" data-element_type=\"widget\" data-e-type=\"widget\" data-widget_type=\"heading.default\">\n\t\t\t\t<div class=\"elementor-widget-container\">\n\t\t\t\t\t<h3 class=\"elementor-heading-title elementor-size-default\">Siga estos enlaces para obtener m\u00e1s informaci\u00f3n<\/h3>\t\t\t\t<\/div>\n\t\t\t\t<\/div>\n\t\t\t\t<div class=\"elementor-element elementor-element-60f85b6b elementor-nav-menu--dropdown-none elementor-widget elementor-widget-nav-menu\" data-id=\"60f85b6b\" data-element_type=\"widget\" data-e-type=\"widget\" data-settings=\"{&quot;layout&quot;:&quot;vertical&quot;,&quot;submenu_icon&quot;:{&quot;value&quot;:&quot;&lt;svg aria-hidden=\\&quot;true\\&quot; class=\\&quot;e-font-icon-svg e-fas-caret-down\\&quot; viewBox=\\&quot;0 0 320 512\\&quot; xmlns=\\&quot;http:\\\/\\\/www.w3.org\\\/2000\\\/svg\\&quot;&gt;&lt;path d=\\&quot;M31.3 192h257.3c17.8 0 26.7 21.5 14.1 34.1L174.1 354.8c-7.8 7.8-20.5 7.8-28.3 0L17.2 226.1C4.6 213.5 13.5 192 31.3 192z\\&quot;&gt;&lt;\\\/path&gt;&lt;\\\/svg&gt;&quot;,&quot;library&quot;:&quot;fa-solid&quot;}}\" data-widget_type=\"nav-menu.default\">\n\t\t\t\t<div class=\"elementor-widget-container\">\n\t\t\t\t\t\t\t\t<nav aria-label=\"Menu\" class=\"elementor-nav-menu--main elementor-nav-menu__container elementor-nav-menu--layout-vertical e--pointer-none\">\n\t\t\t\t<ul id=\"menu-1-60f85b6b\" class=\"elementor-nav-menu sm-vertical\"><li class=\"menu-item menu-item-type-post_type menu-item-object-page menu-item-7141\"><a href=\"https:\/\/cancerfertilityandme.org.uk\/adult-women\/making-your-fertility-preservation-decision\/\" class=\"elementor-item\">Decidir si se va a preservar o no la fertilidad<\/a><\/li>\n<li class=\"menu-item menu-item-type-post_type menu-item-object-page menu-item-7144\"><a href=\"https:\/\/cancerfertilityandme.org.uk\/adult-women\/making-your-fertility-preservation-decision\/talking-with-your-fertility-care-team-about-fertility-preservation\/\" class=\"elementor-item\">Hablar con tu equipo de fertilidad sobre la preservaci\u00f3n de la fertilidad<\/a><\/li>\n<li class=\"menu-item menu-item-type-post_type menu-item-object-page menu-item-7143\"><a href=\"https:\/\/cancerfertilityandme.org.uk\/adult-women\/making-your-fertility-preservation-decision\/talking-about-the-fertility-preservation-decision\/\" class=\"elementor-item\">Hablar de la decisi\u00f3n de preservaci\u00f3n de la fertilidad<\/a><\/li>\n<li class=\"menu-item menu-item-type-post_type menu-item-object-page menu-item-2133\"><a href=\"https:\/\/cancerfertilityandme.org.uk\/adult-women\/contraception-family-planning\/questions-to-ask-your-cancer-care-team-or-gp\/\" class=\"elementor-item\">Preguntas para tu equipo de atenci\u00f3n al c\u00e1ncer o tu m\u00e9dico de familia<\/a><\/li>\n<li class=\"menu-item menu-item-type-post_type menu-item-object-page menu-item-7142\"><a href=\"https:\/\/cancerfertilityandme.org.uk\/adult-women\/making-your-fertility-preservation-decision\/financial-costs-associated-with-undergoing-fertility-preservation\/\" class=\"elementor-item\">Costos financieros asociados con la preservaci\u00f3n de la fertilidad<\/a><\/li>\n<li class=\"menu-item menu-item-type-post_type menu-item-object-page menu-item-7145\"><a href=\"https:\/\/cancerfertilityandme.org.uk\/adult-women\/fertility-preservation-options\/summary-of-fertility-preservation-options\/\" class=\"elementor-item\">Resumen de las opciones de preservaci\u00f3n de la fertilidad<\/a><\/li>\n<\/ul>\t\t\t<\/nav>\n\t\t\t\t\t\t<nav class=\"elementor-nav-menu--dropdown elementor-nav-menu__container\" aria-hidden=\"true\">\n\t\t\t\t<ul id=\"menu-2-60f85b6b\" class=\"elementor-nav-menu sm-vertical\"><li class=\"menu-item menu-item-type-post_type menu-item-object-page menu-item-7141\"><a href=\"https:\/\/cancerfertilityandme.org.uk\/adult-women\/making-your-fertility-preservation-decision\/\" class=\"elementor-item\" tabindex=\"-1\">Decidir si se va a preservar o no la fertilidad<\/a><\/li>\n<li class=\"menu-item menu-item-type-post_type menu-item-object-page menu-item-7144\"><a href=\"https:\/\/cancerfertilityandme.org.uk\/adult-women\/making-your-fertility-preservation-decision\/talking-with-your-fertility-care-team-about-fertility-preservation\/\" class=\"elementor-item\" tabindex=\"-1\">Hablar con tu equipo de fertilidad sobre la preservaci\u00f3n de la fertilidad<\/a><\/li>\n<li class=\"menu-item menu-item-type-post_type menu-item-object-page menu-item-7143\"><a href=\"https:\/\/cancerfertilityandme.org.uk\/adult-women\/making-your-fertility-preservation-decision\/talking-about-the-fertility-preservation-decision\/\" class=\"elementor-item\" tabindex=\"-1\">Hablar de la decisi\u00f3n de preservaci\u00f3n de la fertilidad<\/a><\/li>\n<li class=\"menu-item menu-item-type-post_type menu-item-object-page menu-item-2133\"><a href=\"https:\/\/cancerfertilityandme.org.uk\/adult-women\/contraception-family-planning\/questions-to-ask-your-cancer-care-team-or-gp\/\" class=\"elementor-item\" tabindex=\"-1\">Preguntas para tu equipo de atenci\u00f3n al c\u00e1ncer o tu m\u00e9dico de familia<\/a><\/li>\n<li class=\"menu-item menu-item-type-post_type menu-item-object-page menu-item-7142\"><a href=\"https:\/\/cancerfertilityandme.org.uk\/adult-women\/making-your-fertility-preservation-decision\/financial-costs-associated-with-undergoing-fertility-preservation\/\" class=\"elementor-item\" tabindex=\"-1\">Costos financieros asociados con la preservaci\u00f3n de la fertilidad<\/a><\/li>\n<li class=\"menu-item menu-item-type-post_type menu-item-object-page menu-item-7145\"><a href=\"https:\/\/cancerfertilityandme.org.uk\/adult-women\/fertility-preservation-options\/summary-of-fertility-preservation-options\/\" class=\"elementor-item\" tabindex=\"-1\">Resumen de las opciones de preservaci\u00f3n de la fertilidad<\/a><\/li>\n<\/ul>\t\t\t<\/nav>\n\t\t\t\t\t\t<\/div>\n\t\t\t\t<\/div>\n\t\t\t\t<\/div>\n\t\t\t\t<\/div>\n\t\t\t\t\t<\/div>\n\t\t\t\t<\/main>\n\t\t\t\t<\/div>\n\t\t","protected":false},"excerpt":{"rendered":"<p>Hablar con tu equipo de fertilidad sobre la preservaci\u00f3n de la fertilidad El equipo de asistencia a la fertilidad realiza procedimientos conocidos como preservaci\u00f3n de la fertilidad para mujeres diagnosticadas con c\u00e1ncer. El equipo de asistencia a la fertilidad puede hablar contigo sobre tu decisi\u00f3n de someterte o no a tratamientos de fertilidad. El asesoramiento [&hellip;]<\/p>\n","protected":false},"author":1,"featured_media":0,"parent":6086,"menu_order":0,"comment_status":"closed","ping_status":"open","template":"","meta":{"footnotes":""},"class_list":["post-6082","page","type-page","status-publish","hentry"],"_links":{"self":[{"href":"https:\/\/cancerfertilityandme.org.uk\/es\/wp-json\/wp\/v2\/pages\/6082","targetHints":{"allow":["GET"]}}],"collection":[{"href":"https:\/\/cancerfertilityandme.org.uk\/es\/wp-json\/wp\/v2\/pages"}],"about":[{"href":"https:\/\/cancerfertilityandme.org.uk\/es\/wp-json\/wp\/v2\/types\/page"}],"author":[{"embeddable":true,"href":"https:\/\/cancerfertilityandme.org.uk\/es\/wp-json\/wp\/v2\/users\/1"}],"replies":[{"embeddable":true,"href":"https:\/\/cancerfertilityandme.org.uk\/es\/wp-json\/wp\/v2\/comments?post=6082"}],"version-history":[{"count":3,"href":"https:\/\/cancerfertilityandme.org.uk\/es\/wp-json\/wp\/v2\/pages\/6082\/revisions"}],"predecessor-version":[{"id":9574,"href":"https:\/\/cancerfertilityandme.org.uk\/es\/wp-json\/wp\/v2\/pages\/6082\/revisions\/9574"}],"up":[{"embeddable":true,"href":"https:\/\/cancerfertilityandme.org.uk\/es\/wp-json\/wp\/v2\/pages\/6086"}],"wp:attachment":[{"href":"https:\/\/cancerfertilityandme.org.uk\/es\/wp-json\/wp\/v2\/media?parent=6082"}],"curies":[{"name":"wp","href":"https:\/\/api.w.org\/{rel}","templated":true}]}}