{"id":6078,"date":"2018-11-07T09:40:16","date_gmt":"2018-11-07T09:40:16","guid":{"rendered":"https:\/\/cancerfertilityandme.org.uk\/supresion-ovarica\/"},"modified":"2025-11-17T10:59:24","modified_gmt":"2025-11-17T10:59:24","slug":"supresion-ovarica","status":"publish","type":"page","link":"https:\/\/cancerfertilityandme.org.uk\/es\/mujeres-adultas\/opciones-de-preservacion-de-la-fertilidad-2\/supresion-ovarica\/","title":{"rendered":"Supresi\u00f3n Ov\u00e1rica"},"content":{"rendered":"\t\t<div data-elementor-type=\"wp-page\" data-elementor-id=\"6078\" class=\"elementor elementor-6078 elementor-5457\" data-elementor-post-type=\"page\">\n\t\t\t\t<main class=\"elementor-element elementor-element-3014c1cc e-flex e-con-boxed e-con e-parent\" data-id=\"3014c1cc\" data-element_type=\"container\" data-e-type=\"container\">\n\t\t\t\t\t<div class=\"e-con-inner\">\n\t\t<div class=\"elementor-element elementor-element-177c0222 e-con-full e-flex e-con e-child\" data-id=\"177c0222\" data-element_type=\"container\" data-e-type=\"container\">\n\t\t\t\t<div class=\"elementor-element elementor-element-773dc4dd elementor-widget elementor-widget-text-editor\" data-id=\"773dc4dd\" data-element_type=\"widget\" data-e-type=\"widget\" data-widget_type=\"text-editor.default\">\n\t\t\t\t<div class=\"elementor-widget-container\">\n\t\t\t\t\t\t\t\t\t<h2>Supresi\u00f3n Ov\u00e1rica<\/h2><p><strong>Es una opci\u00f3n para proteger los ovarios durante el tratamiento contra el c\u00e1ncer. Es un tratamiento hormonal en forma de inyecciones. Este tratamiento funciona \u201cdesconectando\u201d temporalmente los estr\u00f3genos producidos por el ovario. Esto interrumpe la menstruaci\u00f3n hasta que se complete el tratamiento contra el c\u00e1ncer. No est\u00e1 claro si esta opci\u00f3n aumenta las posibilidades de tener un beb\u00e9 una vez finalizado el tratamiento contra el c\u00e1ncer. La supresi\u00f3n ov\u00e1rica puede utilizarse antes o durante la quimioterapia.     <\/strong><\/p><h3>\u00bfA qui\u00e9n va dirigido?<\/h3><p>A las mujeres que desean preservar su fertilidad y :<\/p><ul><li>Han pasado por la pubertad y se someten a quimioterapia.<\/li><\/ul><h3>\u00bfQu\u00e9 requiere?<\/h3><p>Necesitar\u00e1s inyecciones mensuales que interrumpan las hormonas que estimulan los ovarios. Es posible que se te ofrezca un tratamiento con an\u00e1logos de la hormona liberadora de gonadotropina (GnRH). Se trata de un tratamiento hormonal que puede ayudarte a preservar la fertilidad.  <\/p><h3>\u00bfQu\u00e9 probabilidades hay de tener un beb\u00e9 tras la supresi\u00f3n ov\u00e1rica?<\/h3><p>Las probabilidades de tener un beb\u00e9 en el futuro dependen de c\u00f3mo se hayan visto afectados tus ovarios por el tratamiento contra el c\u00e1ncer. Las pruebas de que la supresi\u00f3n ov\u00e1rica pueda proteger al ovario de la quimioterapia s\u00f3lo est\u00e1n claras para las mujeres con c\u00e1ncer de mama y pueden no ser eficaces para las mujeres con otros c\u00e1nceres. No est\u00e1 claro en qu\u00e9 medida aumenta las posibilidades de tener un beb\u00e9 despu\u00e9s del tratamiento y puede ser menos eficaz que las t\u00e9cnicas de congelaci\u00f3n, por lo que si la fertilidad futura es importante para ti, no deber\u00edas elegir la supresi\u00f3n ov\u00e1rica en lugar de las t\u00e9cnicas de congelaci\u00f3n.  <\/p><h3>\u00bfAfectar\u00e1 esta opci\u00f3n a la salud del beb\u00e9?<\/h3><p>No, los datos sugieren que la salud de un beb\u00e9 nacido con supresi\u00f3n ov\u00e1rica no se ver\u00e1 afectada.<\/p><h3>\u00bfExisten efectos secundarios del tratamiento utilizado en la supresi\u00f3n ov\u00e1rica?<\/h3><p>Esta opci\u00f3n supone el cierre de los ovarios durante un breve periodo. Esto puede provocar los efectos secundarios habituales de la menopausia, como sofocos, cambios de humor, dificultad para dormir y sequedad vaginal. Estos s\u00edntomas son temporales, ya que la supresi\u00f3n ov\u00e1rica no provoca una menopausia permanente.  <\/p><h3>\u00bfEsta opci\u00f3n retrasar\u00e1 el inicio de mi tratamiento contra el c\u00e1ncer?<\/h3><p>Las inyecciones hormonales se administran en la mayor\u00eda de los casos mensualmente y comenzar\u00e1n unas dos semanas antes del tratamiento contra el c\u00e1ncer. Una vez iniciado el este tratamiento, las inyecciones se administran mensualmente mientras la mujer recibe quimioterapia. <\/p><h3>\u00bfAfectar\u00e1 esta opci\u00f3n a las probabilidades de que el c\u00e1ncer vuelva a desarrollarse?<\/h3><p>Los estudios han demostrado que la supresi\u00f3n de los ovarios no afecta a la posibilidad de que el c\u00e1ncer vuelva a desarrollarse.<\/p>\t\t\t\t\t\t\t\t<\/div>\n\t\t\t\t<\/div>\n\t\t<div class=\"elementor-element elementor-element-5d10bed5 e-con-full e-flex e-con e-child\" data-id=\"5d10bed5\" data-element_type=\"container\" data-e-type=\"container\" data-settings=\"{&quot;background_background&quot;:&quot;classic&quot;}\">\n\t\t\t\t<div class=\"elementor-element elementor-element-581fd43b elementor-widget elementor-widget-text-editor\" data-id=\"581fd43b\" data-element_type=\"widget\" data-e-type=\"widget\" data-widget_type=\"text-editor.default\">\n\t\t\t\t<div class=\"elementor-widget-container\">\n\t\t\t\t\t\t\t\t\t<p><strong>Puede resultarte \u00fatil anotar lo que te gusta de esta opci\u00f3n y lo que te preocupa.<\/strong><\/p><p>Estas notas pueden ayudarte a hablar sobre si esta opci\u00f3n es la mejor para ti con tu equipo de atenci\u00f3n al c\u00e1ncer, el equipo de atenci\u00f3n a la fertilidad, la pareja, la familia y los amigos:<\/p>\t\t\t\t\t\t\t\t<\/div>\n\t\t\t\t<\/div>\n\t\t\t\t<\/div>\n\t\t\t\t<\/div>\n\t\t<div class=\"elementor-element elementor-element-197396fe e-con-full e-flex e-con e-child\" data-id=\"197396fe\" data-element_type=\"container\" data-e-type=\"container\">\n\t\t<div class=\"elementor-element elementor-element-70149e82 e-con-full e-flex e-con e-child\" data-id=\"70149e82\" data-element_type=\"container\" data-e-type=\"container\">\n\t\t\t\t<div class=\"elementor-element elementor-element-247aad18 elementor-widget elementor-widget-image\" data-id=\"247aad18\" data-element_type=\"widget\" data-e-type=\"widget\" data-widget_type=\"image.default\">\n\t\t\t\t<div class=\"elementor-widget-container\">\n\t\t\t\t\t\t\t\t\t\t\t\t\t\t\t\t<a href=\"http:\/\/.\/\">\n\t\t\t\t\t\t\t<img fetchpriority=\"high\" decoding=\"async\" width=\"400\" height=\"440\" src=\"https:\/\/cancerfertilityandme.org.uk\/wp-content\/uploads\/cancerfertilityandme-logo-column-adult-women.png\" class=\"attachment-full size-full wp-image-2286\" alt=\"\" srcset=\"https:\/\/cancerfertilityandme.org.uk\/wp-content\/uploads\/cancerfertilityandme-logo-column-adult-women.png 400w, https:\/\/cancerfertilityandme.org.uk\/wp-content\/uploads\/cancerfertilityandme-logo-column-adult-women-273x300.png 273w\" sizes=\"(max-width: 400px) 100vw, 400px\" \/>\t\t\t\t\t\t\t\t<\/a>\n\t\t\t\t\t\t\t\t\t\t\t\t\t\t\t<\/div>\n\t\t\t\t<\/div>\n\t\t\t\t<\/div>\n\t\t<div class=\"elementor-element elementor-element-388435d0 e-con-full e-flex e-con e-child\" data-id=\"388435d0\" data-element_type=\"container\" data-e-type=\"container\">\n\t\t\t\t<div class=\"elementor-element elementor-element-4d5f6543 elementor-widget elementor-widget-heading\" data-id=\"4d5f6543\" data-element_type=\"widget\" data-e-type=\"widget\" data-widget_type=\"heading.default\">\n\t\t\t\t<div class=\"elementor-widget-container\">\n\t\t\t\t\t<h3 class=\"elementor-heading-title elementor-size-default\">Siga estos enlaces para obtener m\u00e1s informaci\u00f3n<\/h3>\t\t\t\t<\/div>\n\t\t\t\t<\/div>\n\t\t\t\t<div class=\"elementor-element elementor-element-2a91258f elementor-nav-menu--dropdown-none elementor-widget elementor-widget-nav-menu\" data-id=\"2a91258f\" data-element_type=\"widget\" data-e-type=\"widget\" data-settings=\"{&quot;layout&quot;:&quot;vertical&quot;,&quot;submenu_icon&quot;:{&quot;value&quot;:&quot;&lt;svg aria-hidden=\\&quot;true\\&quot; class=\\&quot;e-font-icon-svg e-fas-caret-down\\&quot; viewBox=\\&quot;0 0 320 512\\&quot; xmlns=\\&quot;http:\\\/\\\/www.w3.org\\\/2000\\\/svg\\&quot;&gt;&lt;path d=\\&quot;M31.3 192h257.3c17.8 0 26.7 21.5 14.1 34.1L174.1 354.8c-7.8 7.8-20.5 7.8-28.3 0L17.2 226.1C4.6 213.5 13.5 192 31.3 192z\\&quot;&gt;&lt;\\\/path&gt;&lt;\\\/svg&gt;&quot;,&quot;library&quot;:&quot;fa-solid&quot;}}\" data-widget_type=\"nav-menu.default\">\n\t\t\t\t<div class=\"elementor-widget-container\">\n\t\t\t\t\t\t\t\t<nav aria-label=\"Menu\" class=\"elementor-nav-menu--main elementor-nav-menu__container elementor-nav-menu--layout-vertical e--pointer-none\">\n\t\t\t\t<ul id=\"menu-1-2a91258f\" class=\"elementor-nav-menu sm-vertical\"><li class=\"menu-item menu-item-type-post_type menu-item-object-page menu-item-6985\"><a href=\"https:\/\/cancerfertilityandme.org.uk\/adult-women\/fertility-preservation-options\/\" class=\"elementor-item\">Opciones de preservaci\u00f3n de la fertilidad<\/a><\/li>\n<li class=\"menu-item menu-item-type-post_type menu-item-object-page menu-item-6994\"><a href=\"https:\/\/cancerfertilityandme.org.uk\/adult-women\/fertility-preservation-options\/summary-of-fertility-preservation-options\/\" class=\"elementor-item\">Resumen de las opciones de preservaci\u00f3n de la fertilidad<\/a><\/li>\n<li class=\"menu-item menu-item-type-post_type menu-item-object-page menu-item-6990\"><a href=\"https:\/\/cancerfertilityandme.org.uk\/adult-women\/fertility-preservation-options\/no-fertility-preservation\/\" class=\"elementor-item\">No preservar la fertilidad<\/a><\/li>\n<li class=\"menu-item menu-item-type-post_type menu-item-object-page menu-item-6987\"><a href=\"https:\/\/cancerfertilityandme.org.uk\/adult-women\/fertility-preservation-options\/egg-freezing\/\" class=\"elementor-item\">Congelaci\u00f3n de \u00f3vulos<\/a><\/li>\n<li class=\"menu-item menu-item-type-post_type menu-item-object-page menu-item-6988\"><a href=\"https:\/\/cancerfertilityandme.org.uk\/adult-women\/fertility-preservation-options\/embryo-freezing\/\" class=\"elementor-item\">Congelaci\u00f3n de embriones<\/a><\/li>\n<li class=\"menu-item menu-item-type-post_type menu-item-object-page menu-item-6992\"><a href=\"https:\/\/cancerfertilityandme.org.uk\/adult-women\/fertility-preservation-options\/ovarian-tissue-freezing\/\" class=\"elementor-item\">Congelaci\u00f3n de tejido ov\u00e1rico<\/a><\/li>\n<li class=\"menu-item menu-item-type-post_type menu-item-object-page menu-item-6991\"><a href=\"https:\/\/cancerfertilityandme.org.uk\/adult-women\/fertility-preservation-options\/ovarian-suppression\/\" class=\"elementor-item\">Supresi\u00f3n Ov\u00e1rica<\/a><\/li>\n<li class=\"menu-item menu-item-type-post_type menu-item-object-page menu-item-6986\"><a href=\"https:\/\/cancerfertilityandme.org.uk\/adult-women\/fertility-preservation-options\/cancer-specific-fertility-sparing-options\/\" class=\"elementor-item\">Procedimientos de preservaci\u00f3n de la fertilidad espec\u00edficos para determinados c\u00e1nceres<\/a><\/li>\n<li class=\"menu-item menu-item-type-post_type menu-item-object-page menu-item-11368\"><a href=\"https:\/\/cancerfertilityandme.org.uk\/adult-women\/fertility-preservation-options\/other-cancer-treatments\/\" class=\"elementor-item\">Otros tratamientos contra el c\u00e1ncer<\/a><\/li>\n<li class=\"menu-item menu-item-type-post_type menu-item-object-page menu-item-6993\"><a href=\"https:\/\/cancerfertilityandme.org.uk\/adult-women\/fertility-preservation-options\/questions-to-ask-your-cancer-fertility-care-teams\/\" class=\"elementor-item\">Preguntas para el equipo de atenci\u00f3n oncol\u00f3gica y el equipo de atenci\u00f3n a la fertilidad<\/a><\/li>\n<\/ul>\t\t\t<\/nav>\n\t\t\t\t\t\t<nav class=\"elementor-nav-menu--dropdown elementor-nav-menu__container\" aria-hidden=\"true\">\n\t\t\t\t<ul id=\"menu-2-2a91258f\" class=\"elementor-nav-menu sm-vertical\"><li class=\"menu-item menu-item-type-post_type menu-item-object-page menu-item-6985\"><a href=\"https:\/\/cancerfertilityandme.org.uk\/adult-women\/fertility-preservation-options\/\" class=\"elementor-item\" tabindex=\"-1\">Opciones de preservaci\u00f3n de la fertilidad<\/a><\/li>\n<li class=\"menu-item menu-item-type-post_type menu-item-object-page menu-item-6994\"><a href=\"https:\/\/cancerfertilityandme.org.uk\/adult-women\/fertility-preservation-options\/summary-of-fertility-preservation-options\/\" class=\"elementor-item\" tabindex=\"-1\">Resumen de las opciones de preservaci\u00f3n de la fertilidad<\/a><\/li>\n<li class=\"menu-item menu-item-type-post_type menu-item-object-page menu-item-6990\"><a href=\"https:\/\/cancerfertilityandme.org.uk\/adult-women\/fertility-preservation-options\/no-fertility-preservation\/\" class=\"elementor-item\" tabindex=\"-1\">No preservar la fertilidad<\/a><\/li>\n<li class=\"menu-item menu-item-type-post_type menu-item-object-page menu-item-6987\"><a href=\"https:\/\/cancerfertilityandme.org.uk\/adult-women\/fertility-preservation-options\/egg-freezing\/\" class=\"elementor-item\" tabindex=\"-1\">Congelaci\u00f3n de \u00f3vulos<\/a><\/li>\n<li class=\"menu-item menu-item-type-post_type menu-item-object-page menu-item-6988\"><a href=\"https:\/\/cancerfertilityandme.org.uk\/adult-women\/fertility-preservation-options\/embryo-freezing\/\" class=\"elementor-item\" tabindex=\"-1\">Congelaci\u00f3n de embriones<\/a><\/li>\n<li class=\"menu-item menu-item-type-post_type menu-item-object-page menu-item-6992\"><a href=\"https:\/\/cancerfertilityandme.org.uk\/adult-women\/fertility-preservation-options\/ovarian-tissue-freezing\/\" class=\"elementor-item\" tabindex=\"-1\">Congelaci\u00f3n de tejido ov\u00e1rico<\/a><\/li>\n<li class=\"menu-item menu-item-type-post_type menu-item-object-page menu-item-6991\"><a href=\"https:\/\/cancerfertilityandme.org.uk\/adult-women\/fertility-preservation-options\/ovarian-suppression\/\" class=\"elementor-item\" tabindex=\"-1\">Supresi\u00f3n Ov\u00e1rica<\/a><\/li>\n<li class=\"menu-item menu-item-type-post_type menu-item-object-page menu-item-6986\"><a href=\"https:\/\/cancerfertilityandme.org.uk\/adult-women\/fertility-preservation-options\/cancer-specific-fertility-sparing-options\/\" class=\"elementor-item\" tabindex=\"-1\">Procedimientos de preservaci\u00f3n de la fertilidad espec\u00edficos para determinados c\u00e1nceres<\/a><\/li>\n<li class=\"menu-item menu-item-type-post_type menu-item-object-page menu-item-11368\"><a href=\"https:\/\/cancerfertilityandme.org.uk\/adult-women\/fertility-preservation-options\/other-cancer-treatments\/\" class=\"elementor-item\" tabindex=\"-1\">Otros tratamientos contra el c\u00e1ncer<\/a><\/li>\n<li class=\"menu-item menu-item-type-post_type menu-item-object-page menu-item-6993\"><a href=\"https:\/\/cancerfertilityandme.org.uk\/adult-women\/fertility-preservation-options\/questions-to-ask-your-cancer-fertility-care-teams\/\" class=\"elementor-item\" tabindex=\"-1\">Preguntas para el equipo de atenci\u00f3n oncol\u00f3gica y el equipo de atenci\u00f3n a la fertilidad<\/a><\/li>\n<\/ul>\t\t\t<\/nav>\n\t\t\t\t\t\t<\/div>\n\t\t\t\t<\/div>\n\t\t\t\t<\/div>\n\t\t\t\t<\/div>\n\t\t\t\t\t<\/div>\n\t\t\t\t<\/main>\n\t\t\t\t<\/div>\n\t\t","protected":false},"excerpt":{"rendered":"<p>Supresi\u00f3n Ov\u00e1rica Es una opci\u00f3n para proteger los ovarios durante el tratamiento contra el c\u00e1ncer. Es un tratamiento hormonal en forma de inyecciones. Este tratamiento funciona \u201cdesconectando\u201d temporalmente los estr\u00f3genos producidos por el ovario. Esto interrumpe la menstruaci\u00f3n hasta que se complete el tratamiento contra el c\u00e1ncer. No est\u00e1 claro si esta opci\u00f3n aumenta las [&hellip;]<\/p>\n","protected":false},"author":1,"featured_media":0,"parent":6048,"menu_order":0,"comment_status":"closed","ping_status":"open","template":"","meta":{"footnotes":""},"class_list":["post-6078","page","type-page","status-publish","hentry"],"_links":{"self":[{"href":"https:\/\/cancerfertilityandme.org.uk\/es\/wp-json\/wp\/v2\/pages\/6078","targetHints":{"allow":["GET"]}}],"collection":[{"href":"https:\/\/cancerfertilityandme.org.uk\/es\/wp-json\/wp\/v2\/pages"}],"about":[{"href":"https:\/\/cancerfertilityandme.org.uk\/es\/wp-json\/wp\/v2\/types\/page"}],"author":[{"embeddable":true,"href":"https:\/\/cancerfertilityandme.org.uk\/es\/wp-json\/wp\/v2\/users\/1"}],"replies":[{"embeddable":true,"href":"https:\/\/cancerfertilityandme.org.uk\/es\/wp-json\/wp\/v2\/comments?post=6078"}],"version-history":[{"count":3,"href":"https:\/\/cancerfertilityandme.org.uk\/es\/wp-json\/wp\/v2\/pages\/6078\/revisions"}],"predecessor-version":[{"id":9505,"href":"https:\/\/cancerfertilityandme.org.uk\/es\/wp-json\/wp\/v2\/pages\/6078\/revisions\/9505"}],"up":[{"embeddable":true,"href":"https:\/\/cancerfertilityandme.org.uk\/es\/wp-json\/wp\/v2\/pages\/6048"}],"wp:attachment":[{"href":"https:\/\/cancerfertilityandme.org.uk\/es\/wp-json\/wp\/v2\/media?parent=6078"}],"curies":[{"name":"wp","href":"https:\/\/api.w.org\/{rel}","templated":true}]}}