{"id":6076,"date":"2018-11-21T10:17:15","date_gmt":"2018-11-21T10:17:15","guid":{"rendered":"https:\/\/cancerfertilityandme.org.uk\/congelacion-de-tejido-ovarico\/"},"modified":"2025-11-17T10:59:58","modified_gmt":"2025-11-17T10:59:58","slug":"congelacion-de-tejido-ovarico","status":"publish","type":"page","link":"https:\/\/cancerfertilityandme.org.uk\/es\/mujeres-adultas\/opciones-de-preservacion-de-la-fertilidad-2\/congelacion-de-tejido-ovarico\/","title":{"rendered":"Congelaci\u00f3n de tejido ov\u00e1rico"},"content":{"rendered":"\t\t<div data-elementor-type=\"wp-page\" data-elementor-id=\"6076\" class=\"elementor elementor-6076 elementor-5597\" data-elementor-post-type=\"page\">\n\t\t\t\t<main class=\"elementor-element elementor-element-2bc4a5f6 e-flex e-con-boxed e-con e-parent\" data-id=\"2bc4a5f6\" data-element_type=\"container\" data-e-type=\"container\">\n\t\t\t\t\t<div class=\"e-con-inner\">\n\t\t<div class=\"elementor-element elementor-element-70269460 e-con-full e-flex e-con e-child\" data-id=\"70269460\" data-element_type=\"container\" data-e-type=\"container\">\n\t\t\t\t<div class=\"elementor-element elementor-element-6af669fd elementor-widget elementor-widget-n-accordion\" data-id=\"6af669fd\" data-element_type=\"widget\" data-e-type=\"widget\" data-settings=\"{&quot;default_state&quot;:&quot;all_collapsed&quot;,&quot;max_items_expended&quot;:&quot;one&quot;,&quot;n_accordion_animation_duration&quot;:{&quot;unit&quot;:&quot;ms&quot;,&quot;size&quot;:400,&quot;sizes&quot;:[]}}\" data-widget_type=\"nested-accordion.default\">\n\t\t\t\t<div class=\"elementor-widget-container\">\n\t\t\t\t\t\t\t<div class=\"e-n-accordion\" aria-label=\"Accordion. Open links with Enter or Space, close with Escape, and navigate with Arrow Keys\">\n\t\t\t\t\t\t<details id=\"e-n-accordion-item-1790\" class=\"e-n-accordion-item\" >\n\t\t\t\t<summary class=\"e-n-accordion-item-title\" data-accordion-index=\"1\" tabindex=\"0\" aria-expanded=\"false\" aria-controls=\"e-n-accordion-item-1790\" >\n\t\t\t\t\t<span class='e-n-accordion-item-title-header'><div class=\"e-n-accordion-item-title-text\"> Congelaci\u00f3n - introducci\u00f3n <\/div><\/span>\n\t\t\t\t\t\t\t<span class='e-n-accordion-item-title-icon'>\n\t\t\t<span class='e-opened' ><svg aria-hidden=\"true\" class=\"e-font-icon-svg e-fas-minus\" viewBox=\"0 0 448 512\" xmlns=\"http:\/\/www.w3.org\/2000\/svg\"><path d=\"M416 208H32c-17.67 0-32 14.33-32 32v32c0 17.67 14.33 32 32 32h384c17.67 0 32-14.33 32-32v-32c0-17.67-14.33-32-32-32z\"><\/path><\/svg><\/span>\n\t\t\t<span class='e-closed'><svg aria-hidden=\"true\" class=\"e-font-icon-svg e-fas-plus\" viewBox=\"0 0 448 512\" xmlns=\"http:\/\/www.w3.org\/2000\/svg\"><path d=\"M416 208H272V64c0-17.67-14.33-32-32-32h-32c-17.67 0-32 14.33-32 32v144H32c-17.67 0-32 14.33-32 32v32c0 17.67 14.33 32 32 32h144v144c0 17.67 14.33 32 32 32h32c17.67 0 32-14.33 32-32V304h144c17.67 0 32-14.33 32-32v-32c0-17.67-14.33-32-32-32z\"><\/path><\/svg><\/span>\n\t\t<\/span>\n\n\t\t\t\t\t\t<\/summary>\n\t\t\t\t<div role=\"region\" aria-labelledby=\"e-n-accordion-item-1790\" class=\"elementor-element elementor-element-2d16a357 e-con-full e-flex e-con e-child\" data-id=\"2d16a357\" data-element_type=\"container\" data-e-type=\"container\" data-settings=\"{&quot;background_background&quot;:&quot;classic&quot;}\">\n\t\t\t\t<div class=\"elementor-element elementor-element-344071ab elementor-widget elementor-widget-text-editor\" data-id=\"344071ab\" data-element_type=\"widget\" data-e-type=\"widget\" data-widget_type=\"text-editor.default\">\n\t\t\t\t<div class=\"elementor-widget-container\">\n\t\t\t\t\t\t\t\t\t<h3>Congelaci\u00f3n<\/h3><p><strong>Hay tres opciones de congelaci\u00f3n que pueden ayudar a preservar la fertilidad de una mujer:<\/strong><\/p><ul><li>Congelaci\u00f3n de \u00f3vulos<\/li><li>Congelaci\u00f3n de embriones<\/li><li>Congelaci\u00f3n de tejido ov\u00e1rico<\/li><\/ul><p>Los \u00f3vulos, embriones y tejidos ov\u00e1ricos se pueden congelar y almacenar durante muchos a\u00f1os. Cuando sea el momento adecuado, se pueden descongelar y usar para un embarazo despu\u00e9s de que se haya completado el tratamiento contra el c\u00e1ncer. <\/p><p>Hay diferentes m\u00e9todos de congelaci\u00f3n disponibles para preservar \u00f3vulos, embriones y tejido ov\u00e1rico. La criopreservaci\u00f3n es un m\u00e9todo de \u201ccongelaci\u00f3n lenta\u201d. La vitrificaci\u00f3n es un m\u00e9todo m\u00e1s nuevo de \u201ccongelaci\u00f3n r\u00e1pida o instant\u00e1nea\u201d. Se ha demostrado que este m\u00e9todo mejora las posibilidades de que los \u00f3vulos y embriones sobrevivan al proceso de descongelaci\u00f3n y aumenta la tasa de \u00e9xito del embarazo.   <\/p><p>Algunas mujeres, si tienen una pareja masculina, pueden congelar tanto los \u00f3vulos como los embriones. Es posible que tengan m\u00e1s opciones de fertilidad disponibles en el futuro despu\u00e9s de su tratamiento contra el c\u00e1ncer. <\/p><p>La congelaci\u00f3n de tejido ov\u00e1rico es un nuevo m\u00e9todo de preservaci\u00f3n de la fertilidad. Esta podr\u00eda ser otra opci\u00f3n para mujeres sin pareja masculina. <\/p>\t\t\t\t\t\t\t\t<\/div>\n\t\t\t\t<\/div>\n\t\t\t\t<\/div>\n\t\t\t\t\t<\/details>\n\t\t\t\t\t<\/div>\n\t\t\t\t\t\t<\/div>\n\t\t\t\t<\/div>\n\t\t\t\t<div class=\"elementor-element elementor-element-1bc37fc6 elementor-widget elementor-widget-text-editor\" data-id=\"1bc37fc6\" data-element_type=\"widget\" data-e-type=\"widget\" data-widget_type=\"text-editor.default\">\n\t\t\t\t<div class=\"elementor-widget-container\">\n\t\t\t\t\t\t\t\t\t<h2>Congelaci\u00f3n de tejido ov\u00e1rico<\/h2><p><strong>El tejido ov\u00e1rico que contiene un gran n\u00famero de \u00f3vulos inmaduros se extrae y se congela. Tras el tratamiento contra el c\u00e1ncer, el tejido puede reinsertarse en el cuerpo para permitir el desarrollo de los \u00f3vulos. Se trata de un tratamiento para la preservaci\u00f3n de la fertilidad m\u00e1s reciente y a\u00fan no est\u00e1 disponible en todas las cl\u00ednicas de fertilidad. Puede utilizarse inmediatamente, antes y durante la quimioterapia.   <\/strong><\/p><h3>\u00bfA qui\u00e9n va dirigido?<\/h3><p>A las mujeres que desean preservar su fertilidad y :<\/p><ul><li>No tienen tiempo para congelar embriones u \u00f3vulos.<\/li><li>No pueden utilizar medicamentos para la fertilidad.<\/li><\/ul><p>Una vez que el tejido ov\u00e1rico ha vuelto al organismo, puede restablecerse la producci\u00f3n y los ciclos hormonales normales y permitir la posibilidad de quedarse embarazada de forma natural. Este m\u00e9todo tambi\u00e9n es adecuado para las ni\u00f1as que no han alcanzado la pubertad. <\/p><p>Hay que tener muy en cuenta a las mujeres con un c\u00e1ncer de sangre como la leucemia. Esto se debe a que existe la posibilidad de reintroducir c\u00e9lulas cancerosas en el cuerpo con el tejido ov\u00e1rico congelado. <\/p><h3>\u00bfQu\u00e9 requiere?<\/h3><p>Necesitar\u00e1 una cirug\u00eda m\u00ednimamente invasiva bajo anestesia general. Se extrae un ovario, o parte de \u00e9ste, para poder congelar la capa exterior (la corteza) que contiene los \u00f3vulos inmaduros. Las mujeres pueden recibir el alta hospitalaria el mismo d\u00eda de la intervenci\u00f3n.  <\/p><p>Dado que la congelaci\u00f3n de tejido ov\u00e1rico afecta \u00fanicamente a la mujer, no es necesario el consentimiento de la pareja o de los padres para utilizar el tejido almacenado en el futuro. No existe un l\u00edmite m\u00e1ximo de tiempo de conservaci\u00f3n del tejido ov\u00e1rico congelado. <\/p><h3>\u00bfQu\u00e9 probabilidades hay de tener un beb\u00e9 tras la congelaci\u00f3n de tejido ov\u00e1rico?<\/h3><p>Es dif\u00edcil saber con certeza la probabilidad de que la congelaci\u00f3n de tejido ov\u00e1rico d\u00e9 lugar a un parto exitoso. Al ser un tratamiento m\u00e1s reciente, el n\u00famero de pacientes con c\u00e1ncer que han utilizado su tejido congelado para tener un beb\u00e9 es bajo. Estos datos muestran que la probabilidad de que la congelaci\u00f3n de tejido ov\u00e1rico ayude a una mujer a tener un beb\u00e9 es de aproximadamente 30 de cada 100 (30%). Para obtener m\u00e1s informaci\u00f3n sobre las tasas medias de \u00e9xito a nivel nacional y el n\u00famero de nacimientos con \u00e9xito de cada cl\u00ednica de fertilidad autorizada, visite el sitio web de la Autoridad de Fertilizaci\u00f3n Humana y Embriolog\u00eda (HFEA) www.hfea.gov.uk.   Para obtener m\u00e1s informaci\u00f3n sobre las tasas medias de \u00e9xito a nivel nacional y el n\u00famero de nacimientos con \u00e9xito de cada cl\u00ednica de fertilidad autorizada, visite el sitio web de la Autoridad de Fertilizaci\u00f3n Humana y Embriolog\u00eda (HFEA) <a href=\"http:\/\/www.hfea.gov.uk\" target=\"_blank\" rel=\"noopener\">www.hfea.gov.uk.<\/a><\/p><h3>\u00bfAfectar\u00e1 esta opci\u00f3n a la salud del beb\u00e9?<\/h3><p>No, los datos sugieren que la salud de un beb\u00e9 nacido con tejido ov\u00e1rico congelado no se ver\u00e1 afectada.<\/p><h3>\u00bfExisten efectos secundarios del tratamiento utilizado en la congelaci\u00f3n de tejido ov\u00e1rico?<\/h3><p>Existe la posibilidad de que se produzcan hemorragias e infecciones y de que se da\u00f1en la vejiga y los intestinos durante la cirug\u00eda de extirpaci\u00f3n del tejido ov\u00e1rico.<\/p><h3>\u00bfEsta opci\u00f3n retrasar\u00e1 el inicio de mi tratamiento contra el c\u00e1ncer?<\/h3><p>El procedimiento se realiza en un d\u00eda (sin necesidad de pasar la noche en el hospital) y no causar\u00e1 ning\u00fan retraso en tu tratamiento contra el c\u00e1ncer.<\/p><h3>\u00bfAfectar\u00e1 esta opci\u00f3n a las probabilidades de que el c\u00e1ncer vuelva a desarrollarse?<\/h3><p>En algunos tipos de c\u00e1ncer, como la leucemia, existe la posibilidad de que el tejido ov\u00e1rico est\u00e9 contaminado por c\u00e9lulas cancerosas. No hay casos de reaparici\u00f3n del c\u00e1ncer tras el uso de tejido ov\u00e1rico congelado. <\/p>\t\t\t\t\t\t\t\t<\/div>\n\t\t\t\t<\/div>\n\t\t<div class=\"elementor-element elementor-element-1c6a33d8 e-con-full e-flex e-con e-child\" data-id=\"1c6a33d8\" data-element_type=\"container\" data-e-type=\"container\" data-settings=\"{&quot;background_background&quot;:&quot;classic&quot;}\">\n\t\t\t\t<div class=\"elementor-element elementor-element-6e5269c7 elementor-widget elementor-widget-text-editor\" data-id=\"6e5269c7\" data-element_type=\"widget\" data-e-type=\"widget\" data-widget_type=\"text-editor.default\">\n\t\t\t\t<div class=\"elementor-widget-container\">\n\t\t\t\t\t\t\t\t\t<p><strong>Puede resultarte \u00fatil anotar lo que te gusta de esta opci\u00f3n y lo que te preocupa.<\/strong><\/p><p>Estas notas pueden ayudarte a hablar sobre si esta opci\u00f3n es la mejor para ti con tu equipo de atenci\u00f3n al c\u00e1ncer, el equipo de atenci\u00f3n a la fertilidad, la pareja, la familia y los amigos:<\/p>\t\t\t\t\t\t\t\t<\/div>\n\t\t\t\t<\/div>\n\t\t\t\t<\/div>\n\t\t\t\t<\/div>\n\t\t<div class=\"elementor-element elementor-element-239af225 e-con-full e-flex e-con e-child\" data-id=\"239af225\" data-element_type=\"container\" data-e-type=\"container\">\n\t\t<div class=\"elementor-element elementor-element-323b58e4 e-con-full e-flex e-con e-child\" data-id=\"323b58e4\" data-element_type=\"container\" data-e-type=\"container\">\n\t\t\t\t<div class=\"elementor-element elementor-element-360f2909 elementor-widget elementor-widget-image\" data-id=\"360f2909\" data-element_type=\"widget\" data-e-type=\"widget\" data-widget_type=\"image.default\">\n\t\t\t\t<div class=\"elementor-widget-container\">\n\t\t\t\t\t\t\t\t\t\t\t\t\t\t\t\t<a href=\"http:\/\/.\/\">\n\t\t\t\t\t\t\t<img fetchpriority=\"high\" decoding=\"async\" width=\"400\" height=\"440\" src=\"https:\/\/cancerfertilityandme.org.uk\/wp-content\/uploads\/cancerfertilityandme-logo-column-adult-women.png\" class=\"attachment-full size-full wp-image-2286\" alt=\"\" srcset=\"https:\/\/cancerfertilityandme.org.uk\/wp-content\/uploads\/cancerfertilityandme-logo-column-adult-women.png 400w, https:\/\/cancerfertilityandme.org.uk\/wp-content\/uploads\/cancerfertilityandme-logo-column-adult-women-273x300.png 273w\" sizes=\"(max-width: 400px) 100vw, 400px\" \/>\t\t\t\t\t\t\t\t<\/a>\n\t\t\t\t\t\t\t\t\t\t\t\t\t\t\t<\/div>\n\t\t\t\t<\/div>\n\t\t\t\t<\/div>\n\t\t<div class=\"elementor-element elementor-element-6fa8bec9 e-con-full e-flex e-con e-child\" data-id=\"6fa8bec9\" data-element_type=\"container\" data-e-type=\"container\">\n\t\t\t\t<div class=\"elementor-element elementor-element-7bf99ddd elementor-widget elementor-widget-heading\" data-id=\"7bf99ddd\" data-element_type=\"widget\" data-e-type=\"widget\" data-widget_type=\"heading.default\">\n\t\t\t\t<div class=\"elementor-widget-container\">\n\t\t\t\t\t<h3 class=\"elementor-heading-title elementor-size-default\">Siga estos enlaces para obtener m\u00e1s informaci\u00f3n<\/h3>\t\t\t\t<\/div>\n\t\t\t\t<\/div>\n\t\t\t\t<div class=\"elementor-element elementor-element-1c7090a2 elementor-nav-menu--dropdown-none elementor-widget elementor-widget-nav-menu\" data-id=\"1c7090a2\" data-element_type=\"widget\" data-e-type=\"widget\" data-settings=\"{&quot;layout&quot;:&quot;vertical&quot;,&quot;submenu_icon&quot;:{&quot;value&quot;:&quot;&lt;svg aria-hidden=\\&quot;true\\&quot; class=\\&quot;e-font-icon-svg e-fas-caret-down\\&quot; viewBox=\\&quot;0 0 320 512\\&quot; xmlns=\\&quot;http:\\\/\\\/www.w3.org\\\/2000\\\/svg\\&quot;&gt;&lt;path d=\\&quot;M31.3 192h257.3c17.8 0 26.7 21.5 14.1 34.1L174.1 354.8c-7.8 7.8-20.5 7.8-28.3 0L17.2 226.1C4.6 213.5 13.5 192 31.3 192z\\&quot;&gt;&lt;\\\/path&gt;&lt;\\\/svg&gt;&quot;,&quot;library&quot;:&quot;fa-solid&quot;}}\" data-widget_type=\"nav-menu.default\">\n\t\t\t\t<div class=\"elementor-widget-container\">\n\t\t\t\t\t\t\t\t<nav aria-label=\"Menu\" class=\"elementor-nav-menu--main elementor-nav-menu__container elementor-nav-menu--layout-vertical e--pointer-none\">\n\t\t\t\t<ul id=\"menu-1-1c7090a2\" class=\"elementor-nav-menu sm-vertical\"><li class=\"menu-item menu-item-type-post_type menu-item-object-page menu-item-6985\"><a href=\"https:\/\/cancerfertilityandme.org.uk\/adult-women\/fertility-preservation-options\/\" class=\"elementor-item\">Opciones de preservaci\u00f3n de la fertilidad<\/a><\/li>\n<li class=\"menu-item menu-item-type-post_type menu-item-object-page menu-item-6994\"><a href=\"https:\/\/cancerfertilityandme.org.uk\/adult-women\/fertility-preservation-options\/summary-of-fertility-preservation-options\/\" class=\"elementor-item\">Resumen de las opciones de preservaci\u00f3n de la fertilidad<\/a><\/li>\n<li class=\"menu-item menu-item-type-post_type menu-item-object-page menu-item-6990\"><a href=\"https:\/\/cancerfertilityandme.org.uk\/adult-women\/fertility-preservation-options\/no-fertility-preservation\/\" class=\"elementor-item\">No preservar la fertilidad<\/a><\/li>\n<li class=\"menu-item menu-item-type-post_type menu-item-object-page menu-item-6987\"><a href=\"https:\/\/cancerfertilityandme.org.uk\/adult-women\/fertility-preservation-options\/egg-freezing\/\" class=\"elementor-item\">Congelaci\u00f3n de \u00f3vulos<\/a><\/li>\n<li class=\"menu-item menu-item-type-post_type menu-item-object-page menu-item-6988\"><a href=\"https:\/\/cancerfertilityandme.org.uk\/adult-women\/fertility-preservation-options\/embryo-freezing\/\" class=\"elementor-item\">Congelaci\u00f3n de embriones<\/a><\/li>\n<li class=\"menu-item menu-item-type-post_type menu-item-object-page menu-item-6992\"><a href=\"https:\/\/cancerfertilityandme.org.uk\/adult-women\/fertility-preservation-options\/ovarian-tissue-freezing\/\" class=\"elementor-item\">Congelaci\u00f3n de tejido ov\u00e1rico<\/a><\/li>\n<li class=\"menu-item menu-item-type-post_type menu-item-object-page menu-item-6991\"><a href=\"https:\/\/cancerfertilityandme.org.uk\/adult-women\/fertility-preservation-options\/ovarian-suppression\/\" class=\"elementor-item\">Supresi\u00f3n Ov\u00e1rica<\/a><\/li>\n<li class=\"menu-item menu-item-type-post_type menu-item-object-page menu-item-6986\"><a href=\"https:\/\/cancerfertilityandme.org.uk\/adult-women\/fertility-preservation-options\/cancer-specific-fertility-sparing-options\/\" class=\"elementor-item\">Procedimientos de preservaci\u00f3n de la fertilidad espec\u00edficos para determinados c\u00e1nceres<\/a><\/li>\n<li class=\"menu-item menu-item-type-post_type menu-item-object-page menu-item-11368\"><a href=\"https:\/\/cancerfertilityandme.org.uk\/adult-women\/fertility-preservation-options\/other-cancer-treatments\/\" class=\"elementor-item\">Otros tratamientos contra el c\u00e1ncer<\/a><\/li>\n<li class=\"menu-item menu-item-type-post_type menu-item-object-page menu-item-6993\"><a href=\"https:\/\/cancerfertilityandme.org.uk\/adult-women\/fertility-preservation-options\/questions-to-ask-your-cancer-fertility-care-teams\/\" class=\"elementor-item\">Preguntas para el equipo de atenci\u00f3n oncol\u00f3gica y el equipo de atenci\u00f3n a la fertilidad<\/a><\/li>\n<\/ul>\t\t\t<\/nav>\n\t\t\t\t\t\t<nav class=\"elementor-nav-menu--dropdown elementor-nav-menu__container\" aria-hidden=\"true\">\n\t\t\t\t<ul id=\"menu-2-1c7090a2\" class=\"elementor-nav-menu sm-vertical\"><li class=\"menu-item menu-item-type-post_type menu-item-object-page menu-item-6985\"><a href=\"https:\/\/cancerfertilityandme.org.uk\/adult-women\/fertility-preservation-options\/\" class=\"elementor-item\" tabindex=\"-1\">Opciones de preservaci\u00f3n de la fertilidad<\/a><\/li>\n<li class=\"menu-item menu-item-type-post_type menu-item-object-page menu-item-6994\"><a href=\"https:\/\/cancerfertilityandme.org.uk\/adult-women\/fertility-preservation-options\/summary-of-fertility-preservation-options\/\" class=\"elementor-item\" tabindex=\"-1\">Resumen de las opciones de preservaci\u00f3n de la fertilidad<\/a><\/li>\n<li class=\"menu-item menu-item-type-post_type menu-item-object-page menu-item-6990\"><a href=\"https:\/\/cancerfertilityandme.org.uk\/adult-women\/fertility-preservation-options\/no-fertility-preservation\/\" class=\"elementor-item\" tabindex=\"-1\">No preservar la fertilidad<\/a><\/li>\n<li class=\"menu-item menu-item-type-post_type menu-item-object-page menu-item-6987\"><a href=\"https:\/\/cancerfertilityandme.org.uk\/adult-women\/fertility-preservation-options\/egg-freezing\/\" class=\"elementor-item\" tabindex=\"-1\">Congelaci\u00f3n de \u00f3vulos<\/a><\/li>\n<li class=\"menu-item menu-item-type-post_type menu-item-object-page menu-item-6988\"><a href=\"https:\/\/cancerfertilityandme.org.uk\/adult-women\/fertility-preservation-options\/embryo-freezing\/\" class=\"elementor-item\" tabindex=\"-1\">Congelaci\u00f3n de embriones<\/a><\/li>\n<li class=\"menu-item menu-item-type-post_type menu-item-object-page menu-item-6992\"><a href=\"https:\/\/cancerfertilityandme.org.uk\/adult-women\/fertility-preservation-options\/ovarian-tissue-freezing\/\" class=\"elementor-item\" tabindex=\"-1\">Congelaci\u00f3n de tejido ov\u00e1rico<\/a><\/li>\n<li class=\"menu-item menu-item-type-post_type menu-item-object-page menu-item-6991\"><a href=\"https:\/\/cancerfertilityandme.org.uk\/adult-women\/fertility-preservation-options\/ovarian-suppression\/\" class=\"elementor-item\" tabindex=\"-1\">Supresi\u00f3n Ov\u00e1rica<\/a><\/li>\n<li class=\"menu-item menu-item-type-post_type menu-item-object-page menu-item-6986\"><a href=\"https:\/\/cancerfertilityandme.org.uk\/adult-women\/fertility-preservation-options\/cancer-specific-fertility-sparing-options\/\" class=\"elementor-item\" tabindex=\"-1\">Procedimientos de preservaci\u00f3n de la fertilidad espec\u00edficos para determinados c\u00e1nceres<\/a><\/li>\n<li class=\"menu-item menu-item-type-post_type menu-item-object-page menu-item-11368\"><a href=\"https:\/\/cancerfertilityandme.org.uk\/adult-women\/fertility-preservation-options\/other-cancer-treatments\/\" class=\"elementor-item\" tabindex=\"-1\">Otros tratamientos contra el c\u00e1ncer<\/a><\/li>\n<li class=\"menu-item menu-item-type-post_type menu-item-object-page menu-item-6993\"><a href=\"https:\/\/cancerfertilityandme.org.uk\/adult-women\/fertility-preservation-options\/questions-to-ask-your-cancer-fertility-care-teams\/\" class=\"elementor-item\" tabindex=\"-1\">Preguntas para el equipo de atenci\u00f3n oncol\u00f3gica y el equipo de atenci\u00f3n a la fertilidad<\/a><\/li>\n<\/ul>\t\t\t<\/nav>\n\t\t\t\t\t\t<\/div>\n\t\t\t\t<\/div>\n\t\t\t\t<\/div>\n\t\t\t\t<\/div>\n\t\t\t\t\t<\/div>\n\t\t\t\t<\/main>\n\t\t\t\t<\/div>\n\t\t","protected":false},"excerpt":{"rendered":"<p>Congelaci\u00f3n &#8211; introducci\u00f3n Congelaci\u00f3n Hay tres opciones de congelaci\u00f3n que pueden ayudar a preservar la fertilidad de una mujer: Congelaci\u00f3n de \u00f3vulos Congelaci\u00f3n de embriones Congelaci\u00f3n de tejido ov\u00e1rico Los \u00f3vulos, embriones y tejidos ov\u00e1ricos se pueden congelar y almacenar durante muchos a\u00f1os. Cuando sea el momento adecuado, se pueden descongelar y usar para un [&hellip;]<\/p>\n","protected":false},"author":1,"featured_media":0,"parent":6048,"menu_order":0,"comment_status":"closed","ping_status":"open","template":"","meta":{"footnotes":""},"class_list":["post-6076","page","type-page","status-publish","hentry"],"_links":{"self":[{"href":"https:\/\/cancerfertilityandme.org.uk\/es\/wp-json\/wp\/v2\/pages\/6076","targetHints":{"allow":["GET"]}}],"collection":[{"href":"https:\/\/cancerfertilityandme.org.uk\/es\/wp-json\/wp\/v2\/pages"}],"about":[{"href":"https:\/\/cancerfertilityandme.org.uk\/es\/wp-json\/wp\/v2\/types\/page"}],"author":[{"embeddable":true,"href":"https:\/\/cancerfertilityandme.org.uk\/es\/wp-json\/wp\/v2\/users\/1"}],"replies":[{"embeddable":true,"href":"https:\/\/cancerfertilityandme.org.uk\/es\/wp-json\/wp\/v2\/comments?post=6076"}],"version-history":[{"count":3,"href":"https:\/\/cancerfertilityandme.org.uk\/es\/wp-json\/wp\/v2\/pages\/6076\/revisions"}],"predecessor-version":[{"id":9518,"href":"https:\/\/cancerfertilityandme.org.uk\/es\/wp-json\/wp\/v2\/pages\/6076\/revisions\/9518"}],"up":[{"embeddable":true,"href":"https:\/\/cancerfertilityandme.org.uk\/es\/wp-json\/wp\/v2\/pages\/6048"}],"wp:attachment":[{"href":"https:\/\/cancerfertilityandme.org.uk\/es\/wp-json\/wp\/v2\/media?parent=6076"}],"curies":[{"name":"wp","href":"https:\/\/api.w.org\/{rel}","templated":true}]}}