{"id":6074,"date":"2018-11-21T09:23:31","date_gmt":"2018-11-21T09:23:31","guid":{"rendered":"https:\/\/cancerfertilityandme.org.uk\/congelacion-de-embriones\/"},"modified":"2025-11-17T10:58:27","modified_gmt":"2025-11-17T10:58:27","slug":"congelacion-de-embriones","status":"publish","type":"page","link":"https:\/\/cancerfertilityandme.org.uk\/es\/mujeres-adultas\/opciones-de-preservacion-de-la-fertilidad-2\/congelacion-de-embriones\/","title":{"rendered":"Congelaci\u00f3n de embriones"},"content":{"rendered":"\t\t<div data-elementor-type=\"wp-page\" data-elementor-id=\"6074\" class=\"elementor elementor-6074 elementor-5595\" data-elementor-post-type=\"page\">\n\t\t\t\t<main class=\"elementor-element elementor-element-7efa637e e-flex e-con-boxed e-con e-parent\" data-id=\"7efa637e\" data-element_type=\"container\" data-e-type=\"container\">\n\t\t\t\t\t<div class=\"e-con-inner\">\n\t\t<div class=\"elementor-element elementor-element-378bc36a e-con-full e-flex e-con e-child\" data-id=\"378bc36a\" data-element_type=\"container\" data-e-type=\"container\">\n\t\t\t\t<div class=\"elementor-element elementor-element-795788c4 elementor-widget elementor-widget-n-accordion\" data-id=\"795788c4\" data-element_type=\"widget\" data-e-type=\"widget\" data-settings=\"{&quot;default_state&quot;:&quot;all_collapsed&quot;,&quot;max_items_expended&quot;:&quot;one&quot;,&quot;n_accordion_animation_duration&quot;:{&quot;unit&quot;:&quot;ms&quot;,&quot;size&quot;:400,&quot;sizes&quot;:[]}}\" data-widget_type=\"nested-accordion.default\">\n\t\t\t\t<div class=\"elementor-widget-container\">\n\t\t\t\t\t\t\t<div class=\"e-n-accordion\" aria-label=\"Accordion. Open links with Enter or Space, close with Escape, and navigate with Arrow Keys\">\n\t\t\t\t\t\t<details id=\"e-n-accordion-item-2030\" class=\"e-n-accordion-item\" >\n\t\t\t\t<summary class=\"e-n-accordion-item-title\" data-accordion-index=\"1\" tabindex=\"0\" aria-expanded=\"false\" aria-controls=\"e-n-accordion-item-2030\" >\n\t\t\t\t\t<span class='e-n-accordion-item-title-header'><div class=\"e-n-accordion-item-title-text\"> Congelaci\u00f3n - introducci\u00f3n <\/div><\/span>\n\t\t\t\t\t\t\t<span class='e-n-accordion-item-title-icon'>\n\t\t\t<span class='e-opened' ><svg aria-hidden=\"true\" class=\"e-font-icon-svg e-fas-minus\" viewBox=\"0 0 448 512\" xmlns=\"http:\/\/www.w3.org\/2000\/svg\"><path d=\"M416 208H32c-17.67 0-32 14.33-32 32v32c0 17.67 14.33 32 32 32h384c17.67 0 32-14.33 32-32v-32c0-17.67-14.33-32-32-32z\"><\/path><\/svg><\/span>\n\t\t\t<span class='e-closed'><svg aria-hidden=\"true\" class=\"e-font-icon-svg e-fas-plus\" viewBox=\"0 0 448 512\" xmlns=\"http:\/\/www.w3.org\/2000\/svg\"><path d=\"M416 208H272V64c0-17.67-14.33-32-32-32h-32c-17.67 0-32 14.33-32 32v144H32c-17.67 0-32 14.33-32 32v32c0 17.67 14.33 32 32 32h144v144c0 17.67 14.33 32 32 32h32c17.67 0 32-14.33 32-32V304h144c17.67 0 32-14.33 32-32v-32c0-17.67-14.33-32-32-32z\"><\/path><\/svg><\/span>\n\t\t<\/span>\n\n\t\t\t\t\t\t<\/summary>\n\t\t\t\t<div role=\"region\" aria-labelledby=\"e-n-accordion-item-2030\" class=\"elementor-element elementor-element-5516ae83 e-con-full e-flex e-con e-child\" data-id=\"5516ae83\" data-element_type=\"container\" data-e-type=\"container\" data-settings=\"{&quot;background_background&quot;:&quot;classic&quot;}\">\n\t\t\t\t<div class=\"elementor-element elementor-element-527e22d4 elementor-widget elementor-widget-text-editor\" data-id=\"527e22d4\" data-element_type=\"widget\" data-e-type=\"widget\" data-widget_type=\"text-editor.default\">\n\t\t\t\t<div class=\"elementor-widget-container\">\n\t\t\t\t\t\t\t\t\t<h3>Congelaci\u00f3n<\/h3><p><strong>Hay tres opciones de congelaci\u00f3n que pueden ayudar a preservar la fertilidad de una mujer:<\/strong><\/p><ul><li>Congelaci\u00f3n de \u00f3vulos<\/li><li>Congelaci\u00f3n de embriones<\/li><li>Congelaci\u00f3n de tejido ov\u00e1rico<\/li><\/ul><p>Los \u00f3vulos, embriones y tejidos ov\u00e1ricos se pueden congelar y almacenar durante muchos a\u00f1os. Cuando sea el momento adecuado, se pueden descongelar y usar para un embarazo despu\u00e9s de que se haya completado el tratamiento contra el c\u00e1ncer. <\/p><p>Hay diferentes m\u00e9todos de congelaci\u00f3n disponibles para preservar \u00f3vulos, embriones y tejido ov\u00e1rico. La criopreservaci\u00f3n es un m\u00e9todo de \u201ccongelaci\u00f3n lenta\u201d. La vitrificaci\u00f3n es un m\u00e9todo m\u00e1s nuevo de \u201ccongelaci\u00f3n r\u00e1pida o instant\u00e1nea\u201d. Se ha demostrado que este m\u00e9todo mejora las posibilidades de que los \u00f3vulos y embriones sobrevivan al proceso de descongelaci\u00f3n y aumenta la tasa de \u00e9xito del embarazo.   <\/p><p>Algunas mujeres, si tienen una pareja masculina, pueden congelar tanto los \u00f3vulos como los embriones. Es posible que tengan m\u00e1s opciones de fertilidad disponibles en el futuro despu\u00e9s de su tratamiento contra el c\u00e1ncer. <\/p><p>La congelaci\u00f3n de tejido ov\u00e1rico es un nuevo m\u00e9todo de preservaci\u00f3n de la fertilidad. Esta podr\u00eda ser otra opci\u00f3n para mujeres sin pareja masculina. <\/p>\t\t\t\t\t\t\t\t<\/div>\n\t\t\t\t<\/div>\n\t\t\t\t<\/div>\n\t\t\t\t\t<\/details>\n\t\t\t\t\t<\/div>\n\t\t\t\t\t\t<\/div>\n\t\t\t\t<\/div>\n\t\t\t\t<div class=\"elementor-element elementor-element-7fab3355 elementor-widget elementor-widget-text-editor\" data-id=\"7fab3355\" data-element_type=\"widget\" data-e-type=\"widget\" data-widget_type=\"text-editor.default\">\n\t\t\t\t<div class=\"elementor-widget-container\">\n\t\t\t\t\t\t\t\t\t<h2>Congelaci\u00f3n de embriones<\/h2><p><strong>Esta opci\u00f3n consiste en extraer \u00f3vulos maduros del ovario de la mujer y fecundarlos con esperma mediante fecundaci\u00f3n in vitro (FIV). Esto se hace en un laboratorio. Los \u00f3vulos fecundados (embriones) se congelan y almacenan para su uso futuro. Cuando una mujer joven est\u00e1 preparada para quedarse embarazada, los embriones almacenados se vuelven a colocar en el \u00fatero.   <\/strong><\/p><h3>\u00bfA qui\u00e9n va dirigido?<\/h3><p>A mujeres j\u00f3venes que han pasado por la pubertad y:<\/p><ul><li>Tienen tiempo para realizar un ciclo de tratamiento de fertilidad antes de comenzar el tratamiento contra el c\u00e1ncer.<\/li><li>Tienen una pareja masculina, ya que se necesitan tanto \u00f3vulos como espermatozoides para fecundar el \u00f3vulo.<\/li><\/ul><h3>\u00bfQu\u00e9 requiere?<\/h3><p>Necesitar\u00e1s inyecciones de hormonas para estimular los ovarios (estimulaci\u00f3n ov\u00e1rica) durante unas dos semanas. A continuaci\u00f3n, los \u00f3vulos se recogen mediante una fina aguja que atraviesa la pared de la vagina hasta llegar a los ovarios. Esto se hace bajo anestesia. Puedes recibir el alta hospitalaria en pocas horas.   <\/p><p>Si tienes una relaci\u00f3n puedes crear y almacenar un embri\u00f3n con tu pareja masculina, necesitar\u00e1s el consentimiento de tu pareja antes de poder utilizar los embriones. Esto es importante, porque si luego os separ\u00e1is, puede que no quiera que utilices los embriones almacenados. <\/p><p> Si no tienes pareja masculina, el uso de esperma de donante es una opci\u00f3n. Si eliges esta opci\u00f3n, es importante que sepas que el donante puede cambiar de opini\u00f3n y no permitir que se utilicen embriones hechos con su esperma. <\/p><p>Los embriones congelados pueden almacenarse durante 10 a\u00f1os. En algunas situaciones, esto puede incrementarse por per\u00edodos de 10 a\u00f1os (hasta 55 a\u00f1os en total). <\/p><h3>\u00bfQu\u00e9 probabilidades hay de tener un beb\u00e9 tras la congelaci\u00f3n de embriones?<\/h3><p>Es dif\u00edcil saber con certeza la probabilidad de que la congelaci\u00f3n de embriones d\u00e9 lugar a un parto exitoso. El n\u00famero de pacientes con c\u00e1ncer que han utilizado \u00f3vulos congelados es peque\u00f1o. La mayor\u00eda de los datos proceden de mujeres sin c\u00e1ncer que han utilizado un embri\u00f3n congelado para tener un beb\u00e9.  <\/p><p>Estos datos muestran que la posibilidad de que los embriones congelados ayuden a una mujer a tener un beb\u00e9 tras el tratamiento contra el c\u00e1ncer es de 30 de cada 100 (aproximadamente el 30%).<\/p><p>La posibilidad de tener un beb\u00e9 tras la congelaci\u00f3n de embriones depende de una serie de factores, entre ellos : <\/p><ul><li>Tu edad en el momento de la recogida de \u00f3vulos. Las mujeres j\u00f3venes menores de 35 a\u00f1os tienen m\u00e1s posibilidades. Se trata de 40 de cada 100 (40%). Las mujeres mayores de 35 a\u00f1os tienen menos posibilidades. Se trata de 20 de cada 100 (20%).    <\/li><li>El n\u00famero de \u00f3vulos recogidos.<\/li><li>El n\u00famero y la calidad de los embriones congelados.<\/li><li>La salud del esperma de tu pareja.<\/li><li>La cl\u00ednica de fertilidad donde se realiz\u00f3 la congelaci\u00f3n de embriones.<\/li><\/ul><p>Para obtener m\u00e1s informaci\u00f3n sobre las tasas medias de \u00e9xito a nivel nacional y el n\u00famero de nacimientos con \u00e9xito de cada cl\u00ednica de fertilidad autorizada, visite el sitio web de la Autoridad de Fertilizaci\u00f3n Humana y Embriolog\u00eda (HFEA) <a href=\"http:\/\/www.hfea.gov.uk\" target=\"_blank\" rel=\"noopener\">www.hfea.gov.uk.<\/a><\/p><h3>\u00bfAfectar\u00e1 esta opci\u00f3n a la salud del beb\u00e9?<\/h3><p>No, los datos sugieren que la salud de un beb\u00e9 nacido de un embri\u00f3n congelado no se ver\u00e1 afectada.<\/p><h3>\u00bfExisten efectos secundarios del tratamiento de fertilidad utilizado en la congelaci\u00f3n de embriones?<\/h3><p>Los f\u00e1rmacos de fertilidad utilizados para estimular los ovarios pueden provocar efectos secundarios, como dolores de cabeza, cambios de humor, sofocos e irritaci\u00f3n de la piel. Los f\u00e1rmacos para la fertilidad tambi\u00e9n pueden provocar una sobreestimulaci\u00f3n de los ovarios, lo que puede dar lugar a un trastorno denominado s\u00edndrome de hiperestimulaci\u00f3n ov\u00e1rica. Una vez que haya comenzado el tratamiento, pregunta a tu equipo de atenci\u00f3n a la fertilidad sobre los s\u00edntomas de esta afecci\u00f3n y c\u00f3mo ponerte en contacto con ellos en caso necesario.  <\/p><p>Cuando se estimulan los ovarios para que produzcan muchos \u00f3vulos, aumentan los niveles de la hormona del estr\u00f3geno. Esto puede ser un riesgo para las mujeres j\u00f3venes que tienen c\u00e1ncer de mama sensible a los estr\u00f3genos. A estas mujeres se les puede administrar un medicamento llamado Letrozol (Femara). Esto reduce los niveles de estr\u00f3geno en el torrente sangu\u00edneo.   <\/p><p>Al intentar obtener \u00f3vulos existe la posibilidad de que se produzcan hemorragias, infecciones y pinchazos en el intestino, pero esto es poco frecuente.<\/p><p>Puede haber una preocupaci\u00f3n para las mujeres con tumores p\u00e9lvicos, donde puede haber una fuga de c\u00e9lulas cancerosas del ovario al abdomen despu\u00e9s de la recogida de \u00f3vulos.<\/p><p>Si se sustituye m\u00e1s de un embri\u00f3n, existe la posibilidad de que se produzcan nacimientos m\u00faltiples (por ejemplo, gemelos o trillizos). Todos los embarazos conllevan el riesgo de aborto y de embarazo ect\u00f3pico (un embarazo fuera del \u00fatero). <\/p><p>La fecundaci\u00f3n in vitro puede ser f\u00edsica y emocionalmente agotadora y es posible que no se produzca el embarazo.<\/p><h3>\u00bfEsta opci\u00f3n retrasar\u00e1 el inicio de mi tratamiento contra el c\u00e1ncer?<\/h3><p>Desde el inicio de la estimulaci\u00f3n ov\u00e1rica hasta el momento de la recogida de los \u00f3vulos transcurren unas dos semanas. El tiempo antes del inicio de la estimulaci\u00f3n puede variar. Depende de cosas como en qu\u00e9 momento del ciclo menstrual se encuentre la mujer. Esta opci\u00f3n puede no ser adecuada para mujeres con tumores como la leucemia, algunos linfomas y sarcomas, ya que pueden necesitar un tratamiento inmediato. Si se produce el s\u00edndrome de hiperestimulaci\u00f3n ov\u00e1rica, esto puede provocar un mayor retraso en el inicio del tratamiento contra el c\u00e1ncer.    <\/p><h3>\u00bfAfectar\u00e1 esta opci\u00f3n a las probabilidades de que el c\u00e1ncer vuelva a desarrollarse?<\/h3><p>No hay datos que sugieran que la congelaci\u00f3n de embriones afecte a las posibilidades de que los tumores crezcan o vuelvan a aparecer.<\/p>\t\t\t\t\t\t\t\t<\/div>\n\t\t\t\t<\/div>\n\t\t<div class=\"elementor-element elementor-element-43614ce8 e-con-full e-flex e-con e-child\" data-id=\"43614ce8\" data-element_type=\"container\" data-e-type=\"container\" data-settings=\"{&quot;background_background&quot;:&quot;classic&quot;}\">\n\t\t\t\t<div class=\"elementor-element elementor-element-70da4ea4 elementor-widget elementor-widget-text-editor\" data-id=\"70da4ea4\" data-element_type=\"widget\" data-e-type=\"widget\" data-widget_type=\"text-editor.default\">\n\t\t\t\t<div class=\"elementor-widget-container\">\n\t\t\t\t\t\t\t\t\t<p><strong>Puede resultarte \u00fatil anotar lo que te gusta de esta opci\u00f3n y lo que te preocupa.<\/strong><\/p><p>Estas notas pueden ayudarte a hablar sobre si esta opci\u00f3n es la mejor para ti con tu equipo de atenci\u00f3n al c\u00e1ncer, el equipo de atenci\u00f3n a la fertilidad, la pareja, la familia y los amigos:<\/p>\t\t\t\t\t\t\t\t<\/div>\n\t\t\t\t<\/div>\n\t\t\t\t<\/div>\n\t\t\t\t<\/div>\n\t\t<div class=\"elementor-element elementor-element-3afc403 e-con-full e-flex e-con e-child\" data-id=\"3afc403\" data-element_type=\"container\" data-e-type=\"container\">\n\t\t<div class=\"elementor-element elementor-element-48d7c580 e-con-full e-flex e-con e-child\" data-id=\"48d7c580\" data-element_type=\"container\" data-e-type=\"container\">\n\t\t\t\t<div class=\"elementor-element elementor-element-1873bc03 elementor-widget elementor-widget-image\" data-id=\"1873bc03\" data-element_type=\"widget\" data-e-type=\"widget\" data-widget_type=\"image.default\">\n\t\t\t\t<div class=\"elementor-widget-container\">\n\t\t\t\t\t\t\t\t\t\t\t\t\t\t\t\t<a href=\"http:\/\/.\/\">\n\t\t\t\t\t\t\t<img fetchpriority=\"high\" decoding=\"async\" width=\"400\" height=\"440\" src=\"https:\/\/cancerfertilityandme.org.uk\/wp-content\/uploads\/cancerfertilityandme-logo-column-adult-women.png\" class=\"attachment-full size-full wp-image-2286\" alt=\"\" srcset=\"https:\/\/cancerfertilityandme.org.uk\/wp-content\/uploads\/cancerfertilityandme-logo-column-adult-women.png 400w, https:\/\/cancerfertilityandme.org.uk\/wp-content\/uploads\/cancerfertilityandme-logo-column-adult-women-273x300.png 273w\" sizes=\"(max-width: 400px) 100vw, 400px\" \/>\t\t\t\t\t\t\t\t<\/a>\n\t\t\t\t\t\t\t\t\t\t\t\t\t\t\t<\/div>\n\t\t\t\t<\/div>\n\t\t\t\t<\/div>\n\t\t<div class=\"elementor-element elementor-element-14059c76 e-con-full e-flex e-con e-child\" data-id=\"14059c76\" data-element_type=\"container\" data-e-type=\"container\">\n\t\t\t\t<div class=\"elementor-element elementor-element-122ede8b elementor-widget elementor-widget-heading\" data-id=\"122ede8b\" data-element_type=\"widget\" data-e-type=\"widget\" data-widget_type=\"heading.default\">\n\t\t\t\t<div class=\"elementor-widget-container\">\n\t\t\t\t\t<h3 class=\"elementor-heading-title elementor-size-default\">Siga estos enlaces para obtener m\u00e1s informaci\u00f3n<\/h3>\t\t\t\t<\/div>\n\t\t\t\t<\/div>\n\t\t\t\t<div class=\"elementor-element elementor-element-4ebc2425 elementor-nav-menu--dropdown-none elementor-widget elementor-widget-nav-menu\" data-id=\"4ebc2425\" data-element_type=\"widget\" data-e-type=\"widget\" data-settings=\"{&quot;layout&quot;:&quot;vertical&quot;,&quot;submenu_icon&quot;:{&quot;value&quot;:&quot;&lt;svg aria-hidden=\\&quot;true\\&quot; class=\\&quot;e-font-icon-svg e-fas-caret-down\\&quot; viewBox=\\&quot;0 0 320 512\\&quot; xmlns=\\&quot;http:\\\/\\\/www.w3.org\\\/2000\\\/svg\\&quot;&gt;&lt;path d=\\&quot;M31.3 192h257.3c17.8 0 26.7 21.5 14.1 34.1L174.1 354.8c-7.8 7.8-20.5 7.8-28.3 0L17.2 226.1C4.6 213.5 13.5 192 31.3 192z\\&quot;&gt;&lt;\\\/path&gt;&lt;\\\/svg&gt;&quot;,&quot;library&quot;:&quot;fa-solid&quot;}}\" data-widget_type=\"nav-menu.default\">\n\t\t\t\t<div class=\"elementor-widget-container\">\n\t\t\t\t\t\t\t\t<nav aria-label=\"Menu\" class=\"elementor-nav-menu--main elementor-nav-menu__container elementor-nav-menu--layout-vertical e--pointer-none\">\n\t\t\t\t<ul id=\"menu-1-4ebc2425\" class=\"elementor-nav-menu sm-vertical\"><li class=\"menu-item menu-item-type-post_type menu-item-object-page menu-item-6985\"><a href=\"https:\/\/cancerfertilityandme.org.uk\/adult-women\/fertility-preservation-options\/\" class=\"elementor-item\">Opciones de preservaci\u00f3n de la fertilidad<\/a><\/li>\n<li class=\"menu-item menu-item-type-post_type menu-item-object-page menu-item-6994\"><a href=\"https:\/\/cancerfertilityandme.org.uk\/adult-women\/fertility-preservation-options\/summary-of-fertility-preservation-options\/\" class=\"elementor-item\">Resumen de las opciones de preservaci\u00f3n de la fertilidad<\/a><\/li>\n<li class=\"menu-item menu-item-type-post_type menu-item-object-page menu-item-6990\"><a href=\"https:\/\/cancerfertilityandme.org.uk\/adult-women\/fertility-preservation-options\/no-fertility-preservation\/\" class=\"elementor-item\">No preservar la fertilidad<\/a><\/li>\n<li class=\"menu-item menu-item-type-post_type menu-item-object-page menu-item-6987\"><a href=\"https:\/\/cancerfertilityandme.org.uk\/adult-women\/fertility-preservation-options\/egg-freezing\/\" class=\"elementor-item\">Congelaci\u00f3n de \u00f3vulos<\/a><\/li>\n<li class=\"menu-item menu-item-type-post_type menu-item-object-page menu-item-6988\"><a href=\"https:\/\/cancerfertilityandme.org.uk\/adult-women\/fertility-preservation-options\/embryo-freezing\/\" class=\"elementor-item\">Congelaci\u00f3n de embriones<\/a><\/li>\n<li class=\"menu-item menu-item-type-post_type menu-item-object-page menu-item-6992\"><a href=\"https:\/\/cancerfertilityandme.org.uk\/adult-women\/fertility-preservation-options\/ovarian-tissue-freezing\/\" class=\"elementor-item\">Congelaci\u00f3n de tejido ov\u00e1rico<\/a><\/li>\n<li class=\"menu-item menu-item-type-post_type menu-item-object-page menu-item-6991\"><a href=\"https:\/\/cancerfertilityandme.org.uk\/adult-women\/fertility-preservation-options\/ovarian-suppression\/\" class=\"elementor-item\">Supresi\u00f3n Ov\u00e1rica<\/a><\/li>\n<li class=\"menu-item menu-item-type-post_type menu-item-object-page menu-item-6986\"><a href=\"https:\/\/cancerfertilityandme.org.uk\/adult-women\/fertility-preservation-options\/cancer-specific-fertility-sparing-options\/\" class=\"elementor-item\">Procedimientos de preservaci\u00f3n de la fertilidad espec\u00edficos para determinados c\u00e1nceres<\/a><\/li>\n<li class=\"menu-item menu-item-type-post_type menu-item-object-page menu-item-11368\"><a href=\"https:\/\/cancerfertilityandme.org.uk\/adult-women\/fertility-preservation-options\/other-cancer-treatments\/\" class=\"elementor-item\">Otros tratamientos contra el c\u00e1ncer<\/a><\/li>\n<li class=\"menu-item menu-item-type-post_type menu-item-object-page menu-item-6993\"><a href=\"https:\/\/cancerfertilityandme.org.uk\/adult-women\/fertility-preservation-options\/questions-to-ask-your-cancer-fertility-care-teams\/\" class=\"elementor-item\">Preguntas para el equipo de atenci\u00f3n oncol\u00f3gica y el equipo de atenci\u00f3n a la fertilidad<\/a><\/li>\n<\/ul>\t\t\t<\/nav>\n\t\t\t\t\t\t<nav class=\"elementor-nav-menu--dropdown elementor-nav-menu__container\" aria-hidden=\"true\">\n\t\t\t\t<ul id=\"menu-2-4ebc2425\" class=\"elementor-nav-menu sm-vertical\"><li class=\"menu-item menu-item-type-post_type menu-item-object-page menu-item-6985\"><a href=\"https:\/\/cancerfertilityandme.org.uk\/adult-women\/fertility-preservation-options\/\" class=\"elementor-item\" tabindex=\"-1\">Opciones de preservaci\u00f3n de la fertilidad<\/a><\/li>\n<li class=\"menu-item menu-item-type-post_type menu-item-object-page menu-item-6994\"><a href=\"https:\/\/cancerfertilityandme.org.uk\/adult-women\/fertility-preservation-options\/summary-of-fertility-preservation-options\/\" class=\"elementor-item\" tabindex=\"-1\">Resumen de las opciones de preservaci\u00f3n de la fertilidad<\/a><\/li>\n<li class=\"menu-item menu-item-type-post_type menu-item-object-page menu-item-6990\"><a href=\"https:\/\/cancerfertilityandme.org.uk\/adult-women\/fertility-preservation-options\/no-fertility-preservation\/\" class=\"elementor-item\" tabindex=\"-1\">No preservar la fertilidad<\/a><\/li>\n<li class=\"menu-item menu-item-type-post_type menu-item-object-page menu-item-6987\"><a href=\"https:\/\/cancerfertilityandme.org.uk\/adult-women\/fertility-preservation-options\/egg-freezing\/\" class=\"elementor-item\" tabindex=\"-1\">Congelaci\u00f3n de \u00f3vulos<\/a><\/li>\n<li class=\"menu-item menu-item-type-post_type menu-item-object-page menu-item-6988\"><a href=\"https:\/\/cancerfertilityandme.org.uk\/adult-women\/fertility-preservation-options\/embryo-freezing\/\" class=\"elementor-item\" tabindex=\"-1\">Congelaci\u00f3n de embriones<\/a><\/li>\n<li class=\"menu-item menu-item-type-post_type menu-item-object-page menu-item-6992\"><a href=\"https:\/\/cancerfertilityandme.org.uk\/adult-women\/fertility-preservation-options\/ovarian-tissue-freezing\/\" class=\"elementor-item\" tabindex=\"-1\">Congelaci\u00f3n de tejido ov\u00e1rico<\/a><\/li>\n<li class=\"menu-item menu-item-type-post_type menu-item-object-page menu-item-6991\"><a href=\"https:\/\/cancerfertilityandme.org.uk\/adult-women\/fertility-preservation-options\/ovarian-suppression\/\" class=\"elementor-item\" tabindex=\"-1\">Supresi\u00f3n Ov\u00e1rica<\/a><\/li>\n<li class=\"menu-item menu-item-type-post_type menu-item-object-page menu-item-6986\"><a href=\"https:\/\/cancerfertilityandme.org.uk\/adult-women\/fertility-preservation-options\/cancer-specific-fertility-sparing-options\/\" class=\"elementor-item\" tabindex=\"-1\">Procedimientos de preservaci\u00f3n de la fertilidad espec\u00edficos para determinados c\u00e1nceres<\/a><\/li>\n<li class=\"menu-item menu-item-type-post_type menu-item-object-page menu-item-11368\"><a href=\"https:\/\/cancerfertilityandme.org.uk\/adult-women\/fertility-preservation-options\/other-cancer-treatments\/\" class=\"elementor-item\" tabindex=\"-1\">Otros tratamientos contra el c\u00e1ncer<\/a><\/li>\n<li class=\"menu-item menu-item-type-post_type menu-item-object-page menu-item-6993\"><a href=\"https:\/\/cancerfertilityandme.org.uk\/adult-women\/fertility-preservation-options\/questions-to-ask-your-cancer-fertility-care-teams\/\" class=\"elementor-item\" tabindex=\"-1\">Preguntas para el equipo de atenci\u00f3n oncol\u00f3gica y el equipo de atenci\u00f3n a la fertilidad<\/a><\/li>\n<\/ul>\t\t\t<\/nav>\n\t\t\t\t\t\t<\/div>\n\t\t\t\t<\/div>\n\t\t\t\t<\/div>\n\t\t\t\t<\/div>\n\t\t\t\t\t<\/div>\n\t\t\t\t<\/main>\n\t\t\t\t<\/div>\n\t\t","protected":false},"excerpt":{"rendered":"<p>Congelaci\u00f3n &#8211; introducci\u00f3n Congelaci\u00f3n Hay tres opciones de congelaci\u00f3n que pueden ayudar a preservar la fertilidad de una mujer: Congelaci\u00f3n de \u00f3vulos Congelaci\u00f3n de embriones Congelaci\u00f3n de tejido ov\u00e1rico Los \u00f3vulos, embriones y tejidos ov\u00e1ricos se pueden congelar y almacenar durante muchos a\u00f1os. Cuando sea el momento adecuado, se pueden descongelar y usar para un [&hellip;]<\/p>\n","protected":false},"author":1,"featured_media":0,"parent":6048,"menu_order":0,"comment_status":"closed","ping_status":"open","template":"","meta":{"footnotes":""},"class_list":["post-6074","page","type-page","status-publish","hentry"],"_links":{"self":[{"href":"https:\/\/cancerfertilityandme.org.uk\/es\/wp-json\/wp\/v2\/pages\/6074","targetHints":{"allow":["GET"]}}],"collection":[{"href":"https:\/\/cancerfertilityandme.org.uk\/es\/wp-json\/wp\/v2\/pages"}],"about":[{"href":"https:\/\/cancerfertilityandme.org.uk\/es\/wp-json\/wp\/v2\/types\/page"}],"author":[{"embeddable":true,"href":"https:\/\/cancerfertilityandme.org.uk\/es\/wp-json\/wp\/v2\/users\/1"}],"replies":[{"embeddable":true,"href":"https:\/\/cancerfertilityandme.org.uk\/es\/wp-json\/wp\/v2\/comments?post=6074"}],"version-history":[{"count":3,"href":"https:\/\/cancerfertilityandme.org.uk\/es\/wp-json\/wp\/v2\/pages\/6074\/revisions"}],"predecessor-version":[{"id":9492,"href":"https:\/\/cancerfertilityandme.org.uk\/es\/wp-json\/wp\/v2\/pages\/6074\/revisions\/9492"}],"up":[{"embeddable":true,"href":"https:\/\/cancerfertilityandme.org.uk\/es\/wp-json\/wp\/v2\/pages\/6048"}],"wp:attachment":[{"href":"https:\/\/cancerfertilityandme.org.uk\/es\/wp-json\/wp\/v2\/media?parent=6074"}],"curies":[{"name":"wp","href":"https:\/\/api.w.org\/{rel}","templated":true}]}}