{"id":6072,"date":"2018-11-06T11:08:33","date_gmt":"2018-11-06T11:08:33","guid":{"rendered":"https:\/\/cancerfertilityandme.org.uk\/el-cancer-la-fertilidad-y-el-sistema-reproductivo\/"},"modified":"2026-03-03T14:24:43","modified_gmt":"2026-03-03T14:24:43","slug":"el-cancer-la-fertilidad-y-el-sistema-reproductivo","status":"publish","type":"page","link":"https:\/\/cancerfertilityandme.org.uk\/es\/mujeres-adultas\/el-cancer-la-fertilidad-y-el-sistema-reproductivo\/","title":{"rendered":"El c\u00e1ncer, la fertilidad y el sistema reproductivo"},"content":{"rendered":"\t\t<div data-elementor-type=\"wp-page\" data-elementor-id=\"6072\" class=\"elementor elementor-6072 elementor-5367\" data-elementor-post-type=\"page\">\n\t\t\t\t<main class=\"elementor-element elementor-element-694ba709 e-flex e-con-boxed e-con e-parent\" data-id=\"694ba709\" data-element_type=\"container\" data-e-type=\"container\">\n\t\t\t\t\t<div class=\"e-con-inner\">\n\t\t<div class=\"elementor-element elementor-element-5d579206 e-con-full e-flex e-con e-child\" data-id=\"5d579206\" data-element_type=\"container\" data-e-type=\"container\">\n\t\t\t\t<div class=\"elementor-element elementor-element-2420152 elementor-widget elementor-widget-text-editor\" data-id=\"2420152\" data-element_type=\"widget\" data-e-type=\"widget\" data-widget_type=\"text-editor.default\">\n\t\t\t\t<div class=\"elementor-widget-container\">\n\t\t\t\t\t\t\t\t\t<h2>Introducci\u00f3n al c\u00e1ncer, la fertilidad y el sistema reproductivo<\/h2><h3>Esta secci\u00f3n contiene informaci\u00f3n para ayudarte a entender c\u00f3mo el tratamiento contra el c\u00e1ncer puede afectar a la fertilidad.<\/h3><p><b>C\u00e1ncer <\/b>es el nombre que reciben las enfermedades causadas por c\u00e9lulas del cuerpo que se dividen sin parar, formando tumores y desplaz\u00e1ndose a partes del cuerpo donde no son necesarias. Por este motivo, las personas con c\u00e1ncer necesitan tratamiento. <\/p><p><b>Los tratamientos contra el c\u00e1ncer<\/b> intentan eliminar el c\u00e1ncer y evitar que vuelva a desarrollarse. Los principales tratamientos son la quimioterapia, la radioterapia, la cirug\u00eda, la terapia hormonal y la terapia farmacol\u00f3gica dirigida. Muchas personas usar\u00e1n dos o m\u00e1s de estas opciones como parte de su tratamiento.  <\/p><p>La mayor\u00eda de los tratamientos contra el c\u00e1ncer tienen efectos secundarios causados por los tratamientos que afectan al tejido sano Muchos <b>efectos secundarios<\/b> duran poco tiempo durante y despu\u00e9s del tratamiento. Algunos efectos secundarios duran m\u00e1s tiempo y pueden afectar a la salud de una persona durante el resto de su vida. En mujeres, uno de estos efectos secundarios puede ser la reducci\u00f3n de la fertilidad, lo que significa que la mujer puede tener dificultades para quedarse embarazada en el futuro.   <\/p><p><b>Fertilidad <\/b>significa poder quedarse embarazada (concebir). Las partes del cuerpo de una mujer que intervienen en la fertilidad forman parte del \u201csistema reproductor\u201d (v\u00e9ase la imagen). <\/p><h3>La sistema reproductivo femenino<\/h3>\t\t\t\t\t\t\t\t<\/div>\n\t\t\t\t<\/div>\n\t\t\t\t<div class=\"elementor-element elementor-element-c79fd79 elementor-widget elementor-widget-image\" data-id=\"c79fd79\" data-element_type=\"widget\" data-e-type=\"widget\" data-widget_type=\"image.default\">\n\t\t\t\t<div class=\"elementor-widget-container\">\n\t\t\t\t\t\t\t\t\t\t\t\t\t\t\t<img fetchpriority=\"high\" decoding=\"async\" width=\"500\" height=\"400\" src=\"https:\/\/cancerfertilityandme.org.uk\/wp-content\/uploads\/female-reproductive-system-1.jpg\" class=\"attachment-large size-large wp-image-5376\" alt=\"sistema reproductivo femenino\" srcset=\"https:\/\/cancerfertilityandme.org.uk\/wp-content\/uploads\/female-reproductive-system-1.jpg 500w, https:\/\/cancerfertilityandme.org.uk\/wp-content\/uploads\/female-reproductive-system-1-300x240.jpg 300w\" sizes=\"(max-width: 500px) 100vw, 500px\" \/>\t\t\t\t\t\t\t\t\t\t\t\t\t\t\t<\/div>\n\t\t\t\t<\/div>\n\t\t\t\t<div class=\"elementor-element elementor-element-16c622d elementor-widget elementor-widget-text-editor\" data-id=\"16c622d\" data-element_type=\"widget\" data-e-type=\"widget\" data-widget_type=\"text-editor.default\">\n\t\t\t\t<div class=\"elementor-widget-container\">\n\t\t\t\t\t\t\t\t\t<p><b>Las partes b\u00e1sicas del sistema reproductor son:<\/b><\/p><ol><li><strong>Los Ovarios:<\/strong> estos dos \u00f3rganos est\u00e1n situados a ambos lados del \u00fatero en el interior del cuerpo de la mujer, entre las caderas (pelvis). Los ovarios producen \u00f3vulos y las hormonas necesarias para tener un beb\u00e9. Estos \u00f3vulos viajan por las trompas de Falopio hasta el \u00fatero  <\/li><li><strong>El \u00f3vulo<\/strong> (ovocito) \u2013 es la c\u00e9lula reproductora femenina que, tras la fecundaci\u00f3n con los espermatozoides, puede convertirse en un ni\u00f1o.<\/li><li><strong>Las trompas de Falopio:<\/strong> son los dos tubos que conectan cada ovario con el \u00fatero (matriz) y es aqu\u00ed donde el \u00f3vulo es fecundado por el esperma del hombre.<\/li><li><strong>La matriz<\/strong> (\u00fatero): se encuentra en el interior de la pelvis y es donde se desarrolla el embarazo.<\/li><li><strong>El cuello uterino: <\/strong>la abertura del \u00fatero que permite que la sangre menstrual salga del cuerpo (ciclos menstruales) y que la mujer d\u00e9 a luz a un beb\u00e9.<\/li><li><strong>La vagina<\/strong> (canal de parto): la abertura entre la parte inferior del cuello uterino y el exterior del cuerpo.<\/li><li><strong>La vulva:<\/strong> la zona exterior a la vagina.<\/li><\/ol><p>Las mujeres nacen con un gran n\u00famero de \u00f3vulos en sus ovarios. Las mujeres no pueden generar nuevos \u00f3vulos. El n\u00famero de \u00f3vulos que tiene una mujer en un momento dado se denomina reserva ov\u00e1rica.  <\/p><p>El n\u00famero de \u00f3vulos que tiene una mujer disminuye constantemente. Esto se debe a que, antes de la pubertad, mucho de los \u00f3vulos dejan de desarrollarse y son absorbidos por el cuerpo. <\/p><p>Cuando una mujer llega a la pubertad, cada mes libera un \u00f3vulo del ovario (lo que se denomina ovulaci\u00f3n) y \u00e9ste viaja hasta el \u00fatero. Por otra parte, los \u00f3vulos que han empezado a madurar durante este ciclo se rompen y son absorbidos por el cuerpo. <\/p><p>El embarazo se produce cuando el \u00f3vulo es fecundado por un espermatozoide y se implanta en el \u00fatero. Si un \u00f3vulo fecundado no se implanta en el \u00fatero, el revestimiento del \u00fatero se desprende y sale del cuerpo. Esto da lugar a un sangrado, conocido como menstruaci\u00f3n o ciclo.  <\/p><p>La edad es una de los factores m\u00e1s importantes que influyen en las probabilidades de quedarse embarazada. El n\u00famero y la calidad de los \u00f3vulos disminuyen a medida que la mujer envejece. <\/p><p>Esta disminuci\u00f3n del n\u00famero y la calidad de los \u00f3vulos reduce la fertilidad y puede dificultar el embarazo. Con el tiempo, hay tan pocos \u00f3vulos que las mujeres se vuelven inf\u00e9rtiles (incapaces de quedarse embarazadas), sus ciclos menstruales mensuales se detienen y comienza la menopausia. La menopausia marca el final natural de la edad reproductiva de la mujer.  <\/p><p>La fertilidad femenina puede ser diferente para cada persona. La edad exacta a la que una mujer ya no puede tener hijos puede ser diferente para cada persona. <\/p><p>Como muestra el gr\u00e1fico abajo, una mujer de 22 a\u00f1os tiene una probabilidad de 30 entre 100 (30%) de quedarse embarazada cada mes que intenta concebir un hijo; mientras que una mujer de 43 a\u00f1os tiene una probabilidad de 3 entre 100 (3%) de quedarse embarazada cada mes que lo intenta.<\/p><p>La mayor\u00eda de las mujeres llegan a la menopausia alrededor de los 50 a\u00f1os; dejan de tener la menstruaci\u00f3n y no pueden tener hijos de forma natural.<\/p>\t\t\t\t\t\t\t\t<\/div>\n\t\t\t\t<\/div>\n\t\t\t\t<div class=\"elementor-element elementor-element-9cb3412 elementor-widget elementor-widget-image\" data-id=\"9cb3412\" data-element_type=\"widget\" data-e-type=\"widget\" data-widget_type=\"image.default\">\n\t\t\t\t<div class=\"elementor-widget-container\">\n\t\t\t\t\t\t\t\t\t\t\t\t\t\t\t<img decoding=\"async\" width=\"800\" height=\"536\" src=\"https:\/\/cancerfertilityandme.org.uk\/wp-content\/uploads\/ES-02-1024x686-1.png\" class=\"attachment-large size-large wp-image-5384\" alt=\"female fertility vs age graph\" srcset=\"https:\/\/cancerfertilityandme.org.uk\/wp-content\/uploads\/ES-02-1024x686-1.png 1024w, https:\/\/cancerfertilityandme.org.uk\/wp-content\/uploads\/ES-02-1024x686-1-300x201.png 300w, https:\/\/cancerfertilityandme.org.uk\/wp-content\/uploads\/ES-02-1024x686-1-768x515.png 768w\" sizes=\"(max-width: 800px) 100vw, 800px\" \/>\t\t\t\t\t\t\t\t\t\t\t\t\t\t\t<\/div>\n\t\t\t\t<\/div>\n\t\t\t\t<div class=\"elementor-element elementor-element-475aee3 elementor-widget elementor-widget-text-editor\" data-id=\"475aee3\" data-element_type=\"widget\" data-e-type=\"widget\" data-widget_type=\"text-editor.default\">\n\t\t\t\t<div class=\"elementor-widget-container\">\n\t\t\t\t\t\t\t\t\t<p>Adem\u00e1s de la edad, la fertilidad de las mujeres tambi\u00e9n puede verse afectada por:<\/p><ul><li>Problemas en el \u00fatero. Por ejemplo, los fibromas. <\/li><li>Enfermedades que provocan cicatrices en la zona p\u00e9lvica. Por ejemplo, enfermedad inflamatoria p\u00e9lvica, endometriosis. <\/li><li>Enfermedades que afectan a la ovulaci\u00f3n. Por ejemplo, el s\u00edndrome de ovario poliqu\u00edstico. <\/li><li>Bajo recuento de espermatozoides en la pareja masculina.<\/li><li>Medicaci\u00f3n y tratamiento. Por ejemplo, la quimioterapia, la radioterapia o la cirug\u00eda contra el c\u00e1ncer, ciertos medicamentos para el tratamiento de enfermedades mentales y el uso regular y prolongado de antiinflamatorios no esteroideos. <\/li><li>Estilo de vida. Por ejemplo, el sobrepeso o el bajo peso, las drogas recreativas, el alcohol y el tabaco. <\/li><\/ul><p>De media, 16 de cada 100 parejas (16%) sin c\u00e1ncer tendr\u00e1n problemas de fertilidad. Si tener hijos en el futuro es importante para ti, habla con tu equipo de atenci\u00f3n al c\u00e1ncer y a la fertilidad antes de iniciar el tratamiento contra el c\u00e1ncer. <\/p>\t\t\t\t\t\t\t\t<\/div>\n\t\t\t\t<\/div>\n\t\t<div class=\"elementor-element elementor-element-2a3976f3 e-con-full e-flex e-con e-child\" data-id=\"2a3976f3\" data-element_type=\"container\" data-e-type=\"container\" data-settings=\"{&quot;background_background&quot;:&quot;classic&quot;}\">\n\t\t\t\t<div class=\"elementor-element elementor-element-2252f12a elementor-widget elementor-widget-text-editor\" data-id=\"2252f12a\" data-element_type=\"widget\" data-e-type=\"widget\" data-widget_type=\"text-editor.default\">\n\t\t\t\t<div class=\"elementor-widget-container\">\n\t\t\t\t\t\t\t\t\t<h3> Fuente de informaci\u00f3n recomendada<\/h3><p>El NICE (National Institute for Health and Care Excellence) es una organizaci\u00f3n independiente de la NHS. Crean directrices mediante la revisi\u00f3n de las investigaciones realizadas para tratar enfermedades y proporcionar atenci\u00f3n a los profesionales sanitarios de Inglaterra y Gales. <\/p><p>Han creado unas directrices para la preservaci\u00f3n de la fertilidad para mujeres diagnosticadas de c\u00e1ncer (CG156- Problemas de fertilidad: evaluaci\u00f3n y tratamiento); y unas directrices para la preservaci\u00f3n de la fertilidad para adolescentes y adultos j\u00f3venes (QS55- Servicios de c\u00e1ncer para ni\u00f1os y adultos j\u00f3venes: apoyo a la fertilidad).<\/p><p>Para m\u00e1s informaci\u00f3n, visite el sitio web del NICE: <a href=\"https:\/\/www.nice.org.uk\/\" target=\"_blank\" rel=\"noopener noreferrer\">www.nice.org.uk<\/a><\/p>\t\t\t\t\t\t\t\t<\/div>\n\t\t\t\t<\/div>\n\t\t\t\t<\/div>\n\t\t\t\t<\/div>\n\t\t<div class=\"elementor-element elementor-element-48ac27a3 e-con-full e-flex e-con e-child\" data-id=\"48ac27a3\" data-element_type=\"container\" data-e-type=\"container\">\n\t\t<div class=\"elementor-element elementor-element-15df5156 e-con-full e-flex e-con e-child\" data-id=\"15df5156\" data-element_type=\"container\" data-e-type=\"container\">\n\t\t\t\t<div class=\"elementor-element elementor-element-2b6718ca elementor-widget elementor-widget-image\" data-id=\"2b6718ca\" data-element_type=\"widget\" data-e-type=\"widget\" data-widget_type=\"image.default\">\n\t\t\t\t<div class=\"elementor-widget-container\">\n\t\t\t\t\t\t\t\t\t\t\t\t\t\t\t\t<a href=\"http:\/\/.\/\">\n\t\t\t\t\t\t\t<img decoding=\"async\" width=\"400\" height=\"440\" src=\"https:\/\/cancerfertilityandme.org.uk\/wp-content\/uploads\/cancerfertilityandme-logo-column-adult-women.png\" class=\"attachment-full size-full wp-image-2286\" alt=\"\" srcset=\"https:\/\/cancerfertilityandme.org.uk\/wp-content\/uploads\/cancerfertilityandme-logo-column-adult-women.png 400w, https:\/\/cancerfertilityandme.org.uk\/wp-content\/uploads\/cancerfertilityandme-logo-column-adult-women-273x300.png 273w\" sizes=\"(max-width: 400px) 100vw, 400px\" \/>\t\t\t\t\t\t\t\t<\/a>\n\t\t\t\t\t\t\t\t\t\t\t\t\t\t\t<\/div>\n\t\t\t\t<\/div>\n\t\t\t\t<\/div>\n\t\t<div class=\"elementor-element elementor-element-7f8c3660 e-con-full e-flex e-con e-child\" data-id=\"7f8c3660\" data-element_type=\"container\" data-e-type=\"container\">\n\t\t\t\t<div class=\"elementor-element elementor-element-4b69ee29 elementor-widget elementor-widget-heading\" data-id=\"4b69ee29\" data-element_type=\"widget\" data-e-type=\"widget\" data-widget_type=\"heading.default\">\n\t\t\t\t<div class=\"elementor-widget-container\">\n\t\t\t\t\t<h3 class=\"elementor-heading-title elementor-size-default\">Siga estos enlaces para obtener m\u00e1s informaci\u00f3n<\/h3>\t\t\t\t<\/div>\n\t\t\t\t<\/div>\n\t\t\t\t<div class=\"elementor-element elementor-element-37188788 elementor-nav-menu--dropdown-none elementor-widget elementor-widget-nav-menu\" data-id=\"37188788\" data-element_type=\"widget\" data-e-type=\"widget\" data-settings=\"{&quot;layout&quot;:&quot;vertical&quot;,&quot;submenu_icon&quot;:{&quot;value&quot;:&quot;&lt;svg aria-hidden=\\&quot;true\\&quot; class=\\&quot;e-font-icon-svg e-fas-caret-down\\&quot; viewBox=\\&quot;0 0 320 512\\&quot; xmlns=\\&quot;http:\\\/\\\/www.w3.org\\\/2000\\\/svg\\&quot;&gt;&lt;path d=\\&quot;M31.3 192h257.3c17.8 0 26.7 21.5 14.1 34.1L174.1 354.8c-7.8 7.8-20.5 7.8-28.3 0L17.2 226.1C4.6 213.5 13.5 192 31.3 192z\\&quot;&gt;&lt;\\\/path&gt;&lt;\\\/svg&gt;&quot;,&quot;library&quot;:&quot;fa-solid&quot;}}\" data-widget_type=\"nav-menu.default\">\n\t\t\t\t<div class=\"elementor-widget-container\">\n\t\t\t\t\t\t\t\t<nav aria-label=\"Menu\" class=\"elementor-nav-menu--main elementor-nav-menu__container elementor-nav-menu--layout-vertical e--pointer-none\">\n\t\t\t\t<ul id=\"menu-1-37188788\" class=\"elementor-nav-menu sm-vertical\"><li class=\"menu-item menu-item-type-post_type menu-item-object-page menu-item-6859\"><a href=\"https:\/\/cancerfertilityandme.org.uk\/adult-women\/cancer-fertility-and-the-reproductive-system\/\" class=\"elementor-item\">El c\u00e1ncer, la fertilidad y el sistema reproductivo<\/a><\/li>\n<li class=\"menu-item menu-item-type-post_type menu-item-object-page menu-item-6853\"><a href=\"https:\/\/cancerfertilityandme.org.uk\/adult-women\/cancer-fertility-and-the-reproductive-system\/how-cancer-treatments-affect-fertility\/\" class=\"elementor-item\">C\u00f3mo afectan los tratamientos contra el c\u00e1ncer a la fertilidad<\/a><\/li>\n<li class=\"menu-item menu-item-type-post_type menu-item-object-page menu-item-6851\"><a href=\"https:\/\/cancerfertilityandme.org.uk\/adult-women\/cancer-fertility-and-the-reproductive-system\/chemotherapy\/\" class=\"elementor-item\">Chemotherapy<\/a><\/li>\n<li class=\"menu-item menu-item-type-post_type menu-item-object-page menu-item-6856\"><a href=\"https:\/\/cancerfertilityandme.org.uk\/adult-women\/cancer-fertility-and-the-reproductive-system\/radiotherapy\/\" class=\"elementor-item\">Radiotherapy<\/a><\/li>\n<li class=\"menu-item menu-item-type-post_type menu-item-object-page menu-item-6857\"><a href=\"https:\/\/cancerfertilityandme.org.uk\/adult-women\/cancer-fertility-and-the-reproductive-system\/surgery\/\" class=\"elementor-item\">Cirug\u00eda<\/a><\/li>\n<li class=\"menu-item menu-item-type-post_type menu-item-object-page menu-item-6852\"><a href=\"https:\/\/cancerfertilityandme.org.uk\/adult-women\/cancer-fertility-and-the-reproductive-system\/hormone-therapy\/\" class=\"elementor-item\">Terapia hormonal<\/a><\/li>\n<li class=\"menu-item menu-item-type-post_type menu-item-object-page menu-item-6858\"><a href=\"https:\/\/cancerfertilityandme.org.uk\/adult-women\/cancer-fertility-and-the-reproductive-system\/targeted-drug-therapies\/\" class=\"elementor-item\">Terapias farmacol\u00f3gicas dirigidas<\/a><\/li>\n<li class=\"menu-item menu-item-type-post_type menu-item-object-page menu-item-6855\"><a href=\"https:\/\/cancerfertilityandme.org.uk\/adult-women\/cancer-fertility-and-the-reproductive-system\/questions-to-ask\/\" class=\"elementor-item\">Preguntas que hacer<\/a><\/li>\n<\/ul>\t\t\t<\/nav>\n\t\t\t\t\t\t<nav class=\"elementor-nav-menu--dropdown elementor-nav-menu__container\" aria-hidden=\"true\">\n\t\t\t\t<ul id=\"menu-2-37188788\" class=\"elementor-nav-menu sm-vertical\"><li class=\"menu-item menu-item-type-post_type menu-item-object-page menu-item-6859\"><a href=\"https:\/\/cancerfertilityandme.org.uk\/adult-women\/cancer-fertility-and-the-reproductive-system\/\" class=\"elementor-item\" tabindex=\"-1\">El c\u00e1ncer, la fertilidad y el sistema reproductivo<\/a><\/li>\n<li class=\"menu-item menu-item-type-post_type menu-item-object-page menu-item-6853\"><a href=\"https:\/\/cancerfertilityandme.org.uk\/adult-women\/cancer-fertility-and-the-reproductive-system\/how-cancer-treatments-affect-fertility\/\" class=\"elementor-item\" tabindex=\"-1\">C\u00f3mo afectan los tratamientos contra el c\u00e1ncer a la fertilidad<\/a><\/li>\n<li class=\"menu-item menu-item-type-post_type menu-item-object-page menu-item-6851\"><a href=\"https:\/\/cancerfertilityandme.org.uk\/adult-women\/cancer-fertility-and-the-reproductive-system\/chemotherapy\/\" class=\"elementor-item\" tabindex=\"-1\">Chemotherapy<\/a><\/li>\n<li class=\"menu-item menu-item-type-post_type menu-item-object-page menu-item-6856\"><a href=\"https:\/\/cancerfertilityandme.org.uk\/adult-women\/cancer-fertility-and-the-reproductive-system\/radiotherapy\/\" class=\"elementor-item\" tabindex=\"-1\">Radiotherapy<\/a><\/li>\n<li class=\"menu-item menu-item-type-post_type menu-item-object-page menu-item-6857\"><a href=\"https:\/\/cancerfertilityandme.org.uk\/adult-women\/cancer-fertility-and-the-reproductive-system\/surgery\/\" class=\"elementor-item\" tabindex=\"-1\">Cirug\u00eda<\/a><\/li>\n<li class=\"menu-item menu-item-type-post_type menu-item-object-page menu-item-6852\"><a href=\"https:\/\/cancerfertilityandme.org.uk\/adult-women\/cancer-fertility-and-the-reproductive-system\/hormone-therapy\/\" class=\"elementor-item\" tabindex=\"-1\">Terapia hormonal<\/a><\/li>\n<li class=\"menu-item menu-item-type-post_type menu-item-object-page menu-item-6858\"><a href=\"https:\/\/cancerfertilityandme.org.uk\/adult-women\/cancer-fertility-and-the-reproductive-system\/targeted-drug-therapies\/\" class=\"elementor-item\" tabindex=\"-1\">Terapias farmacol\u00f3gicas dirigidas<\/a><\/li>\n<li class=\"menu-item menu-item-type-post_type menu-item-object-page menu-item-6855\"><a href=\"https:\/\/cancerfertilityandme.org.uk\/adult-women\/cancer-fertility-and-the-reproductive-system\/questions-to-ask\/\" class=\"elementor-item\" tabindex=\"-1\">Preguntas que hacer<\/a><\/li>\n<\/ul>\t\t\t<\/nav>\n\t\t\t\t\t\t<\/div>\n\t\t\t\t<\/div>\n\t\t\t\t<\/div>\n\t\t\t\t<\/div>\n\t\t\t\t\t<\/div>\n\t\t\t\t<\/main>\n\t\t\t\t<\/div>\n\t\t","protected":false},"excerpt":{"rendered":"<p>Introducci\u00f3n al c\u00e1ncer, la fertilidad y el sistema reproductivo Esta secci\u00f3n contiene informaci\u00f3n para ayudarte a entender c\u00f3mo el tratamiento contra el c\u00e1ncer puede afectar a la fertilidad. C\u00e1ncer es el nombre que reciben las enfermedades causadas por c\u00e9lulas del cuerpo que se dividen sin parar, formando tumores y desplaz\u00e1ndose a partes del cuerpo donde [&hellip;]<\/p>\n","protected":false},"author":1,"featured_media":5376,"parent":6770,"menu_order":0,"comment_status":"closed","ping_status":"open","template":"","meta":{"footnotes":""},"class_list":["post-6072","page","type-page","status-publish","has-post-thumbnail","hentry"],"_links":{"self":[{"href":"https:\/\/cancerfertilityandme.org.uk\/es\/wp-json\/wp\/v2\/pages\/6072","targetHints":{"allow":["GET"]}}],"collection":[{"href":"https:\/\/cancerfertilityandme.org.uk\/es\/wp-json\/wp\/v2\/pages"}],"about":[{"href":"https:\/\/cancerfertilityandme.org.uk\/es\/wp-json\/wp\/v2\/types\/page"}],"author":[{"embeddable":true,"href":"https:\/\/cancerfertilityandme.org.uk\/es\/wp-json\/wp\/v2\/users\/1"}],"replies":[{"embeddable":true,"href":"https:\/\/cancerfertilityandme.org.uk\/es\/wp-json\/wp\/v2\/comments?post=6072"}],"version-history":[{"count":6,"href":"https:\/\/cancerfertilityandme.org.uk\/es\/wp-json\/wp\/v2\/pages\/6072\/revisions"}],"predecessor-version":[{"id":10879,"href":"https:\/\/cancerfertilityandme.org.uk\/es\/wp-json\/wp\/v2\/pages\/6072\/revisions\/10879"}],"up":[{"embeddable":true,"href":"https:\/\/cancerfertilityandme.org.uk\/es\/wp-json\/wp\/v2\/pages\/6770"}],"wp:featuredmedia":[{"embeddable":true,"href":"https:\/\/cancerfertilityandme.org.uk\/es\/wp-json\/wp\/v2\/media\/5376"}],"wp:attachment":[{"href":"https:\/\/cancerfertilityandme.org.uk\/es\/wp-json\/wp\/v2\/media?parent=6072"}],"curies":[{"name":"wp","href":"https:\/\/api.w.org\/{rel}","templated":true}]}}