{"id":6068,"date":"2019-02-07T16:57:21","date_gmt":"2019-02-07T16:57:21","guid":{"rendered":"https:\/\/cancerfertilityandme.org.uk\/utilutilizar-esta-pagina-web\/"},"modified":"2025-11-17T10:53:49","modified_gmt":"2025-11-17T10:53:49","slug":"utilutilizar-esta-pagina-web","status":"publish","type":"page","link":"https:\/\/cancerfertilityandme.org.uk\/es\/mujeres-adultas\/acerca-de-este-sitio-web\/utilutilizar-esta-pagina-web\/","title":{"rendered":"UtilUtilizar esta p\u00e1gina web"},"content":{"rendered":"\t\t<div data-elementor-type=\"wp-page\" data-elementor-id=\"6068\" class=\"elementor elementor-6068 elementor-5603\" data-elementor-post-type=\"page\">\n\t\t\t\t<main class=\"elementor-element elementor-element-2122ebfc e-flex e-con-boxed e-con e-parent\" data-id=\"2122ebfc\" data-element_type=\"container\" data-e-type=\"container\">\n\t\t\t\t\t<div class=\"e-con-inner\">\n\t\t<div class=\"elementor-element elementor-element-70263d2a e-con-full e-flex e-con e-child\" data-id=\"70263d2a\" data-element_type=\"container\" data-e-type=\"container\">\n\t\t\t\t<div class=\"elementor-element elementor-element-4e959baf elementor-widget elementor-widget-text-editor\" data-id=\"4e959baf\" data-element_type=\"widget\" data-e-type=\"widget\" data-widget_type=\"text-editor.default\">\n\t\t\t\t<div class=\"elementor-widget-container\">\n\t\t\t\t\t\t\t\t\t<h2>Utilizar esta p\u00e1gina web para ayudarte a tomar una decisi\u00f3n<\/h2><p>Al comenzar el tratamiento contra el c\u00e1ncer, algunas mujeres saben con certeza si quieren o no considerar la preservaci\u00f3n de la fertilidad. Otras mujeres tienen dudas sobre esta decisi\u00f3n y cu\u00e1l es la mejor opci\u00f3n para ellas. <\/p><p>Para ayudarte a tomar esta decisi\u00f3n, este sitio web contiene informaci\u00f3n que te ayudar\u00e1 a:<\/p><ul><li>Entender las diferentes opciones de preservaci\u00f3n de la fertilidad.<\/li><li>Pensar si la preservaci\u00f3n de la fertilidad puede ser una opci\u00f3n para ti.<\/li><li>Pensar en lo que es importante para tu vida ahora mismo y pensar en tu futuro.<\/li><li>Hablar con tu equipo de atenci\u00f3n al c\u00e1ncer y el equipo de atenci\u00f3n a la fertilidad para tomar tu decisi\u00f3n.<\/li><li>Comentar con tu equipo de atenci\u00f3n al c\u00e1ncer y el equipo de atenci\u00f3n a la fertilidad las consecuencias y los beneficios de cualquier decisi\u00f3n que puedas tomar.<\/li><\/ul><p>Puedes utilizar este sitio web de diferentes maneras. Puede que te resulte \u00fatil leerlo un par de veces de principio a fin o profundizar en las diferentes secciones. Puede que quieras leerlo sola o compartirlo con tu equipo de atenci\u00f3n al c\u00e1ncer y la fertilidad, tu pareja, tu familia y tus amigos mientras piensas en tu decisi\u00f3n.  <\/p><p>El sitio web ha sido dise\u00f1ado para proporcionar informaci\u00f3n clara y ofrece lo siguiente:<\/p><ul><li>Navegaci\u00f3n clara que proporciona las secciones sobre tratamiento contra el c\u00e1ncer, problemas de fertilidad, decisiones de preservaci\u00f3n de la fertilidad y planificaci\u00f3n familiar.<\/li><li>Las im\u00e1genes de decisiones dejan en claro cu\u00e1les son las decisiones de fertilidad para las mujeres <u>antes<\/u>, <u>durante<\/u> y <u>despu\u00e9s<\/u> del tratamiento contra el c\u00e1ncer.<\/li><li>Las tablas describen las caracter\u00edsticas de cada opci\u00f3n una al lado de la otra para ayudarte a comparar lo que es igual o diferente en cada una.<\/li><li>Preguntas que tal vez deseas formular a tu equipo de tratamiento contra el c\u00e1ncer y al equipo de tratamiento de la fertilidad.<\/li><li>Indicaciones para escribir notas o preguntas importantes para usted sobre su vida, diagn\u00f3stico de c\u00e1ncer y futura fertilidad.<\/li><li>El glosario describe el significado de los t\u00e9rminos utilizados para hablar del c\u00e1ncer y su tratamiento, la fertilidad y la preservaci\u00f3n de la fertilidad.<\/li><\/ul>\t\t\t\t\t\t\t\t<\/div>\n\t\t\t\t<\/div>\n\t\t<div class=\"elementor-element elementor-element-338bd4e9 e-con-full e-flex e-con e-child\" data-id=\"338bd4e9\" data-element_type=\"container\" data-e-type=\"container\" data-settings=\"{&quot;background_background&quot;:&quot;classic&quot;}\">\n\t\t\t\t<div class=\"elementor-element elementor-element-15254727 elementor-widget elementor-widget-text-editor\" data-id=\"15254727\" data-element_type=\"widget\" data-e-type=\"widget\" data-widget_type=\"text-editor.default\">\n\t\t\t\t<div class=\"elementor-widget-container\">\n\t\t\t\t\t\t\t\t\t<h3>Tenga en cuenta<\/h3>\n<p>Este sitio web hace hincapi\u00e9 en la importancia de hablar con tu equipo de atenci\u00f3n al c\u00e1ncer y con el equipo de tratamiento de la fertilidad <b>antes<\/b> de comenzar el tratamiento contra el c\u00e1ncer. Te ayudar\u00e1 a considerar qu\u00e9 preguntas hacer y a orientar las conversaciones que quieras mantener con ellos. <\/p>\n<ul>\n<li>No todos los procedimientos de preservaci\u00f3n de la fertilidad descritos en esta p\u00e1gina web son adecuados para todas las mujeres.<\/li>\n<li>En este momento, no todas las mujeres pueden someterse a los procedimientos de preservaci\u00f3n de la fertilidad descritos en esta p\u00e1gina web.<\/li>\n<li>No todas las mujeres que reciben tratamiento contra el c\u00e1ncer tendr\u00e1n problemas de fertilidad en el futuro.<\/li>\n<li>Puede que algunos de los procedimientos de preservaci\u00f3n de la fertilidad descritos en este sitio web no est\u00e9n disponibles en todas las cl\u00ednicas de fertilidad.<\/li>\n<\/ul>\t\t\t\t\t\t\t\t<\/div>\n\t\t\t\t<\/div>\n\t\t\t\t<\/div>\n\t\t\t\t<\/div>\n\t\t<div class=\"elementor-element elementor-element-4c45813a e-con-full e-flex e-con e-child\" data-id=\"4c45813a\" data-element_type=\"container\" data-e-type=\"container\">\n\t\t<div class=\"elementor-element elementor-element-74317676 e-con-full e-flex e-con e-child\" data-id=\"74317676\" data-element_type=\"container\" data-e-type=\"container\">\n\t\t\t\t<div class=\"elementor-element elementor-element-13a82141 elementor-widget elementor-widget-image\" data-id=\"13a82141\" data-element_type=\"widget\" data-e-type=\"widget\" data-widget_type=\"image.default\">\n\t\t\t\t<div class=\"elementor-widget-container\">\n\t\t\t\t\t\t\t\t\t\t\t\t\t\t\t\t<a href=\"http:\/\/.\/\">\n\t\t\t\t\t\t\t<img fetchpriority=\"high\" decoding=\"async\" width=\"400\" height=\"440\" src=\"https:\/\/cancerfertilityandme.org.uk\/wp-content\/uploads\/cancerfertilityandme-logo-column-adult-women.png\" class=\"attachment-full size-full wp-image-2286\" alt=\"\" srcset=\"https:\/\/cancerfertilityandme.org.uk\/wp-content\/uploads\/cancerfertilityandme-logo-column-adult-women.png 400w, https:\/\/cancerfertilityandme.org.uk\/wp-content\/uploads\/cancerfertilityandme-logo-column-adult-women-273x300.png 273w\" sizes=\"(max-width: 400px) 100vw, 400px\" \/>\t\t\t\t\t\t\t\t<\/a>\n\t\t\t\t\t\t\t\t\t\t\t\t\t\t\t<\/div>\n\t\t\t\t<\/div>\n\t\t\t\t<\/div>\n\t\t<div class=\"elementor-element elementor-element-49f00865 e-con-full e-flex e-con e-child\" data-id=\"49f00865\" data-element_type=\"container\" data-e-type=\"container\">\n\t\t\t\t<div class=\"elementor-element elementor-element-3815a980 elementor-widget elementor-widget-heading\" data-id=\"3815a980\" data-element_type=\"widget\" data-e-type=\"widget\" data-widget_type=\"heading.default\">\n\t\t\t\t<div class=\"elementor-widget-container\">\n\t\t\t\t\t<h3 class=\"elementor-heading-title elementor-size-default\">Siga estos enlaces para obtener m\u00e1s informaci\u00f3n<\/h3>\t\t\t\t<\/div>\n\t\t\t\t<\/div>\n\t\t\t\t<div class=\"elementor-element elementor-element-6332b58a elementor-nav-menu--dropdown-none elementor-widget elementor-widget-nav-menu\" data-id=\"6332b58a\" data-element_type=\"widget\" data-e-type=\"widget\" data-settings=\"{&quot;layout&quot;:&quot;vertical&quot;,&quot;submenu_icon&quot;:{&quot;value&quot;:&quot;&lt;svg aria-hidden=\\&quot;true\\&quot; class=\\&quot;e-font-icon-svg e-fas-caret-down\\&quot; viewBox=\\&quot;0 0 320 512\\&quot; xmlns=\\&quot;http:\\\/\\\/www.w3.org\\\/2000\\\/svg\\&quot;&gt;&lt;path d=\\&quot;M31.3 192h257.3c17.8 0 26.7 21.5 14.1 34.1L174.1 354.8c-7.8 7.8-20.5 7.8-28.3 0L17.2 226.1C4.6 213.5 13.5 192 31.3 192z\\&quot;&gt;&lt;\\\/path&gt;&lt;\\\/svg&gt;&quot;,&quot;library&quot;:&quot;fa-solid&quot;}}\" data-widget_type=\"nav-menu.default\">\n\t\t\t\t<div class=\"elementor-widget-container\">\n\t\t\t\t\t\t\t\t<nav aria-label=\"Menu\" class=\"elementor-nav-menu--main elementor-nav-menu__container elementor-nav-menu--layout-vertical e--pointer-none\">\n\t\t\t\t<ul id=\"menu-1-6332b58a\" class=\"elementor-nav-menu sm-vertical\"><li class=\"menu-item menu-item-type-post_type menu-item-object-page menu-item-6817\"><a href=\"https:\/\/cancerfertilityandme.org.uk\/adult-women\/about-this-project\/\" class=\"elementor-item\">Acerca de este proyecto<\/a><\/li>\n<li class=\"menu-item menu-item-type-post_type menu-item-object-page menu-item-6818\"><a href=\"https:\/\/cancerfertilityandme.org.uk\/adult-women\/about-this-project\/decisions-before-during-and-after-treatment\/\" class=\"elementor-item\">Decisiones antes, durante y despu\u00e9s del tratamiento<\/a><\/li>\n<li class=\"menu-item menu-item-type-post_type menu-item-object-page menu-item-6820\"><a href=\"https:\/\/cancerfertilityandme.org.uk\/adult-women\/about-this-project\/using-this-website\/\" class=\"elementor-item\">UtilUtilizar esta p\u00e1gina web<\/a><\/li>\n<li class=\"menu-item menu-item-type-post_type menu-item-object-page menu-item-6819\"><a href=\"https:\/\/cancerfertilityandme.org.uk\/glossary\/\" class=\"elementor-item\">Glossary<\/a><\/li>\n<\/ul>\t\t\t<\/nav>\n\t\t\t\t\t\t<nav class=\"elementor-nav-menu--dropdown elementor-nav-menu__container\" aria-hidden=\"true\">\n\t\t\t\t<ul id=\"menu-2-6332b58a\" class=\"elementor-nav-menu sm-vertical\"><li class=\"menu-item menu-item-type-post_type menu-item-object-page menu-item-6817\"><a href=\"https:\/\/cancerfertilityandme.org.uk\/adult-women\/about-this-project\/\" class=\"elementor-item\" tabindex=\"-1\">Acerca de este proyecto<\/a><\/li>\n<li class=\"menu-item menu-item-type-post_type menu-item-object-page menu-item-6818\"><a href=\"https:\/\/cancerfertilityandme.org.uk\/adult-women\/about-this-project\/decisions-before-during-and-after-treatment\/\" class=\"elementor-item\" tabindex=\"-1\">Decisiones antes, durante y despu\u00e9s del tratamiento<\/a><\/li>\n<li class=\"menu-item menu-item-type-post_type menu-item-object-page menu-item-6820\"><a href=\"https:\/\/cancerfertilityandme.org.uk\/adult-women\/about-this-project\/using-this-website\/\" class=\"elementor-item\" tabindex=\"-1\">UtilUtilizar esta p\u00e1gina web<\/a><\/li>\n<li class=\"menu-item menu-item-type-post_type menu-item-object-page menu-item-6819\"><a href=\"https:\/\/cancerfertilityandme.org.uk\/glossary\/\" class=\"elementor-item\" tabindex=\"-1\">Glossary<\/a><\/li>\n<\/ul>\t\t\t<\/nav>\n\t\t\t\t\t\t<\/div>\n\t\t\t\t<\/div>\n\t\t\t\t<\/div>\n\t\t\t\t<\/div>\n\t\t\t\t\t<\/div>\n\t\t\t\t<\/main>\n\t\t\t\t<\/div>\n\t\t","protected":false},"excerpt":{"rendered":"<p>Utilizar esta p\u00e1gina web para ayudarte a tomar una decisi\u00f3n Al comenzar el tratamiento contra el c\u00e1ncer, algunas mujeres saben con certeza si quieren o no considerar la preservaci\u00f3n de la fertilidad. Otras mujeres tienen dudas sobre esta decisi\u00f3n y cu\u00e1l es la mejor opci\u00f3n para ellas. Para ayudarte a tomar esta decisi\u00f3n, este sitio [&hellip;]<\/p>\n","protected":false},"author":1,"featured_media":0,"parent":6102,"menu_order":0,"comment_status":"closed","ping_status":"open","template":"","meta":{"footnotes":""},"class_list":["post-6068","page","type-page","status-publish","hentry"],"_links":{"self":[{"href":"https:\/\/cancerfertilityandme.org.uk\/es\/wp-json\/wp\/v2\/pages\/6068","targetHints":{"allow":["GET"]}}],"collection":[{"href":"https:\/\/cancerfertilityandme.org.uk\/es\/wp-json\/wp\/v2\/pages"}],"about":[{"href":"https:\/\/cancerfertilityandme.org.uk\/es\/wp-json\/wp\/v2\/types\/page"}],"author":[{"embeddable":true,"href":"https:\/\/cancerfertilityandme.org.uk\/es\/wp-json\/wp\/v2\/users\/1"}],"replies":[{"embeddable":true,"href":"https:\/\/cancerfertilityandme.org.uk\/es\/wp-json\/wp\/v2\/comments?post=6068"}],"version-history":[{"count":3,"href":"https:\/\/cancerfertilityandme.org.uk\/es\/wp-json\/wp\/v2\/pages\/6068\/revisions"}],"predecessor-version":[{"id":9333,"href":"https:\/\/cancerfertilityandme.org.uk\/es\/wp-json\/wp\/v2\/pages\/6068\/revisions\/9333"}],"up":[{"embeddable":true,"href":"https:\/\/cancerfertilityandme.org.uk\/es\/wp-json\/wp\/v2\/pages\/6102"}],"wp:attachment":[{"href":"https:\/\/cancerfertilityandme.org.uk\/es\/wp-json\/wp\/v2\/media?parent=6068"}],"curies":[{"name":"wp","href":"https:\/\/api.w.org\/{rel}","templated":true}]}}