{"id":6062,"date":"2019-08-20T14:52:27","date_gmt":"2019-08-20T14:52:27","guid":{"rendered":"https:\/\/cancerfertilityandme.org.uk\/otros-tratamientos-contra-el-cancer\/"},"modified":"2026-03-11T16:22:00","modified_gmt":"2026-03-11T16:22:00","slug":"otros-tratamientos-contra-el-cancer","status":"publish","type":"page","link":"https:\/\/cancerfertilityandme.org.uk\/es\/mujeres-adultas\/opciones-de-preservacion-de-la-fertilidad-2\/otros-tratamientos-contra-el-cancer\/","title":{"rendered":"Otros tratamientos contra el c\u00e1ncer"},"content":{"rendered":"\t\t<div data-elementor-type=\"wp-page\" data-elementor-id=\"6062\" class=\"elementor elementor-6062 elementor-5777\" data-elementor-post-type=\"page\">\n\t\t\t\t<main class=\"elementor-element elementor-element-1e71a784 e-flex e-con-boxed e-con e-parent\" data-id=\"1e71a784\" data-element_type=\"container\" data-e-type=\"container\">\n\t\t\t\t\t<div class=\"e-con-inner\">\n\t\t<div class=\"elementor-element elementor-element-644df550 e-con-full e-flex e-con e-child\" data-id=\"644df550\" data-element_type=\"container\" data-e-type=\"container\">\n\t\t\t\t<div class=\"elementor-element elementor-element-7bf30820 elementor-widget elementor-widget-text-editor\" data-id=\"7bf30820\" data-element_type=\"widget\" data-e-type=\"widget\" data-widget_type=\"text-editor.default\">\n\t\t\t\t<div class=\"elementor-widget-container\">\n\t\t\t\t\t\t\t\t\t<h2>Otros tratamientos contra el c\u00e1ncer<\/h2><p>A veces el tratamiento contra el c\u00e1ncer puede causar otros problemas.<\/p><p><strong>El trasplante de sangre y m\u00e9dula (TSM)<\/strong> puede suponer el uso de tratamientos de quimioterapia, radioterapia y anticuerpos, seguidos de infusiones de c\u00e9lulas madre de la sangre y la m\u00e9dula \u00f3sea.<\/p><p><strong>Las terapias celulares (como las c\u00e9lulas T CAR) <\/strong>suelen combinarse con quimioterapia.<\/p><p>La mayor\u00eda de los pacientes que reciben un TSM habr\u00e1n recibido quimioterapia y otros tratamientos en el pasado y ya se habr\u00e1 considerado la fertilidad, pero algunos pacientes recibir\u00e1n un TSM como primer tratamiento intensivo para su c\u00e1ncer.<\/p><p>Estos tratamientos combinados pueden afectar a la fertilidad de la mujer. Si la fertilidad se ve afectada por estos tratamientos, suele ser permanente y significa que no podr\u00e1 quedarse embarazada en el futuro. <\/p><p>Tendr\u00e1s que hacerte una prueba de embarazo antes de empezar estos tratamientos y se te aconsejar\u00e1 que no te quedes embarazada mientras los tratamientos est\u00e9n en marcha.<\/p><p><strong>Las siguientes preguntas pueden ayudarte a hablar con tu equipo de atenci\u00f3n al c\u00e1ncer sobre el efecto que el tratamiento contra el c\u00e1ncer previsto podr\u00eda tener en tu futura fertilidad:<\/strong><\/p><ul><li>C\u00f3mo puede afectar mi tratamiento contra el c\u00e1ncer a mi fertilidad en el futuro?<\/li><li>Existe la posibilidad de que el tratamiento contra el c\u00e1ncer afecte a alguna parte de mi sistema reproductivo? (por ejemplo, el \u00fatero, los ovarios, las trompas de Falopio, el cuello uterino)<\/li><li>Los efectos del tratamiento contra el c\u00e1ncer en mi fertilidad pueden ser temporales o permanentes?<\/li><li>C\u00f3mo pueden afectar mi edad u otros factores a mi fertilidad?<\/li><li>Cu\u00e1ndo debo hablar tratamientos para la preservaci\u00f3n de la fertilidad y con qui\u00e9n puedo hacerlo?<\/li><\/ul>\t\t\t\t\t\t\t\t<\/div>\n\t\t\t\t<\/div>\n\t\t<div class=\"elementor-element elementor-element-360288b e-con-full e-flex e-con e-child\" data-id=\"360288b\" data-element_type=\"container\" data-e-type=\"container\" data-settings=\"{&quot;background_background&quot;:&quot;classic&quot;}\">\n\t\t\t\t<div class=\"elementor-element elementor-element-5ef5badd elementor-widget elementor-widget-text-editor\" data-id=\"5ef5badd\" data-element_type=\"widget\" data-e-type=\"widget\" data-widget_type=\"text-editor.default\">\n\t\t\t\t<div class=\"elementor-widget-container\">\n\t\t\t\t\t\t\t\t\t<h3>Los tratamientos contra el c\u00e1ncer pueden afectar a la fertilidad:<\/h3><ul><li>Al da\u00f1ar o reducir el n\u00famero de \u00f3vulos almacenados en los ovarios.<\/li><li>Al da\u00f1ar una parte del cuerpo que controla las hormonas de la fertilidad.<\/li><li>Al da\u00f1ar o eliminar una parte del aparato reproductor femenino.<\/li><\/ul><p>Las formas en que los tratamientos contra el c\u00e1ncer afectan a la fertilidad dependen del tipo de c\u00e1ncer y del tratamiento que se le aplique.<\/p><p>Sin embargo, no todas las mujeres j\u00f3venes que reciben tratamiento contra el c\u00e1ncer tendr\u00e1n problemas de fertilidad en el futuro.<\/p>\t\t\t\t\t\t\t\t<\/div>\n\t\t\t\t<\/div>\n\t\t\t\t<\/div>\n\t\t\t\t<\/div>\n\t\t<div class=\"elementor-element elementor-element-28790190 e-con-full e-flex e-con e-child\" data-id=\"28790190\" data-element_type=\"container\" data-e-type=\"container\">\n\t\t<div class=\"elementor-element elementor-element-95087b6 e-con-full e-flex e-con e-child\" data-id=\"95087b6\" data-element_type=\"container\" data-e-type=\"container\">\n\t\t\t\t<div class=\"elementor-element elementor-element-20bce565 elementor-widget elementor-widget-image\" data-id=\"20bce565\" data-element_type=\"widget\" data-e-type=\"widget\" data-widget_type=\"image.default\">\n\t\t\t\t<div class=\"elementor-widget-container\">\n\t\t\t\t\t\t\t\t\t\t\t\t\t\t\t\t<a href=\"http:\/\/.\/\">\n\t\t\t\t\t\t\t<img fetchpriority=\"high\" decoding=\"async\" width=\"400\" height=\"440\" src=\"https:\/\/cancerfertilityandme.org.uk\/wp-content\/uploads\/cancerfertilityandme-logo-column-adult-women.png\" class=\"attachment-full size-full wp-image-2286\" alt=\"\" srcset=\"https:\/\/cancerfertilityandme.org.uk\/wp-content\/uploads\/cancerfertilityandme-logo-column-adult-women.png 400w, https:\/\/cancerfertilityandme.org.uk\/wp-content\/uploads\/cancerfertilityandme-logo-column-adult-women-273x300.png 273w\" sizes=\"(max-width: 400px) 100vw, 400px\" \/>\t\t\t\t\t\t\t\t<\/a>\n\t\t\t\t\t\t\t\t\t\t\t\t\t\t\t<\/div>\n\t\t\t\t<\/div>\n\t\t\t\t<\/div>\n\t\t<div class=\"elementor-element elementor-element-3d66a7c2 e-con-full e-flex e-con e-child\" data-id=\"3d66a7c2\" data-element_type=\"container\" data-e-type=\"container\">\n\t\t\t\t<div class=\"elementor-element elementor-element-751eaedd elementor-widget elementor-widget-heading\" data-id=\"751eaedd\" data-element_type=\"widget\" data-e-type=\"widget\" data-widget_type=\"heading.default\">\n\t\t\t\t<div class=\"elementor-widget-container\">\n\t\t\t\t\t<h3 class=\"elementor-heading-title elementor-size-default\">Siga estos enlaces para obtener m\u00e1s informaci\u00f3n<\/h3>\t\t\t\t<\/div>\n\t\t\t\t<\/div>\n\t\t\t\t<div class=\"elementor-element elementor-element-572cad35 elementor-nav-menu--dropdown-none elementor-widget elementor-widget-nav-menu\" data-id=\"572cad35\" data-element_type=\"widget\" data-e-type=\"widget\" data-settings=\"{&quot;layout&quot;:&quot;vertical&quot;,&quot;submenu_icon&quot;:{&quot;value&quot;:&quot;&lt;svg aria-hidden=\\&quot;true\\&quot; class=\\&quot;e-font-icon-svg e-fas-caret-down\\&quot; viewBox=\\&quot;0 0 320 512\\&quot; xmlns=\\&quot;http:\\\/\\\/www.w3.org\\\/2000\\\/svg\\&quot;&gt;&lt;path d=\\&quot;M31.3 192h257.3c17.8 0 26.7 21.5 14.1 34.1L174.1 354.8c-7.8 7.8-20.5 7.8-28.3 0L17.2 226.1C4.6 213.5 13.5 192 31.3 192z\\&quot;&gt;&lt;\\\/path&gt;&lt;\\\/svg&gt;&quot;,&quot;library&quot;:&quot;fa-solid&quot;}}\" data-widget_type=\"nav-menu.default\">\n\t\t\t\t<div class=\"elementor-widget-container\">\n\t\t\t\t\t\t\t\t<nav aria-label=\"Menu\" class=\"elementor-nav-menu--main elementor-nav-menu__container elementor-nav-menu--layout-vertical e--pointer-none\">\n\t\t\t\t<ul id=\"menu-1-572cad35\" class=\"elementor-nav-menu sm-vertical\"><li class=\"menu-item menu-item-type-post_type menu-item-object-page menu-item-6859\"><a href=\"https:\/\/cancerfertilityandme.org.uk\/adult-women\/cancer-fertility-and-the-reproductive-system\/\" class=\"elementor-item\">El c\u00e1ncer, la fertilidad y el sistema reproductivo<\/a><\/li>\n<li class=\"menu-item menu-item-type-post_type menu-item-object-page menu-item-6853\"><a href=\"https:\/\/cancerfertilityandme.org.uk\/adult-women\/cancer-fertility-and-the-reproductive-system\/how-cancer-treatments-affect-fertility\/\" class=\"elementor-item\">C\u00f3mo afectan los tratamientos contra el c\u00e1ncer a la fertilidad<\/a><\/li>\n<li class=\"menu-item menu-item-type-post_type menu-item-object-page menu-item-6851\"><a href=\"https:\/\/cancerfertilityandme.org.uk\/adult-women\/cancer-fertility-and-the-reproductive-system\/chemotherapy\/\" class=\"elementor-item\">Chemotherapy<\/a><\/li>\n<li class=\"menu-item menu-item-type-post_type menu-item-object-page menu-item-6856\"><a href=\"https:\/\/cancerfertilityandme.org.uk\/adult-women\/cancer-fertility-and-the-reproductive-system\/radiotherapy\/\" class=\"elementor-item\">Radiotherapy<\/a><\/li>\n<li class=\"menu-item menu-item-type-post_type menu-item-object-page menu-item-6857\"><a href=\"https:\/\/cancerfertilityandme.org.uk\/adult-women\/cancer-fertility-and-the-reproductive-system\/surgery\/\" class=\"elementor-item\">Cirug\u00eda<\/a><\/li>\n<li class=\"menu-item menu-item-type-post_type menu-item-object-page menu-item-6852\"><a href=\"https:\/\/cancerfertilityandme.org.uk\/adult-women\/cancer-fertility-and-the-reproductive-system\/hormone-therapy\/\" class=\"elementor-item\">Terapia hormonal<\/a><\/li>\n<li class=\"menu-item menu-item-type-post_type menu-item-object-page menu-item-6858\"><a href=\"https:\/\/cancerfertilityandme.org.uk\/adult-women\/cancer-fertility-and-the-reproductive-system\/targeted-drug-therapies\/\" class=\"elementor-item\">Terapias farmacol\u00f3gicas dirigidas<\/a><\/li>\n<li class=\"menu-item menu-item-type-post_type menu-item-object-page menu-item-6855\"><a href=\"https:\/\/cancerfertilityandme.org.uk\/adult-women\/cancer-fertility-and-the-reproductive-system\/questions-to-ask\/\" class=\"elementor-item\">Preguntas que hacer<\/a><\/li>\n<\/ul>\t\t\t<\/nav>\n\t\t\t\t\t\t<nav class=\"elementor-nav-menu--dropdown elementor-nav-menu__container\" aria-hidden=\"true\">\n\t\t\t\t<ul id=\"menu-2-572cad35\" class=\"elementor-nav-menu sm-vertical\"><li class=\"menu-item menu-item-type-post_type menu-item-object-page menu-item-6859\"><a href=\"https:\/\/cancerfertilityandme.org.uk\/adult-women\/cancer-fertility-and-the-reproductive-system\/\" class=\"elementor-item\" tabindex=\"-1\">El c\u00e1ncer, la fertilidad y el sistema reproductivo<\/a><\/li>\n<li class=\"menu-item menu-item-type-post_type menu-item-object-page menu-item-6853\"><a href=\"https:\/\/cancerfertilityandme.org.uk\/adult-women\/cancer-fertility-and-the-reproductive-system\/how-cancer-treatments-affect-fertility\/\" class=\"elementor-item\" tabindex=\"-1\">C\u00f3mo afectan los tratamientos contra el c\u00e1ncer a la fertilidad<\/a><\/li>\n<li class=\"menu-item menu-item-type-post_type menu-item-object-page menu-item-6851\"><a href=\"https:\/\/cancerfertilityandme.org.uk\/adult-women\/cancer-fertility-and-the-reproductive-system\/chemotherapy\/\" class=\"elementor-item\" tabindex=\"-1\">Chemotherapy<\/a><\/li>\n<li class=\"menu-item menu-item-type-post_type menu-item-object-page menu-item-6856\"><a href=\"https:\/\/cancerfertilityandme.org.uk\/adult-women\/cancer-fertility-and-the-reproductive-system\/radiotherapy\/\" class=\"elementor-item\" tabindex=\"-1\">Radiotherapy<\/a><\/li>\n<li class=\"menu-item menu-item-type-post_type menu-item-object-page menu-item-6857\"><a href=\"https:\/\/cancerfertilityandme.org.uk\/adult-women\/cancer-fertility-and-the-reproductive-system\/surgery\/\" class=\"elementor-item\" tabindex=\"-1\">Cirug\u00eda<\/a><\/li>\n<li class=\"menu-item menu-item-type-post_type menu-item-object-page menu-item-6852\"><a href=\"https:\/\/cancerfertilityandme.org.uk\/adult-women\/cancer-fertility-and-the-reproductive-system\/hormone-therapy\/\" class=\"elementor-item\" tabindex=\"-1\">Terapia hormonal<\/a><\/li>\n<li class=\"menu-item menu-item-type-post_type menu-item-object-page menu-item-6858\"><a href=\"https:\/\/cancerfertilityandme.org.uk\/adult-women\/cancer-fertility-and-the-reproductive-system\/targeted-drug-therapies\/\" class=\"elementor-item\" tabindex=\"-1\">Terapias farmacol\u00f3gicas dirigidas<\/a><\/li>\n<li class=\"menu-item menu-item-type-post_type menu-item-object-page menu-item-6855\"><a href=\"https:\/\/cancerfertilityandme.org.uk\/adult-women\/cancer-fertility-and-the-reproductive-system\/questions-to-ask\/\" class=\"elementor-item\" tabindex=\"-1\">Preguntas que hacer<\/a><\/li>\n<\/ul>\t\t\t<\/nav>\n\t\t\t\t\t\t<\/div>\n\t\t\t\t<\/div>\n\t\t\t\t<\/div>\n\t\t\t\t<\/div>\n\t\t\t\t\t<\/div>\n\t\t\t\t<\/main>\n\t\t\t\t<\/div>\n\t\t","protected":false},"excerpt":{"rendered":"<p>Otros tratamientos contra el c\u00e1ncer A veces el tratamiento contra el c\u00e1ncer puede causar otros problemas. El trasplante de sangre y m\u00e9dula (TSM) puede suponer el uso de tratamientos de quimioterapia, radioterapia y anticuerpos, seguidos de infusiones de c\u00e9lulas madre de la sangre y la m\u00e9dula \u00f3sea. Las terapias celulares (como las c\u00e9lulas T CAR) [&hellip;]<\/p>\n","protected":false},"author":1,"featured_media":0,"parent":6048,"menu_order":0,"comment_status":"closed","ping_status":"closed","template":"","meta":{"footnotes":""},"class_list":["post-6062","page","type-page","status-publish","hentry"],"_links":{"self":[{"href":"https:\/\/cancerfertilityandme.org.uk\/es\/wp-json\/wp\/v2\/pages\/6062","targetHints":{"allow":["GET"]}}],"collection":[{"href":"https:\/\/cancerfertilityandme.org.uk\/es\/wp-json\/wp\/v2\/pages"}],"about":[{"href":"https:\/\/cancerfertilityandme.org.uk\/es\/wp-json\/wp\/v2\/types\/page"}],"author":[{"embeddable":true,"href":"https:\/\/cancerfertilityandme.org.uk\/es\/wp-json\/wp\/v2\/users\/1"}],"replies":[{"embeddable":true,"href":"https:\/\/cancerfertilityandme.org.uk\/es\/wp-json\/wp\/v2\/comments?post=6062"}],"version-history":[{"count":3,"href":"https:\/\/cancerfertilityandme.org.uk\/es\/wp-json\/wp\/v2\/pages\/6062\/revisions"}],"predecessor-version":[{"id":9379,"href":"https:\/\/cancerfertilityandme.org.uk\/es\/wp-json\/wp\/v2\/pages\/6062\/revisions\/9379"}],"up":[{"embeddable":true,"href":"https:\/\/cancerfertilityandme.org.uk\/es\/wp-json\/wp\/v2\/pages\/6048"}],"wp:attachment":[{"href":"https:\/\/cancerfertilityandme.org.uk\/es\/wp-json\/wp\/v2\/media?parent=6062"}],"curies":[{"name":"wp","href":"https:\/\/api.w.org\/{rel}","templated":true}]}}