{"id":6052,"date":"2019-04-17T17:52:53","date_gmt":"2019-04-17T17:52:53","guid":{"rendered":"https:\/\/cancerfertilityandme.org.uk\/decisiones-antes-durante-y-despues-del-tratamiento\/"},"modified":"2026-03-03T13:58:21","modified_gmt":"2026-03-03T13:58:21","slug":"decisiones-antes-durante-y-despues-del-tratamiento","status":"publish","type":"page","link":"https:\/\/cancerfertilityandme.org.uk\/es\/mujeres-adultas\/acerca-de-este-sitio-web\/decisiones-antes-durante-y-despues-del-tratamiento\/","title":{"rendered":"Decisiones antes, durante y despu\u00e9s del tratamiento"},"content":{"rendered":"\t\t<div data-elementor-type=\"wp-page\" data-elementor-id=\"6052\" class=\"elementor elementor-6052 elementor-5633\" data-elementor-post-type=\"page\">\n\t\t\t\t<main class=\"elementor-element elementor-element-19254594 e-flex e-con-boxed e-con e-parent\" data-id=\"19254594\" data-element_type=\"container\" data-e-type=\"container\">\n\t\t\t\t\t<div class=\"e-con-inner\">\n\t\t<div class=\"elementor-element elementor-element-633f2ab3 e-con-full e-flex e-con e-child\" data-id=\"633f2ab3\" data-element_type=\"container\" data-e-type=\"container\">\n\t\t\t\t<div class=\"elementor-element elementor-element-3934d836 elementor-widget elementor-widget-text-editor\" data-id=\"3934d836\" data-element_type=\"widget\" data-e-type=\"widget\" data-widget_type=\"text-editor.default\">\n\t\t\t\t<div class=\"elementor-widget-container\">\n\t\t\t\t\t\t\t\t\t<h2>Decisiones sobre fertilidad y planificaci\u00f3n familiar para mujeres antes, durante y despu\u00e9s del tratamiento contra el c\u00e1ncer:<\/h2><p>Las mujeres a las que se le han diagnosticado c\u00e1ncer deben tomar decisiones sobre su fertilidad <b>antes<\/b>, <b>durante <\/b>y <b>despu\u00e9s <\/b>del tratamiento contra el c\u00e1ncer.<\/p><p>El siguiente diagrama muestra estas decisiones de fertilidad, vincul\u00e1ndolas a cada etapa del tratamiento del c\u00e1ncer. En cada etapa, habla con tu equipo de atenci\u00f3n oncol\u00f3gica y de fertilidad, tu pareja, tu familia y tus amigos. Esto te ayudar\u00e1 a mantenerte informada y a tomar la decisi\u00f3n correcta para ti.  <\/p><p>El c<a href=\"\/fertility-preservation-options\/summary\">uadro resumen de esta p\u00e1gina<\/a> compara las distintas opciones de preservaci\u00f3n de la fertilidad. Puedes usar este resumen para ayudarte a pensar en cu\u00e1l es la mejor decisi\u00f3n para ti. <\/p><p>Finalmente, puede que se desarrollen nuevos tratamientos de fertilidad que estar\u00e1n en primeras fases de desarrollo e investigaci\u00f3n. Por ejemplo, el trasplante de \u00fatero. Habla con tu equipo de atenci\u00f3n a la fertilidad sobre \u00e9stos.  <\/p><p><b>Diagrama a continuaci\u00f3n:<\/b> Vinculaci\u00f3n de las opciones de fertilidad para las mujeres <b>antes<\/b>, <b>durante <\/b>y <b>despu\u00e9s <\/b>del tratamiento del c\u00e1ncer:<\/p><p> <\/p>\t\t\t\t\t\t\t\t<\/div>\n\t\t\t\t<\/div>\n\t\t\t\t<div class=\"elementor-element elementor-element-822ad53 elementor-widget elementor-widget-image\" data-id=\"822ad53\" data-element_type=\"widget\" data-e-type=\"widget\" data-widget_type=\"image.default\">\n\t\t\t\t<div class=\"elementor-widget-container\">\n\t\t\t\t\t\t\t\t\t\t\t\t\t\t\t<img fetchpriority=\"high\" decoding=\"async\" width=\"800\" height=\"1008\" src=\"https:\/\/cancerfertilityandme.org.uk\/wp-content\/uploads\/ES-03-2-813x1024.png\" class=\"attachment-large size-large wp-image-5698\" alt=\"Vinculaci\u00f3n de las opciones de fertilidad para las mujeres antes, durante y despu\u00e9s del tratamiento del c\u00e1ncer\" srcset=\"https:\/\/cancerfertilityandme.org.uk\/wp-content\/uploads\/ES-03-2-813x1024.png 813w, https:\/\/cancerfertilityandme.org.uk\/wp-content\/uploads\/ES-03-2-238x300.png 238w, https:\/\/cancerfertilityandme.org.uk\/wp-content\/uploads\/ES-03-2-768x968.png 768w, https:\/\/cancerfertilityandme.org.uk\/wp-content\/uploads\/ES-03-2-1219x1536.png 1219w, https:\/\/cancerfertilityandme.org.uk\/wp-content\/uploads\/ES-03-2.png 1296w\" sizes=\"(max-width: 800px) 100vw, 800px\" \/>\t\t\t\t\t\t\t\t\t\t\t\t\t\t\t<\/div>\n\t\t\t\t<\/div>\n\t\t\t\t<\/div>\n\t\t<div class=\"elementor-element elementor-element-21f10086 e-con-full e-flex e-con e-child\" data-id=\"21f10086\" data-element_type=\"container\" data-e-type=\"container\">\n\t\t<div class=\"elementor-element elementor-element-640667fb e-con-full e-flex e-con e-child\" data-id=\"640667fb\" data-element_type=\"container\" data-e-type=\"container\">\n\t\t\t\t<div class=\"elementor-element elementor-element-e606fb elementor-widget elementor-widget-image\" data-id=\"e606fb\" data-element_type=\"widget\" data-e-type=\"widget\" data-widget_type=\"image.default\">\n\t\t\t\t<div class=\"elementor-widget-container\">\n\t\t\t\t\t\t\t\t\t\t\t\t\t\t\t\t<a href=\"http:\/\/.\/\">\n\t\t\t\t\t\t\t<img decoding=\"async\" width=\"400\" height=\"440\" src=\"https:\/\/cancerfertilityandme.org.uk\/wp-content\/uploads\/cancerfertilityandme-logo-column-adult-women.png\" class=\"attachment-full size-full wp-image-2286\" alt=\"\" srcset=\"https:\/\/cancerfertilityandme.org.uk\/wp-content\/uploads\/cancerfertilityandme-logo-column-adult-women.png 400w, https:\/\/cancerfertilityandme.org.uk\/wp-content\/uploads\/cancerfertilityandme-logo-column-adult-women-273x300.png 273w\" sizes=\"(max-width: 400px) 100vw, 400px\" \/>\t\t\t\t\t\t\t\t<\/a>\n\t\t\t\t\t\t\t\t\t\t\t\t\t\t\t<\/div>\n\t\t\t\t<\/div>\n\t\t\t\t<\/div>\n\t\t<div class=\"elementor-element elementor-element-51a24fbc e-con-full e-flex e-con e-child\" data-id=\"51a24fbc\" data-element_type=\"container\" data-e-type=\"container\">\n\t\t\t\t<div class=\"elementor-element elementor-element-14d06784 elementor-widget elementor-widget-heading\" data-id=\"14d06784\" data-element_type=\"widget\" data-e-type=\"widget\" data-widget_type=\"heading.default\">\n\t\t\t\t<div class=\"elementor-widget-container\">\n\t\t\t\t\t<h3 class=\"elementor-heading-title elementor-size-default\">Siga estos enlaces para obtener m\u00e1s informaci\u00f3n<\/h3>\t\t\t\t<\/div>\n\t\t\t\t<\/div>\n\t\t\t\t<div class=\"elementor-element elementor-element-4a3154e9 elementor-nav-menu--dropdown-none elementor-widget elementor-widget-nav-menu\" data-id=\"4a3154e9\" data-element_type=\"widget\" data-e-type=\"widget\" data-settings=\"{&quot;layout&quot;:&quot;vertical&quot;,&quot;submenu_icon&quot;:{&quot;value&quot;:&quot;&lt;svg aria-hidden=\\&quot;true\\&quot; class=\\&quot;e-font-icon-svg e-fas-caret-down\\&quot; viewBox=\\&quot;0 0 320 512\\&quot; xmlns=\\&quot;http:\\\/\\\/www.w3.org\\\/2000\\\/svg\\&quot;&gt;&lt;path d=\\&quot;M31.3 192h257.3c17.8 0 26.7 21.5 14.1 34.1L174.1 354.8c-7.8 7.8-20.5 7.8-28.3 0L17.2 226.1C4.6 213.5 13.5 192 31.3 192z\\&quot;&gt;&lt;\\\/path&gt;&lt;\\\/svg&gt;&quot;,&quot;library&quot;:&quot;fa-solid&quot;}}\" data-widget_type=\"nav-menu.default\">\n\t\t\t\t<div class=\"elementor-widget-container\">\n\t\t\t\t\t\t\t\t<nav aria-label=\"Menu\" class=\"elementor-nav-menu--main elementor-nav-menu__container elementor-nav-menu--layout-vertical e--pointer-none\">\n\t\t\t\t<ul id=\"menu-1-4a3154e9\" class=\"elementor-nav-menu sm-vertical\"><li class=\"menu-item menu-item-type-post_type menu-item-object-page menu-item-6817\"><a href=\"https:\/\/cancerfertilityandme.org.uk\/adult-women\/about-this-project\/\" class=\"elementor-item\">Acerca de este proyecto<\/a><\/li>\n<li class=\"menu-item menu-item-type-post_type menu-item-object-page menu-item-6818\"><a href=\"https:\/\/cancerfertilityandme.org.uk\/adult-women\/about-this-project\/decisions-before-during-and-after-treatment\/\" class=\"elementor-item\">Decisiones antes, durante y despu\u00e9s del tratamiento<\/a><\/li>\n<li class=\"menu-item menu-item-type-post_type menu-item-object-page menu-item-6820\"><a href=\"https:\/\/cancerfertilityandme.org.uk\/adult-women\/about-this-project\/using-this-website\/\" class=\"elementor-item\">UtilUtilizar esta p\u00e1gina web<\/a><\/li>\n<li class=\"menu-item menu-item-type-post_type menu-item-object-page menu-item-6819\"><a href=\"https:\/\/cancerfertilityandme.org.uk\/glossary\/\" class=\"elementor-item\">Glossary<\/a><\/li>\n<\/ul>\t\t\t<\/nav>\n\t\t\t\t\t\t<nav class=\"elementor-nav-menu--dropdown elementor-nav-menu__container\" aria-hidden=\"true\">\n\t\t\t\t<ul id=\"menu-2-4a3154e9\" class=\"elementor-nav-menu sm-vertical\"><li class=\"menu-item menu-item-type-post_type menu-item-object-page menu-item-6817\"><a href=\"https:\/\/cancerfertilityandme.org.uk\/adult-women\/about-this-project\/\" class=\"elementor-item\" tabindex=\"-1\">Acerca de este proyecto<\/a><\/li>\n<li class=\"menu-item menu-item-type-post_type menu-item-object-page menu-item-6818\"><a href=\"https:\/\/cancerfertilityandme.org.uk\/adult-women\/about-this-project\/decisions-before-during-and-after-treatment\/\" class=\"elementor-item\" tabindex=\"-1\">Decisiones antes, durante y despu\u00e9s del tratamiento<\/a><\/li>\n<li class=\"menu-item menu-item-type-post_type menu-item-object-page menu-item-6820\"><a href=\"https:\/\/cancerfertilityandme.org.uk\/adult-women\/about-this-project\/using-this-website\/\" class=\"elementor-item\" tabindex=\"-1\">UtilUtilizar esta p\u00e1gina web<\/a><\/li>\n<li class=\"menu-item menu-item-type-post_type menu-item-object-page menu-item-6819\"><a href=\"https:\/\/cancerfertilityandme.org.uk\/glossary\/\" class=\"elementor-item\" tabindex=\"-1\">Glossary<\/a><\/li>\n<\/ul>\t\t\t<\/nav>\n\t\t\t\t\t\t<\/div>\n\t\t\t\t<\/div>\n\t\t\t\t<\/div>\n\t\t\t\t<\/div>\n\t\t\t\t\t<\/div>\n\t\t\t\t<\/main>\n\t\t\t\t<\/div>\n\t\t","protected":false},"excerpt":{"rendered":"<p>Decisiones sobre fertilidad y planificaci\u00f3n familiar para mujeres antes, durante y despu\u00e9s del tratamiento contra el c\u00e1ncer: Las mujeres a las que se le han diagnosticado c\u00e1ncer deben tomar decisiones sobre su fertilidad antes, durante y despu\u00e9s del tratamiento contra el c\u00e1ncer. El siguiente diagrama muestra estas decisiones de fertilidad, vincul\u00e1ndolas a cada etapa del [&hellip;]<\/p>\n","protected":false},"author":1,"featured_media":5642,"parent":6102,"menu_order":0,"comment_status":"closed","ping_status":"open","template":"","meta":{"footnotes":""},"class_list":["post-6052","page","type-page","status-publish","has-post-thumbnail","hentry"],"_links":{"self":[{"href":"https:\/\/cancerfertilityandme.org.uk\/es\/wp-json\/wp\/v2\/pages\/6052","targetHints":{"allow":["GET"]}}],"collection":[{"href":"https:\/\/cancerfertilityandme.org.uk\/es\/wp-json\/wp\/v2\/pages"}],"about":[{"href":"https:\/\/cancerfertilityandme.org.uk\/es\/wp-json\/wp\/v2\/types\/page"}],"author":[{"embeddable":true,"href":"https:\/\/cancerfertilityandme.org.uk\/es\/wp-json\/wp\/v2\/users\/1"}],"replies":[{"embeddable":true,"href":"https:\/\/cancerfertilityandme.org.uk\/es\/wp-json\/wp\/v2\/comments?post=6052"}],"version-history":[{"count":8,"href":"https:\/\/cancerfertilityandme.org.uk\/es\/wp-json\/wp\/v2\/pages\/6052\/revisions"}],"predecessor-version":[{"id":10847,"href":"https:\/\/cancerfertilityandme.org.uk\/es\/wp-json\/wp\/v2\/pages\/6052\/revisions\/10847"}],"up":[{"embeddable":true,"href":"https:\/\/cancerfertilityandme.org.uk\/es\/wp-json\/wp\/v2\/pages\/6102"}],"wp:featuredmedia":[{"embeddable":true,"href":"https:\/\/cancerfertilityandme.org.uk\/es\/wp-json\/wp\/v2\/media\/5642"}],"wp:attachment":[{"href":"https:\/\/cancerfertilityandme.org.uk\/es\/wp-json\/wp\/v2\/media?parent=6052"}],"curies":[{"name":"wp","href":"https:\/\/api.w.org\/{rel}","templated":true}]}}