{"id":6048,"date":"2018-11-07T09:38:55","date_gmt":"2018-11-07T09:38:55","guid":{"rendered":"https:\/\/cancerfertilityandme.org.uk\/opciones-de-preservacion-de-la-fertilidad-2\/"},"modified":"2026-03-04T11:03:28","modified_gmt":"2026-03-04T11:03:28","slug":"opciones-de-preservacion-de-la-fertilidad-2","status":"publish","type":"page","link":"https:\/\/cancerfertilityandme.org.uk\/es\/mujeres-adultas\/opciones-de-preservacion-de-la-fertilidad-2\/","title":{"rendered":"Opciones de preservaci\u00f3n de la fertilidad"},"content":{"rendered":"\t\t<div data-elementor-type=\"wp-page\" data-elementor-id=\"6048\" class=\"elementor elementor-6048 elementor-5413\" data-elementor-post-type=\"page\">\n\t\t\t\t<main class=\"elementor-element elementor-element-683e4722 e-flex e-con-boxed e-con e-parent\" data-id=\"683e4722\" data-element_type=\"container\" data-e-type=\"container\">\n\t\t\t\t\t<div class=\"e-con-inner\">\n\t\t<div class=\"elementor-element elementor-element-379ef566 e-con-full e-flex e-con e-child\" data-id=\"379ef566\" data-element_type=\"container\" data-e-type=\"container\">\n\t\t<div class=\"elementor-element elementor-element-72232f7d e-con-full e-flex e-con e-child\" data-id=\"72232f7d\" data-element_type=\"container\" data-e-type=\"container\" data-settings=\"{&quot;background_background&quot;:&quot;classic&quot;}\">\n\t\t\t\t<div class=\"elementor-element elementor-element-728f77df elementor-widget elementor-widget-text-editor\" data-id=\"728f77df\" data-element_type=\"widget\" data-e-type=\"widget\" data-widget_type=\"text-editor.default\">\n\t\t\t\t<div class=\"elementor-widget-container\">\n\t\t\t\t\t\t\t\t\t<h2>Las opciones de preservaci\u00f3n de la fertilidad<\/h2><h3>Esta secci\u00f3n contiene informaci\u00f3n sobre las opciones para la preservaci\u00f3n de la fertilidad para mujeres con c\u00e1ncer antes de iniciar su tratamiento contra el c\u00e1ncer.<br><\/h3><h3>Puedes elegir :<\/h3><ul><li>No hacer ning\u00fan tratamiento para la preservaci\u00f3n de la fertilidad: empezar el tratamiento contra el c\u00e1ncer ahora.<\/li><li>Congelaci\u00f3n: m\u00e9todos para conservar \u00f3vulos, embriones o tejido ov\u00e1rico.<\/li><li>Supresi\u00f3n ov\u00e1rica: m\u00e9todo de protecci\u00f3n de los ovarios durante el tratamiento contra el c\u00e1ncer.<\/li><li>Cirug\u00eda espec\u00edfica: la cirug\u00eda para la preservaci\u00f3n de la fertilidad puede ser una opci\u00f3n para algunas mujeres.<br><\/li><\/ul>\t\t\t\t\t\t\t\t<\/div>\n\t\t\t\t<\/div>\n\t\t\t\t<\/div>\n\t\t\t\t<div class=\"elementor-element elementor-element-75d3ef82 elementor-widget elementor-widget-text-editor\" data-id=\"75d3ef82\" data-element_type=\"widget\" data-e-type=\"widget\" data-widget_type=\"text-editor.default\">\n\t\t\t\t<div class=\"elementor-widget-container\">\n\t\t\t\t\t\t\t\t\t<p><b>El siguiente diagrama<\/b> muestra las decisiones sobre la fertilidad que las mujeres deben tener en cuenta antes de iniciar los tratamientos contra el c\u00e1ncer.<\/p>\t\t\t\t\t\t\t\t<\/div>\n\t\t\t\t<\/div>\n\t\t\t\t<div class=\"elementor-element elementor-element-7e2f92c elementor-widget elementor-widget-image\" data-id=\"7e2f92c\" data-element_type=\"widget\" data-e-type=\"widget\" data-widget_type=\"image.default\">\n\t\t\t\t<div class=\"elementor-widget-container\">\n\t\t\t\t\t\t\t\t\t\t\t\t\t\t\t<img fetchpriority=\"high\" decoding=\"async\" width=\"800\" height=\"426\" src=\"https:\/\/cancerfertilityandme.org.uk\/wp-content\/uploads\/ES-04-1024x545-1.png\" class=\"attachment-large size-large wp-image-5454\" alt=\"Decisiones de preservaci\u00f3n de la fertilidad antes de iniciar el tratamiento del c\u00e1ncer\" srcset=\"https:\/\/cancerfertilityandme.org.uk\/wp-content\/uploads\/ES-04-1024x545-1.png 1024w, https:\/\/cancerfertilityandme.org.uk\/wp-content\/uploads\/ES-04-1024x545-1-300x160.png 300w, https:\/\/cancerfertilityandme.org.uk\/wp-content\/uploads\/ES-04-1024x545-1-768x409.png 768w\" sizes=\"(max-width: 800px) 100vw, 800px\" \/>\t\t\t\t\t\t\t\t\t\t\t\t\t\t\t<\/div>\n\t\t\t\t<\/div>\n\t\t\t\t<div class=\"elementor-element elementor-element-f62c362 elementor-widget elementor-widget-text-editor\" data-id=\"f62c362\" data-element_type=\"widget\" data-e-type=\"widget\" data-widget_type=\"text-editor.default\">\n\t\t\t\t<div class=\"elementor-widget-container\">\n\t\t\t\t\t\t\t\t\t<p>Cada opci\u00f3n de fertilidad tiene una probabilidad de \u00e9xito diferente y ning\u00fan m\u00e9todo funciona el 100% de las veces. Las tasas de \u00e9xito de cada procedimiento ser\u00e1n diferentes para cada mujer. Ninguna de las opciones puede garantizar que te quedes embarazada y tengas un beb\u00e9 despu\u00e9s del tratamiento contra el c\u00e1ncer.  <\/p>\n<p>No todos los procedimientos est\u00e1n disponibles en todas las cl\u00ednicas de fertilidad. Algunas son t\u00e9cnicas m\u00e1s recientes y a\u00fan no han demostrado tener \u00e9xito con un gran n\u00famero de mujeres. Tu equipo de tratamiento contra el c\u00e1ncer y el equipo de tratamiento de la fertilidad pueden aconsejarte m\u00e1s y comentar las opciones disponibles para ti.  <\/p>\n<p>No todas las mujeres que inician un tratamiento contra el c\u00e1ncer tendr\u00e1n que considerar estas opciones. La oportunidad de hablar con alguien e informarse sobre tus opciones puede ser \u00fatil. Esto puede ayudarte a tomar la decisi\u00f3n correcta para ti y tu situaci\u00f3n personal.  <\/p>\n<p>La informaci\u00f3n que figura a continuaci\u00f3n repasa con m\u00e1s detalle cada una de las opciones de tratamiento para la preservaci\u00f3n de la fertilidad. Explica el proceso y describe el \u00e9xito y los efectos secundarios asociados a cada procedimiento. &nbsp;Este <a href=\"\/fertility-preservation-options\/summary\">quadro resumen<\/a> compara las distintas opciones de preservaci\u00f3n de la fertilidad.<\/p>\t\t\t\t\t\t\t\t<\/div>\n\t\t\t\t<\/div>\n\t\t\t\t<\/div>\n\t\t<div class=\"elementor-element elementor-element-2cade018 e-con-full e-flex e-con e-child\" data-id=\"2cade018\" data-element_type=\"container\" data-e-type=\"container\">\n\t\t<div class=\"elementor-element elementor-element-38734839 e-con-full e-flex e-con e-child\" data-id=\"38734839\" data-element_type=\"container\" data-e-type=\"container\">\n\t\t\t\t<div class=\"elementor-element elementor-element-76b4b5c4 elementor-widget elementor-widget-image\" data-id=\"76b4b5c4\" data-element_type=\"widget\" data-e-type=\"widget\" data-widget_type=\"image.default\">\n\t\t\t\t<div class=\"elementor-widget-container\">\n\t\t\t\t\t\t\t\t\t\t\t\t\t\t\t\t<a href=\"http:\/\/.\/\">\n\t\t\t\t\t\t\t<img decoding=\"async\" width=\"400\" height=\"440\" src=\"https:\/\/cancerfertilityandme.org.uk\/wp-content\/uploads\/cancerfertilityandme-logo-column-adult-women.png\" class=\"attachment-full size-full wp-image-2286\" alt=\"\" srcset=\"https:\/\/cancerfertilityandme.org.uk\/wp-content\/uploads\/cancerfertilityandme-logo-column-adult-women.png 400w, https:\/\/cancerfertilityandme.org.uk\/wp-content\/uploads\/cancerfertilityandme-logo-column-adult-women-273x300.png 273w\" sizes=\"(max-width: 400px) 100vw, 400px\" \/>\t\t\t\t\t\t\t\t<\/a>\n\t\t\t\t\t\t\t\t\t\t\t\t\t\t\t<\/div>\n\t\t\t\t<\/div>\n\t\t\t\t<\/div>\n\t\t<div class=\"elementor-element elementor-element-5ffa69a1 e-con-full e-flex e-con e-child\" data-id=\"5ffa69a1\" data-element_type=\"container\" data-e-type=\"container\">\n\t\t\t\t<div class=\"elementor-element elementor-element-a4bd49b elementor-widget elementor-widget-heading\" data-id=\"a4bd49b\" data-element_type=\"widget\" data-e-type=\"widget\" data-widget_type=\"heading.default\">\n\t\t\t\t<div class=\"elementor-widget-container\">\n\t\t\t\t\t<h3 class=\"elementor-heading-title elementor-size-default\">Siga estos enlaces para obtener m\u00e1s informaci\u00f3n<\/h3>\t\t\t\t<\/div>\n\t\t\t\t<\/div>\n\t\t\t\t<div class=\"elementor-element elementor-element-4871e6c elementor-nav-menu--dropdown-none elementor-widget elementor-widget-nav-menu\" data-id=\"4871e6c\" data-element_type=\"widget\" data-e-type=\"widget\" data-settings=\"{&quot;layout&quot;:&quot;vertical&quot;,&quot;submenu_icon&quot;:{&quot;value&quot;:&quot;&lt;svg aria-hidden=\\&quot;true\\&quot; class=\\&quot;e-font-icon-svg e-fas-caret-down\\&quot; viewBox=\\&quot;0 0 320 512\\&quot; xmlns=\\&quot;http:\\\/\\\/www.w3.org\\\/2000\\\/svg\\&quot;&gt;&lt;path d=\\&quot;M31.3 192h257.3c17.8 0 26.7 21.5 14.1 34.1L174.1 354.8c-7.8 7.8-20.5 7.8-28.3 0L17.2 226.1C4.6 213.5 13.5 192 31.3 192z\\&quot;&gt;&lt;\\\/path&gt;&lt;\\\/svg&gt;&quot;,&quot;library&quot;:&quot;fa-solid&quot;}}\" data-widget_type=\"nav-menu.default\">\n\t\t\t\t<div class=\"elementor-widget-container\">\n\t\t\t\t\t\t\t\t<nav aria-label=\"Menu\" class=\"elementor-nav-menu--main elementor-nav-menu__container elementor-nav-menu--layout-vertical e--pointer-none\">\n\t\t\t\t<ul id=\"menu-1-4871e6c\" class=\"elementor-nav-menu sm-vertical\"><li class=\"menu-item menu-item-type-post_type menu-item-object-page menu-item-6985\"><a href=\"https:\/\/cancerfertilityandme.org.uk\/adult-women\/fertility-preservation-options\/\" class=\"elementor-item\">Opciones de preservaci\u00f3n de la fertilidad<\/a><\/li>\n<li class=\"menu-item menu-item-type-post_type menu-item-object-page menu-item-6994\"><a href=\"https:\/\/cancerfertilityandme.org.uk\/adult-women\/fertility-preservation-options\/summary-of-fertility-preservation-options\/\" class=\"elementor-item\">Resumen de las opciones de preservaci\u00f3n de la fertilidad<\/a><\/li>\n<li class=\"menu-item menu-item-type-post_type menu-item-object-page menu-item-6990\"><a href=\"https:\/\/cancerfertilityandme.org.uk\/adult-women\/fertility-preservation-options\/no-fertility-preservation\/\" class=\"elementor-item\">No preservar la fertilidad<\/a><\/li>\n<li class=\"menu-item menu-item-type-post_type menu-item-object-page menu-item-6987\"><a href=\"https:\/\/cancerfertilityandme.org.uk\/adult-women\/fertility-preservation-options\/egg-freezing\/\" class=\"elementor-item\">Congelaci\u00f3n de \u00f3vulos<\/a><\/li>\n<li class=\"menu-item menu-item-type-post_type menu-item-object-page menu-item-6988\"><a href=\"https:\/\/cancerfertilityandme.org.uk\/adult-women\/fertility-preservation-options\/embryo-freezing\/\" class=\"elementor-item\">Congelaci\u00f3n de embriones<\/a><\/li>\n<li class=\"menu-item menu-item-type-post_type menu-item-object-page menu-item-6992\"><a href=\"https:\/\/cancerfertilityandme.org.uk\/adult-women\/fertility-preservation-options\/ovarian-tissue-freezing\/\" class=\"elementor-item\">Congelaci\u00f3n de tejido ov\u00e1rico<\/a><\/li>\n<li class=\"menu-item menu-item-type-post_type menu-item-object-page menu-item-6991\"><a href=\"https:\/\/cancerfertilityandme.org.uk\/adult-women\/fertility-preservation-options\/ovarian-suppression\/\" class=\"elementor-item\">Supresi\u00f3n Ov\u00e1rica<\/a><\/li>\n<li class=\"menu-item menu-item-type-post_type menu-item-object-page menu-item-6986\"><a href=\"https:\/\/cancerfertilityandme.org.uk\/adult-women\/fertility-preservation-options\/cancer-specific-fertility-sparing-options\/\" class=\"elementor-item\">Procedimientos de preservaci\u00f3n de la fertilidad espec\u00edficos para determinados c\u00e1nceres<\/a><\/li>\n<li class=\"menu-item menu-item-type-post_type menu-item-object-page menu-item-11368\"><a href=\"https:\/\/cancerfertilityandme.org.uk\/adult-women\/fertility-preservation-options\/other-cancer-treatments\/\" class=\"elementor-item\">Otros tratamientos contra el c\u00e1ncer<\/a><\/li>\n<li class=\"menu-item menu-item-type-post_type menu-item-object-page menu-item-6993\"><a href=\"https:\/\/cancerfertilityandme.org.uk\/adult-women\/fertility-preservation-options\/questions-to-ask-your-cancer-fertility-care-teams\/\" class=\"elementor-item\">Preguntas para el equipo de atenci\u00f3n oncol\u00f3gica y el equipo de atenci\u00f3n a la fertilidad<\/a><\/li>\n<\/ul>\t\t\t<\/nav>\n\t\t\t\t\t\t<nav class=\"elementor-nav-menu--dropdown elementor-nav-menu__container\" aria-hidden=\"true\">\n\t\t\t\t<ul id=\"menu-2-4871e6c\" class=\"elementor-nav-menu sm-vertical\"><li class=\"menu-item menu-item-type-post_type menu-item-object-page menu-item-6985\"><a href=\"https:\/\/cancerfertilityandme.org.uk\/adult-women\/fertility-preservation-options\/\" class=\"elementor-item\" tabindex=\"-1\">Opciones de preservaci\u00f3n de la fertilidad<\/a><\/li>\n<li class=\"menu-item menu-item-type-post_type menu-item-object-page menu-item-6994\"><a href=\"https:\/\/cancerfertilityandme.org.uk\/adult-women\/fertility-preservation-options\/summary-of-fertility-preservation-options\/\" class=\"elementor-item\" tabindex=\"-1\">Resumen de las opciones de preservaci\u00f3n de la fertilidad<\/a><\/li>\n<li class=\"menu-item menu-item-type-post_type menu-item-object-page menu-item-6990\"><a href=\"https:\/\/cancerfertilityandme.org.uk\/adult-women\/fertility-preservation-options\/no-fertility-preservation\/\" class=\"elementor-item\" tabindex=\"-1\">No preservar la fertilidad<\/a><\/li>\n<li class=\"menu-item menu-item-type-post_type menu-item-object-page menu-item-6987\"><a href=\"https:\/\/cancerfertilityandme.org.uk\/adult-women\/fertility-preservation-options\/egg-freezing\/\" class=\"elementor-item\" tabindex=\"-1\">Congelaci\u00f3n de \u00f3vulos<\/a><\/li>\n<li class=\"menu-item menu-item-type-post_type menu-item-object-page menu-item-6988\"><a href=\"https:\/\/cancerfertilityandme.org.uk\/adult-women\/fertility-preservation-options\/embryo-freezing\/\" class=\"elementor-item\" tabindex=\"-1\">Congelaci\u00f3n de embriones<\/a><\/li>\n<li class=\"menu-item menu-item-type-post_type menu-item-object-page menu-item-6992\"><a href=\"https:\/\/cancerfertilityandme.org.uk\/adult-women\/fertility-preservation-options\/ovarian-tissue-freezing\/\" class=\"elementor-item\" tabindex=\"-1\">Congelaci\u00f3n de tejido ov\u00e1rico<\/a><\/li>\n<li class=\"menu-item menu-item-type-post_type menu-item-object-page menu-item-6991\"><a href=\"https:\/\/cancerfertilityandme.org.uk\/adult-women\/fertility-preservation-options\/ovarian-suppression\/\" class=\"elementor-item\" tabindex=\"-1\">Supresi\u00f3n Ov\u00e1rica<\/a><\/li>\n<li class=\"menu-item menu-item-type-post_type menu-item-object-page menu-item-6986\"><a href=\"https:\/\/cancerfertilityandme.org.uk\/adult-women\/fertility-preservation-options\/cancer-specific-fertility-sparing-options\/\" class=\"elementor-item\" tabindex=\"-1\">Procedimientos de preservaci\u00f3n de la fertilidad espec\u00edficos para determinados c\u00e1nceres<\/a><\/li>\n<li class=\"menu-item menu-item-type-post_type menu-item-object-page menu-item-11368\"><a href=\"https:\/\/cancerfertilityandme.org.uk\/adult-women\/fertility-preservation-options\/other-cancer-treatments\/\" class=\"elementor-item\" tabindex=\"-1\">Otros tratamientos contra el c\u00e1ncer<\/a><\/li>\n<li class=\"menu-item menu-item-type-post_type menu-item-object-page menu-item-6993\"><a href=\"https:\/\/cancerfertilityandme.org.uk\/adult-women\/fertility-preservation-options\/questions-to-ask-your-cancer-fertility-care-teams\/\" class=\"elementor-item\" tabindex=\"-1\">Preguntas para el equipo de atenci\u00f3n oncol\u00f3gica y el equipo de atenci\u00f3n a la fertilidad<\/a><\/li>\n<\/ul>\t\t\t<\/nav>\n\t\t\t\t\t\t<\/div>\n\t\t\t\t<\/div>\n\t\t\t\t<\/div>\n\t\t\t\t<\/div>\n\t\t\t\t\t<\/div>\n\t\t\t\t<\/main>\n\t\t\t\t<\/div>\n\t\t","protected":false},"excerpt":{"rendered":"<p>Las opciones de preservaci\u00f3n de la fertilidad Esta secci\u00f3n contiene informaci\u00f3n sobre las opciones para la preservaci\u00f3n de la fertilidad para mujeres con c\u00e1ncer antes de iniciar su tratamiento contra el c\u00e1ncer. Puedes elegir : No hacer ning\u00fan tratamiento para la preservaci\u00f3n de la fertilidad: empezar el tratamiento contra el c\u00e1ncer ahora. Congelaci\u00f3n: m\u00e9todos para [&hellip;]<\/p>\n","protected":false},"author":1,"featured_media":5422,"parent":6770,"menu_order":0,"comment_status":"closed","ping_status":"open","template":"","meta":{"footnotes":""},"class_list":["post-6048","page","type-page","status-publish","has-post-thumbnail","hentry"],"_links":{"self":[{"href":"https:\/\/cancerfertilityandme.org.uk\/es\/wp-json\/wp\/v2\/pages\/6048","targetHints":{"allow":["GET"]}}],"collection":[{"href":"https:\/\/cancerfertilityandme.org.uk\/es\/wp-json\/wp\/v2\/pages"}],"about":[{"href":"https:\/\/cancerfertilityandme.org.uk\/es\/wp-json\/wp\/v2\/types\/page"}],"author":[{"embeddable":true,"href":"https:\/\/cancerfertilityandme.org.uk\/es\/wp-json\/wp\/v2\/users\/1"}],"replies":[{"embeddable":true,"href":"https:\/\/cancerfertilityandme.org.uk\/es\/wp-json\/wp\/v2\/comments?post=6048"}],"version-history":[{"count":6,"href":"https:\/\/cancerfertilityandme.org.uk\/es\/wp-json\/wp\/v2\/pages\/6048\/revisions"}],"predecessor-version":[{"id":10932,"href":"https:\/\/cancerfertilityandme.org.uk\/es\/wp-json\/wp\/v2\/pages\/6048\/revisions\/10932"}],"up":[{"embeddable":true,"href":"https:\/\/cancerfertilityandme.org.uk\/es\/wp-json\/wp\/v2\/pages\/6770"}],"wp:featuredmedia":[{"embeddable":true,"href":"https:\/\/cancerfertilityandme.org.uk\/es\/wp-json\/wp\/v2\/media\/5422"}],"wp:attachment":[{"href":"https:\/\/cancerfertilityandme.org.uk\/es\/wp-json\/wp\/v2\/media?parent=6048"}],"curies":[{"name":"wp","href":"https:\/\/api.w.org\/{rel}","templated":true}]}}