{"id":3416,"date":"2023-08-07T09:35:20","date_gmt":"2023-08-07T09:35:20","guid":{"rendered":"https:\/\/cancerfertilityandme.org.uk\/hombres-jovenes\/"},"modified":"2023-08-07T09:35:20","modified_gmt":"2023-08-07T09:35:20","slug":"hombres-jovenes","status":"publish","type":"page","link":"https:\/\/cancerfertilityandme.org.uk\/es\/hombres-jovenes\/","title":{"rendered":"Hombres j\u00f3venes"},"content":{"rendered":"<h2>El c\u00e1ncer, la fertilidad y yo para hombres j\u00f3venes<\/h2>\n<p>Esta gu\u00eda a\u00fan est\u00e1 en producci\u00f3n.<\/p>\n<p>Si quieres que te avisemos cuando est\u00e9 disponible, ponte en <a href=\"\/contact\">contacto con nosotras.<\/a><\/p>\n<p>\u203a Regresar al <a href=\"\/\">Portal CFM<\/a><\/p>\n<p><img decoding=\"async\" class=\"alignleft size-full wp-image-4437\" src=\"\/wp-content\/uploads\/2019\/04\/cfm-sumbenu-leaves.png\" alt=\"section menu\" width=\"126\" height=\"127\"><\/p>\n","protected":false},"excerpt":{"rendered":"<p>El c\u00e1ncer, la fertilidad y yo para hombres j\u00f3venes Esta gu\u00eda a\u00fan est\u00e1 en producci\u00f3n. Si quieres que te avisemos cuando est\u00e9 disponible, ponte en contacto con nosotras. \u203a Regresar al Portal CFM<\/p>\n","protected":false},"author":1,"featured_media":0,"parent":0,"menu_order":0,"comment_status":"closed","ping_status":"closed","template":"","meta":{"footnotes":""},"class_list":["post-3416","page","type-page","status-publish","hentry"],"_links":{"self":[{"href":"https:\/\/cancerfertilityandme.org.uk\/es\/wp-json\/wp\/v2\/pages\/3416","targetHints":{"allow":["GET"]}}],"collection":[{"href":"https:\/\/cancerfertilityandme.org.uk\/es\/wp-json\/wp\/v2\/pages"}],"about":[{"href":"https:\/\/cancerfertilityandme.org.uk\/es\/wp-json\/wp\/v2\/types\/page"}],"author":[{"embeddable":true,"href":"https:\/\/cancerfertilityandme.org.uk\/es\/wp-json\/wp\/v2\/users\/1"}],"replies":[{"embeddable":true,"href":"https:\/\/cancerfertilityandme.org.uk\/es\/wp-json\/wp\/v2\/comments?post=3416"}],"version-history":[{"count":0,"href":"https:\/\/cancerfertilityandme.org.uk\/es\/wp-json\/wp\/v2\/pages\/3416\/revisions"}],"wp:attachment":[{"href":"https:\/\/cancerfertilityandme.org.uk\/es\/wp-json\/wp\/v2\/media?parent=3416"}],"curies":[{"name":"wp","href":"https:\/\/api.w.org\/{rel}","templated":true}]}}