{"id":11688,"date":"2023-04-06T13:56:01","date_gmt":"2023-04-06T13:56:01","guid":{"rendered":"https:\/\/cancerfertilityandme.org.uk\/home\/decidir-si-se-va-a-preservar-o-no-la-fertilidad\/otras-decisiones-sobre-la-fertilidad-a-considerar\/"},"modified":"2026-03-30T11:06:13","modified_gmt":"2026-03-30T11:06:13","slug":"otras-decisiones-sobre-la-fertilidad-a-considerar","status":"publish","type":"page","link":"https:\/\/cancerfertilityandme.org.uk\/es\/mujeres-jovenes\/decidir-si-se-va-a-preservar-o-no-la-fertilidad\/otras-decisiones-sobre-la-fertilidad-a-considerar\/","title":{"rendered":"Otras decisiones sobre la fertilidad a considerar"},"content":{"rendered":"\t\t<div data-elementor-type=\"wp-page\" data-elementor-id=\"11688\" class=\"elementor elementor-11688\" data-elementor-post-type=\"page\">\n\t\t\t\t<main class=\"elementor-element elementor-element-3ff4da75 e-flex e-con-boxed e-con e-parent\" data-id=\"3ff4da75\" data-element_type=\"container\" data-e-type=\"container\">\n\t\t\t\t\t<div class=\"e-con-inner\">\n\t\t<div class=\"elementor-element elementor-element-2ab9ba32 e-con-full e-flex e-con e-child\" data-id=\"2ab9ba32\" data-element_type=\"container\" data-e-type=\"container\">\n\t\t\t\t<div class=\"elementor-element elementor-element-5bac70ef elementor-widget elementor-widget-text-editor\" data-id=\"5bac70ef\" data-element_type=\"widget\" data-e-type=\"widget\" data-widget_type=\"text-editor.default\">\n\t\t\t\t<div class=\"elementor-widget-container\">\n\t\t\t\t\t\t\t\t\t<h2>Otras decisiones sobre la fertilidad a considerar<\/h2><p>Hasta ahora, el objetivo principal de este sitio web ha sido ayudarle a tomar las decisiones correctas sobre la preservaci\u00f3n de la fertilidad antes de comenzar el tratamiento contra el c\u00e1ncer. esta secci\u00f3n proporciona informaci\u00f3n sobre la anticoncepci\u00f3n y las decisiones de planificaci\u00f3n familiar que puedes querer tomar, durante y despu\u00e9s del tratamiento oncol\u00f3gico.<\/p><p><strong>\u2022 Durante el tratamiento del c\u00e1ncer:<\/strong><\/p><p>Estas decisiones pueden incluir qu\u00e9 tipo de anticonceptivo utilizar.<\/p><p><strong>\u2022 Despu\u00e9s del tratamiento del c\u00e1ncer y el seguimiento:<\/strong><\/p><p>Estas decisiones pueden incluir el tipo de anticonceptivo que vas a utilizar, los m\u00e9todos de prueba de fertilidad que vas a realizar y la planificaci\u00f3n de una futura familia.<\/p><p><strong>Anticoncepci\u00f3n durante el tratamiento contra el c\u00e1ncer.<\/strong><\/p><p>Se recomienda encarecidamente a las mujeres que no se queden embarazadas durante el tratamiento contra el c\u00e1ncer. Esto se debe a que los tratamientos contra el c\u00e1ncer pueden da\u00f1ar al feto en las primeras etapas de su desarrollo. Aunque tu ciclo se detenga durante el tratamiento, esto no significa que no puedas quedarte embarazada.  <\/p><p>Si eres sexualmente activa, debes utilizar un m\u00e9todo anticonceptivo fiable durante el tratamiento contra el c\u00e1ncer.<\/p><p>La imagen de abajo muestra los diferentes tipos de anticonceptivos que hay que tener en cuenta.<\/p>\t\t\t\t\t\t\t\t<\/div>\n\t\t\t\t<\/div>\n\t\t\t\t<div class=\"elementor-element elementor-element-5c3347f elementor-widget elementor-widget-image\" data-id=\"5c3347f\" data-element_type=\"widget\" data-e-type=\"widget\" data-widget_type=\"image.default\">\n\t\t\t\t<div class=\"elementor-widget-container\">\n\t\t\t\t\t\t\t\t\t\t\t\t\t\t\t<img fetchpriority=\"high\" decoding=\"async\" width=\"800\" height=\"323\" src=\"https:\/\/cancerfertilityandme.org.uk\/wp-content\/uploads\/ES-05-4-1024x413.png\" class=\"attachment-large size-large wp-image-9191\" alt=\"\" srcset=\"https:\/\/cancerfertilityandme.org.uk\/wp-content\/uploads\/ES-05-4-1024x413.png 1024w, https:\/\/cancerfertilityandme.org.uk\/wp-content\/uploads\/ES-05-4-300x121.png 300w, https:\/\/cancerfertilityandme.org.uk\/wp-content\/uploads\/ES-05-4-768x310.png 768w, https:\/\/cancerfertilityandme.org.uk\/wp-content\/uploads\/ES-05-4.png 1028w\" sizes=\"(max-width: 800px) 100vw, 800px\" \/>\t\t\t\t\t\t\t\t\t\t\t\t\t\t\t<\/div>\n\t\t\t\t<\/div>\n\t\t\t\t<div class=\"elementor-element elementor-element-f4cf6e9 elementor-widget elementor-widget-text-editor\" data-id=\"f4cf6e9\" data-element_type=\"widget\" data-e-type=\"widget\" data-widget_type=\"text-editor.default\">\n\t\t\t\t<div class=\"elementor-widget-container\">\n\t\t\t\t\t\t\t\t\t<p>Se recomienda que las mujeres en tratamiento hormonal utilicen m\u00e9todos anticonceptivos no hormonales. Entre ellos se encuentran los preservativos, los preservativos femeninos y los diafragmas. La p\u00edldora anticonceptiva est\u00e1 menos recomendada para las mujeres con c\u00e1nceres sensibles a las hormonas. Esto se debe a que existe la posibilidad de que las hormonas de la p\u00edldora anticonceptiva estimulen las c\u00e9lulas cancerosas restantes.   Es aconsejable hablar de los diferentes m\u00e9todos anticonceptivos con el equipo de tratamiento contra el c\u00e1ncer.<\/p><p><strong>Las siguientes preguntas pueden ayudarte a hablar con tu equipo de atenci\u00f3n al c\u00e1ncer o con tu m\u00e9dico de familia sobre la anticoncepci\u00f3n.<\/strong><\/p><p>Las siguientes preguntas pueden ayudarle a hablar con su equipo de atenci\u00f3n oncol\u00f3gica o con su m\u00e9dico de cabecera sobre la anticoncepci\u00f3n.<\/p><ul><li>\u00bfQu\u00e9 anticonceptivo me conviene m\u00e1s durante el tratamiento contra el c\u00e1ncer?<\/li><li>\u00bfDurante cu\u00e1nto tiempo debo utilizar este anticonceptivo?<\/li><li>\u00bfDebo utilizar m\u00e9todos anticonceptivos no hormonales para mi tipo de c\u00e1ncer?<\/li><li>Si no tengo la menstruaci\u00f3n durante el tratamiento contra el c\u00e1ncer, \u00bfdebo seguir utilizando anticonceptivos?<\/li><li>\u00bfMe afectar\u00e1 a m\u00ed o a mi hijo por nacer si decido no utilizar m\u00e9todos anticonceptivos y me quedo embarazada durante el tratamiento contra el c\u00e1ncer?<\/li><\/ul><h2>Decisiones de planificaci\u00f3n familiar tras el tratamiento contra el c\u00e1ncer<\/h2><p>Para muchas mujeres, la decisi\u00f3n quedarse embarazada despu\u00e9s de un diagn\u00f3stico de c\u00e1ncer es dif\u00edcil. Durante este tiempo, las mujeres toman las decisiones de gesti\u00f3n de la fertilidad que mejor se adaptan a sus vidas. Entre ellas se encuentran las pruebas para comprobar tu fertilidad, la elecci\u00f3n de un m\u00e9todo anticonceptivo y la planificaci\u00f3n de tu futura familia.   Esto se muestra en la imagen 3 a continuaci\u00f3n.<\/p>\t\t\t\t\t\t\t\t<\/div>\n\t\t\t\t<\/div>\n\t\t\t\t<div class=\"elementor-element elementor-element-53f8b8f elementor-widget elementor-widget-image\" data-id=\"53f8b8f\" data-element_type=\"widget\" data-e-type=\"widget\" data-widget_type=\"image.default\">\n\t\t\t\t<div class=\"elementor-widget-container\">\n\t\t\t\t\t\t\t\t\t\t\t\t\t\t\t<img decoding=\"async\" width=\"800\" height=\"405\" src=\"https:\/\/cancerfertilityandme.org.uk\/wp-content\/uploads\/ES-06-4-1024x518.png\" class=\"attachment-large size-large wp-image-9201\" alt=\"\" srcset=\"https:\/\/cancerfertilityandme.org.uk\/wp-content\/uploads\/ES-06-4-1024x518.png 1024w, https:\/\/cancerfertilityandme.org.uk\/wp-content\/uploads\/ES-06-4-300x152.png 300w, https:\/\/cancerfertilityandme.org.uk\/wp-content\/uploads\/ES-06-4-768x389.png 768w, https:\/\/cancerfertilityandme.org.uk\/wp-content\/uploads\/ES-06-4.png 1045w\" sizes=\"(max-width: 800px) 100vw, 800px\" \/>\t\t\t\t\t\t\t\t\t\t\t\t\t\t\t<\/div>\n\t\t\t\t<\/div>\n\t\t\t\t<div class=\"elementor-element elementor-element-e5aac46 elementor-widget elementor-widget-text-editor\" data-id=\"e5aac46\" data-element_type=\"widget\" data-e-type=\"widget\" data-widget_type=\"text-editor.default\">\n\t\t\t\t<div class=\"elementor-widget-container\">\n\t\t\t\t\t\t\t\t\t<p>Es dif\u00edcil predecir c\u00f3mo se ver\u00e1 afectada tu fertilidad por el tratamiento contra el c\u00e1ncer. El equipo de atenci\u00f3n a la fertilidad puede comprobar tu fertilidad mediante una serie de pruebas. Entre ellos se encuentran los an\u00e1lisis de sangre para comprobar los niveles de una hormona o una ecograf\u00eda de los ovarios. Puedes pedir a tu equipo de atenci\u00f3n al c\u00e1ncer o a tu m\u00e9dico de cabecera que te remita a una cl\u00ednica de fertilidad.  <\/p><p>Su fertilidad puede volver de forma natural despu\u00e9s. Aunque no hayas vuelto a tener la menstruaci\u00f3n, puedes seguir producir \u00f3vulos y quedarte embarazada. Deber\u00edas hablar de estos distintos m\u00e9todos anticonceptivos con tu equipo de tratamiento contra el c\u00e1ncer. Pueden aconsejarte sobre las opciones y el tipo de anticonceptivo adecuado para ti. Se recomienda esperar dos a\u00f1os despu\u00e9s de completar el tratamiento contra el c\u00e1ncer antes de intentar tener un beb\u00e9.   <\/p><p>No hay datos que sugieran que el embarazo afecte a las posibilidades de que un c\u00e1ncer vuelva a aparecer. No hay datos que sugieran que la salud de los ni\u00f1os nacidos despu\u00e9s del tratamiento contra el c\u00e1ncer se vea afectada. Si est\u00e1s pensando en quedarte embarazada, habla con tu equipo de tratamiento contra el c\u00e1ncer.  <\/p><p>No todas las mujeres j\u00f3venes que reciben tratamiento contra el c\u00e1ncer tendr\u00e1n un problema de fertilidad, de hecho, la <strong>mayor\u00eda de las mujeres j\u00f3venes que desean tener un beb\u00e9 despu\u00e9s del tratamiento contra el c\u00e1ncer pueden.<\/strong><\/p><p>Algunas mujeres pueden enfrentarse a una p\u00e9rdida permanente de la fertilidad tras el tratamiento contra el c\u00e1ncer. Esto puede ser molesto y dif\u00edcil de aceptar. Si este es tu caso, puede resultarte \u00fatil buscar asesoramiento profesional. Adem\u00e1s de ofrecer apoyo emocional, podr\u00e1n ofrecer informaci\u00f3n sobre otras opciones. Entre ellas se encuentran la gestaci\u00f3n subrogada, la adopci\u00f3n y la acogida. Tambi\u00e9n pueden asesorar sobre los m\u00e9todos de embarazo asistido, como los \u00f3vulos y embriones de donantes o el uso de sus propios \u00f3vulos, embriones y tejido ov\u00e1rico guardado.    <\/p><p>El sitio web de la HEFA <a href=\"https:\/\/www.hfea.gov.uk\/\" target=\"_blank\" rel=\"noopener\">www.hfea.gov.uk<\/a> contiene m\u00e1s informaci\u00f3n sobre la donaci\u00f3n de \u00f3vulos o embriones y la gestaci\u00f3n subrogada.<\/p><p>Las organizaciones enumeradas <a href=\"https:\/\/cancerfertilityandme.org.uk\/es\/home\/contactos-utiles-2\/\">aqu\u00ed <\/a>incluyen informaci\u00f3n y apoyo para las personas interesadas en la crianza temporal y la adopci\u00f3n.<\/p><p><strong>Las siguientes preguntas te pueden ayudar a hablar sobre planificaci\u00f3n familiar despu\u00e9s del c\u00e1ncer con tu equipo de atenci\u00f3n al c\u00e1ncer o tu m\u00e9dico de cabecera:<\/strong><\/p><ul><li>C\u00f3mo puedo saber si soy f\u00e9rtil despu\u00e9s del tratamiento contra el c\u00e1ncer?<\/li><li>\u00bfCu\u00e1nto tiempo debo esperar para saber si soy f\u00e9rtil?<\/li><li>Hay alg\u00fan test que pueda hacer para saber si soy f\u00e9rtil despu\u00e9s del tratamiento contra el c\u00e1ncer?<\/li><li>\u00bfPodr\u00eda volver a tener c\u00e1ncer si me quedo embarazada en el futuro?<\/li><li>Si todav\u00eda soy f\u00e9rtil y puedo quedarme embarazada, \u00bfcu\u00e1nto tiempo debo esperar despu\u00e9s del tratamiento?<\/li><li>Si me quedo embarazada despu\u00e9s del tratamiento contra el c\u00e1ncer, \u00bftiene mi hijo m\u00e1s posibilidades de tener c\u00e1ncer?<\/li><li>Si no hace ning\u00fan tratamiento para la preservaci\u00f3n de la fertilidad, \u00bftengo todav\u00eda posibilidades de quedarme embarazada?<\/li><\/ul>\t\t\t\t\t\t\t\t<\/div>\n\t\t\t\t<\/div>\n\t\t\t\t<\/div>\n\t\t<div class=\"elementor-element elementor-element-70a0f153 e-con-full e-flex e-con e-child\" data-id=\"70a0f153\" data-element_type=\"container\" data-e-type=\"container\">\n\t\t<div class=\"elementor-element elementor-element-2958a1d3 e-con-full e-flex e-con e-child\" data-id=\"2958a1d3\" data-element_type=\"container\" data-e-type=\"container\">\n\t\t\t\t<div class=\"elementor-element elementor-element-591329c4 elementor-widget elementor-widget-image\" data-id=\"591329c4\" data-element_type=\"widget\" data-e-type=\"widget\" data-widget_type=\"image.default\">\n\t\t\t\t<div class=\"elementor-widget-container\">\n\t\t\t\t\t\t\t\t\t\t\t\t\t\t\t\t<a href=\"http:\/\/.\/\">\n\t\t\t\t\t\t\t<img decoding=\"async\" width=\"200\" height=\"200\" src=\"https:\/\/cancerfertilityandme.org.uk\/wp-content\/uploads\/cancerfertilityandme-logo-header-young-women.png\" class=\"attachment-full size-full wp-image-333\" alt=\"\" srcset=\"https:\/\/cancerfertilityandme.org.uk\/wp-content\/uploads\/cancerfertilityandme-logo-header-young-women.png 200w, https:\/\/cancerfertilityandme.org.uk\/wp-content\/uploads\/cancerfertilityandme-logo-header-young-women-150x150.png 150w, https:\/\/cancerfertilityandme.org.uk\/wp-content\/uploads\/elementor\/thumbs\/cancerfertilityandme-logo-header-young-women-r4vfcv1ro149or8nkxzol3x986uodd6lq6no4gpb6w.png 100w\" sizes=\"(max-width: 200px) 100vw, 200px\" \/>\t\t\t\t\t\t\t\t<\/a>\n\t\t\t\t\t\t\t\t\t\t\t\t\t\t\t<\/div>\n\t\t\t\t<\/div>\n\t\t\t\t<\/div>\n\t\t<div class=\"elementor-element elementor-element-817e9ca e-con-full e-flex e-con e-child\" data-id=\"817e9ca\" data-element_type=\"container\" data-e-type=\"container\">\n\t\t\t\t<div class=\"elementor-element elementor-element-562636c3 elementor-widget elementor-widget-heading\" data-id=\"562636c3\" data-element_type=\"widget\" data-e-type=\"widget\" data-widget_type=\"heading.default\">\n\t\t\t\t<div class=\"elementor-widget-container\">\n\t\t\t\t\t<h3 class=\"elementor-heading-title elementor-size-default\">Siga estos enlaces para obtener m\u00e1s informaci\u00f3n<\/h3>\t\t\t\t<\/div>\n\t\t\t\t<\/div>\n\t\t\t\t<div class=\"elementor-element elementor-element-44a325b5 elementor-nav-menu--dropdown-none elementor-widget elementor-widget-nav-menu\" data-id=\"44a325b5\" data-element_type=\"widget\" data-e-type=\"widget\" data-settings=\"{&quot;layout&quot;:&quot;vertical&quot;,&quot;submenu_icon&quot;:{&quot;value&quot;:&quot;&lt;svg aria-hidden=\\&quot;true\\&quot; class=\\&quot;e-font-icon-svg e-fas-caret-down\\&quot; viewBox=\\&quot;0 0 320 512\\&quot; xmlns=\\&quot;http:\\\/\\\/www.w3.org\\\/2000\\\/svg\\&quot;&gt;&lt;path d=\\&quot;M31.3 192h257.3c17.8 0 26.7 21.5 14.1 34.1L174.1 354.8c-7.8 7.8-20.5 7.8-28.3 0L17.2 226.1C4.6 213.5 13.5 192 31.3 192z\\&quot;&gt;&lt;\\\/path&gt;&lt;\\\/svg&gt;&quot;,&quot;library&quot;:&quot;fa-solid&quot;}}\" data-widget_type=\"nav-menu.default\">\n\t\t\t\t<div class=\"elementor-widget-container\">\n\t\t\t\t\t\t\t\t<nav aria-label=\"Menu\" class=\"elementor-nav-menu--main elementor-nav-menu__container elementor-nav-menu--layout-vertical e--pointer-none\">\n\t\t\t\t<ul id=\"menu-1-44a325b5\" class=\"elementor-nav-menu sm-vertical\"><li class=\"menu-item menu-item-type-post_type menu-item-object-page menu-item-8524\"><a href=\"https:\/\/cancerfertilityandme.org.uk\/young-women\/making-your-decision\/\" class=\"elementor-item\">Decidir si se va a preservar o no la fertilidad<\/a><\/li>\n<li class=\"menu-item menu-item-type-post_type menu-item-object-page menu-item-8525\"><a href=\"https:\/\/cancerfertilityandme.org.uk\/young-women\/making-your-decision\/talking-about-fertility-preservation\/\" class=\"elementor-item\">Hablar sobre la preservaci\u00f3n de la fertilidad.<\/a><\/li>\n<li class=\"menu-item menu-item-type-post_type menu-item-object-page menu-item-8526\"><a href=\"https:\/\/cancerfertilityandme.org.uk\/young-women\/making-your-decision\/talking-about-fertility-preservation-decision-with-others\/\" class=\"elementor-item\">Hablar de la decisi\u00f3n de preservaci\u00f3n de la fertilidad con otras personas<\/a><\/li>\n<\/ul>\t\t\t<\/nav>\n\t\t\t\t\t\t<nav class=\"elementor-nav-menu--dropdown elementor-nav-menu__container\" aria-hidden=\"true\">\n\t\t\t\t<ul id=\"menu-2-44a325b5\" class=\"elementor-nav-menu sm-vertical\"><li class=\"menu-item menu-item-type-post_type menu-item-object-page menu-item-8524\"><a href=\"https:\/\/cancerfertilityandme.org.uk\/young-women\/making-your-decision\/\" class=\"elementor-item\" tabindex=\"-1\">Decidir si se va a preservar o no la fertilidad<\/a><\/li>\n<li class=\"menu-item menu-item-type-post_type menu-item-object-page menu-item-8525\"><a href=\"https:\/\/cancerfertilityandme.org.uk\/young-women\/making-your-decision\/talking-about-fertility-preservation\/\" class=\"elementor-item\" tabindex=\"-1\">Hablar sobre la preservaci\u00f3n de la fertilidad.<\/a><\/li>\n<li class=\"menu-item menu-item-type-post_type menu-item-object-page menu-item-8526\"><a href=\"https:\/\/cancerfertilityandme.org.uk\/young-women\/making-your-decision\/talking-about-fertility-preservation-decision-with-others\/\" class=\"elementor-item\" tabindex=\"-1\">Hablar de la decisi\u00f3n de preservaci\u00f3n de la fertilidad con otras personas<\/a><\/li>\n<\/ul>\t\t\t<\/nav>\n\t\t\t\t\t\t<\/div>\n\t\t\t\t<\/div>\n\t\t\t\t<\/div>\n\t\t\t\t<\/div>\n\t\t\t\t\t<\/div>\n\t\t\t\t<\/main>\n\t\t\t\t<\/div>\n\t\t","protected":false},"excerpt":{"rendered":"<p>Otras decisiones sobre la fertilidad a considerar Hasta ahora, el objetivo principal de este sitio web ha sido ayudarle a tomar las decisiones correctas sobre la preservaci\u00f3n de la fertilidad antes de comenzar el tratamiento contra el c\u00e1ncer. esta secci\u00f3n proporciona informaci\u00f3n sobre la anticoncepci\u00f3n y las decisiones de planificaci\u00f3n familiar que puedes querer tomar, [&hellip;]<\/p>\n","protected":false},"author":1,"featured_media":0,"parent":7877,"menu_order":0,"comment_status":"open","ping_status":"closed","template":"","meta":{"footnotes":""},"class_list":["post-11688","page","type-page","status-publish","hentry"],"_links":{"self":[{"href":"https:\/\/cancerfertilityandme.org.uk\/es\/wp-json\/wp\/v2\/pages\/11688","targetHints":{"allow":["GET"]}}],"collection":[{"href":"https:\/\/cancerfertilityandme.org.uk\/es\/wp-json\/wp\/v2\/pages"}],"about":[{"href":"https:\/\/cancerfertilityandme.org.uk\/es\/wp-json\/wp\/v2\/types\/page"}],"author":[{"embeddable":true,"href":"https:\/\/cancerfertilityandme.org.uk\/es\/wp-json\/wp\/v2\/users\/1"}],"replies":[{"embeddable":true,"href":"https:\/\/cancerfertilityandme.org.uk\/es\/wp-json\/wp\/v2\/comments?post=11688"}],"version-history":[{"count":5,"href":"https:\/\/cancerfertilityandme.org.uk\/es\/wp-json\/wp\/v2\/pages\/11688\/revisions"}],"predecessor-version":[{"id":11796,"href":"https:\/\/cancerfertilityandme.org.uk\/es\/wp-json\/wp\/v2\/pages\/11688\/revisions\/11796"}],"up":[{"embeddable":true,"href":"https:\/\/cancerfertilityandme.org.uk\/es\/wp-json\/wp\/v2\/pages\/7877"}],"wp:attachment":[{"href":"https:\/\/cancerfertilityandme.org.uk\/es\/wp-json\/wp\/v2\/media?parent=11688"}],"curies":[{"name":"wp","href":"https:\/\/api.w.org\/{rel}","templated":true}]}}