{"id":8430,"date":"2023-04-06T17:07:14","date_gmt":"2023-04-06T17:07:14","guid":{"rendered":"https:\/\/cancerfertilityandme.org.uk\/das-team-2\/"},"modified":"2026-03-27T15:20:48","modified_gmt":"2026-03-27T15:20:48","slug":"das-team-2","status":"publish","type":"page","link":"https:\/\/cancerfertilityandme.org.uk\/de\/junge-frauen\/nuetzliche-kontakte-2\/das-team-2\/","title":{"rendered":"Das Team"},"content":{"rendered":"\t\t<div data-elementor-type=\"wp-page\" data-elementor-id=\"8430\" class=\"elementor elementor-8430 elementor-7825\" data-elementor-post-type=\"page\">\n\t\t\t\t<main class=\"elementor-element elementor-element-6e4df8a5 e-flex e-con-boxed e-con e-parent\" data-id=\"6e4df8a5\" data-element_type=\"container\" data-e-type=\"container\">\n\t\t\t\t\t<div class=\"e-con-inner\">\n\t\t<div class=\"elementor-element elementor-element-3796184 e-con-full e-flex e-con e-child\" data-id=\"3796184\" data-element_type=\"container\" data-e-type=\"container\">\n\t\t\t\t<div class=\"elementor-element elementor-element-681d3514 elementor-widget elementor-widget-text-editor\" data-id=\"681d3514\" data-element_type=\"widget\" data-e-type=\"widget\" data-widget_type=\"text-editor.default\">\n\t\t\t\t<div class=\"elementor-widget-container\">\n\t\t\t\t\t\t\t\t\t<h2>Das Team<\/h2><p>Frauen, die an Krebs erkrankt sind, baten um Informationen, die ihnen dabei helfen sollen, \u00fcber die Behandlungen nachzudenken, die zum Erhalt ihrer Fruchtbarkeit beitragen k\u00f6nnen, und die sie darauf vorbereiten, mit ihrem Krebsteam und ihrem Fruchtbarkeitsteam, ihrem Partner, ihrer Familie und ihren Freunden \u00fcber den Erhalt der Fruchtbarkeit zu sprechen, bevor ihre Krebsbehandlung beginnt.<\/p><p>Diese Webseite wurde vom Team Cancer, Fertility and Me (CFM) verfasst, um Frauen mit Krebs zu helfen, Entscheidungen \u00fcber die Erhaltung der Fruchtbarkeit vor Beginn ihrer Krebsbehandlung zu treffen.<\/p><p>Das CFM-Team besteht aus Psychologen, Wissenschaftlern, Forschern, \u00c4rzten f\u00fcr Kinder- und Erwachsenenkrebs und Fruchtbarkeit, Fachkrankenschwestern, Patientenpartnern und lokalen und nationalen Wohlt\u00e4tigkeitsorganisationen.<\/p><p>Wir hoffen, dass diese Webseite Sie dabei unterst\u00fctzt, die verf\u00fcgbaren Optionen zu kennen und die f\u00fcr Sie beste Entscheidung zu treffen.<\/p><p>Das CFM-Forschungsteam dankt allen Patienten, Nutzergruppen und Angeh\u00f6rigen der Gesundheitsberufe, die ihre Zeit und ihr Fachwissen f\u00fcr die Entwicklung dieser Webseite zur Verf\u00fcgung gestellt haben.<\/p>\t\t\t\t\t\t\t\t<\/div>\n\t\t\t\t<\/div>\n\t\t<div class=\"elementor-element elementor-element-7c70424 e-con-full e-flex e-con e-child\" data-id=\"7c70424\" data-element_type=\"container\" data-e-type=\"container\" data-settings=\"{&quot;background_background&quot;:&quot;classic&quot;}\">\n\t\t\t\t<div class=\"elementor-element elementor-element-c1ba87a elementor-widget elementor-widget-text-editor\" data-id=\"c1ba87a\" data-element_type=\"widget\" data-e-type=\"widget\" data-widget_type=\"text-editor.default\">\n\t\t\t\t<div class=\"elementor-widget-container\">\n\t\t\t\t\t\t\t\t\t<p><strong>Update policy<\/strong><\/p>\n<p>Die Entwicklung dieser Ressource wurde von der Leeds Beckett University und Yorkshire Cancer Research finanziert. Die Mitglieder des CFM-Forschungsteams haben weder einen Vorteil noch einen Nachteil durch die Nutzung dieser Ressource. <\/p>\n<p>Es wurde alle Anstrengung unternommen, um sicherzustellen, dass diese Ressource zum Zeitpunkt der Ver\u00f6ffentlichung (Oktober 2021) aktuelle und genaue Informationen bereitstellt. Das CFM-Team wird fortlaufend neue Erkenntnisse pr\u00fcfen, um die Richtigkeit der bereitgestellten Informationen zu gew\u00e4hrleisten. Das CFM-Team wird sich bem\u00fchen, die Ressource j\u00e4hrlich zu aktualisieren, es sei denn, neue Erkenntnisse erfordern eine fr\u00fchere Aktualisierung. Die n\u00e4chste geplante Aktualisierung ist f\u00fcr Dezember 2026 vorgesehen.   <\/p>\t\t\t\t\t\t\t\t<\/div>\n\t\t\t\t<\/div>\n\t\t\t\t<\/div>\n\t\t\t\t<\/div>\n\t\t<div class=\"elementor-element elementor-element-313f5f1e e-con-full e-flex e-con e-child\" data-id=\"313f5f1e\" data-element_type=\"container\" data-e-type=\"container\">\n\t\t<div class=\"elementor-element elementor-element-424316e e-con-full e-flex e-con e-child\" data-id=\"424316e\" data-element_type=\"container\" data-e-type=\"container\">\n\t\t\t\t<div class=\"elementor-element elementor-element-28f6ca7b elementor-widget elementor-widget-image\" data-id=\"28f6ca7b\" data-element_type=\"widget\" data-e-type=\"widget\" data-widget_type=\"image.default\">\n\t\t\t\t<div class=\"elementor-widget-container\">\n\t\t\t\t\t\t\t\t\t\t\t\t\t\t\t\t<a href=\"http:\/\/.\/\">\n\t\t\t\t\t\t\t<img decoding=\"async\" width=\"200\" height=\"200\" src=\"https:\/\/cancerfertilityandme.org.uk\/wp-content\/uploads\/cancerfertilityandme-logo-header-young-women.png\" class=\"attachment-full size-full wp-image-3191\" alt=\"\" srcset=\"https:\/\/cancerfertilityandme.org.uk\/wp-content\/uploads\/cancerfertilityandme-logo-header-young-women.png 200w, https:\/\/cancerfertilityandme.org.uk\/wp-content\/uploads\/cancerfertilityandme-logo-header-young-women-150x150.png 150w, https:\/\/cancerfertilityandme.org.uk\/wp-content\/uploads\/elementor\/thumbs\/cancerfertilityandme-logo-header-young-women-r4vfcv1ro149or8nkxzol3x986uodd6lq6no4gpb6w.png 100w\" sizes=\"(max-width: 200px) 100vw, 200px\" \/>\t\t\t\t\t\t\t\t<\/a>\n\t\t\t\t\t\t\t\t\t\t\t\t\t\t\t<\/div>\n\t\t\t\t<\/div>\n\t\t\t\t<\/div>\n\t\t<div class=\"elementor-element elementor-element-1ab6d1d9 e-con-full e-flex e-con e-child\" data-id=\"1ab6d1d9\" data-element_type=\"container\" data-e-type=\"container\">\n\t\t\t\t<div class=\"elementor-element elementor-element-18f86fa4 elementor-widget elementor-widget-heading\" data-id=\"18f86fa4\" data-element_type=\"widget\" data-e-type=\"widget\" data-widget_type=\"heading.default\">\n\t\t\t\t<div class=\"elementor-widget-container\">\n\t\t\t\t\t<h3 class=\"elementor-heading-title elementor-size-default\">\u00dcber folgenden Link gelangen Sie zu weiteren Informationen<\/h3>\t\t\t\t<\/div>\n\t\t\t\t<\/div>\n\t\t\t\t<div class=\"elementor-element elementor-element-744a813f elementor-nav-menu--dropdown-none elementor-widget elementor-widget-nav-menu\" data-id=\"744a813f\" data-element_type=\"widget\" data-e-type=\"widget\" data-settings=\"{&quot;layout&quot;:&quot;vertical&quot;,&quot;submenu_icon&quot;:{&quot;value&quot;:&quot;&lt;svg aria-hidden=\\&quot;true\\&quot; class=\\&quot;e-font-icon-svg e-fas-caret-down\\&quot; viewBox=\\&quot;0 0 320 512\\&quot; xmlns=\\&quot;http:\\\/\\\/www.w3.org\\\/2000\\\/svg\\&quot;&gt;&lt;path d=\\&quot;M31.3 192h257.3c17.8 0 26.7 21.5 14.1 34.1L174.1 354.8c-7.8 7.8-20.5 7.8-28.3 0L17.2 226.1C4.6 213.5 13.5 192 31.3 192z\\&quot;&gt;&lt;\\\/path&gt;&lt;\\\/svg&gt;&quot;,&quot;library&quot;:&quot;fa-solid&quot;}}\" data-widget_type=\"nav-menu.default\">\n\t\t\t\t<div class=\"elementor-widget-container\">\n\t\t\t\t\t\t\t\t<nav aria-label=\"Menu\" class=\"elementor-nav-menu--main elementor-nav-menu__container elementor-nav-menu--layout-vertical e--pointer-none\">\n\t\t\t\t<ul id=\"menu-1-744a813f\" class=\"elementor-nav-menu sm-vertical\"><li class=\"menu-item menu-item-type-post_type menu-item-object-page menu-item-8527\"><a href=\"https:\/\/cancerfertilityandme.org.uk\/young-women\/other-information-and-contacts\/\" class=\"elementor-item\">N\u00fctzliche Kontakte<\/a><\/li>\n<li class=\"menu-item menu-item-type-post_type menu-item-object-page menu-item-8528\"><a href=\"https:\/\/cancerfertilityandme.org.uk\/young-women\/other-information-and-contacts\/the-cfm-team\/\" class=\"elementor-item\">Das Team<\/a><\/li>\n<li class=\"menu-item menu-item-type-post_type menu-item-object-page menu-item-8529\"><a href=\"https:\/\/cancerfertilityandme.org.uk\/young-women\/other-information-and-contacts\/download-the-booklet\/\" class=\"elementor-item\">CFM-Brosch\u00fcre herunterladen (auf Englisch)<\/a><\/li>\n<li class=\"menu-item menu-item-type-post_type menu-item-object-page menu-item-10566\"><a href=\"https:\/\/cancerfertilityandme.org.uk\/contact-us\/\" class=\"elementor-item\">Kontaktieren Sie uns<\/a><\/li>\n<\/ul>\t\t\t<\/nav>\n\t\t\t\t\t\t<nav class=\"elementor-nav-menu--dropdown elementor-nav-menu__container\" aria-hidden=\"true\">\n\t\t\t\t<ul id=\"menu-2-744a813f\" class=\"elementor-nav-menu sm-vertical\"><li class=\"menu-item menu-item-type-post_type menu-item-object-page menu-item-8527\"><a href=\"https:\/\/cancerfertilityandme.org.uk\/young-women\/other-information-and-contacts\/\" class=\"elementor-item\" tabindex=\"-1\">N\u00fctzliche Kontakte<\/a><\/li>\n<li class=\"menu-item menu-item-type-post_type menu-item-object-page menu-item-8528\"><a href=\"https:\/\/cancerfertilityandme.org.uk\/young-women\/other-information-and-contacts\/the-cfm-team\/\" class=\"elementor-item\" tabindex=\"-1\">Das Team<\/a><\/li>\n<li class=\"menu-item menu-item-type-post_type menu-item-object-page menu-item-8529\"><a href=\"https:\/\/cancerfertilityandme.org.uk\/young-women\/other-information-and-contacts\/download-the-booklet\/\" class=\"elementor-item\" tabindex=\"-1\">CFM-Brosch\u00fcre herunterladen (auf Englisch)<\/a><\/li>\n<li class=\"menu-item menu-item-type-post_type menu-item-object-page menu-item-10566\"><a href=\"https:\/\/cancerfertilityandme.org.uk\/contact-us\/\" class=\"elementor-item\" tabindex=\"-1\">Kontaktieren Sie uns<\/a><\/li>\n<\/ul>\t\t\t<\/nav>\n\t\t\t\t\t\t<\/div>\n\t\t\t\t<\/div>\n\t\t\t\t<\/div>\n\t\t\t\t<\/div>\n\t\t\t\t\t<\/div>\n\t\t\t\t<\/main>\n\t\t\t\t<\/div>\n\t\t","protected":false},"excerpt":{"rendered":"<p>Das Team Frauen, die an Krebs erkrankt sind, baten um Informationen, die ihnen dabei helfen sollen, \u00fcber die Behandlungen nachzudenken, die zum Erhalt ihrer Fruchtbarkeit beitragen k\u00f6nnen, und die sie darauf vorbereiten, mit ihrem Krebsteam und ihrem Fruchtbarkeitsteam, ihrem Partner, ihrer Familie und ihren Freunden \u00fcber den Erhalt der Fruchtbarkeit zu sprechen, bevor ihre Krebsbehandlung [&hellip;]<\/p>\n","protected":false},"author":1,"featured_media":0,"parent":8394,"menu_order":0,"comment_status":"open","ping_status":"closed","template":"","meta":{"footnotes":""},"class_list":["post-8430","page","type-page","status-publish","hentry"],"_links":{"self":[{"href":"https:\/\/cancerfertilityandme.org.uk\/de\/wp-json\/wp\/v2\/pages\/8430","targetHints":{"allow":["GET"]}}],"collection":[{"href":"https:\/\/cancerfertilityandme.org.uk\/de\/wp-json\/wp\/v2\/pages"}],"about":[{"href":"https:\/\/cancerfertilityandme.org.uk\/de\/wp-json\/wp\/v2\/types\/page"}],"author":[{"embeddable":true,"href":"https:\/\/cancerfertilityandme.org.uk\/de\/wp-json\/wp\/v2\/users\/1"}],"replies":[{"embeddable":true,"href":"https:\/\/cancerfertilityandme.org.uk\/de\/wp-json\/wp\/v2\/comments?post=8430"}],"version-history":[{"count":3,"href":"https:\/\/cancerfertilityandme.org.uk\/de\/wp-json\/wp\/v2\/pages\/8430\/revisions"}],"predecessor-version":[{"id":12617,"href":"https:\/\/cancerfertilityandme.org.uk\/de\/wp-json\/wp\/v2\/pages\/8430\/revisions\/12617"}],"up":[{"embeddable":true,"href":"https:\/\/cancerfertilityandme.org.uk\/de\/wp-json\/wp\/v2\/pages\/8394"}],"wp:attachment":[{"href":"https:\/\/cancerfertilityandme.org.uk\/de\/wp-json\/wp\/v2\/media?parent=8430"}],"curies":[{"name":"wp","href":"https:\/\/api.w.org\/{rel}","templated":true}]}}