{"id":8418,"date":"2023-04-03T09:37:20","date_gmt":"2023-04-03T09:37:20","guid":{"rendered":"https:\/\/cancerfertilityandme.org.uk\/zusammenfassung-der-optionen-zur-fruchtbarkeitserhaltung\/"},"modified":"2026-02-03T16:10:03","modified_gmt":"2026-02-03T16:10:03","slug":"zusammenfassung-der-optionen-zur-fruchtbarkeitserhaltung","status":"publish","type":"page","link":"https:\/\/cancerfertilityandme.org.uk\/de\/junge-frauen\/erhaltung-der-fruchtbarkeit\/zusammenfassung-der-optionen-zur-fruchtbarkeitserhaltung\/","title":{"rendered":"Zusammenfassung der Optionen"},"content":{"rendered":"\t\t<div data-elementor-type=\"wp-page\" data-elementor-id=\"8418\" class=\"elementor elementor-8418 elementor-7787\" data-elementor-post-type=\"page\">\n\t\t\t\t<main class=\"elementor-element elementor-element-bb6f8c8 e-flex e-con-boxed e-con e-parent\" data-id=\"bb6f8c8\" data-element_type=\"container\" data-e-type=\"container\">\n\t\t\t\t\t<div class=\"e-con-inner\">\n\t\t<div class=\"elementor-element elementor-element-31d7576f e-con-full e-flex e-con e-child\" data-id=\"31d7576f\" data-element_type=\"container\" data-e-type=\"container\">\n\t\t\t\t<div class=\"elementor-element elementor-element-71be500d elementor-widget elementor-widget-text-editor\" data-id=\"71be500d\" data-element_type=\"widget\" data-e-type=\"widget\" data-widget_type=\"text-editor.default\">\n\t\t\t\t<div class=\"elementor-widget-container\">\n\t\t\t\t\t\t\t\t\t<h2>Zusammenfassung der Optionen zur Fruchtbarkeitserhaltung<\/h2>\t\t\t\t\t\t\t\t<\/div>\n\t\t\t\t<\/div>\n\t\t<div class=\"elementor-element elementor-element-17242a8f e-con-full e-flex e-con e-child\" data-id=\"17242a8f\" data-element_type=\"container\" data-e-type=\"container\" data-settings=\"{&quot;background_background&quot;:&quot;classic&quot;}\">\n\t\t\t\t<div class=\"elementor-element elementor-element-7a624f47 elementor-widget elementor-widget-text-editor\" data-id=\"7a624f47\" data-element_type=\"widget\" data-e-type=\"widget\" data-widget_type=\"text-editor.default\">\n\t\t\t\t<div class=\"elementor-widget-container\">\n\t\t\t\t\t\t\t\t\t<h2 style=\"text-align: center;\">Keine Fruchtbarkeitserhaltung<\/h2><hr><p><strong>F\u00fcr wen ist sie geeignet?<\/strong><\/p><p>Frauen, die erst einmal abwarten m\u00f6chten; die bereits eine Familie gegr\u00fcndet haben; die sofort mit der Krebsbehandlung beginnen m\u00fcssen; die nach der Krebsbehandlung nicht schwanger werden m\u00f6chten; f\u00fcr die keine M\u00f6glichkeiten der Fruchtbarkeitserhaltung zur Verf\u00fcgung stehen.<\/p><p><strong>Chancen ein Baby zu bekommen<\/strong><\/p><p>Variabel. H\u00e4ngt davon ab, wie Ihre Eierst\u00f6cke durch die Krebsbehandlung beeintr\u00e4chtigt wurden. <\/p><p><strong>Auswirkungen auf die Gesundheit des Babys<\/strong><\/p><p>Keine Auswirkung.<\/p><p><strong>Nebenwirkungen der Fruchtbarkeitsbehandlung<\/strong><\/p><p>Keine Nebenwirkungen der Fruchtbarkeitsbehandlung.<\/p><p><strong>Verz\u00f6gerung des Beginns der Krebsbehandlung<\/strong><\/p><p>Keine Verz\u00f6gerung.<\/p><p><strong>Auswirkung auf das Wiederauftreten des Krebses<\/strong><\/p><p>Keine Auswirkung.<\/p>\t\t\t\t\t\t\t\t<\/div>\n\t\t\t\t<\/div>\n\t\t\t\t<\/div>\n\t\t<div class=\"elementor-element elementor-element-1046368 e-con-full e-flex e-con e-child\" data-id=\"1046368\" data-element_type=\"container\" data-e-type=\"container\" data-settings=\"{&quot;background_background&quot;:&quot;classic&quot;}\">\n\t\t\t\t<div class=\"elementor-element elementor-element-8bc7445 elementor-widget elementor-widget-text-editor\" data-id=\"8bc7445\" data-element_type=\"widget\" data-e-type=\"widget\" data-widget_type=\"text-editor.default\">\n\t\t\t\t<div class=\"elementor-widget-container\">\n\t\t\t\t\t\t\t\t\t<h2 style=\"text-align: center;\">Einfrieren von Eizellen<\/h2><hr><p><strong>F\u00fcr wen ist sie geeignet?<\/strong><\/p><p>Frauen, die keinen Partner haben; die keine Samenspende in Anspruch nehmen wollen; die sich aufgrund ihrer \u00dcberzeugungen nicht f\u00fcr das Einfrieren von Embryonen entscheiden; die Zeit haben, vor Beginn der Krebsbehandlung einen Zyklus der Fruchtbarkeitsbehandlung zu durchlaufen.<\/p><p><strong>Chancen ein Baby zu bekommen<\/strong><\/p><p>Variabel. Frauen unter 35 Jahren, die 10 Eizellen einfrieren lassen, haben eine etwa 40 %ige Chance, ein Kind zu bekommen. Frauen, die \u00e4lter als 35 Jahre sind, haben eine geringere Chance.  Die Anzahl der entnommenen Eizellen. Frauen, denen mehr Eizellen entnommen werden, haben eine h\u00f6here Chance.<\/p><p><strong>Auswirkungen auf die Gesundheit des Babys<\/strong><\/p><p>Keine Daten, die darauf hindeuten, dass die Gesundheit des Babys beeintr\u00e4chtigt wird.<\/p><p><strong>Nebenwirkungen der Fruchtbarkeitsbehandlung<\/strong><\/p><p>Kopfschmerzen, Stimmungsschwankungen, Hitzewallungen und Hautreizungen; Anstieg des Hormonspiegels von \u00d6strogen (nicht sicher f\u00fcr Frauen mit \u00f6strogenempfindlichem Brustkrebs); Infektions- oder Blutungsrisiko; Sch\u00e4digung anderer Beckenstrukturen (nicht sicher f\u00fcr Frauen mit Beckenkrebs).<\/p><p><strong>Verz\u00f6gerung des Beginns der Krebsbehandlung<\/strong><\/p><p>Etwa drei Wochen.<\/p><p><strong>Auswirkung auf das Wiederauftreten des Krebses<\/strong><\/p><p>Es gibt keine Daten, die darauf hindeuten, dass dies die Wahrscheinlichkeit des Wiederauftretens des Krebses beeinflusst.<\/p>\t\t\t\t\t\t\t\t<\/div>\n\t\t\t\t<\/div>\n\t\t\t\t<\/div>\n\t\t<div class=\"elementor-element elementor-element-ccfa96b e-con-full e-flex e-con e-child\" data-id=\"ccfa96b\" data-element_type=\"container\" data-e-type=\"container\" data-settings=\"{&quot;background_background&quot;:&quot;classic&quot;}\">\n\t\t\t\t<div class=\"elementor-element elementor-element-d839781 elementor-widget elementor-widget-text-editor\" data-id=\"d839781\" data-element_type=\"widget\" data-e-type=\"widget\" data-widget_type=\"text-editor.default\">\n\t\t\t\t<div class=\"elementor-widget-container\">\n\t\t\t\t\t\t\t\t\t<h2 style=\"text-align: center;\">Einfrieren von Embryonen<\/h2><hr><p><strong>F\u00fcr wen ist sie geeignet?<\/strong><\/p><p>Frauen, die vor Beginn der Krebsbehandlung noch Zeit f\u00fcr einen Zyklus der Fruchtbarkeitsbehandlung haben; Frauen mit einem m\u00e4nnlichen Partner, da f\u00fcr die Befruchtung sowohl Eizellen als auch Spermien ben\u00f6tigt werden.<\/p><p><strong>Chancen ein Baby zu bekommen<\/strong><\/p><p>Variabel. Junge Frauen unter 35 Jahren, die 10 Eizellen einlagern, haben eine etwa 50%ige Chance, ein Baby zu bekommen. Frauen, die \u00e4lter als 35 Jahre sind, haben eine geringere Chance.  Die Anzahl der entnommenen Eizellen. Frauen, denen mehr Eizellen entnommen werden, haben eine h\u00f6here Chance.<\/p><p><strong>Auswirkungen auf die Gesundheit des Babys<\/strong><\/p><p>Keine Daten, die darauf hindeuten, dass die Gesundheit des Babys beeintr\u00e4chtigt wird.<\/p><p><strong>Nebenwirkungen der Fruchtbarkeitsbehandlung<\/strong><\/p><p>Kopfschmerzen, Stimmungsschwankungen, Hitzewallungen und Hautreizungen; Anstieg des Hormonspiegels von \u00d6strogen (nicht sicher f\u00fcr Frauen mit \u00f6strogenempfindlichem Brustkrebs); Infektions- oder Blutungsrisiko; Sch\u00e4digung anderer Beckenstrukturen (nicht sicher f\u00fcr Frauen mit Beckenkrebs).<\/p><p><strong>Verz\u00f6gerung des Beginns der Krebsbehandlung<\/strong><\/p><p>Etwa drei Wochen.<\/p><p><strong>Auswirkung auf das Wiederauftreten des Krebses<\/strong><\/p><p>Es gibt keine Daten, die darauf hindeuten, dass dies die Wahrscheinlichkeit des Wiederauftretens des Krebses beeinflusst.<\/p>\t\t\t\t\t\t\t\t<\/div>\n\t\t\t\t<\/div>\n\t\t\t\t<\/div>\n\t\t<div class=\"elementor-element elementor-element-334a91e e-con-full e-flex e-con e-child\" data-id=\"334a91e\" data-element_type=\"container\" data-e-type=\"container\" data-settings=\"{&quot;background_background&quot;:&quot;classic&quot;}\">\n\t\t\t\t<div class=\"elementor-element elementor-element-e571999 elementor-widget elementor-widget-text-editor\" data-id=\"e571999\" data-element_type=\"widget\" data-e-type=\"widget\" data-widget_type=\"text-editor.default\">\n\t\t\t\t<div class=\"elementor-widget-container\">\n\t\t\t\t\t\t\t\t\t<h2 style=\"text-align: center;\">Einfrieren von Eierstockgewebe<\/h2><hr><p><strong>F\u00fcr wen ist sie geeignet?<\/strong><\/p><p>Frauen, die keine Zeit haben, Embryonen oder Eizellen einzufrieren; die keine Fruchtbarkeitsmedikamente verwenden k\u00f6nnen; die die M\u00f6glichkeit einer nat\u00fcrlichen Empf\u00e4ngnis zu einem sp\u00e4teren Zeitpunkt bevorzugen; M\u00e4dchen, die noch nicht die Pubert\u00e4t erreicht haben.<\/p><p><strong>Chancen ein Baby zu bekommen<\/strong><\/p><p>Neuere Methode zur Erhaltung der Fruchtbarkeit. Lebendgeburtenrate von etwa 30 von 100 (30 %) weltweit. <\/p><p><strong>Auswirkungen auf die Gesundheit des Babys<\/strong><\/p><p>Keine Daten, die darauf hindeuten, dass die Gesundheit des Babys beeintr\u00e4chtigt wird.<\/p><p><strong>Nebenwirkungen der Fruchtbarkeitsbehandlung<\/strong><\/p><p>Da es sich um einen chirurgischen Eingriff handelt, besteht die Gefahr von Blasen- oder Darmverletzungen, Infektionen oder Blutungen. Es besteht die M\u00f6glichkeit, dass mit dem eingefrorenen Eierstockgewebe wieder Krebszellen in den K\u00f6rper gelangen Vor der Verwendung des Gewebes wird es auf Krebszellen untersucht, so dass es m\u00f6glicherweise nicht autotransplantiert werden kann.  <\/p><p><strong>Verz\u00f6gerung des Beginns der Krebsbehandlung<\/strong><\/p><p>Wahrscheinlich keine oder nur ein paar Tage.<\/p><p><strong>Auswirkung auf das Wiederauftreten des Krebses<\/strong><\/p><p>Es gibt keine Daten, die darauf hindeuten, dass dies die Wahrscheinlichkeit des Wiederauftretens des Krebses beeinflusst.<\/p>\t\t\t\t\t\t\t\t<\/div>\n\t\t\t\t<\/div>\n\t\t\t\t<\/div>\n\t\t<div class=\"elementor-element elementor-element-e4356e6 e-con-full e-flex e-con e-child\" data-id=\"e4356e6\" data-element_type=\"container\" data-e-type=\"container\" data-settings=\"{&quot;background_background&quot;:&quot;classic&quot;}\">\n\t\t\t\t<div class=\"elementor-element elementor-element-1142578 elementor-widget elementor-widget-text-editor\" data-id=\"1142578\" data-element_type=\"widget\" data-e-type=\"widget\" data-widget_type=\"text-editor.default\">\n\t\t\t\t<div class=\"elementor-widget-container\">\n\t\t\t\t\t\t\t\t\t<h2 style=\"text-align: center;\">Unterdr\u00fcckung der Eierst\u00f6cke<\/h2><hr><p><strong>F\u00fcr wen ist sie geeignet?<\/strong><\/p><p>Frauen, die sich einer Chemotherapie unterziehen; M\u00e4dchen, die die Pubert\u00e4t erreicht haben.<\/p><p><strong>Chancen ein Baby zu bekommen<\/strong><\/p><p>Es ist unklar, ob diese Methode die Wahrscheinlichkeit erh\u00f6ht, dass Sie nach der Behandlung ein Kind bekommen k\u00f6nnen.<\/p><p><strong>Auswirkungen auf die Gesundheit des Babys<\/strong><\/p><p>Keine Daten, die darauf hindeuten, dass die Gesundheit des Babys beeintr\u00e4chtigt wird.<\/p><p><strong>Nebenwirkungen der Fruchtbarkeitsbehandlung<\/strong><\/p><p>Hitzewallungen, Stimmungsschwankungen, Schlafst\u00f6rungen, Scheidentrockenheit.<\/p><p><strong>Verz\u00f6gerung des Beginns der Krebsbehandlung<\/strong><\/p><p>Keine Verz\u00f6gerung.<\/p><p><strong>Auswirkung auf das Wiederauftreten des Krebses<\/strong><\/p><p>Keine Auswirkung.<\/p>\t\t\t\t\t\t\t\t<\/div>\n\t\t\t\t<\/div>\n\t\t\t\t<\/div>\n\t\t\t\t<\/div>\n\t\t<div class=\"elementor-element elementor-element-c66c18e e-con-full e-flex e-con e-child\" data-id=\"c66c18e\" data-element_type=\"container\" data-e-type=\"container\">\n\t\t<div class=\"elementor-element elementor-element-55ee779d e-con-full e-flex e-con e-child\" data-id=\"55ee779d\" data-element_type=\"container\" data-e-type=\"container\">\n\t\t\t\t<div class=\"elementor-element elementor-element-3513e626 elementor-widget elementor-widget-image\" data-id=\"3513e626\" data-element_type=\"widget\" data-e-type=\"widget\" data-widget_type=\"image.default\">\n\t\t\t\t<div class=\"elementor-widget-container\">\n\t\t\t\t\t\t\t\t\t\t\t\t\t\t\t\t<a href=\"http:\/\/.\/\">\n\t\t\t\t\t\t\t<img decoding=\"async\" width=\"200\" height=\"200\" src=\"https:\/\/cancerfertilityandme.org.uk\/wp-content\/uploads\/cancerfertilityandme-logo-header-young-women.png\" class=\"attachment-full size-full wp-image-3191\" alt=\"\" srcset=\"https:\/\/cancerfertilityandme.org.uk\/wp-content\/uploads\/cancerfertilityandme-logo-header-young-women.png 200w, https:\/\/cancerfertilityandme.org.uk\/wp-content\/uploads\/cancerfertilityandme-logo-header-young-women-150x150.png 150w, https:\/\/cancerfertilityandme.org.uk\/wp-content\/uploads\/elementor\/thumbs\/cancerfertilityandme-logo-header-young-women-r4vfcv1ro149or8nkxzol3x986uodd6lq6no4gpb6w.png 100w\" sizes=\"(max-width: 200px) 100vw, 200px\" \/>\t\t\t\t\t\t\t\t<\/a>\n\t\t\t\t\t\t\t\t\t\t\t\t\t\t\t<\/div>\n\t\t\t\t<\/div>\n\t\t\t\t<\/div>\n\t\t<div class=\"elementor-element elementor-element-320573dd e-con-full e-flex e-con e-child\" data-id=\"320573dd\" data-element_type=\"container\" data-e-type=\"container\">\n\t\t\t\t<div class=\"elementor-element elementor-element-26768a1 elementor-widget elementor-widget-heading\" data-id=\"26768a1\" data-element_type=\"widget\" data-e-type=\"widget\" data-widget_type=\"heading.default\">\n\t\t\t\t<div class=\"elementor-widget-container\">\n\t\t\t\t\t<h3 class=\"elementor-heading-title elementor-size-default\">\u00dcber folgenden Link gelangen Sie zu weiteren Informationen<\/h3>\t\t\t\t<\/div>\n\t\t\t\t<\/div>\n\t\t\t\t<div class=\"elementor-element elementor-element-56064d83 elementor-nav-menu--dropdown-none elementor-widget elementor-widget-nav-menu\" data-id=\"56064d83\" data-element_type=\"widget\" data-e-type=\"widget\" data-settings=\"{&quot;layout&quot;:&quot;vertical&quot;,&quot;submenu_icon&quot;:{&quot;value&quot;:&quot;&lt;svg aria-hidden=\\&quot;true\\&quot; class=\\&quot;e-font-icon-svg e-fas-caret-down\\&quot; viewBox=\\&quot;0 0 320 512\\&quot; xmlns=\\&quot;http:\\\/\\\/www.w3.org\\\/2000\\\/svg\\&quot;&gt;&lt;path d=\\&quot;M31.3 192h257.3c17.8 0 26.7 21.5 14.1 34.1L174.1 354.8c-7.8 7.8-20.5 7.8-28.3 0L17.2 226.1C4.6 213.5 13.5 192 31.3 192z\\&quot;&gt;&lt;\\\/path&gt;&lt;\\\/svg&gt;&quot;,&quot;library&quot;:&quot;fa-solid&quot;}}\" data-widget_type=\"nav-menu.default\">\n\t\t\t\t<div class=\"elementor-widget-container\">\n\t\t\t\t\t\t\t\t<nav aria-label=\"Menu\" class=\"elementor-nav-menu--main elementor-nav-menu__container elementor-nav-menu--layout-vertical e--pointer-none\">\n\t\t\t\t<ul id=\"menu-1-56064d83\" class=\"elementor-nav-menu sm-vertical\"><li class=\"menu-item menu-item-type-post_type menu-item-object-page menu-item-8511\"><a href=\"https:\/\/cancerfertilityandme.org.uk\/young-women\/fertility-preservation\/\" class=\"elementor-item\">Erhaltung der Fruchtbarkeit<\/a><\/li>\n<li class=\"menu-item menu-item-type-post_type menu-item-object-page menu-item-8514\"><a href=\"https:\/\/cancerfertilityandme.org.uk\/young-women\/fertility-preservation\/no-fertility-preservation\/\" class=\"elementor-item\">Keine Fruchtbarkeitserhaltung<\/a><\/li>\n<li class=\"menu-item menu-item-type-post_type menu-item-object-page menu-item-8512\"><a href=\"https:\/\/cancerfertilityandme.org.uk\/young-women\/fertility-preservation\/egg-freezing\/\" class=\"elementor-item\">Einfrieren von Eizellen<\/a><\/li>\n<li class=\"menu-item menu-item-type-post_type menu-item-object-page menu-item-8513\"><a href=\"https:\/\/cancerfertilityandme.org.uk\/young-women\/fertility-preservation\/embryo-freezing\/\" class=\"elementor-item\">Einfrieren von Embryonen<\/a><\/li>\n<li class=\"menu-item menu-item-type-post_type menu-item-object-page menu-item-8518\"><a href=\"https:\/\/cancerfertilityandme.org.uk\/young-women\/fertility-preservation\/ovarian-tissue-freezing\/\" class=\"elementor-item\">Einfrieren von Eierstockgewebe<\/a><\/li>\n<li class=\"menu-item menu-item-type-post_type menu-item-object-page menu-item-8515\"><a href=\"https:\/\/cancerfertilityandme.org.uk\/young-women\/fertility-preservation\/ovarian-suppression\/\" class=\"elementor-item\">Unterdr\u00fcckung der Eierst\u00f6cke<\/a><\/li>\n<li class=\"menu-item menu-item-type-post_type menu-item-object-page menu-item-8519\"><a href=\"https:\/\/cancerfertilityandme.org.uk\/young-women\/fertility-preservation\/fertility-sparing-procedures\/\" class=\"elementor-item\">Fruchtbarkeitserhaltende Verfahren bei bestimmten Krebsarten<\/a><\/li>\n<li class=\"menu-item menu-item-type-post_type menu-item-object-page menu-item-8520\"><a href=\"https:\/\/cancerfertilityandme.org.uk\/young-women\/fertility-preservation\/financial-costs\/\" class=\"elementor-item\">Finanzielle Kosten<\/a><\/li>\n<li class=\"menu-item menu-item-type-post_type menu-item-object-page menu-item-8521\"><a href=\"https:\/\/cancerfertilityandme.org.uk\/young-women\/fertility-preservation\/summary-of-options\/\" class=\"elementor-item\">Zusammenfassung der Optionen<\/a><\/li>\n<li class=\"menu-item menu-item-type-post_type menu-item-object-page menu-item-8522\"><a href=\"https:\/\/cancerfertilityandme.org.uk\/young-women\/fertility-preservation\/questions-to-ask-about-fertility-preservation\/\" class=\"elementor-item\">Fragen an das Krebsteam und das Fertilit\u00e4tsbehandlungsteam<\/a><\/li>\n<\/ul>\t\t\t<\/nav>\n\t\t\t\t\t\t<nav class=\"elementor-nav-menu--dropdown elementor-nav-menu__container\" aria-hidden=\"true\">\n\t\t\t\t<ul id=\"menu-2-56064d83\" class=\"elementor-nav-menu sm-vertical\"><li class=\"menu-item menu-item-type-post_type menu-item-object-page menu-item-8511\"><a href=\"https:\/\/cancerfertilityandme.org.uk\/young-women\/fertility-preservation\/\" class=\"elementor-item\" tabindex=\"-1\">Erhaltung der Fruchtbarkeit<\/a><\/li>\n<li class=\"menu-item menu-item-type-post_type menu-item-object-page menu-item-8514\"><a href=\"https:\/\/cancerfertilityandme.org.uk\/young-women\/fertility-preservation\/no-fertility-preservation\/\" class=\"elementor-item\" tabindex=\"-1\">Keine Fruchtbarkeitserhaltung<\/a><\/li>\n<li class=\"menu-item menu-item-type-post_type menu-item-object-page menu-item-8512\"><a href=\"https:\/\/cancerfertilityandme.org.uk\/young-women\/fertility-preservation\/egg-freezing\/\" class=\"elementor-item\" tabindex=\"-1\">Einfrieren von Eizellen<\/a><\/li>\n<li class=\"menu-item menu-item-type-post_type menu-item-object-page menu-item-8513\"><a href=\"https:\/\/cancerfertilityandme.org.uk\/young-women\/fertility-preservation\/embryo-freezing\/\" class=\"elementor-item\" tabindex=\"-1\">Einfrieren von Embryonen<\/a><\/li>\n<li class=\"menu-item menu-item-type-post_type menu-item-object-page menu-item-8518\"><a href=\"https:\/\/cancerfertilityandme.org.uk\/young-women\/fertility-preservation\/ovarian-tissue-freezing\/\" class=\"elementor-item\" tabindex=\"-1\">Einfrieren von Eierstockgewebe<\/a><\/li>\n<li class=\"menu-item menu-item-type-post_type menu-item-object-page menu-item-8515\"><a href=\"https:\/\/cancerfertilityandme.org.uk\/young-women\/fertility-preservation\/ovarian-suppression\/\" class=\"elementor-item\" tabindex=\"-1\">Unterdr\u00fcckung der Eierst\u00f6cke<\/a><\/li>\n<li class=\"menu-item menu-item-type-post_type menu-item-object-page menu-item-8519\"><a href=\"https:\/\/cancerfertilityandme.org.uk\/young-women\/fertility-preservation\/fertility-sparing-procedures\/\" class=\"elementor-item\" tabindex=\"-1\">Fruchtbarkeitserhaltende Verfahren bei bestimmten Krebsarten<\/a><\/li>\n<li class=\"menu-item menu-item-type-post_type menu-item-object-page menu-item-8520\"><a href=\"https:\/\/cancerfertilityandme.org.uk\/young-women\/fertility-preservation\/financial-costs\/\" class=\"elementor-item\" tabindex=\"-1\">Finanzielle Kosten<\/a><\/li>\n<li class=\"menu-item menu-item-type-post_type menu-item-object-page menu-item-8521\"><a href=\"https:\/\/cancerfertilityandme.org.uk\/young-women\/fertility-preservation\/summary-of-options\/\" class=\"elementor-item\" tabindex=\"-1\">Zusammenfassung der Optionen<\/a><\/li>\n<li class=\"menu-item menu-item-type-post_type menu-item-object-page menu-item-8522\"><a href=\"https:\/\/cancerfertilityandme.org.uk\/young-women\/fertility-preservation\/questions-to-ask-about-fertility-preservation\/\" class=\"elementor-item\" tabindex=\"-1\">Fragen an das Krebsteam und das Fertilit\u00e4tsbehandlungsteam<\/a><\/li>\n<\/ul>\t\t\t<\/nav>\n\t\t\t\t\t\t<\/div>\n\t\t\t\t<\/div>\n\t\t\t\t<\/div>\n\t\t\t\t<\/div>\n\t\t\t\t\t<\/div>\n\t\t\t\t<\/main>\n\t\t\t\t<\/div>\n\t\t","protected":false},"excerpt":{"rendered":"<p>Zusammenfassung der Optionen zur Fruchtbarkeitserhaltung Keine Fruchtbarkeitserhaltung F\u00fcr wen ist sie geeignet? Frauen, die erst einmal abwarten m\u00f6chten; die bereits eine Familie gegr\u00fcndet haben; die sofort mit der Krebsbehandlung beginnen m\u00fcssen; die nach der Krebsbehandlung nicht schwanger werden m\u00f6chten; f\u00fcr die keine M\u00f6glichkeiten der Fruchtbarkeitserhaltung zur Verf\u00fcgung stehen. Chancen ein Baby zu bekommen Variabel. H\u00e4ngt [&hellip;]<\/p>\n","protected":false},"author":1,"featured_media":0,"parent":8375,"menu_order":0,"comment_status":"open","ping_status":"closed","template":"","meta":{"footnotes":""},"class_list":["post-8418","page","type-page","status-publish","hentry"],"_links":{"self":[{"href":"https:\/\/cancerfertilityandme.org.uk\/de\/wp-json\/wp\/v2\/pages\/8418","targetHints":{"allow":["GET"]}}],"collection":[{"href":"https:\/\/cancerfertilityandme.org.uk\/de\/wp-json\/wp\/v2\/pages"}],"about":[{"href":"https:\/\/cancerfertilityandme.org.uk\/de\/wp-json\/wp\/v2\/types\/page"}],"author":[{"embeddable":true,"href":"https:\/\/cancerfertilityandme.org.uk\/de\/wp-json\/wp\/v2\/users\/1"}],"replies":[{"embeddable":true,"href":"https:\/\/cancerfertilityandme.org.uk\/de\/wp-json\/wp\/v2\/comments?post=8418"}],"version-history":[{"count":2,"href":"https:\/\/cancerfertilityandme.org.uk\/de\/wp-json\/wp\/v2\/pages\/8418\/revisions"}],"predecessor-version":[{"id":10185,"href":"https:\/\/cancerfertilityandme.org.uk\/de\/wp-json\/wp\/v2\/pages\/8418\/revisions\/10185"}],"up":[{"embeddable":true,"href":"https:\/\/cancerfertilityandme.org.uk\/de\/wp-json\/wp\/v2\/pages\/8375"}],"wp:attachment":[{"href":"https:\/\/cancerfertilityandme.org.uk\/de\/wp-json\/wp\/v2\/media?parent=8418"}],"curies":[{"name":"wp","href":"https:\/\/api.w.org\/{rel}","templated":true}]}}