{"id":8415,"date":"2023-04-02T16:34:20","date_gmt":"2023-04-02T16:34:20","guid":{"rendered":"https:\/\/cancerfertilityandme.org.uk\/sprechen-sie-mit-ihrem-fertilitaetsbehandlungsteam-ueber-fruchtbarkeitserhalt\/"},"modified":"2026-02-06T08:35:31","modified_gmt":"2026-02-06T08:35:31","slug":"sprechen-sie-mit-ihrem-fertilitaetsbehandlungsteam-ueber-fruchtbarkeitserhalt","status":"publish","type":"page","link":"https:\/\/cancerfertilityandme.org.uk\/de\/junge-frauen\/entscheidung-ueber-den-erhalt-der-fruchtbarkeit\/sprechen-sie-mit-ihrem-fertilitaetsbehandlungsteam-ueber-fruchtbarkeitserhalt\/","title":{"rendered":"Sprechen Sie mit Ihrem Fertilit\u00e4tsbehandlungsteam \u00fcber Fruchtbarkeitserhalt"},"content":{"rendered":"\t\t<div data-elementor-type=\"wp-page\" data-elementor-id=\"8415\" class=\"elementor elementor-8415 elementor-7761\" data-elementor-post-type=\"page\">\n\t\t\t\t<main class=\"elementor-element elementor-element-33337609 e-flex e-con-boxed e-con e-parent\" data-id=\"33337609\" data-element_type=\"container\" data-e-type=\"container\">\n\t\t\t\t\t<div class=\"e-con-inner\">\n\t\t<div class=\"elementor-element elementor-element-2ec8e3ed e-con-full e-flex e-con e-child\" data-id=\"2ec8e3ed\" data-element_type=\"container\" data-e-type=\"container\">\n\t\t\t\t<div class=\"elementor-element elementor-element-2d95895a elementor-widget elementor-widget-text-editor\" data-id=\"2d95895a\" data-element_type=\"widget\" data-e-type=\"widget\" data-widget_type=\"text-editor.default\">\n\t\t\t\t<div class=\"elementor-widget-container\">\n\t\t\t\t\t\t\t\t\t<h2>Sprechen Sie mit Ihrem Fertilit\u00e4tsbehandlungsteam \u00fcber Fruchtbarkeitserhalt<\/h2><p>Das Fertilit\u00e4tsbehandlungsteam f\u00fchrt bei Frauen, bei denen Krebs diagnostiziert wurde, so genannte Fruchtbarkeitserhaltungsma\u00dfnahmen durch. Das Fertilit\u00e4tsbehandlungsteam kann mit Ihnen \u00fcber Ihre Entscheidung f\u00fcr oder gegen ein Fruchtbarkeitserhaltungsverfahren sprechen. <\/p><p>Die Fruchtbarkeitsberatung h\u00e4ngt von der Klinik ab, in der Sie sich befinden, von Ihrer Krebsdiagnose und der geplanten Krebsbehandlung. Das Fertilit\u00e4tsbehandlungsteam wird sich Ihre Krankengeschichte ansehen, um sicherzustellen, dass eine Behandlung zum Erhalt der Fruchtbarkeit geeignet ist. Es wird Ihnen erkl\u00e4ren, welche Ma\u00dfnahmen erforderlich sind, wie hoch die Erfolgsquoten sind und welche Nebenwirkungen durch die Fruchtbarkeitsbehandlung auftreten k\u00f6nnten. Falls Sie weitere Tests ben\u00f6tigen, werden diese vor Beginn der Fruchtbarkeitsbehandlung durchgef\u00fchrt. Sie werden auch Gelegenheit haben, die verschiedenen M\u00f6glichkeiten der Fruchtbarkeitserhaltung zu besprechen, die in der Klinik zur Verf\u00fcgung stehen.    <\/p><p>Wenn Sie sich f\u00fcr eine Behandlung zum Erhalt Ihrer Fruchtbarkeit entscheiden, werden verschiedene Tests durchgef\u00fchrt. Dazu geh\u00f6ren Bluttests zur Messung des Hormonspiegels und andere Screening-Tests. Das Fertilit\u00e4tsbehandlungsteam wird auch Fragen zur Einwilligung der Behandlung besprechen, wie sie von der HFEA empfohlen werden. <\/p><p>Ein Mitglied Ihres Krebsteams kann Sie an eine Fertilit\u00e4tsklinik \u00fcberweisen und diese bitten so schnell wie m\u00f6glich einen Termin f\u00fcr Sie zu bekommen, um Verz\u00f6gerungen bei Ihrer Krebsbehandlung zu vermeiden<\/p>\t\t\t\t\t\t\t\t<\/div>\n\t\t\t\t<\/div>\n\t\t<div class=\"elementor-element elementor-element-30000985 e-con-full e-flex e-con e-child\" data-id=\"30000985\" data-element_type=\"container\" data-e-type=\"container\" data-settings=\"{&quot;background_background&quot;:&quot;classic&quot;}\">\n\t\t\t\t<div class=\"elementor-element elementor-element-5606b1a3 elementor-widget elementor-widget-text-editor\" data-id=\"5606b1a3\" data-element_type=\"widget\" data-e-type=\"widget\" data-widget_type=\"text-editor.default\">\n\t\t\t\t<div class=\"elementor-widget-container\">\n\t\t\t\t\t\t\t\t\t<h2>Wenn Sie an eine Fertilit\u00e4tsklinik \u00fcberwiesen werden m\u00f6chten, sind einige Dinge zu pr\u00fcfen:<\/h2><ul><li>Hat ein Mitglied meines Krebsteams f\u00fcr mich eine \u00dcberweisung an ein Fertilit\u00e4tsklinik ausgestellt?<\/li><li>Habe ich einen Termin f\u00fcr ein Gespr\u00e4ch mit dem Fertilit\u00e4tsbehandlungsteam erhalten?<\/li><\/ul><p>Wenn die Antwort \u201eNein\u201c lautet oder Sie sich nicht sicher sind, sollten Sie Ihr Krebsteam bitten, so bald wie m\u00f6glich in Ihrem Namen Kontakt mit der Fertilit\u00e4tsklinik aufzunehmen.<\/p><p>M\u00f6glicherweise m\u00fcssen Sie in der Fertilit\u00e4tsklinik Fragen stellen. Die folgenden Fragen k\u00f6nnen Ihnen bei der Vorbereitung auf die Fruchtbarkeitsberatung helfen.<br> <\/p>\t\t\t\t\t\t\t\t<\/div>\n\t\t\t\t<\/div>\n\t\t\t\t<\/div>\n\t\t<div class=\"elementor-element elementor-element-ff8e1ab e-con-full e-flex e-con e-child\" data-id=\"ff8e1ab\" data-element_type=\"container\" data-e-type=\"container\" data-settings=\"{&quot;background_background&quot;:&quot;classic&quot;}\">\n\t\t\t\t<div class=\"elementor-element elementor-element-8eb63b9 elementor-widget elementor-widget-text-editor\" data-id=\"8eb63b9\" data-element_type=\"widget\" data-e-type=\"widget\" data-widget_type=\"text-editor.default\">\n\t\t\t\t<div class=\"elementor-widget-container\">\n\t\t\t\t\t\t\t\t\t<h2>Fragen, die Sie Ihrem Krebsteam und dem Fertilit\u00e4tsbehandlungsteam stellen sollten<br><\/h2><h3>Die folgenden Fragen k\u00f6nnen Ihnen helfen, dar\u00fcber nachzudenken, was Ihnen bei diesen Optionen zur Erhaltung der Fruchtbarkeit wichtig ist.<\/h3><ul><li>Wie lange dauert die Erhaltung der Fruchtbarkeit?<\/li><li>Wie lange kann sich meine Krebsbehandlung verz\u00f6gern?<\/li><li>Wie stehen die Chancen, dass ich in Zukunft eigene Kinder haben kann?<\/li><li>W\u00fcrde sich eine Erhaltung der Fruchtbarkeit auf die Wahrscheinlichkeit auswirken, dass der Krebs zur\u00fcckkommt?<\/li><\/ul><ul><li>Hat ein Mitglied meines Krebsteams f\u00fcr mich eine \u00dcberweisung an ein Fertilit\u00e4tsklinik ausgestellt?<\/li><li>Habe ich einen Termin f\u00fcr ein Gespr\u00e4ch mit dem Fertilit\u00e4tsbehandlungsteam erhalten?<\/li><\/ul><p>Wenn die Antwort \u201eNein\u201c lautet oder Sie sich nicht sicher sind, sollten Sie Ihr Krebsteam bitten, so bald wie m\u00f6glich in Ihrem Namen Kontakt mit der Fertilit\u00e4tsklinik aufzunehmen.<\/p><p>M\u00f6glicherweise m\u00fcssen Sie in der Fertilit\u00e4tsklinik Fragen stellen. Die folgenden Fragen k\u00f6nnen Ihnen bei der Vorbereitung auf die Fruchtbarkeitsberatung helfen. <\/p>\t\t\t\t\t\t\t\t<\/div>\n\t\t\t\t<\/div>\n\t\t\t\t<\/div>\n\t\t\t\t<\/div>\n\t\t<div class=\"elementor-element elementor-element-1de02523 e-con-full e-flex e-con e-child\" data-id=\"1de02523\" data-element_type=\"container\" data-e-type=\"container\">\n\t\t<div class=\"elementor-element elementor-element-22d6fda7 e-con-full e-flex e-con e-child\" data-id=\"22d6fda7\" data-element_type=\"container\" data-e-type=\"container\">\n\t\t\t\t<div class=\"elementor-element elementor-element-21e88bb elementor-widget elementor-widget-image\" data-id=\"21e88bb\" data-element_type=\"widget\" data-e-type=\"widget\" data-widget_type=\"image.default\">\n\t\t\t\t<div class=\"elementor-widget-container\">\n\t\t\t\t\t\t\t\t\t\t\t\t\t\t\t\t<a href=\"http:\/\/.\/\">\n\t\t\t\t\t\t\t<img decoding=\"async\" width=\"200\" height=\"200\" src=\"https:\/\/cancerfertilityandme.org.uk\/wp-content\/uploads\/cancerfertilityandme-logo-header-young-women.png\" class=\"attachment-full size-full wp-image-3191\" alt=\"\" srcset=\"https:\/\/cancerfertilityandme.org.uk\/wp-content\/uploads\/cancerfertilityandme-logo-header-young-women.png 200w, https:\/\/cancerfertilityandme.org.uk\/wp-content\/uploads\/cancerfertilityandme-logo-header-young-women-150x150.png 150w, https:\/\/cancerfertilityandme.org.uk\/wp-content\/uploads\/elementor\/thumbs\/cancerfertilityandme-logo-header-young-women-r4vfcv1ro149or8nkxzol3x986uodd6lq6no4gpb6w.png 100w\" sizes=\"(max-width: 200px) 100vw, 200px\" \/>\t\t\t\t\t\t\t\t<\/a>\n\t\t\t\t\t\t\t\t\t\t\t\t\t\t\t<\/div>\n\t\t\t\t<\/div>\n\t\t\t\t<\/div>\n\t\t<div class=\"elementor-element elementor-element-585463e6 e-con-full e-flex e-con e-child\" data-id=\"585463e6\" data-element_type=\"container\" data-e-type=\"container\">\n\t\t\t\t<div class=\"elementor-element elementor-element-1253d3e9 elementor-widget elementor-widget-heading\" data-id=\"1253d3e9\" data-element_type=\"widget\" data-e-type=\"widget\" data-widget_type=\"heading.default\">\n\t\t\t\t<div class=\"elementor-widget-container\">\n\t\t\t\t\t<h3 class=\"elementor-heading-title elementor-size-default\">\u00dcber folgenden Link gelangen Sie zu weiteren Informationen<\/h3>\t\t\t\t<\/div>\n\t\t\t\t<\/div>\n\t\t\t\t<div class=\"elementor-element elementor-element-74a47d0f elementor-nav-menu--dropdown-none elementor-widget elementor-widget-nav-menu\" data-id=\"74a47d0f\" data-element_type=\"widget\" data-e-type=\"widget\" data-settings=\"{&quot;layout&quot;:&quot;vertical&quot;,&quot;submenu_icon&quot;:{&quot;value&quot;:&quot;&lt;svg aria-hidden=\\&quot;true\\&quot; class=\\&quot;e-font-icon-svg e-fas-caret-down\\&quot; viewBox=\\&quot;0 0 320 512\\&quot; xmlns=\\&quot;http:\\\/\\\/www.w3.org\\\/2000\\\/svg\\&quot;&gt;&lt;path d=\\&quot;M31.3 192h257.3c17.8 0 26.7 21.5 14.1 34.1L174.1 354.8c-7.8 7.8-20.5 7.8-28.3 0L17.2 226.1C4.6 213.5 13.5 192 31.3 192z\\&quot;&gt;&lt;\\\/path&gt;&lt;\\\/svg&gt;&quot;,&quot;library&quot;:&quot;fa-solid&quot;}}\" data-widget_type=\"nav-menu.default\">\n\t\t\t\t<div class=\"elementor-widget-container\">\n\t\t\t\t\t\t\t\t<nav aria-label=\"Menu\" class=\"elementor-nav-menu--main elementor-nav-menu__container elementor-nav-menu--layout-vertical e--pointer-none\">\n\t\t\t\t<ul id=\"menu-1-74a47d0f\" class=\"elementor-nav-menu sm-vertical\"><li class=\"menu-item menu-item-type-post_type menu-item-object-page menu-item-8524\"><a href=\"https:\/\/cancerfertilityandme.org.uk\/young-women\/making-your-decision\/\" class=\"elementor-item\">Entscheidung \u00fcber den Erhalt der Fruchtbarkeit<\/a><\/li>\n<li class=\"menu-item menu-item-type-post_type menu-item-object-page menu-item-8525\"><a href=\"https:\/\/cancerfertilityandme.org.uk\/young-women\/making-your-decision\/talking-about-fertility-preservation\/\" class=\"elementor-item\">Sprechen Sie mit Ihrem Fertilit\u00e4tsbehandlungsteam \u00fcber Fruchtbarkeitserhalt<\/a><\/li>\n<li class=\"menu-item menu-item-type-post_type menu-item-object-page menu-item-8526\"><a href=\"https:\/\/cancerfertilityandme.org.uk\/young-women\/making-your-decision\/talking-about-fertility-preservation-decision-with-others\/\" class=\"elementor-item\">Mit anderen \u00fcber die Entscheidung zur Erhaltung der Fruchtbarkeit sprechen<\/a><\/li>\n<\/ul>\t\t\t<\/nav>\n\t\t\t\t\t\t<nav class=\"elementor-nav-menu--dropdown elementor-nav-menu__container\" aria-hidden=\"true\">\n\t\t\t\t<ul id=\"menu-2-74a47d0f\" class=\"elementor-nav-menu sm-vertical\"><li class=\"menu-item menu-item-type-post_type menu-item-object-page menu-item-8524\"><a href=\"https:\/\/cancerfertilityandme.org.uk\/young-women\/making-your-decision\/\" class=\"elementor-item\" tabindex=\"-1\">Entscheidung \u00fcber den Erhalt der Fruchtbarkeit<\/a><\/li>\n<li class=\"menu-item menu-item-type-post_type menu-item-object-page menu-item-8525\"><a href=\"https:\/\/cancerfertilityandme.org.uk\/young-women\/making-your-decision\/talking-about-fertility-preservation\/\" class=\"elementor-item\" tabindex=\"-1\">Sprechen Sie mit Ihrem Fertilit\u00e4tsbehandlungsteam \u00fcber Fruchtbarkeitserhalt<\/a><\/li>\n<li class=\"menu-item menu-item-type-post_type menu-item-object-page menu-item-8526\"><a href=\"https:\/\/cancerfertilityandme.org.uk\/young-women\/making-your-decision\/talking-about-fertility-preservation-decision-with-others\/\" class=\"elementor-item\" tabindex=\"-1\">Mit anderen \u00fcber die Entscheidung zur Erhaltung der Fruchtbarkeit sprechen<\/a><\/li>\n<\/ul>\t\t\t<\/nav>\n\t\t\t\t\t\t<\/div>\n\t\t\t\t<\/div>\n\t\t\t\t<\/div>\n\t\t\t\t<\/div>\n\t\t\t\t\t<\/div>\n\t\t\t\t<\/main>\n\t\t<div class=\"elementor-element elementor-element-1dfbebc e-flex e-con-boxed e-con e-parent\" data-id=\"1dfbebc\" data-element_type=\"container\" data-e-type=\"container\">\n\t\t\t\t\t<div class=\"e-con-inner\">\n\t\t\t\t\t<\/div>\n\t\t\t\t<\/div>\n\t\t\t\t<\/div>\n\t\t","protected":false},"excerpt":{"rendered":"<p>Sprechen Sie mit Ihrem Fertilit\u00e4tsbehandlungsteam \u00fcber Fruchtbarkeitserhalt Das Fertilit\u00e4tsbehandlungsteam f\u00fchrt bei Frauen, bei denen Krebs diagnostiziert wurde, so genannte Fruchtbarkeitserhaltungsma\u00dfnahmen durch. Das Fertilit\u00e4tsbehandlungsteam kann mit Ihnen \u00fcber Ihre Entscheidung f\u00fcr oder gegen ein Fruchtbarkeitserhaltungsverfahren sprechen. Die Fruchtbarkeitsberatung h\u00e4ngt von der Klinik ab, in der Sie sich befinden, von Ihrer Krebsdiagnose und der geplanten Krebsbehandlung. Das [&hellip;]<\/p>\n","protected":false},"author":1,"featured_media":7765,"parent":8397,"menu_order":0,"comment_status":"open","ping_status":"closed","template":"","meta":{"footnotes":""},"class_list":["post-8415","page","type-page","status-publish","has-post-thumbnail","hentry"],"_links":{"self":[{"href":"https:\/\/cancerfertilityandme.org.uk\/de\/wp-json\/wp\/v2\/pages\/8415","targetHints":{"allow":["GET"]}}],"collection":[{"href":"https:\/\/cancerfertilityandme.org.uk\/de\/wp-json\/wp\/v2\/pages"}],"about":[{"href":"https:\/\/cancerfertilityandme.org.uk\/de\/wp-json\/wp\/v2\/types\/page"}],"author":[{"embeddable":true,"href":"https:\/\/cancerfertilityandme.org.uk\/de\/wp-json\/wp\/v2\/users\/1"}],"replies":[{"embeddable":true,"href":"https:\/\/cancerfertilityandme.org.uk\/de\/wp-json\/wp\/v2\/comments?post=8415"}],"version-history":[{"count":2,"href":"https:\/\/cancerfertilityandme.org.uk\/de\/wp-json\/wp\/v2\/pages\/8415\/revisions"}],"predecessor-version":[{"id":10274,"href":"https:\/\/cancerfertilityandme.org.uk\/de\/wp-json\/wp\/v2\/pages\/8415\/revisions\/10274"}],"up":[{"embeddable":true,"href":"https:\/\/cancerfertilityandme.org.uk\/de\/wp-json\/wp\/v2\/pages\/8397"}],"wp:featuredmedia":[{"embeddable":true,"href":"https:\/\/cancerfertilityandme.org.uk\/de\/wp-json\/wp\/v2\/media\/7765"}],"wp:attachment":[{"href":"https:\/\/cancerfertilityandme.org.uk\/de\/wp-json\/wp\/v2\/media?parent=8415"}],"curies":[{"name":"wp","href":"https:\/\/api.w.org\/{rel}","templated":true}]}}