{"id":8397,"date":"2023-04-03T09:45:46","date_gmt":"2023-04-03T09:45:46","guid":{"rendered":"https:\/\/cancerfertilityandme.org.uk\/entscheidung-ueber-den-erhalt-der-fruchtbarkeit\/"},"modified":"2026-03-16T15:49:56","modified_gmt":"2026-03-16T15:49:56","slug":"entscheidung-ueber-den-erhalt-der-fruchtbarkeit","status":"publish","type":"page","link":"https:\/\/cancerfertilityandme.org.uk\/de\/junge-frauen\/entscheidung-ueber-den-erhalt-der-fruchtbarkeit\/","title":{"rendered":"Entscheidung \u00fcber den Erhalt der Fruchtbarkeit"},"content":{"rendered":"\t\t<div data-elementor-type=\"wp-page\" data-elementor-id=\"8397\" class=\"elementor elementor-8397 elementor-7791\" data-elementor-post-type=\"page\">\n\t\t\t\t<main class=\"elementor-element elementor-element-30930076 e-flex e-con-boxed e-con e-parent\" data-id=\"30930076\" data-element_type=\"container\" data-e-type=\"container\">\n\t\t\t\t\t<div class=\"e-con-inner\">\n\t\t<div class=\"elementor-element elementor-element-18d27f5a e-con-full e-flex e-con e-child\" data-id=\"18d27f5a\" data-element_type=\"container\" data-e-type=\"container\">\n\t\t\t\t<div class=\"elementor-element elementor-element-5f0b992d elementor-widget elementor-widget-text-editor\" data-id=\"5f0b992d\" data-element_type=\"widget\" data-e-type=\"widget\" data-widget_type=\"text-editor.default\">\n\t\t\t\t<div class=\"elementor-widget-container\">\n\t\t\t\t\t\t\t\t\t<h2>Treffen Sie Ihre Fruchtbarkeitsentscheidung, bevor Sie mit der Krebsbehandlung beginnen.<\/h2>\n<p>Diese Seite soll Ihnen helfen zu entscheiden, ob Sie:<\/p>\n<ul>\n<li>Sich vor Beginn der Krebsbehandlung einer Behandlung zum Erhalt Ihrer Fruchtbarkeit unterziehen wollen<\/li>\n<li>Eine Krebsbehandlung beginnen m\u00f6chten, ohne eine Behandlung zum Erhalt Ihrer Fruchtbarkeit durchzuf\u00fchren.<\/li>\n<\/ul>\n<p>Manche Frauen sind sich sicher, ob sie ihre Fruchtbarkeit erhalten wollen oder nicht. Anderen Frauen f\u00e4llt diese Entscheidung schwerer. Es gibt keine \u201erichtige\u201c oder \u201efalsche\u201c Entscheidung. Die Entscheidung h\u00e4ngt davon ab, was f\u00fcr Sie zu diesem Zeitpunkt am wichtigsten ist. Sie h\u00e4ngt von den Pl\u00e4nen ab, die Sie f\u00fcr Ihr Leben nach der Krebsbehandlung haben.   <\/p>\n<h2>Entscheidung f\u00fcr oder gegen den Fruchtbarkeitserhalt vor der Krebsbehandlung<\/h2>\n<p>Wenn Sie sich f\u00fcr oder gegen eine Fruchtbarkeitserhaltung vor einer Krebsbehandlung entscheiden, sollten Sie jede der f\u00fcnf folgenden Aussagen lesen und dar\u00fcber nachdenken, was Ihnen am wichtigsten ist. Es kann hilfreich sein, wenn Sie die Gr\u00fcnde f\u00fcr Ihre Antworten aufschreiben Es kann hilfreich sein, wenn Sie diesen Fragebogen gemeinsam mit Ihrem Krebsteam und Ihrem Fertilit\u00e4tsbehandlungsteam, Ihrem Partner, Ihrer Familie und Ihren Freunden ausf\u00fcllen.  <\/p>\n<h2>Was Ihnen am wichtigsten ist?<\/h2>\t\t\t\t\t\t\t\t<\/div>\n\t\t\t\t<\/div>\n\t\t\t\t<div class=\"elementor-element elementor-element-f9c6435 elementor-widget elementor-widget-image\" data-id=\"f9c6435\" data-element_type=\"widget\" data-e-type=\"widget\" data-widget_type=\"image.default\">\n\t\t\t\t<div class=\"elementor-widget-container\">\n\t\t\t\t\t\t\t\t\t\t\t\t\t\t\t<img fetchpriority=\"high\" decoding=\"async\" width=\"800\" height=\"456\" src=\"https:\/\/cancerfertilityandme.org.uk\/wp-content\/uploads\/DE-07-2.png\" class=\"attachment-large size-large wp-image-11280\" alt=\"\" srcset=\"https:\/\/cancerfertilityandme.org.uk\/wp-content\/uploads\/DE-07-2.png 1000w, https:\/\/cancerfertilityandme.org.uk\/wp-content\/uploads\/DE-07-2-300x171.png 300w, https:\/\/cancerfertilityandme.org.uk\/wp-content\/uploads\/DE-07-2-768x438.png 768w\" sizes=\"(max-width: 800px) 100vw, 800px\" \/>\t\t\t\t\t\t\t\t\t\t\t\t\t\t\t<\/div>\n\t\t\t\t<\/div>\n\t\t\t\t<div class=\"elementor-element elementor-element-3b4e473 elementor-widget elementor-widget-text-editor\" data-id=\"3b4e473\" data-element_type=\"widget\" data-e-type=\"widget\" data-widget_type=\"text-editor.default\">\n\t\t\t\t<div class=\"elementor-widget-container\">\n\t\t\t\t\t\t\t\t\t<h2>Die Entscheidung, welche Option zur Erhaltung der Fruchtbarkeit f\u00fcr mich am besten geeignet ist<\/h2><p>In den vorherigen Abschnitten wurden die Entscheidungen zur Erhaltung der Fruchtbarkeit beschrieben.<\/p><p>Diese sind:<\/p><ul><li>Keine Fruchtbarkeitserhaltung<\/li><li>Einfrieren<\/li><li>Unterdr\u00fcckung der Eierst\u00f6cke<\/li><\/ul><p>Die <a href=\"https:\/\/cancerfertilityandme.org.uk\/de\/home\/erhaltung-der-fruchtbarkeit\/zusammenfassung-der-optionen-zur-fruchtbarkeitserhaltung\/\">Zusammenfassung auf dieser Seite<\/a> vergleicht die verschiedenen Optionen zur Erhaltung der Fruchtbarkeit.<\/p><p>Nachstehend finden Sie eine Liste der verschiedenen M\u00f6glichkeiten zur Erhaltung der Fruchtbarkeit: \u00dcberlegen Sie, welche Antwort Sie f\u00fcr jede Option geben w\u00fcrden. <\/p><p>Diese Aufgabe kann Ihnen helfen, dar\u00fcber nachzudenken, welche Option zur Erhaltung der Fruchtbarkeit zu diesem Zeitpunkt am besten zu Ihnen und Ihrem Lebensstil passt. Es k\u00f6nnte hilfreich sein, mit Ihrem Krebsteam und Ihrem Fertilit\u00e4tsbehandlungsteam, Ihrem Partner, Ihrer Familie und Ihren Freunden \u00fcber Ihre Entscheidungen zu sprechen. <\/p><p>\u201eIch bin zufrieden mit der Entscheidung, die ich getroffen habe. Offensichtlich frage ich mich im Hinterkopf, was w\u00e4re, wenn ich eine andere Option w\u00e4hlen w\u00fcrde. Das liegt einfach daran, dass Sie bei jeder Entscheidung, die Sie treffen, ein \u201eWas w\u00e4re, wenn ich eine andere Option w\u00e4hlen w\u00fcrde\u201c im Kopf haben. Eine 23-j\u00e4hrige junge Frau mit Eierstockkrebs <\/p><h2>Wie wahrscheinlich ist es, dass Sie jede dieser Behandlungsoptionen zum Erhalt der Fruchtbarkeit in Betracht zu ziehen?<\/h2>\t\t\t\t\t\t\t\t<\/div>\n\t\t\t\t<\/div>\n\t\t\t\t<div class=\"elementor-element elementor-element-d3a8d17 elementor-widget elementor-widget-image\" data-id=\"d3a8d17\" data-element_type=\"widget\" data-e-type=\"widget\" data-widget_type=\"image.default\">\n\t\t\t\t<div class=\"elementor-widget-container\">\n\t\t\t\t\t\t\t\t\t\t\t\t\t\t\t<img decoding=\"async\" width=\"800\" height=\"570\" src=\"https:\/\/cancerfertilityandme.org.uk\/wp-content\/uploads\/DE-08-1.png\" class=\"attachment-large size-large wp-image-11289\" alt=\"\" srcset=\"https:\/\/cancerfertilityandme.org.uk\/wp-content\/uploads\/DE-08-1.png 1000w, https:\/\/cancerfertilityandme.org.uk\/wp-content\/uploads\/DE-08-1-300x214.png 300w, https:\/\/cancerfertilityandme.org.uk\/wp-content\/uploads\/DE-08-1-768x548.png 768w\" sizes=\"(max-width: 800px) 100vw, 800px\" \/>\t\t\t\t\t\t\t\t\t\t\t\t\t\t\t<\/div>\n\t\t\t\t<\/div>\n\t\t\t\t<\/div>\n\t\t<div class=\"elementor-element elementor-element-7211a6f2 e-con-full e-flex e-con e-child\" data-id=\"7211a6f2\" data-element_type=\"container\" data-e-type=\"container\">\n\t\t<div class=\"elementor-element elementor-element-1f31f5ae e-con-full e-flex e-con e-child\" data-id=\"1f31f5ae\" data-element_type=\"container\" data-e-type=\"container\">\n\t\t\t\t<div class=\"elementor-element elementor-element-16597f95 elementor-widget elementor-widget-image\" data-id=\"16597f95\" data-element_type=\"widget\" data-e-type=\"widget\" data-widget_type=\"image.default\">\n\t\t\t\t<div class=\"elementor-widget-container\">\n\t\t\t\t\t\t\t\t\t\t\t\t\t\t\t\t<a href=\"http:\/\/.\/\">\n\t\t\t\t\t\t\t<img decoding=\"async\" width=\"200\" height=\"200\" src=\"https:\/\/cancerfertilityandme.org.uk\/wp-content\/uploads\/cancerfertilityandme-logo-header-young-women.png\" class=\"attachment-full size-full wp-image-3191\" alt=\"\" srcset=\"https:\/\/cancerfertilityandme.org.uk\/wp-content\/uploads\/cancerfertilityandme-logo-header-young-women.png 200w, https:\/\/cancerfertilityandme.org.uk\/wp-content\/uploads\/cancerfertilityandme-logo-header-young-women-150x150.png 150w, https:\/\/cancerfertilityandme.org.uk\/wp-content\/uploads\/elementor\/thumbs\/cancerfertilityandme-logo-header-young-women-r4vfcv1ro149or8nkxzol3x986uodd6lq6no4gpb6w.png 100w\" sizes=\"(max-width: 200px) 100vw, 200px\" \/>\t\t\t\t\t\t\t\t<\/a>\n\t\t\t\t\t\t\t\t\t\t\t\t\t\t\t<\/div>\n\t\t\t\t<\/div>\n\t\t\t\t<\/div>\n\t\t<div class=\"elementor-element elementor-element-56263ecb e-con-full e-flex e-con e-child\" data-id=\"56263ecb\" data-element_type=\"container\" data-e-type=\"container\">\n\t\t\t\t<div class=\"elementor-element elementor-element-67f41f3c elementor-widget elementor-widget-heading\" data-id=\"67f41f3c\" data-element_type=\"widget\" data-e-type=\"widget\" data-widget_type=\"heading.default\">\n\t\t\t\t<div class=\"elementor-widget-container\">\n\t\t\t\t\t<h3 class=\"elementor-heading-title elementor-size-default\">\u00dcber folgenden Link gelangen Sie zu weiteren Informationen<\/h3>\t\t\t\t<\/div>\n\t\t\t\t<\/div>\n\t\t\t\t<div class=\"elementor-element elementor-element-13c3a37b elementor-nav-menu--dropdown-none elementor-widget elementor-widget-nav-menu\" data-id=\"13c3a37b\" data-element_type=\"widget\" data-e-type=\"widget\" data-settings=\"{&quot;layout&quot;:&quot;vertical&quot;,&quot;submenu_icon&quot;:{&quot;value&quot;:&quot;&lt;svg aria-hidden=\\&quot;true\\&quot; class=\\&quot;e-font-icon-svg e-fas-caret-down\\&quot; viewBox=\\&quot;0 0 320 512\\&quot; xmlns=\\&quot;http:\\\/\\\/www.w3.org\\\/2000\\\/svg\\&quot;&gt;&lt;path d=\\&quot;M31.3 192h257.3c17.8 0 26.7 21.5 14.1 34.1L174.1 354.8c-7.8 7.8-20.5 7.8-28.3 0L17.2 226.1C4.6 213.5 13.5 192 31.3 192z\\&quot;&gt;&lt;\\\/path&gt;&lt;\\\/svg&gt;&quot;,&quot;library&quot;:&quot;fa-solid&quot;}}\" data-widget_type=\"nav-menu.default\">\n\t\t\t\t<div class=\"elementor-widget-container\">\n\t\t\t\t\t\t\t\t<nav aria-label=\"Menu\" class=\"elementor-nav-menu--main elementor-nav-menu__container elementor-nav-menu--layout-vertical e--pointer-none\">\n\t\t\t\t<ul id=\"menu-1-13c3a37b\" class=\"elementor-nav-menu sm-vertical\"><li class=\"menu-item menu-item-type-post_type menu-item-object-page menu-item-8524\"><a href=\"https:\/\/cancerfertilityandme.org.uk\/young-women\/making-your-decision\/\" class=\"elementor-item\">Entscheidung \u00fcber den Erhalt der Fruchtbarkeit<\/a><\/li>\n<li class=\"menu-item menu-item-type-post_type menu-item-object-page menu-item-8525\"><a href=\"https:\/\/cancerfertilityandme.org.uk\/young-women\/making-your-decision\/talking-about-fertility-preservation\/\" class=\"elementor-item\">Sprechen Sie mit Ihrem Fertilit\u00e4tsbehandlungsteam \u00fcber Fruchtbarkeitserhalt<\/a><\/li>\n<li class=\"menu-item menu-item-type-post_type menu-item-object-page menu-item-8526\"><a href=\"https:\/\/cancerfertilityandme.org.uk\/young-women\/making-your-decision\/talking-about-fertility-preservation-decision-with-others\/\" class=\"elementor-item\">Mit anderen \u00fcber die Entscheidung zur Erhaltung der Fruchtbarkeit sprechen<\/a><\/li>\n<\/ul>\t\t\t<\/nav>\n\t\t\t\t\t\t<nav class=\"elementor-nav-menu--dropdown elementor-nav-menu__container\" aria-hidden=\"true\">\n\t\t\t\t<ul id=\"menu-2-13c3a37b\" class=\"elementor-nav-menu sm-vertical\"><li class=\"menu-item menu-item-type-post_type menu-item-object-page menu-item-8524\"><a href=\"https:\/\/cancerfertilityandme.org.uk\/young-women\/making-your-decision\/\" class=\"elementor-item\" tabindex=\"-1\">Entscheidung \u00fcber den Erhalt der Fruchtbarkeit<\/a><\/li>\n<li class=\"menu-item menu-item-type-post_type menu-item-object-page menu-item-8525\"><a href=\"https:\/\/cancerfertilityandme.org.uk\/young-women\/making-your-decision\/talking-about-fertility-preservation\/\" class=\"elementor-item\" tabindex=\"-1\">Sprechen Sie mit Ihrem Fertilit\u00e4tsbehandlungsteam \u00fcber Fruchtbarkeitserhalt<\/a><\/li>\n<li class=\"menu-item menu-item-type-post_type menu-item-object-page menu-item-8526\"><a href=\"https:\/\/cancerfertilityandme.org.uk\/young-women\/making-your-decision\/talking-about-fertility-preservation-decision-with-others\/\" class=\"elementor-item\" tabindex=\"-1\">Mit anderen \u00fcber die Entscheidung zur Erhaltung der Fruchtbarkeit sprechen<\/a><\/li>\n<\/ul>\t\t\t<\/nav>\n\t\t\t\t\t\t<\/div>\n\t\t\t\t<\/div>\n\t\t\t\t<\/div>\n\t\t\t\t<\/div>\n\t\t\t\t\t<\/div>\n\t\t\t\t<\/main>\n\t\t\t\t<\/div>\n\t\t","protected":false},"excerpt":{"rendered":"<p>Treffen Sie Ihre Fruchtbarkeitsentscheidung, bevor Sie mit der Krebsbehandlung beginnen. Diese Seite soll Ihnen helfen zu entscheiden, ob Sie: Sich vor Beginn der Krebsbehandlung einer Behandlung zum Erhalt Ihrer Fruchtbarkeit unterziehen wollen Eine Krebsbehandlung beginnen m\u00f6chten, ohne eine Behandlung zum Erhalt Ihrer Fruchtbarkeit durchzuf\u00fchren. Manche Frauen sind sich sicher, ob sie ihre Fruchtbarkeit erhalten wollen [&hellip;]<\/p>\n","protected":false},"author":1,"featured_media":11288,"parent":8355,"menu_order":0,"comment_status":"open","ping_status":"closed","template":"","meta":{"footnotes":""},"class_list":["post-8397","page","type-page","status-publish","has-post-thumbnail","hentry"],"_links":{"self":[{"href":"https:\/\/cancerfertilityandme.org.uk\/de\/wp-json\/wp\/v2\/pages\/8397","targetHints":{"allow":["GET"]}}],"collection":[{"href":"https:\/\/cancerfertilityandme.org.uk\/de\/wp-json\/wp\/v2\/pages"}],"about":[{"href":"https:\/\/cancerfertilityandme.org.uk\/de\/wp-json\/wp\/v2\/types\/page"}],"author":[{"embeddable":true,"href":"https:\/\/cancerfertilityandme.org.uk\/de\/wp-json\/wp\/v2\/users\/1"}],"replies":[{"embeddable":true,"href":"https:\/\/cancerfertilityandme.org.uk\/de\/wp-json\/wp\/v2\/comments?post=8397"}],"version-history":[{"count":8,"href":"https:\/\/cancerfertilityandme.org.uk\/de\/wp-json\/wp\/v2\/pages\/8397\/revisions"}],"predecessor-version":[{"id":11395,"href":"https:\/\/cancerfertilityandme.org.uk\/de\/wp-json\/wp\/v2\/pages\/8397\/revisions\/11395"}],"up":[{"embeddable":true,"href":"https:\/\/cancerfertilityandme.org.uk\/de\/wp-json\/wp\/v2\/pages\/8355"}],"wp:featuredmedia":[{"embeddable":true,"href":"https:\/\/cancerfertilityandme.org.uk\/de\/wp-json\/wp\/v2\/media\/11288"}],"wp:attachment":[{"href":"https:\/\/cancerfertilityandme.org.uk\/de\/wp-json\/wp\/v2\/media?parent=8397"}],"curies":[{"name":"wp","href":"https:\/\/api.w.org\/{rel}","templated":true}]}}