{"id":8394,"date":"2023-04-02T16:40:34","date_gmt":"2023-04-02T16:40:34","guid":{"rendered":"https:\/\/cancerfertilityandme.org.uk\/nuetzliche-kontakte-2\/"},"modified":"2026-04-15T08:15:23","modified_gmt":"2026-04-15T08:15:23","slug":"nuetzliche-kontakte-2","status":"publish","type":"page","link":"https:\/\/cancerfertilityandme.org.uk\/de\/junge-frauen\/nuetzliche-kontakte-2\/","title":{"rendered":"N\u00fctzliche Kontakte"},"content":{"rendered":"\t\t<div data-elementor-type=\"wp-page\" data-elementor-id=\"8394\" class=\"elementor elementor-8394 elementor-7771\" data-elementor-post-type=\"page\">\n\t\t\t\t<main class=\"elementor-element elementor-element-6c3d0b84 e-flex e-con-boxed e-con e-parent\" data-id=\"6c3d0b84\" data-element_type=\"container\" data-e-type=\"container\">\n\t\t\t\t\t<div class=\"e-con-inner\">\n\t\t<div class=\"elementor-element elementor-element-41adac82 e-con-full e-flex e-con e-child\" data-id=\"41adac82\" data-element_type=\"container\" data-e-type=\"container\">\n\t\t\t\t<div class=\"elementor-element elementor-element-598321a6 elementor-widget elementor-widget-text-editor\" data-id=\"598321a6\" data-element_type=\"widget\" data-e-type=\"widget\" data-widget_type=\"text-editor.default\">\n\t\t\t\t<div class=\"elementor-widget-container\">\n\t\t\t\t\t\t\t\t\t<h2>N\u00fctzliche Kontakte<\/h2><p>Um Ihnen zu helfen, die f\u00fcr Sie richtige Entscheidung zu treffen, finden Sie im Folgenden einige n\u00fctzliche Organisationen, Webseiten, Foren und Richtlinien. Diese k\u00f6nnen Ihnen helfen, mit anderen Fachleuten und Frauen zu sprechen, die Sie unterst\u00fctzen k\u00f6nnen und \u00e4hnliche Erfahrungen gemacht haben wie Sie. <\/p><h2>Krebsunterst\u00fctzung<\/h2><p><strong>Macmillan Cancer Support<\/strong><br>Helpline: 0808 808 0000<br><a href=\"https:\/\/www.macmillan.org.uk\/\" target=\"_blank\" rel=\"noopener\">macmillan.org.uk<\/a><\/p><p><strong>Yorkshire Cancer Research<\/strong><br>Tel: 01423 501 269<br><a href=\"https:\/\/yorkshirecancerresearch.org.uk\/\" target=\"_blank\" rel=\"noopener\">yorkshirecancerresearch.org.uk<\/a><\/p><p><strong>CLIC Sargent (Young Lives vs Cancer)<\/strong><br>Helpline: 0300 330 0803<br><a href=\"https:\/\/www.clicsargent.org.uk\/\" target=\"_blank\" rel=\"noopener\">clicsargent.org.uk<\/a><\/p><p><strong>Teenage Cancer Trust<\/strong><br>Tel: 020 7612 0370<br><a href=\"https:\/\/www.teenagecancertrust.org\/\" target=\"_blank\" rel=\"noopener\">teenagecancertrust.org<\/a><\/p><p><strong>Teenage and Young Adults with Cancer<\/strong><br>Tel:0333 050 2589<br><a href=\"https:\/\/www.tyac.org.uk\/\" target=\"_blank\" rel=\"noopener\">tyac.org.uk<\/a><\/p><p><strong>JTV (cancer support)<\/strong><br><a href=\"https:\/\/jtvcancersupport.com\/\" target=\"_blank\" rel=\"noopener\">jtvcancersupport.com<\/a><\/p><p><strong>Shine Cancer Support<\/strong><br>Tel: 07804 479413<br><a href=\"https:\/\/shinecancersupport.org\/\" target=\"_blank\" rel=\"noopener\">shinecancersupport.org<\/a><\/p><p><strong>Breast Cancer No<\/strong><br>Helpline: 0808 800 6000<br><a href=\"https:\/\/breastcancernow.org\/\" target=\"_blank\" rel=\"noopener\">breastcancernow.org.uk<\/a><\/p><p><strong>Target Ovarian Cancer<\/strong><br>Helpline: 020 7923 5475<br><a href=\"https:\/\/targetovariancancer.org.uk\/\" target=\"_blank\" rel=\"noopener\">targetovariancancer.org.uk<\/a><\/p><p><strong>Blood Cancer UK<\/strong><br>Helpline: 0808 2080 888<br><a href=\"https:\/\/bloodcancer.org.uk\/\" target=\"_blank\" rel=\"noopener\">bloodcancer.org.uk<\/a><\/p><p><strong>Children\u2019s Cancer and Leukaemia Group<\/strong><br>Tel: 0333 050 7654<br><a href=\"https:\/\/www.cclg.org.uk\/\" target=\"_blank\" rel=\"noopener\">cclg.org.uk<\/a><\/p><p><strong>Lymphoma Action<\/strong><br>Helpline: 0808 808 5555<br><a href=\"https:\/\/lymphoma-action.org.uk\/\" target=\"_blank\" rel=\"noopener\">lymphoma-action.org.uk<\/a><\/p><p><strong>The Brain Tumour Charity<\/strong><br>Helpline: 0808 800 0004<br><a href=\"https:\/\/www.thebraintumourcharity.org\/\" target=\"_blank\" rel=\"noopener\">thebraintumourcharity.org<\/a><\/p><h2>Organisationen f\u00fcr Fruchtbarkeit<\/h2><p><strong>Fertility Network UK<\/strong><br>Helpline: 0121 323 5025<br><a href=\"https:\/\/fertilitynetworkuk.org\/\" target=\"_blank\" rel=\"noopener\">fertilitynetworkuk.org<\/a><\/p><p><strong>Future Fertility Programme Oxford<\/strong><br>Tel: 01865 220508<br><a href=\"https:\/\/www.ouh.nhs.uk\/future-fertility\" target=\"_blank\" rel=\"noopener\">ouh.nhs.uk\/future-fertility<\/a><\/p><p><strong>The Daisy Network <\/strong><br><a href=\"https:\/\/www.daisynetwork.org\/\" target=\"_blank\" rel=\"noopener\">daisynetwork.org.uk<\/a><\/p><p><strong>Fertility Friends<\/strong><br><a href=\"https:\/\/www.fertilityfriends.co.uk\/\" target=\"_blank\" rel=\"noopener\">fertilityfriends.co.uk<\/a><\/p><p><strong>British Fertility Society<\/strong><br><a href=\"https:\/\/www.britishfertilitysociety.org.uk\/\" target=\"_blank\" rel=\"noopener\">britishfertilitysociety.org.uk<\/a><\/p><p><strong>Donor Conception Network<\/strong><br><a href=\"https:\/\/www.dcnetwork.org\/\" target=\"_blank\" rel=\"noopener\">dcnetwork.org<\/a><\/p><p><strong>Human Fertilisation and Embryology Authority<\/strong><br>Tel: 020 7291 8200<br><a href=\"https:\/\/www.hfea.gov.uk\/\" target=\"_blank\" rel=\"noopener\">hfea.gov.uk<\/a><\/p><h2>Beratung und emotionale Unterst\u00fctzung<\/h2><p><strong>Young Minds<\/strong><br><a href=\"https:\/\/youngminds.org.uk\/\" target=\"_blank\" rel=\"noopener\">youngminds.org.uk<\/a><\/p><p><strong>Childline<\/strong><br>Helpline: 0800 1111<br><a href=\"https:\/\/www.childline.org.uk\/\" target=\"_blank\" rel=\"noopener\">childline.org.uk<\/a><\/p><p><strong>Kooth<\/strong><br><a href=\"https:\/\/www.kooth.com\/\" target=\"_blank\" rel=\"noopener\">kooth.com<\/a><\/p><p><strong>Youth Access<\/strong><br>Tel: 020 8772 9900<br><a href=\"https:\/\/www.youthaccess.org.uk\/\" target=\"_blank\" rel=\"noopener\">youthaccess.org.uk<\/a><\/p><p><strong>British Infertility Counselling Association<\/strong><br><a href=\"https:\/\/www.bica.net\/\" target=\"_blank\" rel=\"noopener\">bica.net<\/a><\/p><p><strong>British Association for Counselling and Psychotherapy (BACP)<\/strong><br>Tel: 01455 883 300<br><a href=\"https:\/\/www.bacp.co.uk\/about-therapy\/how-to-find-a-therapist\" target=\"_blank\" rel=\"noopener\">bacp.co.uk\/about-therapy\/how-to-find-a-therapist<\/a><\/p><p><strong>UK Council for Psychotherapy (UKCP)<\/strong><br>Tel: 020 7014 9955<br><a href=\"https:\/\/www.psychotherapy.org.uk\/\" target=\"_blank\" rel=\"noopener\">psychotherapy.org.uk<\/a><\/p><h2>Adoption und Pflegeeltern<\/h2><p><strong>Adoption UK<\/strong><br>Helpline: 0300 666 0006<br><a href=\"https:\/\/www.adoptionuk.org\/\" target=\"_blank\" rel=\"noopener\">adoptionuk.org<\/a><\/p><p><strong>Coram<\/strong><br>Tel: 020 7520 0300<br><a href=\"https:\/\/corambaaf.org.uk\/\" target=\"_blank\" rel=\"noopener\">corambaaf.org.uk<\/a><\/p><h2>Leitlinien zur Erbringung von Dienstleistungen<\/h2><p><strong>National Institute for Health and Care Excellence (NICE)<\/strong><br><a href=\"https:\/\/www.nice.org.uk\/\" target=\"_blank\" rel=\"noopener\">nice.org.uk<\/a><\/p><p> <strong> Guidance:<\/strong><br>\u2022 NICE (2013) Fertility problems: assessment and treatment [CG156]<br>\u2022 NICE (2014) Cancer services for children and young adults: fertility support [QS55]<\/p><p><strong>Pathways:<\/strong><br>\u2022 NICE (2016) Cryopreservation to preserve fertility in people diagnosed with cancer<\/p><p><strong>Human Tissue Authority<\/strong><br><a href=\"https:\/\/www.hta.gov.uk\/\" target=\"_blank\" rel=\"noopener\">hta.gov.uk<\/a><\/p><p><strong>Human Fertilisation and Embryology Authority (HFEA)<\/strong><br><a href=\"https:\/\/www.hfea.gov.uk\/\" target=\"_blank\" rel=\"noopener\">hfea.gov.uk<\/a><\/p>\t\t\t\t\t\t\t\t<\/div>\n\t\t\t\t<\/div>\n\t\t\t\t<\/div>\n\t\t<div class=\"elementor-element elementor-element-2e7bf71b e-con-full e-flex e-con e-child\" data-id=\"2e7bf71b\" data-element_type=\"container\" data-e-type=\"container\">\n\t\t<div class=\"elementor-element elementor-element-53a4e834 e-con-full e-flex e-con e-child\" data-id=\"53a4e834\" data-element_type=\"container\" data-e-type=\"container\">\n\t\t\t\t<div class=\"elementor-element elementor-element-56bacf70 elementor-widget elementor-widget-image\" data-id=\"56bacf70\" data-element_type=\"widget\" data-e-type=\"widget\" data-widget_type=\"image.default\">\n\t\t\t\t<div class=\"elementor-widget-container\">\n\t\t\t\t\t\t\t\t\t\t\t\t\t\t\t\t<a href=\"http:\/\/.\/\">\n\t\t\t\t\t\t\t<img decoding=\"async\" width=\"200\" height=\"200\" src=\"https:\/\/cancerfertilityandme.org.uk\/wp-content\/uploads\/cancerfertilityandme-logo-header-young-women.png\" class=\"attachment-full size-full wp-image-3191\" alt=\"\" srcset=\"https:\/\/cancerfertilityandme.org.uk\/wp-content\/uploads\/cancerfertilityandme-logo-header-young-women.png 200w, https:\/\/cancerfertilityandme.org.uk\/wp-content\/uploads\/cancerfertilityandme-logo-header-young-women-150x150.png 150w, https:\/\/cancerfertilityandme.org.uk\/wp-content\/uploads\/elementor\/thumbs\/cancerfertilityandme-logo-header-young-women-r4vfcv1ro149or8nkxzol3x986uodd6lq6no4gpb6w.png 100w\" sizes=\"(max-width: 200px) 100vw, 200px\" \/>\t\t\t\t\t\t\t\t<\/a>\n\t\t\t\t\t\t\t\t\t\t\t\t\t\t\t<\/div>\n\t\t\t\t<\/div>\n\t\t\t\t<\/div>\n\t\t<div class=\"elementor-element elementor-element-607933ef e-con-full e-flex e-con e-child\" data-id=\"607933ef\" data-element_type=\"container\" data-e-type=\"container\">\n\t\t\t\t<div class=\"elementor-element elementor-element-c4a5ccd elementor-widget elementor-widget-heading\" data-id=\"c4a5ccd\" data-element_type=\"widget\" data-e-type=\"widget\" data-widget_type=\"heading.default\">\n\t\t\t\t<div class=\"elementor-widget-container\">\n\t\t\t\t\t<h3 class=\"elementor-heading-title elementor-size-default\">\u00dcber folgenden Link gelangen Sie zu weiteren Informationen<\/h3>\t\t\t\t<\/div>\n\t\t\t\t<\/div>\n\t\t\t\t<div class=\"elementor-element elementor-element-547e5cea elementor-nav-menu--dropdown-none elementor-widget elementor-widget-nav-menu\" data-id=\"547e5cea\" data-element_type=\"widget\" data-e-type=\"widget\" data-settings=\"{&quot;layout&quot;:&quot;vertical&quot;,&quot;submenu_icon&quot;:{&quot;value&quot;:&quot;&lt;svg aria-hidden=\\&quot;true\\&quot; class=\\&quot;e-font-icon-svg e-fas-caret-down\\&quot; viewBox=\\&quot;0 0 320 512\\&quot; xmlns=\\&quot;http:\\\/\\\/www.w3.org\\\/2000\\\/svg\\&quot;&gt;&lt;path d=\\&quot;M31.3 192h257.3c17.8 0 26.7 21.5 14.1 34.1L174.1 354.8c-7.8 7.8-20.5 7.8-28.3 0L17.2 226.1C4.6 213.5 13.5 192 31.3 192z\\&quot;&gt;&lt;\\\/path&gt;&lt;\\\/svg&gt;&quot;,&quot;library&quot;:&quot;fa-solid&quot;}}\" data-widget_type=\"nav-menu.default\">\n\t\t\t\t<div class=\"elementor-widget-container\">\n\t\t\t\t\t\t\t\t<nav aria-label=\"Menu\" class=\"elementor-nav-menu--main elementor-nav-menu__container elementor-nav-menu--layout-vertical e--pointer-none\">\n\t\t\t\t<ul id=\"menu-1-547e5cea\" class=\"elementor-nav-menu sm-vertical\"><li class=\"menu-item menu-item-type-post_type menu-item-object-page menu-item-8527\"><a href=\"https:\/\/cancerfertilityandme.org.uk\/young-women\/other-information-and-contacts\/\" class=\"elementor-item\">N\u00fctzliche Kontakte<\/a><\/li>\n<li class=\"menu-item menu-item-type-post_type menu-item-object-page menu-item-8528\"><a href=\"https:\/\/cancerfertilityandme.org.uk\/young-women\/other-information-and-contacts\/the-cfm-team\/\" class=\"elementor-item\">Das Team<\/a><\/li>\n<li class=\"menu-item menu-item-type-post_type menu-item-object-page menu-item-8529\"><a href=\"https:\/\/cancerfertilityandme.org.uk\/young-women\/other-information-and-contacts\/download-the-booklet\/\" class=\"elementor-item\">CFM-Brosch\u00fcre herunterladen (auf Englisch)<\/a><\/li>\n<li class=\"menu-item menu-item-type-post_type menu-item-object-page menu-item-10566\"><a href=\"https:\/\/cancerfertilityandme.org.uk\/contact-us\/\" class=\"elementor-item\">Kontaktieren Sie uns<\/a><\/li>\n<\/ul>\t\t\t<\/nav>\n\t\t\t\t\t\t<nav class=\"elementor-nav-menu--dropdown elementor-nav-menu__container\" aria-hidden=\"true\">\n\t\t\t\t<ul id=\"menu-2-547e5cea\" class=\"elementor-nav-menu sm-vertical\"><li class=\"menu-item menu-item-type-post_type menu-item-object-page menu-item-8527\"><a href=\"https:\/\/cancerfertilityandme.org.uk\/young-women\/other-information-and-contacts\/\" class=\"elementor-item\" tabindex=\"-1\">N\u00fctzliche Kontakte<\/a><\/li>\n<li class=\"menu-item menu-item-type-post_type menu-item-object-page menu-item-8528\"><a href=\"https:\/\/cancerfertilityandme.org.uk\/young-women\/other-information-and-contacts\/the-cfm-team\/\" class=\"elementor-item\" tabindex=\"-1\">Das Team<\/a><\/li>\n<li class=\"menu-item menu-item-type-post_type menu-item-object-page menu-item-8529\"><a href=\"https:\/\/cancerfertilityandme.org.uk\/young-women\/other-information-and-contacts\/download-the-booklet\/\" class=\"elementor-item\" tabindex=\"-1\">CFM-Brosch\u00fcre herunterladen (auf Englisch)<\/a><\/li>\n<li class=\"menu-item menu-item-type-post_type menu-item-object-page menu-item-10566\"><a href=\"https:\/\/cancerfertilityandme.org.uk\/contact-us\/\" class=\"elementor-item\" tabindex=\"-1\">Kontaktieren Sie uns<\/a><\/li>\n<\/ul>\t\t\t<\/nav>\n\t\t\t\t\t\t<\/div>\n\t\t\t\t<\/div>\n\t\t\t\t<\/div>\n\t\t\t\t<\/div>\n\t\t\t\t\t<\/div>\n\t\t\t\t<\/main>\n\t\t\t\t<\/div>\n\t\t","protected":false},"excerpt":{"rendered":"<p>N\u00fctzliche Kontakte Um Ihnen zu helfen, die f\u00fcr Sie richtige Entscheidung zu treffen, finden Sie im Folgenden einige n\u00fctzliche Organisationen, Webseiten, Foren und Richtlinien. Diese k\u00f6nnen Ihnen helfen, mit anderen Fachleuten und Frauen zu sprechen, die Sie unterst\u00fctzen k\u00f6nnen und \u00e4hnliche Erfahrungen gemacht haben wie Sie. Krebsunterst\u00fctzung Macmillan Cancer SupportHelpline: 0808 808 0000macmillan.org.uk Yorkshire Cancer [&hellip;]<\/p>\n","protected":false},"author":1,"featured_media":0,"parent":8355,"menu_order":0,"comment_status":"open","ping_status":"closed","template":"","meta":{"footnotes":""},"class_list":["post-8394","page","type-page","status-publish","hentry"],"_links":{"self":[{"href":"https:\/\/cancerfertilityandme.org.uk\/de\/wp-json\/wp\/v2\/pages\/8394","targetHints":{"allow":["GET"]}}],"collection":[{"href":"https:\/\/cancerfertilityandme.org.uk\/de\/wp-json\/wp\/v2\/pages"}],"about":[{"href":"https:\/\/cancerfertilityandme.org.uk\/de\/wp-json\/wp\/v2\/types\/page"}],"author":[{"embeddable":true,"href":"https:\/\/cancerfertilityandme.org.uk\/de\/wp-json\/wp\/v2\/users\/1"}],"replies":[{"embeddable":true,"href":"https:\/\/cancerfertilityandme.org.uk\/de\/wp-json\/wp\/v2\/comments?post=8394"}],"version-history":[{"count":3,"href":"https:\/\/cancerfertilityandme.org.uk\/de\/wp-json\/wp\/v2\/pages\/8394\/revisions"}],"predecessor-version":[{"id":12974,"href":"https:\/\/cancerfertilityandme.org.uk\/de\/wp-json\/wp\/v2\/pages\/8394\/revisions\/12974"}],"up":[{"embeddable":true,"href":"https:\/\/cancerfertilityandme.org.uk\/de\/wp-json\/wp\/v2\/pages\/8355"}],"wp:attachment":[{"href":"https:\/\/cancerfertilityandme.org.uk\/de\/wp-json\/wp\/v2\/media?parent=8394"}],"curies":[{"name":"wp","href":"https:\/\/api.w.org\/{rel}","templated":true}]}}