{"id":8392,"date":"2023-04-06T12:49:44","date_gmt":"2023-04-06T12:49:44","guid":{"rendered":"https:\/\/cancerfertilityandme.org.uk\/mit-anderen-ueber-die-entscheidung-zur-erhaltung-der-fruchtbarkeit-sprechen\/"},"modified":"2026-02-06T15:04:53","modified_gmt":"2026-02-06T15:04:53","slug":"mit-anderen-ueber-die-entscheidung-zur-erhaltung-der-fruchtbarkeit-sprechen","status":"publish","type":"page","link":"https:\/\/cancerfertilityandme.org.uk\/de\/junge-frauen\/entscheidung-ueber-den-erhalt-der-fruchtbarkeit\/mit-anderen-ueber-die-entscheidung-zur-erhaltung-der-fruchtbarkeit-sprechen\/","title":{"rendered":"Mit anderen \u00fcber die Entscheidung zur Erhaltung der Fruchtbarkeit sprechen"},"content":{"rendered":"\t\t<div data-elementor-type=\"wp-page\" data-elementor-id=\"8392\" class=\"elementor elementor-8392 elementor-7821\" data-elementor-post-type=\"page\">\n\t\t\t\t<main class=\"elementor-element elementor-element-2044ffe5 e-flex e-con-boxed e-con e-parent\" data-id=\"2044ffe5\" data-element_type=\"container\" data-e-type=\"container\">\n\t\t\t\t\t<div class=\"e-con-inner\">\n\t\t<div class=\"elementor-element elementor-element-270d3d2a e-con-full e-flex e-con e-child\" data-id=\"270d3d2a\" data-element_type=\"container\" data-e-type=\"container\">\n\t\t\t\t<div class=\"elementor-element elementor-element-6e19282f elementor-widget elementor-widget-text-editor\" data-id=\"6e19282f\" data-element_type=\"widget\" data-e-type=\"widget\" data-widget_type=\"text-editor.default\">\n\t\t\t\t<div class=\"elementor-widget-container\">\n\t\t\t\t\t\t\t\t\t<h2>Mit anderen \u00fcber die Entscheidung zur Erhaltung der Fruchtbarkeit sprechen<\/h2><p><strong>Manche Frauen finden es hilfreich, mit anderen \u00fcber ihre Krebsdiagnose und die Erhaltung der Fruchtbarkeit zu sprechen.<\/strong><\/p><p>Es kann hilfreich sein \u00fcber folgende Themen zu sprechen:<\/p><ul><li>Schwierige Entscheidungen treffen. Wie Sie Ihre Gef\u00fchle gegen\u00fcber Ihren Angeh\u00f6rigen ausdr\u00fccken k\u00f6nnen.<\/li><li>Wie Sie mit Ihren eigenen Gef\u00fchlen umgehen k\u00f6nnen.<\/li><li>Die Auswirkungen von Krebs und Kinderwunsch auf Ihre Beziehungen.<\/li><li>\u00c4ngste und Stress.<\/li><li>Bew\u00e4ltigung Ihrer Krebs- und Fruchtbarkeitsbehandlungen.<\/li><\/ul><p>Wenn Sie die f\u00fcr Sie beste Unterst\u00fctzung finden, k\u00f6nnen Sie Ihre Situation besser bew\u00e4ltigen. Die Menschen w\u00e4hlen unterschiedliche Wege, um sich unterst\u00fctzt zu f\u00fchlen. Dazu kann geh\u00f6ren:  <\/p><ul><li>Informieren Sie sich \u00fcber alle verf\u00fcgbaren M\u00f6glichkeiten.<\/li><li>F\u00fchren Sie ein Tagebuch oder machen Sie sich Notizen \u00fcber Ihre Gedanken und Gr\u00fcnde f\u00fcr Ihre Entscheidungen.<\/li><li>\u00dcberlegen Sie, wer Sie bei Ihrer Entscheidungsfindung unterst\u00fctzen soll. Einen Partner, Familie und Freunde oder eine Pflegekraft oder einen Arzt. <\/li><li>Suchen Sie eine Beratung auf. Dies k\u00f6nnen Sie entweder allein, mit Ihrem Partner oder einer anderen Ihnen nahestehenden Person tun. In den Fruchtbarkeits- und Krebskliniken stehen Ihnen m\u00f6glicherweise professionelle Berater zur Verf\u00fcgung, die nicht direkt an Ihrer Fruchtbarkeits- oder Krebsbehandlung beteiligt sind. Andere Beratungsorganisationen, die diese spezielle Unterst\u00fctzung anbieten k\u00f6nnen, sind <a href=\"https:\/\/cancerfertilityandme.org.uk\/de\/home\/nuetzliche-kontakte-2\/\">hier <\/a>aufgef\u00fchrt.  <\/li><li>Sprechen Sie mit Menschen, die \u00e4hnliche Erfahrungen gemacht haben. Es gibt verschiedene Hilfsorganisationen. Einige von ihnen haben wir <a href=\"https:\/\/cancerfertilityandme.org.uk\/de\/home\/nuetzliche-kontakte-2\/\">hier <\/a>aufgelistet. Es kann vorkommen, dass Sie nicht \u00fcber Fruchtbarkeit und Krebs sprechen m\u00f6chten. Es ist in Ordnung, wenn Sie nicht dar\u00fcber sprechen wollen, und es ist in Ordnung, es anderen zu erz\u00e4hlen. Sagen Sie vielleicht so etwas wie: \u201eIch wei\u00df, dass Sie nur fragen, weil es Sie interessiert, aber ich w\u00fcrde jetzt wirklich gerne dar\u00fcber reden, was ich gestern Abend im Fernsehen gesehen habe.\u201c    <\/li><\/ul>\t\t\t\t\t\t\t\t<\/div>\n\t\t\t\t<\/div>\n\t\t\t\t<\/div>\n\t\t<div class=\"elementor-element elementor-element-14deb032 e-con-full e-flex e-con e-child\" data-id=\"14deb032\" data-element_type=\"container\" data-e-type=\"container\">\n\t\t<div class=\"elementor-element elementor-element-6dc0aee2 e-con-full e-flex e-con e-child\" data-id=\"6dc0aee2\" data-element_type=\"container\" data-e-type=\"container\">\n\t\t\t\t<div class=\"elementor-element elementor-element-7d028595 elementor-widget elementor-widget-image\" data-id=\"7d028595\" data-element_type=\"widget\" data-e-type=\"widget\" data-widget_type=\"image.default\">\n\t\t\t\t<div class=\"elementor-widget-container\">\n\t\t\t\t\t\t\t\t\t\t\t\t\t\t\t\t<a href=\"http:\/\/.\/\">\n\t\t\t\t\t\t\t<img decoding=\"async\" width=\"200\" height=\"200\" src=\"https:\/\/cancerfertilityandme.org.uk\/wp-content\/uploads\/cancerfertilityandme-logo-header-young-women.png\" class=\"attachment-full size-full wp-image-3191\" alt=\"\" srcset=\"https:\/\/cancerfertilityandme.org.uk\/wp-content\/uploads\/cancerfertilityandme-logo-header-young-women.png 200w, https:\/\/cancerfertilityandme.org.uk\/wp-content\/uploads\/cancerfertilityandme-logo-header-young-women-150x150.png 150w, https:\/\/cancerfertilityandme.org.uk\/wp-content\/uploads\/elementor\/thumbs\/cancerfertilityandme-logo-header-young-women-r4vfcv1ro149or8nkxzol3x986uodd6lq6no4gpb6w.png 100w\" sizes=\"(max-width: 200px) 100vw, 200px\" \/>\t\t\t\t\t\t\t\t<\/a>\n\t\t\t\t\t\t\t\t\t\t\t\t\t\t\t<\/div>\n\t\t\t\t<\/div>\n\t\t\t\t<\/div>\n\t\t<div class=\"elementor-element elementor-element-3976e185 e-con-full e-flex e-con e-child\" data-id=\"3976e185\" data-element_type=\"container\" data-e-type=\"container\">\n\t\t\t\t<div class=\"elementor-element elementor-element-41beb9c6 elementor-widget elementor-widget-heading\" data-id=\"41beb9c6\" data-element_type=\"widget\" data-e-type=\"widget\" data-widget_type=\"heading.default\">\n\t\t\t\t<div class=\"elementor-widget-container\">\n\t\t\t\t\t<h3 class=\"elementor-heading-title elementor-size-default\">\u00dcber folgenden Link gelangen Sie zu weiteren Informationen<\/h3>\t\t\t\t<\/div>\n\t\t\t\t<\/div>\n\t\t\t\t<div class=\"elementor-element elementor-element-1bece2b2 elementor-nav-menu--dropdown-none elementor-widget elementor-widget-nav-menu\" data-id=\"1bece2b2\" data-element_type=\"widget\" data-e-type=\"widget\" data-settings=\"{&quot;layout&quot;:&quot;vertical&quot;,&quot;submenu_icon&quot;:{&quot;value&quot;:&quot;&lt;svg aria-hidden=\\&quot;true\\&quot; class=\\&quot;e-font-icon-svg e-fas-caret-down\\&quot; viewBox=\\&quot;0 0 320 512\\&quot; xmlns=\\&quot;http:\\\/\\\/www.w3.org\\\/2000\\\/svg\\&quot;&gt;&lt;path d=\\&quot;M31.3 192h257.3c17.8 0 26.7 21.5 14.1 34.1L174.1 354.8c-7.8 7.8-20.5 7.8-28.3 0L17.2 226.1C4.6 213.5 13.5 192 31.3 192z\\&quot;&gt;&lt;\\\/path&gt;&lt;\\\/svg&gt;&quot;,&quot;library&quot;:&quot;fa-solid&quot;}}\" data-widget_type=\"nav-menu.default\">\n\t\t\t\t<div class=\"elementor-widget-container\">\n\t\t\t\t\t\t\t\t<nav aria-label=\"Menu\" class=\"elementor-nav-menu--main elementor-nav-menu__container elementor-nav-menu--layout-vertical e--pointer-none\">\n\t\t\t\t<ul id=\"menu-1-1bece2b2\" class=\"elementor-nav-menu sm-vertical\"><li class=\"menu-item menu-item-type-post_type menu-item-object-page menu-item-8524\"><a href=\"https:\/\/cancerfertilityandme.org.uk\/young-women\/making-your-decision\/\" class=\"elementor-item\">Entscheidung \u00fcber den Erhalt der Fruchtbarkeit<\/a><\/li>\n<li class=\"menu-item menu-item-type-post_type menu-item-object-page menu-item-8525\"><a href=\"https:\/\/cancerfertilityandme.org.uk\/young-women\/making-your-decision\/talking-about-fertility-preservation\/\" class=\"elementor-item\">Sprechen Sie mit Ihrem Fertilit\u00e4tsbehandlungsteam \u00fcber Fruchtbarkeitserhalt<\/a><\/li>\n<li class=\"menu-item menu-item-type-post_type menu-item-object-page menu-item-8526\"><a href=\"https:\/\/cancerfertilityandme.org.uk\/young-women\/making-your-decision\/talking-about-fertility-preservation-decision-with-others\/\" class=\"elementor-item\">Mit anderen \u00fcber die Entscheidung zur Erhaltung der Fruchtbarkeit sprechen<\/a><\/li>\n<\/ul>\t\t\t<\/nav>\n\t\t\t\t\t\t<nav class=\"elementor-nav-menu--dropdown elementor-nav-menu__container\" aria-hidden=\"true\">\n\t\t\t\t<ul id=\"menu-2-1bece2b2\" class=\"elementor-nav-menu sm-vertical\"><li class=\"menu-item menu-item-type-post_type menu-item-object-page menu-item-8524\"><a href=\"https:\/\/cancerfertilityandme.org.uk\/young-women\/making-your-decision\/\" class=\"elementor-item\" tabindex=\"-1\">Entscheidung \u00fcber den Erhalt der Fruchtbarkeit<\/a><\/li>\n<li class=\"menu-item menu-item-type-post_type menu-item-object-page menu-item-8525\"><a href=\"https:\/\/cancerfertilityandme.org.uk\/young-women\/making-your-decision\/talking-about-fertility-preservation\/\" class=\"elementor-item\" tabindex=\"-1\">Sprechen Sie mit Ihrem Fertilit\u00e4tsbehandlungsteam \u00fcber Fruchtbarkeitserhalt<\/a><\/li>\n<li class=\"menu-item menu-item-type-post_type menu-item-object-page menu-item-8526\"><a href=\"https:\/\/cancerfertilityandme.org.uk\/young-women\/making-your-decision\/talking-about-fertility-preservation-decision-with-others\/\" class=\"elementor-item\" tabindex=\"-1\">Mit anderen \u00fcber die Entscheidung zur Erhaltung der Fruchtbarkeit sprechen<\/a><\/li>\n<\/ul>\t\t\t<\/nav>\n\t\t\t\t\t\t<\/div>\n\t\t\t\t<\/div>\n\t\t\t\t<\/div>\n\t\t\t\t<\/div>\n\t\t\t\t\t<\/div>\n\t\t\t\t<\/main>\n\t\t\t\t<\/div>\n\t\t","protected":false},"excerpt":{"rendered":"<p>Mit anderen \u00fcber die Entscheidung zur Erhaltung der Fruchtbarkeit sprechen Manche Frauen finden es hilfreich, mit anderen \u00fcber ihre Krebsdiagnose und die Erhaltung der Fruchtbarkeit zu sprechen. Es kann hilfreich sein \u00fcber folgende Themen zu sprechen: Schwierige Entscheidungen treffen. Wie Sie Ihre Gef\u00fchle gegen\u00fcber Ihren Angeh\u00f6rigen ausdr\u00fccken k\u00f6nnen. Wie Sie mit Ihren eigenen Gef\u00fchlen umgehen [&hellip;]<\/p>\n","protected":false},"author":1,"featured_media":0,"parent":8397,"menu_order":0,"comment_status":"open","ping_status":"closed","template":"","meta":{"footnotes":""},"class_list":["post-8392","page","type-page","status-publish","hentry"],"_links":{"self":[{"href":"https:\/\/cancerfertilityandme.org.uk\/de\/wp-json\/wp\/v2\/pages\/8392","targetHints":{"allow":["GET"]}}],"collection":[{"href":"https:\/\/cancerfertilityandme.org.uk\/de\/wp-json\/wp\/v2\/pages"}],"about":[{"href":"https:\/\/cancerfertilityandme.org.uk\/de\/wp-json\/wp\/v2\/types\/page"}],"author":[{"embeddable":true,"href":"https:\/\/cancerfertilityandme.org.uk\/de\/wp-json\/wp\/v2\/users\/1"}],"replies":[{"embeddable":true,"href":"https:\/\/cancerfertilityandme.org.uk\/de\/wp-json\/wp\/v2\/comments?post=8392"}],"version-history":[{"count":2,"href":"https:\/\/cancerfertilityandme.org.uk\/de\/wp-json\/wp\/v2\/pages\/8392\/revisions"}],"predecessor-version":[{"id":10298,"href":"https:\/\/cancerfertilityandme.org.uk\/de\/wp-json\/wp\/v2\/pages\/8392\/revisions\/10298"}],"up":[{"embeddable":true,"href":"https:\/\/cancerfertilityandme.org.uk\/de\/wp-json\/wp\/v2\/pages\/8397"}],"wp:attachment":[{"href":"https:\/\/cancerfertilityandme.org.uk\/de\/wp-json\/wp\/v2\/media?parent=8392"}],"curies":[{"name":"wp","href":"https:\/\/api.w.org\/{rel}","templated":true}]}}