{"id":8391,"date":"2023-04-03T09:44:15","date_gmt":"2023-04-03T09:44:15","guid":{"rendered":"https:\/\/cancerfertilityandme.org.uk\/entscheidungen-zur-familienplanung-nach-einer-krebsbehandlung\/"},"modified":"2026-03-10T16:39:52","modified_gmt":"2026-03-10T16:39:52","slug":"entscheidungen-zur-familienplanung-nach-einer-krebsbehandlung","status":"publish","type":"page","link":"https:\/\/cancerfertilityandme.org.uk\/de\/junge-frauen\/empfaengnisverhuetung-und-familienplanung\/entscheidungen-zur-familienplanung-nach-einer-krebsbehandlung\/","title":{"rendered":"Entscheidungen zur Familienplanung nach einer Krebsbehandlung"},"content":{"rendered":"\t\t<div data-elementor-type=\"wp-page\" data-elementor-id=\"8391\" class=\"elementor elementor-8391 elementor-7790\" data-elementor-post-type=\"page\">\n\t\t\t\t<main class=\"elementor-element elementor-element-23a515be e-flex e-con-boxed e-con e-parent\" data-id=\"23a515be\" data-element_type=\"container\" data-e-type=\"container\">\n\t\t\t\t\t<div class=\"e-con-inner\">\n\t\t<div class=\"elementor-element elementor-element-2324c290 e-con-full e-flex e-con e-child\" data-id=\"2324c290\" data-element_type=\"container\" data-e-type=\"container\">\n\t\t\t\t<div class=\"elementor-element elementor-element-65cf739e elementor-widget elementor-widget-text-editor\" data-id=\"65cf739e\" data-element_type=\"widget\" data-e-type=\"widget\" data-widget_type=\"text-editor.default\">\n\t\t\t\t<div class=\"elementor-widget-container\">\n\t\t\t\t\t\t\t\t\t<h2>Entscheidungen zur Familienplanung nach einer Krebsbehandlung<\/h2><p><strong>F\u00fcr viele Frauen ist es schwierig, nach einer Krebsdiagnose zu entscheiden, ob sie versuchen sollen, schwanger zu werden. In dieser Zeit treffen die Frauen Entscheidungen \u00fcber das Fruchtbarkeitsmanagement, die ihrem Leben am besten entsprechen. Dazu geh\u00f6ren Tests zur \u00dcberpr\u00fcfung der Fruchtbarkeit, die Wahl einer Verh\u00fctungsmethode und die Planung einer zuk\u00fcnftigen Familie.  <\/strong><\/p><p>Es ist schwierig, genau vorherzusagen, wie sich die Krebsbehandlung auf Ihre Fruchtbarkeit auswirken wird. Das Fruchtbarkeitsteam kann Ihre Fruchtbarkeit durch eine Reihe von Tests \u00fcberpr\u00fcfen. Dazu geh\u00f6ren Bluttests zur \u00dcberpr\u00fcfung des Hormonspiegels oder eine Ultraschalluntersuchung der Eierst\u00f6cke. Sie k\u00f6nnen Ihr Krebsteam oder Ihren Hausarzt bitten, Sie an eine Fruchtbarkeitsklinik zu \u00fcberweisen.  <\/p><p>Ihre Fruchtbarkeit kann danach auf nat\u00fcrliche Weise zur\u00fcckkehren. Auch wenn Ihre Periode nicht wieder eingesetzt hat, k\u00f6nnen Sie noch Eizellen produzieren und schwanger werden. Es ist ratsam, dass Sie mit Ihrem Krebsteam oder Ihrem Hausarzt \u00fcber Methoden der Empf\u00e4ngnisverh\u00fctung sprechen. Sie k\u00f6nnen Sie \u00fcber die M\u00f6glichkeiten und die f\u00fcr Sie geeignete Art der Empf\u00e4ngnisverh\u00fctung beraten lassen. Es wird empfohlen, zwei Jahre nach Abschluss der Krebsbehandlung zu warten, bevor Sie versuchen, ein Kind zu bekommen.   <\/p><p>Es gibt keine Daten, die darauf hindeuten, dass eine Schwangerschaft die Wahrscheinlichkeit des Wiederauftretens einer Krebserkrankung beeinflusst. Es gibt keine Daten, die darauf hindeuten, dass die Gesundheit von Kindern, die nach einer Krebsbehandlung geboren werden, beeintr\u00e4chtigt wird. Wenn Sie dar\u00fcber nachdenken, schwanger zu werden, sprechen Sie mit Ihrem Krebsteam.  <\/p>\t\t\t\t\t\t\t\t<\/div>\n\t\t\t\t<\/div>\n\t\t\t\t<div class=\"elementor-element elementor-element-c5e0094 elementor-widget elementor-widget-image\" data-id=\"c5e0094\" data-element_type=\"widget\" data-e-type=\"widget\" data-widget_type=\"image.default\">\n\t\t\t\t<div class=\"elementor-widget-container\">\n\t\t\t\t\t\t\t\t\t\t\t\t\t\t\t<img fetchpriority=\"high\" decoding=\"async\" width=\"800\" height=\"405\" src=\"https:\/\/cancerfertilityandme.org.uk\/wp-content\/uploads\/DE-06-3-1024x518.png\" class=\"attachment-large size-large wp-image-11346\" alt=\"\" srcset=\"https:\/\/cancerfertilityandme.org.uk\/wp-content\/uploads\/DE-06-3-1024x518.png 1024w, https:\/\/cancerfertilityandme.org.uk\/wp-content\/uploads\/DE-06-3-300x152.png 300w, https:\/\/cancerfertilityandme.org.uk\/wp-content\/uploads\/DE-06-3-768x389.png 768w, https:\/\/cancerfertilityandme.org.uk\/wp-content\/uploads\/DE-06-3.png 1045w\" sizes=\"(max-width: 800px) 100vw, 800px\" \/>\t\t\t\t\t\t\t\t\t\t\t\t\t\t\t<\/div>\n\t\t\t\t<\/div>\n\t\t\t\t<div class=\"elementor-element elementor-element-76b7d0a elementor-widget elementor-widget-text-editor\" data-id=\"76b7d0a\" data-element_type=\"widget\" data-e-type=\"widget\" data-widget_type=\"text-editor.default\">\n\t\t\t\t<div class=\"elementor-widget-container\">\n\t\t\t\t\t\t\t\t\t<p>Nicht alle jungen Frauen, die sich einer Krebsbehandlung unterziehen, haben ein Fruchtbarkeitsproblem; die meisten jungen Frauen, die sich nach einer Krebsbehandlung ein Kind w\u00fcnschen, k\u00f6nnen auch eines bekommen.<\/p><p>Gelegentlich kann es vorkommen, dass eine junge Frau keine Kinder bekommen kann, was sehr beunruhigend sein kann und schwer zu verkraften ist. Unterst\u00fctzung und Hilfe erhalten Sie von Ihrem Fertilit\u00e4tsbehandlungsteam. Diese k\u00f6nnen emotionale Unterst\u00fctzung und Informationen \u00fcber andere M\u00f6glichkeiten anbieten. Dazu geh\u00f6ren Leihmutterschaft, Adoption und Pflegeeltern. Sie k\u00f6nnen Sie auch \u00fcber Methoden der assistierten Schwangerschaft beraten, wie z. B. Eizell- und Embryonenspenden oder die Verwendung Ihrer eigenen geretteten Eizellen, Embryonen und Eierstockgewebe.    <\/p><blockquote><p><a href=\"http:\/\/www.hfea.gov.uk\" target=\"_blank\" rel=\"noopener\">www.hfea.gov.uk<\/a> Auf der Webseite der HFEA finden Sie weitere Informationen \u00fcber Eizell- und Embryonenspende und Leihmutterschaft. Die hier aufgef\u00fchrten Organisationen bieten Informationen und Unterst\u00fctzung f\u00fcr Personen, die sich f\u00fcr eine Pflege und Adoption interessieren. Die <a href=\"https:\/\/cancerfertilityandme.org.uk\/de\/home\/nuetzliche-kontakte-2\/\">hier <\/a>aufgef\u00fchrten Organisationen bieten Informationen und Unterst\u00fctzung f\u00fcr Menschen, die sich f\u00fcr Pflegefamilien und Adoptionen interessieren.<\/p><\/blockquote><p><strong>Nachfolgend finden Sie einige Fragen, die Ihnen helfen k\u00f6nnen, mit Ihrem Krebsteam oder Ihrem Hausarzt \u00fcber die Geburt eines Kindes nach einer Krebsbehandlung zu sprechen:<\/strong><\/p><ul><li>Wie kann ich feststellen, ob ich nach der Krebsbehandlung fruchtbar bin?<\/li><li>Wie lange dauert es, bis ich wei\u00df, ob ich fruchtbar bin?<\/li><li>Gibt es Tests, mit denen ich feststellen kann, ob ich nach einer Krebsbehandlung noch fruchtbar bin?<\/li><li>Kann der Krebs zur\u00fcckkommen, wenn ich schwanger w\u00fcrde?<\/li><li>Wenn ich noch ein Kind bekommen kann, wie lange sollte ich nach der Behandlung warten?<\/li><li>Wenn ich nach einer Krebsbehandlung schwanger werde, hat mein Kind dann ein h\u00f6heres Risiko, an Krebs zu erkranken?<\/li><li>Wenn ich vor der Krebsbehandlung keinen Kinderwunsch hatte, habe ich dann noch M\u00f6glichkeiten?<\/li><\/ul>\t\t\t\t\t\t\t\t<\/div>\n\t\t\t\t<\/div>\n\t\t\t\t<\/div>\n\t\t<div class=\"elementor-element elementor-element-4d93295f e-con-full e-flex e-con e-child\" data-id=\"4d93295f\" data-element_type=\"container\" data-e-type=\"container\">\n\t\t<div class=\"elementor-element elementor-element-46ea5028 e-con-full e-flex e-con e-child\" data-id=\"46ea5028\" data-element_type=\"container\" data-e-type=\"container\">\n\t\t\t\t<div class=\"elementor-element elementor-element-194397a8 elementor-widget elementor-widget-image\" data-id=\"194397a8\" data-element_type=\"widget\" data-e-type=\"widget\" data-widget_type=\"image.default\">\n\t\t\t\t<div class=\"elementor-widget-container\">\n\t\t\t\t\t\t\t\t\t\t\t\t\t\t\t\t<a href=\"http:\/\/.\/\">\n\t\t\t\t\t\t\t<img decoding=\"async\" width=\"200\" height=\"200\" src=\"https:\/\/cancerfertilityandme.org.uk\/wp-content\/uploads\/cancerfertilityandme-logo-header-young-women.png\" class=\"attachment-full size-full wp-image-3191\" alt=\"\" srcset=\"https:\/\/cancerfertilityandme.org.uk\/wp-content\/uploads\/cancerfertilityandme-logo-header-young-women.png 200w, https:\/\/cancerfertilityandme.org.uk\/wp-content\/uploads\/cancerfertilityandme-logo-header-young-women-150x150.png 150w, https:\/\/cancerfertilityandme.org.uk\/wp-content\/uploads\/elementor\/thumbs\/cancerfertilityandme-logo-header-young-women-r4vfcv1ro149or8nkxzol3x986uodd6lq6no4gpb6w.png 100w\" sizes=\"(max-width: 200px) 100vw, 200px\" \/>\t\t\t\t\t\t\t\t<\/a>\n\t\t\t\t\t\t\t\t\t\t\t\t\t\t\t<\/div>\n\t\t\t\t<\/div>\n\t\t\t\t<\/div>\n\t\t<div class=\"elementor-element elementor-element-4dd0c88d e-con-full e-flex e-con e-child\" data-id=\"4dd0c88d\" data-element_type=\"container\" data-e-type=\"container\">\n\t\t\t\t<div class=\"elementor-element elementor-element-6cb4eb49 elementor-widget elementor-widget-heading\" data-id=\"6cb4eb49\" data-element_type=\"widget\" data-e-type=\"widget\" data-widget_type=\"heading.default\">\n\t\t\t\t<div class=\"elementor-widget-container\">\n\t\t\t\t\t<h3 class=\"elementor-heading-title elementor-size-default\">\u00dcber folgenden Link gelangen Sie zu weiteren Informationen<\/h3>\t\t\t\t<\/div>\n\t\t\t\t<\/div>\n\t\t\t\t<div class=\"elementor-element elementor-element-738cc706 elementor-nav-menu--dropdown-none elementor-widget elementor-widget-nav-menu\" data-id=\"738cc706\" data-element_type=\"widget\" data-e-type=\"widget\" data-settings=\"{&quot;layout&quot;:&quot;vertical&quot;,&quot;submenu_icon&quot;:{&quot;value&quot;:&quot;&lt;svg aria-hidden=\\&quot;true\\&quot; class=\\&quot;e-font-icon-svg e-fas-caret-down\\&quot; viewBox=\\&quot;0 0 320 512\\&quot; xmlns=\\&quot;http:\\\/\\\/www.w3.org\\\/2000\\\/svg\\&quot;&gt;&lt;path d=\\&quot;M31.3 192h257.3c17.8 0 26.7 21.5 14.1 34.1L174.1 354.8c-7.8 7.8-20.5 7.8-28.3 0L17.2 226.1C4.6 213.5 13.5 192 31.3 192z\\&quot;&gt;&lt;\\\/path&gt;&lt;\\\/svg&gt;&quot;,&quot;library&quot;:&quot;fa-solid&quot;}}\" data-widget_type=\"nav-menu.default\">\n\t\t\t\t<div class=\"elementor-widget-container\">\n\t\t\t\t\t\t\t\t<nav aria-label=\"Menu\" class=\"elementor-nav-menu--main elementor-nav-menu__container elementor-nav-menu--layout-vertical e--pointer-none\">\n\t\t\t\t<ul id=\"menu-1-738cc706\" class=\"elementor-nav-menu sm-vertical\"><li class=\"menu-item menu-item-type-post_type menu-item-object-page menu-item-8508\"><a href=\"https:\/\/cancerfertilityandme.org.uk\/young-women\/contraception-and-family-planning\/\" class=\"elementor-item\">Empf\u00e4ngnisverh\u00fctung &amp; Familienplanung<\/a><\/li>\n<li class=\"menu-item menu-item-type-post_type menu-item-object-page menu-item-8509\"><a href=\"https:\/\/cancerfertilityandme.org.uk\/young-women\/contraception-and-family-planning\/contraception-during-cancer-treatment\/\" class=\"elementor-item\">Empf\u00e4ngnisverh\u00fctung w\u00e4hrend einer Krebsbehandlung<\/a><\/li>\n<li class=\"menu-item menu-item-type-post_type menu-item-object-page menu-item-8510\"><a href=\"https:\/\/cancerfertilityandme.org.uk\/young-women\/contraception-and-family-planning\/family-planning-decisions-after-cancer-treatment\/\" class=\"elementor-item\">Entscheidungen zur Familienplanung nach einer Krebsbehandlung<\/a><\/li>\n<\/ul>\t\t\t<\/nav>\n\t\t\t\t\t\t<nav class=\"elementor-nav-menu--dropdown elementor-nav-menu__container\" aria-hidden=\"true\">\n\t\t\t\t<ul id=\"menu-2-738cc706\" class=\"elementor-nav-menu sm-vertical\"><li class=\"menu-item menu-item-type-post_type menu-item-object-page menu-item-8508\"><a href=\"https:\/\/cancerfertilityandme.org.uk\/young-women\/contraception-and-family-planning\/\" class=\"elementor-item\" tabindex=\"-1\">Empf\u00e4ngnisverh\u00fctung &amp; Familienplanung<\/a><\/li>\n<li class=\"menu-item menu-item-type-post_type menu-item-object-page menu-item-8509\"><a href=\"https:\/\/cancerfertilityandme.org.uk\/young-women\/contraception-and-family-planning\/contraception-during-cancer-treatment\/\" class=\"elementor-item\" tabindex=\"-1\">Empf\u00e4ngnisverh\u00fctung w\u00e4hrend einer Krebsbehandlung<\/a><\/li>\n<li class=\"menu-item menu-item-type-post_type menu-item-object-page menu-item-8510\"><a href=\"https:\/\/cancerfertilityandme.org.uk\/young-women\/contraception-and-family-planning\/family-planning-decisions-after-cancer-treatment\/\" class=\"elementor-item\" tabindex=\"-1\">Entscheidungen zur Familienplanung nach einer Krebsbehandlung<\/a><\/li>\n<\/ul>\t\t\t<\/nav>\n\t\t\t\t\t\t<\/div>\n\t\t\t\t<\/div>\n\t\t\t\t<\/div>\n\t\t\t\t<\/div>\n\t\t\t\t\t<\/div>\n\t\t\t\t<\/main>\n\t\t\t\t<\/div>\n\t\t","protected":false},"excerpt":{"rendered":"<p>Entscheidungen zur Familienplanung nach einer Krebsbehandlung F\u00fcr viele Frauen ist es schwierig, nach einer Krebsdiagnose zu entscheiden, ob sie versuchen sollen, schwanger zu werden. In dieser Zeit treffen die Frauen Entscheidungen \u00fcber das Fruchtbarkeitsmanagement, die ihrem Leben am besten entsprechen. Dazu geh\u00f6ren Tests zur \u00dcberpr\u00fcfung der Fruchtbarkeit, die Wahl einer Verh\u00fctungsmethode und die Planung einer [&hellip;]<\/p>\n","protected":false},"author":1,"featured_media":0,"parent":8389,"menu_order":0,"comment_status":"open","ping_status":"closed","template":"","meta":{"footnotes":""},"class_list":["post-8391","page","type-page","status-publish","hentry"],"_links":{"self":[{"href":"https:\/\/cancerfertilityandme.org.uk\/de\/wp-json\/wp\/v2\/pages\/8391","targetHints":{"allow":["GET"]}}],"collection":[{"href":"https:\/\/cancerfertilityandme.org.uk\/de\/wp-json\/wp\/v2\/pages"}],"about":[{"href":"https:\/\/cancerfertilityandme.org.uk\/de\/wp-json\/wp\/v2\/types\/page"}],"author":[{"embeddable":true,"href":"https:\/\/cancerfertilityandme.org.uk\/de\/wp-json\/wp\/v2\/users\/1"}],"replies":[{"embeddable":true,"href":"https:\/\/cancerfertilityandme.org.uk\/de\/wp-json\/wp\/v2\/comments?post=8391"}],"version-history":[{"count":4,"href":"https:\/\/cancerfertilityandme.org.uk\/de\/wp-json\/wp\/v2\/pages\/8391\/revisions"}],"predecessor-version":[{"id":11362,"href":"https:\/\/cancerfertilityandme.org.uk\/de\/wp-json\/wp\/v2\/pages\/8391\/revisions\/11362"}],"up":[{"embeddable":true,"href":"https:\/\/cancerfertilityandme.org.uk\/de\/wp-json\/wp\/v2\/pages\/8389"}],"wp:attachment":[{"href":"https:\/\/cancerfertilityandme.org.uk\/de\/wp-json\/wp\/v2\/media?parent=8391"}],"curies":[{"name":"wp","href":"https:\/\/api.w.org\/{rel}","templated":true}]}}